{"id":2993,"date":"2024-05-27T06:30:27","date_gmt":"2024-05-27T04:30:27","guid":{"rendered":"https:\/\/www.pinnoitushelin.fi\/informacija\/konfidencialitates-politika\/"},"modified":"2024-07-30T09:35:59","modified_gmt":"2024-07-30T07:35:59","slug":"konfidencialitates-politika","status":"publish","type":"page","link":"https:\/\/www.pinnoitushelin.fi\/lv\/informacija\/konfidencialitates-politika\/","title":{"rendered":"Konfidencialit\u0101tes politika"},"content":{"rendered":"<div class=\"wpb-content-wrapper\"><p>[vc_row][vc_column][vc_column_text css=&#8221;&#8221;]<\/p>\n&#13;\n<h2 class=\"wp-block-heading\">Re\u0123istr\u0113ties un konfidencialit\u0101tes politika<\/h2>&#13;\n<h3>1. Re\u0123istra uztur\u0113t\u0101js<\/h3>&#13;\n<p>Pinnoitus Helin Oy<\/p>&#13;\n<h3>2. Kontaktpersona jaut\u0101jumos, kas saist\u012bti ar re\u0123istru<\/h3>&#13;\n<p>Petri Helin, petri.helin@pinnoitushelin.fi<\/p>&#13;\n<h3>3. Re\u0123istra nosaukums<\/h3>&#13;\n<p>Asiakasrekisteri<\/p>&#13;\n<h3>4. Personas datu apstr\u0101des m\u0113r\u0137is<\/h3>&#13;\n<p>Henkil\u00f6tietoja k\u00e4ytet\u00e4\u00e4n ainoastaan asiakassuhteen hoitamisessa.<\/p>&#13;\n<h3>5. Re\u0123istra datu saturs<\/h3>&#13;\n<p>Nimi, osoite, s\u00e4hk\u00f6posti ja puhelinnumero.<\/p>&#13;\n<h3>6. Regul\u0101ri inform\u0101cijas avoti<\/h3>&#13;\n<p>Henkil\u00f6tietoja ker\u00e4t\u00e4\u00e4n vain asiakaspalvelun yhteydess\u00e4. Rekisteriin voidaan lis\u00e4t\u00e4 my\u00f6s yrityksen ulkopuolelta ker\u00e4ttyj\u00e4 tai ostettuja yrityksien yhteystietoja.<\/p>&#13;\n<h3>7. Regul\u0101ra datu izpau\u0161ana<\/h3>&#13;\n<p>Tietoja ei koskaan luovuteta kolmansille osapuolille, ellei kyseess\u00e4 ole poliisin tms. viranomaisen rikostutkinta.<\/p>&#13;\n<h3>8. Datu nos\u016bt\u012b\u0161ana \u0101rpus ES vai EEZ<\/h3>&#13;\n<p>Tietoja ei siirret\u00e4 tai k\u00e4ytet\u00e4 EU:n tai ETA:n ulkopuolella.<\/p>&#13;\n<h3>9. Re\u0123istra aizsardz\u012bbas principi<\/h3>&#13;\n<p>Asiakastietoja s\u00e4ilytet\u00e4\u00e4n Pinnoitus Helin Oy:n palvelimella ja palvelin sijaitsee asianmukaisesti lukitussa sek\u00e4 valvotussa tilassa. Tilaan, jossa palvelin sijaitsee, on p\u00e4\u00e4sy vain tilanhaltijan valvonnassa.<\/p>&#13;\n<p>Asiakastietoja voi k\u00e4ytt\u00e4\u00e4 vain Pinnoitus Helin Oy:n henkil\u00f6kunta tilausten k\u00e4sittelyn sek\u00e4 mahdollisten uutiskirjeiden l\u00e4hett\u00e4misen yhteydess\u00e4. Tietoihin p\u00e4\u00e4see k\u00e4siksi vain sellaisella henkil\u00f6kunnan k\u00e4ytt\u00e4j\u00e4tunnuksella, jolla on siihen oikeus.<\/p>&#13;\n<h3>10. P\u0101rskat\u012b\u0161anas ties\u012bbas<\/h3>&#13;\n<p>P\u00e4\u00e4s\u00e4\u00e4nt\u00f6isesti jokaisella on oikeus tarkistaa henkil\u00f6rekisteriin tai t\u00e4ss\u00e4 tapauksessa asiakasrekisteriin tallennetut tietonsa. Pyynt\u00f6 tulee l\u00e4hett\u00e4\u00e4 rekisterinpit\u00e4j\u00e4lle joko s\u00e4hk\u00f6postitse tai puhelimitse.<\/p>&#13;\n<h3>11. Ties\u012bbas piepras\u012bt inform\u0101cijas labo\u0161anu<\/h3>&#13;\n<p>Jokaisella on oikeus vaatia asiakasrekisteriss\u00e4 olevien virheellisten tietojensa korjaamista.\u00a0Pyynt\u00f6 tulee l\u00e4hett\u00e4\u00e4 rekisterinpit\u00e4j\u00e4lle joko s\u00e4hk\u00f6postitse tai puhelimitse.<\/p>&#13;\n<h3>12. Citas ties\u012bbas saist\u012bb\u0101 ar personas datu apstr\u0101di<\/h3>&#13;\n<p>Yleinen tietosuoja-asetus kohta 70. Jos henkil\u00f6tietoja k\u00e4sitell\u00e4\u00e4n suoramarkkinointia varten, rekister\u00f6idyll\u00e4 olisi oltava oikeus milloin tahansa ja maksutta vastustaa k\u00e4sittely\u00e4, mukaan lukien profilointia niilt\u00e4 osin kuin se liittyy suoramarkkinointiin, olipa kyse sitten alkuper\u00e4isest\u00e4 tai my\u00f6hemm\u00e4st\u00e4 k\u00e4sittelyst\u00e4. T\u00e4m\u00e4 oikeus olisi nimenomaisesti saatettava rekister\u00f6idyn tietoon ja esitett\u00e4v\u00e4 selke\u00e4sti ja muusta tiedotuksesta erill\u00e4\u00e4n.<\/p>&#13;\n<h3>13. Personas datu glab\u0101\u0161ana<\/h3>&#13;\n<p>S\u00e4ilyt\u00e4mme henkil\u00f6tietoja vain niin kauan, kun se on tietojen k\u00e4ytt\u00f6tarkoitus huomioiden tarpeellista.<br\/>S\u00e4ilytt\u00e4misaikaan vaikuttavia lakeja ovat kirjanpitolaki (1997\/1336).<\/p>&#13;\n<p>Asiakastietoja s\u00e4ilytet\u00e4\u00e4n niin kauan kuin se on tarpeellista ottaeen huomioon asiakassuhteen ja toimialamme. Asiakastietoja s\u00e4ilytet\u00e4\u00e4n tavanomaisesti 5 vuotta asiakassuhteen p\u00e4\u00e4ttymisen j\u00e4lkeen.<\/p>&#13;\n<p>[\/vc_column_text][\/vc_column][\/vc_row]<\/p><\/div>","protected":false},"excerpt":{"rendered":"<p>[vc_row][vc_column][vc_column_text css=&#8221;&#8221;] &#13; Re\u0123istr\u0113ties un konfidencialit\u0101tes politika &#13; 1. Re\u0123istra uztur\u0113t\u0101js &#13; Pinnoitus Helin Oy &#13; 2. Kontaktpersona jaut\u0101jumos, kas saist\u012bti ar re\u0123istru &#13; Petri Helin, petri.helin@pinnoitushelin.fi &#13; 3. Re\u0123istra nosaukums &#13; Asiakasrekisteri &#13; 4. Personas datu apstr\u0101des m\u0113r\u0137is &#13; Henkil\u00f6tietoja k\u00e4ytet\u00e4\u00e4n ainoastaan asiakassuhteen hoitamisessa. &#13; 5. Re\u0123istra datu saturs &#13; Nimi, osoite, s\u00e4hk\u00f6posti ja&hellip;<\/p>\n","protected":false},"author":3,"featured_media":0,"parent":2961,"menu_order":47,"comment_status":"closed","ping_status":"closed","template":"","meta":{"footnotes":""},"class_list":["post-2993","page","type-page","status-publish","hentry","description-off"],"yoast_head":"<!-- This site is optimized with the Yoast SEO plugin v27.4 - https:\/\/yoast.com\/product\/yoast-seo-wordpress\/ -->\n<title>Konfidencialit\u0101tes politika - Pinnoitus Helin Oy<\/title>\n<meta name=\"description\" content=\"QDPR pamatnost\u0101dnes un pien\u0101kumi\" \/>\n<meta name=\"robots\" content=\"index, follow, max-snippet:-1, max-image-preview:large, max-video-preview:-1\" \/>\n<link rel=\"canonical\" href=\"https:\/\/www.pinnoitushelin.fi\/lv\/informacija\/konfidencialitates-politika\/\" \/>\n<meta property=\"og:locale\" content=\"lv_LV\" \/>\n<meta property=\"og:type\" content=\"article\" \/>\n<meta property=\"og:title\" content=\"Konfidencialit\u0101tes politika - Pinnoitus Helin Oy\" \/>\n<meta property=\"og:description\" content=\"QDPR pamatnost\u0101dnes un pien\u0101kumi\" \/>\n<meta property=\"og:url\" content=\"https:\/\/www.pinnoitushelin.fi\/lv\/informacija\/konfidencialitates-politika\/\" \/>\n<meta property=\"og:site_name\" content=\"Pinnoitus Helin Oy\" \/>\n<meta property=\"article:modified_time\" content=\"2024-07-30T07:35:59+00:00\" \/>\n<meta name=\"twitter:card\" content=\"summary_large_image\" \/>\n<meta name=\"twitter:label1\" content=\"Est. reading time\" \/>\n\t<meta name=\"twitter:data1\" content=\"2 minutes\" \/>\n<script type=\"application\/ld+json\" class=\"yoast-schema-graph\">{\"@context\":\"https:\\\/\\\/schema.org\",\"@graph\":[{\"@type\":\"WebPage\",\"@id\":\"https:\\\/\\\/www.pinnoitushelin.fi\\\/lv\\\/informacija\\\/konfidencialitates-politika\\\/\",\"url\":\"https:\\\/\\\/www.pinnoitushelin.fi\\\/lv\\\/informacija\\\/konfidencialitates-politika\\\/\",\"name\":\"Konfidencialit\u0101tes politika - Pinnoitus Helin Oy\",\"isPartOf\":{\"@id\":\"https:\\\/\\\/www.pinnoitushelin.fi\\\/lv\\\/#website\"},\"datePublished\":\"2024-05-27T04:30:27+00:00\",\"dateModified\":\"2024-07-30T07:35:59+00:00\",\"description\":\"QDPR pamatnost\u0101dnes un pien\u0101kumi\",\"breadcrumb\":{\"@id\":\"https:\\\/\\\/www.pinnoitushelin.fi\\\/lv\\\/informacija\\\/konfidencialitates-politika\\\/#breadcrumb\"},\"inLanguage\":\"lv-LV\",\"potentialAction\":[{\"@type\":\"ReadAction\",\"target\":[\"https:\\\/\\\/www.pinnoitushelin.fi\\\/lv\\\/informacija\\\/konfidencialitates-politika\\\/\"]}]},{\"@type\":\"BreadcrumbList\",\"@id\":\"https:\\\/\\\/www.pinnoitushelin.fi\\\/lv\\\/informacija\\\/konfidencialitates-politika\\\/#breadcrumb\",\"itemListElement\":[{\"@type\":\"ListItem\",\"position\":1,\"name\":\"Etusivu\",\"item\":\"https:\\\/\\\/www.pinnoitushelin.fi\\\/lv\\\/\"},{\"@type\":\"ListItem\",\"position\":2,\"name\":\"Inform\u0101cija\",\"item\":\"https:\\\/\\\/www.pinnoitushelin.fi\\\/lv\\\/informacija\\\/\"},{\"@type\":\"ListItem\",\"position\":3,\"name\":\"Konfidencialit\u0101tes politika\"}]},{\"@type\":\"WebSite\",\"@id\":\"https:\\\/\\\/www.pinnoitushelin.fi\\\/lv\\\/#website\",\"url\":\"https:\\\/\\\/www.pinnoitushelin.fi\\\/lv\\\/\",\"name\":\"Pinnoitus Helin Oy\",\"description\":\"Teknist\u00e4 pintak\u00e4sittely\u00e4 monipuolisesti ja tasalaatuisesti.\",\"publisher\":{\"@id\":\"https:\\\/\\\/www.pinnoitushelin.fi\\\/lv\\\/#organization\"},\"potentialAction\":[{\"@type\":\"SearchAction\",\"target\":{\"@type\":\"EntryPoint\",\"urlTemplate\":\"https:\\\/\\\/www.pinnoitushelin.fi\\\/lv\\\/?s={search_term_string}\"},\"query-input\":{\"@type\":\"PropertyValueSpecification\",\"valueRequired\":true,\"valueName\":\"search_term_string\"}}],\"inLanguage\":\"lv-LV\"},{\"@type\":\"Organization\",\"@id\":\"https:\\\/\\\/www.pinnoitushelin.fi\\\/lv\\\/#organization\",\"name\":\"Pinnoitus Helin Oy\",\"url\":\"https:\\\/\\\/www.pinnoitushelin.fi\\\/lv\\\/\",\"logo\":{\"@type\":\"ImageObject\",\"inLanguage\":\"lv-LV\",\"@id\":\"https:\\\/\\\/www.pinnoitushelin.fi\\\/lv\\\/#\\\/schema\\\/logo\\\/image\\\/\",\"url\":\"https:\\\/\\\/www.pinnoitushelin.fi\\\/wp-content\\\/uploads\\\/2024\\\/05\\\/logoa.png\",\"contentUrl\":\"https:\\\/\\\/www.pinnoitushelin.fi\\\/wp-content\\\/uploads\\\/2024\\\/05\\\/logoa.png\",\"width\":331,\"height\":105,\"caption\":\"Pinnoitus Helin Oy\"},\"image\":{\"@id\":\"https:\\\/\\\/www.pinnoitushelin.fi\\\/lv\\\/#\\\/schema\\\/logo\\\/image\\\/\"}}]}<\/script>\n<!-- \/ Yoast SEO plugin. -->","yoast_head_json":{"title":"Konfidencialit\u0101tes politika - Pinnoitus Helin Oy","description":"QDPR pamatnost\u0101dnes un pien\u0101kumi","robots":{"index":"index","follow":"follow","max-snippet":"max-snippet:-1","max-image-preview":"max-image-preview:large","max-video-preview":"max-video-preview:-1"},"canonical":"https:\/\/www.pinnoitushelin.fi\/lv\/informacija\/konfidencialitates-politika\/","og_locale":"lv_LV","og_type":"article","og_title":"Konfidencialit\u0101tes politika - Pinnoitus Helin Oy","og_description":"QDPR pamatnost\u0101dnes un pien\u0101kumi","og_url":"https:\/\/www.pinnoitushelin.fi\/lv\/informacija\/konfidencialitates-politika\/","og_site_name":"Pinnoitus Helin Oy","article_modified_time":"2024-07-30T07:35:59+00:00","twitter_card":"summary_large_image","twitter_misc":{"Est. reading time":"2 minutes"},"schema":{"@context":"https:\/\/schema.org","@graph":[{"@type":"WebPage","@id":"https:\/\/www.pinnoitushelin.fi\/lv\/informacija\/konfidencialitates-politika\/","url":"https:\/\/www.pinnoitushelin.fi\/lv\/informacija\/konfidencialitates-politika\/","name":"Konfidencialit\u0101tes politika - Pinnoitus Helin Oy","isPartOf":{"@id":"https:\/\/www.pinnoitushelin.fi\/lv\/#website"},"datePublished":"2024-05-27T04:30:27+00:00","dateModified":"2024-07-30T07:35:59+00:00","description":"QDPR pamatnost\u0101dnes un pien\u0101kumi","breadcrumb":{"@id":"https:\/\/www.pinnoitushelin.fi\/lv\/informacija\/konfidencialitates-politika\/#breadcrumb"},"inLanguage":"lv-LV","potentialAction":[{"@type":"ReadAction","target":["https:\/\/www.pinnoitushelin.fi\/lv\/informacija\/konfidencialitates-politika\/"]}]},{"@type":"BreadcrumbList","@id":"https:\/\/www.pinnoitushelin.fi\/lv\/informacija\/konfidencialitates-politika\/#breadcrumb","itemListElement":[{"@type":"ListItem","position":1,"name":"Etusivu","item":"https:\/\/www.pinnoitushelin.fi\/lv\/"},{"@type":"ListItem","position":2,"name":"Inform\u0101cija","item":"https:\/\/www.pinnoitushelin.fi\/lv\/informacija\/"},{"@type":"ListItem","position":3,"name":"Konfidencialit\u0101tes politika"}]},{"@type":"WebSite","@id":"https:\/\/www.pinnoitushelin.fi\/lv\/#website","url":"https:\/\/www.pinnoitushelin.fi\/lv\/","name":"Pinnoitus Helin Oy","description":"Teknist\u00e4 pintak\u00e4sittely\u00e4 monipuolisesti ja tasalaatuisesti.","publisher":{"@id":"https:\/\/www.pinnoitushelin.fi\/lv\/#organization"},"potentialAction":[{"@type":"SearchAction","target":{"@type":"EntryPoint","urlTemplate":"https:\/\/www.pinnoitushelin.fi\/lv\/?s={search_term_string}"},"query-input":{"@type":"PropertyValueSpecification","valueRequired":true,"valueName":"search_term_string"}}],"inLanguage":"lv-LV"},{"@type":"Organization","@id":"https:\/\/www.pinnoitushelin.fi\/lv\/#organization","name":"Pinnoitus Helin Oy","url":"https:\/\/www.pinnoitushelin.fi\/lv\/","logo":{"@type":"ImageObject","inLanguage":"lv-LV","@id":"https:\/\/www.pinnoitushelin.fi\/lv\/#\/schema\/logo\/image\/","url":"https:\/\/www.pinnoitushelin.fi\/wp-content\/uploads\/2024\/05\/logoa.png","contentUrl":"https:\/\/www.pinnoitushelin.fi\/wp-content\/uploads\/2024\/05\/logoa.png","width":331,"height":105,"caption":"Pinnoitus Helin Oy"},"image":{"@id":"https:\/\/www.pinnoitushelin.fi\/lv\/#\/schema\/logo\/image\/"}}]}},"_links":{"self":[{"href":"https:\/\/www.pinnoitushelin.fi\/lv\/wp-json\/wp\/v2\/pages\/2993","targetHints":{"allow":["GET"]}}],"collection":[{"href":"https:\/\/www.pinnoitushelin.fi\/lv\/wp-json\/wp\/v2\/pages"}],"about":[{"href":"https:\/\/www.pinnoitushelin.fi\/lv\/wp-json\/wp\/v2\/types\/page"}],"author":[{"embeddable":true,"href":"https:\/\/www.pinnoitushelin.fi\/lv\/wp-json\/wp\/v2\/users\/3"}],"replies":[{"embeddable":true,"href":"https:\/\/www.pinnoitushelin.fi\/lv\/wp-json\/wp\/v2\/comments?post=2993"}],"version-history":[{"count":1,"href":"https:\/\/www.pinnoitushelin.fi\/lv\/wp-json\/wp\/v2\/pages\/2993\/revisions"}],"predecessor-version":[{"id":2994,"href":"https:\/\/www.pinnoitushelin.fi\/lv\/wp-json\/wp\/v2\/pages\/2993\/revisions\/2994"}],"up":[{"embeddable":true,"href":"https:\/\/www.pinnoitushelin.fi\/lv\/wp-json\/wp\/v2\/pages\/2961"}],"wp:attachment":[{"href":"https:\/\/www.pinnoitushelin.fi\/lv\/wp-json\/wp\/v2\/media?parent=2993"}],"curies":[{"name":"wp","href":"https:\/\/api.w.org\/{rel}","templated":true}]}}