{"id":2988,"date":"2024-06-24T09:26:45","date_gmt":"2024-06-24T07:26:45","guid":{"rendered":"https:\/\/www.pinnoitushelin.fi\/informacija\/saites\/"},"modified":"2024-07-31T01:16:26","modified_gmt":"2024-07-30T23:16:26","slug":"saites","status":"publish","type":"page","link":"https:\/\/www.pinnoitushelin.fi\/lv\/informacija\/saites\/","title":{"rendered":"Saites"},"content":{"rendered":"<div class=\"wpb-content-wrapper\"><p>[vc_row][vc_column][vc_column_text css=&#8221;&#8221;]Galvanotehnisk\u0101s asoci\u0101cijas t\u012bmek\u013ca vietn\u0113 cita starp\u0101 ir pieejama noder\u012bga literat\u016bra par \u0161o t\u0113mu, kas ir ide\u0101li piem\u0113rota, lai papildus standartiem atbalst\u012btu virsmas apstr\u0101des pakalpojumu ieg\u0101di.<\/p>\n<p><a href=\"https:\/\/www.sgy-ry.fi\/\">Somijas Galvanotehnikas asoci\u0101cija<\/a><\/p>\n<p>Iek\u0101rtas p\u0101rkl\u0101jumu un materi\u0101lu test\u0113\u0161anai mm. RoHs atbilst\u012bba.<\/p>\n<p><a href=\"https:\/\/www.helmut-fischer.com\/\">Helmut-fischer<\/a><\/p>\n<p>Interesants diskusiju forums par visu, kas saist\u012bts ar virsmas apstr\u0101di.<\/p>\n<p><a href=\"https:\/\/www.finishing.com\/\">Finishing.com<\/a><\/p>\n<p>Bezgalvanisk\u0101 ni\u0137e\u013ca \u012bpa\u0161\u012bbas un pielietojums no <a href=\"https:\/\/www.nickelinstitute.org\/\">Ni\u0137e\u013ca instit\u016bta<\/a> t\u012bmek\u013ca vietnes<\/p>\n<p><a href=\"https:\/\/www.nickelinstitute.org\/media\/1769\/propertiesandapplicationsofelectrolessnickel_10081_.pdf\">Bezgalvanisk\u0101 ni\u0137e\u013ca \u012bpa\u0161\u012bbas un pielietojums<\/a>.[\/vc_column_text][\/vc_column][\/vc_row]<\/p>\n<\/div>","protected":false},"excerpt":{"rendered":"<p>[vc_row][vc_column][vc_column_text css=&#8221;&#8221;]Galvanotehnisk\u0101s asoci\u0101cijas t\u012bmek\u013ca vietn\u0113 cita starp\u0101 ir pieejama noder\u012bga literat\u016bra par \u0161o t\u0113mu, kas ir ide\u0101li piem\u0113rota, lai papildus standartiem atbalst\u012btu virsmas apstr\u0101des pakalpojumu ieg\u0101di. Somijas Galvanotehnikas asoci\u0101cija Iek\u0101rtas p\u0101rkl\u0101jumu un materi\u0101lu test\u0113\u0161anai mm. RoHs atbilst\u012bba. Helmut-fischer Interesants diskusiju forums par visu, kas saist\u012bts ar virsmas apstr\u0101di. Finishing.com Bezgalvanisk\u0101 ni\u0137e\u013ca \u012bpa\u0161\u012bbas un pielietojums no&hellip;<\/p>\n","protected":false},"author":3,"featured_media":0,"parent":2961,"menu_order":46,"comment_status":"closed","ping_status":"closed","template":"","meta":{"footnotes":""},"class_list":["post-2988","page","type-page","status-publish","hentry","description-off"],"yoast_head":"<!-- This site is optimized with the Yoast SEO plugin v27.4 - https:\/\/yoast.com\/product\/yoast-seo-wordpress\/ -->\n<title>Saites - Pinnoitus Helin Oy<\/title>\n<meta name=\"description\" content=\"Galvanotehnisk\u0101s asoci\u0101cijas t\u012bmek\u013ca vietn\u0113 cita starp\u0101 ir pieejama noder\u012bga literat\u016bra par \u0161o t\u0113mu, kas ir ide\u0101li piem\u0113rota, lai papildus standartiem atbalst\u012btu virsmas apstr\u0101des pakalpojumu ieg\u0101di.\" \/>\n<meta name=\"robots\" content=\"index, follow, max-snippet:-1, max-image-preview:large, max-video-preview:-1\" \/>\n<link rel=\"canonical\" href=\"https:\/\/www.pinnoitushelin.fi\/lv\/informacija\/saites\/\" \/>\n<meta property=\"og:locale\" content=\"lv_LV\" \/>\n<meta property=\"og:type\" content=\"article\" \/>\n<meta property=\"og:title\" content=\"Saites - Pinnoitus Helin Oy\" \/>\n<meta property=\"og:description\" content=\"Galvanotehnisk\u0101s asoci\u0101cijas t\u012bmek\u013ca vietn\u0113 cita starp\u0101 ir pieejama noder\u012bga literat\u016bra par \u0161o t\u0113mu, kas ir ide\u0101li piem\u0113rota, lai papildus standartiem atbalst\u012btu virsmas apstr\u0101des pakalpojumu ieg\u0101di.\" \/>\n<meta property=\"og:url\" content=\"https:\/\/www.pinnoitushelin.fi\/lv\/informacija\/saites\/\" \/>\n<meta property=\"og:site_name\" content=\"Pinnoitus Helin Oy\" \/>\n<meta property=\"article:modified_time\" content=\"2024-07-30T23:16:26+00:00\" \/>\n<meta name=\"twitter:card\" content=\"summary_large_image\" \/>\n<meta name=\"twitter:label1\" content=\"Est. reading time\" \/>\n\t<meta name=\"twitter:data1\" content=\"1 minute\" \/>\n<script type=\"application\/ld+json\" class=\"yoast-schema-graph\">{\"@context\":\"https:\\\/\\\/schema.org\",\"@graph\":[{\"@type\":\"WebPage\",\"@id\":\"https:\\\/\\\/www.pinnoitushelin.fi\\\/lv\\\/informacija\\\/saites\\\/\",\"url\":\"https:\\\/\\\/www.pinnoitushelin.fi\\\/lv\\\/informacija\\\/saites\\\/\",\"name\":\"Saites - Pinnoitus Helin Oy\",\"isPartOf\":{\"@id\":\"https:\\\/\\\/www.pinnoitushelin.fi\\\/lv\\\/#website\"},\"datePublished\":\"2024-06-24T07:26:45+00:00\",\"dateModified\":\"2024-07-30T23:16:26+00:00\",\"description\":\"Galvanotehnisk\u0101s asoci\u0101cijas t\u012bmek\u013ca vietn\u0113 cita starp\u0101 ir pieejama noder\u012bga literat\u016bra par \u0161o t\u0113mu, kas ir ide\u0101li piem\u0113rota, lai papildus standartiem atbalst\u012btu virsmas apstr\u0101des pakalpojumu ieg\u0101di.\",\"breadcrumb\":{\"@id\":\"https:\\\/\\\/www.pinnoitushelin.fi\\\/lv\\\/informacija\\\/saites\\\/#breadcrumb\"},\"inLanguage\":\"lv-LV\",\"potentialAction\":[{\"@type\":\"ReadAction\",\"target\":[\"https:\\\/\\\/www.pinnoitushelin.fi\\\/lv\\\/informacija\\\/saites\\\/\"]}]},{\"@type\":\"BreadcrumbList\",\"@id\":\"https:\\\/\\\/www.pinnoitushelin.fi\\\/lv\\\/informacija\\\/saites\\\/#breadcrumb\",\"itemListElement\":[{\"@type\":\"ListItem\",\"position\":1,\"name\":\"Etusivu\",\"item\":\"https:\\\/\\\/www.pinnoitushelin.fi\\\/lv\\\/\"},{\"@type\":\"ListItem\",\"position\":2,\"name\":\"Inform\u0101cija\",\"item\":\"https:\\\/\\\/www.pinnoitushelin.fi\\\/lv\\\/informacija\\\/\"},{\"@type\":\"ListItem\",\"position\":3,\"name\":\"Saites\"}]},{\"@type\":\"WebSite\",\"@id\":\"https:\\\/\\\/www.pinnoitushelin.fi\\\/lv\\\/#website\",\"url\":\"https:\\\/\\\/www.pinnoitushelin.fi\\\/lv\\\/\",\"name\":\"Pinnoitus Helin Oy\",\"description\":\"Teknist\u00e4 pintak\u00e4sittely\u00e4 monipuolisesti ja tasalaatuisesti.\",\"publisher\":{\"@id\":\"https:\\\/\\\/www.pinnoitushelin.fi\\\/lv\\\/#organization\"},\"potentialAction\":[{\"@type\":\"SearchAction\",\"target\":{\"@type\":\"EntryPoint\",\"urlTemplate\":\"https:\\\/\\\/www.pinnoitushelin.fi\\\/lv\\\/?s={search_term_string}\"},\"query-input\":{\"@type\":\"PropertyValueSpecification\",\"valueRequired\":true,\"valueName\":\"search_term_string\"}}],\"inLanguage\":\"lv-LV\"},{\"@type\":\"Organization\",\"@id\":\"https:\\\/\\\/www.pinnoitushelin.fi\\\/lv\\\/#organization\",\"name\":\"Pinnoitus Helin Oy\",\"url\":\"https:\\\/\\\/www.pinnoitushelin.fi\\\/lv\\\/\",\"logo\":{\"@type\":\"ImageObject\",\"inLanguage\":\"lv-LV\",\"@id\":\"https:\\\/\\\/www.pinnoitushelin.fi\\\/lv\\\/#\\\/schema\\\/logo\\\/image\\\/\",\"url\":\"https:\\\/\\\/www.pinnoitushelin.fi\\\/wp-content\\\/uploads\\\/2024\\\/05\\\/logoa.png\",\"contentUrl\":\"https:\\\/\\\/www.pinnoitushelin.fi\\\/wp-content\\\/uploads\\\/2024\\\/05\\\/logoa.png\",\"width\":331,\"height\":105,\"caption\":\"Pinnoitus Helin Oy\"},\"image\":{\"@id\":\"https:\\\/\\\/www.pinnoitushelin.fi\\\/lv\\\/#\\\/schema\\\/logo\\\/image\\\/\"}}]}<\/script>\n<!-- \/ Yoast SEO plugin. -->","yoast_head_json":{"title":"Saites - Pinnoitus Helin Oy","description":"Galvanotehnisk\u0101s asoci\u0101cijas t\u012bmek\u013ca vietn\u0113 cita starp\u0101 ir pieejama noder\u012bga literat\u016bra par \u0161o t\u0113mu, kas ir ide\u0101li piem\u0113rota, lai papildus standartiem atbalst\u012btu virsmas apstr\u0101des pakalpojumu ieg\u0101di.","robots":{"index":"index","follow":"follow","max-snippet":"max-snippet:-1","max-image-preview":"max-image-preview:large","max-video-preview":"max-video-preview:-1"},"canonical":"https:\/\/www.pinnoitushelin.fi\/lv\/informacija\/saites\/","og_locale":"lv_LV","og_type":"article","og_title":"Saites - Pinnoitus Helin Oy","og_description":"Galvanotehnisk\u0101s asoci\u0101cijas t\u012bmek\u013ca vietn\u0113 cita starp\u0101 ir pieejama noder\u012bga literat\u016bra par \u0161o t\u0113mu, kas ir ide\u0101li piem\u0113rota, lai papildus standartiem atbalst\u012btu virsmas apstr\u0101des pakalpojumu ieg\u0101di.","og_url":"https:\/\/www.pinnoitushelin.fi\/lv\/informacija\/saites\/","og_site_name":"Pinnoitus Helin Oy","article_modified_time":"2024-07-30T23:16:26+00:00","twitter_card":"summary_large_image","twitter_misc":{"Est. reading time":"1 minute"},"schema":{"@context":"https:\/\/schema.org","@graph":[{"@type":"WebPage","@id":"https:\/\/www.pinnoitushelin.fi\/lv\/informacija\/saites\/","url":"https:\/\/www.pinnoitushelin.fi\/lv\/informacija\/saites\/","name":"Saites - Pinnoitus Helin Oy","isPartOf":{"@id":"https:\/\/www.pinnoitushelin.fi\/lv\/#website"},"datePublished":"2024-06-24T07:26:45+00:00","dateModified":"2024-07-30T23:16:26+00:00","description":"Galvanotehnisk\u0101s asoci\u0101cijas t\u012bmek\u013ca vietn\u0113 cita starp\u0101 ir pieejama noder\u012bga literat\u016bra par \u0161o t\u0113mu, kas ir ide\u0101li piem\u0113rota, lai papildus standartiem atbalst\u012btu virsmas apstr\u0101des pakalpojumu ieg\u0101di.","breadcrumb":{"@id":"https:\/\/www.pinnoitushelin.fi\/lv\/informacija\/saites\/#breadcrumb"},"inLanguage":"lv-LV","potentialAction":[{"@type":"ReadAction","target":["https:\/\/www.pinnoitushelin.fi\/lv\/informacija\/saites\/"]}]},{"@type":"BreadcrumbList","@id":"https:\/\/www.pinnoitushelin.fi\/lv\/informacija\/saites\/#breadcrumb","itemListElement":[{"@type":"ListItem","position":1,"name":"Etusivu","item":"https:\/\/www.pinnoitushelin.fi\/lv\/"},{"@type":"ListItem","position":2,"name":"Inform\u0101cija","item":"https:\/\/www.pinnoitushelin.fi\/lv\/informacija\/"},{"@type":"ListItem","position":3,"name":"Saites"}]},{"@type":"WebSite","@id":"https:\/\/www.pinnoitushelin.fi\/lv\/#website","url":"https:\/\/www.pinnoitushelin.fi\/lv\/","name":"Pinnoitus Helin Oy","description":"Teknist\u00e4 pintak\u00e4sittely\u00e4 monipuolisesti ja tasalaatuisesti.","publisher":{"@id":"https:\/\/www.pinnoitushelin.fi\/lv\/#organization"},"potentialAction":[{"@type":"SearchAction","target":{"@type":"EntryPoint","urlTemplate":"https:\/\/www.pinnoitushelin.fi\/lv\/?s={search_term_string}"},"query-input":{"@type":"PropertyValueSpecification","valueRequired":true,"valueName":"search_term_string"}}],"inLanguage":"lv-LV"},{"@type":"Organization","@id":"https:\/\/www.pinnoitushelin.fi\/lv\/#organization","name":"Pinnoitus Helin Oy","url":"https:\/\/www.pinnoitushelin.fi\/lv\/","logo":{"@type":"ImageObject","inLanguage":"lv-LV","@id":"https:\/\/www.pinnoitushelin.fi\/lv\/#\/schema\/logo\/image\/","url":"https:\/\/www.pinnoitushelin.fi\/wp-content\/uploads\/2024\/05\/logoa.png","contentUrl":"https:\/\/www.pinnoitushelin.fi\/wp-content\/uploads\/2024\/05\/logoa.png","width":331,"height":105,"caption":"Pinnoitus Helin Oy"},"image":{"@id":"https:\/\/www.pinnoitushelin.fi\/lv\/#\/schema\/logo\/image\/"}}]}},"_links":{"self":[{"href":"https:\/\/www.pinnoitushelin.fi\/lv\/wp-json\/wp\/v2\/pages\/2988","targetHints":{"allow":["GET"]}}],"collection":[{"href":"https:\/\/www.pinnoitushelin.fi\/lv\/wp-json\/wp\/v2\/pages"}],"about":[{"href":"https:\/\/www.pinnoitushelin.fi\/lv\/wp-json\/wp\/v2\/types\/page"}],"author":[{"embeddable":true,"href":"https:\/\/www.pinnoitushelin.fi\/lv\/wp-json\/wp\/v2\/users\/3"}],"replies":[{"embeddable":true,"href":"https:\/\/www.pinnoitushelin.fi\/lv\/wp-json\/wp\/v2\/comments?post=2988"}],"version-history":[{"count":4,"href":"https:\/\/www.pinnoitushelin.fi\/lv\/wp-json\/wp\/v2\/pages\/2988\/revisions"}],"predecessor-version":[{"id":3235,"href":"https:\/\/www.pinnoitushelin.fi\/lv\/wp-json\/wp\/v2\/pages\/2988\/revisions\/3235"}],"up":[{"embeddable":true,"href":"https:\/\/www.pinnoitushelin.fi\/lv\/wp-json\/wp\/v2\/pages\/2961"}],"wp:attachment":[{"href":"https:\/\/www.pinnoitushelin.fi\/lv\/wp-json\/wp\/v2\/media?parent=2988"}],"curies":[{"name":"wp","href":"https:\/\/api.w.org\/{rel}","templated":true}]}}