{"id":2982,"date":"2024-06-24T09:21:27","date_gmt":"2024-06-24T07:21:27","guid":{"rendered":"https:\/\/www.pinnoitushelin.fi\/informacija\/virsmas-apstrade\/"},"modified":"2024-07-31T01:13:57","modified_gmt":"2024-07-30T23:13:57","slug":"parklajumi","status":"publish","type":"page","link":"https:\/\/www.pinnoitushelin.fi\/lv\/informacija\/parklajumi\/","title":{"rendered":"P\u0101rkl\u0101jumi"},"content":{"rendered":"<div class=\"wpb-content-wrapper\"><p>[vc_row css=&#8221;.vc_custom_1717732603405{margin-bottom: 40px !important;}&#8221;][vc_column][vc_single_image image=&#8221;2119&#8243; img_size=&#8221;large&#8221; css=&#8221;&#8221;][\/vc_column][\/vc_row][vc_row css=&#8221;.vc_custom_1722286507581{margin-bottom: 70px !important;}&#8221;][vc_column][vc_column_text css=&#8221;&#8221;]<\/p>\n<h1>Met\u0101la virsmas apstr\u0101de<\/h1>\n<p>Met\u0101la virsmas apstr\u0101de ir svar\u012bgs solis met\u0101la izstr\u0101d\u0101jumu nodo\u0161an\u0101 ekspluat\u0101cij\u0101.<br \/>\nBez met\u0101la virsmas apstr\u0101des izstr\u0101d\u0101juma iztur\u012bba pret koroziju un izskats neb\u016bs apmierino\u0161s daudziem lietojumiem.<br \/>\nTurkl\u0101t met\u0101la virsmas apstr\u0101de bie\u017ei vien ir visrentabl\u0101kais veids, k\u0101 pagarin\u0101t izstr\u0101d\u0101juma kalpo\u0161anas laiku.<br \/>\nElektrol\u012btiskie p\u0101rkl\u0101jumi ir lieliska iesp\u0113ja p\u0101rkl\u0101t liel\u0101ko da\u013cu met\u0101la deta\u013cu.<\/p>\n<h3>Pinnoitus Helin Oy met\u0101la virsmu apstr\u0101de<\/h3>\n<p>M\u0113s pied\u0101v\u0101jam jums pla\u0161u da\u017e\u0101du apstr\u0101des iesp\u0113ju kl\u0101stu, kas \u013cauj uzkl\u0101t met\u0101la p\u0101rkl\u0101jumu, kur\u0161 ir prec\u012bzi piel\u0101gots konkr\u0113t\u0101 izstr\u0101d\u0101juma pielietojumam.<br \/>\nUzziniet vair\u0101k par m\u016bsu pied\u0101v\u0101to met\u0101la virsmas apstr\u0101di m\u016bsu vietn\u0113 vai sazinieties ar mums.[\/vc_column_text][\/vc_column][\/vc_row][vc_row bg_type=&#8221;bg_color&#8221; bg_override=&#8221;full&#8221; css=&#8221;.vc_custom_1719351229771{margin-bottom: -30px !important;}&#8221;][vc_column][vc_single_image image=&#8221;2134&#8243; img_size=&#8221;full&#8221; alignment=&#8221;right&#8221; css=&#8221;.vc_custom_1719351301618{margin-bottom: -125px !important;}&#8221; image_hovers=&#8221;false&#8221;][\/vc_column][\/vc_row]<\/p>\n<\/div>","protected":false},"excerpt":{"rendered":"<p>[vc_row css=&#8221;.vc_custom_1717732603405{margin-bottom: 40px !important;}&#8221;][vc_column][vc_single_image image=&#8221;2119&#8243; img_size=&#8221;large&#8221; css=&#8221;&#8221;][\/vc_column][\/vc_row][vc_row css=&#8221;.vc_custom_1722286507581{margin-bottom: 70px !important;}&#8221;][vc_column][vc_column_text css=&#8221;&#8221;] Met\u0101la virsmas apstr\u0101de Met\u0101la virsmas apstr\u0101de ir svar\u012bgs solis met\u0101la izstr\u0101d\u0101jumu nodo\u0161an\u0101 ekspluat\u0101cij\u0101. Bez met\u0101la virsmas apstr\u0101des izstr\u0101d\u0101juma iztur\u012bba pret koroziju un izskats neb\u016bs apmierino\u0161s daudziem lietojumiem. Turkl\u0101t met\u0101la virsmas apstr\u0101de bie\u017ei vien ir visrentabl\u0101kais veids, k\u0101 pagarin\u0101t izstr\u0101d\u0101juma kalpo\u0161anas laiku. Elektrol\u012btiskie p\u0101rkl\u0101jumi ir&hellip;<\/p>\n","protected":false},"author":3,"featured_media":0,"parent":2961,"menu_order":45,"comment_status":"closed","ping_status":"closed","template":"","meta":{"footnotes":""},"class_list":["post-2982","page","type-page","status-publish","hentry","description-off"],"yoast_head":"<!-- This site is optimized with the Yoast SEO plugin v27.4 - https:\/\/yoast.com\/product\/yoast-seo-wordpress\/ -->\n<title>P\u0101rkl\u0101jumi - Pinnoitus Helin Oy<\/title>\n<meta name=\"description\" content=\"Met\u0101la virsmas apstr\u0101de ir svar\u012bgs solis met\u0101la izstr\u0101d\u0101jumu nodo\u0161an\u0101 ekspluat\u0101cij\u0101. Bez met\u0101la virsmas apstr\u0101des izstr\u0101d\u0101juma iztur\u012bba pret koroziju un izskats neb\u016bs apmierino\u0161s daudziem lietojumiem.\" \/>\n<meta name=\"robots\" content=\"index, follow, max-snippet:-1, max-image-preview:large, max-video-preview:-1\" \/>\n<link rel=\"canonical\" href=\"https:\/\/www.pinnoitushelin.fi\/lv\/informacija\/parklajumi\/\" \/>\n<meta property=\"og:locale\" content=\"lv_LV\" \/>\n<meta property=\"og:type\" content=\"article\" \/>\n<meta property=\"og:title\" content=\"P\u0101rkl\u0101jumi - Pinnoitus Helin Oy\" \/>\n<meta property=\"og:description\" content=\"Met\u0101la virsmas apstr\u0101de ir svar\u012bgs solis met\u0101la izstr\u0101d\u0101jumu nodo\u0161an\u0101 ekspluat\u0101cij\u0101. Bez met\u0101la virsmas apstr\u0101des izstr\u0101d\u0101juma iztur\u012bba pret koroziju un izskats neb\u016bs apmierino\u0161s daudziem lietojumiem.\" \/>\n<meta property=\"og:url\" content=\"https:\/\/www.pinnoitushelin.fi\/lv\/informacija\/parklajumi\/\" \/>\n<meta property=\"og:site_name\" content=\"Pinnoitus Helin Oy\" \/>\n<meta property=\"article:modified_time\" content=\"2024-07-30T23:13:57+00:00\" \/>\n<meta name=\"twitter:card\" content=\"summary_large_image\" \/>\n<meta name=\"twitter:label1\" content=\"Est. reading time\" \/>\n\t<meta name=\"twitter:data1\" content=\"2 minutes\" \/>\n<script type=\"application\/ld+json\" class=\"yoast-schema-graph\">{\"@context\":\"https:\\\/\\\/schema.org\",\"@graph\":[{\"@type\":\"WebPage\",\"@id\":\"https:\\\/\\\/www.pinnoitushelin.fi\\\/lv\\\/informacija\\\/parklajumi\\\/\",\"url\":\"https:\\\/\\\/www.pinnoitushelin.fi\\\/lv\\\/informacija\\\/parklajumi\\\/\",\"name\":\"P\u0101rkl\u0101jumi - Pinnoitus Helin Oy\",\"isPartOf\":{\"@id\":\"https:\\\/\\\/www.pinnoitushelin.fi\\\/lv\\\/#website\"},\"datePublished\":\"2024-06-24T07:21:27+00:00\",\"dateModified\":\"2024-07-30T23:13:57+00:00\",\"description\":\"Met\u0101la virsmas apstr\u0101de ir svar\u012bgs solis met\u0101la izstr\u0101d\u0101jumu nodo\u0161an\u0101 ekspluat\u0101cij\u0101. Bez met\u0101la virsmas apstr\u0101des izstr\u0101d\u0101juma iztur\u012bba pret koroziju un izskats neb\u016bs apmierino\u0161s daudziem lietojumiem.\",\"breadcrumb\":{\"@id\":\"https:\\\/\\\/www.pinnoitushelin.fi\\\/lv\\\/informacija\\\/parklajumi\\\/#breadcrumb\"},\"inLanguage\":\"lv-LV\",\"potentialAction\":[{\"@type\":\"ReadAction\",\"target\":[\"https:\\\/\\\/www.pinnoitushelin.fi\\\/lv\\\/informacija\\\/parklajumi\\\/\"]}]},{\"@type\":\"BreadcrumbList\",\"@id\":\"https:\\\/\\\/www.pinnoitushelin.fi\\\/lv\\\/informacija\\\/parklajumi\\\/#breadcrumb\",\"itemListElement\":[{\"@type\":\"ListItem\",\"position\":1,\"name\":\"Etusivu\",\"item\":\"https:\\\/\\\/www.pinnoitushelin.fi\\\/lv\\\/\"},{\"@type\":\"ListItem\",\"position\":2,\"name\":\"Inform\u0101cija\",\"item\":\"https:\\\/\\\/www.pinnoitushelin.fi\\\/lv\\\/informacija\\\/\"},{\"@type\":\"ListItem\",\"position\":3,\"name\":\"P\u0101rkl\u0101jumi\"}]},{\"@type\":\"WebSite\",\"@id\":\"https:\\\/\\\/www.pinnoitushelin.fi\\\/lv\\\/#website\",\"url\":\"https:\\\/\\\/www.pinnoitushelin.fi\\\/lv\\\/\",\"name\":\"Pinnoitus Helin Oy\",\"description\":\"Teknist\u00e4 pintak\u00e4sittely\u00e4 monipuolisesti ja tasalaatuisesti.\",\"publisher\":{\"@id\":\"https:\\\/\\\/www.pinnoitushelin.fi\\\/lv\\\/#organization\"},\"potentialAction\":[{\"@type\":\"SearchAction\",\"target\":{\"@type\":\"EntryPoint\",\"urlTemplate\":\"https:\\\/\\\/www.pinnoitushelin.fi\\\/lv\\\/?s={search_term_string}\"},\"query-input\":{\"@type\":\"PropertyValueSpecification\",\"valueRequired\":true,\"valueName\":\"search_term_string\"}}],\"inLanguage\":\"lv-LV\"},{\"@type\":\"Organization\",\"@id\":\"https:\\\/\\\/www.pinnoitushelin.fi\\\/lv\\\/#organization\",\"name\":\"Pinnoitus Helin Oy\",\"url\":\"https:\\\/\\\/www.pinnoitushelin.fi\\\/lv\\\/\",\"logo\":{\"@type\":\"ImageObject\",\"inLanguage\":\"lv-LV\",\"@id\":\"https:\\\/\\\/www.pinnoitushelin.fi\\\/lv\\\/#\\\/schema\\\/logo\\\/image\\\/\",\"url\":\"https:\\\/\\\/www.pinnoitushelin.fi\\\/wp-content\\\/uploads\\\/2024\\\/05\\\/logoa.png\",\"contentUrl\":\"https:\\\/\\\/www.pinnoitushelin.fi\\\/wp-content\\\/uploads\\\/2024\\\/05\\\/logoa.png\",\"width\":331,\"height\":105,\"caption\":\"Pinnoitus Helin Oy\"},\"image\":{\"@id\":\"https:\\\/\\\/www.pinnoitushelin.fi\\\/lv\\\/#\\\/schema\\\/logo\\\/image\\\/\"}}]}<\/script>\n<!-- \/ Yoast SEO plugin. -->","yoast_head_json":{"title":"P\u0101rkl\u0101jumi - Pinnoitus Helin Oy","description":"Met\u0101la virsmas apstr\u0101de ir svar\u012bgs solis met\u0101la izstr\u0101d\u0101jumu nodo\u0161an\u0101 ekspluat\u0101cij\u0101. Bez met\u0101la virsmas apstr\u0101des izstr\u0101d\u0101juma iztur\u012bba pret koroziju un izskats neb\u016bs apmierino\u0161s daudziem lietojumiem.","robots":{"index":"index","follow":"follow","max-snippet":"max-snippet:-1","max-image-preview":"max-image-preview:large","max-video-preview":"max-video-preview:-1"},"canonical":"https:\/\/www.pinnoitushelin.fi\/lv\/informacija\/parklajumi\/","og_locale":"lv_LV","og_type":"article","og_title":"P\u0101rkl\u0101jumi - Pinnoitus Helin Oy","og_description":"Met\u0101la virsmas apstr\u0101de ir svar\u012bgs solis met\u0101la izstr\u0101d\u0101jumu nodo\u0161an\u0101 ekspluat\u0101cij\u0101. Bez met\u0101la virsmas apstr\u0101des izstr\u0101d\u0101juma iztur\u012bba pret koroziju un izskats neb\u016bs apmierino\u0161s daudziem lietojumiem.","og_url":"https:\/\/www.pinnoitushelin.fi\/lv\/informacija\/parklajumi\/","og_site_name":"Pinnoitus Helin Oy","article_modified_time":"2024-07-30T23:13:57+00:00","twitter_card":"summary_large_image","twitter_misc":{"Est. reading time":"2 minutes"},"schema":{"@context":"https:\/\/schema.org","@graph":[{"@type":"WebPage","@id":"https:\/\/www.pinnoitushelin.fi\/lv\/informacija\/parklajumi\/","url":"https:\/\/www.pinnoitushelin.fi\/lv\/informacija\/parklajumi\/","name":"P\u0101rkl\u0101jumi - Pinnoitus Helin Oy","isPartOf":{"@id":"https:\/\/www.pinnoitushelin.fi\/lv\/#website"},"datePublished":"2024-06-24T07:21:27+00:00","dateModified":"2024-07-30T23:13:57+00:00","description":"Met\u0101la virsmas apstr\u0101de ir svar\u012bgs solis met\u0101la izstr\u0101d\u0101jumu nodo\u0161an\u0101 ekspluat\u0101cij\u0101. Bez met\u0101la virsmas apstr\u0101des izstr\u0101d\u0101juma iztur\u012bba pret koroziju un izskats neb\u016bs apmierino\u0161s daudziem lietojumiem.","breadcrumb":{"@id":"https:\/\/www.pinnoitushelin.fi\/lv\/informacija\/parklajumi\/#breadcrumb"},"inLanguage":"lv-LV","potentialAction":[{"@type":"ReadAction","target":["https:\/\/www.pinnoitushelin.fi\/lv\/informacija\/parklajumi\/"]}]},{"@type":"BreadcrumbList","@id":"https:\/\/www.pinnoitushelin.fi\/lv\/informacija\/parklajumi\/#breadcrumb","itemListElement":[{"@type":"ListItem","position":1,"name":"Etusivu","item":"https:\/\/www.pinnoitushelin.fi\/lv\/"},{"@type":"ListItem","position":2,"name":"Inform\u0101cija","item":"https:\/\/www.pinnoitushelin.fi\/lv\/informacija\/"},{"@type":"ListItem","position":3,"name":"P\u0101rkl\u0101jumi"}]},{"@type":"WebSite","@id":"https:\/\/www.pinnoitushelin.fi\/lv\/#website","url":"https:\/\/www.pinnoitushelin.fi\/lv\/","name":"Pinnoitus Helin Oy","description":"Teknist\u00e4 pintak\u00e4sittely\u00e4 monipuolisesti ja tasalaatuisesti.","publisher":{"@id":"https:\/\/www.pinnoitushelin.fi\/lv\/#organization"},"potentialAction":[{"@type":"SearchAction","target":{"@type":"EntryPoint","urlTemplate":"https:\/\/www.pinnoitushelin.fi\/lv\/?s={search_term_string}"},"query-input":{"@type":"PropertyValueSpecification","valueRequired":true,"valueName":"search_term_string"}}],"inLanguage":"lv-LV"},{"@type":"Organization","@id":"https:\/\/www.pinnoitushelin.fi\/lv\/#organization","name":"Pinnoitus Helin Oy","url":"https:\/\/www.pinnoitushelin.fi\/lv\/","logo":{"@type":"ImageObject","inLanguage":"lv-LV","@id":"https:\/\/www.pinnoitushelin.fi\/lv\/#\/schema\/logo\/image\/","url":"https:\/\/www.pinnoitushelin.fi\/wp-content\/uploads\/2024\/05\/logoa.png","contentUrl":"https:\/\/www.pinnoitushelin.fi\/wp-content\/uploads\/2024\/05\/logoa.png","width":331,"height":105,"caption":"Pinnoitus Helin Oy"},"image":{"@id":"https:\/\/www.pinnoitushelin.fi\/lv\/#\/schema\/logo\/image\/"}}]}},"_links":{"self":[{"href":"https:\/\/www.pinnoitushelin.fi\/lv\/wp-json\/wp\/v2\/pages\/2982","targetHints":{"allow":["GET"]}}],"collection":[{"href":"https:\/\/www.pinnoitushelin.fi\/lv\/wp-json\/wp\/v2\/pages"}],"about":[{"href":"https:\/\/www.pinnoitushelin.fi\/lv\/wp-json\/wp\/v2\/types\/page"}],"author":[{"embeddable":true,"href":"https:\/\/www.pinnoitushelin.fi\/lv\/wp-json\/wp\/v2\/users\/3"}],"replies":[{"embeddable":true,"href":"https:\/\/www.pinnoitushelin.fi\/lv\/wp-json\/wp\/v2\/comments?post=2982"}],"version-history":[{"count":3,"href":"https:\/\/www.pinnoitushelin.fi\/lv\/wp-json\/wp\/v2\/pages\/2982\/revisions"}],"predecessor-version":[{"id":3134,"href":"https:\/\/www.pinnoitushelin.fi\/lv\/wp-json\/wp\/v2\/pages\/2982\/revisions\/3134"}],"up":[{"embeddable":true,"href":"https:\/\/www.pinnoitushelin.fi\/lv\/wp-json\/wp\/v2\/pages\/2961"}],"wp:attachment":[{"href":"https:\/\/www.pinnoitushelin.fi\/lv\/wp-json\/wp\/v2\/media?parent=2982"}],"curies":[{"name":"wp","href":"https:\/\/api.w.org\/{rel}","templated":true}]}}