{"id":2976,"date":"2024-06-24T09:18:01","date_gmt":"2024-06-24T07:18:01","guid":{"rendered":"https:\/\/www.pinnoitushelin.fi\/informacija\/kvalitate\/"},"modified":"2025-12-22T09:20:40","modified_gmt":"2025-12-22T07:20:40","slug":"kvalitate","status":"publish","type":"page","link":"https:\/\/www.pinnoitushelin.fi\/lv\/informacija\/kvalitate\/","title":{"rendered":"Kvalit\u0101te"},"content":{"rendered":"<div class=\"wpb-content-wrapper\"><p>[vc_row css=&#8221;.vc_custom_1717732603405{margin-bottom: 40px !important;}&#8221;][vc_column][vc_single_image image=&#8221;2391&#8243; img_size=&#8221;large&#8221; css=&#8221;&#8221;][\/vc_column][\/vc_row][vc_row css=&#8221;.vc_custom_1719213388989{margin-bottom: 40px !important;}&#8221;][vc_column][vc_column_text css=&#8221;&#8221;]<\/p>\n<h1>Kvalit\u0101te, standartiz\u0113jot ra\u017eo\u0161anas procesus<\/h1>\n<h3>Uz\u0146\u0113mum\u0101 Pinnoitus Helin Oy m\u0113s sp\u0113jam nodro\u0161in\u0101t nemain\u012bgi augstas kvalit\u0101tes pakalpojumus un produktus, jo esam pilnveidoju\u0161i savu ra\u017eo\u0161anas procesu l\u012bdz augst\u0101kajiem standartiem.<br \/>\nM\u0113s nodro\u0161in\u0101m kvalit\u0101ti, veicot karstuma trieciena testus un m\u0113rot p\u0101rkl\u0101juma biezumu.<\/h3>\n<p>[\/vc_column_text][\/vc_column][\/vc_row][vc_row equal_height=&#8221;yes&#8221; content_placement=&#8221;middle&#8221; css=&#8221;.vc_custom_1719213445405{margin-bottom: 40px !important;}&#8221;][vc_column width=&#8221;2\/3&#8243; css=&#8221;.vc_custom_1719213432619{margin-bottom: 30px !important;}&#8221;][vc_column_text css=&#8221;&#8221;]M\u016bsu darb\u012bba ir sertific\u0113ta saska\u0146\u0101 ar kvalit\u0101tes vad\u012bbas sist\u0113mas standartu ISO 9001:2015 un vides vad\u012bbas sist\u0113mas standartu ISO 14001:2015.<br \/>\nRegul\u0101ra ra\u017eo\u0161anas procesu anal\u012bze un autom\u0101tiska \u0137\u012bmisko piedevu doz\u0113\u0161ana, k\u0101 ar\u012b produktu gal\u012bg\u0101 test\u0113\u0161ana ir svar\u012bga produkt\u012bvas un profesion\u0101las virsmas apstr\u0101des r\u016bpn\u012bcas sast\u0101vda\u013ca.<br \/>\nGatavajiem p\u0101rkl\u0101jumiem ir j\u0101b\u016bt iztur\u012bgiem ar\u012b termisko triecienu testos.<br \/>\nUz\u0146\u0113mum\u0101 Pinnierung Helin ir pieejami alum\u012bnija un alum\u012bnija sakaus\u0113jumu, vara un t\u0101 sakaus\u0113jumu, t\u0113rauda, k\u0101 ar\u012b r\u016bd\u012bta un ner\u016bs\u0113jo\u0161\u0101 t\u0113rauda pirmapstr\u0101des procesi.<br \/>\nJ\u016bs varat lejupiel\u0101d\u0113t sertifik\u0101tu \u0161eit <a href=\"https:\/\/www.pinnoitushelin.fi\/wp-content\/uploads\/2025\/12\/Pinnoitus-Helin-Oy-EN-30112028.pdf\" target=\"_blank\" rel=\"noopener\">Pinnoitus Helin Oy ISO 9001:2015 un ISO 14001:2015 sertifik\u0101ts<\/a>.[\/vc_column_text][\/vc_column][vc_column width=&#8221;1\/3&#8243;][vc_single_image image=&#8221;3377&#8243; img_size=&#8221;full&#8221; onclick=&#8221;custom_link&#8221; img_link_target=&#8221;_blank&#8221; css=&#8221;&#8221; rel_no_follow=&#8221;true&#8221; link=&#8221;https:\/\/www.pinnoitushelin.fi\/wp-content\/uploads\/2024\/09\/Pinnoitus-Helin-Oy-FI-30112025.pdf&#8221;][\/vc_column][\/vc_row][vc_row css=&#8221;.vc_custom_1722286478909{margin-bottom: 70px !important;}&#8221;][vc_column][vc_column_text css=&#8221;&#8221;]T\u0101pat k\u0101 jebkura p\u0101rkl\u0101juma gad\u012bjum\u0101, galarezult\u0101tam ir svar\u012bga iepriek\u0161\u0113ja apstr\u0101de.<br \/>\nLai pan\u0101ktu perfektu sa\u0137eri, vissvar\u012bg\u0101kais solis ir gruntskr\u0101sas t\u012br\u012b\u0161ana un aktiviz\u0113\u0161ana.<br \/>\nTas \u013caus substr\u0101tam uz\u0146emt v\u0113lamo p\u0101rkl\u0101jumu.<br \/>\nAdh\u0113ziju nodro\u0161ina met\u0101la saite starp virsmu un p\u0101rkl\u0101jumu, kur\u0101 atomi dal\u0101s ar da\u017eiem elektroniem.<br \/>\nT\u0101p\u0113c p\u0101rkl\u0101jumu nav iesp\u0113jams no\u0146emt no substr\u0101ta ar meh\u0101niskiem l\u012bdzek\u013ciem.<br \/>\nP\u0101rkl\u0101juma sa\u0137ere ar substr\u0101tu ietekm\u0113 ar\u012b priek\u0161meta siltumvad\u012btsp\u0113ju un elektrovad\u012btsp\u0113ju.<br \/>\nBez piln\u012bgas sa\u0137eres var b\u016bt gr\u016bti vai neiesp\u0113jami pan\u0101kt ar\u012b lod\u0113\u0161anas \u012bpa\u0161\u012bbu.<br \/>\nS\u012bk\u0101ku adh\u0113zijas test\u0113\u0161anas meto\u017eu apraksts ir sniegts standart\u0101, ko m\u0113s iev\u0113rojam: &#8220;Elektrol\u012btiski un \u0137\u012bmiski uzkl\u0101ti p\u0101rkl\u0101jumi &#8211; P\u0101rskats par pieejamaj\u0101m adh\u0113zijas test\u0113\u0161anas metod\u0113m&#8221; (ISO 2819:1980).[\/vc_column_text][\/vc_column][\/vc_row][vc_row bg_type=&#8221;bg_color&#8221; bg_override=&#8221;full&#8221; css=&#8221;.vc_custom_1719351229771{margin-bottom: -30px !important;}&#8221;][vc_column][vc_single_image image=&#8221;2400&#8243; img_size=&#8221;full&#8221; alignment=&#8221;right&#8221; css=&#8221;.vc_custom_1719351301618{margin-bottom: -125px !important;}&#8221; image_hovers=&#8221;false&#8221;][\/vc_column][\/vc_row]<\/p>\n<\/div>","protected":false},"excerpt":{"rendered":"<p>[vc_row css=&#8221;.vc_custom_1717732603405{margin-bottom: 40px !important;}&#8221;][vc_column][vc_single_image image=&#8221;2391&#8243; img_size=&#8221;large&#8221; css=&#8221;&#8221;][\/vc_column][\/vc_row][vc_row css=&#8221;.vc_custom_1719213388989{margin-bottom: 40px !important;}&#8221;][vc_column][vc_column_text css=&#8221;&#8221;] Kvalit\u0101te, standartiz\u0113jot ra\u017eo\u0161anas procesus Uz\u0146\u0113mum\u0101 Pinnoitus Helin Oy m\u0113s sp\u0113jam nodro\u0161in\u0101t nemain\u012bgi augstas kvalit\u0101tes pakalpojumus un produktus, jo esam pilnveidoju\u0161i savu ra\u017eo\u0161anas procesu l\u012bdz augst\u0101kajiem standartiem. M\u0113s nodro\u0161in\u0101m kvalit\u0101ti, veicot karstuma trieciena testus un m\u0113rot p\u0101rkl\u0101juma biezumu. [\/vc_column_text][\/vc_column][\/vc_row][vc_row equal_height=&#8221;yes&#8221; content_placement=&#8221;middle&#8221; css=&#8221;.vc_custom_1719213445405{margin-bottom: 40px !important;}&#8221;][vc_column width=&#8221;2\/3&#8243;&hellip;<\/p>\n","protected":false},"author":3,"featured_media":0,"parent":2961,"menu_order":44,"comment_status":"closed","ping_status":"closed","template":"","meta":{"footnotes":""},"class_list":["post-2976","page","type-page","status-publish","hentry","description-off"],"yoast_head":"<!-- This site is optimized with the Yoast SEO plugin v27.4 - https:\/\/yoast.com\/product\/yoast-seo-wordpress\/ -->\n<title>Kvalit\u0101te - Pinnoitus Helin Oy<\/title>\n<meta name=\"description\" content=\"Uz\u0146\u0113mum\u0101 Pinnoitus Helin Oy m\u0113s sp\u0113jam nodro\u0161in\u0101t nemain\u012bgi augstas kvalit\u0101tes pakalpojumus un produktus, jo esam pilnveidoju\u0161i savu ra\u017eo\u0161anas procesu l\u012bdz augst\u0101kajiem standartiem.\" \/>\n<meta name=\"robots\" content=\"index, follow, max-snippet:-1, max-image-preview:large, max-video-preview:-1\" \/>\n<link rel=\"canonical\" href=\"https:\/\/www.pinnoitushelin.fi\/lv\/informacija\/kvalitate\/\" \/>\n<meta property=\"og:locale\" content=\"lv_LV\" \/>\n<meta property=\"og:type\" content=\"article\" \/>\n<meta property=\"og:title\" content=\"Kvalit\u0101te - Pinnoitus Helin Oy\" \/>\n<meta property=\"og:description\" content=\"Uz\u0146\u0113mum\u0101 Pinnoitus Helin Oy m\u0113s sp\u0113jam nodro\u0161in\u0101t nemain\u012bgi augstas kvalit\u0101tes pakalpojumus un produktus, jo esam pilnveidoju\u0161i savu ra\u017eo\u0161anas procesu l\u012bdz augst\u0101kajiem standartiem.\" \/>\n<meta property=\"og:url\" content=\"https:\/\/www.pinnoitushelin.fi\/lv\/informacija\/kvalitate\/\" \/>\n<meta property=\"og:site_name\" content=\"Pinnoitus Helin Oy\" \/>\n<meta property=\"article:modified_time\" content=\"2025-12-22T07:20:40+00:00\" \/>\n<meta name=\"twitter:card\" content=\"summary_large_image\" \/>\n<meta name=\"twitter:label1\" content=\"Est. reading time\" \/>\n\t<meta name=\"twitter:data1\" content=\"3 minutes\" \/>\n<script type=\"application\/ld+json\" class=\"yoast-schema-graph\">{\"@context\":\"https:\\\/\\\/schema.org\",\"@graph\":[{\"@type\":\"WebPage\",\"@id\":\"https:\\\/\\\/www.pinnoitushelin.fi\\\/lv\\\/informacija\\\/kvalitate\\\/\",\"url\":\"https:\\\/\\\/www.pinnoitushelin.fi\\\/lv\\\/informacija\\\/kvalitate\\\/\",\"name\":\"Kvalit\u0101te - Pinnoitus Helin Oy\",\"isPartOf\":{\"@id\":\"https:\\\/\\\/www.pinnoitushelin.fi\\\/lv\\\/#website\"},\"datePublished\":\"2024-06-24T07:18:01+00:00\",\"dateModified\":\"2025-12-22T07:20:40+00:00\",\"description\":\"Uz\u0146\u0113mum\u0101 Pinnoitus Helin Oy m\u0113s sp\u0113jam nodro\u0161in\u0101t nemain\u012bgi augstas kvalit\u0101tes pakalpojumus un produktus, jo esam pilnveidoju\u0161i savu ra\u017eo\u0161anas procesu l\u012bdz augst\u0101kajiem standartiem.\",\"breadcrumb\":{\"@id\":\"https:\\\/\\\/www.pinnoitushelin.fi\\\/lv\\\/informacija\\\/kvalitate\\\/#breadcrumb\"},\"inLanguage\":\"lv-LV\",\"potentialAction\":[{\"@type\":\"ReadAction\",\"target\":[\"https:\\\/\\\/www.pinnoitushelin.fi\\\/lv\\\/informacija\\\/kvalitate\\\/\"]}]},{\"@type\":\"BreadcrumbList\",\"@id\":\"https:\\\/\\\/www.pinnoitushelin.fi\\\/lv\\\/informacija\\\/kvalitate\\\/#breadcrumb\",\"itemListElement\":[{\"@type\":\"ListItem\",\"position\":1,\"name\":\"Etusivu\",\"item\":\"https:\\\/\\\/www.pinnoitushelin.fi\\\/lv\\\/\"},{\"@type\":\"ListItem\",\"position\":2,\"name\":\"Inform\u0101cija\",\"item\":\"https:\\\/\\\/www.pinnoitushelin.fi\\\/lv\\\/informacija\\\/\"},{\"@type\":\"ListItem\",\"position\":3,\"name\":\"Kvalit\u0101te\"}]},{\"@type\":\"WebSite\",\"@id\":\"https:\\\/\\\/www.pinnoitushelin.fi\\\/lv\\\/#website\",\"url\":\"https:\\\/\\\/www.pinnoitushelin.fi\\\/lv\\\/\",\"name\":\"Pinnoitus Helin Oy\",\"description\":\"Teknist\u00e4 pintak\u00e4sittely\u00e4 monipuolisesti ja tasalaatuisesti.\",\"publisher\":{\"@id\":\"https:\\\/\\\/www.pinnoitushelin.fi\\\/lv\\\/#organization\"},\"potentialAction\":[{\"@type\":\"SearchAction\",\"target\":{\"@type\":\"EntryPoint\",\"urlTemplate\":\"https:\\\/\\\/www.pinnoitushelin.fi\\\/lv\\\/?s={search_term_string}\"},\"query-input\":{\"@type\":\"PropertyValueSpecification\",\"valueRequired\":true,\"valueName\":\"search_term_string\"}}],\"inLanguage\":\"lv-LV\"},{\"@type\":\"Organization\",\"@id\":\"https:\\\/\\\/www.pinnoitushelin.fi\\\/lv\\\/#organization\",\"name\":\"Pinnoitus Helin Oy\",\"url\":\"https:\\\/\\\/www.pinnoitushelin.fi\\\/lv\\\/\",\"logo\":{\"@type\":\"ImageObject\",\"inLanguage\":\"lv-LV\",\"@id\":\"https:\\\/\\\/www.pinnoitushelin.fi\\\/lv\\\/#\\\/schema\\\/logo\\\/image\\\/\",\"url\":\"https:\\\/\\\/www.pinnoitushelin.fi\\\/wp-content\\\/uploads\\\/2024\\\/05\\\/logoa.png\",\"contentUrl\":\"https:\\\/\\\/www.pinnoitushelin.fi\\\/wp-content\\\/uploads\\\/2024\\\/05\\\/logoa.png\",\"width\":331,\"height\":105,\"caption\":\"Pinnoitus Helin Oy\"},\"image\":{\"@id\":\"https:\\\/\\\/www.pinnoitushelin.fi\\\/lv\\\/#\\\/schema\\\/logo\\\/image\\\/\"}}]}<\/script>\n<!-- \/ Yoast SEO plugin. -->","yoast_head_json":{"title":"Kvalit\u0101te - Pinnoitus Helin Oy","description":"Uz\u0146\u0113mum\u0101 Pinnoitus Helin Oy m\u0113s sp\u0113jam nodro\u0161in\u0101t nemain\u012bgi augstas kvalit\u0101tes pakalpojumus un produktus, jo esam pilnveidoju\u0161i savu ra\u017eo\u0161anas procesu l\u012bdz augst\u0101kajiem standartiem.","robots":{"index":"index","follow":"follow","max-snippet":"max-snippet:-1","max-image-preview":"max-image-preview:large","max-video-preview":"max-video-preview:-1"},"canonical":"https:\/\/www.pinnoitushelin.fi\/lv\/informacija\/kvalitate\/","og_locale":"lv_LV","og_type":"article","og_title":"Kvalit\u0101te - Pinnoitus Helin Oy","og_description":"Uz\u0146\u0113mum\u0101 Pinnoitus Helin Oy m\u0113s sp\u0113jam nodro\u0161in\u0101t nemain\u012bgi augstas kvalit\u0101tes pakalpojumus un produktus, jo esam pilnveidoju\u0161i savu ra\u017eo\u0161anas procesu l\u012bdz augst\u0101kajiem standartiem.","og_url":"https:\/\/www.pinnoitushelin.fi\/lv\/informacija\/kvalitate\/","og_site_name":"Pinnoitus Helin Oy","article_modified_time":"2025-12-22T07:20:40+00:00","twitter_card":"summary_large_image","twitter_misc":{"Est. reading time":"3 minutes"},"schema":{"@context":"https:\/\/schema.org","@graph":[{"@type":"WebPage","@id":"https:\/\/www.pinnoitushelin.fi\/lv\/informacija\/kvalitate\/","url":"https:\/\/www.pinnoitushelin.fi\/lv\/informacija\/kvalitate\/","name":"Kvalit\u0101te - Pinnoitus Helin Oy","isPartOf":{"@id":"https:\/\/www.pinnoitushelin.fi\/lv\/#website"},"datePublished":"2024-06-24T07:18:01+00:00","dateModified":"2025-12-22T07:20:40+00:00","description":"Uz\u0146\u0113mum\u0101 Pinnoitus Helin Oy m\u0113s sp\u0113jam nodro\u0161in\u0101t nemain\u012bgi augstas kvalit\u0101tes pakalpojumus un produktus, jo esam pilnveidoju\u0161i savu ra\u017eo\u0161anas procesu l\u012bdz augst\u0101kajiem standartiem.","breadcrumb":{"@id":"https:\/\/www.pinnoitushelin.fi\/lv\/informacija\/kvalitate\/#breadcrumb"},"inLanguage":"lv-LV","potentialAction":[{"@type":"ReadAction","target":["https:\/\/www.pinnoitushelin.fi\/lv\/informacija\/kvalitate\/"]}]},{"@type":"BreadcrumbList","@id":"https:\/\/www.pinnoitushelin.fi\/lv\/informacija\/kvalitate\/#breadcrumb","itemListElement":[{"@type":"ListItem","position":1,"name":"Etusivu","item":"https:\/\/www.pinnoitushelin.fi\/lv\/"},{"@type":"ListItem","position":2,"name":"Inform\u0101cija","item":"https:\/\/www.pinnoitushelin.fi\/lv\/informacija\/"},{"@type":"ListItem","position":3,"name":"Kvalit\u0101te"}]},{"@type":"WebSite","@id":"https:\/\/www.pinnoitushelin.fi\/lv\/#website","url":"https:\/\/www.pinnoitushelin.fi\/lv\/","name":"Pinnoitus Helin Oy","description":"Teknist\u00e4 pintak\u00e4sittely\u00e4 monipuolisesti ja tasalaatuisesti.","publisher":{"@id":"https:\/\/www.pinnoitushelin.fi\/lv\/#organization"},"potentialAction":[{"@type":"SearchAction","target":{"@type":"EntryPoint","urlTemplate":"https:\/\/www.pinnoitushelin.fi\/lv\/?s={search_term_string}"},"query-input":{"@type":"PropertyValueSpecification","valueRequired":true,"valueName":"search_term_string"}}],"inLanguage":"lv-LV"},{"@type":"Organization","@id":"https:\/\/www.pinnoitushelin.fi\/lv\/#organization","name":"Pinnoitus Helin Oy","url":"https:\/\/www.pinnoitushelin.fi\/lv\/","logo":{"@type":"ImageObject","inLanguage":"lv-LV","@id":"https:\/\/www.pinnoitushelin.fi\/lv\/#\/schema\/logo\/image\/","url":"https:\/\/www.pinnoitushelin.fi\/wp-content\/uploads\/2024\/05\/logoa.png","contentUrl":"https:\/\/www.pinnoitushelin.fi\/wp-content\/uploads\/2024\/05\/logoa.png","width":331,"height":105,"caption":"Pinnoitus Helin Oy"},"image":{"@id":"https:\/\/www.pinnoitushelin.fi\/lv\/#\/schema\/logo\/image\/"}}]}},"_links":{"self":[{"href":"https:\/\/www.pinnoitushelin.fi\/lv\/wp-json\/wp\/v2\/pages\/2976","targetHints":{"allow":["GET"]}}],"collection":[{"href":"https:\/\/www.pinnoitushelin.fi\/lv\/wp-json\/wp\/v2\/pages"}],"about":[{"href":"https:\/\/www.pinnoitushelin.fi\/lv\/wp-json\/wp\/v2\/types\/page"}],"author":[{"embeddable":true,"href":"https:\/\/www.pinnoitushelin.fi\/lv\/wp-json\/wp\/v2\/users\/3"}],"replies":[{"embeddable":true,"href":"https:\/\/www.pinnoitushelin.fi\/lv\/wp-json\/wp\/v2\/comments?post=2976"}],"version-history":[{"count":8,"href":"https:\/\/www.pinnoitushelin.fi\/lv\/wp-json\/wp\/v2\/pages\/2976\/revisions"}],"predecessor-version":[{"id":3396,"href":"https:\/\/www.pinnoitushelin.fi\/lv\/wp-json\/wp\/v2\/pages\/2976\/revisions\/3396"}],"up":[{"embeddable":true,"href":"https:\/\/www.pinnoitushelin.fi\/lv\/wp-json\/wp\/v2\/pages\/2961"}],"wp:attachment":[{"href":"https:\/\/www.pinnoitushelin.fi\/lv\/wp-json\/wp\/v2\/media?parent=2976"}],"curies":[{"name":"wp","href":"https:\/\/api.w.org\/{rel}","templated":true}]}}