{"id":2970,"date":"2024-06-24T09:12:18","date_gmt":"2024-06-24T07:12:18","guid":{"rendered":"https:\/\/www.pinnoitushelin.fi\/informacija\/vide\/"},"modified":"2024-07-31T01:12:47","modified_gmt":"2024-07-30T23:12:47","slug":"apkarteja-vide","status":"publish","type":"page","link":"https:\/\/www.pinnoitushelin.fi\/lv\/informacija\/apkarteja-vide\/","title":{"rendered":"Apk\u0101rt\u0113j\u0101 vide"},"content":{"rendered":"<div class=\"wpb-content-wrapper\"><p>[vc_row css=&#8221;.vc_custom_1717732603405{margin-bottom: 40px !important;}&#8221;][vc_column][vc_single_image image=&#8221;2110&#8243; img_size=&#8221;large&#8221; css=&#8221;&#8221;][\/vc_column][\/vc_row][vc_row css=&#8221;.vc_custom_1722286454288{margin-bottom: 70px !important;}&#8221;][vc_column][vc_column_text css=&#8221;&#8221;]<\/p>\n<h1>Kvalit\u0101te videi<\/h1>\n<h3>Virsmas apstr\u0101des iek\u0101rtas ir izaicin\u0101jums no vides viedok\u013ca, jo uz p\u0101rkl\u0101jamiem gabaliem tiek izmantots skalo\u0161anas \u016bdens.<br \/>\nPirms novad\u012b\u0161anas publiskaj\u0101 \u016bdens att\u012br\u012b\u0161anas sist\u0113m\u0101 skalo\u0161anas \u016bdens j\u0101att\u012bra no smagajiem met\u0101liem.<\/h3>\n<p>Pinnoitus Helini ir Vides aizsardz\u012bbas a\u0123ent\u016bras izsniegta vides aizsardz\u012bbas at\u013cauja virszemes att\u012br\u012b\u0161anas iek\u0101rt\u0101m, un m\u016bsu darb\u012bbu uzrauga gl\u0101b\u0161anas dienests.<\/p>\n<p>BAT (Best Available Technology) ir akron\u012bms, kas apz\u012bm\u0113 lab\u0101kos pieejamos pas\u0101kumus un l\u012bdzek\u013cus vides pies\u0101r\u0146ojuma samazin\u0101\u0161anai.<br \/>\nP\u0101rkl\u0101jums Helin tas noz\u012bm\u0113 t\u012br\u012b\u0161anas un vides aizsardz\u012bbas metodes, kur\u0101s tiek izmantotas jaun\u0101k\u0101s un progres\u012bv\u0101k\u0101s pieejam\u0101s tehnolo\u0123ijas.<br \/>\nTas noz\u012bm\u0113 efekt\u012bv\u0101ku materi\u0101lu un vielu pl\u016bsmu p\u0101rvald\u012bbu, efekt\u012bv\u0101ku ener\u0123ijas izmanto\u0161anu un zem\u0101kas emisijas.<\/p>\n<p>Pinnoitus Helin iev\u0113roto LPTP ieteikumu piem\u0113ri:<\/p>\n<ul>\n<li>Piln\u012bb\u0101 automatiz\u0113ta past\u0101v\u012bgas pl\u016bsmas iek\u0101rta, kas aptur pl\u016bsmu, ja procesa v\u0113rt\u012bbas nav pie\u013caujamaj\u0101 diapazon\u0101.<br \/>\nTurkl\u0101t process ietver verifik\u0101cijas m\u0113r\u012bjumus, lai atkl\u0101tu jebk\u0101das neatbilst\u012bbas vai sensoru k\u013c\u016bmes.<\/li>\n<li>Nokri\u0161\u0146u nok\u013c\u016b\u0161anu nodro\u0161ina smil\u0161u filtrs, kas tiek nep\u0101rtraukti t\u012br\u012bts.<\/li>\n<li>Pirms novad\u012b\u0161anas kanaliz\u0101cij\u0101 notek\u016bde\u0146i tiek izvad\u012bti caur gal\u012bgo jonu apmai\u0146as iek\u0101rtu, lai atdal\u012btu \u013coti zemu smago met\u0101lu koncentr\u0101ciju.<br \/>\nJonu apmai\u0146as l\u012bdzek\u013ca re\u0123ener\u0101cijas interv\u0101lu uzrauga, katru ned\u0113\u013cu \u0146emot tilpuma paraugu pl\u016bsmas sv\u0113rt\u0101s v\u0113rt\u012bbas.<\/li>\n<li>M\u0113s nog\u0101d\u0101jam nogulsn\u0113t\u0101s smago met\u0101lu nogulsnes p\u0101rstr\u0101des r\u016bpn\u012bc\u0101, kur nogulsn\u0113tie met\u0101li tiek att\u012br\u012bti un atk\u0101rtoti izmantoti.<\/li>\n<li>Visvienk\u0101r\u0161\u0101kais un dro\u0161\u0101kais veids, k\u0101 nep\u0101rsniegt at\u013cautos ierobe\u017eojumus, ir r\u016bp\u012bgi izv\u0113l\u0113ties izmantot\u0101s \u0137\u012bmisk\u0101s vielas.<br \/>\nMaksim\u0101li samazinot kompleks\u0113jo\u0161o \u0137imik\u0101liju izmanto\u0161anu, iev\u0113rojami atvieglos koagul\u0101cijas procesu un tam sekojo\u0161o smago met\u0101lu nogulsn\u0113\u0161anos.<\/li>\n<\/ul>\n<p>[\/vc_column_text][\/vc_column][\/vc_row][vc_row bg_type=&#8221;bg_color&#8221; bg_override=&#8221;full&#8221; css=&#8221;.vc_custom_1719351229771{margin-bottom: -30px !important;}&#8221;][vc_column][vc_single_image image=&#8221;2134&#8243; img_size=&#8221;full&#8221; alignment=&#8221;right&#8221; css=&#8221;.vc_custom_1719351301618{margin-bottom: -125px !important;}&#8221; image_hovers=&#8221;false&#8221;][\/vc_column][\/vc_row]<\/p>\n<\/div>","protected":false},"excerpt":{"rendered":"<p>[vc_row css=&#8221;.vc_custom_1717732603405{margin-bottom: 40px !important;}&#8221;][vc_column][vc_single_image image=&#8221;2110&#8243; img_size=&#8221;large&#8221; css=&#8221;&#8221;][\/vc_column][\/vc_row][vc_row css=&#8221;.vc_custom_1722286454288{margin-bottom: 70px !important;}&#8221;][vc_column][vc_column_text css=&#8221;&#8221;] Kvalit\u0101te videi Virsmas apstr\u0101des iek\u0101rtas ir izaicin\u0101jums no vides viedok\u013ca, jo uz p\u0101rkl\u0101jamiem gabaliem tiek izmantots skalo\u0161anas \u016bdens. Pirms novad\u012b\u0161anas publiskaj\u0101 \u016bdens att\u012br\u012b\u0161anas sist\u0113m\u0101 skalo\u0161anas \u016bdens j\u0101att\u012bra no smagajiem met\u0101liem. Pinnoitus Helini ir Vides aizsardz\u012bbas a\u0123ent\u016bras izsniegta vides aizsardz\u012bbas at\u013cauja virszemes att\u012br\u012b\u0161anas iek\u0101rt\u0101m, un&hellip;<\/p>\n","protected":false},"author":3,"featured_media":0,"parent":2961,"menu_order":43,"comment_status":"closed","ping_status":"closed","template":"","meta":{"footnotes":""},"class_list":["post-2970","page","type-page","status-publish","hentry","description-off"],"yoast_head":"<!-- This site is optimized with the Yoast SEO plugin v27.4 - https:\/\/yoast.com\/product\/yoast-seo-wordpress\/ -->\n<title>Apk\u0101rt\u0113j\u0101 vide - Pinnoitus Helin Oy<\/title>\n<meta name=\"description\" content=\"Virsmas apstr\u0101des iek\u0101rtas ir izaicin\u0101jums no vides viedok\u013ca, jo uz p\u0101rkl\u0101jamiem gabaliem tiek izmantots skalo\u0161anas \u016bdens. Pirms novad\u012b\u0161anas publiskaj\u0101 \u016bdens att\u012br\u012b\u0161anas sist\u0113m\u0101 skalo\u0161anas \u016bdens j\u0101att\u012bra no smagajiem met\u0101liem.\" \/>\n<meta name=\"robots\" content=\"index, follow, max-snippet:-1, max-image-preview:large, max-video-preview:-1\" \/>\n<link rel=\"canonical\" href=\"https:\/\/www.pinnoitushelin.fi\/lv\/informacija\/apkarteja-vide\/\" \/>\n<meta property=\"og:locale\" content=\"lv_LV\" \/>\n<meta property=\"og:type\" content=\"article\" \/>\n<meta property=\"og:title\" content=\"Apk\u0101rt\u0113j\u0101 vide - Pinnoitus Helin Oy\" \/>\n<meta property=\"og:description\" content=\"Virsmas apstr\u0101des iek\u0101rtas ir izaicin\u0101jums no vides viedok\u013ca, jo uz p\u0101rkl\u0101jamiem gabaliem tiek izmantots skalo\u0161anas \u016bdens. Pirms novad\u012b\u0161anas publiskaj\u0101 \u016bdens att\u012br\u012b\u0161anas sist\u0113m\u0101 skalo\u0161anas \u016bdens j\u0101att\u012bra no smagajiem met\u0101liem.\" \/>\n<meta property=\"og:url\" content=\"https:\/\/www.pinnoitushelin.fi\/lv\/informacija\/apkarteja-vide\/\" \/>\n<meta property=\"og:site_name\" content=\"Pinnoitus Helin Oy\" \/>\n<meta property=\"article:modified_time\" content=\"2024-07-30T23:12:47+00:00\" \/>\n<meta name=\"twitter:card\" content=\"summary_large_image\" \/>\n<meta name=\"twitter:label1\" content=\"Est. reading time\" \/>\n\t<meta name=\"twitter:data1\" content=\"2 minutes\" \/>\n<script type=\"application\/ld+json\" class=\"yoast-schema-graph\">{\"@context\":\"https:\\\/\\\/schema.org\",\"@graph\":[{\"@type\":\"WebPage\",\"@id\":\"https:\\\/\\\/www.pinnoitushelin.fi\\\/lv\\\/informacija\\\/apkarteja-vide\\\/\",\"url\":\"https:\\\/\\\/www.pinnoitushelin.fi\\\/lv\\\/informacija\\\/apkarteja-vide\\\/\",\"name\":\"Apk\u0101rt\u0113j\u0101 vide - Pinnoitus Helin Oy\",\"isPartOf\":{\"@id\":\"https:\\\/\\\/www.pinnoitushelin.fi\\\/lv\\\/#website\"},\"datePublished\":\"2024-06-24T07:12:18+00:00\",\"dateModified\":\"2024-07-30T23:12:47+00:00\",\"description\":\"Virsmas apstr\u0101des iek\u0101rtas ir izaicin\u0101jums no vides viedok\u013ca, jo uz p\u0101rkl\u0101jamiem gabaliem tiek izmantots skalo\u0161anas \u016bdens. Pirms novad\u012b\u0161anas publiskaj\u0101 \u016bdens att\u012br\u012b\u0161anas sist\u0113m\u0101 skalo\u0161anas \u016bdens j\u0101att\u012bra no smagajiem met\u0101liem.\",\"breadcrumb\":{\"@id\":\"https:\\\/\\\/www.pinnoitushelin.fi\\\/lv\\\/informacija\\\/apkarteja-vide\\\/#breadcrumb\"},\"inLanguage\":\"lv-LV\",\"potentialAction\":[{\"@type\":\"ReadAction\",\"target\":[\"https:\\\/\\\/www.pinnoitushelin.fi\\\/lv\\\/informacija\\\/apkarteja-vide\\\/\"]}]},{\"@type\":\"BreadcrumbList\",\"@id\":\"https:\\\/\\\/www.pinnoitushelin.fi\\\/lv\\\/informacija\\\/apkarteja-vide\\\/#breadcrumb\",\"itemListElement\":[{\"@type\":\"ListItem\",\"position\":1,\"name\":\"Etusivu\",\"item\":\"https:\\\/\\\/www.pinnoitushelin.fi\\\/lv\\\/\"},{\"@type\":\"ListItem\",\"position\":2,\"name\":\"Inform\u0101cija\",\"item\":\"https:\\\/\\\/www.pinnoitushelin.fi\\\/lv\\\/informacija\\\/\"},{\"@type\":\"ListItem\",\"position\":3,\"name\":\"Apk\u0101rt\u0113j\u0101 vide\"}]},{\"@type\":\"WebSite\",\"@id\":\"https:\\\/\\\/www.pinnoitushelin.fi\\\/lv\\\/#website\",\"url\":\"https:\\\/\\\/www.pinnoitushelin.fi\\\/lv\\\/\",\"name\":\"Pinnoitus Helin Oy\",\"description\":\"Teknist\u00e4 pintak\u00e4sittely\u00e4 monipuolisesti ja tasalaatuisesti.\",\"publisher\":{\"@id\":\"https:\\\/\\\/www.pinnoitushelin.fi\\\/lv\\\/#organization\"},\"potentialAction\":[{\"@type\":\"SearchAction\",\"target\":{\"@type\":\"EntryPoint\",\"urlTemplate\":\"https:\\\/\\\/www.pinnoitushelin.fi\\\/lv\\\/?s={search_term_string}\"},\"query-input\":{\"@type\":\"PropertyValueSpecification\",\"valueRequired\":true,\"valueName\":\"search_term_string\"}}],\"inLanguage\":\"lv-LV\"},{\"@type\":\"Organization\",\"@id\":\"https:\\\/\\\/www.pinnoitushelin.fi\\\/lv\\\/#organization\",\"name\":\"Pinnoitus Helin Oy\",\"url\":\"https:\\\/\\\/www.pinnoitushelin.fi\\\/lv\\\/\",\"logo\":{\"@type\":\"ImageObject\",\"inLanguage\":\"lv-LV\",\"@id\":\"https:\\\/\\\/www.pinnoitushelin.fi\\\/lv\\\/#\\\/schema\\\/logo\\\/image\\\/\",\"url\":\"https:\\\/\\\/www.pinnoitushelin.fi\\\/wp-content\\\/uploads\\\/2024\\\/05\\\/logoa.png\",\"contentUrl\":\"https:\\\/\\\/www.pinnoitushelin.fi\\\/wp-content\\\/uploads\\\/2024\\\/05\\\/logoa.png\",\"width\":331,\"height\":105,\"caption\":\"Pinnoitus Helin Oy\"},\"image\":{\"@id\":\"https:\\\/\\\/www.pinnoitushelin.fi\\\/lv\\\/#\\\/schema\\\/logo\\\/image\\\/\"}}]}<\/script>\n<!-- \/ Yoast SEO plugin. -->","yoast_head_json":{"title":"Apk\u0101rt\u0113j\u0101 vide - Pinnoitus Helin Oy","description":"Virsmas apstr\u0101des iek\u0101rtas ir izaicin\u0101jums no vides viedok\u013ca, jo uz p\u0101rkl\u0101jamiem gabaliem tiek izmantots skalo\u0161anas \u016bdens. Pirms novad\u012b\u0161anas publiskaj\u0101 \u016bdens att\u012br\u012b\u0161anas sist\u0113m\u0101 skalo\u0161anas \u016bdens j\u0101att\u012bra no smagajiem met\u0101liem.","robots":{"index":"index","follow":"follow","max-snippet":"max-snippet:-1","max-image-preview":"max-image-preview:large","max-video-preview":"max-video-preview:-1"},"canonical":"https:\/\/www.pinnoitushelin.fi\/lv\/informacija\/apkarteja-vide\/","og_locale":"lv_LV","og_type":"article","og_title":"Apk\u0101rt\u0113j\u0101 vide - Pinnoitus Helin Oy","og_description":"Virsmas apstr\u0101des iek\u0101rtas ir izaicin\u0101jums no vides viedok\u013ca, jo uz p\u0101rkl\u0101jamiem gabaliem tiek izmantots skalo\u0161anas \u016bdens. Pirms novad\u012b\u0161anas publiskaj\u0101 \u016bdens att\u012br\u012b\u0161anas sist\u0113m\u0101 skalo\u0161anas \u016bdens j\u0101att\u012bra no smagajiem met\u0101liem.","og_url":"https:\/\/www.pinnoitushelin.fi\/lv\/informacija\/apkarteja-vide\/","og_site_name":"Pinnoitus Helin Oy","article_modified_time":"2024-07-30T23:12:47+00:00","twitter_card":"summary_large_image","twitter_misc":{"Est. reading time":"2 minutes"},"schema":{"@context":"https:\/\/schema.org","@graph":[{"@type":"WebPage","@id":"https:\/\/www.pinnoitushelin.fi\/lv\/informacija\/apkarteja-vide\/","url":"https:\/\/www.pinnoitushelin.fi\/lv\/informacija\/apkarteja-vide\/","name":"Apk\u0101rt\u0113j\u0101 vide - Pinnoitus Helin Oy","isPartOf":{"@id":"https:\/\/www.pinnoitushelin.fi\/lv\/#website"},"datePublished":"2024-06-24T07:12:18+00:00","dateModified":"2024-07-30T23:12:47+00:00","description":"Virsmas apstr\u0101des iek\u0101rtas ir izaicin\u0101jums no vides viedok\u013ca, jo uz p\u0101rkl\u0101jamiem gabaliem tiek izmantots skalo\u0161anas \u016bdens. Pirms novad\u012b\u0161anas publiskaj\u0101 \u016bdens att\u012br\u012b\u0161anas sist\u0113m\u0101 skalo\u0161anas \u016bdens j\u0101att\u012bra no smagajiem met\u0101liem.","breadcrumb":{"@id":"https:\/\/www.pinnoitushelin.fi\/lv\/informacija\/apkarteja-vide\/#breadcrumb"},"inLanguage":"lv-LV","potentialAction":[{"@type":"ReadAction","target":["https:\/\/www.pinnoitushelin.fi\/lv\/informacija\/apkarteja-vide\/"]}]},{"@type":"BreadcrumbList","@id":"https:\/\/www.pinnoitushelin.fi\/lv\/informacija\/apkarteja-vide\/#breadcrumb","itemListElement":[{"@type":"ListItem","position":1,"name":"Etusivu","item":"https:\/\/www.pinnoitushelin.fi\/lv\/"},{"@type":"ListItem","position":2,"name":"Inform\u0101cija","item":"https:\/\/www.pinnoitushelin.fi\/lv\/informacija\/"},{"@type":"ListItem","position":3,"name":"Apk\u0101rt\u0113j\u0101 vide"}]},{"@type":"WebSite","@id":"https:\/\/www.pinnoitushelin.fi\/lv\/#website","url":"https:\/\/www.pinnoitushelin.fi\/lv\/","name":"Pinnoitus Helin Oy","description":"Teknist\u00e4 pintak\u00e4sittely\u00e4 monipuolisesti ja tasalaatuisesti.","publisher":{"@id":"https:\/\/www.pinnoitushelin.fi\/lv\/#organization"},"potentialAction":[{"@type":"SearchAction","target":{"@type":"EntryPoint","urlTemplate":"https:\/\/www.pinnoitushelin.fi\/lv\/?s={search_term_string}"},"query-input":{"@type":"PropertyValueSpecification","valueRequired":true,"valueName":"search_term_string"}}],"inLanguage":"lv-LV"},{"@type":"Organization","@id":"https:\/\/www.pinnoitushelin.fi\/lv\/#organization","name":"Pinnoitus Helin Oy","url":"https:\/\/www.pinnoitushelin.fi\/lv\/","logo":{"@type":"ImageObject","inLanguage":"lv-LV","@id":"https:\/\/www.pinnoitushelin.fi\/lv\/#\/schema\/logo\/image\/","url":"https:\/\/www.pinnoitushelin.fi\/wp-content\/uploads\/2024\/05\/logoa.png","contentUrl":"https:\/\/www.pinnoitushelin.fi\/wp-content\/uploads\/2024\/05\/logoa.png","width":331,"height":105,"caption":"Pinnoitus Helin Oy"},"image":{"@id":"https:\/\/www.pinnoitushelin.fi\/lv\/#\/schema\/logo\/image\/"}}]}},"_links":{"self":[{"href":"https:\/\/www.pinnoitushelin.fi\/lv\/wp-json\/wp\/v2\/pages\/2970","targetHints":{"allow":["GET"]}}],"collection":[{"href":"https:\/\/www.pinnoitushelin.fi\/lv\/wp-json\/wp\/v2\/pages"}],"about":[{"href":"https:\/\/www.pinnoitushelin.fi\/lv\/wp-json\/wp\/v2\/types\/page"}],"author":[{"embeddable":true,"href":"https:\/\/www.pinnoitushelin.fi\/lv\/wp-json\/wp\/v2\/users\/3"}],"replies":[{"embeddable":true,"href":"https:\/\/www.pinnoitushelin.fi\/lv\/wp-json\/wp\/v2\/comments?post=2970"}],"version-history":[{"count":3,"href":"https:\/\/www.pinnoitushelin.fi\/lv\/wp-json\/wp\/v2\/pages\/2970\/revisions"}],"predecessor-version":[{"id":3133,"href":"https:\/\/www.pinnoitushelin.fi\/lv\/wp-json\/wp\/v2\/pages\/2970\/revisions\/3133"}],"up":[{"embeddable":true,"href":"https:\/\/www.pinnoitushelin.fi\/lv\/wp-json\/wp\/v2\/pages\/2961"}],"wp:attachment":[{"href":"https:\/\/www.pinnoitushelin.fi\/lv\/wp-json\/wp\/v2\/media?parent=2970"}],"curies":[{"name":"wp","href":"https:\/\/api.w.org\/{rel}","templated":true}]}}