{"id":2965,"date":"2024-06-07T05:58:31","date_gmt":"2024-06-07T03:58:31","guid":{"rendered":"https:\/\/www.pinnoitushelin.fi\/informacija\/uznemums\/"},"modified":"2024-07-31T01:12:14","modified_gmt":"2024-07-30T23:12:14","slug":"uznemums","status":"publish","type":"page","link":"https:\/\/www.pinnoitushelin.fi\/lv\/informacija\/uznemums\/","title":{"rendered":"Uz\u0146\u0113mums"},"content":{"rendered":"<div class=\"wpb-content-wrapper\"><p>[vc_row css=&#8221;.vc_custom_1717732603405{margin-bottom: 40px !important;}&#8221;][vc_column][vc_single_image image=&#8221;1923&#8243; img_size=&#8221;large&#8221; css=&#8221;&#8221;][\/vc_column][\/vc_row][vc_row css=&#8221;.vc_custom_1722286400084{margin-bottom: 70px !important;}&#8221;][vc_column][vc_column_text css=&#8221;&#8221;]<\/p>\n<h1>Pinnoitus Helin dzi\u013c\u0101k par virsmu<\/h1>\n<h3>Uz\u0146\u0113mum\u0101 Pinnoitus Helin m\u0113s izmantojam savas zin\u0101\u0161anas un kvalit\u0101ti, lai lieliskus produktus padar\u012btu v\u0113l lab\u0101kus un iztur\u012bg\u0101kus.<br \/>\nM\u016bsu ilggad\u0113j\u0101s trad\u012bcijas un pamat\u012bg\u0101 pieredze nozar\u0113 nodro\u0161ina, ka m\u016bsu klienti vienm\u0113r sa\u0146em nepiecie\u0161amo &#8211; dro\u0161i un pareizi.<\/h3>\n<p>M\u016bsu uz\u0146\u0113m\u0113jdarb\u012bbas filozofijas pamat\u0101 ir elast\u012bgs un uz klientu orient\u0113ts serviss.<br \/>\nPraks\u0113 m\u0113s saviem klientiem vienm\u0113r pieg\u0101d\u0101jam produktus, kas atbilst noteiktaj\u0101m kvalit\u0101tes pras\u012bb\u0101m, noteiktaj\u0101 laik\u0101.<\/p>\n<p>Mums ir 20 ilggad\u0113ji darbinieki, kuriem visiem ir stabila profesion\u0101l\u0101 pieredze elektrol\u012btisko p\u0101rkl\u0101jumu ra\u017eo\u0161an\u0101.<br \/>\nM\u0113s pied\u0101v\u0101jam atbalsto\u0161u darba vidi, kur\u0101 nepiecie\u0161ama r\u016bp\u012bga pieeja darbam.<br \/>\nM\u016bsu apgroz\u012bjums 2020. gad\u0101 sasniedza 2,3 miljonus eiro, kas atspogu\u013co klientu uztic\u012bbu mums.<\/p>\n<p>M\u016bsu uz\u0146\u0113muma pirms\u0101kumi mekl\u0113jami pag\u0101ju\u0161\u0101 gadsimta 60. gados, kad r\u016bpn\u012bca bija da\u013ca no Fiskars Kellokoski keramikas r\u016bpn\u012bcas.<br \/>\nPinnoitus Helin Oy pa\u0161reiz\u0113jais \u012bpa\u0161nieks ir kop\u0161 1992. gada.<br \/>\nM\u0113s ieguld\u0101m l\u012bdzek\u013cus nep\u0101rtraukt\u0101 metodolo\u0123isk\u0101 att\u012bst\u012bb\u0101 un mekl\u0113jam jaunus veidus, k\u0101 risin\u0101t m\u016bsu klientu vajadz\u012bbas.<br \/>\nTas m\u016bs ir padar\u012bjis par vienu no daudzpus\u012bg\u0101kajiem p\u0101rkl\u0101jumu uz\u0146\u0113mumiem Somij\u0101.<\/p>\n<p>Uz\u0146\u0113mum\u0101 Pinnoitus Helin Oy esam p\u0101rliecin\u0101ti par n\u0101kotni un apzin\u0101mies globaliz\u0101cijas rad\u012btos izaicin\u0101jumus.<br \/>\nM\u0113s past\u0101v\u012bgi papla\u0161in\u0101m un pilnveidojam savus virsmas apstr\u0101des pakalpojumus, pied\u0101v\u0101jot saviem klientiem pla\u0161u un kvalitat\u012bvu virsmas apstr\u0101des kl\u0101stu.[\/vc_column_text][\/vc_column][\/vc_row][vc_row bg_type=&#8221;bg_color&#8221; bg_override=&#8221;full&#8221; css=&#8221;.vc_custom_1719351634384{margin-bottom: -30px !important;}&#8221;][vc_column][vc_single_image image=&#8221;2134&#8243; img_size=&#8221;full&#8221; alignment=&#8221;right&#8221; css=&#8221;.vc_custom_1719352003983{margin-bottom: -125px !important;}&#8221; image_hovers=&#8221;false&#8221;][\/vc_column][\/vc_row]<\/p>\n<\/div>","protected":false},"excerpt":{"rendered":"<p>[vc_row css=&#8221;.vc_custom_1717732603405{margin-bottom: 40px !important;}&#8221;][vc_column][vc_single_image image=&#8221;1923&#8243; img_size=&#8221;large&#8221; css=&#8221;&#8221;][\/vc_column][\/vc_row][vc_row css=&#8221;.vc_custom_1722286400084{margin-bottom: 70px !important;}&#8221;][vc_column][vc_column_text css=&#8221;&#8221;] Pinnoitus Helin dzi\u013c\u0101k par virsmu Uz\u0146\u0113mum\u0101 Pinnoitus Helin m\u0113s izmantojam savas zin\u0101\u0161anas un kvalit\u0101ti, lai lieliskus produktus padar\u012btu v\u0113l lab\u0101kus un iztur\u012bg\u0101kus. M\u016bsu ilggad\u0113j\u0101s trad\u012bcijas un pamat\u012bg\u0101 pieredze nozar\u0113 nodro\u0161ina, ka m\u016bsu klienti vienm\u0113r sa\u0146em nepiecie\u0161amo &#8211; dro\u0161i un pareizi. M\u016bsu uz\u0146\u0113m\u0113jdarb\u012bbas filozofijas pamat\u0101&hellip;<\/p>\n","protected":false},"author":3,"featured_media":0,"parent":2961,"menu_order":41,"comment_status":"closed","ping_status":"closed","template":"","meta":{"footnotes":""},"class_list":["post-2965","page","type-page","status-publish","hentry","description-off"],"yoast_head":"<!-- This site is optimized with the Yoast SEO plugin v27.4 - https:\/\/yoast.com\/product\/yoast-seo-wordpress\/ -->\n<title>Uz\u0146\u0113mums - Pinnoitus Helin Oy<\/title>\n<meta name=\"description\" content=\"Uz\u0146\u0113mum\u0101 Pinnoitus Helin m\u0113s izmantojam savas zin\u0101\u0161anas un kvalit\u0101ti, lai lieliskus produktus padar\u012btu v\u0113l lab\u0101kus un iztur\u012bg\u0101kus.\" \/>\n<meta name=\"robots\" content=\"index, follow, max-snippet:-1, max-image-preview:large, max-video-preview:-1\" \/>\n<link rel=\"canonical\" href=\"https:\/\/www.pinnoitushelin.fi\/lv\/informacija\/uznemums\/\" \/>\n<meta property=\"og:locale\" content=\"lv_LV\" \/>\n<meta property=\"og:type\" content=\"article\" \/>\n<meta property=\"og:title\" content=\"Uz\u0146\u0113mums - Pinnoitus Helin Oy\" \/>\n<meta property=\"og:description\" content=\"Uz\u0146\u0113mum\u0101 Pinnoitus Helin m\u0113s izmantojam savas zin\u0101\u0161anas un kvalit\u0101ti, lai lieliskus produktus padar\u012btu v\u0113l lab\u0101kus un iztur\u012bg\u0101kus.\" \/>\n<meta property=\"og:url\" content=\"https:\/\/www.pinnoitushelin.fi\/lv\/informacija\/uznemums\/\" \/>\n<meta property=\"og:site_name\" content=\"Pinnoitus Helin Oy\" \/>\n<meta property=\"article:modified_time\" content=\"2024-07-30T23:12:14+00:00\" \/>\n<meta name=\"twitter:card\" content=\"summary_large_image\" \/>\n<meta name=\"twitter:label1\" content=\"Est. reading time\" \/>\n\t<meta name=\"twitter:data1\" content=\"2 minutes\" \/>\n<script type=\"application\/ld+json\" class=\"yoast-schema-graph\">{\"@context\":\"https:\\\/\\\/schema.org\",\"@graph\":[{\"@type\":\"WebPage\",\"@id\":\"https:\\\/\\\/www.pinnoitushelin.fi\\\/lv\\\/informacija\\\/uznemums\\\/\",\"url\":\"https:\\\/\\\/www.pinnoitushelin.fi\\\/lv\\\/informacija\\\/uznemums\\\/\",\"name\":\"Uz\u0146\u0113mums - Pinnoitus Helin Oy\",\"isPartOf\":{\"@id\":\"https:\\\/\\\/www.pinnoitushelin.fi\\\/lv\\\/#website\"},\"datePublished\":\"2024-06-07T03:58:31+00:00\",\"dateModified\":\"2024-07-30T23:12:14+00:00\",\"description\":\"Uz\u0146\u0113mum\u0101 Pinnoitus Helin m\u0113s izmantojam savas zin\u0101\u0161anas un kvalit\u0101ti, lai lieliskus produktus padar\u012btu v\u0113l lab\u0101kus un iztur\u012bg\u0101kus.\",\"breadcrumb\":{\"@id\":\"https:\\\/\\\/www.pinnoitushelin.fi\\\/lv\\\/informacija\\\/uznemums\\\/#breadcrumb\"},\"inLanguage\":\"lv-LV\",\"potentialAction\":[{\"@type\":\"ReadAction\",\"target\":[\"https:\\\/\\\/www.pinnoitushelin.fi\\\/lv\\\/informacija\\\/uznemums\\\/\"]}]},{\"@type\":\"BreadcrumbList\",\"@id\":\"https:\\\/\\\/www.pinnoitushelin.fi\\\/lv\\\/informacija\\\/uznemums\\\/#breadcrumb\",\"itemListElement\":[{\"@type\":\"ListItem\",\"position\":1,\"name\":\"Etusivu\",\"item\":\"https:\\\/\\\/www.pinnoitushelin.fi\\\/lv\\\/\"},{\"@type\":\"ListItem\",\"position\":2,\"name\":\"Inform\u0101cija\",\"item\":\"https:\\\/\\\/www.pinnoitushelin.fi\\\/lv\\\/informacija\\\/\"},{\"@type\":\"ListItem\",\"position\":3,\"name\":\"Uz\u0146\u0113mums\"}]},{\"@type\":\"WebSite\",\"@id\":\"https:\\\/\\\/www.pinnoitushelin.fi\\\/lv\\\/#website\",\"url\":\"https:\\\/\\\/www.pinnoitushelin.fi\\\/lv\\\/\",\"name\":\"Pinnoitus Helin Oy\",\"description\":\"Teknist\u00e4 pintak\u00e4sittely\u00e4 monipuolisesti ja tasalaatuisesti.\",\"publisher\":{\"@id\":\"https:\\\/\\\/www.pinnoitushelin.fi\\\/lv\\\/#organization\"},\"potentialAction\":[{\"@type\":\"SearchAction\",\"target\":{\"@type\":\"EntryPoint\",\"urlTemplate\":\"https:\\\/\\\/www.pinnoitushelin.fi\\\/lv\\\/?s={search_term_string}\"},\"query-input\":{\"@type\":\"PropertyValueSpecification\",\"valueRequired\":true,\"valueName\":\"search_term_string\"}}],\"inLanguage\":\"lv-LV\"},{\"@type\":\"Organization\",\"@id\":\"https:\\\/\\\/www.pinnoitushelin.fi\\\/lv\\\/#organization\",\"name\":\"Pinnoitus Helin Oy\",\"url\":\"https:\\\/\\\/www.pinnoitushelin.fi\\\/lv\\\/\",\"logo\":{\"@type\":\"ImageObject\",\"inLanguage\":\"lv-LV\",\"@id\":\"https:\\\/\\\/www.pinnoitushelin.fi\\\/lv\\\/#\\\/schema\\\/logo\\\/image\\\/\",\"url\":\"https:\\\/\\\/www.pinnoitushelin.fi\\\/wp-content\\\/uploads\\\/2024\\\/05\\\/logoa.png\",\"contentUrl\":\"https:\\\/\\\/www.pinnoitushelin.fi\\\/wp-content\\\/uploads\\\/2024\\\/05\\\/logoa.png\",\"width\":331,\"height\":105,\"caption\":\"Pinnoitus Helin Oy\"},\"image\":{\"@id\":\"https:\\\/\\\/www.pinnoitushelin.fi\\\/lv\\\/#\\\/schema\\\/logo\\\/image\\\/\"}}]}<\/script>\n<!-- \/ Yoast SEO plugin. -->","yoast_head_json":{"title":"Uz\u0146\u0113mums - Pinnoitus Helin Oy","description":"Uz\u0146\u0113mum\u0101 Pinnoitus Helin m\u0113s izmantojam savas zin\u0101\u0161anas un kvalit\u0101ti, lai lieliskus produktus padar\u012btu v\u0113l lab\u0101kus un iztur\u012bg\u0101kus.","robots":{"index":"index","follow":"follow","max-snippet":"max-snippet:-1","max-image-preview":"max-image-preview:large","max-video-preview":"max-video-preview:-1"},"canonical":"https:\/\/www.pinnoitushelin.fi\/lv\/informacija\/uznemums\/","og_locale":"lv_LV","og_type":"article","og_title":"Uz\u0146\u0113mums - Pinnoitus Helin Oy","og_description":"Uz\u0146\u0113mum\u0101 Pinnoitus Helin m\u0113s izmantojam savas zin\u0101\u0161anas un kvalit\u0101ti, lai lieliskus produktus padar\u012btu v\u0113l lab\u0101kus un iztur\u012bg\u0101kus.","og_url":"https:\/\/www.pinnoitushelin.fi\/lv\/informacija\/uznemums\/","og_site_name":"Pinnoitus Helin Oy","article_modified_time":"2024-07-30T23:12:14+00:00","twitter_card":"summary_large_image","twitter_misc":{"Est. reading time":"2 minutes"},"schema":{"@context":"https:\/\/schema.org","@graph":[{"@type":"WebPage","@id":"https:\/\/www.pinnoitushelin.fi\/lv\/informacija\/uznemums\/","url":"https:\/\/www.pinnoitushelin.fi\/lv\/informacija\/uznemums\/","name":"Uz\u0146\u0113mums - Pinnoitus Helin Oy","isPartOf":{"@id":"https:\/\/www.pinnoitushelin.fi\/lv\/#website"},"datePublished":"2024-06-07T03:58:31+00:00","dateModified":"2024-07-30T23:12:14+00:00","description":"Uz\u0146\u0113mum\u0101 Pinnoitus Helin m\u0113s izmantojam savas zin\u0101\u0161anas un kvalit\u0101ti, lai lieliskus produktus padar\u012btu v\u0113l lab\u0101kus un iztur\u012bg\u0101kus.","breadcrumb":{"@id":"https:\/\/www.pinnoitushelin.fi\/lv\/informacija\/uznemums\/#breadcrumb"},"inLanguage":"lv-LV","potentialAction":[{"@type":"ReadAction","target":["https:\/\/www.pinnoitushelin.fi\/lv\/informacija\/uznemums\/"]}]},{"@type":"BreadcrumbList","@id":"https:\/\/www.pinnoitushelin.fi\/lv\/informacija\/uznemums\/#breadcrumb","itemListElement":[{"@type":"ListItem","position":1,"name":"Etusivu","item":"https:\/\/www.pinnoitushelin.fi\/lv\/"},{"@type":"ListItem","position":2,"name":"Inform\u0101cija","item":"https:\/\/www.pinnoitushelin.fi\/lv\/informacija\/"},{"@type":"ListItem","position":3,"name":"Uz\u0146\u0113mums"}]},{"@type":"WebSite","@id":"https:\/\/www.pinnoitushelin.fi\/lv\/#website","url":"https:\/\/www.pinnoitushelin.fi\/lv\/","name":"Pinnoitus Helin Oy","description":"Teknist\u00e4 pintak\u00e4sittely\u00e4 monipuolisesti ja tasalaatuisesti.","publisher":{"@id":"https:\/\/www.pinnoitushelin.fi\/lv\/#organization"},"potentialAction":[{"@type":"SearchAction","target":{"@type":"EntryPoint","urlTemplate":"https:\/\/www.pinnoitushelin.fi\/lv\/?s={search_term_string}"},"query-input":{"@type":"PropertyValueSpecification","valueRequired":true,"valueName":"search_term_string"}}],"inLanguage":"lv-LV"},{"@type":"Organization","@id":"https:\/\/www.pinnoitushelin.fi\/lv\/#organization","name":"Pinnoitus Helin Oy","url":"https:\/\/www.pinnoitushelin.fi\/lv\/","logo":{"@type":"ImageObject","inLanguage":"lv-LV","@id":"https:\/\/www.pinnoitushelin.fi\/lv\/#\/schema\/logo\/image\/","url":"https:\/\/www.pinnoitushelin.fi\/wp-content\/uploads\/2024\/05\/logoa.png","contentUrl":"https:\/\/www.pinnoitushelin.fi\/wp-content\/uploads\/2024\/05\/logoa.png","width":331,"height":105,"caption":"Pinnoitus Helin Oy"},"image":{"@id":"https:\/\/www.pinnoitushelin.fi\/lv\/#\/schema\/logo\/image\/"}}]}},"_links":{"self":[{"href":"https:\/\/www.pinnoitushelin.fi\/lv\/wp-json\/wp\/v2\/pages\/2965","targetHints":{"allow":["GET"]}}],"collection":[{"href":"https:\/\/www.pinnoitushelin.fi\/lv\/wp-json\/wp\/v2\/pages"}],"about":[{"href":"https:\/\/www.pinnoitushelin.fi\/lv\/wp-json\/wp\/v2\/types\/page"}],"author":[{"embeddable":true,"href":"https:\/\/www.pinnoitushelin.fi\/lv\/wp-json\/wp\/v2\/users\/3"}],"replies":[{"embeddable":true,"href":"https:\/\/www.pinnoitushelin.fi\/lv\/wp-json\/wp\/v2\/comments?post=2965"}],"version-history":[{"count":3,"href":"https:\/\/www.pinnoitushelin.fi\/lv\/wp-json\/wp\/v2\/pages\/2965\/revisions"}],"predecessor-version":[{"id":3232,"href":"https:\/\/www.pinnoitushelin.fi\/lv\/wp-json\/wp\/v2\/pages\/2965\/revisions\/3232"}],"up":[{"embeddable":true,"href":"https:\/\/www.pinnoitushelin.fi\/lv\/wp-json\/wp\/v2\/pages\/2961"}],"wp:attachment":[{"href":"https:\/\/www.pinnoitushelin.fi\/lv\/wp-json\/wp\/v2\/media?parent=2965"}],"curies":[{"name":"wp","href":"https:\/\/api.w.org\/{rel}","templated":true}]}}