{"id":2957,"date":"2024-06-19T23:48:14","date_gmt":"2024-06-19T21:48:14","guid":{"rendered":"https:\/\/www.pinnoitushelin.fi\/nozares\/aizsardzibas-rupnieciba\/"},"modified":"2024-07-31T01:11:25","modified_gmt":"2024-07-30T23:11:25","slug":"aizsardzibas-rupnieciba","status":"publish","type":"page","link":"https:\/\/www.pinnoitushelin.fi\/lv\/rupniecibas-nozares\/aizsardzibas-rupnieciba\/","title":{"rendered":"Aizsardz\u012bbas r\u016bpniec\u012bba"},"content":{"rendered":"<div class=\"wpb-content-wrapper\"><p>[vc_row css=&#8221;.vc_custom_1717739529951{margin-bottom: 40px !important;}&#8221;][vc_column][vc_column_text css=&#8221;&#8221;]<\/p>\n<h3>M\u016bsu pakalpojumi aizsardz\u012bbas nozares sare\u017e\u0123\u012btajiem pielietojumiem nodro\u0161ina izcilas nodilumiztur\u012bbas un pretkorozijas \u012bpa\u0161\u012bbas.<\/h3>\n<p>Saska\u0146\u0101 ar ISO un MIL standartiem ir pieejams elektrone\u0137e\u013ca p\u0101rkl\u0101jums un cieta anod\u0113\u0161ana sare\u017e\u0123\u012bt\u0101m deta\u013c\u0101m.<br \/>\nM\u0113s nodro\u0161in\u0101m aizsardz\u012bbas un kosmisk\u0101s avi\u0101cijas pras\u012bbas ar m\u0113r\u012bjumiem un test\u0113\u0161anu.<br \/>\nElektrol\u012btisk\u0101 ni\u0137e\u013ca p\u0101rkl\u0101jums, pateicoties t\u0101 viendab\u012bgumam, nodro\u0161ina vienm\u0113r\u012bgu aizsardz\u012bbu pret koroziju pat deta\u013cu iek\u0161\u0113j\u0101m virsm\u0101m, un biezi sl\u0101\u0146i nodro\u0161ina izcilu aizsardz\u012bbu pret koroziju pat sare\u017e\u0123\u012btos apst\u0101k\u013cos.<br \/>\nCiet\u0101 anod\u0113\u0161ana meln\u0101 kr\u0101s\u0101 ir ide\u0101li piem\u0113rota lietojumiem, kam nepiecie\u0161ama nodilumiztur\u012bba un kur l\u012bdz minimumam j\u0101samazina gaismas atstaro\u0161an\u0101s.<\/p>\n<h3>Popul\u0101r\u0101k\u0101s p\u0101rkl\u0101jumu tehnolo\u0123ijas nozar\u0113<\/h3>\n<p><a href=\"\/lv\/parklasanas-metodes\/kimiska-nikela-parklajums\/\">\u0136\u012bmisk\u0101 ni\u0137e\u013ca p\u0101rkl\u0101jums<\/a><\/p>\n<p><a href=\"\/lv\/parklasanas-metodes\/cieta-anodesana\/\">Ciet\u0101 anod\u0113\u0161ana<\/a><\/p>\n<p><a href=\"\/lv\/parklasanas-metodes\/anodesana\/\">Anod\u0113\u0161ana<\/a>[\/vc_column_text][\/vc_column][\/vc_row][vc_row][vc_column]<style type=\"text\/css\" data-type=\"the7_shortcodes-inline-css\">.gallery-shortcode.gallery-masonry-shortcode-id-d715f4cd3ddbe3f2a8d69f8e75c9c5a8 figure,\n.gallery-shortcode.gallery-masonry-shortcode-id-d715f4cd3ddbe3f2a8d69f8e75c9c5a8 .rollover,\n.gallery-shortcode.gallery-masonry-shortcode-id-d715f4cd3ddbe3f2a8d69f8e75c9c5a8 img,\n.gallery-shortcode.gallery-masonry-shortcode-id-d715f4cd3ddbe3f2a8d69f8e75c9c5a8 .gallery-rollover {\n  border-radius: 0px;\n}\n.gallery-shortcode.gallery-masonry-shortcode-id-d715f4cd3ddbe3f2a8d69f8e75c9c5a8.enable-bg-rollover .gallery-rollover {\n  background: -webkit-linear-gradient();\n  background: linear-gradient();\n}\n.gallery-shortcode.gallery-masonry-shortcode-id-d715f4cd3ddbe3f2a8d69f8e75c9c5a8.enable-bg-rollover.hover-scale figure .rollover:after {\n  background: -webkit-linear-gradient();\n  background: linear-gradient();\n}\n.gallery-shortcode.gallery-masonry-shortcode-id-d715f4cd3ddbe3f2a8d69f8e75c9c5a8 .gallery-zoom-ico {\n  width: 44px;\n  height: 44px;\n  line-height: 44px;\n  border-radius: 100px;\n  margin: -22px 0 0 -22px;\n  border-width: 0px;\n  color: #ffffff;\n}\n.dt-icon-bg-on.gallery-shortcode.gallery-masonry-shortcode-id-d715f4cd3ddbe3f2a8d69f8e75c9c5a8 .gallery-zoom-ico {\n  background: rgba(255,255,255,0.3);\n  box-shadow: none;\n}\n.gallery-shortcode.gallery-masonry-shortcode-id-d715f4cd3ddbe3f2a8d69f8e75c9c5a8 .gallery-zoom-ico:before,\n.gallery-shortcode.gallery-masonry-shortcode-id-d715f4cd3ddbe3f2a8d69f8e75c9c5a8 .gallery-zoom-ico span {\n  font-size: 32px;\n  line-height: 44px;\n  color: #ffffff;\n}\n.gallery-shortcode.gallery-masonry-shortcode-id-d715f4cd3ddbe3f2a8d69f8e75c9c5a8:not(.resize-by-browser-width) .dt-css-grid {\n  grid-row-gap: 10px;\n  grid-column-gap: 10px;\n  grid-template-columns: repeat(auto-fill,minmax(,1fr));\n}\n.gallery-shortcode.gallery-masonry-shortcode-id-d715f4cd3ddbe3f2a8d69f8e75c9c5a8:not(.resize-by-browser-width) .dt-css-grid .double-width {\n  grid-column: span 2;\n}\n.cssgridlegacy.no-cssgrid .gallery-shortcode.gallery-masonry-shortcode-id-d715f4cd3ddbe3f2a8d69f8e75c9c5a8:not(.resize-by-browser-width) .dt-css-grid,\n.no-cssgridlegacy.no-cssgrid .gallery-shortcode.gallery-masonry-shortcode-id-d715f4cd3ddbe3f2a8d69f8e75c9c5a8:not(.resize-by-browser-width) .dt-css-grid {\n  display: flex;\n  flex-flow: row wrap;\n  margin: -5px;\n}\n.cssgridlegacy.no-cssgrid .gallery-shortcode.gallery-masonry-shortcode-id-d715f4cd3ddbe3f2a8d69f8e75c9c5a8:not(.resize-by-browser-width) .dt-css-grid .wf-cell,\n.no-cssgridlegacy.no-cssgrid .gallery-shortcode.gallery-masonry-shortcode-id-d715f4cd3ddbe3f2a8d69f8e75c9c5a8:not(.resize-by-browser-width) .dt-css-grid .wf-cell {\n  flex: 1 0 ;\n  max-width: 100%;\n  padding: 5px;\n  box-sizing: border-box;\n}\n.gallery-shortcode.gallery-masonry-shortcode-id-d715f4cd3ddbe3f2a8d69f8e75c9c5a8.resize-by-browser-width .dt-css-grid {\n  grid-template-columns: repeat(2,1fr);\n  grid-template-rows: auto;\n  grid-column-gap: 10px;\n  grid-row-gap: 10px;\n}\n.gallery-shortcode.gallery-masonry-shortcode-id-d715f4cd3ddbe3f2a8d69f8e75c9c5a8.resize-by-browser-width .dt-css-grid .double-width {\n  grid-column: span 2;\n}\n.cssgridlegacy.no-cssgrid .gallery-shortcode.gallery-masonry-shortcode-id-d715f4cd3ddbe3f2a8d69f8e75c9c5a8.resize-by-browser-width .dt-css-grid {\n  margin: -5px;\n}\n.cssgridlegacy.no-cssgrid .gallery-shortcode.gallery-masonry-shortcode-id-d715f4cd3ddbe3f2a8d69f8e75c9c5a8.resize-by-browser-width .dt-css-grid .wf-cell {\n  width: 50%;\n  padding: 5px;\n}\n.cssgridlegacy.no-cssgrid .gallery-shortcode.gallery-masonry-shortcode-id-d715f4cd3ddbe3f2a8d69f8e75c9c5a8.resize-by-browser-width .dt-css-grid .wf-cell.double-width {\n  width: calc(50%) * 2;\n}\n.gallery-shortcode.gallery-masonry-shortcode-id-d715f4cd3ddbe3f2a8d69f8e75c9c5a8.resize-by-browser-width:not(.centered-layout-list):not(.content-bg-on) .dt-css-grid {\n  grid-row-gap: 10px - ;\n}\n@media screen and (max-width: 1199px) {\n  .gallery-shortcode.gallery-masonry-shortcode-id-d715f4cd3ddbe3f2a8d69f8e75c9c5a8.resize-by-browser-width .dt-css-grid {\n    grid-template-columns: repeat(2,1fr);\n  }\n  .cssgridlegacy.no-cssgrid .gallery-shortcode.gallery-masonry-shortcode-id-d715f4cd3ddbe3f2a8d69f8e75c9c5a8.resize-by-browser-width .dt-css-grid .wf-cell,\n  .no-cssgridlegacy.no-cssgrid .gallery-shortcode.gallery-masonry-shortcode-id-d715f4cd3ddbe3f2a8d69f8e75c9c5a8.resize-by-browser-width .dt-css-grid .wf-cell {\n    width: 50%;\n  }\n  .cssgridlegacy.no-cssgrid .gallery-shortcode.gallery-masonry-shortcode-id-d715f4cd3ddbe3f2a8d69f8e75c9c5a8.resize-by-browser-width .dt-css-grid .wf-cell.double-width,\n  .no-cssgridlegacy.no-cssgrid .gallery-shortcode.gallery-masonry-shortcode-id-d715f4cd3ddbe3f2a8d69f8e75c9c5a8.resize-by-browser-width .dt-css-grid .wf-cell.double-width {\n    width: calc(50%)*2;\n  }\n}\n@media screen and (max-width: 991px) {\n  .gallery-shortcode.gallery-masonry-shortcode-id-d715f4cd3ddbe3f2a8d69f8e75c9c5a8.resize-by-browser-width .dt-css-grid {\n    grid-template-columns: repeat(1,1fr);\n  }\n  .cssgridlegacy.no-cssgrid .gallery-shortcode.gallery-masonry-shortcode-id-d715f4cd3ddbe3f2a8d69f8e75c9c5a8.resize-by-browser-width .dt-css-grid .wf-cell,\n  .no-cssgridlegacy.no-cssgrid .gallery-shortcode.gallery-masonry-shortcode-id-d715f4cd3ddbe3f2a8d69f8e75c9c5a8.resize-by-browser-width .dt-css-grid .wf-cell {\n    width: 100%;\n  }\n  .cssgridlegacy.no-cssgrid .gallery-shortcode.gallery-masonry-shortcode-id-d715f4cd3ddbe3f2a8d69f8e75c9c5a8.resize-by-browser-width .dt-css-grid .wf-cell.double-width,\n  .no-cssgridlegacy.no-cssgrid .gallery-shortcode.gallery-masonry-shortcode-id-d715f4cd3ddbe3f2a8d69f8e75c9c5a8.resize-by-browser-width .dt-css-grid .wf-cell.double-width {\n    width: calc(100%)*2;\n  }\n}\n@media screen and (max-width: 767px) {\n  .gallery-shortcode.gallery-masonry-shortcode-id-d715f4cd3ddbe3f2a8d69f8e75c9c5a8.resize-by-browser-width .dt-css-grid {\n    grid-template-columns: repeat(1,1fr);\n  }\n  .cssgridlegacy.no-cssgrid .gallery-shortcode.gallery-masonry-shortcode-id-d715f4cd3ddbe3f2a8d69f8e75c9c5a8.resize-by-browser-width .dt-css-grid .wf-cell,\n  .no-cssgridlegacy.no-cssgrid .gallery-shortcode.gallery-masonry-shortcode-id-d715f4cd3ddbe3f2a8d69f8e75c9c5a8.resize-by-browser-width .dt-css-grid .wf-cell {\n    width: 100%;\n  }\n  .cssgridlegacy.no-cssgrid .gallery-shortcode.gallery-masonry-shortcode-id-d715f4cd3ddbe3f2a8d69f8e75c9c5a8.resize-by-browser-width .dt-css-grid .wf-cell.double-width,\n  .no-cssgridlegacy.no-cssgrid .gallery-shortcode.gallery-masonry-shortcode-id-d715f4cd3ddbe3f2a8d69f8e75c9c5a8.resize-by-browser-width .dt-css-grid .wf-cell.double-width {\n    width: calc(100%)*2;\n  }\n}<\/style><div class=\"gallery-shortcode dt-gallery-container gallery-masonry-shortcode-id-d715f4cd3ddbe3f2a8d69f8e75c9c5a8 mode-masonry jquery-filter dt-icon-bg-off quick-scale-img enable-bg-rollover resize-by-browser-width  hover-fade loading-effect-none description-on-hover\" data-padding=\"5px\" data-cur-page=\"1\" data-post-limit=\"-1\" data-pagination-mode=\"none\" data-desktop-columns-num=\"2\" data-v-tablet-columns-num=\"1\" data-h-tablet-columns-num=\"2\" data-phone-columns-num=\"1\" data-width=\"0px\" data-columns=\"0\"><div class=\"iso-container\" ><div class=\"wf-cell iso-item\" data-post-id=\"2373\" data-date=\"2024-06-19T23:50:49+02:00\" data-name=\"pinnoitushelin_puolustusv\u00e4lineteollisuus-1\"><figure class=\"post visible\"><a href=\"https:\/\/www.pinnoitushelin.fi\/wp-content\/uploads\/2024\/06\/pinnoitushelin_puolustusvalineteollisuus-1.jpg\" class=\"rollover dt-pswp-item layzr-bg\" data-large_image_width=\"1200\" data-large_image_height=\"800\" data-dt-img-description=\"\" title=\"pinnoitushelin_puolustusv\u00e4lineteollisuus-1\"><img fetchpriority=\"high\" decoding=\"async\" class=\"preload-me iso-lazy-load aspect\" src=\"data:image\/svg+xml,%3Csvg%20xmlns%3D&#39;http%3A%2F%2Fwww.w3.org%2F2000%2Fsvg&#39;%20viewBox%3D&#39;0%200%20990%20660&#39;%2F%3E\" data-src=\"https:\/\/www.pinnoitushelin.fi\/wp-content\/uploads\/2024\/06\/pinnoitushelin_puolustusvalineteollisuus-1-990x660.jpg\" data-srcset=\"https:\/\/www.pinnoitushelin.fi\/wp-content\/uploads\/2024\/06\/pinnoitushelin_puolustusvalineteollisuus-1-990x660.jpg 990w, https:\/\/www.pinnoitushelin.fi\/wp-content\/uploads\/2024\/06\/pinnoitushelin_puolustusvalineteollisuus-1.jpg 1200w\" loading=\"eager\" style=\"--ratio: 990 \/ 660\" sizes=\"(max-width: 990px) 100vw, 990px\" alt=\"\" width=\"990\" height=\"660\"  \/><span class=\"gallery-rollover\"><span class=\"gallery-zoom-ico icomoon-the7-font-the7-zoom-06\"><span><\/span><\/span><\/span><\/a><\/figure><\/div><\/div><!-- iso-container|iso-grid --><\/div>[\/vc_column][\/vc_row]<\/p>\n<\/div>","protected":false},"excerpt":{"rendered":"<p>[vc_row css=&#8221;.vc_custom_1717739529951{margin-bottom: 40px !important;}&#8221;][vc_column][vc_column_text css=&#8221;&#8221;] M\u016bsu pakalpojumi aizsardz\u012bbas nozares sare\u017e\u0123\u012btajiem pielietojumiem nodro\u0161ina izcilas nodilumiztur\u012bbas un pretkorozijas \u012bpa\u0161\u012bbas. Saska\u0146\u0101 ar ISO un MIL standartiem ir pieejams elektrone\u0137e\u013ca p\u0101rkl\u0101jums un cieta anod\u0113\u0161ana sare\u017e\u0123\u012bt\u0101m deta\u013c\u0101m. M\u0113s nodro\u0161in\u0101m aizsardz\u012bbas un kosmisk\u0101s avi\u0101cijas pras\u012bbas ar m\u0113r\u012bjumiem un test\u0113\u0161anu. Elektrol\u012btisk\u0101 ni\u0137e\u013ca p\u0101rkl\u0101jums, pateicoties t\u0101 viendab\u012bgumam, nodro\u0161ina vienm\u0113r\u012bgu aizsardz\u012bbu pret koroziju pat&hellip;<\/p>\n","protected":false},"author":3,"featured_media":0,"parent":2917,"menu_order":37,"comment_status":"closed","ping_status":"closed","template":"","meta":{"footnotes":""},"class_list":["post-2957","page","type-page","status-publish","hentry","description-off"],"yoast_head":"<!-- This site is optimized with the Yoast SEO plugin v27.4 - https:\/\/yoast.com\/product\/yoast-seo-wordpress\/ -->\n<title>Aizsardz\u012bbas r\u016bpniec\u012bba - Pinnoitus Helin Oy<\/title>\n<meta name=\"description\" content=\"M\u016bsu pakalpojumi aizsardz\u012bbas nozares sare\u017e\u0123\u012btajiem pielietojumiem nodro\u0161ina izcilas nodilumiztur\u012bbas un pretkorozijas \u012bpa\u0161\u012bbas.\" \/>\n<meta name=\"robots\" content=\"index, follow, max-snippet:-1, max-image-preview:large, max-video-preview:-1\" \/>\n<link rel=\"canonical\" href=\"https:\/\/www.pinnoitushelin.fi\/lv\/rupniecibas-nozares\/aizsardzibas-rupnieciba\/\" \/>\n<meta property=\"og:locale\" content=\"lv_LV\" \/>\n<meta property=\"og:type\" content=\"article\" \/>\n<meta property=\"og:title\" content=\"Aizsardz\u012bbas r\u016bpniec\u012bba - Pinnoitus Helin Oy\" \/>\n<meta property=\"og:description\" content=\"M\u016bsu pakalpojumi aizsardz\u012bbas nozares sare\u017e\u0123\u012btajiem pielietojumiem nodro\u0161ina izcilas nodilumiztur\u012bbas un pretkorozijas \u012bpa\u0161\u012bbas.\" \/>\n<meta property=\"og:url\" content=\"https:\/\/www.pinnoitushelin.fi\/lv\/rupniecibas-nozares\/aizsardzibas-rupnieciba\/\" \/>\n<meta property=\"og:site_name\" content=\"Pinnoitus Helin Oy\" \/>\n<meta property=\"article:modified_time\" content=\"2024-07-30T23:11:25+00:00\" \/>\n<meta name=\"twitter:card\" content=\"summary_large_image\" \/>\n<meta name=\"twitter:label1\" content=\"Est. reading time\" \/>\n\t<meta name=\"twitter:data1\" content=\"1 minute\" \/>\n<script type=\"application\/ld+json\" class=\"yoast-schema-graph\">{\"@context\":\"https:\\\/\\\/schema.org\",\"@graph\":[{\"@type\":\"WebPage\",\"@id\":\"https:\\\/\\\/www.pinnoitushelin.fi\\\/lv\\\/rupniecibas-nozares\\\/aizsardzibas-rupnieciba\\\/\",\"url\":\"https:\\\/\\\/www.pinnoitushelin.fi\\\/lv\\\/rupniecibas-nozares\\\/aizsardzibas-rupnieciba\\\/\",\"name\":\"Aizsardz\u012bbas r\u016bpniec\u012bba - Pinnoitus Helin Oy\",\"isPartOf\":{\"@id\":\"https:\\\/\\\/www.pinnoitushelin.fi\\\/lv\\\/#website\"},\"datePublished\":\"2024-06-19T21:48:14+00:00\",\"dateModified\":\"2024-07-30T23:11:25+00:00\",\"description\":\"M\u016bsu pakalpojumi aizsardz\u012bbas nozares sare\u017e\u0123\u012btajiem pielietojumiem nodro\u0161ina izcilas nodilumiztur\u012bbas un pretkorozijas \u012bpa\u0161\u012bbas.\",\"breadcrumb\":{\"@id\":\"https:\\\/\\\/www.pinnoitushelin.fi\\\/lv\\\/rupniecibas-nozares\\\/aizsardzibas-rupnieciba\\\/#breadcrumb\"},\"inLanguage\":\"lv-LV\",\"potentialAction\":[{\"@type\":\"ReadAction\",\"target\":[\"https:\\\/\\\/www.pinnoitushelin.fi\\\/lv\\\/rupniecibas-nozares\\\/aizsardzibas-rupnieciba\\\/\"]}]},{\"@type\":\"BreadcrumbList\",\"@id\":\"https:\\\/\\\/www.pinnoitushelin.fi\\\/lv\\\/rupniecibas-nozares\\\/aizsardzibas-rupnieciba\\\/#breadcrumb\",\"itemListElement\":[{\"@type\":\"ListItem\",\"position\":1,\"name\":\"Etusivu\",\"item\":\"https:\\\/\\\/www.pinnoitushelin.fi\\\/lv\\\/\"},{\"@type\":\"ListItem\",\"position\":2,\"name\":\"R\u016bpniec\u012bbas nozares\",\"item\":\"https:\\\/\\\/www.pinnoitushelin.fi\\\/lv\\\/rupniecibas-nozares\\\/\"},{\"@type\":\"ListItem\",\"position\":3,\"name\":\"Aizsardz\u012bbas r\u016bpniec\u012bba\"}]},{\"@type\":\"WebSite\",\"@id\":\"https:\\\/\\\/www.pinnoitushelin.fi\\\/lv\\\/#website\",\"url\":\"https:\\\/\\\/www.pinnoitushelin.fi\\\/lv\\\/\",\"name\":\"Pinnoitus Helin Oy\",\"description\":\"Teknist\u00e4 pintak\u00e4sittely\u00e4 monipuolisesti ja tasalaatuisesti.\",\"publisher\":{\"@id\":\"https:\\\/\\\/www.pinnoitushelin.fi\\\/lv\\\/#organization\"},\"potentialAction\":[{\"@type\":\"SearchAction\",\"target\":{\"@type\":\"EntryPoint\",\"urlTemplate\":\"https:\\\/\\\/www.pinnoitushelin.fi\\\/lv\\\/?s={search_term_string}\"},\"query-input\":{\"@type\":\"PropertyValueSpecification\",\"valueRequired\":true,\"valueName\":\"search_term_string\"}}],\"inLanguage\":\"lv-LV\"},{\"@type\":\"Organization\",\"@id\":\"https:\\\/\\\/www.pinnoitushelin.fi\\\/lv\\\/#organization\",\"name\":\"Pinnoitus Helin Oy\",\"url\":\"https:\\\/\\\/www.pinnoitushelin.fi\\\/lv\\\/\",\"logo\":{\"@type\":\"ImageObject\",\"inLanguage\":\"lv-LV\",\"@id\":\"https:\\\/\\\/www.pinnoitushelin.fi\\\/lv\\\/#\\\/schema\\\/logo\\\/image\\\/\",\"url\":\"https:\\\/\\\/www.pinnoitushelin.fi\\\/wp-content\\\/uploads\\\/2024\\\/05\\\/logoa.png\",\"contentUrl\":\"https:\\\/\\\/www.pinnoitushelin.fi\\\/wp-content\\\/uploads\\\/2024\\\/05\\\/logoa.png\",\"width\":331,\"height\":105,\"caption\":\"Pinnoitus Helin Oy\"},\"image\":{\"@id\":\"https:\\\/\\\/www.pinnoitushelin.fi\\\/lv\\\/#\\\/schema\\\/logo\\\/image\\\/\"}}]}<\/script>\n<!-- \/ Yoast SEO plugin. -->","yoast_head_json":{"title":"Aizsardz\u012bbas r\u016bpniec\u012bba - Pinnoitus Helin Oy","description":"M\u016bsu pakalpojumi aizsardz\u012bbas nozares sare\u017e\u0123\u012btajiem pielietojumiem nodro\u0161ina izcilas nodilumiztur\u012bbas un pretkorozijas \u012bpa\u0161\u012bbas.","robots":{"index":"index","follow":"follow","max-snippet":"max-snippet:-1","max-image-preview":"max-image-preview:large","max-video-preview":"max-video-preview:-1"},"canonical":"https:\/\/www.pinnoitushelin.fi\/lv\/rupniecibas-nozares\/aizsardzibas-rupnieciba\/","og_locale":"lv_LV","og_type":"article","og_title":"Aizsardz\u012bbas r\u016bpniec\u012bba - Pinnoitus Helin Oy","og_description":"M\u016bsu pakalpojumi aizsardz\u012bbas nozares sare\u017e\u0123\u012btajiem pielietojumiem nodro\u0161ina izcilas nodilumiztur\u012bbas un pretkorozijas \u012bpa\u0161\u012bbas.","og_url":"https:\/\/www.pinnoitushelin.fi\/lv\/rupniecibas-nozares\/aizsardzibas-rupnieciba\/","og_site_name":"Pinnoitus Helin Oy","article_modified_time":"2024-07-30T23:11:25+00:00","twitter_card":"summary_large_image","twitter_misc":{"Est. reading time":"1 minute"},"schema":{"@context":"https:\/\/schema.org","@graph":[{"@type":"WebPage","@id":"https:\/\/www.pinnoitushelin.fi\/lv\/rupniecibas-nozares\/aizsardzibas-rupnieciba\/","url":"https:\/\/www.pinnoitushelin.fi\/lv\/rupniecibas-nozares\/aizsardzibas-rupnieciba\/","name":"Aizsardz\u012bbas r\u016bpniec\u012bba - Pinnoitus Helin Oy","isPartOf":{"@id":"https:\/\/www.pinnoitushelin.fi\/lv\/#website"},"datePublished":"2024-06-19T21:48:14+00:00","dateModified":"2024-07-30T23:11:25+00:00","description":"M\u016bsu pakalpojumi aizsardz\u012bbas nozares sare\u017e\u0123\u012btajiem pielietojumiem nodro\u0161ina izcilas nodilumiztur\u012bbas un pretkorozijas \u012bpa\u0161\u012bbas.","breadcrumb":{"@id":"https:\/\/www.pinnoitushelin.fi\/lv\/rupniecibas-nozares\/aizsardzibas-rupnieciba\/#breadcrumb"},"inLanguage":"lv-LV","potentialAction":[{"@type":"ReadAction","target":["https:\/\/www.pinnoitushelin.fi\/lv\/rupniecibas-nozares\/aizsardzibas-rupnieciba\/"]}]},{"@type":"BreadcrumbList","@id":"https:\/\/www.pinnoitushelin.fi\/lv\/rupniecibas-nozares\/aizsardzibas-rupnieciba\/#breadcrumb","itemListElement":[{"@type":"ListItem","position":1,"name":"Etusivu","item":"https:\/\/www.pinnoitushelin.fi\/lv\/"},{"@type":"ListItem","position":2,"name":"R\u016bpniec\u012bbas nozares","item":"https:\/\/www.pinnoitushelin.fi\/lv\/rupniecibas-nozares\/"},{"@type":"ListItem","position":3,"name":"Aizsardz\u012bbas r\u016bpniec\u012bba"}]},{"@type":"WebSite","@id":"https:\/\/www.pinnoitushelin.fi\/lv\/#website","url":"https:\/\/www.pinnoitushelin.fi\/lv\/","name":"Pinnoitus Helin Oy","description":"Teknist\u00e4 pintak\u00e4sittely\u00e4 monipuolisesti ja tasalaatuisesti.","publisher":{"@id":"https:\/\/www.pinnoitushelin.fi\/lv\/#organization"},"potentialAction":[{"@type":"SearchAction","target":{"@type":"EntryPoint","urlTemplate":"https:\/\/www.pinnoitushelin.fi\/lv\/?s={search_term_string}"},"query-input":{"@type":"PropertyValueSpecification","valueRequired":true,"valueName":"search_term_string"}}],"inLanguage":"lv-LV"},{"@type":"Organization","@id":"https:\/\/www.pinnoitushelin.fi\/lv\/#organization","name":"Pinnoitus Helin Oy","url":"https:\/\/www.pinnoitushelin.fi\/lv\/","logo":{"@type":"ImageObject","inLanguage":"lv-LV","@id":"https:\/\/www.pinnoitushelin.fi\/lv\/#\/schema\/logo\/image\/","url":"https:\/\/www.pinnoitushelin.fi\/wp-content\/uploads\/2024\/05\/logoa.png","contentUrl":"https:\/\/www.pinnoitushelin.fi\/wp-content\/uploads\/2024\/05\/logoa.png","width":331,"height":105,"caption":"Pinnoitus Helin Oy"},"image":{"@id":"https:\/\/www.pinnoitushelin.fi\/lv\/#\/schema\/logo\/image\/"}}]}},"_links":{"self":[{"href":"https:\/\/www.pinnoitushelin.fi\/lv\/wp-json\/wp\/v2\/pages\/2957","targetHints":{"allow":["GET"]}}],"collection":[{"href":"https:\/\/www.pinnoitushelin.fi\/lv\/wp-json\/wp\/v2\/pages"}],"about":[{"href":"https:\/\/www.pinnoitushelin.fi\/lv\/wp-json\/wp\/v2\/types\/page"}],"author":[{"embeddable":true,"href":"https:\/\/www.pinnoitushelin.fi\/lv\/wp-json\/wp\/v2\/users\/3"}],"replies":[{"embeddable":true,"href":"https:\/\/www.pinnoitushelin.fi\/lv\/wp-json\/wp\/v2\/comments?post=2957"}],"version-history":[{"count":4,"href":"https:\/\/www.pinnoitushelin.fi\/lv\/wp-json\/wp\/v2\/pages\/2957\/revisions"}],"predecessor-version":[{"id":3231,"href":"https:\/\/www.pinnoitushelin.fi\/lv\/wp-json\/wp\/v2\/pages\/2957\/revisions\/3231"}],"up":[{"embeddable":true,"href":"https:\/\/www.pinnoitushelin.fi\/lv\/wp-json\/wp\/v2\/pages\/2917"}],"wp:attachment":[{"href":"https:\/\/www.pinnoitushelin.fi\/lv\/wp-json\/wp\/v2\/media?parent=2957"}],"curies":[{"name":"wp","href":"https:\/\/api.w.org\/{rel}","templated":true}]}}