{"id":2951,"date":"2024-06-19T23:45:39","date_gmt":"2024-06-19T21:45:39","guid":{"rendered":"https:\/\/www.pinnoitushelin.fi\/nozares\/stiprinajuma-piederumu-nozare\/"},"modified":"2024-07-31T01:09:24","modified_gmt":"2024-07-30T23:09:24","slug":"stiprinajuma-piederumu-nozare","status":"publish","type":"page","link":"https:\/\/www.pinnoitushelin.fi\/lv\/rupniecibas-nozares\/stiprinajuma-piederumu-nozare\/","title":{"rendered":"Stiprin\u0101juma piederumu nozare"},"content":{"rendered":"<div class=\"wpb-content-wrapper\"><p>[vc_row css=&#8221;.vc_custom_1717739529951{margin-bottom: 40px !important;}&#8221;][vc_column][vc_column_text css=&#8221;&#8221;]<\/p>\n<h3>M\u016bsu pakalpojumi ar Pinnoitus Helin stiprin\u0101jumu nozarei nodro\u0161ina lab\u0101ku aizsardz\u012bbu pret koroziju un uzlabotu izskatu.<\/h3>\n<p>M\u0113s izgatavojam cinko\u0161anu skr\u016bv\u0113m, uzgrie\u017e\u0146iem un citiem stiprin\u0101jumiem.<br \/>\nM\u0113s veicam ner\u016bs\u0113jo\u0161o savienot\u0101jelementu melno kr\u0101so\u0161anu ar cinka-dzelzs melno pasiv\u0101ciju.<br \/>\nAtsperu un s\u012bku deta\u013cu pretkorozijas aizsardz\u012bbu ar elektrogalvaniz\u0101ciju veicam gan bung\u0101s, gan piek\u0101rti.<br \/>\nPateicoties m\u016bsu daudzpus\u012bgajai elektrogalvaniz\u0101cijas l\u012bnijai, m\u0113s varam pied\u0101v\u0101t ar\u012b biez\u0101kus cinka p\u0101rkl\u0101jumus un da\u017e\u0101das pasiv\u0101cijas (zil\u0101, dzelten\u0101 un meln\u0101 pasiv\u0101cija), ar\u012b ar herm\u0113ti\u0137i, sare\u017e\u0123\u012bt\u0101kiem korozijas lietojumiem.<\/p>\n<h3>Popul\u0101r\u0101k\u0101s p\u0101rkl\u0101jumu tehnolo\u0123ijas nozar\u0113<\/h3>\n<p><a href=\"\/lv\/parklasanas-metodes\/galvanizesana-ar-elektrogalvanizaciju\/\">Galvaniz\u0113\u0161ana ar elektrogalvaniz\u0101ciju<\/a><\/p>\n<p><a href=\"\/lv\/parklasanas-metodes\/cinka-dzelzs\/\">Cinka dzelzs<\/a>[\/vc_column_text][\/vc_column][\/vc_row][vc_row][vc_column]<style type=\"text\/css\" data-type=\"the7_shortcodes-inline-css\">.gallery-shortcode.gallery-masonry-shortcode-id-a5cfc471e46a80dc9b3bc662ee1f8205 figure,\n.gallery-shortcode.gallery-masonry-shortcode-id-a5cfc471e46a80dc9b3bc662ee1f8205 .rollover,\n.gallery-shortcode.gallery-masonry-shortcode-id-a5cfc471e46a80dc9b3bc662ee1f8205 img,\n.gallery-shortcode.gallery-masonry-shortcode-id-a5cfc471e46a80dc9b3bc662ee1f8205 .gallery-rollover {\n  border-radius: 0px;\n}\n.gallery-shortcode.gallery-masonry-shortcode-id-a5cfc471e46a80dc9b3bc662ee1f8205.enable-bg-rollover .gallery-rollover {\n  background: -webkit-linear-gradient();\n  background: linear-gradient();\n}\n.gallery-shortcode.gallery-masonry-shortcode-id-a5cfc471e46a80dc9b3bc662ee1f8205.enable-bg-rollover.hover-scale figure .rollover:after {\n  background: -webkit-linear-gradient();\n  background: linear-gradient();\n}\n.gallery-shortcode.gallery-masonry-shortcode-id-a5cfc471e46a80dc9b3bc662ee1f8205 .gallery-zoom-ico {\n  width: 44px;\n  height: 44px;\n  line-height: 44px;\n  border-radius: 100px;\n  margin: -22px 0 0 -22px;\n  border-width: 0px;\n  color: #ffffff;\n}\n.dt-icon-bg-on.gallery-shortcode.gallery-masonry-shortcode-id-a5cfc471e46a80dc9b3bc662ee1f8205 .gallery-zoom-ico {\n  background: rgba(255,255,255,0.3);\n  box-shadow: none;\n}\n.gallery-shortcode.gallery-masonry-shortcode-id-a5cfc471e46a80dc9b3bc662ee1f8205 .gallery-zoom-ico:before,\n.gallery-shortcode.gallery-masonry-shortcode-id-a5cfc471e46a80dc9b3bc662ee1f8205 .gallery-zoom-ico span {\n  font-size: 32px;\n  line-height: 44px;\n  color: #ffffff;\n}\n.gallery-shortcode.gallery-masonry-shortcode-id-a5cfc471e46a80dc9b3bc662ee1f8205:not(.resize-by-browser-width) .dt-css-grid {\n  grid-row-gap: 10px;\n  grid-column-gap: 10px;\n  grid-template-columns: repeat(auto-fill,minmax(,1fr));\n}\n.gallery-shortcode.gallery-masonry-shortcode-id-a5cfc471e46a80dc9b3bc662ee1f8205:not(.resize-by-browser-width) .dt-css-grid .double-width {\n  grid-column: span 2;\n}\n.cssgridlegacy.no-cssgrid .gallery-shortcode.gallery-masonry-shortcode-id-a5cfc471e46a80dc9b3bc662ee1f8205:not(.resize-by-browser-width) .dt-css-grid,\n.no-cssgridlegacy.no-cssgrid .gallery-shortcode.gallery-masonry-shortcode-id-a5cfc471e46a80dc9b3bc662ee1f8205:not(.resize-by-browser-width) .dt-css-grid {\n  display: flex;\n  flex-flow: row wrap;\n  margin: -5px;\n}\n.cssgridlegacy.no-cssgrid .gallery-shortcode.gallery-masonry-shortcode-id-a5cfc471e46a80dc9b3bc662ee1f8205:not(.resize-by-browser-width) .dt-css-grid .wf-cell,\n.no-cssgridlegacy.no-cssgrid .gallery-shortcode.gallery-masonry-shortcode-id-a5cfc471e46a80dc9b3bc662ee1f8205:not(.resize-by-browser-width) .dt-css-grid .wf-cell {\n  flex: 1 0 ;\n  max-width: 100%;\n  padding: 5px;\n  box-sizing: border-box;\n}\n.gallery-shortcode.gallery-masonry-shortcode-id-a5cfc471e46a80dc9b3bc662ee1f8205.resize-by-browser-width .dt-css-grid {\n  grid-template-columns: repeat(2,1fr);\n  grid-template-rows: auto;\n  grid-column-gap: 10px;\n  grid-row-gap: 10px;\n}\n.gallery-shortcode.gallery-masonry-shortcode-id-a5cfc471e46a80dc9b3bc662ee1f8205.resize-by-browser-width .dt-css-grid .double-width {\n  grid-column: span 2;\n}\n.cssgridlegacy.no-cssgrid .gallery-shortcode.gallery-masonry-shortcode-id-a5cfc471e46a80dc9b3bc662ee1f8205.resize-by-browser-width .dt-css-grid {\n  margin: -5px;\n}\n.cssgridlegacy.no-cssgrid .gallery-shortcode.gallery-masonry-shortcode-id-a5cfc471e46a80dc9b3bc662ee1f8205.resize-by-browser-width .dt-css-grid .wf-cell {\n  width: 50%;\n  padding: 5px;\n}\n.cssgridlegacy.no-cssgrid .gallery-shortcode.gallery-masonry-shortcode-id-a5cfc471e46a80dc9b3bc662ee1f8205.resize-by-browser-width .dt-css-grid .wf-cell.double-width {\n  width: calc(50%) * 2;\n}\n.gallery-shortcode.gallery-masonry-shortcode-id-a5cfc471e46a80dc9b3bc662ee1f8205.resize-by-browser-width:not(.centered-layout-list):not(.content-bg-on) .dt-css-grid {\n  grid-row-gap: 10px - ;\n}\n@media screen and (max-width: 1199px) {\n  .gallery-shortcode.gallery-masonry-shortcode-id-a5cfc471e46a80dc9b3bc662ee1f8205.resize-by-browser-width .dt-css-grid {\n    grid-template-columns: repeat(2,1fr);\n  }\n  .cssgridlegacy.no-cssgrid .gallery-shortcode.gallery-masonry-shortcode-id-a5cfc471e46a80dc9b3bc662ee1f8205.resize-by-browser-width .dt-css-grid .wf-cell,\n  .no-cssgridlegacy.no-cssgrid .gallery-shortcode.gallery-masonry-shortcode-id-a5cfc471e46a80dc9b3bc662ee1f8205.resize-by-browser-width .dt-css-grid .wf-cell {\n    width: 50%;\n  }\n  .cssgridlegacy.no-cssgrid .gallery-shortcode.gallery-masonry-shortcode-id-a5cfc471e46a80dc9b3bc662ee1f8205.resize-by-browser-width .dt-css-grid .wf-cell.double-width,\n  .no-cssgridlegacy.no-cssgrid .gallery-shortcode.gallery-masonry-shortcode-id-a5cfc471e46a80dc9b3bc662ee1f8205.resize-by-browser-width .dt-css-grid .wf-cell.double-width {\n    width: calc(50%)*2;\n  }\n}\n@media screen and (max-width: 991px) {\n  .gallery-shortcode.gallery-masonry-shortcode-id-a5cfc471e46a80dc9b3bc662ee1f8205.resize-by-browser-width .dt-css-grid {\n    grid-template-columns: repeat(1,1fr);\n  }\n  .cssgridlegacy.no-cssgrid .gallery-shortcode.gallery-masonry-shortcode-id-a5cfc471e46a80dc9b3bc662ee1f8205.resize-by-browser-width .dt-css-grid .wf-cell,\n  .no-cssgridlegacy.no-cssgrid .gallery-shortcode.gallery-masonry-shortcode-id-a5cfc471e46a80dc9b3bc662ee1f8205.resize-by-browser-width .dt-css-grid .wf-cell {\n    width: 100%;\n  }\n  .cssgridlegacy.no-cssgrid .gallery-shortcode.gallery-masonry-shortcode-id-a5cfc471e46a80dc9b3bc662ee1f8205.resize-by-browser-width .dt-css-grid .wf-cell.double-width,\n  .no-cssgridlegacy.no-cssgrid .gallery-shortcode.gallery-masonry-shortcode-id-a5cfc471e46a80dc9b3bc662ee1f8205.resize-by-browser-width .dt-css-grid .wf-cell.double-width {\n    width: calc(100%)*2;\n  }\n}\n@media screen and (max-width: 767px) {\n  .gallery-shortcode.gallery-masonry-shortcode-id-a5cfc471e46a80dc9b3bc662ee1f8205.resize-by-browser-width .dt-css-grid {\n    grid-template-columns: repeat(1,1fr);\n  }\n  .cssgridlegacy.no-cssgrid .gallery-shortcode.gallery-masonry-shortcode-id-a5cfc471e46a80dc9b3bc662ee1f8205.resize-by-browser-width .dt-css-grid .wf-cell,\n  .no-cssgridlegacy.no-cssgrid .gallery-shortcode.gallery-masonry-shortcode-id-a5cfc471e46a80dc9b3bc662ee1f8205.resize-by-browser-width .dt-css-grid .wf-cell {\n    width: 100%;\n  }\n  .cssgridlegacy.no-cssgrid .gallery-shortcode.gallery-masonry-shortcode-id-a5cfc471e46a80dc9b3bc662ee1f8205.resize-by-browser-width .dt-css-grid .wf-cell.double-width,\n  .no-cssgridlegacy.no-cssgrid .gallery-shortcode.gallery-masonry-shortcode-id-a5cfc471e46a80dc9b3bc662ee1f8205.resize-by-browser-width .dt-css-grid .wf-cell.double-width {\n    width: calc(100%)*2;\n  }\n}<\/style><div class=\"gallery-shortcode dt-gallery-container gallery-masonry-shortcode-id-a5cfc471e46a80dc9b3bc662ee1f8205 mode-masonry jquery-filter dt-icon-bg-off quick-scale-img enable-bg-rollover resize-by-browser-width  hover-fade loading-effect-none description-on-hover\" data-padding=\"5px\" data-cur-page=\"1\" data-post-limit=\"-1\" data-pagination-mode=\"none\" data-desktop-columns-num=\"2\" data-v-tablet-columns-num=\"1\" data-h-tablet-columns-num=\"2\" data-phone-columns-num=\"1\" data-width=\"0px\" data-columns=\"0\"><div class=\"iso-container\" ><div class=\"wf-cell iso-item\" data-post-id=\"2367\" data-date=\"2024-06-19T23:45:28+02:00\" data-name=\"pinnoitushelin_kiinnitystarviketeollisuus-1\"><figure class=\"post visible\"><a href=\"https:\/\/www.pinnoitushelin.fi\/wp-content\/uploads\/2024\/06\/pinnoitushelin_kiinnitystarviketeollisuus-1.jpg\" class=\"rollover dt-pswp-item layzr-bg\" data-large_image_width=\"1200\" data-large_image_height=\"800\" data-dt-img-description=\"\" title=\"pinnoitushelin_kiinnitystarviketeollisuus-1\"><img fetchpriority=\"high\" decoding=\"async\" class=\"preload-me iso-lazy-load aspect\" src=\"data:image\/svg+xml,%3Csvg%20xmlns%3D&#39;http%3A%2F%2Fwww.w3.org%2F2000%2Fsvg&#39;%20viewBox%3D&#39;0%200%20990%20660&#39;%2F%3E\" data-src=\"https:\/\/www.pinnoitushelin.fi\/wp-content\/uploads\/2024\/06\/pinnoitushelin_kiinnitystarviketeollisuus-1-990x660.jpg\" data-srcset=\"https:\/\/www.pinnoitushelin.fi\/wp-content\/uploads\/2024\/06\/pinnoitushelin_kiinnitystarviketeollisuus-1-990x660.jpg 990w, https:\/\/www.pinnoitushelin.fi\/wp-content\/uploads\/2024\/06\/pinnoitushelin_kiinnitystarviketeollisuus-1.jpg 1200w\" loading=\"eager\" style=\"--ratio: 990 \/ 660\" sizes=\"(max-width: 990px) 100vw, 990px\" alt=\"\" width=\"990\" height=\"660\"  \/><span class=\"gallery-rollover\"><span class=\"gallery-zoom-ico icomoon-the7-font-the7-zoom-06\"><span><\/span><\/span><\/span><\/a><\/figure><\/div><div class=\"wf-cell iso-item\" data-post-id=\"2370\" data-date=\"2024-06-19T23:45:29+02:00\" data-name=\"pinnoitushelin_kiinnitystarviketeollisuus-2\"><figure class=\"post visible\"><a href=\"https:\/\/www.pinnoitushelin.fi\/wp-content\/uploads\/2024\/06\/pinnoitushelin_kiinnitystarviketeollisuus-2.jpg\" class=\"rollover dt-pswp-item layzr-bg\" data-large_image_width=\"1200\" data-large_image_height=\"800\" data-dt-img-description=\"\" title=\"pinnoitushelin_kiinnitystarviketeollisuus-2\"><img decoding=\"async\" class=\"preload-me iso-lazy-load aspect\" src=\"data:image\/svg+xml,%3Csvg%20xmlns%3D&#39;http%3A%2F%2Fwww.w3.org%2F2000%2Fsvg&#39;%20viewBox%3D&#39;0%200%20990%20660&#39;%2F%3E\" data-src=\"https:\/\/www.pinnoitushelin.fi\/wp-content\/uploads\/2024\/06\/pinnoitushelin_kiinnitystarviketeollisuus-2-990x660.jpg\" data-srcset=\"https:\/\/www.pinnoitushelin.fi\/wp-content\/uploads\/2024\/06\/pinnoitushelin_kiinnitystarviketeollisuus-2-990x660.jpg 990w, https:\/\/www.pinnoitushelin.fi\/wp-content\/uploads\/2024\/06\/pinnoitushelin_kiinnitystarviketeollisuus-2.jpg 1200w\" loading=\"eager\" style=\"--ratio: 990 \/ 660\" sizes=\"(max-width: 990px) 100vw, 990px\" alt=\"\" width=\"990\" height=\"660\"  \/><span class=\"gallery-rollover\"><span class=\"gallery-zoom-ico icomoon-the7-font-the7-zoom-06\"><span><\/span><\/span><\/span><\/a><\/figure><\/div><\/div><!-- iso-container|iso-grid --><\/div>[\/vc_column][\/vc_row]<\/p>\n<\/div>","protected":false},"excerpt":{"rendered":"<p>[vc_row css=&#8221;.vc_custom_1717739529951{margin-bottom: 40px !important;}&#8221;][vc_column][vc_column_text css=&#8221;&#8221;] M\u016bsu pakalpojumi ar Pinnoitus Helin stiprin\u0101jumu nozarei nodro\u0161ina lab\u0101ku aizsardz\u012bbu pret koroziju un uzlabotu izskatu. M\u0113s izgatavojam cinko\u0161anu skr\u016bv\u0113m, uzgrie\u017e\u0146iem un citiem stiprin\u0101jumiem. M\u0113s veicam ner\u016bs\u0113jo\u0161o savienot\u0101jelementu melno kr\u0101so\u0161anu ar cinka-dzelzs melno pasiv\u0101ciju. Atsperu un s\u012bku deta\u013cu pretkorozijas aizsardz\u012bbu ar elektrogalvaniz\u0101ciju veicam gan bung\u0101s, gan piek\u0101rti. Pateicoties m\u016bsu daudzpus\u012bgajai elektrogalvaniz\u0101cijas&hellip;<\/p>\n","protected":false},"author":3,"featured_media":0,"parent":2917,"menu_order":36,"comment_status":"closed","ping_status":"closed","template":"","meta":{"footnotes":""},"class_list":["post-2951","page","type-page","status-publish","hentry","description-off"],"yoast_head":"<!-- This site is optimized with the Yoast SEO plugin v27.4 - https:\/\/yoast.com\/product\/yoast-seo-wordpress\/ -->\n<title>Stiprin\u0101juma piederumu nozare - Pinnoitus Helin Oy<\/title>\n<meta name=\"description\" content=\"Stiprin\u0101jumu nozarei m\u016bsu pakalpojumi p\u0101rkl\u0101jumu kl\u0101\u0161anai ar Helin nodro\u0161ina lab\u0101ku aizsardz\u012bbu pret koroziju un uzlabotu izskatu.\" \/>\n<meta name=\"robots\" content=\"index, follow, max-snippet:-1, max-image-preview:large, max-video-preview:-1\" \/>\n<link rel=\"canonical\" href=\"https:\/\/www.pinnoitushelin.fi\/lv\/rupniecibas-nozares\/stiprinajuma-piederumu-nozare\/\" \/>\n<meta property=\"og:locale\" content=\"lv_LV\" \/>\n<meta property=\"og:type\" content=\"article\" \/>\n<meta property=\"og:title\" content=\"Stiprin\u0101juma piederumu nozare - Pinnoitus Helin Oy\" \/>\n<meta property=\"og:description\" content=\"Stiprin\u0101jumu nozarei m\u016bsu pakalpojumi p\u0101rkl\u0101jumu kl\u0101\u0161anai ar Helin nodro\u0161ina lab\u0101ku aizsardz\u012bbu pret koroziju un uzlabotu izskatu.\" \/>\n<meta property=\"og:url\" content=\"https:\/\/www.pinnoitushelin.fi\/lv\/rupniecibas-nozares\/stiprinajuma-piederumu-nozare\/\" \/>\n<meta property=\"og:site_name\" content=\"Pinnoitus Helin Oy\" \/>\n<meta property=\"article:modified_time\" content=\"2024-07-30T23:09:24+00:00\" \/>\n<meta name=\"twitter:card\" content=\"summary_large_image\" \/>\n<meta name=\"twitter:label1\" content=\"Est. reading time\" \/>\n\t<meta name=\"twitter:data1\" content=\"1 minute\" \/>\n<script type=\"application\/ld+json\" class=\"yoast-schema-graph\">{\"@context\":\"https:\\\/\\\/schema.org\",\"@graph\":[{\"@type\":\"WebPage\",\"@id\":\"https:\\\/\\\/www.pinnoitushelin.fi\\\/lv\\\/rupniecibas-nozares\\\/stiprinajuma-piederumu-nozare\\\/\",\"url\":\"https:\\\/\\\/www.pinnoitushelin.fi\\\/lv\\\/rupniecibas-nozares\\\/stiprinajuma-piederumu-nozare\\\/\",\"name\":\"Stiprin\u0101juma piederumu nozare - Pinnoitus Helin Oy\",\"isPartOf\":{\"@id\":\"https:\\\/\\\/www.pinnoitushelin.fi\\\/lv\\\/#website\"},\"datePublished\":\"2024-06-19T21:45:39+00:00\",\"dateModified\":\"2024-07-30T23:09:24+00:00\",\"description\":\"Stiprin\u0101jumu nozarei m\u016bsu pakalpojumi p\u0101rkl\u0101jumu kl\u0101\u0161anai ar Helin nodro\u0161ina lab\u0101ku aizsardz\u012bbu pret koroziju un uzlabotu izskatu.\",\"breadcrumb\":{\"@id\":\"https:\\\/\\\/www.pinnoitushelin.fi\\\/lv\\\/rupniecibas-nozares\\\/stiprinajuma-piederumu-nozare\\\/#breadcrumb\"},\"inLanguage\":\"lv-LV\",\"potentialAction\":[{\"@type\":\"ReadAction\",\"target\":[\"https:\\\/\\\/www.pinnoitushelin.fi\\\/lv\\\/rupniecibas-nozares\\\/stiprinajuma-piederumu-nozare\\\/\"]}]},{\"@type\":\"BreadcrumbList\",\"@id\":\"https:\\\/\\\/www.pinnoitushelin.fi\\\/lv\\\/rupniecibas-nozares\\\/stiprinajuma-piederumu-nozare\\\/#breadcrumb\",\"itemListElement\":[{\"@type\":\"ListItem\",\"position\":1,\"name\":\"Etusivu\",\"item\":\"https:\\\/\\\/www.pinnoitushelin.fi\\\/lv\\\/\"},{\"@type\":\"ListItem\",\"position\":2,\"name\":\"R\u016bpniec\u012bbas nozares\",\"item\":\"https:\\\/\\\/www.pinnoitushelin.fi\\\/lv\\\/rupniecibas-nozares\\\/\"},{\"@type\":\"ListItem\",\"position\":3,\"name\":\"Stiprin\u0101juma piederumu nozare\"}]},{\"@type\":\"WebSite\",\"@id\":\"https:\\\/\\\/www.pinnoitushelin.fi\\\/lv\\\/#website\",\"url\":\"https:\\\/\\\/www.pinnoitushelin.fi\\\/lv\\\/\",\"name\":\"Pinnoitus Helin Oy\",\"description\":\"Teknist\u00e4 pintak\u00e4sittely\u00e4 monipuolisesti ja tasalaatuisesti.\",\"publisher\":{\"@id\":\"https:\\\/\\\/www.pinnoitushelin.fi\\\/lv\\\/#organization\"},\"potentialAction\":[{\"@type\":\"SearchAction\",\"target\":{\"@type\":\"EntryPoint\",\"urlTemplate\":\"https:\\\/\\\/www.pinnoitushelin.fi\\\/lv\\\/?s={search_term_string}\"},\"query-input\":{\"@type\":\"PropertyValueSpecification\",\"valueRequired\":true,\"valueName\":\"search_term_string\"}}],\"inLanguage\":\"lv-LV\"},{\"@type\":\"Organization\",\"@id\":\"https:\\\/\\\/www.pinnoitushelin.fi\\\/lv\\\/#organization\",\"name\":\"Pinnoitus Helin Oy\",\"url\":\"https:\\\/\\\/www.pinnoitushelin.fi\\\/lv\\\/\",\"logo\":{\"@type\":\"ImageObject\",\"inLanguage\":\"lv-LV\",\"@id\":\"https:\\\/\\\/www.pinnoitushelin.fi\\\/lv\\\/#\\\/schema\\\/logo\\\/image\\\/\",\"url\":\"https:\\\/\\\/www.pinnoitushelin.fi\\\/wp-content\\\/uploads\\\/2024\\\/05\\\/logoa.png\",\"contentUrl\":\"https:\\\/\\\/www.pinnoitushelin.fi\\\/wp-content\\\/uploads\\\/2024\\\/05\\\/logoa.png\",\"width\":331,\"height\":105,\"caption\":\"Pinnoitus Helin Oy\"},\"image\":{\"@id\":\"https:\\\/\\\/www.pinnoitushelin.fi\\\/lv\\\/#\\\/schema\\\/logo\\\/image\\\/\"}}]}<\/script>\n<!-- \/ Yoast SEO plugin. -->","yoast_head_json":{"title":"Stiprin\u0101juma piederumu nozare - Pinnoitus Helin Oy","description":"Stiprin\u0101jumu nozarei m\u016bsu pakalpojumi p\u0101rkl\u0101jumu kl\u0101\u0161anai ar Helin nodro\u0161ina lab\u0101ku aizsardz\u012bbu pret koroziju un uzlabotu izskatu.","robots":{"index":"index","follow":"follow","max-snippet":"max-snippet:-1","max-image-preview":"max-image-preview:large","max-video-preview":"max-video-preview:-1"},"canonical":"https:\/\/www.pinnoitushelin.fi\/lv\/rupniecibas-nozares\/stiprinajuma-piederumu-nozare\/","og_locale":"lv_LV","og_type":"article","og_title":"Stiprin\u0101juma piederumu nozare - Pinnoitus Helin Oy","og_description":"Stiprin\u0101jumu nozarei m\u016bsu pakalpojumi p\u0101rkl\u0101jumu kl\u0101\u0161anai ar Helin nodro\u0161ina lab\u0101ku aizsardz\u012bbu pret koroziju un uzlabotu izskatu.","og_url":"https:\/\/www.pinnoitushelin.fi\/lv\/rupniecibas-nozares\/stiprinajuma-piederumu-nozare\/","og_site_name":"Pinnoitus Helin Oy","article_modified_time":"2024-07-30T23:09:24+00:00","twitter_card":"summary_large_image","twitter_misc":{"Est. reading time":"1 minute"},"schema":{"@context":"https:\/\/schema.org","@graph":[{"@type":"WebPage","@id":"https:\/\/www.pinnoitushelin.fi\/lv\/rupniecibas-nozares\/stiprinajuma-piederumu-nozare\/","url":"https:\/\/www.pinnoitushelin.fi\/lv\/rupniecibas-nozares\/stiprinajuma-piederumu-nozare\/","name":"Stiprin\u0101juma piederumu nozare - Pinnoitus Helin Oy","isPartOf":{"@id":"https:\/\/www.pinnoitushelin.fi\/lv\/#website"},"datePublished":"2024-06-19T21:45:39+00:00","dateModified":"2024-07-30T23:09:24+00:00","description":"Stiprin\u0101jumu nozarei m\u016bsu pakalpojumi p\u0101rkl\u0101jumu kl\u0101\u0161anai ar Helin nodro\u0161ina lab\u0101ku aizsardz\u012bbu pret koroziju un uzlabotu izskatu.","breadcrumb":{"@id":"https:\/\/www.pinnoitushelin.fi\/lv\/rupniecibas-nozares\/stiprinajuma-piederumu-nozare\/#breadcrumb"},"inLanguage":"lv-LV","potentialAction":[{"@type":"ReadAction","target":["https:\/\/www.pinnoitushelin.fi\/lv\/rupniecibas-nozares\/stiprinajuma-piederumu-nozare\/"]}]},{"@type":"BreadcrumbList","@id":"https:\/\/www.pinnoitushelin.fi\/lv\/rupniecibas-nozares\/stiprinajuma-piederumu-nozare\/#breadcrumb","itemListElement":[{"@type":"ListItem","position":1,"name":"Etusivu","item":"https:\/\/www.pinnoitushelin.fi\/lv\/"},{"@type":"ListItem","position":2,"name":"R\u016bpniec\u012bbas nozares","item":"https:\/\/www.pinnoitushelin.fi\/lv\/rupniecibas-nozares\/"},{"@type":"ListItem","position":3,"name":"Stiprin\u0101juma piederumu nozare"}]},{"@type":"WebSite","@id":"https:\/\/www.pinnoitushelin.fi\/lv\/#website","url":"https:\/\/www.pinnoitushelin.fi\/lv\/","name":"Pinnoitus Helin Oy","description":"Teknist\u00e4 pintak\u00e4sittely\u00e4 monipuolisesti ja tasalaatuisesti.","publisher":{"@id":"https:\/\/www.pinnoitushelin.fi\/lv\/#organization"},"potentialAction":[{"@type":"SearchAction","target":{"@type":"EntryPoint","urlTemplate":"https:\/\/www.pinnoitushelin.fi\/lv\/?s={search_term_string}"},"query-input":{"@type":"PropertyValueSpecification","valueRequired":true,"valueName":"search_term_string"}}],"inLanguage":"lv-LV"},{"@type":"Organization","@id":"https:\/\/www.pinnoitushelin.fi\/lv\/#organization","name":"Pinnoitus Helin Oy","url":"https:\/\/www.pinnoitushelin.fi\/lv\/","logo":{"@type":"ImageObject","inLanguage":"lv-LV","@id":"https:\/\/www.pinnoitushelin.fi\/lv\/#\/schema\/logo\/image\/","url":"https:\/\/www.pinnoitushelin.fi\/wp-content\/uploads\/2024\/05\/logoa.png","contentUrl":"https:\/\/www.pinnoitushelin.fi\/wp-content\/uploads\/2024\/05\/logoa.png","width":331,"height":105,"caption":"Pinnoitus Helin Oy"},"image":{"@id":"https:\/\/www.pinnoitushelin.fi\/lv\/#\/schema\/logo\/image\/"}}]}},"_links":{"self":[{"href":"https:\/\/www.pinnoitushelin.fi\/lv\/wp-json\/wp\/v2\/pages\/2951","targetHints":{"allow":["GET"]}}],"collection":[{"href":"https:\/\/www.pinnoitushelin.fi\/lv\/wp-json\/wp\/v2\/pages"}],"about":[{"href":"https:\/\/www.pinnoitushelin.fi\/lv\/wp-json\/wp\/v2\/types\/page"}],"author":[{"embeddable":true,"href":"https:\/\/www.pinnoitushelin.fi\/lv\/wp-json\/wp\/v2\/users\/3"}],"replies":[{"embeddable":true,"href":"https:\/\/www.pinnoitushelin.fi\/lv\/wp-json\/wp\/v2\/comments?post=2951"}],"version-history":[{"count":4,"href":"https:\/\/www.pinnoitushelin.fi\/lv\/wp-json\/wp\/v2\/pages\/2951\/revisions"}],"predecessor-version":[{"id":3229,"href":"https:\/\/www.pinnoitushelin.fi\/lv\/wp-json\/wp\/v2\/pages\/2951\/revisions\/3229"}],"up":[{"embeddable":true,"href":"https:\/\/www.pinnoitushelin.fi\/lv\/wp-json\/wp\/v2\/pages\/2917"}],"wp:attachment":[{"href":"https:\/\/www.pinnoitushelin.fi\/lv\/wp-json\/wp\/v2\/media?parent=2951"}],"curies":[{"name":"wp","href":"https:\/\/api.w.org\/{rel}","templated":true}]}}