{"id":2945,"date":"2024-06-19T23:42:04","date_gmt":"2024-06-19T21:42:04","guid":{"rendered":"https:\/\/www.pinnoitushelin.fi\/nozares\/automobilu-rupnieciba\/"},"modified":"2024-07-31T01:07:31","modified_gmt":"2024-07-30T23:07:31","slug":"transportlidzeklu-nozare","status":"publish","type":"page","link":"https:\/\/www.pinnoitushelin.fi\/lv\/rupniecibas-nozares\/transportlidzeklu-nozare\/","title":{"rendered":"Transportl\u012bdzek\u013cu nozare"},"content":{"rendered":"<div class=\"wpb-content-wrapper\"><p>[vc_row css=&#8221;.vc_custom_1717739529951{margin-bottom: 40px !important;}&#8221;][vc_column][vc_column_text css=&#8221;&#8221;]<\/p>\n<h3>M\u016bsu pakalpojumi uzlabo transportl\u012bdzek\u013cu met\u0101la deta\u013cu aizsardz\u012bbu pret koroziju un izskatu.<\/h3>\n<p>M\u0113s ra\u017eojam transportl\u012bdzek\u013cu konstrukcijas deta\u013cu pretkorozijas aizsardz\u012bbu ar cinka-dzelzs p\u0101rkl\u0101jumu meln\u0101 pasiv\u0101cij\u0101.<br \/>\n\u0160is p\u0101rkl\u0101jums nodro\u0161ina lieliskas pretkorozijas aizsardz\u012bbas \u012bpa\u0161\u012bbas un ir popul\u0101rs smago transportl\u012bdzek\u013cu un ma\u0161\u012bnu deta\u013cu p\u0101rkl\u0101jumam.<br \/>\nM\u0113s veicam ar\u012b, piem\u0113ram, hidraulisko bloku anod\u0113\u0161anu pretkorozijas aizsardz\u012bbai un hidraulisko veidgabalu elektrol\u012btisku ni\u0137el\u0113\u0161anu pretkorozijas aizsardz\u012bbai un nodilumiztur\u012bbai, k\u0101 ar\u012b z\u012bmju un iek\u0101rtu priek\u0161\u0113jo pl\u0101k\u0161\u0146u anod\u0113\u0161anu pirms l\u0101zera vai tampo mar\u0137\u0113\u0161anas.<br \/>\nAr kr\u0101su anod\u0113\u0161anu m\u0113s pie\u0161\u0137iram alum\u012bnija transportl\u012bdzek\u013cu deta\u013c\u0101m un piederumiem, piem\u0113ram, LED lukturu r\u0101mjiem, jaunu kr\u0101su izskatu.<\/p>\n<h3>Popul\u0101r\u0101k\u0101s p\u0101rkl\u0101jumu tehnolo\u0123ijas nozar\u0113<\/h3>\n<p><a href=\"https:\/\/www.pinnoitushelin.fi\/lv\/parklasanas-metodes\/cinka-dzelzs\/\">Cinka dzelzs<\/a><\/p>\n<p><a href=\"\/lv\/parklasanas-metodes\/kimiska-nikela-parklajums\/\">\u0136\u012bmiskais ni\u0137e\u013ca p\u0101rkl\u0101jums<\/a><\/p>\n<p><a href=\"\/lv\/parklasanas-metodes\/anodesana\/\">Anod\u0113\u0161ana<\/a>[\/vc_column_text][\/vc_column][\/vc_row][vc_row][vc_column]<style type=\"text\/css\" data-type=\"the7_shortcodes-inline-css\">.gallery-shortcode.gallery-masonry-shortcode-id-a653871af395de9f7aec374cc6c8acd0 figure,\n.gallery-shortcode.gallery-masonry-shortcode-id-a653871af395de9f7aec374cc6c8acd0 .rollover,\n.gallery-shortcode.gallery-masonry-shortcode-id-a653871af395de9f7aec374cc6c8acd0 img,\n.gallery-shortcode.gallery-masonry-shortcode-id-a653871af395de9f7aec374cc6c8acd0 .gallery-rollover {\n  border-radius: 0px;\n}\n.gallery-shortcode.gallery-masonry-shortcode-id-a653871af395de9f7aec374cc6c8acd0.enable-bg-rollover .gallery-rollover {\n  background: -webkit-linear-gradient();\n  background: linear-gradient();\n}\n.gallery-shortcode.gallery-masonry-shortcode-id-a653871af395de9f7aec374cc6c8acd0.enable-bg-rollover.hover-scale figure .rollover:after {\n  background: -webkit-linear-gradient();\n  background: linear-gradient();\n}\n.gallery-shortcode.gallery-masonry-shortcode-id-a653871af395de9f7aec374cc6c8acd0 .gallery-zoom-ico {\n  width: 44px;\n  height: 44px;\n  line-height: 44px;\n  border-radius: 100px;\n  margin: -22px 0 0 -22px;\n  border-width: 0px;\n  color: #ffffff;\n}\n.dt-icon-bg-on.gallery-shortcode.gallery-masonry-shortcode-id-a653871af395de9f7aec374cc6c8acd0 .gallery-zoom-ico {\n  background: rgba(255,255,255,0.3);\n  box-shadow: none;\n}\n.gallery-shortcode.gallery-masonry-shortcode-id-a653871af395de9f7aec374cc6c8acd0 .gallery-zoom-ico:before,\n.gallery-shortcode.gallery-masonry-shortcode-id-a653871af395de9f7aec374cc6c8acd0 .gallery-zoom-ico span {\n  font-size: 32px;\n  line-height: 44px;\n  color: #ffffff;\n}\n.gallery-shortcode.gallery-masonry-shortcode-id-a653871af395de9f7aec374cc6c8acd0:not(.resize-by-browser-width) .dt-css-grid {\n  grid-row-gap: 10px;\n  grid-column-gap: 10px;\n  grid-template-columns: repeat(auto-fill,minmax(,1fr));\n}\n.gallery-shortcode.gallery-masonry-shortcode-id-a653871af395de9f7aec374cc6c8acd0:not(.resize-by-browser-width) .dt-css-grid .double-width {\n  grid-column: span 2;\n}\n.cssgridlegacy.no-cssgrid .gallery-shortcode.gallery-masonry-shortcode-id-a653871af395de9f7aec374cc6c8acd0:not(.resize-by-browser-width) .dt-css-grid,\n.no-cssgridlegacy.no-cssgrid .gallery-shortcode.gallery-masonry-shortcode-id-a653871af395de9f7aec374cc6c8acd0:not(.resize-by-browser-width) .dt-css-grid {\n  display: flex;\n  flex-flow: row wrap;\n  margin: -5px;\n}\n.cssgridlegacy.no-cssgrid .gallery-shortcode.gallery-masonry-shortcode-id-a653871af395de9f7aec374cc6c8acd0:not(.resize-by-browser-width) .dt-css-grid .wf-cell,\n.no-cssgridlegacy.no-cssgrid .gallery-shortcode.gallery-masonry-shortcode-id-a653871af395de9f7aec374cc6c8acd0:not(.resize-by-browser-width) .dt-css-grid .wf-cell {\n  flex: 1 0 ;\n  max-width: 100%;\n  padding: 5px;\n  box-sizing: border-box;\n}\n.gallery-shortcode.gallery-masonry-shortcode-id-a653871af395de9f7aec374cc6c8acd0.resize-by-browser-width .dt-css-grid {\n  grid-template-columns: repeat(2,1fr);\n  grid-template-rows: auto;\n  grid-column-gap: 10px;\n  grid-row-gap: 10px;\n}\n.gallery-shortcode.gallery-masonry-shortcode-id-a653871af395de9f7aec374cc6c8acd0.resize-by-browser-width .dt-css-grid .double-width {\n  grid-column: span 2;\n}\n.cssgridlegacy.no-cssgrid .gallery-shortcode.gallery-masonry-shortcode-id-a653871af395de9f7aec374cc6c8acd0.resize-by-browser-width .dt-css-grid {\n  margin: -5px;\n}\n.cssgridlegacy.no-cssgrid .gallery-shortcode.gallery-masonry-shortcode-id-a653871af395de9f7aec374cc6c8acd0.resize-by-browser-width .dt-css-grid .wf-cell {\n  width: 50%;\n  padding: 5px;\n}\n.cssgridlegacy.no-cssgrid .gallery-shortcode.gallery-masonry-shortcode-id-a653871af395de9f7aec374cc6c8acd0.resize-by-browser-width .dt-css-grid .wf-cell.double-width {\n  width: calc(50%) * 2;\n}\n.gallery-shortcode.gallery-masonry-shortcode-id-a653871af395de9f7aec374cc6c8acd0.resize-by-browser-width:not(.centered-layout-list):not(.content-bg-on) .dt-css-grid {\n  grid-row-gap: 10px - ;\n}\n@media screen and (max-width: 1199px) {\n  .gallery-shortcode.gallery-masonry-shortcode-id-a653871af395de9f7aec374cc6c8acd0.resize-by-browser-width .dt-css-grid {\n    grid-template-columns: repeat(2,1fr);\n  }\n  .cssgridlegacy.no-cssgrid .gallery-shortcode.gallery-masonry-shortcode-id-a653871af395de9f7aec374cc6c8acd0.resize-by-browser-width .dt-css-grid .wf-cell,\n  .no-cssgridlegacy.no-cssgrid .gallery-shortcode.gallery-masonry-shortcode-id-a653871af395de9f7aec374cc6c8acd0.resize-by-browser-width .dt-css-grid .wf-cell {\n    width: 50%;\n  }\n  .cssgridlegacy.no-cssgrid .gallery-shortcode.gallery-masonry-shortcode-id-a653871af395de9f7aec374cc6c8acd0.resize-by-browser-width .dt-css-grid .wf-cell.double-width,\n  .no-cssgridlegacy.no-cssgrid .gallery-shortcode.gallery-masonry-shortcode-id-a653871af395de9f7aec374cc6c8acd0.resize-by-browser-width .dt-css-grid .wf-cell.double-width {\n    width: calc(50%)*2;\n  }\n}\n@media screen and (max-width: 991px) {\n  .gallery-shortcode.gallery-masonry-shortcode-id-a653871af395de9f7aec374cc6c8acd0.resize-by-browser-width .dt-css-grid {\n    grid-template-columns: repeat(1,1fr);\n  }\n  .cssgridlegacy.no-cssgrid .gallery-shortcode.gallery-masonry-shortcode-id-a653871af395de9f7aec374cc6c8acd0.resize-by-browser-width .dt-css-grid .wf-cell,\n  .no-cssgridlegacy.no-cssgrid .gallery-shortcode.gallery-masonry-shortcode-id-a653871af395de9f7aec374cc6c8acd0.resize-by-browser-width .dt-css-grid .wf-cell {\n    width: 100%;\n  }\n  .cssgridlegacy.no-cssgrid .gallery-shortcode.gallery-masonry-shortcode-id-a653871af395de9f7aec374cc6c8acd0.resize-by-browser-width .dt-css-grid .wf-cell.double-width,\n  .no-cssgridlegacy.no-cssgrid .gallery-shortcode.gallery-masonry-shortcode-id-a653871af395de9f7aec374cc6c8acd0.resize-by-browser-width .dt-css-grid .wf-cell.double-width {\n    width: calc(100%)*2;\n  }\n}\n@media screen and (max-width: 767px) {\n  .gallery-shortcode.gallery-masonry-shortcode-id-a653871af395de9f7aec374cc6c8acd0.resize-by-browser-width .dt-css-grid {\n    grid-template-columns: repeat(1,1fr);\n  }\n  .cssgridlegacy.no-cssgrid .gallery-shortcode.gallery-masonry-shortcode-id-a653871af395de9f7aec374cc6c8acd0.resize-by-browser-width .dt-css-grid .wf-cell,\n  .no-cssgridlegacy.no-cssgrid .gallery-shortcode.gallery-masonry-shortcode-id-a653871af395de9f7aec374cc6c8acd0.resize-by-browser-width .dt-css-grid .wf-cell {\n    width: 100%;\n  }\n  .cssgridlegacy.no-cssgrid .gallery-shortcode.gallery-masonry-shortcode-id-a653871af395de9f7aec374cc6c8acd0.resize-by-browser-width .dt-css-grid .wf-cell.double-width,\n  .no-cssgridlegacy.no-cssgrid .gallery-shortcode.gallery-masonry-shortcode-id-a653871af395de9f7aec374cc6c8acd0.resize-by-browser-width .dt-css-grid .wf-cell.double-width {\n    width: calc(100%)*2;\n  }\n}<\/style><div class=\"gallery-shortcode dt-gallery-container gallery-masonry-shortcode-id-a653871af395de9f7aec374cc6c8acd0 mode-masonry jquery-filter dt-icon-bg-off quick-scale-img enable-bg-rollover resize-by-browser-width  hover-fade loading-effect-none description-on-hover\" data-padding=\"5px\" data-cur-page=\"1\" data-post-limit=\"-1\" data-pagination-mode=\"none\" data-desktop-columns-num=\"2\" data-v-tablet-columns-num=\"1\" data-h-tablet-columns-num=\"2\" data-phone-columns-num=\"1\" data-width=\"0px\" data-columns=\"0\"><div class=\"iso-container\" ><div class=\"wf-cell iso-item\" data-post-id=\"2361\" data-date=\"2024-06-19T23:41:53+02:00\" data-name=\"pinnoitushelin-ajoneuvoteollisuus-1\"><figure class=\"post visible\"><a href=\"https:\/\/www.pinnoitushelin.fi\/wp-content\/uploads\/2024\/06\/pinnoitushelin-ajoneuvoteollisuus-1.jpg\" class=\"rollover dt-pswp-item layzr-bg\" data-large_image_width=\"1200\" data-large_image_height=\"800\" data-dt-img-description=\"\" title=\"pinnoitushelin-ajoneuvoteollisuus-1\"><img fetchpriority=\"high\" decoding=\"async\" class=\"preload-me iso-lazy-load aspect\" src=\"data:image\/svg+xml,%3Csvg%20xmlns%3D&#39;http%3A%2F%2Fwww.w3.org%2F2000%2Fsvg&#39;%20viewBox%3D&#39;0%200%20990%20660&#39;%2F%3E\" data-src=\"https:\/\/www.pinnoitushelin.fi\/wp-content\/uploads\/2024\/06\/pinnoitushelin-ajoneuvoteollisuus-1-990x660.jpg\" data-srcset=\"https:\/\/www.pinnoitushelin.fi\/wp-content\/uploads\/2024\/06\/pinnoitushelin-ajoneuvoteollisuus-1-990x660.jpg 990w, https:\/\/www.pinnoitushelin.fi\/wp-content\/uploads\/2024\/06\/pinnoitushelin-ajoneuvoteollisuus-1.jpg 1200w\" loading=\"eager\" style=\"--ratio: 990 \/ 660\" sizes=\"(max-width: 990px) 100vw, 990px\" alt=\"\" width=\"990\" height=\"660\"  \/><span class=\"gallery-rollover\"><span class=\"gallery-zoom-ico icomoon-the7-font-the7-zoom-06\"><span><\/span><\/span><\/span><\/a><\/figure><\/div><div class=\"wf-cell iso-item\" data-post-id=\"2364\" data-date=\"2024-06-19T23:41:54+02:00\" data-name=\"pinnoitushelin-ajoneuvoteollisuus-2\"><figure class=\"post visible\"><a href=\"https:\/\/www.pinnoitushelin.fi\/wp-content\/uploads\/2024\/06\/pinnoitushelin-ajoneuvoteollisuus-2.jpg\" class=\"rollover dt-pswp-item layzr-bg\" data-large_image_width=\"1200\" data-large_image_height=\"800\" data-dt-img-description=\"\" title=\"pinnoitushelin-ajoneuvoteollisuus-2\"><img decoding=\"async\" class=\"preload-me iso-lazy-load aspect\" src=\"data:image\/svg+xml,%3Csvg%20xmlns%3D&#39;http%3A%2F%2Fwww.w3.org%2F2000%2Fsvg&#39;%20viewBox%3D&#39;0%200%20990%20660&#39;%2F%3E\" data-src=\"https:\/\/www.pinnoitushelin.fi\/wp-content\/uploads\/2024\/06\/pinnoitushelin-ajoneuvoteollisuus-2-990x660.jpg\" data-srcset=\"https:\/\/www.pinnoitushelin.fi\/wp-content\/uploads\/2024\/06\/pinnoitushelin-ajoneuvoteollisuus-2-990x660.jpg 990w, https:\/\/www.pinnoitushelin.fi\/wp-content\/uploads\/2024\/06\/pinnoitushelin-ajoneuvoteollisuus-2.jpg 1200w\" loading=\"eager\" style=\"--ratio: 990 \/ 660\" sizes=\"(max-width: 990px) 100vw, 990px\" alt=\"\" width=\"990\" height=\"660\"  \/><span class=\"gallery-rollover\"><span class=\"gallery-zoom-ico icomoon-the7-font-the7-zoom-06\"><span><\/span><\/span><\/span><\/a><\/figure><\/div><\/div><!-- iso-container|iso-grid --><\/div>[\/vc_column][\/vc_row]<\/p>\n<\/div>","protected":false},"excerpt":{"rendered":"<p>[vc_row css=&#8221;.vc_custom_1717739529951{margin-bottom: 40px !important;}&#8221;][vc_column][vc_column_text css=&#8221;&#8221;] M\u016bsu pakalpojumi uzlabo transportl\u012bdzek\u013cu met\u0101la deta\u013cu aizsardz\u012bbu pret koroziju un izskatu. M\u0113s ra\u017eojam transportl\u012bdzek\u013cu konstrukcijas deta\u013cu pretkorozijas aizsardz\u012bbu ar cinka-dzelzs p\u0101rkl\u0101jumu meln\u0101 pasiv\u0101cij\u0101. \u0160is p\u0101rkl\u0101jums nodro\u0161ina lieliskas pretkorozijas aizsardz\u012bbas \u012bpa\u0161\u012bbas un ir popul\u0101rs smago transportl\u012bdzek\u013cu un ma\u0161\u012bnu deta\u013cu p\u0101rkl\u0101jumam. M\u0113s veicam ar\u012b, piem\u0113ram, hidraulisko bloku anod\u0113\u0161anu pretkorozijas aizsardz\u012bbai un hidraulisko&hellip;<\/p>\n","protected":false},"author":3,"featured_media":0,"parent":2917,"menu_order":35,"comment_status":"closed","ping_status":"closed","template":"","meta":{"footnotes":""},"class_list":["post-2945","page","type-page","status-publish","hentry","description-off"],"yoast_head":"<!-- This site is optimized with the Yoast SEO plugin v27.4 - https:\/\/yoast.com\/product\/yoast-seo-wordpress\/ -->\n<title>Transportl\u012bdzek\u013cu nozare - Pinnoitus Helin Oy<\/title>\n<meta name=\"description\" content=\"M\u016bsu pakalpojumi uzlabo transportl\u012bdzek\u013cu met\u0101la deta\u013cu aizsardz\u012bbu pret koroziju un izskatu.\" \/>\n<meta name=\"robots\" content=\"index, follow, max-snippet:-1, max-image-preview:large, max-video-preview:-1\" \/>\n<link rel=\"canonical\" href=\"https:\/\/www.pinnoitushelin.fi\/lv\/rupniecibas-nozares\/transportlidzeklu-nozare\/\" \/>\n<meta property=\"og:locale\" content=\"lv_LV\" \/>\n<meta property=\"og:type\" content=\"article\" \/>\n<meta property=\"og:title\" content=\"Transportl\u012bdzek\u013cu nozare - Pinnoitus Helin Oy\" \/>\n<meta property=\"og:description\" content=\"M\u016bsu pakalpojumi uzlabo transportl\u012bdzek\u013cu met\u0101la deta\u013cu aizsardz\u012bbu pret koroziju un izskatu.\" \/>\n<meta property=\"og:url\" content=\"https:\/\/www.pinnoitushelin.fi\/lv\/rupniecibas-nozares\/transportlidzeklu-nozare\/\" \/>\n<meta property=\"og:site_name\" content=\"Pinnoitus Helin Oy\" \/>\n<meta property=\"article:modified_time\" content=\"2024-07-30T23:07:31+00:00\" \/>\n<meta name=\"twitter:card\" content=\"summary_large_image\" \/>\n<meta name=\"twitter:label1\" content=\"Est. reading time\" \/>\n\t<meta name=\"twitter:data1\" content=\"2 minutes\" \/>\n<script type=\"application\/ld+json\" class=\"yoast-schema-graph\">{\"@context\":\"https:\\\/\\\/schema.org\",\"@graph\":[{\"@type\":\"WebPage\",\"@id\":\"https:\\\/\\\/www.pinnoitushelin.fi\\\/lv\\\/rupniecibas-nozares\\\/transportlidzeklu-nozare\\\/\",\"url\":\"https:\\\/\\\/www.pinnoitushelin.fi\\\/lv\\\/rupniecibas-nozares\\\/transportlidzeklu-nozare\\\/\",\"name\":\"Transportl\u012bdzek\u013cu nozare - Pinnoitus Helin Oy\",\"isPartOf\":{\"@id\":\"https:\\\/\\\/www.pinnoitushelin.fi\\\/lv\\\/#website\"},\"datePublished\":\"2024-06-19T21:42:04+00:00\",\"dateModified\":\"2024-07-30T23:07:31+00:00\",\"description\":\"M\u016bsu pakalpojumi uzlabo transportl\u012bdzek\u013cu met\u0101la deta\u013cu aizsardz\u012bbu pret koroziju un izskatu.\",\"breadcrumb\":{\"@id\":\"https:\\\/\\\/www.pinnoitushelin.fi\\\/lv\\\/rupniecibas-nozares\\\/transportlidzeklu-nozare\\\/#breadcrumb\"},\"inLanguage\":\"lv-LV\",\"potentialAction\":[{\"@type\":\"ReadAction\",\"target\":[\"https:\\\/\\\/www.pinnoitushelin.fi\\\/lv\\\/rupniecibas-nozares\\\/transportlidzeklu-nozare\\\/\"]}]},{\"@type\":\"BreadcrumbList\",\"@id\":\"https:\\\/\\\/www.pinnoitushelin.fi\\\/lv\\\/rupniecibas-nozares\\\/transportlidzeklu-nozare\\\/#breadcrumb\",\"itemListElement\":[{\"@type\":\"ListItem\",\"position\":1,\"name\":\"Etusivu\",\"item\":\"https:\\\/\\\/www.pinnoitushelin.fi\\\/lv\\\/\"},{\"@type\":\"ListItem\",\"position\":2,\"name\":\"R\u016bpniec\u012bbas nozares\",\"item\":\"https:\\\/\\\/www.pinnoitushelin.fi\\\/lv\\\/rupniecibas-nozares\\\/\"},{\"@type\":\"ListItem\",\"position\":3,\"name\":\"Transportl\u012bdzek\u013cu nozare\"}]},{\"@type\":\"WebSite\",\"@id\":\"https:\\\/\\\/www.pinnoitushelin.fi\\\/lv\\\/#website\",\"url\":\"https:\\\/\\\/www.pinnoitushelin.fi\\\/lv\\\/\",\"name\":\"Pinnoitus Helin Oy\",\"description\":\"Teknist\u00e4 pintak\u00e4sittely\u00e4 monipuolisesti ja tasalaatuisesti.\",\"publisher\":{\"@id\":\"https:\\\/\\\/www.pinnoitushelin.fi\\\/lv\\\/#organization\"},\"potentialAction\":[{\"@type\":\"SearchAction\",\"target\":{\"@type\":\"EntryPoint\",\"urlTemplate\":\"https:\\\/\\\/www.pinnoitushelin.fi\\\/lv\\\/?s={search_term_string}\"},\"query-input\":{\"@type\":\"PropertyValueSpecification\",\"valueRequired\":true,\"valueName\":\"search_term_string\"}}],\"inLanguage\":\"lv-LV\"},{\"@type\":\"Organization\",\"@id\":\"https:\\\/\\\/www.pinnoitushelin.fi\\\/lv\\\/#organization\",\"name\":\"Pinnoitus Helin Oy\",\"url\":\"https:\\\/\\\/www.pinnoitushelin.fi\\\/lv\\\/\",\"logo\":{\"@type\":\"ImageObject\",\"inLanguage\":\"lv-LV\",\"@id\":\"https:\\\/\\\/www.pinnoitushelin.fi\\\/lv\\\/#\\\/schema\\\/logo\\\/image\\\/\",\"url\":\"https:\\\/\\\/www.pinnoitushelin.fi\\\/wp-content\\\/uploads\\\/2024\\\/05\\\/logoa.png\",\"contentUrl\":\"https:\\\/\\\/www.pinnoitushelin.fi\\\/wp-content\\\/uploads\\\/2024\\\/05\\\/logoa.png\",\"width\":331,\"height\":105,\"caption\":\"Pinnoitus Helin Oy\"},\"image\":{\"@id\":\"https:\\\/\\\/www.pinnoitushelin.fi\\\/lv\\\/#\\\/schema\\\/logo\\\/image\\\/\"}}]}<\/script>\n<!-- \/ Yoast SEO plugin. -->","yoast_head_json":{"title":"Transportl\u012bdzek\u013cu nozare - Pinnoitus Helin Oy","description":"M\u016bsu pakalpojumi uzlabo transportl\u012bdzek\u013cu met\u0101la deta\u013cu aizsardz\u012bbu pret koroziju un izskatu.","robots":{"index":"index","follow":"follow","max-snippet":"max-snippet:-1","max-image-preview":"max-image-preview:large","max-video-preview":"max-video-preview:-1"},"canonical":"https:\/\/www.pinnoitushelin.fi\/lv\/rupniecibas-nozares\/transportlidzeklu-nozare\/","og_locale":"lv_LV","og_type":"article","og_title":"Transportl\u012bdzek\u013cu nozare - Pinnoitus Helin Oy","og_description":"M\u016bsu pakalpojumi uzlabo transportl\u012bdzek\u013cu met\u0101la deta\u013cu aizsardz\u012bbu pret koroziju un izskatu.","og_url":"https:\/\/www.pinnoitushelin.fi\/lv\/rupniecibas-nozares\/transportlidzeklu-nozare\/","og_site_name":"Pinnoitus Helin Oy","article_modified_time":"2024-07-30T23:07:31+00:00","twitter_card":"summary_large_image","twitter_misc":{"Est. reading time":"2 minutes"},"schema":{"@context":"https:\/\/schema.org","@graph":[{"@type":"WebPage","@id":"https:\/\/www.pinnoitushelin.fi\/lv\/rupniecibas-nozares\/transportlidzeklu-nozare\/","url":"https:\/\/www.pinnoitushelin.fi\/lv\/rupniecibas-nozares\/transportlidzeklu-nozare\/","name":"Transportl\u012bdzek\u013cu nozare - Pinnoitus Helin Oy","isPartOf":{"@id":"https:\/\/www.pinnoitushelin.fi\/lv\/#website"},"datePublished":"2024-06-19T21:42:04+00:00","dateModified":"2024-07-30T23:07:31+00:00","description":"M\u016bsu pakalpojumi uzlabo transportl\u012bdzek\u013cu met\u0101la deta\u013cu aizsardz\u012bbu pret koroziju un izskatu.","breadcrumb":{"@id":"https:\/\/www.pinnoitushelin.fi\/lv\/rupniecibas-nozares\/transportlidzeklu-nozare\/#breadcrumb"},"inLanguage":"lv-LV","potentialAction":[{"@type":"ReadAction","target":["https:\/\/www.pinnoitushelin.fi\/lv\/rupniecibas-nozares\/transportlidzeklu-nozare\/"]}]},{"@type":"BreadcrumbList","@id":"https:\/\/www.pinnoitushelin.fi\/lv\/rupniecibas-nozares\/transportlidzeklu-nozare\/#breadcrumb","itemListElement":[{"@type":"ListItem","position":1,"name":"Etusivu","item":"https:\/\/www.pinnoitushelin.fi\/lv\/"},{"@type":"ListItem","position":2,"name":"R\u016bpniec\u012bbas nozares","item":"https:\/\/www.pinnoitushelin.fi\/lv\/rupniecibas-nozares\/"},{"@type":"ListItem","position":3,"name":"Transportl\u012bdzek\u013cu nozare"}]},{"@type":"WebSite","@id":"https:\/\/www.pinnoitushelin.fi\/lv\/#website","url":"https:\/\/www.pinnoitushelin.fi\/lv\/","name":"Pinnoitus Helin Oy","description":"Teknist\u00e4 pintak\u00e4sittely\u00e4 monipuolisesti ja tasalaatuisesti.","publisher":{"@id":"https:\/\/www.pinnoitushelin.fi\/lv\/#organization"},"potentialAction":[{"@type":"SearchAction","target":{"@type":"EntryPoint","urlTemplate":"https:\/\/www.pinnoitushelin.fi\/lv\/?s={search_term_string}"},"query-input":{"@type":"PropertyValueSpecification","valueRequired":true,"valueName":"search_term_string"}}],"inLanguage":"lv-LV"},{"@type":"Organization","@id":"https:\/\/www.pinnoitushelin.fi\/lv\/#organization","name":"Pinnoitus Helin Oy","url":"https:\/\/www.pinnoitushelin.fi\/lv\/","logo":{"@type":"ImageObject","inLanguage":"lv-LV","@id":"https:\/\/www.pinnoitushelin.fi\/lv\/#\/schema\/logo\/image\/","url":"https:\/\/www.pinnoitushelin.fi\/wp-content\/uploads\/2024\/05\/logoa.png","contentUrl":"https:\/\/www.pinnoitushelin.fi\/wp-content\/uploads\/2024\/05\/logoa.png","width":331,"height":105,"caption":"Pinnoitus Helin Oy"},"image":{"@id":"https:\/\/www.pinnoitushelin.fi\/lv\/#\/schema\/logo\/image\/"}}]}},"_links":{"self":[{"href":"https:\/\/www.pinnoitushelin.fi\/lv\/wp-json\/wp\/v2\/pages\/2945","targetHints":{"allow":["GET"]}}],"collection":[{"href":"https:\/\/www.pinnoitushelin.fi\/lv\/wp-json\/wp\/v2\/pages"}],"about":[{"href":"https:\/\/www.pinnoitushelin.fi\/lv\/wp-json\/wp\/v2\/types\/page"}],"author":[{"embeddable":true,"href":"https:\/\/www.pinnoitushelin.fi\/lv\/wp-json\/wp\/v2\/users\/3"}],"replies":[{"embeddable":true,"href":"https:\/\/www.pinnoitushelin.fi\/lv\/wp-json\/wp\/v2\/comments?post=2945"}],"version-history":[{"count":5,"href":"https:\/\/www.pinnoitushelin.fi\/lv\/wp-json\/wp\/v2\/pages\/2945\/revisions"}],"predecessor-version":[{"id":3227,"href":"https:\/\/www.pinnoitushelin.fi\/lv\/wp-json\/wp\/v2\/pages\/2945\/revisions\/3227"}],"up":[{"embeddable":true,"href":"https:\/\/www.pinnoitushelin.fi\/lv\/wp-json\/wp\/v2\/pages\/2917"}],"wp:attachment":[{"href":"https:\/\/www.pinnoitushelin.fi\/lv\/wp-json\/wp\/v2\/media?parent=2945"}],"curies":[{"name":"wp","href":"https:\/\/api.w.org\/{rel}","templated":true}]}}