{"id":2933,"date":"2024-06-19T23:35:15","date_gmt":"2024-06-19T21:35:15","guid":{"rendered":"https:\/\/www.pinnoitushelin.fi\/nozares\/elektriska-un-elektroniska-rupnieciba\/"},"modified":"2024-07-31T01:03:49","modified_gmt":"2024-07-30T23:03:49","slug":"elektribas-un-elektronikas-nozareciba","status":"publish","type":"page","link":"https:\/\/www.pinnoitushelin.fi\/lv\/rupniecibas-nozares\/elektribas-un-elektronikas-nozareciba\/","title":{"rendered":"Elektr\u012bbas un elektronikas nozare"},"content":{"rendered":"<div class=\"wpb-content-wrapper\"><p>[vc_row css=&#8221;.vc_custom_1717739529951{margin-bottom: 40px !important;}&#8221;][vc_column][vc_column_text css=&#8221;&#8221;]<\/p>\n<h3>M\u016bsu pakalpojumi elektrotehnikas un elektronikas nozar\u0113 uzlabo komponentu elektrovad\u012btsp\u0113ju un aizsardz\u012bbu pret koroziju.<\/h3>\n<p>M\u0113s izgatavojam da\u017e\u0101du deta\u013cu kontaktvirsmas, aizsarg\u0101jam baro\u0161anas sliedes pret koroziju, pasiv\u0113jam vai anod\u0113jam alum\u012bnija korpusus, aizsarg\u0101jam iek\u0101rtu r\u0101mju konstrukcijas pret koroziju, k\u0101 ar\u012b anod\u0113jam izk\u0101rtnes un iek\u0101rtu priek\u0161\u0113jos pane\u013cus pirms l\u0101zera vai tampo mar\u0137\u0113\u0161anas. M\u0113s veicam gan bungu, gan piekaramo kontaktdeta\u013cu alvas p\u0101rkl\u0101jumu. Misi\u0146a deta\u013c\u0101m vara vai ni\u0137e\u013ca starpsl\u0101nis nodro\u0161ina t\u012bru alvas p\u0101rkl\u0101juma izskatu ilg\u0101k\u0101 glab\u0101\u0161anas laik\u0101. Alum\u012bnija korpusu pasiv\u0113\u0161ana vai elektronehlor\u012bda ni\u0137e\u013ca p\u0101rkl\u0101jums nodro\u0161ina vienm\u0113r\u012bgu aizsardz\u012bbu pret koroziju uz vis\u0101m deta\u013cas virsm\u0101m, tostarp ierobe\u017eot\u0101 apjom\u0101 uz iek\u0161\u0113j\u0101m v\u012btn\u0113m, lai nodro\u0161in\u0101tu zem\u0113juma kontaktu. Visi m\u016bsu apstr\u0101des veidi atbilst RoHS pras\u012bb\u0101m un nesatur se\u0161v\u0113rt\u012bgo hromu. M\u016bsu izmantotie met\u0101li ir no uzticamiem audit\u0113tiem pieg\u0101d\u0101t\u0101jiem un no bezkonfliktu re\u0123ioniem.<\/p>\n<h3>Popul\u0101r\u0101k\u0101s p\u0101rkl\u0101jumu tehnolo\u0123ijas nozar\u0113<\/h3>\n<p><a href=\"\/lv\/parklasanas-metodes\/alvas-parklajums\/\">Alvas p\u0101rkl\u0101jums<\/a><\/p>\n<p><a href=\"\/lv\/parklasanas-metodes\/aluminija-pasivacija\/\">Alum\u012bnija pasiv\u0101cija<\/a><\/p>\n<p><a href=\"\/lv\/parklasanas-metodes\/galvanizesana-ar-elektrogalvanizaciju\/\">Galvaniz\u0113\u0161ana ar elektrogalvaniz\u0101ciju<\/a>[\/vc_column_text][\/vc_column][\/vc_row][vc_row][vc_column]<style type=\"text\/css\" data-type=\"the7_shortcodes-inline-css\">.gallery-shortcode.gallery-masonry-shortcode-id-695e00bebee63f79aa1f8d0fde9351a4 figure,\n.gallery-shortcode.gallery-masonry-shortcode-id-695e00bebee63f79aa1f8d0fde9351a4 .rollover,\n.gallery-shortcode.gallery-masonry-shortcode-id-695e00bebee63f79aa1f8d0fde9351a4 img,\n.gallery-shortcode.gallery-masonry-shortcode-id-695e00bebee63f79aa1f8d0fde9351a4 .gallery-rollover {\n  border-radius: 0px;\n}\n.gallery-shortcode.gallery-masonry-shortcode-id-695e00bebee63f79aa1f8d0fde9351a4.enable-bg-rollover .gallery-rollover {\n  background: -webkit-linear-gradient();\n  background: linear-gradient();\n}\n.gallery-shortcode.gallery-masonry-shortcode-id-695e00bebee63f79aa1f8d0fde9351a4.enable-bg-rollover.hover-scale figure .rollover:after {\n  background: -webkit-linear-gradient();\n  background: linear-gradient();\n}\n.gallery-shortcode.gallery-masonry-shortcode-id-695e00bebee63f79aa1f8d0fde9351a4 .gallery-zoom-ico {\n  width: 44px;\n  height: 44px;\n  line-height: 44px;\n  border-radius: 100px;\n  margin: -22px 0 0 -22px;\n  border-width: 0px;\n  color: #ffffff;\n}\n.dt-icon-bg-on.gallery-shortcode.gallery-masonry-shortcode-id-695e00bebee63f79aa1f8d0fde9351a4 .gallery-zoom-ico {\n  background: rgba(255,255,255,0.3);\n  box-shadow: none;\n}\n.gallery-shortcode.gallery-masonry-shortcode-id-695e00bebee63f79aa1f8d0fde9351a4 .gallery-zoom-ico:before,\n.gallery-shortcode.gallery-masonry-shortcode-id-695e00bebee63f79aa1f8d0fde9351a4 .gallery-zoom-ico span {\n  font-size: 32px;\n  line-height: 44px;\n  color: #ffffff;\n}\n.gallery-shortcode.gallery-masonry-shortcode-id-695e00bebee63f79aa1f8d0fde9351a4:not(.resize-by-browser-width) .dt-css-grid {\n  grid-row-gap: 10px;\n  grid-column-gap: 10px;\n  grid-template-columns: repeat(auto-fill,minmax(,1fr));\n}\n.gallery-shortcode.gallery-masonry-shortcode-id-695e00bebee63f79aa1f8d0fde9351a4:not(.resize-by-browser-width) .dt-css-grid .double-width {\n  grid-column: span 2;\n}\n.cssgridlegacy.no-cssgrid .gallery-shortcode.gallery-masonry-shortcode-id-695e00bebee63f79aa1f8d0fde9351a4:not(.resize-by-browser-width) .dt-css-grid,\n.no-cssgridlegacy.no-cssgrid .gallery-shortcode.gallery-masonry-shortcode-id-695e00bebee63f79aa1f8d0fde9351a4:not(.resize-by-browser-width) .dt-css-grid {\n  display: flex;\n  flex-flow: row wrap;\n  margin: -5px;\n}\n.cssgridlegacy.no-cssgrid .gallery-shortcode.gallery-masonry-shortcode-id-695e00bebee63f79aa1f8d0fde9351a4:not(.resize-by-browser-width) .dt-css-grid .wf-cell,\n.no-cssgridlegacy.no-cssgrid .gallery-shortcode.gallery-masonry-shortcode-id-695e00bebee63f79aa1f8d0fde9351a4:not(.resize-by-browser-width) .dt-css-grid .wf-cell {\n  flex: 1 0 ;\n  max-width: 100%;\n  padding: 5px;\n  box-sizing: border-box;\n}\n.gallery-shortcode.gallery-masonry-shortcode-id-695e00bebee63f79aa1f8d0fde9351a4.resize-by-browser-width .dt-css-grid {\n  grid-template-columns: repeat(2,1fr);\n  grid-template-rows: auto;\n  grid-column-gap: 10px;\n  grid-row-gap: 10px;\n}\n.gallery-shortcode.gallery-masonry-shortcode-id-695e00bebee63f79aa1f8d0fde9351a4.resize-by-browser-width .dt-css-grid .double-width {\n  grid-column: span 2;\n}\n.cssgridlegacy.no-cssgrid .gallery-shortcode.gallery-masonry-shortcode-id-695e00bebee63f79aa1f8d0fde9351a4.resize-by-browser-width .dt-css-grid {\n  margin: -5px;\n}\n.cssgridlegacy.no-cssgrid .gallery-shortcode.gallery-masonry-shortcode-id-695e00bebee63f79aa1f8d0fde9351a4.resize-by-browser-width .dt-css-grid .wf-cell {\n  width: 50%;\n  padding: 5px;\n}\n.cssgridlegacy.no-cssgrid .gallery-shortcode.gallery-masonry-shortcode-id-695e00bebee63f79aa1f8d0fde9351a4.resize-by-browser-width .dt-css-grid .wf-cell.double-width {\n  width: calc(50%) * 2;\n}\n.gallery-shortcode.gallery-masonry-shortcode-id-695e00bebee63f79aa1f8d0fde9351a4.resize-by-browser-width:not(.centered-layout-list):not(.content-bg-on) .dt-css-grid {\n  grid-row-gap: 10px - ;\n}\n@media screen and (max-width: 1199px) {\n  .gallery-shortcode.gallery-masonry-shortcode-id-695e00bebee63f79aa1f8d0fde9351a4.resize-by-browser-width .dt-css-grid {\n    grid-template-columns: repeat(2,1fr);\n  }\n  .cssgridlegacy.no-cssgrid .gallery-shortcode.gallery-masonry-shortcode-id-695e00bebee63f79aa1f8d0fde9351a4.resize-by-browser-width .dt-css-grid .wf-cell,\n  .no-cssgridlegacy.no-cssgrid .gallery-shortcode.gallery-masonry-shortcode-id-695e00bebee63f79aa1f8d0fde9351a4.resize-by-browser-width .dt-css-grid .wf-cell {\n    width: 50%;\n  }\n  .cssgridlegacy.no-cssgrid .gallery-shortcode.gallery-masonry-shortcode-id-695e00bebee63f79aa1f8d0fde9351a4.resize-by-browser-width .dt-css-grid .wf-cell.double-width,\n  .no-cssgridlegacy.no-cssgrid .gallery-shortcode.gallery-masonry-shortcode-id-695e00bebee63f79aa1f8d0fde9351a4.resize-by-browser-width .dt-css-grid .wf-cell.double-width {\n    width: calc(50%)*2;\n  }\n}\n@media screen and (max-width: 991px) {\n  .gallery-shortcode.gallery-masonry-shortcode-id-695e00bebee63f79aa1f8d0fde9351a4.resize-by-browser-width .dt-css-grid {\n    grid-template-columns: repeat(1,1fr);\n  }\n  .cssgridlegacy.no-cssgrid .gallery-shortcode.gallery-masonry-shortcode-id-695e00bebee63f79aa1f8d0fde9351a4.resize-by-browser-width .dt-css-grid .wf-cell,\n  .no-cssgridlegacy.no-cssgrid .gallery-shortcode.gallery-masonry-shortcode-id-695e00bebee63f79aa1f8d0fde9351a4.resize-by-browser-width .dt-css-grid .wf-cell {\n    width: 100%;\n  }\n  .cssgridlegacy.no-cssgrid .gallery-shortcode.gallery-masonry-shortcode-id-695e00bebee63f79aa1f8d0fde9351a4.resize-by-browser-width .dt-css-grid .wf-cell.double-width,\n  .no-cssgridlegacy.no-cssgrid .gallery-shortcode.gallery-masonry-shortcode-id-695e00bebee63f79aa1f8d0fde9351a4.resize-by-browser-width .dt-css-grid .wf-cell.double-width {\n    width: calc(100%)*2;\n  }\n}\n@media screen and (max-width: 767px) {\n  .gallery-shortcode.gallery-masonry-shortcode-id-695e00bebee63f79aa1f8d0fde9351a4.resize-by-browser-width .dt-css-grid {\n    grid-template-columns: repeat(1,1fr);\n  }\n  .cssgridlegacy.no-cssgrid .gallery-shortcode.gallery-masonry-shortcode-id-695e00bebee63f79aa1f8d0fde9351a4.resize-by-browser-width .dt-css-grid .wf-cell,\n  .no-cssgridlegacy.no-cssgrid .gallery-shortcode.gallery-masonry-shortcode-id-695e00bebee63f79aa1f8d0fde9351a4.resize-by-browser-width .dt-css-grid .wf-cell {\n    width: 100%;\n  }\n  .cssgridlegacy.no-cssgrid .gallery-shortcode.gallery-masonry-shortcode-id-695e00bebee63f79aa1f8d0fde9351a4.resize-by-browser-width .dt-css-grid .wf-cell.double-width,\n  .no-cssgridlegacy.no-cssgrid .gallery-shortcode.gallery-masonry-shortcode-id-695e00bebee63f79aa1f8d0fde9351a4.resize-by-browser-width .dt-css-grid .wf-cell.double-width {\n    width: calc(100%)*2;\n  }\n}<\/style><div class=\"gallery-shortcode dt-gallery-container gallery-masonry-shortcode-id-695e00bebee63f79aa1f8d0fde9351a4 mode-masonry jquery-filter dt-icon-bg-off quick-scale-img enable-bg-rollover resize-by-browser-width  hover-fade loading-effect-none description-on-hover\" data-padding=\"5px\" data-cur-page=\"1\" data-post-limit=\"-1\" data-pagination-mode=\"none\" data-desktop-columns-num=\"2\" data-v-tablet-columns-num=\"1\" data-h-tablet-columns-num=\"2\" data-phone-columns-num=\"1\" data-width=\"0px\" data-columns=\"0\"><div class=\"iso-container\" ><div class=\"wf-cell iso-item\" data-post-id=\"2349\" data-date=\"2024-06-19T23:35:02+02:00\" data-name=\"pinnoitushelin-elektroniikkateollisuus-1\"><figure class=\"post visible\"><a href=\"https:\/\/www.pinnoitushelin.fi\/wp-content\/uploads\/2024\/06\/pinnoitushelin-elektroniikkateollisuus-1.jpg\" class=\"rollover dt-pswp-item layzr-bg\" data-large_image_width=\"1200\" data-large_image_height=\"800\" data-dt-img-description=\"\" title=\"pinnoitushelin-elektroniikkateollisuus-1\"><img fetchpriority=\"high\" decoding=\"async\" class=\"preload-me iso-lazy-load aspect\" src=\"data:image\/svg+xml,%3Csvg%20xmlns%3D&#39;http%3A%2F%2Fwww.w3.org%2F2000%2Fsvg&#39;%20viewBox%3D&#39;0%200%20990%20660&#39;%2F%3E\" data-src=\"https:\/\/www.pinnoitushelin.fi\/wp-content\/uploads\/2024\/06\/pinnoitushelin-elektroniikkateollisuus-1-990x660.jpg\" data-srcset=\"https:\/\/www.pinnoitushelin.fi\/wp-content\/uploads\/2024\/06\/pinnoitushelin-elektroniikkateollisuus-1-990x660.jpg 990w, https:\/\/www.pinnoitushelin.fi\/wp-content\/uploads\/2024\/06\/pinnoitushelin-elektroniikkateollisuus-1.jpg 1200w\" loading=\"eager\" style=\"--ratio: 990 \/ 660\" sizes=\"(max-width: 990px) 100vw, 990px\" alt=\"\" width=\"990\" height=\"660\"  \/><span class=\"gallery-rollover\"><span class=\"gallery-zoom-ico icomoon-the7-font-the7-zoom-06\"><span><\/span><\/span><\/span><\/a><\/figure><\/div><div class=\"wf-cell iso-item\" data-post-id=\"2352\" data-date=\"2024-06-19T23:35:03+02:00\" data-name=\"pinnoitushelin-elektroniikkateollisuus-2\"><figure class=\"post visible\"><a href=\"https:\/\/www.pinnoitushelin.fi\/wp-content\/uploads\/2024\/06\/pinnoitushelin-elektroniikkateollisuus-2.jpg\" class=\"rollover dt-pswp-item layzr-bg\" data-large_image_width=\"1200\" data-large_image_height=\"800\" data-dt-img-description=\"\" title=\"pinnoitushelin-elektroniikkateollisuus-2\"><img decoding=\"async\" class=\"preload-me iso-lazy-load aspect\" src=\"data:image\/svg+xml,%3Csvg%20xmlns%3D&#39;http%3A%2F%2Fwww.w3.org%2F2000%2Fsvg&#39;%20viewBox%3D&#39;0%200%20990%20660&#39;%2F%3E\" data-src=\"https:\/\/www.pinnoitushelin.fi\/wp-content\/uploads\/2024\/06\/pinnoitushelin-elektroniikkateollisuus-2-990x660.jpg\" data-srcset=\"https:\/\/www.pinnoitushelin.fi\/wp-content\/uploads\/2024\/06\/pinnoitushelin-elektroniikkateollisuus-2-990x660.jpg 990w, https:\/\/www.pinnoitushelin.fi\/wp-content\/uploads\/2024\/06\/pinnoitushelin-elektroniikkateollisuus-2.jpg 1200w\" loading=\"eager\" style=\"--ratio: 990 \/ 660\" sizes=\"(max-width: 990px) 100vw, 990px\" alt=\"\" width=\"990\" height=\"660\"  \/><span class=\"gallery-rollover\"><span class=\"gallery-zoom-ico icomoon-the7-font-the7-zoom-06\"><span><\/span><\/span><\/span><\/a><\/figure><\/div><\/div><!-- iso-container|iso-grid --><\/div>[\/vc_column][\/vc_row]<\/p>\n<\/div>","protected":false},"excerpt":{"rendered":"<p>[vc_row css=&#8221;.vc_custom_1717739529951{margin-bottom: 40px !important;}&#8221;][vc_column][vc_column_text css=&#8221;&#8221;] M\u016bsu pakalpojumi elektrotehnikas un elektronikas nozar\u0113 uzlabo komponentu elektrovad\u012btsp\u0113ju un aizsardz\u012bbu pret koroziju. M\u0113s izgatavojam da\u017e\u0101du deta\u013cu kontaktvirsmas, aizsarg\u0101jam baro\u0161anas sliedes pret koroziju, pasiv\u0113jam vai anod\u0113jam alum\u012bnija korpusus, aizsarg\u0101jam iek\u0101rtu r\u0101mju konstrukcijas pret koroziju, k\u0101 ar\u012b anod\u0113jam izk\u0101rtnes un iek\u0101rtu priek\u0161\u0113jos pane\u013cus pirms l\u0101zera vai tampo mar\u0137\u0113\u0161anas. M\u0113s veicam gan&hellip;<\/p>\n","protected":false},"author":3,"featured_media":0,"parent":2917,"menu_order":33,"comment_status":"closed","ping_status":"closed","template":"","meta":{"footnotes":""},"class_list":["post-2933","page","type-page","status-publish","hentry","description-off"],"yoast_head":"<!-- This site is optimized with the Yoast SEO plugin v27.4 - https:\/\/yoast.com\/product\/yoast-seo-wordpress\/ -->\n<title>Elektr\u012bbas un elektronikas nozare - Pinnoitus Helin Oy<\/title>\n<meta name=\"description\" content=\"M\u016bsu pakalpojumi elektrotehnikas un elektronikas nozar\u0113 uzlabo komponentu elektrovad\u012btsp\u0113ju un aizsardz\u012bbu pret koroziju.\" \/>\n<meta name=\"robots\" content=\"index, follow, max-snippet:-1, max-image-preview:large, max-video-preview:-1\" \/>\n<link rel=\"canonical\" href=\"https:\/\/www.pinnoitushelin.fi\/lv\/rupniecibas-nozares\/elektribas-un-elektronikas-nozareciba\/\" \/>\n<meta property=\"og:locale\" content=\"lv_LV\" \/>\n<meta property=\"og:type\" content=\"article\" \/>\n<meta property=\"og:title\" content=\"Elektr\u012bbas un elektronikas nozare - Pinnoitus Helin Oy\" \/>\n<meta property=\"og:description\" content=\"M\u016bsu pakalpojumi elektrotehnikas un elektronikas nozar\u0113 uzlabo komponentu elektrovad\u012btsp\u0113ju un aizsardz\u012bbu pret koroziju.\" \/>\n<meta property=\"og:url\" content=\"https:\/\/www.pinnoitushelin.fi\/lv\/rupniecibas-nozares\/elektribas-un-elektronikas-nozareciba\/\" \/>\n<meta property=\"og:site_name\" content=\"Pinnoitus Helin Oy\" \/>\n<meta property=\"article:modified_time\" content=\"2024-07-30T23:03:49+00:00\" \/>\n<meta name=\"twitter:card\" content=\"summary_large_image\" \/>\n<meta name=\"twitter:label1\" content=\"Est. reading time\" \/>\n\t<meta name=\"twitter:data1\" content=\"2 minutes\" \/>\n<script type=\"application\/ld+json\" class=\"yoast-schema-graph\">{\"@context\":\"https:\\\/\\\/schema.org\",\"@graph\":[{\"@type\":\"WebPage\",\"@id\":\"https:\\\/\\\/www.pinnoitushelin.fi\\\/lv\\\/rupniecibas-nozares\\\/elektribas-un-elektronikas-nozareciba\\\/\",\"url\":\"https:\\\/\\\/www.pinnoitushelin.fi\\\/lv\\\/rupniecibas-nozares\\\/elektribas-un-elektronikas-nozareciba\\\/\",\"name\":\"Elektr\u012bbas un elektronikas nozare - Pinnoitus Helin Oy\",\"isPartOf\":{\"@id\":\"https:\\\/\\\/www.pinnoitushelin.fi\\\/lv\\\/#website\"},\"datePublished\":\"2024-06-19T21:35:15+00:00\",\"dateModified\":\"2024-07-30T23:03:49+00:00\",\"description\":\"M\u016bsu pakalpojumi elektrotehnikas un elektronikas nozar\u0113 uzlabo komponentu elektrovad\u012btsp\u0113ju un aizsardz\u012bbu pret koroziju.\",\"breadcrumb\":{\"@id\":\"https:\\\/\\\/www.pinnoitushelin.fi\\\/lv\\\/rupniecibas-nozares\\\/elektribas-un-elektronikas-nozareciba\\\/#breadcrumb\"},\"inLanguage\":\"lv-LV\",\"potentialAction\":[{\"@type\":\"ReadAction\",\"target\":[\"https:\\\/\\\/www.pinnoitushelin.fi\\\/lv\\\/rupniecibas-nozares\\\/elektribas-un-elektronikas-nozareciba\\\/\"]}]},{\"@type\":\"BreadcrumbList\",\"@id\":\"https:\\\/\\\/www.pinnoitushelin.fi\\\/lv\\\/rupniecibas-nozares\\\/elektribas-un-elektronikas-nozareciba\\\/#breadcrumb\",\"itemListElement\":[{\"@type\":\"ListItem\",\"position\":1,\"name\":\"Etusivu\",\"item\":\"https:\\\/\\\/www.pinnoitushelin.fi\\\/lv\\\/\"},{\"@type\":\"ListItem\",\"position\":2,\"name\":\"R\u016bpniec\u012bbas nozares\",\"item\":\"https:\\\/\\\/www.pinnoitushelin.fi\\\/lv\\\/rupniecibas-nozares\\\/\"},{\"@type\":\"ListItem\",\"position\":3,\"name\":\"Elektr\u012bbas un elektronikas nozare\"}]},{\"@type\":\"WebSite\",\"@id\":\"https:\\\/\\\/www.pinnoitushelin.fi\\\/lv\\\/#website\",\"url\":\"https:\\\/\\\/www.pinnoitushelin.fi\\\/lv\\\/\",\"name\":\"Pinnoitus Helin Oy\",\"description\":\"Teknist\u00e4 pintak\u00e4sittely\u00e4 monipuolisesti ja tasalaatuisesti.\",\"publisher\":{\"@id\":\"https:\\\/\\\/www.pinnoitushelin.fi\\\/lv\\\/#organization\"},\"potentialAction\":[{\"@type\":\"SearchAction\",\"target\":{\"@type\":\"EntryPoint\",\"urlTemplate\":\"https:\\\/\\\/www.pinnoitushelin.fi\\\/lv\\\/?s={search_term_string}\"},\"query-input\":{\"@type\":\"PropertyValueSpecification\",\"valueRequired\":true,\"valueName\":\"search_term_string\"}}],\"inLanguage\":\"lv-LV\"},{\"@type\":\"Organization\",\"@id\":\"https:\\\/\\\/www.pinnoitushelin.fi\\\/lv\\\/#organization\",\"name\":\"Pinnoitus Helin Oy\",\"url\":\"https:\\\/\\\/www.pinnoitushelin.fi\\\/lv\\\/\",\"logo\":{\"@type\":\"ImageObject\",\"inLanguage\":\"lv-LV\",\"@id\":\"https:\\\/\\\/www.pinnoitushelin.fi\\\/lv\\\/#\\\/schema\\\/logo\\\/image\\\/\",\"url\":\"https:\\\/\\\/www.pinnoitushelin.fi\\\/wp-content\\\/uploads\\\/2024\\\/05\\\/logoa.png\",\"contentUrl\":\"https:\\\/\\\/www.pinnoitushelin.fi\\\/wp-content\\\/uploads\\\/2024\\\/05\\\/logoa.png\",\"width\":331,\"height\":105,\"caption\":\"Pinnoitus Helin Oy\"},\"image\":{\"@id\":\"https:\\\/\\\/www.pinnoitushelin.fi\\\/lv\\\/#\\\/schema\\\/logo\\\/image\\\/\"}}]}<\/script>\n<!-- \/ Yoast SEO plugin. -->","yoast_head_json":{"title":"Elektr\u012bbas un elektronikas nozare - Pinnoitus Helin Oy","description":"M\u016bsu pakalpojumi elektrotehnikas un elektronikas nozar\u0113 uzlabo komponentu elektrovad\u012btsp\u0113ju un aizsardz\u012bbu pret koroziju.","robots":{"index":"index","follow":"follow","max-snippet":"max-snippet:-1","max-image-preview":"max-image-preview:large","max-video-preview":"max-video-preview:-1"},"canonical":"https:\/\/www.pinnoitushelin.fi\/lv\/rupniecibas-nozares\/elektribas-un-elektronikas-nozareciba\/","og_locale":"lv_LV","og_type":"article","og_title":"Elektr\u012bbas un elektronikas nozare - Pinnoitus Helin Oy","og_description":"M\u016bsu pakalpojumi elektrotehnikas un elektronikas nozar\u0113 uzlabo komponentu elektrovad\u012btsp\u0113ju un aizsardz\u012bbu pret koroziju.","og_url":"https:\/\/www.pinnoitushelin.fi\/lv\/rupniecibas-nozares\/elektribas-un-elektronikas-nozareciba\/","og_site_name":"Pinnoitus Helin Oy","article_modified_time":"2024-07-30T23:03:49+00:00","twitter_card":"summary_large_image","twitter_misc":{"Est. reading time":"2 minutes"},"schema":{"@context":"https:\/\/schema.org","@graph":[{"@type":"WebPage","@id":"https:\/\/www.pinnoitushelin.fi\/lv\/rupniecibas-nozares\/elektribas-un-elektronikas-nozareciba\/","url":"https:\/\/www.pinnoitushelin.fi\/lv\/rupniecibas-nozares\/elektribas-un-elektronikas-nozareciba\/","name":"Elektr\u012bbas un elektronikas nozare - Pinnoitus Helin Oy","isPartOf":{"@id":"https:\/\/www.pinnoitushelin.fi\/lv\/#website"},"datePublished":"2024-06-19T21:35:15+00:00","dateModified":"2024-07-30T23:03:49+00:00","description":"M\u016bsu pakalpojumi elektrotehnikas un elektronikas nozar\u0113 uzlabo komponentu elektrovad\u012btsp\u0113ju un aizsardz\u012bbu pret koroziju.","breadcrumb":{"@id":"https:\/\/www.pinnoitushelin.fi\/lv\/rupniecibas-nozares\/elektribas-un-elektronikas-nozareciba\/#breadcrumb"},"inLanguage":"lv-LV","potentialAction":[{"@type":"ReadAction","target":["https:\/\/www.pinnoitushelin.fi\/lv\/rupniecibas-nozares\/elektribas-un-elektronikas-nozareciba\/"]}]},{"@type":"BreadcrumbList","@id":"https:\/\/www.pinnoitushelin.fi\/lv\/rupniecibas-nozares\/elektribas-un-elektronikas-nozareciba\/#breadcrumb","itemListElement":[{"@type":"ListItem","position":1,"name":"Etusivu","item":"https:\/\/www.pinnoitushelin.fi\/lv\/"},{"@type":"ListItem","position":2,"name":"R\u016bpniec\u012bbas nozares","item":"https:\/\/www.pinnoitushelin.fi\/lv\/rupniecibas-nozares\/"},{"@type":"ListItem","position":3,"name":"Elektr\u012bbas un elektronikas nozare"}]},{"@type":"WebSite","@id":"https:\/\/www.pinnoitushelin.fi\/lv\/#website","url":"https:\/\/www.pinnoitushelin.fi\/lv\/","name":"Pinnoitus Helin Oy","description":"Teknist\u00e4 pintak\u00e4sittely\u00e4 monipuolisesti ja tasalaatuisesti.","publisher":{"@id":"https:\/\/www.pinnoitushelin.fi\/lv\/#organization"},"potentialAction":[{"@type":"SearchAction","target":{"@type":"EntryPoint","urlTemplate":"https:\/\/www.pinnoitushelin.fi\/lv\/?s={search_term_string}"},"query-input":{"@type":"PropertyValueSpecification","valueRequired":true,"valueName":"search_term_string"}}],"inLanguage":"lv-LV"},{"@type":"Organization","@id":"https:\/\/www.pinnoitushelin.fi\/lv\/#organization","name":"Pinnoitus Helin Oy","url":"https:\/\/www.pinnoitushelin.fi\/lv\/","logo":{"@type":"ImageObject","inLanguage":"lv-LV","@id":"https:\/\/www.pinnoitushelin.fi\/lv\/#\/schema\/logo\/image\/","url":"https:\/\/www.pinnoitushelin.fi\/wp-content\/uploads\/2024\/05\/logoa.png","contentUrl":"https:\/\/www.pinnoitushelin.fi\/wp-content\/uploads\/2024\/05\/logoa.png","width":331,"height":105,"caption":"Pinnoitus Helin Oy"},"image":{"@id":"https:\/\/www.pinnoitushelin.fi\/lv\/#\/schema\/logo\/image\/"}}]}},"_links":{"self":[{"href":"https:\/\/www.pinnoitushelin.fi\/lv\/wp-json\/wp\/v2\/pages\/2933","targetHints":{"allow":["GET"]}}],"collection":[{"href":"https:\/\/www.pinnoitushelin.fi\/lv\/wp-json\/wp\/v2\/pages"}],"about":[{"href":"https:\/\/www.pinnoitushelin.fi\/lv\/wp-json\/wp\/v2\/types\/page"}],"author":[{"embeddable":true,"href":"https:\/\/www.pinnoitushelin.fi\/lv\/wp-json\/wp\/v2\/users\/3"}],"replies":[{"embeddable":true,"href":"https:\/\/www.pinnoitushelin.fi\/lv\/wp-json\/wp\/v2\/comments?post=2933"}],"version-history":[{"count":5,"href":"https:\/\/www.pinnoitushelin.fi\/lv\/wp-json\/wp\/v2\/pages\/2933\/revisions"}],"predecessor-version":[{"id":3223,"href":"https:\/\/www.pinnoitushelin.fi\/lv\/wp-json\/wp\/v2\/pages\/2933\/revisions\/3223"}],"up":[{"embeddable":true,"href":"https:\/\/www.pinnoitushelin.fi\/lv\/wp-json\/wp\/v2\/pages\/2917"}],"wp:attachment":[{"href":"https:\/\/www.pinnoitushelin.fi\/lv\/wp-json\/wp\/v2\/media?parent=2933"}],"curies":[{"name":"wp","href":"https:\/\/api.w.org\/{rel}","templated":true}]}}