{"id":2927,"date":"2024-06-19T23:31:22","date_gmt":"2024-06-19T21:31:22","guid":{"rendered":"https:\/\/www.pinnoitushelin.fi\/nozares\/veselibas-tehnologiju-nozare\/"},"modified":"2024-07-31T00:59:14","modified_gmt":"2024-07-30T22:59:14","slug":"veselibas-tehnologiju-nozare","status":"publish","type":"page","link":"https:\/\/www.pinnoitushelin.fi\/lv\/rupniecibas-nozares\/veselibas-tehnologiju-nozare\/","title":{"rendered":"Vesel\u012bbas tehnolo\u0123iju nozare"},"content":{"rendered":"<div class=\"wpb-content-wrapper\"><p>[vc_row css=&#8221;.vc_custom_1717739529951{margin-bottom: 40px !important;}&#8221;][vc_column][vc_column_text css=&#8221;&#8221;]<\/p>\n<h3>Vesel\u012bbas tehnolo\u0123iju produktiem m\u016bsu pakalpojumi garant\u0113 aizsardz\u012bbu pret koroziju, lab\u0101ku un t\u012br\u0101ku izskatu, nodilumiztur\u012bbu un uzlabotu higi\u0113nu.<\/h3>\n<p>M\u0113s veicam iek\u0101rtu alum\u012bnija komponentu anod\u0113\u0161anu, iek\u0101rtu r\u0101mju konstrukciju aizsardz\u012bbu pret koroziju, k\u0101 ar\u012b z\u012bmju un iek\u0101rtu priek\u0161\u0113jo pane\u013cu anod\u0113\u0161anu pirms l\u0101zera vai z\u012bmogmark\u0113\u0161anas.<br \/>\nM\u0113s varam veikt pat vispras\u012bg\u0101ko deta\u013cu kr\u0101sainu anod\u0113\u0161anu da\u017e\u0101dos to\u0146os, izmantojot m\u016bsu daudzpus\u012bgo l\u012bniju, kas \u013cauj rentabli un prec\u012bzi iekr\u0101sot deta\u013cas, lai t\u0101s iztur\u0113tu pat visstingr\u0101k\u0101s t\u012br\u012b\u0161anas metodes.<br \/>\nCinko\u0161anai m\u0113s pied\u0101v\u0101jam augstas kvalit\u0101tes elektrogalvaniz\u0101ciju saska\u0146\u0101 ar RoHS direkt\u012bvu.<br \/>\nPateicoties m\u016bsu elast\u012bgajai ra\u017eo\u0161anai, m\u0113s varam rentabli ra\u017eot ar\u012b nelielas partijas.<\/p>\n<h3>Popul\u0101r\u0101k\u0101s p\u0101rkl\u0101jumu tehnolo\u0123ijas nozar\u0113<\/h3>\n<p><a href=\"\/lv\/parklasanas-metodes\/anodesana\/\">Anod\u0113\u0161ana<\/a><\/p>\n<p><a href=\"\/lv\/parklasanas-metodes\/aluminija-pasivacija\/\">Alum\u012bnija pasiv\u0101cija<\/a><\/p>\n<p><a href=\"\/lv\/parklasanas-metodes\/galvanizesana-ar-elektrogalvanizaciju\/\">Galvaniz\u0113\u0161ana ar elektrogalvaniz\u0101ciju<\/a>[\/vc_column_text][\/vc_column][\/vc_row][vc_row][vc_column]<style type=\"text\/css\" data-type=\"the7_shortcodes-inline-css\">.gallery-shortcode.gallery-masonry-shortcode-id-41009acfe95273fec2866f629f854d5c figure,\n.gallery-shortcode.gallery-masonry-shortcode-id-41009acfe95273fec2866f629f854d5c .rollover,\n.gallery-shortcode.gallery-masonry-shortcode-id-41009acfe95273fec2866f629f854d5c img,\n.gallery-shortcode.gallery-masonry-shortcode-id-41009acfe95273fec2866f629f854d5c .gallery-rollover {\n  border-radius: 0px;\n}\n.gallery-shortcode.gallery-masonry-shortcode-id-41009acfe95273fec2866f629f854d5c.enable-bg-rollover .gallery-rollover {\n  background: -webkit-linear-gradient();\n  background: linear-gradient();\n}\n.gallery-shortcode.gallery-masonry-shortcode-id-41009acfe95273fec2866f629f854d5c.enable-bg-rollover.hover-scale figure .rollover:after {\n  background: -webkit-linear-gradient();\n  background: linear-gradient();\n}\n.gallery-shortcode.gallery-masonry-shortcode-id-41009acfe95273fec2866f629f854d5c .gallery-zoom-ico {\n  width: 44px;\n  height: 44px;\n  line-height: 44px;\n  border-radius: 100px;\n  margin: -22px 0 0 -22px;\n  border-width: 0px;\n  color: #ffffff;\n}\n.dt-icon-bg-on.gallery-shortcode.gallery-masonry-shortcode-id-41009acfe95273fec2866f629f854d5c .gallery-zoom-ico {\n  background: rgba(255,255,255,0.3);\n  box-shadow: none;\n}\n.gallery-shortcode.gallery-masonry-shortcode-id-41009acfe95273fec2866f629f854d5c .gallery-zoom-ico:before,\n.gallery-shortcode.gallery-masonry-shortcode-id-41009acfe95273fec2866f629f854d5c .gallery-zoom-ico span {\n  font-size: 32px;\n  line-height: 44px;\n  color: #ffffff;\n}\n.gallery-shortcode.gallery-masonry-shortcode-id-41009acfe95273fec2866f629f854d5c:not(.resize-by-browser-width) .dt-css-grid {\n  grid-row-gap: 10px;\n  grid-column-gap: 10px;\n  grid-template-columns: repeat(auto-fill,minmax(,1fr));\n}\n.gallery-shortcode.gallery-masonry-shortcode-id-41009acfe95273fec2866f629f854d5c:not(.resize-by-browser-width) .dt-css-grid .double-width {\n  grid-column: span 2;\n}\n.cssgridlegacy.no-cssgrid .gallery-shortcode.gallery-masonry-shortcode-id-41009acfe95273fec2866f629f854d5c:not(.resize-by-browser-width) .dt-css-grid,\n.no-cssgridlegacy.no-cssgrid .gallery-shortcode.gallery-masonry-shortcode-id-41009acfe95273fec2866f629f854d5c:not(.resize-by-browser-width) .dt-css-grid {\n  display: flex;\n  flex-flow: row wrap;\n  margin: -5px;\n}\n.cssgridlegacy.no-cssgrid .gallery-shortcode.gallery-masonry-shortcode-id-41009acfe95273fec2866f629f854d5c:not(.resize-by-browser-width) .dt-css-grid .wf-cell,\n.no-cssgridlegacy.no-cssgrid .gallery-shortcode.gallery-masonry-shortcode-id-41009acfe95273fec2866f629f854d5c:not(.resize-by-browser-width) .dt-css-grid .wf-cell {\n  flex: 1 0 ;\n  max-width: 100%;\n  padding: 5px;\n  box-sizing: border-box;\n}\n.gallery-shortcode.gallery-masonry-shortcode-id-41009acfe95273fec2866f629f854d5c.resize-by-browser-width .dt-css-grid {\n  grid-template-columns: repeat(2,1fr);\n  grid-template-rows: auto;\n  grid-column-gap: 10px;\n  grid-row-gap: 10px;\n}\n.gallery-shortcode.gallery-masonry-shortcode-id-41009acfe95273fec2866f629f854d5c.resize-by-browser-width .dt-css-grid .double-width {\n  grid-column: span 2;\n}\n.cssgridlegacy.no-cssgrid .gallery-shortcode.gallery-masonry-shortcode-id-41009acfe95273fec2866f629f854d5c.resize-by-browser-width .dt-css-grid {\n  margin: -5px;\n}\n.cssgridlegacy.no-cssgrid .gallery-shortcode.gallery-masonry-shortcode-id-41009acfe95273fec2866f629f854d5c.resize-by-browser-width .dt-css-grid .wf-cell {\n  width: 50%;\n  padding: 5px;\n}\n.cssgridlegacy.no-cssgrid .gallery-shortcode.gallery-masonry-shortcode-id-41009acfe95273fec2866f629f854d5c.resize-by-browser-width .dt-css-grid .wf-cell.double-width {\n  width: calc(50%) * 2;\n}\n.gallery-shortcode.gallery-masonry-shortcode-id-41009acfe95273fec2866f629f854d5c.resize-by-browser-width:not(.centered-layout-list):not(.content-bg-on) .dt-css-grid {\n  grid-row-gap: 10px - ;\n}\n@media screen and (max-width: 1199px) {\n  .gallery-shortcode.gallery-masonry-shortcode-id-41009acfe95273fec2866f629f854d5c.resize-by-browser-width .dt-css-grid {\n    grid-template-columns: repeat(2,1fr);\n  }\n  .cssgridlegacy.no-cssgrid .gallery-shortcode.gallery-masonry-shortcode-id-41009acfe95273fec2866f629f854d5c.resize-by-browser-width .dt-css-grid .wf-cell,\n  .no-cssgridlegacy.no-cssgrid .gallery-shortcode.gallery-masonry-shortcode-id-41009acfe95273fec2866f629f854d5c.resize-by-browser-width .dt-css-grid .wf-cell {\n    width: 50%;\n  }\n  .cssgridlegacy.no-cssgrid .gallery-shortcode.gallery-masonry-shortcode-id-41009acfe95273fec2866f629f854d5c.resize-by-browser-width .dt-css-grid .wf-cell.double-width,\n  .no-cssgridlegacy.no-cssgrid .gallery-shortcode.gallery-masonry-shortcode-id-41009acfe95273fec2866f629f854d5c.resize-by-browser-width .dt-css-grid .wf-cell.double-width {\n    width: calc(50%)*2;\n  }\n}\n@media screen and (max-width: 991px) {\n  .gallery-shortcode.gallery-masonry-shortcode-id-41009acfe95273fec2866f629f854d5c.resize-by-browser-width .dt-css-grid {\n    grid-template-columns: repeat(1,1fr);\n  }\n  .cssgridlegacy.no-cssgrid .gallery-shortcode.gallery-masonry-shortcode-id-41009acfe95273fec2866f629f854d5c.resize-by-browser-width .dt-css-grid .wf-cell,\n  .no-cssgridlegacy.no-cssgrid .gallery-shortcode.gallery-masonry-shortcode-id-41009acfe95273fec2866f629f854d5c.resize-by-browser-width .dt-css-grid .wf-cell {\n    width: 100%;\n  }\n  .cssgridlegacy.no-cssgrid .gallery-shortcode.gallery-masonry-shortcode-id-41009acfe95273fec2866f629f854d5c.resize-by-browser-width .dt-css-grid .wf-cell.double-width,\n  .no-cssgridlegacy.no-cssgrid .gallery-shortcode.gallery-masonry-shortcode-id-41009acfe95273fec2866f629f854d5c.resize-by-browser-width .dt-css-grid .wf-cell.double-width {\n    width: calc(100%)*2;\n  }\n}\n@media screen and (max-width: 767px) {\n  .gallery-shortcode.gallery-masonry-shortcode-id-41009acfe95273fec2866f629f854d5c.resize-by-browser-width .dt-css-grid {\n    grid-template-columns: repeat(1,1fr);\n  }\n  .cssgridlegacy.no-cssgrid .gallery-shortcode.gallery-masonry-shortcode-id-41009acfe95273fec2866f629f854d5c.resize-by-browser-width .dt-css-grid .wf-cell,\n  .no-cssgridlegacy.no-cssgrid .gallery-shortcode.gallery-masonry-shortcode-id-41009acfe95273fec2866f629f854d5c.resize-by-browser-width .dt-css-grid .wf-cell {\n    width: 100%;\n  }\n  .cssgridlegacy.no-cssgrid .gallery-shortcode.gallery-masonry-shortcode-id-41009acfe95273fec2866f629f854d5c.resize-by-browser-width .dt-css-grid .wf-cell.double-width,\n  .no-cssgridlegacy.no-cssgrid .gallery-shortcode.gallery-masonry-shortcode-id-41009acfe95273fec2866f629f854d5c.resize-by-browser-width .dt-css-grid .wf-cell.double-width {\n    width: calc(100%)*2;\n  }\n}<\/style><div class=\"gallery-shortcode dt-gallery-container gallery-masonry-shortcode-id-41009acfe95273fec2866f629f854d5c mode-masonry jquery-filter dt-icon-bg-off quick-scale-img enable-bg-rollover resize-by-browser-width  hover-fade loading-effect-none description-on-hover\" data-padding=\"5px\" data-cur-page=\"1\" data-post-limit=\"-1\" data-pagination-mode=\"none\" data-desktop-columns-num=\"2\" data-v-tablet-columns-num=\"1\" data-h-tablet-columns-num=\"2\" data-phone-columns-num=\"1\" data-width=\"0px\" data-columns=\"0\"><div class=\"iso-container\" ><div class=\"wf-cell iso-item\" data-post-id=\"2343\" data-date=\"2024-06-19T23:31:02+02:00\" data-name=\"pinnoitushelin_terveysteknologia-1\"><figure class=\"post visible\"><a href=\"https:\/\/www.pinnoitushelin.fi\/wp-content\/uploads\/2024\/06\/pinnoitushelin_terveysteknologia-1.jpg\" class=\"rollover dt-pswp-item layzr-bg\" data-large_image_width=\"1200\" data-large_image_height=\"800\" data-dt-img-description=\"\" title=\"pinnoitushelin_terveysteknologia-1\"><img fetchpriority=\"high\" decoding=\"async\" class=\"preload-me iso-lazy-load aspect\" src=\"data:image\/svg+xml,%3Csvg%20xmlns%3D&#39;http%3A%2F%2Fwww.w3.org%2F2000%2Fsvg&#39;%20viewBox%3D&#39;0%200%20990%20660&#39;%2F%3E\" data-src=\"https:\/\/www.pinnoitushelin.fi\/wp-content\/uploads\/2024\/06\/pinnoitushelin_terveysteknologia-1-990x660.jpg\" data-srcset=\"https:\/\/www.pinnoitushelin.fi\/wp-content\/uploads\/2024\/06\/pinnoitushelin_terveysteknologia-1-990x660.jpg 990w, https:\/\/www.pinnoitushelin.fi\/wp-content\/uploads\/2024\/06\/pinnoitushelin_terveysteknologia-1.jpg 1200w\" loading=\"eager\" style=\"--ratio: 990 \/ 660\" sizes=\"(max-width: 990px) 100vw, 990px\" alt=\"\" width=\"990\" height=\"660\"  \/><span class=\"gallery-rollover\"><span class=\"gallery-zoom-ico icomoon-the7-font-the7-zoom-06\"><span><\/span><\/span><\/span><\/a><\/figure><\/div><div class=\"wf-cell iso-item\" data-post-id=\"2346\" data-date=\"2024-06-19T23:31:03+02:00\" data-name=\"pinnoitushelin_terveysteknologia-2\"><figure class=\"post visible\"><a href=\"https:\/\/www.pinnoitushelin.fi\/wp-content\/uploads\/2024\/06\/pinnoitushelin_terveysteknologia-2.jpg\" class=\"rollover dt-pswp-item layzr-bg\" data-large_image_width=\"1200\" data-large_image_height=\"800\" data-dt-img-description=\"\" title=\"pinnoitushelin_terveysteknologia-2\"><img decoding=\"async\" class=\"preload-me iso-lazy-load aspect\" src=\"data:image\/svg+xml,%3Csvg%20xmlns%3D&#39;http%3A%2F%2Fwww.w3.org%2F2000%2Fsvg&#39;%20viewBox%3D&#39;0%200%20990%20660&#39;%2F%3E\" data-src=\"https:\/\/www.pinnoitushelin.fi\/wp-content\/uploads\/2024\/06\/pinnoitushelin_terveysteknologia-2-990x660.jpg\" data-srcset=\"https:\/\/www.pinnoitushelin.fi\/wp-content\/uploads\/2024\/06\/pinnoitushelin_terveysteknologia-2-990x660.jpg 990w, https:\/\/www.pinnoitushelin.fi\/wp-content\/uploads\/2024\/06\/pinnoitushelin_terveysteknologia-2.jpg 1200w\" loading=\"eager\" style=\"--ratio: 990 \/ 660\" sizes=\"(max-width: 990px) 100vw, 990px\" alt=\"\" width=\"990\" height=\"660\"  \/><span class=\"gallery-rollover\"><span class=\"gallery-zoom-ico icomoon-the7-font-the7-zoom-06\"><span><\/span><\/span><\/span><\/a><\/figure><\/div><\/div><!-- iso-container|iso-grid --><\/div>[\/vc_column][\/vc_row]<\/p>\n<\/div>","protected":false},"excerpt":{"rendered":"<p>[vc_row css=&#8221;.vc_custom_1717739529951{margin-bottom: 40px !important;}&#8221;][vc_column][vc_column_text css=&#8221;&#8221;] Vesel\u012bbas tehnolo\u0123iju produktiem m\u016bsu pakalpojumi garant\u0113 aizsardz\u012bbu pret koroziju, lab\u0101ku un t\u012br\u0101ku izskatu, nodilumiztur\u012bbu un uzlabotu higi\u0113nu. M\u0113s veicam iek\u0101rtu alum\u012bnija komponentu anod\u0113\u0161anu, iek\u0101rtu r\u0101mju konstrukciju aizsardz\u012bbu pret koroziju, k\u0101 ar\u012b z\u012bmju un iek\u0101rtu priek\u0161\u0113jo pane\u013cu anod\u0113\u0161anu pirms l\u0101zera vai z\u012bmogmark\u0113\u0161anas. M\u0113s varam veikt pat vispras\u012bg\u0101ko deta\u013cu kr\u0101sainu anod\u0113\u0161anu da\u017e\u0101dos&hellip;<\/p>\n","protected":false},"author":3,"featured_media":0,"parent":2917,"menu_order":32,"comment_status":"closed","ping_status":"closed","template":"","meta":{"footnotes":""},"class_list":["post-2927","page","type-page","status-publish","hentry","description-off"],"yoast_head":"<!-- This site is optimized with the Yoast SEO plugin v27.4 - https:\/\/yoast.com\/product\/yoast-seo-wordpress\/ -->\n<title>Vesel\u012bbas tehnolo\u0123iju nozare - Pinnoitus Helin Oy<\/title>\n<meta name=\"description\" content=\"Vesel\u012bbas tehnolo\u0123iju produktiem m\u016bsu pakalpojumi garant\u0113 aizsardz\u012bbu pret koroziju, lab\u0101ku un t\u012br\u0101ku izskatu, nodilumiztur\u012bbu un uzlabotu higi\u0113nu.\" \/>\n<meta name=\"robots\" content=\"index, follow, max-snippet:-1, max-image-preview:large, max-video-preview:-1\" \/>\n<link rel=\"canonical\" href=\"https:\/\/www.pinnoitushelin.fi\/lv\/rupniecibas-nozares\/veselibas-tehnologiju-nozare\/\" \/>\n<meta property=\"og:locale\" content=\"lv_LV\" \/>\n<meta property=\"og:type\" content=\"article\" \/>\n<meta property=\"og:title\" content=\"Vesel\u012bbas tehnolo\u0123iju nozare - Pinnoitus Helin Oy\" \/>\n<meta property=\"og:description\" content=\"Vesel\u012bbas tehnolo\u0123iju produktiem m\u016bsu pakalpojumi garant\u0113 aizsardz\u012bbu pret koroziju, lab\u0101ku un t\u012br\u0101ku izskatu, nodilumiztur\u012bbu un uzlabotu higi\u0113nu.\" \/>\n<meta property=\"og:url\" content=\"https:\/\/www.pinnoitushelin.fi\/lv\/rupniecibas-nozares\/veselibas-tehnologiju-nozare\/\" \/>\n<meta property=\"og:site_name\" content=\"Pinnoitus Helin Oy\" \/>\n<meta property=\"article:modified_time\" content=\"2024-07-30T22:59:14+00:00\" \/>\n<meta name=\"twitter:card\" content=\"summary_large_image\" \/>\n<meta name=\"twitter:label1\" content=\"Est. reading time\" \/>\n\t<meta name=\"twitter:data1\" content=\"2 minutes\" \/>\n<script type=\"application\/ld+json\" class=\"yoast-schema-graph\">{\"@context\":\"https:\\\/\\\/schema.org\",\"@graph\":[{\"@type\":\"WebPage\",\"@id\":\"https:\\\/\\\/www.pinnoitushelin.fi\\\/lv\\\/rupniecibas-nozares\\\/veselibas-tehnologiju-nozare\\\/\",\"url\":\"https:\\\/\\\/www.pinnoitushelin.fi\\\/lv\\\/rupniecibas-nozares\\\/veselibas-tehnologiju-nozare\\\/\",\"name\":\"Vesel\u012bbas tehnolo\u0123iju nozare - Pinnoitus Helin Oy\",\"isPartOf\":{\"@id\":\"https:\\\/\\\/www.pinnoitushelin.fi\\\/lv\\\/#website\"},\"datePublished\":\"2024-06-19T21:31:22+00:00\",\"dateModified\":\"2024-07-30T22:59:14+00:00\",\"description\":\"Vesel\u012bbas tehnolo\u0123iju produktiem m\u016bsu pakalpojumi garant\u0113 aizsardz\u012bbu pret koroziju, lab\u0101ku un t\u012br\u0101ku izskatu, nodilumiztur\u012bbu un uzlabotu higi\u0113nu.\",\"breadcrumb\":{\"@id\":\"https:\\\/\\\/www.pinnoitushelin.fi\\\/lv\\\/rupniecibas-nozares\\\/veselibas-tehnologiju-nozare\\\/#breadcrumb\"},\"inLanguage\":\"lv-LV\",\"potentialAction\":[{\"@type\":\"ReadAction\",\"target\":[\"https:\\\/\\\/www.pinnoitushelin.fi\\\/lv\\\/rupniecibas-nozares\\\/veselibas-tehnologiju-nozare\\\/\"]}]},{\"@type\":\"BreadcrumbList\",\"@id\":\"https:\\\/\\\/www.pinnoitushelin.fi\\\/lv\\\/rupniecibas-nozares\\\/veselibas-tehnologiju-nozare\\\/#breadcrumb\",\"itemListElement\":[{\"@type\":\"ListItem\",\"position\":1,\"name\":\"Etusivu\",\"item\":\"https:\\\/\\\/www.pinnoitushelin.fi\\\/lv\\\/\"},{\"@type\":\"ListItem\",\"position\":2,\"name\":\"R\u016bpniec\u012bbas nozares\",\"item\":\"https:\\\/\\\/www.pinnoitushelin.fi\\\/lv\\\/rupniecibas-nozares\\\/\"},{\"@type\":\"ListItem\",\"position\":3,\"name\":\"Vesel\u012bbas tehnolo\u0123iju nozare\"}]},{\"@type\":\"WebSite\",\"@id\":\"https:\\\/\\\/www.pinnoitushelin.fi\\\/lv\\\/#website\",\"url\":\"https:\\\/\\\/www.pinnoitushelin.fi\\\/lv\\\/\",\"name\":\"Pinnoitus Helin Oy\",\"description\":\"Teknist\u00e4 pintak\u00e4sittely\u00e4 monipuolisesti ja tasalaatuisesti.\",\"publisher\":{\"@id\":\"https:\\\/\\\/www.pinnoitushelin.fi\\\/lv\\\/#organization\"},\"potentialAction\":[{\"@type\":\"SearchAction\",\"target\":{\"@type\":\"EntryPoint\",\"urlTemplate\":\"https:\\\/\\\/www.pinnoitushelin.fi\\\/lv\\\/?s={search_term_string}\"},\"query-input\":{\"@type\":\"PropertyValueSpecification\",\"valueRequired\":true,\"valueName\":\"search_term_string\"}}],\"inLanguage\":\"lv-LV\"},{\"@type\":\"Organization\",\"@id\":\"https:\\\/\\\/www.pinnoitushelin.fi\\\/lv\\\/#organization\",\"name\":\"Pinnoitus Helin Oy\",\"url\":\"https:\\\/\\\/www.pinnoitushelin.fi\\\/lv\\\/\",\"logo\":{\"@type\":\"ImageObject\",\"inLanguage\":\"lv-LV\",\"@id\":\"https:\\\/\\\/www.pinnoitushelin.fi\\\/lv\\\/#\\\/schema\\\/logo\\\/image\\\/\",\"url\":\"https:\\\/\\\/www.pinnoitushelin.fi\\\/wp-content\\\/uploads\\\/2024\\\/05\\\/logoa.png\",\"contentUrl\":\"https:\\\/\\\/www.pinnoitushelin.fi\\\/wp-content\\\/uploads\\\/2024\\\/05\\\/logoa.png\",\"width\":331,\"height\":105,\"caption\":\"Pinnoitus Helin Oy\"},\"image\":{\"@id\":\"https:\\\/\\\/www.pinnoitushelin.fi\\\/lv\\\/#\\\/schema\\\/logo\\\/image\\\/\"}}]}<\/script>\n<!-- \/ Yoast SEO plugin. -->","yoast_head_json":{"title":"Vesel\u012bbas tehnolo\u0123iju nozare - Pinnoitus Helin Oy","description":"Vesel\u012bbas tehnolo\u0123iju produktiem m\u016bsu pakalpojumi garant\u0113 aizsardz\u012bbu pret koroziju, lab\u0101ku un t\u012br\u0101ku izskatu, nodilumiztur\u012bbu un uzlabotu higi\u0113nu.","robots":{"index":"index","follow":"follow","max-snippet":"max-snippet:-1","max-image-preview":"max-image-preview:large","max-video-preview":"max-video-preview:-1"},"canonical":"https:\/\/www.pinnoitushelin.fi\/lv\/rupniecibas-nozares\/veselibas-tehnologiju-nozare\/","og_locale":"lv_LV","og_type":"article","og_title":"Vesel\u012bbas tehnolo\u0123iju nozare - Pinnoitus Helin Oy","og_description":"Vesel\u012bbas tehnolo\u0123iju produktiem m\u016bsu pakalpojumi garant\u0113 aizsardz\u012bbu pret koroziju, lab\u0101ku un t\u012br\u0101ku izskatu, nodilumiztur\u012bbu un uzlabotu higi\u0113nu.","og_url":"https:\/\/www.pinnoitushelin.fi\/lv\/rupniecibas-nozares\/veselibas-tehnologiju-nozare\/","og_site_name":"Pinnoitus Helin Oy","article_modified_time":"2024-07-30T22:59:14+00:00","twitter_card":"summary_large_image","twitter_misc":{"Est. reading time":"2 minutes"},"schema":{"@context":"https:\/\/schema.org","@graph":[{"@type":"WebPage","@id":"https:\/\/www.pinnoitushelin.fi\/lv\/rupniecibas-nozares\/veselibas-tehnologiju-nozare\/","url":"https:\/\/www.pinnoitushelin.fi\/lv\/rupniecibas-nozares\/veselibas-tehnologiju-nozare\/","name":"Vesel\u012bbas tehnolo\u0123iju nozare - Pinnoitus Helin Oy","isPartOf":{"@id":"https:\/\/www.pinnoitushelin.fi\/lv\/#website"},"datePublished":"2024-06-19T21:31:22+00:00","dateModified":"2024-07-30T22:59:14+00:00","description":"Vesel\u012bbas tehnolo\u0123iju produktiem m\u016bsu pakalpojumi garant\u0113 aizsardz\u012bbu pret koroziju, lab\u0101ku un t\u012br\u0101ku izskatu, nodilumiztur\u012bbu un uzlabotu higi\u0113nu.","breadcrumb":{"@id":"https:\/\/www.pinnoitushelin.fi\/lv\/rupniecibas-nozares\/veselibas-tehnologiju-nozare\/#breadcrumb"},"inLanguage":"lv-LV","potentialAction":[{"@type":"ReadAction","target":["https:\/\/www.pinnoitushelin.fi\/lv\/rupniecibas-nozares\/veselibas-tehnologiju-nozare\/"]}]},{"@type":"BreadcrumbList","@id":"https:\/\/www.pinnoitushelin.fi\/lv\/rupniecibas-nozares\/veselibas-tehnologiju-nozare\/#breadcrumb","itemListElement":[{"@type":"ListItem","position":1,"name":"Etusivu","item":"https:\/\/www.pinnoitushelin.fi\/lv\/"},{"@type":"ListItem","position":2,"name":"R\u016bpniec\u012bbas nozares","item":"https:\/\/www.pinnoitushelin.fi\/lv\/rupniecibas-nozares\/"},{"@type":"ListItem","position":3,"name":"Vesel\u012bbas tehnolo\u0123iju nozare"}]},{"@type":"WebSite","@id":"https:\/\/www.pinnoitushelin.fi\/lv\/#website","url":"https:\/\/www.pinnoitushelin.fi\/lv\/","name":"Pinnoitus Helin Oy","description":"Teknist\u00e4 pintak\u00e4sittely\u00e4 monipuolisesti ja tasalaatuisesti.","publisher":{"@id":"https:\/\/www.pinnoitushelin.fi\/lv\/#organization"},"potentialAction":[{"@type":"SearchAction","target":{"@type":"EntryPoint","urlTemplate":"https:\/\/www.pinnoitushelin.fi\/lv\/?s={search_term_string}"},"query-input":{"@type":"PropertyValueSpecification","valueRequired":true,"valueName":"search_term_string"}}],"inLanguage":"lv-LV"},{"@type":"Organization","@id":"https:\/\/www.pinnoitushelin.fi\/lv\/#organization","name":"Pinnoitus Helin Oy","url":"https:\/\/www.pinnoitushelin.fi\/lv\/","logo":{"@type":"ImageObject","inLanguage":"lv-LV","@id":"https:\/\/www.pinnoitushelin.fi\/lv\/#\/schema\/logo\/image\/","url":"https:\/\/www.pinnoitushelin.fi\/wp-content\/uploads\/2024\/05\/logoa.png","contentUrl":"https:\/\/www.pinnoitushelin.fi\/wp-content\/uploads\/2024\/05\/logoa.png","width":331,"height":105,"caption":"Pinnoitus Helin Oy"},"image":{"@id":"https:\/\/www.pinnoitushelin.fi\/lv\/#\/schema\/logo\/image\/"}}]}},"_links":{"self":[{"href":"https:\/\/www.pinnoitushelin.fi\/lv\/wp-json\/wp\/v2\/pages\/2927","targetHints":{"allow":["GET"]}}],"collection":[{"href":"https:\/\/www.pinnoitushelin.fi\/lv\/wp-json\/wp\/v2\/pages"}],"about":[{"href":"https:\/\/www.pinnoitushelin.fi\/lv\/wp-json\/wp\/v2\/types\/page"}],"author":[{"embeddable":true,"href":"https:\/\/www.pinnoitushelin.fi\/lv\/wp-json\/wp\/v2\/users\/3"}],"replies":[{"embeddable":true,"href":"https:\/\/www.pinnoitushelin.fi\/lv\/wp-json\/wp\/v2\/comments?post=2927"}],"version-history":[{"count":4,"href":"https:\/\/www.pinnoitushelin.fi\/lv\/wp-json\/wp\/v2\/pages\/2927\/revisions"}],"predecessor-version":[{"id":3221,"href":"https:\/\/www.pinnoitushelin.fi\/lv\/wp-json\/wp\/v2\/pages\/2927\/revisions\/3221"}],"up":[{"embeddable":true,"href":"https:\/\/www.pinnoitushelin.fi\/lv\/wp-json\/wp\/v2\/pages\/2917"}],"wp:attachment":[{"href":"https:\/\/www.pinnoitushelin.fi\/lv\/wp-json\/wp\/v2\/media?parent=2927"}],"curies":[{"name":"wp","href":"https:\/\/api.w.org\/{rel}","templated":true}]}}