{"id":2921,"date":"2024-06-03T23:37:34","date_gmt":"2024-06-03T21:37:34","guid":{"rendered":"https:\/\/www.pinnoitushelin.fi\/nozares\/juras-nozare\/"},"modified":"2024-07-31T00:56:11","modified_gmt":"2024-07-30T22:56:11","slug":"juras-nozare","status":"publish","type":"page","link":"https:\/\/www.pinnoitushelin.fi\/lv\/rupniecibas-nozares\/juras-nozare\/","title":{"rendered":"J\u016bras nozare"},"content":{"rendered":"<div class=\"wpb-content-wrapper\"><p>[vc_row css=&#8221;.vc_custom_1717739529951{margin-bottom: 40px !important;}&#8221;][vc_column][vc_column_text css=&#8221;&#8221;]<\/p>\n<h3>M\u0113s, Pinnoitus Helin, pied\u0101v\u0101jam met\u0101la deta\u013c\u0101m aizsardz\u012bbu pret koroziju, aizsardz\u012bbu pret iegriezumiem un uzlabotu izskatu.<\/h3>\n<p>Misi\u0146a deta\u013c\u0101m, ko izmanto ku\u0123u b\u016bv\u0113, m\u0113s veicam elektrol\u012btisku ni\u0137el\u0113\u0161anu, lai aizsarg\u0101tu pret koroziju un uzlabotu deta\u013cu izskatu.<br \/>\nNer\u016bs\u0113jo\u0161\u0101 t\u0113rauda bultskr\u016bv\u0113m m\u0113s veicam v\u012bt\u0146u vara p\u0101rkl\u0101jumu, lai nov\u0113rstu sagrie\u0161anos.<br \/>\nM\u0113s veicam ar\u012b cieto anod\u0113\u0161anu un deta\u013cu pies\u016bcin\u0101\u0161anu ar PTFE j\u016bras r\u016bpniec\u012bbai, k\u0101 ar\u012b aizsardz\u012bbu pret koroziju un izskata uzlabo\u0161anu naftas nopl\u016bd\u0113m un vides produktiem.<\/p>\n<h3>Popul\u0101r\u0101k\u0101s p\u0101rkl\u0101jumu tehnolo\u0123ijas nozar\u0113<\/h3>\n<p><a href=\"https:\/\/www.pinnoitushelin.fi\/lv\/parklasanas-panemieni\/kimiska-nikela-parklajums\/\">\u0136\u012bmiskais ni\u0137elis <\/a><a href=\"\/lv\/parklasanas-metodes\/kimiska-nikela-parklajums\/\">\u0136\u012bmisk\u0101 ni\u0137e\u013ca p\u0101rkl\u0101jums<\/a><\/p>\n<p><a href=\"\/lv\/parklasanas-metodes\/vara-parklajums\/\">Vara p\u0101rkl\u0101jums<\/a><\/p>\n<p><a href=\"\/lv\/parklasanas-metodes\/cieta-anodesana\/\">Ciet\u0101 anod\u0113\u0161ana<\/a>[\/vc_column_text][\/vc_column][\/vc_row][vc_row][vc_column]<style type=\"text\/css\" data-type=\"the7_shortcodes-inline-css\">.gallery-shortcode.gallery-masonry-shortcode-id-db583a6fe7f65917d00120273a8ff18f figure,\n.gallery-shortcode.gallery-masonry-shortcode-id-db583a6fe7f65917d00120273a8ff18f .rollover,\n.gallery-shortcode.gallery-masonry-shortcode-id-db583a6fe7f65917d00120273a8ff18f img,\n.gallery-shortcode.gallery-masonry-shortcode-id-db583a6fe7f65917d00120273a8ff18f .gallery-rollover {\n  border-radius: 0px;\n}\n.gallery-shortcode.gallery-masonry-shortcode-id-db583a6fe7f65917d00120273a8ff18f.enable-bg-rollover .gallery-rollover {\n  background: -webkit-linear-gradient();\n  background: linear-gradient();\n}\n.gallery-shortcode.gallery-masonry-shortcode-id-db583a6fe7f65917d00120273a8ff18f.enable-bg-rollover.hover-scale figure .rollover:after {\n  background: -webkit-linear-gradient();\n  background: linear-gradient();\n}\n.gallery-shortcode.gallery-masonry-shortcode-id-db583a6fe7f65917d00120273a8ff18f .gallery-zoom-ico {\n  width: 44px;\n  height: 44px;\n  line-height: 44px;\n  border-radius: 100px;\n  margin: -22px 0 0 -22px;\n  border-width: 0px;\n  color: #ffffff;\n}\n.dt-icon-bg-on.gallery-shortcode.gallery-masonry-shortcode-id-db583a6fe7f65917d00120273a8ff18f .gallery-zoom-ico {\n  background: rgba(255,255,255,0.3);\n  box-shadow: none;\n}\n.gallery-shortcode.gallery-masonry-shortcode-id-db583a6fe7f65917d00120273a8ff18f .gallery-zoom-ico:before,\n.gallery-shortcode.gallery-masonry-shortcode-id-db583a6fe7f65917d00120273a8ff18f .gallery-zoom-ico span {\n  font-size: 32px;\n  line-height: 44px;\n  color: #ffffff;\n}\n.gallery-shortcode.gallery-masonry-shortcode-id-db583a6fe7f65917d00120273a8ff18f:not(.resize-by-browser-width) .dt-css-grid {\n  grid-row-gap: 10px;\n  grid-column-gap: 10px;\n  grid-template-columns: repeat(auto-fill,minmax(,1fr));\n}\n.gallery-shortcode.gallery-masonry-shortcode-id-db583a6fe7f65917d00120273a8ff18f:not(.resize-by-browser-width) .dt-css-grid .double-width {\n  grid-column: span 2;\n}\n.cssgridlegacy.no-cssgrid .gallery-shortcode.gallery-masonry-shortcode-id-db583a6fe7f65917d00120273a8ff18f:not(.resize-by-browser-width) .dt-css-grid,\n.no-cssgridlegacy.no-cssgrid .gallery-shortcode.gallery-masonry-shortcode-id-db583a6fe7f65917d00120273a8ff18f:not(.resize-by-browser-width) .dt-css-grid {\n  display: flex;\n  flex-flow: row wrap;\n  margin: -5px;\n}\n.cssgridlegacy.no-cssgrid .gallery-shortcode.gallery-masonry-shortcode-id-db583a6fe7f65917d00120273a8ff18f:not(.resize-by-browser-width) .dt-css-grid .wf-cell,\n.no-cssgridlegacy.no-cssgrid .gallery-shortcode.gallery-masonry-shortcode-id-db583a6fe7f65917d00120273a8ff18f:not(.resize-by-browser-width) .dt-css-grid .wf-cell {\n  flex: 1 0 ;\n  max-width: 100%;\n  padding: 5px;\n  box-sizing: border-box;\n}\n.gallery-shortcode.gallery-masonry-shortcode-id-db583a6fe7f65917d00120273a8ff18f.resize-by-browser-width .dt-css-grid {\n  grid-template-columns: repeat(2,1fr);\n  grid-template-rows: auto;\n  grid-column-gap: 10px;\n  grid-row-gap: 10px;\n}\n.gallery-shortcode.gallery-masonry-shortcode-id-db583a6fe7f65917d00120273a8ff18f.resize-by-browser-width .dt-css-grid .double-width {\n  grid-column: span 2;\n}\n.cssgridlegacy.no-cssgrid .gallery-shortcode.gallery-masonry-shortcode-id-db583a6fe7f65917d00120273a8ff18f.resize-by-browser-width .dt-css-grid {\n  margin: -5px;\n}\n.cssgridlegacy.no-cssgrid .gallery-shortcode.gallery-masonry-shortcode-id-db583a6fe7f65917d00120273a8ff18f.resize-by-browser-width .dt-css-grid .wf-cell {\n  width: 50%;\n  padding: 5px;\n}\n.cssgridlegacy.no-cssgrid .gallery-shortcode.gallery-masonry-shortcode-id-db583a6fe7f65917d00120273a8ff18f.resize-by-browser-width .dt-css-grid .wf-cell.double-width {\n  width: calc(50%) * 2;\n}\n.gallery-shortcode.gallery-masonry-shortcode-id-db583a6fe7f65917d00120273a8ff18f.resize-by-browser-width:not(.centered-layout-list):not(.content-bg-on) .dt-css-grid {\n  grid-row-gap: 10px - ;\n}\n@media screen and (max-width: 1199px) {\n  .gallery-shortcode.gallery-masonry-shortcode-id-db583a6fe7f65917d00120273a8ff18f.resize-by-browser-width .dt-css-grid {\n    grid-template-columns: repeat(2,1fr);\n  }\n  .cssgridlegacy.no-cssgrid .gallery-shortcode.gallery-masonry-shortcode-id-db583a6fe7f65917d00120273a8ff18f.resize-by-browser-width .dt-css-grid .wf-cell,\n  .no-cssgridlegacy.no-cssgrid .gallery-shortcode.gallery-masonry-shortcode-id-db583a6fe7f65917d00120273a8ff18f.resize-by-browser-width .dt-css-grid .wf-cell {\n    width: 50%;\n  }\n  .cssgridlegacy.no-cssgrid .gallery-shortcode.gallery-masonry-shortcode-id-db583a6fe7f65917d00120273a8ff18f.resize-by-browser-width .dt-css-grid .wf-cell.double-width,\n  .no-cssgridlegacy.no-cssgrid .gallery-shortcode.gallery-masonry-shortcode-id-db583a6fe7f65917d00120273a8ff18f.resize-by-browser-width .dt-css-grid .wf-cell.double-width {\n    width: calc(50%)*2;\n  }\n}\n@media screen and (max-width: 991px) {\n  .gallery-shortcode.gallery-masonry-shortcode-id-db583a6fe7f65917d00120273a8ff18f.resize-by-browser-width .dt-css-grid {\n    grid-template-columns: repeat(1,1fr);\n  }\n  .cssgridlegacy.no-cssgrid .gallery-shortcode.gallery-masonry-shortcode-id-db583a6fe7f65917d00120273a8ff18f.resize-by-browser-width .dt-css-grid .wf-cell,\n  .no-cssgridlegacy.no-cssgrid .gallery-shortcode.gallery-masonry-shortcode-id-db583a6fe7f65917d00120273a8ff18f.resize-by-browser-width .dt-css-grid .wf-cell {\n    width: 100%;\n  }\n  .cssgridlegacy.no-cssgrid .gallery-shortcode.gallery-masonry-shortcode-id-db583a6fe7f65917d00120273a8ff18f.resize-by-browser-width .dt-css-grid .wf-cell.double-width,\n  .no-cssgridlegacy.no-cssgrid .gallery-shortcode.gallery-masonry-shortcode-id-db583a6fe7f65917d00120273a8ff18f.resize-by-browser-width .dt-css-grid .wf-cell.double-width {\n    width: calc(100%)*2;\n  }\n}\n@media screen and (max-width: 767px) {\n  .gallery-shortcode.gallery-masonry-shortcode-id-db583a6fe7f65917d00120273a8ff18f.resize-by-browser-width .dt-css-grid {\n    grid-template-columns: repeat(1,1fr);\n  }\n  .cssgridlegacy.no-cssgrid .gallery-shortcode.gallery-masonry-shortcode-id-db583a6fe7f65917d00120273a8ff18f.resize-by-browser-width .dt-css-grid .wf-cell,\n  .no-cssgridlegacy.no-cssgrid .gallery-shortcode.gallery-masonry-shortcode-id-db583a6fe7f65917d00120273a8ff18f.resize-by-browser-width .dt-css-grid .wf-cell {\n    width: 100%;\n  }\n  .cssgridlegacy.no-cssgrid .gallery-shortcode.gallery-masonry-shortcode-id-db583a6fe7f65917d00120273a8ff18f.resize-by-browser-width .dt-css-grid .wf-cell.double-width,\n  .no-cssgridlegacy.no-cssgrid .gallery-shortcode.gallery-masonry-shortcode-id-db583a6fe7f65917d00120273a8ff18f.resize-by-browser-width .dt-css-grid .wf-cell.double-width {\n    width: calc(100%)*2;\n  }\n}<\/style><div class=\"gallery-shortcode dt-gallery-container gallery-masonry-shortcode-id-db583a6fe7f65917d00120273a8ff18f mode-masonry jquery-filter dt-icon-bg-off quick-scale-img enable-bg-rollover resize-by-browser-width  hover-fade loading-effect-none description-on-hover\" data-padding=\"5px\" data-cur-page=\"1\" data-post-limit=\"-1\" data-pagination-mode=\"none\" data-desktop-columns-num=\"2\" data-v-tablet-columns-num=\"1\" data-h-tablet-columns-num=\"2\" data-phone-columns-num=\"1\" data-width=\"0px\" data-columns=\"0\"><div class=\"iso-container\" ><div class=\"wf-cell iso-item\" data-post-id=\"2286\" data-date=\"2024-06-07T07:52:28+02:00\" data-name=\"pinnoitushelin-meriteollisuus-1\"><figure class=\"post visible\"><a href=\"https:\/\/www.pinnoitushelin.fi\/wp-content\/uploads\/2024\/06\/pinnoitushelin-meriteollisuus-1.jpg\" class=\"rollover dt-pswp-item layzr-bg\" data-large_image_width=\"1200\" data-large_image_height=\"800\" data-dt-img-description=\"\" title=\"pinnoitushelin-meriteollisuus-1\"><img fetchpriority=\"high\" decoding=\"async\" class=\"preload-me iso-lazy-load aspect\" src=\"data:image\/svg+xml,%3Csvg%20xmlns%3D&#39;http%3A%2F%2Fwww.w3.org%2F2000%2Fsvg&#39;%20viewBox%3D&#39;0%200%20990%20660&#39;%2F%3E\" data-src=\"https:\/\/www.pinnoitushelin.fi\/wp-content\/uploads\/2024\/06\/pinnoitushelin-meriteollisuus-1-990x660.jpg\" data-srcset=\"https:\/\/www.pinnoitushelin.fi\/wp-content\/uploads\/2024\/06\/pinnoitushelin-meriteollisuus-1-990x660.jpg 990w, https:\/\/www.pinnoitushelin.fi\/wp-content\/uploads\/2024\/06\/pinnoitushelin-meriteollisuus-1.jpg 1200w\" loading=\"eager\" style=\"--ratio: 990 \/ 660\" sizes=\"(max-width: 990px) 100vw, 990px\" alt=\"\" width=\"990\" height=\"660\"  \/><span class=\"gallery-rollover\"><span class=\"gallery-zoom-ico icomoon-the7-font-the7-zoom-06\"><span><\/span><\/span><\/span><\/a><\/figure><\/div><div class=\"wf-cell iso-item\" data-post-id=\"2289\" data-date=\"2024-06-07T07:52:29+02:00\" data-name=\"pinnoitushelin-meriteollisuus-2\"><figure class=\"post visible\"><a href=\"https:\/\/www.pinnoitushelin.fi\/wp-content\/uploads\/2024\/06\/pinnoitushelin-meriteollisuus-2.jpg\" class=\"rollover dt-pswp-item layzr-bg\" data-large_image_width=\"1200\" data-large_image_height=\"800\" data-dt-img-description=\"\" title=\"pinnoitushelin-meriteollisuus-2\"><img decoding=\"async\" class=\"preload-me iso-lazy-load aspect\" src=\"data:image\/svg+xml,%3Csvg%20xmlns%3D&#39;http%3A%2F%2Fwww.w3.org%2F2000%2Fsvg&#39;%20viewBox%3D&#39;0%200%20990%20660&#39;%2F%3E\" data-src=\"https:\/\/www.pinnoitushelin.fi\/wp-content\/uploads\/2024\/06\/pinnoitushelin-meriteollisuus-2-990x660.jpg\" data-srcset=\"https:\/\/www.pinnoitushelin.fi\/wp-content\/uploads\/2024\/06\/pinnoitushelin-meriteollisuus-2-990x660.jpg 990w, https:\/\/www.pinnoitushelin.fi\/wp-content\/uploads\/2024\/06\/pinnoitushelin-meriteollisuus-2.jpg 1200w\" loading=\"eager\" style=\"--ratio: 990 \/ 660\" sizes=\"(max-width: 990px) 100vw, 990px\" alt=\"\" width=\"990\" height=\"660\"  \/><span class=\"gallery-rollover\"><span class=\"gallery-zoom-ico icomoon-the7-font-the7-zoom-06\"><span><\/span><\/span><\/span><\/a><\/figure><\/div><\/div><!-- iso-container|iso-grid --><\/div>[\/vc_column][\/vc_row]<\/p>\n<\/div>","protected":false},"excerpt":{"rendered":"<p>[vc_row css=&#8221;.vc_custom_1717739529951{margin-bottom: 40px !important;}&#8221;][vc_column][vc_column_text css=&#8221;&#8221;] M\u0113s, Pinnoitus Helin, pied\u0101v\u0101jam met\u0101la deta\u013c\u0101m aizsardz\u012bbu pret koroziju, aizsardz\u012bbu pret iegriezumiem un uzlabotu izskatu. Misi\u0146a deta\u013c\u0101m, ko izmanto ku\u0123u b\u016bv\u0113, m\u0113s veicam elektrol\u012btisku ni\u0137el\u0113\u0161anu, lai aizsarg\u0101tu pret koroziju un uzlabotu deta\u013cu izskatu. Ner\u016bs\u0113jo\u0161\u0101 t\u0113rauda bultskr\u016bv\u0113m m\u0113s veicam v\u012bt\u0146u vara p\u0101rkl\u0101jumu, lai nov\u0113rstu sagrie\u0161anos. M\u0113s veicam ar\u012b cieto anod\u0113\u0161anu un&hellip;<\/p>\n","protected":false},"author":3,"featured_media":0,"parent":2917,"menu_order":31,"comment_status":"closed","ping_status":"closed","template":"","meta":{"footnotes":""},"class_list":["post-2921","page","type-page","status-publish","hentry","description-off"],"yoast_head":"<!-- This site is optimized with the Yoast SEO plugin v27.4 - https:\/\/yoast.com\/product\/yoast-seo-wordpress\/ -->\n<title>J\u016bras nozare - Pinnoitus Helin Oy<\/title>\n<meta name=\"description\" content=\"M\u0113s, Pinnoitus Helin, pied\u0101v\u0101jam met\u0101la deta\u013c\u0101m aizsardz\u012bbu pret koroziju, aizsardz\u012bbu pret iegriezumiem un uzlabotu izskatu.\" \/>\n<meta name=\"robots\" content=\"index, follow, max-snippet:-1, max-image-preview:large, max-video-preview:-1\" \/>\n<link rel=\"canonical\" href=\"https:\/\/www.pinnoitushelin.fi\/lv\/rupniecibas-nozares\/juras-nozare\/\" \/>\n<meta property=\"og:locale\" content=\"lv_LV\" \/>\n<meta property=\"og:type\" content=\"article\" \/>\n<meta property=\"og:title\" content=\"J\u016bras nozare - Pinnoitus Helin Oy\" \/>\n<meta property=\"og:description\" content=\"M\u0113s, Pinnoitus Helin, pied\u0101v\u0101jam met\u0101la deta\u013c\u0101m aizsardz\u012bbu pret koroziju, aizsardz\u012bbu pret iegriezumiem un uzlabotu izskatu.\" \/>\n<meta property=\"og:url\" content=\"https:\/\/www.pinnoitushelin.fi\/lv\/rupniecibas-nozares\/juras-nozare\/\" \/>\n<meta property=\"og:site_name\" content=\"Pinnoitus Helin Oy\" \/>\n<meta property=\"article:modified_time\" content=\"2024-07-30T22:56:11+00:00\" \/>\n<meta name=\"twitter:card\" content=\"summary_large_image\" \/>\n<meta name=\"twitter:label1\" content=\"Est. reading time\" \/>\n\t<meta name=\"twitter:data1\" content=\"1 minute\" \/>\n<script type=\"application\/ld+json\" class=\"yoast-schema-graph\">{\"@context\":\"https:\\\/\\\/schema.org\",\"@graph\":[{\"@type\":\"WebPage\",\"@id\":\"https:\\\/\\\/www.pinnoitushelin.fi\\\/lv\\\/rupniecibas-nozares\\\/juras-nozare\\\/\",\"url\":\"https:\\\/\\\/www.pinnoitushelin.fi\\\/lv\\\/rupniecibas-nozares\\\/juras-nozare\\\/\",\"name\":\"J\u016bras nozare - Pinnoitus Helin Oy\",\"isPartOf\":{\"@id\":\"https:\\\/\\\/www.pinnoitushelin.fi\\\/lv\\\/#website\"},\"datePublished\":\"2024-06-03T21:37:34+00:00\",\"dateModified\":\"2024-07-30T22:56:11+00:00\",\"description\":\"M\u0113s, Pinnoitus Helin, pied\u0101v\u0101jam met\u0101la deta\u013c\u0101m aizsardz\u012bbu pret koroziju, aizsardz\u012bbu pret iegriezumiem un uzlabotu izskatu.\",\"breadcrumb\":{\"@id\":\"https:\\\/\\\/www.pinnoitushelin.fi\\\/lv\\\/rupniecibas-nozares\\\/juras-nozare\\\/#breadcrumb\"},\"inLanguage\":\"lv-LV\",\"potentialAction\":[{\"@type\":\"ReadAction\",\"target\":[\"https:\\\/\\\/www.pinnoitushelin.fi\\\/lv\\\/rupniecibas-nozares\\\/juras-nozare\\\/\"]}]},{\"@type\":\"BreadcrumbList\",\"@id\":\"https:\\\/\\\/www.pinnoitushelin.fi\\\/lv\\\/rupniecibas-nozares\\\/juras-nozare\\\/#breadcrumb\",\"itemListElement\":[{\"@type\":\"ListItem\",\"position\":1,\"name\":\"Etusivu\",\"item\":\"https:\\\/\\\/www.pinnoitushelin.fi\\\/lv\\\/\"},{\"@type\":\"ListItem\",\"position\":2,\"name\":\"R\u016bpniec\u012bbas nozares\",\"item\":\"https:\\\/\\\/www.pinnoitushelin.fi\\\/lv\\\/rupniecibas-nozares\\\/\"},{\"@type\":\"ListItem\",\"position\":3,\"name\":\"J\u016bras nozare\"}]},{\"@type\":\"WebSite\",\"@id\":\"https:\\\/\\\/www.pinnoitushelin.fi\\\/lv\\\/#website\",\"url\":\"https:\\\/\\\/www.pinnoitushelin.fi\\\/lv\\\/\",\"name\":\"Pinnoitus Helin Oy\",\"description\":\"Teknist\u00e4 pintak\u00e4sittely\u00e4 monipuolisesti ja tasalaatuisesti.\",\"publisher\":{\"@id\":\"https:\\\/\\\/www.pinnoitushelin.fi\\\/lv\\\/#organization\"},\"potentialAction\":[{\"@type\":\"SearchAction\",\"target\":{\"@type\":\"EntryPoint\",\"urlTemplate\":\"https:\\\/\\\/www.pinnoitushelin.fi\\\/lv\\\/?s={search_term_string}\"},\"query-input\":{\"@type\":\"PropertyValueSpecification\",\"valueRequired\":true,\"valueName\":\"search_term_string\"}}],\"inLanguage\":\"lv-LV\"},{\"@type\":\"Organization\",\"@id\":\"https:\\\/\\\/www.pinnoitushelin.fi\\\/lv\\\/#organization\",\"name\":\"Pinnoitus Helin Oy\",\"url\":\"https:\\\/\\\/www.pinnoitushelin.fi\\\/lv\\\/\",\"logo\":{\"@type\":\"ImageObject\",\"inLanguage\":\"lv-LV\",\"@id\":\"https:\\\/\\\/www.pinnoitushelin.fi\\\/lv\\\/#\\\/schema\\\/logo\\\/image\\\/\",\"url\":\"https:\\\/\\\/www.pinnoitushelin.fi\\\/wp-content\\\/uploads\\\/2024\\\/05\\\/logoa.png\",\"contentUrl\":\"https:\\\/\\\/www.pinnoitushelin.fi\\\/wp-content\\\/uploads\\\/2024\\\/05\\\/logoa.png\",\"width\":331,\"height\":105,\"caption\":\"Pinnoitus Helin Oy\"},\"image\":{\"@id\":\"https:\\\/\\\/www.pinnoitushelin.fi\\\/lv\\\/#\\\/schema\\\/logo\\\/image\\\/\"}}]}<\/script>\n<!-- \/ Yoast SEO plugin. -->","yoast_head_json":{"title":"J\u016bras nozare - Pinnoitus Helin Oy","description":"M\u0113s, Pinnoitus Helin, pied\u0101v\u0101jam met\u0101la deta\u013c\u0101m aizsardz\u012bbu pret koroziju, aizsardz\u012bbu pret iegriezumiem un uzlabotu izskatu.","robots":{"index":"index","follow":"follow","max-snippet":"max-snippet:-1","max-image-preview":"max-image-preview:large","max-video-preview":"max-video-preview:-1"},"canonical":"https:\/\/www.pinnoitushelin.fi\/lv\/rupniecibas-nozares\/juras-nozare\/","og_locale":"lv_LV","og_type":"article","og_title":"J\u016bras nozare - Pinnoitus Helin Oy","og_description":"M\u0113s, Pinnoitus Helin, pied\u0101v\u0101jam met\u0101la deta\u013c\u0101m aizsardz\u012bbu pret koroziju, aizsardz\u012bbu pret iegriezumiem un uzlabotu izskatu.","og_url":"https:\/\/www.pinnoitushelin.fi\/lv\/rupniecibas-nozares\/juras-nozare\/","og_site_name":"Pinnoitus Helin Oy","article_modified_time":"2024-07-30T22:56:11+00:00","twitter_card":"summary_large_image","twitter_misc":{"Est. reading time":"1 minute"},"schema":{"@context":"https:\/\/schema.org","@graph":[{"@type":"WebPage","@id":"https:\/\/www.pinnoitushelin.fi\/lv\/rupniecibas-nozares\/juras-nozare\/","url":"https:\/\/www.pinnoitushelin.fi\/lv\/rupniecibas-nozares\/juras-nozare\/","name":"J\u016bras nozare - Pinnoitus Helin Oy","isPartOf":{"@id":"https:\/\/www.pinnoitushelin.fi\/lv\/#website"},"datePublished":"2024-06-03T21:37:34+00:00","dateModified":"2024-07-30T22:56:11+00:00","description":"M\u0113s, Pinnoitus Helin, pied\u0101v\u0101jam met\u0101la deta\u013c\u0101m aizsardz\u012bbu pret koroziju, aizsardz\u012bbu pret iegriezumiem un uzlabotu izskatu.","breadcrumb":{"@id":"https:\/\/www.pinnoitushelin.fi\/lv\/rupniecibas-nozares\/juras-nozare\/#breadcrumb"},"inLanguage":"lv-LV","potentialAction":[{"@type":"ReadAction","target":["https:\/\/www.pinnoitushelin.fi\/lv\/rupniecibas-nozares\/juras-nozare\/"]}]},{"@type":"BreadcrumbList","@id":"https:\/\/www.pinnoitushelin.fi\/lv\/rupniecibas-nozares\/juras-nozare\/#breadcrumb","itemListElement":[{"@type":"ListItem","position":1,"name":"Etusivu","item":"https:\/\/www.pinnoitushelin.fi\/lv\/"},{"@type":"ListItem","position":2,"name":"R\u016bpniec\u012bbas nozares","item":"https:\/\/www.pinnoitushelin.fi\/lv\/rupniecibas-nozares\/"},{"@type":"ListItem","position":3,"name":"J\u016bras nozare"}]},{"@type":"WebSite","@id":"https:\/\/www.pinnoitushelin.fi\/lv\/#website","url":"https:\/\/www.pinnoitushelin.fi\/lv\/","name":"Pinnoitus Helin Oy","description":"Teknist\u00e4 pintak\u00e4sittely\u00e4 monipuolisesti ja tasalaatuisesti.","publisher":{"@id":"https:\/\/www.pinnoitushelin.fi\/lv\/#organization"},"potentialAction":[{"@type":"SearchAction","target":{"@type":"EntryPoint","urlTemplate":"https:\/\/www.pinnoitushelin.fi\/lv\/?s={search_term_string}"},"query-input":{"@type":"PropertyValueSpecification","valueRequired":true,"valueName":"search_term_string"}}],"inLanguage":"lv-LV"},{"@type":"Organization","@id":"https:\/\/www.pinnoitushelin.fi\/lv\/#organization","name":"Pinnoitus Helin Oy","url":"https:\/\/www.pinnoitushelin.fi\/lv\/","logo":{"@type":"ImageObject","inLanguage":"lv-LV","@id":"https:\/\/www.pinnoitushelin.fi\/lv\/#\/schema\/logo\/image\/","url":"https:\/\/www.pinnoitushelin.fi\/wp-content\/uploads\/2024\/05\/logoa.png","contentUrl":"https:\/\/www.pinnoitushelin.fi\/wp-content\/uploads\/2024\/05\/logoa.png","width":331,"height":105,"caption":"Pinnoitus Helin Oy"},"image":{"@id":"https:\/\/www.pinnoitushelin.fi\/lv\/#\/schema\/logo\/image\/"}}]}},"_links":{"self":[{"href":"https:\/\/www.pinnoitushelin.fi\/lv\/wp-json\/wp\/v2\/pages\/2921","targetHints":{"allow":["GET"]}}],"collection":[{"href":"https:\/\/www.pinnoitushelin.fi\/lv\/wp-json\/wp\/v2\/pages"}],"about":[{"href":"https:\/\/www.pinnoitushelin.fi\/lv\/wp-json\/wp\/v2\/types\/page"}],"author":[{"embeddable":true,"href":"https:\/\/www.pinnoitushelin.fi\/lv\/wp-json\/wp\/v2\/users\/3"}],"replies":[{"embeddable":true,"href":"https:\/\/www.pinnoitushelin.fi\/lv\/wp-json\/wp\/v2\/comments?post=2921"}],"version-history":[{"count":4,"href":"https:\/\/www.pinnoitushelin.fi\/lv\/wp-json\/wp\/v2\/pages\/2921\/revisions"}],"predecessor-version":[{"id":3219,"href":"https:\/\/www.pinnoitushelin.fi\/lv\/wp-json\/wp\/v2\/pages\/2921\/revisions\/3219"}],"up":[{"embeddable":true,"href":"https:\/\/www.pinnoitushelin.fi\/lv\/wp-json\/wp\/v2\/pages\/2917"}],"wp:attachment":[{"href":"https:\/\/www.pinnoitushelin.fi\/lv\/wp-json\/wp\/v2\/media?parent=2921"}],"curies":[{"name":"wp","href":"https:\/\/api.w.org\/{rel}","templated":true}]}}