{"id":2913,"date":"2024-06-19T23:17:16","date_gmt":"2024-06-19T21:17:16","guid":{"rendered":"https:\/\/www.pinnoitushelin.fi\/parklasanas-panemieni\/aluminija-pasivacija\/"},"modified":"2024-12-09T08:03:24","modified_gmt":"2024-12-09T06:03:24","slug":"aluminija-pasivacija","status":"publish","type":"page","link":"https:\/\/www.pinnoitushelin.fi\/lv\/parklasanas-metodes\/aluminija-pasivacija\/","title":{"rendered":"Alum\u012bnija pasiv\u0101cija"},"content":{"rendered":"<div class=\"wpb-content-wrapper\"><p>[vc_row equal_height=&#8221;yes&#8221; content_placement=&#8221;middle&#8221; css=&#8221;.vc_custom_1717628348671{margin-bottom: 40px !important;}&#8221;][vc_column width=&#8221;1\/2&#8243; css=&#8221;.vc_custom_1717628091127{padding-bottom: 20px !important;}&#8221;][vc_column_text css=&#8221;&#8221;]Pasiv\u0101cija ir visp\u0101r\u012bgs termins metod\u0113m, kuru m\u0113r\u0137is ir pasiv\u0113t vai pal\u0113nin\u0101t virsmas vai p\u0101rkl\u0101juma reakciju ar vidi. Alum\u012bnija pasiv\u0101ciju pan\u0101k, uz alum\u012bnija virsmas veidojot reakcijas p\u0101rkl\u0101jumu, kas ne\u013cauj sk\u0101beklim rea\u0123\u0113t ar alum\u012bniju. \u0160\u012b metode ir \u012bpa\u0161i piem\u0113rota lietojumiem, kur j\u0101saglab\u0101 alum\u012bnija elektrovad\u012btsp\u0113ja.[\/vc_column_text][\/vc_column][vc_column width=&#8221;1\/2&#8243;][vc_single_image image=&#8221;2004&#8243; img_size=&#8221;large&#8221; css=&#8221;&#8221;][\/vc_column][\/vc_row][vc_row equal_height=&#8221;yes&#8221; css=&#8221;.vc_custom_1718820603748{margin-bottom: 40px !important;}&#8221;][vc_column css=&#8221;.vc_custom_1717628059564{padding-bottom: 20px !important;}&#8221;][vc_column_text css=&#8221;&#8221;]<\/p>\n<h3>Iridite NCP un SurTec 650 pasiv\u0101cija no Pinnoitus Helin Oy<\/h3>\n<p>M\u0113s izmantojam Iridite NCP un SurTec 650 apstr\u0101di. Alum\u012bnija pasiv\u0101cija nodro\u0161ina pret koroziju iztur\u012bgu virsmu ar labu elektrisko kontaktu. Pasiv\u0113t\u0101 virsma ir ar\u012b lieliska pamatne kr\u0101s\u0101m un l\u012bm\u0113m. Virsma ir ar\u012b \u013coti karstumiztur\u012bga un nesatur kait\u012bgus savienojumus, piem\u0113ram, hromu. Sal\u012bdzinot ar tradicion\u0101laj\u0101m metod\u0113m, kur\u0101s izmanto hromu, iztur\u012bba pret koroziju, test\u0113jot s\u0101ls migl\u0101, ir vair\u0101kas reizes lab\u0101ka. Process, ko pak\u0101peniski p\u0101rtrauc, ir alum\u012bnija hrom\u0113\u0161ana. Alum\u012bnija pasiv\u0101cija ir \u012bpa\u0161i labi piem\u0113rota elektronikas vajadz\u012bb\u0101m, kur j\u0101saglab\u0101 labs elektriskais kontakts. Kr\u0101sot\u0101m deta\u013c\u0101m priek\u0161roc\u012bba ir aizsardz\u012bba pret koroziju pat tad, ja uz t\u0101m nav kr\u0101sas. Procesa nodro\u0161in\u0101tais virsmas biezums ir nanometru diapazon\u0101, t\u0101p\u0113c nav j\u0101\u0146em v\u0113r\u0101 izm\u0113ru izmai\u0146as. Bie\u017ei vien apstr\u0101di mar\u0137\u0113 ar t\u0101diem tirdzniec\u012bbas nosaukumiem k\u0101 Iridite NCP, SurTec 650 chromitAL vai Alodine. Da\u017e\u0101di procesi rada nedaudz at\u0161\u0137ir\u012bgas pasiv\u0101cijas pl\u0113ves, bet visi tie darbojas k\u0101 aizsardz\u012bba pret koroziju un uzlabo kr\u0101sojam\u012bbu.     <\/p>\n<h3>Standarti<\/h3>\n<ul>\n<li>Milit\u0101r\u0101 specifik\u0101cija, Alum\u012bnija un alum\u012bnija sakaus\u0113jumu \u0137\u012bmisk\u0101s konversijas p\u0101rkl\u0101jumi (MIL-DTL-5541F)<\/li>\n<\/ul>\n<p>Sazinieties ar mums un jaut\u0101jiet par papildu inform\u0101ciju.[\/vc_column_text][\/vc_column][\/vc_row][vc_row css=&#8221;.vc_custom_1717628491247{margin-bottom: 40px !important;}&#8221;][vc_column css=&#8221;.vc_custom_1717628059564{padding-bottom: 20px !important;}&#8221;][vc_column_text css=&#8221;&#8221;]<\/p>\n<h4>Sazinieties ar mums, lai uzzin\u0101tu par iesp\u0113ju sa\u0146emt paraugu.<\/h4>\n<h4>Jaut\u0101jiet vair\u0101k vai iesniedziet piepras\u012bjumu cit\u0101tam<\/h4>\n<p>[\/vc_column_text][vc_row_inner equal_height=&#8221;yes&#8221; gap=&#8221;10&#8243; css=&#8221;.vc_custom_1718821200073{margin-top: 25px !important;}&#8221;][vc_column_inner width=&#8221;1\/5&#8243;]<style type=\"text\/css\" data-type=\"the7_shortcodes-inline-css\">#default-btn-c9e6a893832d815f771616eb83804464.ico-right-side > i {\n  margin-right: 0px;\n  margin-left: 8px;\n}\n#default-btn-c9e6a893832d815f771616eb83804464 > i {\n  margin-right: 8px;\n}<\/style><a href=\"tel:+358106174100\" class=\"default-btn-shortcode dt-btn dt-btn-m link-hover-off ico-right-side btn-inline-left \" id=\"default-btn-c9e6a893832d815f771616eb83804464\" style=\"width:200px;\" title=\"Soita meille\"><span>P\u0101rkl\u0101jumu karst\u0101 l\u012bnija<\/span><i class=\"icomoon-the7-font-the7-phone-05\"><\/i><\/a>[\/vc_column_inner][vc_column_inner width=&#8221;1\/5&#8243;]<style type=\"text\/css\" data-type=\"the7_shortcodes-inline-css\">#default-btn-38402fa57a00de4d2199ce4834b5daf5.ico-right-side > i {\n  margin-right: 0px;\n  margin-left: 8px;\n}\n#default-btn-38402fa57a00de4d2199ce4834b5daf5 > i {\n  margin-right: 8px;\n}<\/style><a href=\"mailto:info@pinnoitushelin.fi?subject=Tarjouspyynt\u00f6\" class=\"default-btn-shortcode dt-btn dt-btn-m link-hover-off ico-right-side btn-inline-left \" id=\"default-btn-38402fa57a00de4d2199ce4834b5daf5\" style=\"width:200px;\" title=\"J\u00e4t\u00e4 tarjouspyynt\u00f6\"><span>Atst\u0101jiet cit\u0101ta piepras\u012bjumu<\/span><i class=\"icomoon-the7-font-the7-mail-01\"><\/i><\/a>[\/vc_column_inner][vc_column_inner width=&#8221;1\/5&#8243;]<style type=\"text\/css\" data-type=\"the7_shortcodes-inline-css\">#default-btn-7da1eff8502044f45f70ac935ddad799.ico-right-side > i {\n  margin-right: 0px;\n  margin-left: 8px;\n}\n#default-btn-7da1eff8502044f45f70ac935ddad799 > i {\n  margin-right: 8px;\n}<\/style><a href=\"\/yhteystiedot\/#yhteydenotto\" class=\"default-btn-shortcode dt-btn dt-btn-m link-hover-off ico-right-side btn-inline-left \" id=\"default-btn-7da1eff8502044f45f70ac935ddad799\" style=\"width:200px;\" title=\"J\u00e4t\u00e4 tarjouspyynt\u00f6\"><span>Sazinieties ar mums<\/span><i class=\"dt-icon-the7-menu-012\"><\/i><\/a>[\/vc_column_inner][vc_column_inner width=&#8221;1\/5&#8243;][\/vc_column_inner][vc_column_inner width=&#8221;1\/5&#8243;][\/vc_column_inner][\/vc_row_inner][\/vc_column][\/vc_row][vc_row][vc_column offset=&#8221;vc_hidden-md vc_hidden-sm vc_hidden-xs&#8221;][vc_empty_space height=&#8221;200px&#8221;][\/vc_column][\/vc_row][vc_row bg_type=&#8221;bg_color&#8221; bg_override=&#8221;full&#8221; css=&#8221;.vc_custom_1719351634384{margin-bottom: -30px !important;}&#8221;][vc_column offset=&#8221;vc_hidden-md vc_hidden-sm vc_hidden-xs&#8221;][vc_single_image image=&#8221;2134&#8243; img_size=&#8221;full&#8221; alignment=&#8221;right&#8221; css=&#8221;.vc_custom_1722244499456{margin-bottom: -125px !important;}&#8221; image_hovers=&#8221;false&#8221;][\/vc_column][\/vc_row][vc_row bg_type=&#8221;bg_color&#8221; bg_override=&#8221;full&#8221; css=&#8221;.vc_custom_1719351634384{margin-bottom: -30px !important;}&#8221;][vc_column offset=&#8221;vc_hidden-lg&#8221;][vc_single_image image=&#8221;2134&#8243; img_size=&#8221;full&#8221; alignment=&#8221;right&#8221; css=&#8221;.vc_custom_1722280218413{margin-bottom: -85px !important;}&#8221; image_hovers=&#8221;false&#8221;][\/vc_column][\/vc_row]<\/p>\n<\/div>","protected":false},"excerpt":{"rendered":"<p>[vc_row equal_height=&#8221;yes&#8221; content_placement=&#8221;middle&#8221; css=&#8221;.vc_custom_1717628348671{margin-bottom: 40px !important;}&#8221;][vc_column width=&#8221;1\/2&#8243; css=&#8221;.vc_custom_1717628091127{padding-bottom: 20px !important;}&#8221;][vc_column_text css=&#8221;&#8221;]Pasiv\u0101cija ir visp\u0101r\u012bgs termins metod\u0113m, kuru m\u0113r\u0137is ir pasiv\u0113t vai pal\u0113nin\u0101t virsmas vai p\u0101rkl\u0101juma reakciju ar vidi. Alum\u012bnija pasiv\u0101ciju pan\u0101k, uz alum\u012bnija virsmas veidojot reakcijas p\u0101rkl\u0101jumu, kas ne\u013cauj sk\u0101beklim rea\u0123\u0113t ar alum\u012bniju. \u0160\u012b metode ir \u012bpa\u0161i piem\u0113rota lietojumiem, kur j\u0101saglab\u0101 alum\u012bnija elektrovad\u012btsp\u0113ja.[\/vc_column_text][\/vc_column][vc_column width=&#8221;1\/2&#8243;][vc_single_image image=&#8221;2004&#8243; img_size=&#8221;large&#8221;&hellip;<\/p>\n","protected":false},"author":3,"featured_media":0,"parent":2837,"menu_order":34,"comment_status":"closed","ping_status":"closed","template":"","meta":{"footnotes":""},"class_list":["post-2913","page","type-page","status-publish","hentry","description-off"],"yoast_head":"<!-- This site is optimized with the Yoast SEO plugin v27.4 - https:\/\/yoast.com\/product\/yoast-seo-wordpress\/ -->\n<title>Alum\u012bnija pasiv\u0101cija - Pinnoitus Helin Oy<\/title>\n<meta name=\"description\" content=\"Alum\u012bnija pasiv\u0101ciju pan\u0101k, veidojot reakcijas p\u0101rkl\u0101jumu uz alum\u012bnija virsmas, kas ne\u013cauj sk\u0101beklim rea\u0123\u0113t ar alum\u012bniju.\" \/>\n<meta name=\"robots\" content=\"index, follow, max-snippet:-1, max-image-preview:large, max-video-preview:-1\" \/>\n<link rel=\"canonical\" href=\"https:\/\/www.pinnoitushelin.fi\/lv\/parklasanas-metodes\/aluminija-pasivacija\/\" \/>\n<meta property=\"og:locale\" content=\"lv_LV\" \/>\n<meta property=\"og:type\" content=\"article\" \/>\n<meta property=\"og:title\" content=\"Alum\u012bnija pasiv\u0101cija - Pinnoitus Helin Oy\" \/>\n<meta property=\"og:description\" content=\"Alum\u012bnija pasiv\u0101ciju pan\u0101k, veidojot reakcijas p\u0101rkl\u0101jumu uz alum\u012bnija virsmas, kas ne\u013cauj sk\u0101beklim rea\u0123\u0113t ar alum\u012bniju.\" \/>\n<meta property=\"og:url\" content=\"https:\/\/www.pinnoitushelin.fi\/lv\/parklasanas-metodes\/aluminija-pasivacija\/\" \/>\n<meta property=\"og:site_name\" content=\"Pinnoitus Helin Oy\" \/>\n<meta property=\"article:modified_time\" content=\"2024-12-09T06:03:24+00:00\" \/>\n<meta name=\"twitter:card\" content=\"summary_large_image\" \/>\n<meta name=\"twitter:label1\" content=\"Est. reading time\" \/>\n\t<meta name=\"twitter:data1\" content=\"2 minutes\" \/>\n<script type=\"application\/ld+json\" class=\"yoast-schema-graph\">{\"@context\":\"https:\\\/\\\/schema.org\",\"@graph\":[{\"@type\":\"WebPage\",\"@id\":\"https:\\\/\\\/www.pinnoitushelin.fi\\\/lv\\\/parklasanas-metodes\\\/aluminija-pasivacija\\\/\",\"url\":\"https:\\\/\\\/www.pinnoitushelin.fi\\\/lv\\\/parklasanas-metodes\\\/aluminija-pasivacija\\\/\",\"name\":\"Alum\u012bnija pasiv\u0101cija - Pinnoitus Helin Oy\",\"isPartOf\":{\"@id\":\"https:\\\/\\\/www.pinnoitushelin.fi\\\/lv\\\/#website\"},\"datePublished\":\"2024-06-19T21:17:16+00:00\",\"dateModified\":\"2024-12-09T06:03:24+00:00\",\"description\":\"Alum\u012bnija pasiv\u0101ciju pan\u0101k, veidojot reakcijas p\u0101rkl\u0101jumu uz alum\u012bnija virsmas, kas ne\u013cauj sk\u0101beklim rea\u0123\u0113t ar alum\u012bniju.\",\"breadcrumb\":{\"@id\":\"https:\\\/\\\/www.pinnoitushelin.fi\\\/lv\\\/parklasanas-metodes\\\/aluminija-pasivacija\\\/#breadcrumb\"},\"inLanguage\":\"lv-LV\",\"potentialAction\":[{\"@type\":\"ReadAction\",\"target\":[\"https:\\\/\\\/www.pinnoitushelin.fi\\\/lv\\\/parklasanas-metodes\\\/aluminija-pasivacija\\\/\"]}]},{\"@type\":\"BreadcrumbList\",\"@id\":\"https:\\\/\\\/www.pinnoitushelin.fi\\\/lv\\\/parklasanas-metodes\\\/aluminija-pasivacija\\\/#breadcrumb\",\"itemListElement\":[{\"@type\":\"ListItem\",\"position\":1,\"name\":\"Etusivu\",\"item\":\"https:\\\/\\\/www.pinnoitushelin.fi\\\/lv\\\/\"},{\"@type\":\"ListItem\",\"position\":2,\"name\":\"P\u0101rkl\u0101\u0161anas metodes\",\"item\":\"https:\\\/\\\/www.pinnoitushelin.fi\\\/lv\\\/parklasanas-metodes\\\/\"},{\"@type\":\"ListItem\",\"position\":3,\"name\":\"Alum\u012bnija pasiv\u0101cija\"}]},{\"@type\":\"WebSite\",\"@id\":\"https:\\\/\\\/www.pinnoitushelin.fi\\\/lv\\\/#website\",\"url\":\"https:\\\/\\\/www.pinnoitushelin.fi\\\/lv\\\/\",\"name\":\"Pinnoitus Helin Oy\",\"description\":\"Teknist\u00e4 pintak\u00e4sittely\u00e4 monipuolisesti ja tasalaatuisesti.\",\"publisher\":{\"@id\":\"https:\\\/\\\/www.pinnoitushelin.fi\\\/lv\\\/#organization\"},\"potentialAction\":[{\"@type\":\"SearchAction\",\"target\":{\"@type\":\"EntryPoint\",\"urlTemplate\":\"https:\\\/\\\/www.pinnoitushelin.fi\\\/lv\\\/?s={search_term_string}\"},\"query-input\":{\"@type\":\"PropertyValueSpecification\",\"valueRequired\":true,\"valueName\":\"search_term_string\"}}],\"inLanguage\":\"lv-LV\"},{\"@type\":\"Organization\",\"@id\":\"https:\\\/\\\/www.pinnoitushelin.fi\\\/lv\\\/#organization\",\"name\":\"Pinnoitus Helin Oy\",\"url\":\"https:\\\/\\\/www.pinnoitushelin.fi\\\/lv\\\/\",\"logo\":{\"@type\":\"ImageObject\",\"inLanguage\":\"lv-LV\",\"@id\":\"https:\\\/\\\/www.pinnoitushelin.fi\\\/lv\\\/#\\\/schema\\\/logo\\\/image\\\/\",\"url\":\"https:\\\/\\\/www.pinnoitushelin.fi\\\/wp-content\\\/uploads\\\/2024\\\/05\\\/logoa.png\",\"contentUrl\":\"https:\\\/\\\/www.pinnoitushelin.fi\\\/wp-content\\\/uploads\\\/2024\\\/05\\\/logoa.png\",\"width\":331,\"height\":105,\"caption\":\"Pinnoitus Helin Oy\"},\"image\":{\"@id\":\"https:\\\/\\\/www.pinnoitushelin.fi\\\/lv\\\/#\\\/schema\\\/logo\\\/image\\\/\"}}]}<\/script>\n<!-- \/ Yoast SEO plugin. -->","yoast_head_json":{"title":"Alum\u012bnija pasiv\u0101cija - Pinnoitus Helin Oy","description":"Alum\u012bnija pasiv\u0101ciju pan\u0101k, veidojot reakcijas p\u0101rkl\u0101jumu uz alum\u012bnija virsmas, kas ne\u013cauj sk\u0101beklim rea\u0123\u0113t ar alum\u012bniju.","robots":{"index":"index","follow":"follow","max-snippet":"max-snippet:-1","max-image-preview":"max-image-preview:large","max-video-preview":"max-video-preview:-1"},"canonical":"https:\/\/www.pinnoitushelin.fi\/lv\/parklasanas-metodes\/aluminija-pasivacija\/","og_locale":"lv_LV","og_type":"article","og_title":"Alum\u012bnija pasiv\u0101cija - Pinnoitus Helin Oy","og_description":"Alum\u012bnija pasiv\u0101ciju pan\u0101k, veidojot reakcijas p\u0101rkl\u0101jumu uz alum\u012bnija virsmas, kas ne\u013cauj sk\u0101beklim rea\u0123\u0113t ar alum\u012bniju.","og_url":"https:\/\/www.pinnoitushelin.fi\/lv\/parklasanas-metodes\/aluminija-pasivacija\/","og_site_name":"Pinnoitus Helin Oy","article_modified_time":"2024-12-09T06:03:24+00:00","twitter_card":"summary_large_image","twitter_misc":{"Est. reading time":"2 minutes"},"schema":{"@context":"https:\/\/schema.org","@graph":[{"@type":"WebPage","@id":"https:\/\/www.pinnoitushelin.fi\/lv\/parklasanas-metodes\/aluminija-pasivacija\/","url":"https:\/\/www.pinnoitushelin.fi\/lv\/parklasanas-metodes\/aluminija-pasivacija\/","name":"Alum\u012bnija pasiv\u0101cija - Pinnoitus Helin Oy","isPartOf":{"@id":"https:\/\/www.pinnoitushelin.fi\/lv\/#website"},"datePublished":"2024-06-19T21:17:16+00:00","dateModified":"2024-12-09T06:03:24+00:00","description":"Alum\u012bnija pasiv\u0101ciju pan\u0101k, veidojot reakcijas p\u0101rkl\u0101jumu uz alum\u012bnija virsmas, kas ne\u013cauj sk\u0101beklim rea\u0123\u0113t ar alum\u012bniju.","breadcrumb":{"@id":"https:\/\/www.pinnoitushelin.fi\/lv\/parklasanas-metodes\/aluminija-pasivacija\/#breadcrumb"},"inLanguage":"lv-LV","potentialAction":[{"@type":"ReadAction","target":["https:\/\/www.pinnoitushelin.fi\/lv\/parklasanas-metodes\/aluminija-pasivacija\/"]}]},{"@type":"BreadcrumbList","@id":"https:\/\/www.pinnoitushelin.fi\/lv\/parklasanas-metodes\/aluminija-pasivacija\/#breadcrumb","itemListElement":[{"@type":"ListItem","position":1,"name":"Etusivu","item":"https:\/\/www.pinnoitushelin.fi\/lv\/"},{"@type":"ListItem","position":2,"name":"P\u0101rkl\u0101\u0161anas metodes","item":"https:\/\/www.pinnoitushelin.fi\/lv\/parklasanas-metodes\/"},{"@type":"ListItem","position":3,"name":"Alum\u012bnija pasiv\u0101cija"}]},{"@type":"WebSite","@id":"https:\/\/www.pinnoitushelin.fi\/lv\/#website","url":"https:\/\/www.pinnoitushelin.fi\/lv\/","name":"Pinnoitus Helin Oy","description":"Teknist\u00e4 pintak\u00e4sittely\u00e4 monipuolisesti ja tasalaatuisesti.","publisher":{"@id":"https:\/\/www.pinnoitushelin.fi\/lv\/#organization"},"potentialAction":[{"@type":"SearchAction","target":{"@type":"EntryPoint","urlTemplate":"https:\/\/www.pinnoitushelin.fi\/lv\/?s={search_term_string}"},"query-input":{"@type":"PropertyValueSpecification","valueRequired":true,"valueName":"search_term_string"}}],"inLanguage":"lv-LV"},{"@type":"Organization","@id":"https:\/\/www.pinnoitushelin.fi\/lv\/#organization","name":"Pinnoitus Helin Oy","url":"https:\/\/www.pinnoitushelin.fi\/lv\/","logo":{"@type":"ImageObject","inLanguage":"lv-LV","@id":"https:\/\/www.pinnoitushelin.fi\/lv\/#\/schema\/logo\/image\/","url":"https:\/\/www.pinnoitushelin.fi\/wp-content\/uploads\/2024\/05\/logoa.png","contentUrl":"https:\/\/www.pinnoitushelin.fi\/wp-content\/uploads\/2024\/05\/logoa.png","width":331,"height":105,"caption":"Pinnoitus Helin Oy"},"image":{"@id":"https:\/\/www.pinnoitushelin.fi\/lv\/#\/schema\/logo\/image\/"}}]}},"_links":{"self":[{"href":"https:\/\/www.pinnoitushelin.fi\/lv\/wp-json\/wp\/v2\/pages\/2913","targetHints":{"allow":["GET"]}}],"collection":[{"href":"https:\/\/www.pinnoitushelin.fi\/lv\/wp-json\/wp\/v2\/pages"}],"about":[{"href":"https:\/\/www.pinnoitushelin.fi\/lv\/wp-json\/wp\/v2\/types\/page"}],"author":[{"embeddable":true,"href":"https:\/\/www.pinnoitushelin.fi\/lv\/wp-json\/wp\/v2\/users\/3"}],"replies":[{"embeddable":true,"href":"https:\/\/www.pinnoitushelin.fi\/lv\/wp-json\/wp\/v2\/comments?post=2913"}],"version-history":[{"count":7,"href":"https:\/\/www.pinnoitushelin.fi\/lv\/wp-json\/wp\/v2\/pages\/2913\/revisions"}],"predecessor-version":[{"id":3314,"href":"https:\/\/www.pinnoitushelin.fi\/lv\/wp-json\/wp\/v2\/pages\/2913\/revisions\/3314"}],"up":[{"embeddable":true,"href":"https:\/\/www.pinnoitushelin.fi\/lv\/wp-json\/wp\/v2\/pages\/2837"}],"wp:attachment":[{"href":"https:\/\/www.pinnoitushelin.fi\/lv\/wp-json\/wp\/v2\/media?parent=2913"}],"curies":[{"name":"wp","href":"https:\/\/api.w.org\/{rel}","templated":true}]}}