{"id":2901,"date":"2024-06-19T23:11:56","date_gmt":"2024-06-19T21:11:56","guid":{"rendered":"https:\/\/www.pinnoitushelin.fi\/parklasanas-panemieni\/karsta-mulcesana\/"},"modified":"2024-07-31T00:51:24","modified_gmt":"2024-07-30T22:51:24","slug":"karsta-mulcesana","status":"publish","type":"page","link":"https:\/\/www.pinnoitushelin.fi\/lv\/parklasanas-metodes\/karsta-mulcesana\/","title":{"rendered":"Karst\u0101 mul\u010d\u0113\u0161ana"},"content":{"rendered":"<div class=\"wpb-content-wrapper\"><p>[vc_row equal_height=&#8221;yes&#8221; content_placement=&#8221;middle&#8221; css=&#8221;.vc_custom_1717628348671{margin-bottom: 40px !important;}&#8221;][vc_column width=&#8221;1\/2&#8243; css=&#8221;.vc_custom_1717628091127{padding-bottom: 20px !important;}&#8221;][vc_column_text css=&#8221;&#8221;]T\u0113rauda karst\u0101 cinko\u0161ana ir \u0137\u012bmiska virsmas apstr\u0101de, ko d\u0113v\u0113 ar\u012b par &#8220;zilin\u0101\u0161anu&#8221; vai &#8220;t\u0113rauda meln\u0101 oks\u012bda p\u0101rkl\u0101jumu&#8221;.<br \/>\nKarstais p\u0101rkl\u0101jums ir konversijas p\u0101rkl\u0101jums, kura pamat\u0101 ir reakcija starp izmantoto \u0137\u012bmisko vielu un apstr\u0101d\u0101jamo virsmu.<br \/>\n\u0160\u012b apstr\u0101de pie\u0161\u0137ir izstr\u0101d\u0101jumam vizu\u0101li izteiksm\u012bgu un nodilumiztur\u012bgu virsmu.<br \/>\nT\u0101 ar\u012b uzlabo izstr\u0101d\u0101juma iztur\u012bbu pret koroziju.[\/vc_column_text][\/vc_column][vc_column width=&#8221;1\/2&#8243;][vc_single_image image=&#8221;1998&#8243; img_size=&#8221;large&#8221; css=&#8221;&#8221;][\/vc_column][\/vc_row][vc_row equal_height=&#8221;yes&#8221; css=&#8221;.vc_custom_1718820603748{margin-bottom: 40px !important;}&#8221;][vc_column css=&#8221;.vc_custom_1717628059564{padding-bottom: 20px !important;}&#8221;][vc_column_text css=&#8221;&#8221;]<\/p>\n<h3>T\u0113rauda karst\u0101 velm\u0113\u0161ana uz\u0146\u0113mum\u0101 Pinnoitus Helin Oy<\/h3>\n<ul>\n<li>Raksturo\u0161ana ar kar\u0101jas un bungas tehniku.<\/li>\n<li>Maksim\u0101lie gabalu izm\u0113ri: 1000x800x300mm, svars 50kg.<\/li>\n<\/ul>\n<h3>Standarti<\/h3>\n<ul>\n<li>Meln\u0101 oks\u012bda p\u0101rkl\u0101jums uz dzelzs un t\u0113rauda (ISO 11408)<\/li>\n<li>P\u0101rkl\u0101jums, oks\u012bds, melns, melnajiem met\u0101liem (MIL DTL 13924)<\/li>\n<li>P\u0101rkl\u0101jums, melnais oks\u012bds (AMS 2485)<\/li>\n<li>Meln\u0101 sint\u0113tisk\u0101 dzelzs oks\u012bda standarta specifik\u0101cija (ASTM D769)<\/li>\n<\/ul>\n<p>P\u0101rkl\u0101jums ir mat\u0113ti melns, neatstarojo\u0161s un vienm\u0113r\u012bgs pa da\u017e\u0101d\u0101m gabala da\u013c\u0101m.<br \/>\nVirsmas biezums ir pl\u0101ns, un karst\u0101 \u0161tanc\u0113\u0161ana ir labi piem\u0113rota izm\u0113ru zi\u0146\u0101 prec\u012bz\u0101m deta\u013c\u0101m.<br \/>\nMelnin\u0101t\u0101 virsma ir poraina, un process tiek pabeigts ar e\u013c\u013cu, lai uzlabotu aizsardz\u012bbu pret koroziju.<\/p>\n<p>Izmantojot t\u0113rauda karst\u0101s melno\u0161anas metodi, m\u0113s varam pal\u012bdz\u0113t jums uzlabot j\u016bsu izstr\u0101d\u0101jumu kvalit\u0101ti.<br \/>\nSazinieties ar mums jau \u0161odien![\/vc_column_text][\/vc_column][\/vc_row][vc_row css=&#8221;.vc_custom_1717628491247{margin-bottom: 40px !important;}&#8221;][vc_column css=&#8221;.vc_custom_1717628059564{padding-bottom: 20px !important;}&#8221;][vc_column_text css=&#8221;&#8221;]<\/p>\n<h4>Sazinieties ar mums, lai uzzin\u0101tu par iesp\u0113ju sa\u0146emt paraugu.<\/h4>\n<h4>Jaut\u0101jiet vair\u0101k vai iesniedziet piepras\u012bjumu cit\u0101tam<\/h4>\n<p>[\/vc_column_text][vc_row_inner equal_height=&#8221;yes&#8221; gap=&#8221;10&#8243; css=&#8221;.vc_custom_1718821200073{margin-top: 25px !important;}&#8221;][vc_column_inner width=&#8221;1\/5&#8243;]<style type=\"text\/css\" data-type=\"the7_shortcodes-inline-css\">#default-btn-c9e6a893832d815f771616eb83804464.ico-right-side > i {\n  margin-right: 0px;\n  margin-left: 8px;\n}\n#default-btn-c9e6a893832d815f771616eb83804464 > i {\n  margin-right: 8px;\n}<\/style><a href=\"tel:+358106174100\" class=\"default-btn-shortcode dt-btn dt-btn-m link-hover-off ico-right-side btn-inline-left \" id=\"default-btn-c9e6a893832d815f771616eb83804464\" style=\"width:200px;\" title=\"Soita meille\"><span>P\u0101rkl\u0101jumu karst\u0101 l\u012bnija<\/span><i class=\"icomoon-the7-font-the7-phone-05\"><\/i><\/a>[\/vc_column_inner][vc_column_inner width=&#8221;1\/5&#8243;]<style type=\"text\/css\" data-type=\"the7_shortcodes-inline-css\">#default-btn-38402fa57a00de4d2199ce4834b5daf5.ico-right-side > i {\n  margin-right: 0px;\n  margin-left: 8px;\n}\n#default-btn-38402fa57a00de4d2199ce4834b5daf5 > i {\n  margin-right: 8px;\n}<\/style><a href=\"mailto:info@pinnoitushelin.fi?subject=Tarjouspyynt\u00f6\" class=\"default-btn-shortcode dt-btn dt-btn-m link-hover-off ico-right-side btn-inline-left \" id=\"default-btn-38402fa57a00de4d2199ce4834b5daf5\" style=\"width:200px;\" title=\"J\u00e4t\u00e4 tarjouspyynt\u00f6\"><span>Pied\u0101v\u0101juma piepras\u012bjums<\/span><i class=\"icomoon-the7-font-the7-mail-01\"><\/i><\/a>[\/vc_column_inner][vc_column_inner width=&#8221;1\/5&#8243;]<style type=\"text\/css\" data-type=\"the7_shortcodes-inline-css\">#default-btn-7da1eff8502044f45f70ac935ddad799.ico-right-side > i {\n  margin-right: 0px;\n  margin-left: 8px;\n}\n#default-btn-7da1eff8502044f45f70ac935ddad799 > i {\n  margin-right: 8px;\n}<\/style><a href=\"\/yhteystiedot\/#yhteydenotto\" class=\"default-btn-shortcode dt-btn dt-btn-m link-hover-off ico-right-side btn-inline-left \" id=\"default-btn-7da1eff8502044f45f70ac935ddad799\" style=\"width:200px;\" title=\"J\u00e4t\u00e4 tarjouspyynt\u00f6\"><span>Sazinieties ar mums<\/span><i class=\"dt-icon-the7-menu-012\"><\/i><\/a>[\/vc_column_inner][vc_column_inner width=&#8221;1\/5&#8243;][\/vc_column_inner][vc_column_inner width=&#8221;1\/5&#8243;][\/vc_column_inner][\/vc_row_inner][\/vc_column][\/vc_row][vc_row][vc_column offset=&#8221;vc_hidden-md vc_hidden-sm vc_hidden-xs&#8221;][vc_empty_space height=&#8221;200px&#8221;][\/vc_column][\/vc_row][vc_row bg_type=&#8221;bg_color&#8221; bg_override=&#8221;full&#8221; css=&#8221;.vc_custom_1719351634384{margin-bottom: -30px !important;}&#8221;][vc_column offset=&#8221;vc_hidden-md vc_hidden-sm vc_hidden-xs&#8221;][vc_single_image image=&#8221;2134&#8243; img_size=&#8221;full&#8221; alignment=&#8221;right&#8221; css=&#8221;.vc_custom_1722244499456{margin-bottom: -125px !important;}&#8221; image_hovers=&#8221;false&#8221;][\/vc_column][\/vc_row][vc_row bg_type=&#8221;bg_color&#8221; bg_override=&#8221;full&#8221; css=&#8221;.vc_custom_1719351634384{margin-bottom: -30px !important;}&#8221;][vc_column offset=&#8221;vc_hidden-lg&#8221;][vc_single_image image=&#8221;2134&#8243; img_size=&#8221;full&#8221; alignment=&#8221;right&#8221; css=&#8221;.vc_custom_1722280218413{margin-bottom: -85px !important;}&#8221; image_hovers=&#8221;false&#8221;][\/vc_column][\/vc_row]<\/p>\n<\/div>","protected":false},"excerpt":{"rendered":"<p>[vc_row equal_height=&#8221;yes&#8221; content_placement=&#8221;middle&#8221; css=&#8221;.vc_custom_1717628348671{margin-bottom: 40px !important;}&#8221;][vc_column width=&#8221;1\/2&#8243; css=&#8221;.vc_custom_1717628091127{padding-bottom: 20px !important;}&#8221;][vc_column_text css=&#8221;&#8221;]T\u0113rauda karst\u0101 cinko\u0161ana ir \u0137\u012bmiska virsmas apstr\u0101de, ko d\u0113v\u0113 ar\u012b par &#8220;zilin\u0101\u0161anu&#8221; vai &#8220;t\u0113rauda meln\u0101 oks\u012bda p\u0101rkl\u0101jumu&#8221;. Karstais p\u0101rkl\u0101jums ir konversijas p\u0101rkl\u0101jums, kura pamat\u0101 ir reakcija starp izmantoto \u0137\u012bmisko vielu un apstr\u0101d\u0101jamo virsmu. \u0160\u012b apstr\u0101de pie\u0161\u0137ir izstr\u0101d\u0101jumam vizu\u0101li izteiksm\u012bgu un nodilumiztur\u012bgu virsmu. T\u0101 ar\u012b uzlabo&hellip;<\/p>\n","protected":false},"author":3,"featured_media":0,"parent":2837,"menu_order":32,"comment_status":"closed","ping_status":"closed","template":"","meta":{"footnotes":""},"class_list":["post-2901","page","type-page","status-publish","hentry","description-off"],"yoast_head":"<!-- This site is optimized with the Yoast SEO plugin v27.4 - https:\/\/yoast.com\/product\/yoast-seo-wordpress\/ -->\n<title>Karst\u0101 mul\u010d\u0113\u0161ana - Pinnoitus Helin Oy<\/title>\n<meta name=\"description\" content=\"T\u0113rauda karst\u0101 cinko\u0161ana ir \u0137\u012bmiska virsmas apstr\u0101de, ko d\u0113v\u0113 ar\u012b par &quot;zilin\u0101\u0161anu&quot; vai &quot;t\u0113rauda meln\u0101 oks\u012bda p\u0101rkl\u0101jumu&quot;.\" \/>\n<meta name=\"robots\" content=\"index, follow, max-snippet:-1, max-image-preview:large, max-video-preview:-1\" \/>\n<link rel=\"canonical\" href=\"https:\/\/www.pinnoitushelin.fi\/lv\/parklasanas-metodes\/karsta-mulcesana\/\" \/>\n<meta property=\"og:locale\" content=\"lv_LV\" \/>\n<meta property=\"og:type\" content=\"article\" \/>\n<meta property=\"og:title\" content=\"Karst\u0101 mul\u010d\u0113\u0161ana - Pinnoitus Helin Oy\" \/>\n<meta property=\"og:description\" content=\"T\u0113rauda karst\u0101 cinko\u0161ana ir \u0137\u012bmiska virsmas apstr\u0101de, ko d\u0113v\u0113 ar\u012b par &quot;zilin\u0101\u0161anu&quot; vai &quot;t\u0113rauda meln\u0101 oks\u012bda p\u0101rkl\u0101jumu&quot;.\" \/>\n<meta property=\"og:url\" content=\"https:\/\/www.pinnoitushelin.fi\/lv\/parklasanas-metodes\/karsta-mulcesana\/\" \/>\n<meta property=\"og:site_name\" content=\"Pinnoitus Helin Oy\" \/>\n<meta property=\"article:modified_time\" content=\"2024-07-30T22:51:24+00:00\" \/>\n<meta name=\"twitter:card\" content=\"summary_large_image\" \/>\n<meta name=\"twitter:label1\" content=\"Est. reading time\" \/>\n\t<meta name=\"twitter:data1\" content=\"2 minutes\" \/>\n<script type=\"application\/ld+json\" class=\"yoast-schema-graph\">{\"@context\":\"https:\\\/\\\/schema.org\",\"@graph\":[{\"@type\":\"WebPage\",\"@id\":\"https:\\\/\\\/www.pinnoitushelin.fi\\\/lv\\\/parklasanas-metodes\\\/karsta-mulcesana\\\/\",\"url\":\"https:\\\/\\\/www.pinnoitushelin.fi\\\/lv\\\/parklasanas-metodes\\\/karsta-mulcesana\\\/\",\"name\":\"Karst\u0101 mul\u010d\u0113\u0161ana - Pinnoitus Helin Oy\",\"isPartOf\":{\"@id\":\"https:\\\/\\\/www.pinnoitushelin.fi\\\/lv\\\/#website\"},\"datePublished\":\"2024-06-19T21:11:56+00:00\",\"dateModified\":\"2024-07-30T22:51:24+00:00\",\"description\":\"T\u0113rauda karst\u0101 cinko\u0161ana ir \u0137\u012bmiska virsmas apstr\u0101de, ko d\u0113v\u0113 ar\u012b par \\\"zilin\u0101\u0161anu\\\" vai \\\"t\u0113rauda meln\u0101 oks\u012bda p\u0101rkl\u0101jumu\\\".\",\"breadcrumb\":{\"@id\":\"https:\\\/\\\/www.pinnoitushelin.fi\\\/lv\\\/parklasanas-metodes\\\/karsta-mulcesana\\\/#breadcrumb\"},\"inLanguage\":\"lv-LV\",\"potentialAction\":[{\"@type\":\"ReadAction\",\"target\":[\"https:\\\/\\\/www.pinnoitushelin.fi\\\/lv\\\/parklasanas-metodes\\\/karsta-mulcesana\\\/\"]}]},{\"@type\":\"BreadcrumbList\",\"@id\":\"https:\\\/\\\/www.pinnoitushelin.fi\\\/lv\\\/parklasanas-metodes\\\/karsta-mulcesana\\\/#breadcrumb\",\"itemListElement\":[{\"@type\":\"ListItem\",\"position\":1,\"name\":\"Etusivu\",\"item\":\"https:\\\/\\\/www.pinnoitushelin.fi\\\/lv\\\/\"},{\"@type\":\"ListItem\",\"position\":2,\"name\":\"P\u0101rkl\u0101\u0161anas metodes\",\"item\":\"https:\\\/\\\/www.pinnoitushelin.fi\\\/lv\\\/parklasanas-metodes\\\/\"},{\"@type\":\"ListItem\",\"position\":3,\"name\":\"Karst\u0101 mul\u010d\u0113\u0161ana\"}]},{\"@type\":\"WebSite\",\"@id\":\"https:\\\/\\\/www.pinnoitushelin.fi\\\/lv\\\/#website\",\"url\":\"https:\\\/\\\/www.pinnoitushelin.fi\\\/lv\\\/\",\"name\":\"Pinnoitus Helin Oy\",\"description\":\"Teknist\u00e4 pintak\u00e4sittely\u00e4 monipuolisesti ja tasalaatuisesti.\",\"publisher\":{\"@id\":\"https:\\\/\\\/www.pinnoitushelin.fi\\\/lv\\\/#organization\"},\"potentialAction\":[{\"@type\":\"SearchAction\",\"target\":{\"@type\":\"EntryPoint\",\"urlTemplate\":\"https:\\\/\\\/www.pinnoitushelin.fi\\\/lv\\\/?s={search_term_string}\"},\"query-input\":{\"@type\":\"PropertyValueSpecification\",\"valueRequired\":true,\"valueName\":\"search_term_string\"}}],\"inLanguage\":\"lv-LV\"},{\"@type\":\"Organization\",\"@id\":\"https:\\\/\\\/www.pinnoitushelin.fi\\\/lv\\\/#organization\",\"name\":\"Pinnoitus Helin Oy\",\"url\":\"https:\\\/\\\/www.pinnoitushelin.fi\\\/lv\\\/\",\"logo\":{\"@type\":\"ImageObject\",\"inLanguage\":\"lv-LV\",\"@id\":\"https:\\\/\\\/www.pinnoitushelin.fi\\\/lv\\\/#\\\/schema\\\/logo\\\/image\\\/\",\"url\":\"https:\\\/\\\/www.pinnoitushelin.fi\\\/wp-content\\\/uploads\\\/2024\\\/05\\\/logoa.png\",\"contentUrl\":\"https:\\\/\\\/www.pinnoitushelin.fi\\\/wp-content\\\/uploads\\\/2024\\\/05\\\/logoa.png\",\"width\":331,\"height\":105,\"caption\":\"Pinnoitus Helin Oy\"},\"image\":{\"@id\":\"https:\\\/\\\/www.pinnoitushelin.fi\\\/lv\\\/#\\\/schema\\\/logo\\\/image\\\/\"}}]}<\/script>\n<!-- \/ Yoast SEO plugin. -->","yoast_head_json":{"title":"Karst\u0101 mul\u010d\u0113\u0161ana - Pinnoitus Helin Oy","description":"T\u0113rauda karst\u0101 cinko\u0161ana ir \u0137\u012bmiska virsmas apstr\u0101de, ko d\u0113v\u0113 ar\u012b par \"zilin\u0101\u0161anu\" vai \"t\u0113rauda meln\u0101 oks\u012bda p\u0101rkl\u0101jumu\".","robots":{"index":"index","follow":"follow","max-snippet":"max-snippet:-1","max-image-preview":"max-image-preview:large","max-video-preview":"max-video-preview:-1"},"canonical":"https:\/\/www.pinnoitushelin.fi\/lv\/parklasanas-metodes\/karsta-mulcesana\/","og_locale":"lv_LV","og_type":"article","og_title":"Karst\u0101 mul\u010d\u0113\u0161ana - Pinnoitus Helin Oy","og_description":"T\u0113rauda karst\u0101 cinko\u0161ana ir \u0137\u012bmiska virsmas apstr\u0101de, ko d\u0113v\u0113 ar\u012b par \"zilin\u0101\u0161anu\" vai \"t\u0113rauda meln\u0101 oks\u012bda p\u0101rkl\u0101jumu\".","og_url":"https:\/\/www.pinnoitushelin.fi\/lv\/parklasanas-metodes\/karsta-mulcesana\/","og_site_name":"Pinnoitus Helin Oy","article_modified_time":"2024-07-30T22:51:24+00:00","twitter_card":"summary_large_image","twitter_misc":{"Est. reading time":"2 minutes"},"schema":{"@context":"https:\/\/schema.org","@graph":[{"@type":"WebPage","@id":"https:\/\/www.pinnoitushelin.fi\/lv\/parklasanas-metodes\/karsta-mulcesana\/","url":"https:\/\/www.pinnoitushelin.fi\/lv\/parklasanas-metodes\/karsta-mulcesana\/","name":"Karst\u0101 mul\u010d\u0113\u0161ana - Pinnoitus Helin Oy","isPartOf":{"@id":"https:\/\/www.pinnoitushelin.fi\/lv\/#website"},"datePublished":"2024-06-19T21:11:56+00:00","dateModified":"2024-07-30T22:51:24+00:00","description":"T\u0113rauda karst\u0101 cinko\u0161ana ir \u0137\u012bmiska virsmas apstr\u0101de, ko d\u0113v\u0113 ar\u012b par \"zilin\u0101\u0161anu\" vai \"t\u0113rauda meln\u0101 oks\u012bda p\u0101rkl\u0101jumu\".","breadcrumb":{"@id":"https:\/\/www.pinnoitushelin.fi\/lv\/parklasanas-metodes\/karsta-mulcesana\/#breadcrumb"},"inLanguage":"lv-LV","potentialAction":[{"@type":"ReadAction","target":["https:\/\/www.pinnoitushelin.fi\/lv\/parklasanas-metodes\/karsta-mulcesana\/"]}]},{"@type":"BreadcrumbList","@id":"https:\/\/www.pinnoitushelin.fi\/lv\/parklasanas-metodes\/karsta-mulcesana\/#breadcrumb","itemListElement":[{"@type":"ListItem","position":1,"name":"Etusivu","item":"https:\/\/www.pinnoitushelin.fi\/lv\/"},{"@type":"ListItem","position":2,"name":"P\u0101rkl\u0101\u0161anas metodes","item":"https:\/\/www.pinnoitushelin.fi\/lv\/parklasanas-metodes\/"},{"@type":"ListItem","position":3,"name":"Karst\u0101 mul\u010d\u0113\u0161ana"}]},{"@type":"WebSite","@id":"https:\/\/www.pinnoitushelin.fi\/lv\/#website","url":"https:\/\/www.pinnoitushelin.fi\/lv\/","name":"Pinnoitus Helin Oy","description":"Teknist\u00e4 pintak\u00e4sittely\u00e4 monipuolisesti ja tasalaatuisesti.","publisher":{"@id":"https:\/\/www.pinnoitushelin.fi\/lv\/#organization"},"potentialAction":[{"@type":"SearchAction","target":{"@type":"EntryPoint","urlTemplate":"https:\/\/www.pinnoitushelin.fi\/lv\/?s={search_term_string}"},"query-input":{"@type":"PropertyValueSpecification","valueRequired":true,"valueName":"search_term_string"}}],"inLanguage":"lv-LV"},{"@type":"Organization","@id":"https:\/\/www.pinnoitushelin.fi\/lv\/#organization","name":"Pinnoitus Helin Oy","url":"https:\/\/www.pinnoitushelin.fi\/lv\/","logo":{"@type":"ImageObject","inLanguage":"lv-LV","@id":"https:\/\/www.pinnoitushelin.fi\/lv\/#\/schema\/logo\/image\/","url":"https:\/\/www.pinnoitushelin.fi\/wp-content\/uploads\/2024\/05\/logoa.png","contentUrl":"https:\/\/www.pinnoitushelin.fi\/wp-content\/uploads\/2024\/05\/logoa.png","width":331,"height":105,"caption":"Pinnoitus Helin Oy"},"image":{"@id":"https:\/\/www.pinnoitushelin.fi\/lv\/#\/schema\/logo\/image\/"}}]}},"_links":{"self":[{"href":"https:\/\/www.pinnoitushelin.fi\/lv\/wp-json\/wp\/v2\/pages\/2901","targetHints":{"allow":["GET"]}}],"collection":[{"href":"https:\/\/www.pinnoitushelin.fi\/lv\/wp-json\/wp\/v2\/pages"}],"about":[{"href":"https:\/\/www.pinnoitushelin.fi\/lv\/wp-json\/wp\/v2\/types\/page"}],"author":[{"embeddable":true,"href":"https:\/\/www.pinnoitushelin.fi\/lv\/wp-json\/wp\/v2\/users\/3"}],"replies":[{"embeddable":true,"href":"https:\/\/www.pinnoitushelin.fi\/lv\/wp-json\/wp\/v2\/comments?post=2901"}],"version-history":[{"count":3,"href":"https:\/\/www.pinnoitushelin.fi\/lv\/wp-json\/wp\/v2\/pages\/2901\/revisions"}],"predecessor-version":[{"id":3215,"href":"https:\/\/www.pinnoitushelin.fi\/lv\/wp-json\/wp\/v2\/pages\/2901\/revisions\/3215"}],"up":[{"embeddable":true,"href":"https:\/\/www.pinnoitushelin.fi\/lv\/wp-json\/wp\/v2\/pages\/2837"}],"wp:attachment":[{"href":"https:\/\/www.pinnoitushelin.fi\/lv\/wp-json\/wp\/v2\/media?parent=2901"}],"curies":[{"name":"wp","href":"https:\/\/api.w.org\/{rel}","templated":true}]}}