{"id":2895,"date":"2024-06-19T23:08:22","date_gmt":"2024-06-19T21:08:22","guid":{"rendered":"https:\/\/www.pinnoitushelin.fi\/parklasanas-panemieni\/cieta-anodesana\/"},"modified":"2024-07-31T00:50:50","modified_gmt":"2024-07-30T22:50:50","slug":"cieta-anodesana","status":"publish","type":"page","link":"https:\/\/www.pinnoitushelin.fi\/lv\/parklasanas-metodes\/cieta-anodesana\/","title":{"rendered":"Ciet\u0101 anod\u0113\u0161ana"},"content":{"rendered":"<div class=\"wpb-content-wrapper\"><p>[vc_row equal_height=&#8221;yes&#8221; content_placement=&#8221;middle&#8221; css=&#8221;.vc_custom_1717628348671{margin-bottom: 40px !important;}&#8221;][vc_column width=&#8221;1\/2&#8243; css=&#8221;.vc_custom_1717628091127{padding-bottom: 20px !important;}&#8221;][vc_column_text css=&#8221;&#8221;]Ciet\u0101 anod\u0113\u0161ana ir lielisks veids, k\u0101 palielin\u0101t izstr\u0101d\u0101juma nodilumiztur\u012bbu.<br \/>\nCiet\u0101 anod\u0113\u0161ana veido cietu un \u013coti bl\u012bvu anod\u0113\u0161anas sl\u0101ni uz alum\u012bnija virsmas.<br \/>\nVirsma ir \u013coti iztur\u012bga pret nodilumu, un t\u0101s berzi var v\u0113l vair\u0101k samazin\u0101t, izmantojot ptfe bl\u012bv\u0113jumu.[\/vc_column_text][\/vc_column][vc_column width=&#8221;1\/2&#8243;][vc_single_image image=&#8221;1995&#8243; img_size=&#8221;large&#8221; css=&#8221;&#8221;][\/vc_column][\/vc_row][vc_row equal_height=&#8221;yes&#8221; css=&#8221;.vc_custom_1718820603748{margin-bottom: 40px !important;}&#8221;][vc_column css=&#8221;.vc_custom_1717628059564{padding-bottom: 20px !important;}&#8221;][vc_column_text css=&#8221;&#8221;]<\/p>\n<h3>Ciet\u0101 anod\u0113\u0161ana ir nodilumiztur\u012bgs risin\u0101jums<\/h3>\n<p>Ciet\u0101 anod\u0113\u0161ana b\u016btu j\u0101apsver k\u0101 alternat\u012bva parastajai anod\u0113\u0161anai gad\u012bjumos, kad ir probl\u0113mas ar nodilumu.<br \/>\nAtkar\u012bb\u0101 no alum\u012bnija \u0161\u0137iras un sl\u0101\u0146a biezuma ieg\u016bt\u0101 virsma ir tum\u0161a, \u013coti cieta un garant\u0113ti nodilumiztur\u012bga.<\/p>\n<h3>Standarti:<\/h3>\n<ul>\n<li>Alum\u012bnija un t\u0101 sakaus\u0113jumu anod\u0113\u0161ana &#8211; Ciet\u0101s oksid\u0113\u0161anas specifik\u0101cija (ISO 10074:2021)<\/li>\n<\/ul>\n<p>Sazinieties ar mums un pas\u016btiet cieto anod\u0113\u0161anu no Pinnoitus Helin Oy.[\/vc_column_text][\/vc_column][\/vc_row][vc_row css=&#8221;.vc_custom_1717628491247{margin-bottom: 40px !important;}&#8221;][vc_column css=&#8221;.vc_custom_1717628059564{padding-bottom: 20px !important;}&#8221;][vc_column_text css=&#8221;&#8221;]<\/p>\n<h4>Sazinieties ar mums, lai uzzin\u0101tu par iesp\u0113ju sa\u0146emt paraugu.<\/h4>\n<h4>Jaut\u0101jiet vair\u0101k vai iesniedziet piepras\u012bjumu cit\u0101tam<\/h4>\n<p>[\/vc_column_text][vc_row_inner equal_height=&#8221;yes&#8221; gap=&#8221;10&#8243; css=&#8221;.vc_custom_1718821200073{margin-top: 25px !important;}&#8221;][vc_column_inner width=&#8221;1\/5&#8243;]<style type=\"text\/css\" data-type=\"the7_shortcodes-inline-css\">#default-btn-c9e6a893832d815f771616eb83804464.ico-right-side > i {\n  margin-right: 0px;\n  margin-left: 8px;\n}\n#default-btn-c9e6a893832d815f771616eb83804464 > i {\n  margin-right: 8px;\n}<\/style><a href=\"tel:+358106174100\" class=\"default-btn-shortcode dt-btn dt-btn-m link-hover-off ico-right-side btn-inline-left \" id=\"default-btn-c9e6a893832d815f771616eb83804464\" style=\"width:200px;\" title=\"Soita meille\"><span>P\u0101rkl\u0101jumu karst\u0101 l\u012bnija<\/span><i class=\"icomoon-the7-font-the7-phone-05\"><\/i><\/a>[\/vc_column_inner][vc_column_inner width=&#8221;1\/5&#8243;]<style type=\"text\/css\" data-type=\"the7_shortcodes-inline-css\">#default-btn-38402fa57a00de4d2199ce4834b5daf5.ico-right-side > i {\n  margin-right: 0px;\n  margin-left: 8px;\n}\n#default-btn-38402fa57a00de4d2199ce4834b5daf5 > i {\n  margin-right: 8px;\n}<\/style><a href=\"mailto:info@pinnoitushelin.fi?subject=Tarjouspyynt\u00f6\" class=\"default-btn-shortcode dt-btn dt-btn-m link-hover-off ico-right-side btn-inline-left \" id=\"default-btn-38402fa57a00de4d2199ce4834b5daf5\" style=\"width:200px;\" title=\"J\u00e4t\u00e4 tarjouspyynt\u00f6\"><span>Pied\u0101v\u0101juma piepras\u012bjums<\/span><i class=\"icomoon-the7-font-the7-mail-01\"><\/i><\/a>[\/vc_column_inner][vc_column_inner width=&#8221;1\/5&#8243;]<style type=\"text\/css\" data-type=\"the7_shortcodes-inline-css\">#default-btn-7da1eff8502044f45f70ac935ddad799.ico-right-side > i {\n  margin-right: 0px;\n  margin-left: 8px;\n}\n#default-btn-7da1eff8502044f45f70ac935ddad799 > i {\n  margin-right: 8px;\n}<\/style><a href=\"\/yhteystiedot\/#yhteydenotto\" class=\"default-btn-shortcode dt-btn dt-btn-m link-hover-off ico-right-side btn-inline-left \" id=\"default-btn-7da1eff8502044f45f70ac935ddad799\" style=\"width:200px;\" title=\"J\u00e4t\u00e4 tarjouspyynt\u00f6\"><span>Sazinieties ar mums<\/span><i class=\"dt-icon-the7-menu-012\"><\/i><\/a>[\/vc_column_inner][vc_column_inner width=&#8221;1\/5&#8243;][\/vc_column_inner][vc_column_inner width=&#8221;1\/5&#8243;][\/vc_column_inner][\/vc_row_inner][\/vc_column][\/vc_row][vc_row][vc_column offset=&#8221;vc_hidden-md vc_hidden-sm vc_hidden-xs&#8221;][vc_empty_space height=&#8221;300px&#8221;][\/vc_column][\/vc_row][vc_row bg_type=&#8221;bg_color&#8221; bg_override=&#8221;full&#8221; css=&#8221;.vc_custom_1719351634384{margin-bottom: -30px !important;}&#8221;][vc_column offset=&#8221;vc_hidden-md vc_hidden-sm vc_hidden-xs&#8221;][vc_single_image image=&#8221;2134&#8243; img_size=&#8221;full&#8221; alignment=&#8221;right&#8221; css=&#8221;.vc_custom_1722244499456{margin-bottom: -125px !important;}&#8221; image_hovers=&#8221;false&#8221;][\/vc_column][\/vc_row][vc_row bg_type=&#8221;bg_color&#8221; bg_override=&#8221;full&#8221; css=&#8221;.vc_custom_1719351634384{margin-bottom: -30px !important;}&#8221;][vc_column offset=&#8221;vc_hidden-lg&#8221;][vc_single_image image=&#8221;2134&#8243; img_size=&#8221;full&#8221; alignment=&#8221;right&#8221; css=&#8221;.vc_custom_1722280218413{margin-bottom: -85px !important;}&#8221; image_hovers=&#8221;false&#8221;][\/vc_column][\/vc_row]<\/p>\n<\/div>","protected":false},"excerpt":{"rendered":"<p>[vc_row equal_height=&#8221;yes&#8221; content_placement=&#8221;middle&#8221; css=&#8221;.vc_custom_1717628348671{margin-bottom: 40px !important;}&#8221;][vc_column width=&#8221;1\/2&#8243; css=&#8221;.vc_custom_1717628091127{padding-bottom: 20px !important;}&#8221;][vc_column_text css=&#8221;&#8221;]Ciet\u0101 anod\u0113\u0161ana ir lielisks veids, k\u0101 palielin\u0101t izstr\u0101d\u0101juma nodilumiztur\u012bbu. Ciet\u0101 anod\u0113\u0161ana veido cietu un \u013coti bl\u012bvu anod\u0113\u0161anas sl\u0101ni uz alum\u012bnija virsmas. Virsma ir \u013coti iztur\u012bga pret nodilumu, un t\u0101s berzi var v\u0113l vair\u0101k samazin\u0101t, izmantojot ptfe bl\u012bv\u0113jumu.[\/vc_column_text][\/vc_column][vc_column width=&#8221;1\/2&#8243;][vc_single_image image=&#8221;1995&#8243; img_size=&#8221;large&#8221; css=&#8221;&#8221;][\/vc_column][\/vc_row][vc_row equal_height=&#8221;yes&#8221; css=&#8221;.vc_custom_1718820603748{margin-bottom: 40px !important;}&#8221;][vc_column&hellip;<\/p>\n","protected":false},"author":3,"featured_media":0,"parent":2837,"menu_order":31,"comment_status":"closed","ping_status":"closed","template":"","meta":{"footnotes":""},"class_list":["post-2895","page","type-page","status-publish","hentry","description-off"],"yoast_head":"<!-- This site is optimized with the Yoast SEO plugin v27.4 - https:\/\/yoast.com\/product\/yoast-seo-wordpress\/ -->\n<title>Ciet\u0101 anod\u0113\u0161ana - Pinnoitus Helin Oy<\/title>\n<meta name=\"description\" content=\"Ciet\u0101 anod\u0113\u0161ana ir lielisks veids, k\u0101 palielin\u0101t izstr\u0101d\u0101juma nodilumiztur\u012bbu. Ciet\u0101 anod\u0113\u0161ana veido cietu un \u013coti bl\u012bvu anod\u0113\u0161anas sl\u0101ni uz alum\u012bnija virsmas.\" \/>\n<meta name=\"robots\" content=\"index, follow, max-snippet:-1, max-image-preview:large, max-video-preview:-1\" \/>\n<link rel=\"canonical\" href=\"https:\/\/www.pinnoitushelin.fi\/lv\/parklasanas-metodes\/cieta-anodesana\/\" \/>\n<meta property=\"og:locale\" content=\"lv_LV\" \/>\n<meta property=\"og:type\" content=\"article\" \/>\n<meta property=\"og:title\" content=\"Ciet\u0101 anod\u0113\u0161ana - Pinnoitus Helin Oy\" \/>\n<meta property=\"og:description\" content=\"Ciet\u0101 anod\u0113\u0161ana ir lielisks veids, k\u0101 palielin\u0101t izstr\u0101d\u0101juma nodilumiztur\u012bbu. Ciet\u0101 anod\u0113\u0161ana veido cietu un \u013coti bl\u012bvu anod\u0113\u0161anas sl\u0101ni uz alum\u012bnija virsmas.\" \/>\n<meta property=\"og:url\" content=\"https:\/\/www.pinnoitushelin.fi\/lv\/parklasanas-metodes\/cieta-anodesana\/\" \/>\n<meta property=\"og:site_name\" content=\"Pinnoitus Helin Oy\" \/>\n<meta property=\"article:modified_time\" content=\"2024-07-30T22:50:50+00:00\" \/>\n<meta name=\"twitter:card\" content=\"summary_large_image\" \/>\n<meta name=\"twitter:label1\" content=\"Est. reading time\" \/>\n\t<meta name=\"twitter:data1\" content=\"2 minutes\" \/>\n<script type=\"application\/ld+json\" class=\"yoast-schema-graph\">{\"@context\":\"https:\\\/\\\/schema.org\",\"@graph\":[{\"@type\":\"WebPage\",\"@id\":\"https:\\\/\\\/www.pinnoitushelin.fi\\\/lv\\\/parklasanas-metodes\\\/cieta-anodesana\\\/\",\"url\":\"https:\\\/\\\/www.pinnoitushelin.fi\\\/lv\\\/parklasanas-metodes\\\/cieta-anodesana\\\/\",\"name\":\"Ciet\u0101 anod\u0113\u0161ana - Pinnoitus Helin Oy\",\"isPartOf\":{\"@id\":\"https:\\\/\\\/www.pinnoitushelin.fi\\\/lv\\\/#website\"},\"datePublished\":\"2024-06-19T21:08:22+00:00\",\"dateModified\":\"2024-07-30T22:50:50+00:00\",\"description\":\"Ciet\u0101 anod\u0113\u0161ana ir lielisks veids, k\u0101 palielin\u0101t izstr\u0101d\u0101juma nodilumiztur\u012bbu. Ciet\u0101 anod\u0113\u0161ana veido cietu un \u013coti bl\u012bvu anod\u0113\u0161anas sl\u0101ni uz alum\u012bnija virsmas.\",\"breadcrumb\":{\"@id\":\"https:\\\/\\\/www.pinnoitushelin.fi\\\/lv\\\/parklasanas-metodes\\\/cieta-anodesana\\\/#breadcrumb\"},\"inLanguage\":\"lv-LV\",\"potentialAction\":[{\"@type\":\"ReadAction\",\"target\":[\"https:\\\/\\\/www.pinnoitushelin.fi\\\/lv\\\/parklasanas-metodes\\\/cieta-anodesana\\\/\"]}]},{\"@type\":\"BreadcrumbList\",\"@id\":\"https:\\\/\\\/www.pinnoitushelin.fi\\\/lv\\\/parklasanas-metodes\\\/cieta-anodesana\\\/#breadcrumb\",\"itemListElement\":[{\"@type\":\"ListItem\",\"position\":1,\"name\":\"Etusivu\",\"item\":\"https:\\\/\\\/www.pinnoitushelin.fi\\\/lv\\\/\"},{\"@type\":\"ListItem\",\"position\":2,\"name\":\"P\u0101rkl\u0101\u0161anas metodes\",\"item\":\"https:\\\/\\\/www.pinnoitushelin.fi\\\/lv\\\/parklasanas-metodes\\\/\"},{\"@type\":\"ListItem\",\"position\":3,\"name\":\"Ciet\u0101 anod\u0113\u0161ana\"}]},{\"@type\":\"WebSite\",\"@id\":\"https:\\\/\\\/www.pinnoitushelin.fi\\\/lv\\\/#website\",\"url\":\"https:\\\/\\\/www.pinnoitushelin.fi\\\/lv\\\/\",\"name\":\"Pinnoitus Helin Oy\",\"description\":\"Teknist\u00e4 pintak\u00e4sittely\u00e4 monipuolisesti ja tasalaatuisesti.\",\"publisher\":{\"@id\":\"https:\\\/\\\/www.pinnoitushelin.fi\\\/lv\\\/#organization\"},\"potentialAction\":[{\"@type\":\"SearchAction\",\"target\":{\"@type\":\"EntryPoint\",\"urlTemplate\":\"https:\\\/\\\/www.pinnoitushelin.fi\\\/lv\\\/?s={search_term_string}\"},\"query-input\":{\"@type\":\"PropertyValueSpecification\",\"valueRequired\":true,\"valueName\":\"search_term_string\"}}],\"inLanguage\":\"lv-LV\"},{\"@type\":\"Organization\",\"@id\":\"https:\\\/\\\/www.pinnoitushelin.fi\\\/lv\\\/#organization\",\"name\":\"Pinnoitus Helin Oy\",\"url\":\"https:\\\/\\\/www.pinnoitushelin.fi\\\/lv\\\/\",\"logo\":{\"@type\":\"ImageObject\",\"inLanguage\":\"lv-LV\",\"@id\":\"https:\\\/\\\/www.pinnoitushelin.fi\\\/lv\\\/#\\\/schema\\\/logo\\\/image\\\/\",\"url\":\"https:\\\/\\\/www.pinnoitushelin.fi\\\/wp-content\\\/uploads\\\/2024\\\/05\\\/logoa.png\",\"contentUrl\":\"https:\\\/\\\/www.pinnoitushelin.fi\\\/wp-content\\\/uploads\\\/2024\\\/05\\\/logoa.png\",\"width\":331,\"height\":105,\"caption\":\"Pinnoitus Helin Oy\"},\"image\":{\"@id\":\"https:\\\/\\\/www.pinnoitushelin.fi\\\/lv\\\/#\\\/schema\\\/logo\\\/image\\\/\"}}]}<\/script>\n<!-- \/ Yoast SEO plugin. -->","yoast_head_json":{"title":"Ciet\u0101 anod\u0113\u0161ana - Pinnoitus Helin Oy","description":"Ciet\u0101 anod\u0113\u0161ana ir lielisks veids, k\u0101 palielin\u0101t izstr\u0101d\u0101juma nodilumiztur\u012bbu. Ciet\u0101 anod\u0113\u0161ana veido cietu un \u013coti bl\u012bvu anod\u0113\u0161anas sl\u0101ni uz alum\u012bnija virsmas.","robots":{"index":"index","follow":"follow","max-snippet":"max-snippet:-1","max-image-preview":"max-image-preview:large","max-video-preview":"max-video-preview:-1"},"canonical":"https:\/\/www.pinnoitushelin.fi\/lv\/parklasanas-metodes\/cieta-anodesana\/","og_locale":"lv_LV","og_type":"article","og_title":"Ciet\u0101 anod\u0113\u0161ana - Pinnoitus Helin Oy","og_description":"Ciet\u0101 anod\u0113\u0161ana ir lielisks veids, k\u0101 palielin\u0101t izstr\u0101d\u0101juma nodilumiztur\u012bbu. Ciet\u0101 anod\u0113\u0161ana veido cietu un \u013coti bl\u012bvu anod\u0113\u0161anas sl\u0101ni uz alum\u012bnija virsmas.","og_url":"https:\/\/www.pinnoitushelin.fi\/lv\/parklasanas-metodes\/cieta-anodesana\/","og_site_name":"Pinnoitus Helin Oy","article_modified_time":"2024-07-30T22:50:50+00:00","twitter_card":"summary_large_image","twitter_misc":{"Est. reading time":"2 minutes"},"schema":{"@context":"https:\/\/schema.org","@graph":[{"@type":"WebPage","@id":"https:\/\/www.pinnoitushelin.fi\/lv\/parklasanas-metodes\/cieta-anodesana\/","url":"https:\/\/www.pinnoitushelin.fi\/lv\/parklasanas-metodes\/cieta-anodesana\/","name":"Ciet\u0101 anod\u0113\u0161ana - Pinnoitus Helin Oy","isPartOf":{"@id":"https:\/\/www.pinnoitushelin.fi\/lv\/#website"},"datePublished":"2024-06-19T21:08:22+00:00","dateModified":"2024-07-30T22:50:50+00:00","description":"Ciet\u0101 anod\u0113\u0161ana ir lielisks veids, k\u0101 palielin\u0101t izstr\u0101d\u0101juma nodilumiztur\u012bbu. Ciet\u0101 anod\u0113\u0161ana veido cietu un \u013coti bl\u012bvu anod\u0113\u0161anas sl\u0101ni uz alum\u012bnija virsmas.","breadcrumb":{"@id":"https:\/\/www.pinnoitushelin.fi\/lv\/parklasanas-metodes\/cieta-anodesana\/#breadcrumb"},"inLanguage":"lv-LV","potentialAction":[{"@type":"ReadAction","target":["https:\/\/www.pinnoitushelin.fi\/lv\/parklasanas-metodes\/cieta-anodesana\/"]}]},{"@type":"BreadcrumbList","@id":"https:\/\/www.pinnoitushelin.fi\/lv\/parklasanas-metodes\/cieta-anodesana\/#breadcrumb","itemListElement":[{"@type":"ListItem","position":1,"name":"Etusivu","item":"https:\/\/www.pinnoitushelin.fi\/lv\/"},{"@type":"ListItem","position":2,"name":"P\u0101rkl\u0101\u0161anas metodes","item":"https:\/\/www.pinnoitushelin.fi\/lv\/parklasanas-metodes\/"},{"@type":"ListItem","position":3,"name":"Ciet\u0101 anod\u0113\u0161ana"}]},{"@type":"WebSite","@id":"https:\/\/www.pinnoitushelin.fi\/lv\/#website","url":"https:\/\/www.pinnoitushelin.fi\/lv\/","name":"Pinnoitus Helin Oy","description":"Teknist\u00e4 pintak\u00e4sittely\u00e4 monipuolisesti ja tasalaatuisesti.","publisher":{"@id":"https:\/\/www.pinnoitushelin.fi\/lv\/#organization"},"potentialAction":[{"@type":"SearchAction","target":{"@type":"EntryPoint","urlTemplate":"https:\/\/www.pinnoitushelin.fi\/lv\/?s={search_term_string}"},"query-input":{"@type":"PropertyValueSpecification","valueRequired":true,"valueName":"search_term_string"}}],"inLanguage":"lv-LV"},{"@type":"Organization","@id":"https:\/\/www.pinnoitushelin.fi\/lv\/#organization","name":"Pinnoitus Helin Oy","url":"https:\/\/www.pinnoitushelin.fi\/lv\/","logo":{"@type":"ImageObject","inLanguage":"lv-LV","@id":"https:\/\/www.pinnoitushelin.fi\/lv\/#\/schema\/logo\/image\/","url":"https:\/\/www.pinnoitushelin.fi\/wp-content\/uploads\/2024\/05\/logoa.png","contentUrl":"https:\/\/www.pinnoitushelin.fi\/wp-content\/uploads\/2024\/05\/logoa.png","width":331,"height":105,"caption":"Pinnoitus Helin Oy"},"image":{"@id":"https:\/\/www.pinnoitushelin.fi\/lv\/#\/schema\/logo\/image\/"}}]}},"_links":{"self":[{"href":"https:\/\/www.pinnoitushelin.fi\/lv\/wp-json\/wp\/v2\/pages\/2895","targetHints":{"allow":["GET"]}}],"collection":[{"href":"https:\/\/www.pinnoitushelin.fi\/lv\/wp-json\/wp\/v2\/pages"}],"about":[{"href":"https:\/\/www.pinnoitushelin.fi\/lv\/wp-json\/wp\/v2\/types\/page"}],"author":[{"embeddable":true,"href":"https:\/\/www.pinnoitushelin.fi\/lv\/wp-json\/wp\/v2\/users\/3"}],"replies":[{"embeddable":true,"href":"https:\/\/www.pinnoitushelin.fi\/lv\/wp-json\/wp\/v2\/comments?post=2895"}],"version-history":[{"count":3,"href":"https:\/\/www.pinnoitushelin.fi\/lv\/wp-json\/wp\/v2\/pages\/2895\/revisions"}],"predecessor-version":[{"id":3214,"href":"https:\/\/www.pinnoitushelin.fi\/lv\/wp-json\/wp\/v2\/pages\/2895\/revisions\/3214"}],"up":[{"embeddable":true,"href":"https:\/\/www.pinnoitushelin.fi\/lv\/wp-json\/wp\/v2\/pages\/2837"}],"wp:attachment":[{"href":"https:\/\/www.pinnoitushelin.fi\/lv\/wp-json\/wp\/v2\/media?parent=2895"}],"curies":[{"name":"wp","href":"https:\/\/api.w.org\/{rel}","templated":true}]}}