{"id":2890,"date":"2024-06-19T23:05:03","date_gmt":"2024-06-19T21:05:03","guid":{"rendered":"https:\/\/www.pinnoitushelin.fi\/parklasanas-panemieni\/anodesana\/"},"modified":"2024-07-31T00:50:14","modified_gmt":"2024-07-30T22:50:14","slug":"anodesana","status":"publish","type":"page","link":"https:\/\/www.pinnoitushelin.fi\/lv\/parklasanas-metodes\/anodesana\/","title":{"rendered":"Anod\u0113\u0161ana"},"content":{"rendered":"<div class=\"wpb-content-wrapper\"><p>[vc_row equal_height=&#8221;yes&#8221; content_placement=&#8221;middle&#8221; css=&#8221;.vc_custom_1717628348671{margin-bottom: 40px !important;}&#8221;][vc_column width=&#8221;1\/2&#8243; css=&#8221;.vc_custom_1717628091127{padding-bottom: 20px !important;}&#8221;][vc_column_text css=&#8221;&#8221;]Alum\u012bnijs ir met\u0101ls, ko parasti izmanto da\u017e\u0101dos veidos.<br \/>\nTas ir viegls, iztur\u012bgs un pietiekami iztur\u012bgs pret koroziju pat bez virsmas apstr\u0101des.<br \/>\nAnod\u0113\u0161ana palielina alum\u012bnija iztur\u012bbu pret koroziju, k\u0101 ar\u012b p\u0101rveido izstr\u0101d\u0101juma izskatu da\u017e\u0101d\u0101s kr\u0101s\u0101s.<br \/>\nOks\u012bda sl\u0101nis ir ar\u012b \u013coti ciets un nodro\u0161ina labu virsmu pret nodilumu, vienlaikus saglab\u0101jot met\u0101la pat\u012bkamo dabisko izskatu.<br \/>\nAnod\u0113tais sl\u0101nis ir ar\u012b labs elektriskais izolators.<br \/>\nAnod\u0113\u0161anu sauc ar\u012b par anod\u0113\u0161anu.[\/vc_column_text][\/vc_column][vc_column width=&#8221;1\/2&#8243;][vc_single_image image=&#8221;1991&#8243; img_size=&#8221;large&#8221; css=&#8221;&#8221;][\/vc_column][\/vc_row][vc_row equal_height=&#8221;yes&#8221; css=&#8221;.vc_custom_1718820603748{margin-bottom: 40px !important;}&#8221;][vc_column css=&#8221;.vc_custom_1717628059564{padding-bottom: 20px !important;}&#8221;][vc_column_text css=&#8221;&#8221;]Alum\u012bnija pasiv\u0101cija ir reakcijas p\u0101rkl\u0101jums, kas iev\u0113rojami uzlabo alum\u012bnija iztur\u012bbu pret koroziju.<br \/>\nTurkl\u0101t pasiv\u0101cija nodro\u0161ina labu elektrisko kontaktu un ir labs pamatp\u0101rkl\u0101jums kr\u0101so\u0161anai.<\/p>\n<h3>Standarti:<\/h3>\n<ul>\n<li>Alum\u012bnija un t\u0101 sakaus\u0113jumu anod\u0113\u0161ana (ISO 7599:2018)<\/li>\n<li>Alum\u012bnija un t\u0101 sakaus\u0113jumu anod\u0113\u0161ana &#8211; Ciet\u0101s oksid\u0113\u0161anas specifik\u0101cija (ISO 10074:2021)<\/li>\n<li>Alum\u012bnija un alum\u012bnija sakaus\u0113jumu anodiskie p\u0101rkl\u0101jumi (MIL-A-8625F)<\/li>\n<li>ASTM D3933, Alum\u012bnija virsmu sagatavo\u0161ana konstrukciju adhez\u012bvu l\u012bm\u0113\u0161anai (fosforsk\u0101bes anod\u0113\u0161ana)<\/li>\n<\/ul>\n<h3>Anod\u0113\u0161ana un pasiv\u0101cija uz\u0146\u0113mum\u0101 Pinnoitus Helin Oy<\/h3>\n<ul>\n<li>S\u0113rsk\u0101bes anod\u0113\u0161ana, vair\u0101kas kr\u0101sas<\/li>\n<li>Ciet\u0101 anod\u0113\u0161ana<\/li>\n<li>Fosforsk\u0101bes anod\u0113\u0161ana<\/li>\n<li>PTFE bl\u012bv\u0113jums<\/li>\n<li>Irid\u012bts NCP<\/li>\n<\/ul>\n<p>[\/vc_column_text][\/vc_column][\/vc_row][vc_row equal_height=&#8221;yes&#8221; content_placement=&#8221;middle&#8221; css=&#8221;.vc_custom_1717628348671{margin-bottom: 40px !important;}&#8221;][vc_column width=&#8221;1\/2&#8243; css=&#8221;.vc_custom_1717628091127{padding-bottom: 20px !important;}&#8221;][vc_column_text css=&#8221;&#8221;]Da\u017e\u0101d\u0101s anod\u0113\u0161anas metodes (s\u0113rsk\u0101bes un sk\u0101be\u0146sk\u0101bes un ciet\u0101 anod\u0113\u0161ana) galvenok\u0101rt at\u0161\u0137iras ar poru diametru, kas veidojas sl\u0101\u0146a aug\u0161anas laik\u0101.<br \/>\nMaz\u0101ks poru izm\u0113rs noz\u012bm\u0113 liel\u0101ku alum\u012bnija oks\u012bda daudzumu un t\u0101d\u0113j\u0101di ciet\u0101ku p\u0101rkl\u0101jumu.<br \/>\nNo otras puses, virsmas porain\u012bbu var izmantot, infiltr\u0113jot, piem\u0113ram, da\u017e\u0101das kr\u0101sas vai PTFE da\u013ci\u0146as.<br \/>\nViegli iesp\u0113jama ar\u012b oksid\u0113t\u0101s virsmas metaliz\u0101cija (piem\u0113ram, ar bezelektrol\u012btisku ni\u0137eli).<br \/>\nAtkar\u012bb\u0101 no apstr\u0101des met\u0101la virsmu var elektriski savienot vai atvienot no pamatmateri\u0101la.<br \/>\nTipisks pielietojums ir ar\u012b nosaukumu pl\u0101ksn\u012b\u0161u izgatavo\u0161ana, izmantojot sietspiedi vai digit\u0101los printerus uz anod\u0113t\u0101s virsmas.[\/vc_column_text][\/vc_column][vc_column width=&#8221;1\/2&#8243;][vc_single_image image=&#8221;1992&#8243; img_size=&#8221;large&#8221; css=&#8221;&#8221;][\/vc_column][\/vc_row][vc_row css=&#8221;.vc_custom_1717628491247{margin-bottom: 40px !important;}&#8221;][vc_column css=&#8221;.vc_custom_1717628059564{padding-bottom: 20px !important;}&#8221;][vc_column_text css=&#8221;&#8221;]<\/p>\n<h4>Sazinieties ar mums, lai uzzin\u0101tu par iesp\u0113ju sa\u0146emt paraugu.<\/h4>\n<h4>Jaut\u0101jiet vair\u0101k vai iesniedziet piepras\u012bjumu cit\u0101tam<\/h4>\n<p>[\/vc_column_text][vc_row_inner equal_height=&#8221;yes&#8221; gap=&#8221;10&#8243; css=&#8221;.vc_custom_1718821200073{margin-top: 25px !important;}&#8221;][vc_column_inner width=&#8221;1\/5&#8243;]<style type=\"text\/css\" data-type=\"the7_shortcodes-inline-css\">#default-btn-c9e6a893832d815f771616eb83804464.ico-right-side > i {\n  margin-right: 0px;\n  margin-left: 8px;\n}\n#default-btn-c9e6a893832d815f771616eb83804464 > i {\n  margin-right: 8px;\n}<\/style><a href=\"tel:+358106174100\" class=\"default-btn-shortcode dt-btn dt-btn-m link-hover-off ico-right-side btn-inline-left \" id=\"default-btn-c9e6a893832d815f771616eb83804464\" style=\"width:200px;\" title=\"Soita meille\"><span>P\u0101rkl\u0101jumu karst\u0101 l\u012bnija<\/span><i class=\"icomoon-the7-font-the7-phone-05\"><\/i><\/a>[\/vc_column_inner][vc_column_inner width=&#8221;1\/5&#8243;]<style type=\"text\/css\" data-type=\"the7_shortcodes-inline-css\">#default-btn-38402fa57a00de4d2199ce4834b5daf5.ico-right-side > i {\n  margin-right: 0px;\n  margin-left: 8px;\n}\n#default-btn-38402fa57a00de4d2199ce4834b5daf5 > i {\n  margin-right: 8px;\n}<\/style><a href=\"mailto:info@pinnoitushelin.fi?subject=Tarjouspyynt\u00f6\" class=\"default-btn-shortcode dt-btn dt-btn-m link-hover-off ico-right-side btn-inline-left \" id=\"default-btn-38402fa57a00de4d2199ce4834b5daf5\" style=\"width:200px;\" title=\"J\u00e4t\u00e4 tarjouspyynt\u00f6\"><span>Pied\u0101v\u0101juma piepras\u012bjums<\/span><i class=\"icomoon-the7-font-the7-mail-01\"><\/i><\/a>[\/vc_column_inner][vc_column_inner width=&#8221;1\/5&#8243;]<style type=\"text\/css\" data-type=\"the7_shortcodes-inline-css\">#default-btn-7da1eff8502044f45f70ac935ddad799.ico-right-side > i {\n  margin-right: 0px;\n  margin-left: 8px;\n}\n#default-btn-7da1eff8502044f45f70ac935ddad799 > i {\n  margin-right: 8px;\n}<\/style><a href=\"\/yhteystiedot\/#yhteydenotto\" class=\"default-btn-shortcode dt-btn dt-btn-m link-hover-off ico-right-side btn-inline-left \" id=\"default-btn-7da1eff8502044f45f70ac935ddad799\" style=\"width:200px;\" title=\"J\u00e4t\u00e4 tarjouspyynt\u00f6\"><span>Sazinieties ar mums<\/span><i class=\"dt-icon-the7-menu-012\"><\/i><\/a>[\/vc_column_inner][vc_column_inner width=&#8221;1\/5&#8243;][\/vc_column_inner][vc_column_inner width=&#8221;1\/5&#8243;][\/vc_column_inner][\/vc_row_inner][\/vc_column][\/vc_row][vc_row bg_type=&#8221;bg_color&#8221; bg_override=&#8221;full&#8221; css=&#8221;.vc_custom_1719351634384{margin-bottom: -30px !important;}&#8221;][vc_column offset=&#8221;vc_hidden-md vc_hidden-sm vc_hidden-xs&#8221;][vc_single_image image=&#8221;2134&#8243; img_size=&#8221;full&#8221; alignment=&#8221;right&#8221; css=&#8221;.vc_custom_1722244499456{margin-bottom: -125px !important;}&#8221; image_hovers=&#8221;false&#8221;][\/vc_column][\/vc_row][vc_row bg_type=&#8221;bg_color&#8221; bg_override=&#8221;full&#8221; css=&#8221;.vc_custom_1719351634384{margin-bottom: -30px !important;}&#8221;][vc_column offset=&#8221;vc_hidden-lg&#8221;][vc_single_image image=&#8221;2134&#8243; img_size=&#8221;full&#8221; alignment=&#8221;right&#8221; css=&#8221;.vc_custom_1722280218413{margin-bottom: -85px !important;}&#8221; image_hovers=&#8221;false&#8221;][\/vc_column][\/vc_row]<\/p>\n<\/div>","protected":false},"excerpt":{"rendered":"<p>[vc_row equal_height=&#8221;yes&#8221; content_placement=&#8221;middle&#8221; css=&#8221;.vc_custom_1717628348671{margin-bottom: 40px !important;}&#8221;][vc_column width=&#8221;1\/2&#8243; css=&#8221;.vc_custom_1717628091127{padding-bottom: 20px !important;}&#8221;][vc_column_text css=&#8221;&#8221;]Alum\u012bnijs ir met\u0101ls, ko parasti izmanto da\u017e\u0101dos veidos. Tas ir viegls, iztur\u012bgs un pietiekami iztur\u012bgs pret koroziju pat bez virsmas apstr\u0101des. Anod\u0113\u0161ana palielina alum\u012bnija iztur\u012bbu pret koroziju, k\u0101 ar\u012b p\u0101rveido izstr\u0101d\u0101juma izskatu da\u017e\u0101d\u0101s kr\u0101s\u0101s. Oks\u012bda sl\u0101nis ir ar\u012b \u013coti ciets un nodro\u0161ina labu virsmu pret&hellip;<\/p>\n","protected":false},"author":3,"featured_media":0,"parent":2837,"menu_order":30,"comment_status":"closed","ping_status":"closed","template":"","meta":{"footnotes":""},"class_list":["post-2890","page","type-page","status-publish","hentry","description-off"],"yoast_head":"<!-- This site is optimized with the Yoast SEO plugin v27.4 - https:\/\/yoast.com\/product\/yoast-seo-wordpress\/ -->\n<title>Anod\u0113\u0161ana - Pinnoitus Helin Oy<\/title>\n<meta name=\"description\" content=\"Anod\u0113\u0161ana palielina alum\u012bnija iztur\u012bbu pret koroziju, k\u0101 ar\u012b izmaina izstr\u0101d\u0101juma izskatu da\u017e\u0101d\u0101s kr\u0101s\u0101s. Oks\u012bda sl\u0101nis ir ar\u012b \u013coti ciets un nodro\u0161ina labu virsmu pret nodilumu,\" \/>\n<meta name=\"robots\" content=\"index, follow, max-snippet:-1, max-image-preview:large, max-video-preview:-1\" \/>\n<link rel=\"canonical\" href=\"https:\/\/www.pinnoitushelin.fi\/lv\/parklasanas-metodes\/anodesana\/\" \/>\n<meta property=\"og:locale\" content=\"lv_LV\" \/>\n<meta property=\"og:type\" content=\"article\" \/>\n<meta property=\"og:title\" content=\"Anod\u0113\u0161ana - Pinnoitus Helin Oy\" \/>\n<meta property=\"og:description\" content=\"Anod\u0113\u0161ana palielina alum\u012bnija iztur\u012bbu pret koroziju, k\u0101 ar\u012b izmaina izstr\u0101d\u0101juma izskatu da\u017e\u0101d\u0101s kr\u0101s\u0101s. Oks\u012bda sl\u0101nis ir ar\u012b \u013coti ciets un nodro\u0161ina labu virsmu pret nodilumu,\" \/>\n<meta property=\"og:url\" content=\"https:\/\/www.pinnoitushelin.fi\/lv\/parklasanas-metodes\/anodesana\/\" \/>\n<meta property=\"og:site_name\" content=\"Pinnoitus Helin Oy\" \/>\n<meta property=\"article:modified_time\" content=\"2024-07-30T22:50:14+00:00\" \/>\n<meta name=\"twitter:card\" content=\"summary_large_image\" \/>\n<meta name=\"twitter:label1\" content=\"Est. reading time\" \/>\n\t<meta name=\"twitter:data1\" content=\"3 minutes\" \/>\n<script type=\"application\/ld+json\" class=\"yoast-schema-graph\">{\"@context\":\"https:\\\/\\\/schema.org\",\"@graph\":[{\"@type\":\"WebPage\",\"@id\":\"https:\\\/\\\/www.pinnoitushelin.fi\\\/lv\\\/parklasanas-metodes\\\/anodesana\\\/\",\"url\":\"https:\\\/\\\/www.pinnoitushelin.fi\\\/lv\\\/parklasanas-metodes\\\/anodesana\\\/\",\"name\":\"Anod\u0113\u0161ana - Pinnoitus Helin Oy\",\"isPartOf\":{\"@id\":\"https:\\\/\\\/www.pinnoitushelin.fi\\\/lv\\\/#website\"},\"datePublished\":\"2024-06-19T21:05:03+00:00\",\"dateModified\":\"2024-07-30T22:50:14+00:00\",\"description\":\"Anod\u0113\u0161ana palielina alum\u012bnija iztur\u012bbu pret koroziju, k\u0101 ar\u012b izmaina izstr\u0101d\u0101juma izskatu da\u017e\u0101d\u0101s kr\u0101s\u0101s. Oks\u012bda sl\u0101nis ir ar\u012b \u013coti ciets un nodro\u0161ina labu virsmu pret nodilumu,\",\"breadcrumb\":{\"@id\":\"https:\\\/\\\/www.pinnoitushelin.fi\\\/lv\\\/parklasanas-metodes\\\/anodesana\\\/#breadcrumb\"},\"inLanguage\":\"lv-LV\",\"potentialAction\":[{\"@type\":\"ReadAction\",\"target\":[\"https:\\\/\\\/www.pinnoitushelin.fi\\\/lv\\\/parklasanas-metodes\\\/anodesana\\\/\"]}]},{\"@type\":\"BreadcrumbList\",\"@id\":\"https:\\\/\\\/www.pinnoitushelin.fi\\\/lv\\\/parklasanas-metodes\\\/anodesana\\\/#breadcrumb\",\"itemListElement\":[{\"@type\":\"ListItem\",\"position\":1,\"name\":\"Etusivu\",\"item\":\"https:\\\/\\\/www.pinnoitushelin.fi\\\/lv\\\/\"},{\"@type\":\"ListItem\",\"position\":2,\"name\":\"P\u0101rkl\u0101\u0161anas metodes\",\"item\":\"https:\\\/\\\/www.pinnoitushelin.fi\\\/lv\\\/parklasanas-metodes\\\/\"},{\"@type\":\"ListItem\",\"position\":3,\"name\":\"Anod\u0113\u0161ana\"}]},{\"@type\":\"WebSite\",\"@id\":\"https:\\\/\\\/www.pinnoitushelin.fi\\\/lv\\\/#website\",\"url\":\"https:\\\/\\\/www.pinnoitushelin.fi\\\/lv\\\/\",\"name\":\"Pinnoitus Helin Oy\",\"description\":\"Teknist\u00e4 pintak\u00e4sittely\u00e4 monipuolisesti ja tasalaatuisesti.\",\"publisher\":{\"@id\":\"https:\\\/\\\/www.pinnoitushelin.fi\\\/lv\\\/#organization\"},\"potentialAction\":[{\"@type\":\"SearchAction\",\"target\":{\"@type\":\"EntryPoint\",\"urlTemplate\":\"https:\\\/\\\/www.pinnoitushelin.fi\\\/lv\\\/?s={search_term_string}\"},\"query-input\":{\"@type\":\"PropertyValueSpecification\",\"valueRequired\":true,\"valueName\":\"search_term_string\"}}],\"inLanguage\":\"lv-LV\"},{\"@type\":\"Organization\",\"@id\":\"https:\\\/\\\/www.pinnoitushelin.fi\\\/lv\\\/#organization\",\"name\":\"Pinnoitus Helin Oy\",\"url\":\"https:\\\/\\\/www.pinnoitushelin.fi\\\/lv\\\/\",\"logo\":{\"@type\":\"ImageObject\",\"inLanguage\":\"lv-LV\",\"@id\":\"https:\\\/\\\/www.pinnoitushelin.fi\\\/lv\\\/#\\\/schema\\\/logo\\\/image\\\/\",\"url\":\"https:\\\/\\\/www.pinnoitushelin.fi\\\/wp-content\\\/uploads\\\/2024\\\/05\\\/logoa.png\",\"contentUrl\":\"https:\\\/\\\/www.pinnoitushelin.fi\\\/wp-content\\\/uploads\\\/2024\\\/05\\\/logoa.png\",\"width\":331,\"height\":105,\"caption\":\"Pinnoitus Helin Oy\"},\"image\":{\"@id\":\"https:\\\/\\\/www.pinnoitushelin.fi\\\/lv\\\/#\\\/schema\\\/logo\\\/image\\\/\"}}]}<\/script>\n<!-- \/ Yoast SEO plugin. -->","yoast_head_json":{"title":"Anod\u0113\u0161ana - Pinnoitus Helin Oy","description":"Anod\u0113\u0161ana palielina alum\u012bnija iztur\u012bbu pret koroziju, k\u0101 ar\u012b izmaina izstr\u0101d\u0101juma izskatu da\u017e\u0101d\u0101s kr\u0101s\u0101s. Oks\u012bda sl\u0101nis ir ar\u012b \u013coti ciets un nodro\u0161ina labu virsmu pret nodilumu,","robots":{"index":"index","follow":"follow","max-snippet":"max-snippet:-1","max-image-preview":"max-image-preview:large","max-video-preview":"max-video-preview:-1"},"canonical":"https:\/\/www.pinnoitushelin.fi\/lv\/parklasanas-metodes\/anodesana\/","og_locale":"lv_LV","og_type":"article","og_title":"Anod\u0113\u0161ana - Pinnoitus Helin Oy","og_description":"Anod\u0113\u0161ana palielina alum\u012bnija iztur\u012bbu pret koroziju, k\u0101 ar\u012b izmaina izstr\u0101d\u0101juma izskatu da\u017e\u0101d\u0101s kr\u0101s\u0101s. Oks\u012bda sl\u0101nis ir ar\u012b \u013coti ciets un nodro\u0161ina labu virsmu pret nodilumu,","og_url":"https:\/\/www.pinnoitushelin.fi\/lv\/parklasanas-metodes\/anodesana\/","og_site_name":"Pinnoitus Helin Oy","article_modified_time":"2024-07-30T22:50:14+00:00","twitter_card":"summary_large_image","twitter_misc":{"Est. reading time":"3 minutes"},"schema":{"@context":"https:\/\/schema.org","@graph":[{"@type":"WebPage","@id":"https:\/\/www.pinnoitushelin.fi\/lv\/parklasanas-metodes\/anodesana\/","url":"https:\/\/www.pinnoitushelin.fi\/lv\/parklasanas-metodes\/anodesana\/","name":"Anod\u0113\u0161ana - Pinnoitus Helin Oy","isPartOf":{"@id":"https:\/\/www.pinnoitushelin.fi\/lv\/#website"},"datePublished":"2024-06-19T21:05:03+00:00","dateModified":"2024-07-30T22:50:14+00:00","description":"Anod\u0113\u0161ana palielina alum\u012bnija iztur\u012bbu pret koroziju, k\u0101 ar\u012b izmaina izstr\u0101d\u0101juma izskatu da\u017e\u0101d\u0101s kr\u0101s\u0101s. Oks\u012bda sl\u0101nis ir ar\u012b \u013coti ciets un nodro\u0161ina labu virsmu pret nodilumu,","breadcrumb":{"@id":"https:\/\/www.pinnoitushelin.fi\/lv\/parklasanas-metodes\/anodesana\/#breadcrumb"},"inLanguage":"lv-LV","potentialAction":[{"@type":"ReadAction","target":["https:\/\/www.pinnoitushelin.fi\/lv\/parklasanas-metodes\/anodesana\/"]}]},{"@type":"BreadcrumbList","@id":"https:\/\/www.pinnoitushelin.fi\/lv\/parklasanas-metodes\/anodesana\/#breadcrumb","itemListElement":[{"@type":"ListItem","position":1,"name":"Etusivu","item":"https:\/\/www.pinnoitushelin.fi\/lv\/"},{"@type":"ListItem","position":2,"name":"P\u0101rkl\u0101\u0161anas metodes","item":"https:\/\/www.pinnoitushelin.fi\/lv\/parklasanas-metodes\/"},{"@type":"ListItem","position":3,"name":"Anod\u0113\u0161ana"}]},{"@type":"WebSite","@id":"https:\/\/www.pinnoitushelin.fi\/lv\/#website","url":"https:\/\/www.pinnoitushelin.fi\/lv\/","name":"Pinnoitus Helin Oy","description":"Teknist\u00e4 pintak\u00e4sittely\u00e4 monipuolisesti ja tasalaatuisesti.","publisher":{"@id":"https:\/\/www.pinnoitushelin.fi\/lv\/#organization"},"potentialAction":[{"@type":"SearchAction","target":{"@type":"EntryPoint","urlTemplate":"https:\/\/www.pinnoitushelin.fi\/lv\/?s={search_term_string}"},"query-input":{"@type":"PropertyValueSpecification","valueRequired":true,"valueName":"search_term_string"}}],"inLanguage":"lv-LV"},{"@type":"Organization","@id":"https:\/\/www.pinnoitushelin.fi\/lv\/#organization","name":"Pinnoitus Helin Oy","url":"https:\/\/www.pinnoitushelin.fi\/lv\/","logo":{"@type":"ImageObject","inLanguage":"lv-LV","@id":"https:\/\/www.pinnoitushelin.fi\/lv\/#\/schema\/logo\/image\/","url":"https:\/\/www.pinnoitushelin.fi\/wp-content\/uploads\/2024\/05\/logoa.png","contentUrl":"https:\/\/www.pinnoitushelin.fi\/wp-content\/uploads\/2024\/05\/logoa.png","width":331,"height":105,"caption":"Pinnoitus Helin Oy"},"image":{"@id":"https:\/\/www.pinnoitushelin.fi\/lv\/#\/schema\/logo\/image\/"}}]}},"_links":{"self":[{"href":"https:\/\/www.pinnoitushelin.fi\/lv\/wp-json\/wp\/v2\/pages\/2890","targetHints":{"allow":["GET"]}}],"collection":[{"href":"https:\/\/www.pinnoitushelin.fi\/lv\/wp-json\/wp\/v2\/pages"}],"about":[{"href":"https:\/\/www.pinnoitushelin.fi\/lv\/wp-json\/wp\/v2\/types\/page"}],"author":[{"embeddable":true,"href":"https:\/\/www.pinnoitushelin.fi\/lv\/wp-json\/wp\/v2\/users\/3"}],"replies":[{"embeddable":true,"href":"https:\/\/www.pinnoitushelin.fi\/lv\/wp-json\/wp\/v2\/comments?post=2890"}],"version-history":[{"count":3,"href":"https:\/\/www.pinnoitushelin.fi\/lv\/wp-json\/wp\/v2\/pages\/2890\/revisions"}],"predecessor-version":[{"id":3213,"href":"https:\/\/www.pinnoitushelin.fi\/lv\/wp-json\/wp\/v2\/pages\/2890\/revisions\/3213"}],"up":[{"embeddable":true,"href":"https:\/\/www.pinnoitushelin.fi\/lv\/wp-json\/wp\/v2\/pages\/2837"}],"wp:attachment":[{"href":"https:\/\/www.pinnoitushelin.fi\/lv\/wp-json\/wp\/v2\/media?parent=2890"}],"curies":[{"name":"wp","href":"https:\/\/api.w.org\/{rel}","templated":true}]}}