{"id":2885,"date":"2024-06-19T22:54:07","date_gmt":"2024-06-19T20:54:07","guid":{"rendered":"https:\/\/www.pinnoitushelin.fi\/parklasanas-panemieni\/vara-parklajums\/"},"modified":"2024-07-31T00:49:22","modified_gmt":"2024-07-30T22:49:22","slug":"vara-parklajums","status":"publish","type":"page","link":"https:\/\/www.pinnoitushelin.fi\/lv\/parklasanas-metodes\/vara-parklajums\/","title":{"rendered":"Vara p\u0101rkl\u0101jums"},"content":{"rendered":"<div class=\"wpb-content-wrapper\"><p>[vc_row equal_height=&#8221;yes&#8221; content_placement=&#8221;middle&#8221; css=&#8221;.vc_custom_1717628348671{margin-bottom: 40px !important;}&#8221;][vc_column width=&#8221;1\/2&#8243; css=&#8221;.vc_custom_1717628091127{padding-bottom: 20px !important;}&#8221;][vc_column_text css=&#8221;&#8221;]Vara p\u0101rkl\u0101jums \u013cauj apstr\u0101d\u0101t daudzu da\u017e\u0101du veidu met\u0101la virsmas. Turkl\u0101t da\u017eos gad\u012bjumos vara p\u0101rkl\u0101jums ir nepiecie\u0161ams, lai nodro\u0161in\u0101tu pareizu adh\u0113ziju. Var\u0161 tiek izmantots iev\u0113rojam\u0101 daudzum\u0101 iespiedsh\u0113mu pla\u0161u r\u016bpniec\u012bb\u0101, k\u0101 RF p\u0101rkl\u0101jums telekomunik\u0101ciju deta\u013c\u0101s un k\u0101 papildu aizsardz\u012bba pret koroziju ni\u0137e\u013ca-hroma deta\u013c\u0101s. P\u0101rkl\u0101jums nov\u0113r\u0161 da\u017e\u0101du deta\u013cu salip\u0161anu vai auksto metin\u0101\u0161anu. Turkl\u0101t vara p\u0101rkl\u0101jums sk\u0101bes vann\u0101 izl\u012bdzina skr\u0101p\u0113jumus un apstr\u0101des p\u0113das.[\/vc_column_text][\/vc_column][vc_column width=&#8221;1\/2&#8243;][vc_single_image image=&#8221;1982&#8243; img_size=&#8221;large&#8221; css=&#8221;&#8221;][\/vc_column][\/vc_row][vc_row equal_height=&#8221;yes&#8221; css=&#8221;.vc_custom_1718820603748{margin-bottom: 40px !important;}&#8221;][vc_column css=&#8221;.vc_custom_1717628059564{padding-bottom: 20px !important;}&#8221;][vc_column_text css=&#8221;&#8221;]<\/p>\n<h3>Pinnoitus Helin Oy vara p\u0101rkl\u0101jumu risin\u0101jumi<\/h3>\n<ul>\n<li>Vannas tips: bez s\u0101rmaina cian\u012bda<\/li>\n<li>Vara p\u0101rkl\u0101jums k\u0101 bungas un kulona apstr\u0101de<\/li>\n<li>Maksim\u0101lie gabalu izm\u0113ri: 2700x900x250 mm<\/li>\n<li>P\u0101rkl\u0101jamie materi\u0101li: alum\u012bnijs, var\u0161, t\u0113rauds un to sakaus\u0113jumi.<\/li>\n<\/ul>\n<p>Vara galvaniz\u0101ciju parasti veic, izmantojot atsevi\u0161\u0137u vara galvaniz\u0101cijas vannu. Atbilsto\u0161u vannas veidu izv\u0113las atkar\u012bb\u0101 no pielietojuma. Cian\u012bda tipa vannas, kas joproj\u0101m atbilst LPTP ieteikumiem, ir, iesp\u0113jams, visbie\u017e\u0101k izmantot\u0101s, bet ne lab\u0101k\u0101s. Tos da\u013c\u0113ji var aizst\u0101t ar s\u0101rmain\u0101m bezcian\u012bdu s\u0113klas gultn\u0113m, kas samazina kait\u0113jumu videi. Sk\u0101bes vanna joproj\u0101m ir vispopul\u0101r\u0101k\u0101 savu \u012bpa\u0161\u012bbu d\u0113\u013c. Tom\u0113r tas nav tie\u0161i piem\u0113rots visiem materi\u0101liem. Ar\u012b lietojumprogrammas izvirza savas pras\u012bbas, izv\u0113loties vannas veidu.<\/p>\n<h3>Standarti<\/h3>\n<ul>\n<li>Standarta specifik\u0101cija elektrol\u012btiski p\u0101rkl\u0101ta vara izmanto\u0161anai in\u017eenierzin\u0101tn\u0113s (ASTM B734 &#8211; 97)<\/li>\n<\/ul>\n<p>[\/vc_column_text][\/vc_column][\/vc_row][vc_row css=&#8221;.vc_custom_1717628491247{margin-bottom: 40px !important;}&#8221;][vc_column css=&#8221;.vc_custom_1717628059564{padding-bottom: 20px !important;}&#8221;][vc_column_text css=&#8221;&#8221;]<\/p>\n<h4>Sazinieties ar mums, lai uzzin\u0101tu par iesp\u0113ju sa\u0146emt paraugu.<\/h4>\n<h4>Jaut\u0101jiet vair\u0101k vai iesniedziet piepras\u012bjumu cit\u0101tam<\/h4>\n<p>[\/vc_column_text][vc_row_inner equal_height=&#8221;yes&#8221; gap=&#8221;10&#8243; css=&#8221;.vc_custom_1718821200073{margin-top: 25px !important;}&#8221;][vc_column_inner width=&#8221;1\/5&#8243;]<style type=\"text\/css\" data-type=\"the7_shortcodes-inline-css\">#default-btn-c9e6a893832d815f771616eb83804464.ico-right-side > i {\n  margin-right: 0px;\n  margin-left: 8px;\n}\n#default-btn-c9e6a893832d815f771616eb83804464 > i {\n  margin-right: 8px;\n}<\/style><a href=\"tel:+358106174100\" class=\"default-btn-shortcode dt-btn dt-btn-m link-hover-off ico-right-side btn-inline-left \" id=\"default-btn-c9e6a893832d815f771616eb83804464\" style=\"width:200px;\" title=\"Soita meille\"><span>P\u0101rkl\u0101jumu karst\u0101 l\u012bnija<\/span><i class=\"icomoon-the7-font-the7-phone-05\"><\/i><\/a>[\/vc_column_inner][vc_column_inner width=&#8221;1\/5&#8243;]<style type=\"text\/css\" data-type=\"the7_shortcodes-inline-css\">#default-btn-38402fa57a00de4d2199ce4834b5daf5.ico-right-side > i {\n  margin-right: 0px;\n  margin-left: 8px;\n}\n#default-btn-38402fa57a00de4d2199ce4834b5daf5 > i {\n  margin-right: 8px;\n}<\/style><a href=\"mailto:info@pinnoitushelin.fi?subject=Tarjouspyynt\u00f6\" class=\"default-btn-shortcode dt-btn dt-btn-m link-hover-off ico-right-side btn-inline-left \" id=\"default-btn-38402fa57a00de4d2199ce4834b5daf5\" style=\"width:200px;\" title=\"J\u00e4t\u00e4 tarjouspyynt\u00f6\"><span>Pied\u0101v\u0101juma piepras\u012bjums<\/span><i class=\"icomoon-the7-font-the7-mail-01\"><\/i><\/a>[\/vc_column_inner][vc_column_inner width=&#8221;1\/5&#8243;]<style type=\"text\/css\" data-type=\"the7_shortcodes-inline-css\">#default-btn-7da1eff8502044f45f70ac935ddad799.ico-right-side > i {\n  margin-right: 0px;\n  margin-left: 8px;\n}\n#default-btn-7da1eff8502044f45f70ac935ddad799 > i {\n  margin-right: 8px;\n}<\/style><a href=\"\/yhteystiedot\/#yhteydenotto\" class=\"default-btn-shortcode dt-btn dt-btn-m link-hover-off ico-right-side btn-inline-left \" id=\"default-btn-7da1eff8502044f45f70ac935ddad799\" style=\"width:200px;\" title=\"J\u00e4t\u00e4 tarjouspyynt\u00f6\"><span>Sazinieties ar mums<\/span><i class=\"dt-icon-the7-menu-012\"><\/i><\/a>[\/vc_column_inner][vc_column_inner width=&#8221;1\/5&#8243;][\/vc_column_inner][vc_column_inner width=&#8221;1\/5&#8243;][\/vc_column_inner][\/vc_row_inner][\/vc_column][\/vc_row][vc_row][vc_column offset=&#8221;vc_hidden-md vc_hidden-sm vc_hidden-xs&#8221;][vc_empty_space height=&#8221;300px&#8221;][\/vc_column][\/vc_row][vc_row bg_type=&#8221;bg_color&#8221; bg_override=&#8221;full&#8221; css=&#8221;.vc_custom_1719351634384{margin-bottom: -30px !important;}&#8221;][vc_column offset=&#8221;vc_hidden-md vc_hidden-sm vc_hidden-xs&#8221;][vc_single_image image=&#8221;2134&#8243; img_size=&#8221;full&#8221; alignment=&#8221;right&#8221; css=&#8221;.vc_custom_1722244499456{margin-bottom: -125px !important;}&#8221; image_hovers=&#8221;false&#8221;][\/vc_column][\/vc_row][vc_row bg_type=&#8221;bg_color&#8221; bg_override=&#8221;full&#8221; css=&#8221;.vc_custom_1719351634384{margin-bottom: -30px !important;}&#8221;][vc_column offset=&#8221;vc_hidden-lg&#8221;][vc_single_image image=&#8221;2134&#8243; img_size=&#8221;full&#8221; alignment=&#8221;right&#8221; css=&#8221;.vc_custom_1722280218413{margin-bottom: -85px !important;}&#8221; image_hovers=&#8221;false&#8221;][\/vc_column][\/vc_row]<\/p>\n<\/div>","protected":false},"excerpt":{"rendered":"<p>[vc_row equal_height=&#8221;yes&#8221; content_placement=&#8221;middle&#8221; css=&#8221;.vc_custom_1717628348671{margin-bottom: 40px !important;}&#8221;][vc_column width=&#8221;1\/2&#8243; css=&#8221;.vc_custom_1717628091127{padding-bottom: 20px !important;}&#8221;][vc_column_text css=&#8221;&#8221;]Vara p\u0101rkl\u0101jums \u013cauj apstr\u0101d\u0101t daudzu da\u017e\u0101du veidu met\u0101la virsmas. Turkl\u0101t da\u017eos gad\u012bjumos vara p\u0101rkl\u0101jums ir nepiecie\u0161ams, lai nodro\u0161in\u0101tu pareizu adh\u0113ziju. Var\u0161 tiek izmantots iev\u0113rojam\u0101 daudzum\u0101 iespiedsh\u0113mu pla\u0161u r\u016bpniec\u012bb\u0101, k\u0101 RF p\u0101rkl\u0101jums telekomunik\u0101ciju deta\u013c\u0101s un k\u0101 papildu aizsardz\u012bba pret koroziju ni\u0137e\u013ca-hroma deta\u013c\u0101s. P\u0101rkl\u0101jums nov\u0113r\u0161 da\u017e\u0101du deta\u013cu&hellip;<\/p>\n","protected":false},"author":3,"featured_media":0,"parent":2837,"menu_order":29,"comment_status":"closed","ping_status":"closed","template":"","meta":{"footnotes":""},"class_list":["post-2885","page","type-page","status-publish","hentry","description-off"],"yoast_head":"<!-- This site is optimized with the Yoast SEO plugin v27.4 - https:\/\/yoast.com\/product\/yoast-seo-wordpress\/ -->\n<title>Vara p\u0101rkl\u0101jums - Pinnoitus Helin Oy<\/title>\n<meta name=\"description\" content=\"Vara p\u0101rkl\u0101jums \u013cauj apstr\u0101d\u0101t daudzu da\u017e\u0101du veidu met\u0101la virsmas. Turkl\u0101t da\u017eos gad\u012bjumos vara p\u0101rkl\u0101jums ir nepiecie\u0161ams, lai nodro\u0161in\u0101tu pareizu adh\u0113ziju. Var\u0161 tiek izmantots iev\u0113rojam\u0101 daudzum\u0101 iespiedsh\u0113mu pla\u0161u r\u016bpniec\u012bb\u0101.\" \/>\n<meta name=\"robots\" content=\"index, follow, max-snippet:-1, max-image-preview:large, max-video-preview:-1\" \/>\n<link rel=\"canonical\" href=\"https:\/\/www.pinnoitushelin.fi\/lv\/parklasanas-metodes\/vara-parklajums\/\" \/>\n<meta property=\"og:locale\" content=\"lv_LV\" \/>\n<meta property=\"og:type\" content=\"article\" \/>\n<meta property=\"og:title\" content=\"Vara p\u0101rkl\u0101jums - Pinnoitus Helin Oy\" \/>\n<meta property=\"og:description\" content=\"Vara p\u0101rkl\u0101jums \u013cauj apstr\u0101d\u0101t daudzu da\u017e\u0101du veidu met\u0101la virsmas. Turkl\u0101t da\u017eos gad\u012bjumos vara p\u0101rkl\u0101jums ir nepiecie\u0161ams, lai nodro\u0161in\u0101tu pareizu adh\u0113ziju. Var\u0161 tiek izmantots iev\u0113rojam\u0101 daudzum\u0101 iespiedsh\u0113mu pla\u0161u r\u016bpniec\u012bb\u0101.\" \/>\n<meta property=\"og:url\" content=\"https:\/\/www.pinnoitushelin.fi\/lv\/parklasanas-metodes\/vara-parklajums\/\" \/>\n<meta property=\"og:site_name\" content=\"Pinnoitus Helin Oy\" \/>\n<meta property=\"article:modified_time\" content=\"2024-07-30T22:49:22+00:00\" \/>\n<meta name=\"twitter:card\" content=\"summary_large_image\" \/>\n<meta name=\"twitter:label1\" content=\"Est. reading time\" \/>\n\t<meta name=\"twitter:data1\" content=\"2 minutes\" \/>\n<script type=\"application\/ld+json\" class=\"yoast-schema-graph\">{\"@context\":\"https:\\\/\\\/schema.org\",\"@graph\":[{\"@type\":\"WebPage\",\"@id\":\"https:\\\/\\\/www.pinnoitushelin.fi\\\/lv\\\/parklasanas-metodes\\\/vara-parklajums\\\/\",\"url\":\"https:\\\/\\\/www.pinnoitushelin.fi\\\/lv\\\/parklasanas-metodes\\\/vara-parklajums\\\/\",\"name\":\"Vara p\u0101rkl\u0101jums - Pinnoitus Helin Oy\",\"isPartOf\":{\"@id\":\"https:\\\/\\\/www.pinnoitushelin.fi\\\/lv\\\/#website\"},\"datePublished\":\"2024-06-19T20:54:07+00:00\",\"dateModified\":\"2024-07-30T22:49:22+00:00\",\"description\":\"Vara p\u0101rkl\u0101jums \u013cauj apstr\u0101d\u0101t daudzu da\u017e\u0101du veidu met\u0101la virsmas. Turkl\u0101t da\u017eos gad\u012bjumos vara p\u0101rkl\u0101jums ir nepiecie\u0161ams, lai nodro\u0161in\u0101tu pareizu adh\u0113ziju. Var\u0161 tiek izmantots iev\u0113rojam\u0101 daudzum\u0101 iespiedsh\u0113mu pla\u0161u r\u016bpniec\u012bb\u0101.\",\"breadcrumb\":{\"@id\":\"https:\\\/\\\/www.pinnoitushelin.fi\\\/lv\\\/parklasanas-metodes\\\/vara-parklajums\\\/#breadcrumb\"},\"inLanguage\":\"lv-LV\",\"potentialAction\":[{\"@type\":\"ReadAction\",\"target\":[\"https:\\\/\\\/www.pinnoitushelin.fi\\\/lv\\\/parklasanas-metodes\\\/vara-parklajums\\\/\"]}]},{\"@type\":\"BreadcrumbList\",\"@id\":\"https:\\\/\\\/www.pinnoitushelin.fi\\\/lv\\\/parklasanas-metodes\\\/vara-parklajums\\\/#breadcrumb\",\"itemListElement\":[{\"@type\":\"ListItem\",\"position\":1,\"name\":\"Etusivu\",\"item\":\"https:\\\/\\\/www.pinnoitushelin.fi\\\/lv\\\/\"},{\"@type\":\"ListItem\",\"position\":2,\"name\":\"P\u0101rkl\u0101\u0161anas metodes\",\"item\":\"https:\\\/\\\/www.pinnoitushelin.fi\\\/lv\\\/parklasanas-metodes\\\/\"},{\"@type\":\"ListItem\",\"position\":3,\"name\":\"Vara p\u0101rkl\u0101jums\"}]},{\"@type\":\"WebSite\",\"@id\":\"https:\\\/\\\/www.pinnoitushelin.fi\\\/lv\\\/#website\",\"url\":\"https:\\\/\\\/www.pinnoitushelin.fi\\\/lv\\\/\",\"name\":\"Pinnoitus Helin Oy\",\"description\":\"Teknist\u00e4 pintak\u00e4sittely\u00e4 monipuolisesti ja tasalaatuisesti.\",\"publisher\":{\"@id\":\"https:\\\/\\\/www.pinnoitushelin.fi\\\/lv\\\/#organization\"},\"potentialAction\":[{\"@type\":\"SearchAction\",\"target\":{\"@type\":\"EntryPoint\",\"urlTemplate\":\"https:\\\/\\\/www.pinnoitushelin.fi\\\/lv\\\/?s={search_term_string}\"},\"query-input\":{\"@type\":\"PropertyValueSpecification\",\"valueRequired\":true,\"valueName\":\"search_term_string\"}}],\"inLanguage\":\"lv-LV\"},{\"@type\":\"Organization\",\"@id\":\"https:\\\/\\\/www.pinnoitushelin.fi\\\/lv\\\/#organization\",\"name\":\"Pinnoitus Helin Oy\",\"url\":\"https:\\\/\\\/www.pinnoitushelin.fi\\\/lv\\\/\",\"logo\":{\"@type\":\"ImageObject\",\"inLanguage\":\"lv-LV\",\"@id\":\"https:\\\/\\\/www.pinnoitushelin.fi\\\/lv\\\/#\\\/schema\\\/logo\\\/image\\\/\",\"url\":\"https:\\\/\\\/www.pinnoitushelin.fi\\\/wp-content\\\/uploads\\\/2024\\\/05\\\/logoa.png\",\"contentUrl\":\"https:\\\/\\\/www.pinnoitushelin.fi\\\/wp-content\\\/uploads\\\/2024\\\/05\\\/logoa.png\",\"width\":331,\"height\":105,\"caption\":\"Pinnoitus Helin Oy\"},\"image\":{\"@id\":\"https:\\\/\\\/www.pinnoitushelin.fi\\\/lv\\\/#\\\/schema\\\/logo\\\/image\\\/\"}}]}<\/script>\n<!-- \/ Yoast SEO plugin. -->","yoast_head_json":{"title":"Vara p\u0101rkl\u0101jums - Pinnoitus Helin Oy","description":"Vara p\u0101rkl\u0101jums \u013cauj apstr\u0101d\u0101t daudzu da\u017e\u0101du veidu met\u0101la virsmas. Turkl\u0101t da\u017eos gad\u012bjumos vara p\u0101rkl\u0101jums ir nepiecie\u0161ams, lai nodro\u0161in\u0101tu pareizu adh\u0113ziju. Var\u0161 tiek izmantots iev\u0113rojam\u0101 daudzum\u0101 iespiedsh\u0113mu pla\u0161u r\u016bpniec\u012bb\u0101.","robots":{"index":"index","follow":"follow","max-snippet":"max-snippet:-1","max-image-preview":"max-image-preview:large","max-video-preview":"max-video-preview:-1"},"canonical":"https:\/\/www.pinnoitushelin.fi\/lv\/parklasanas-metodes\/vara-parklajums\/","og_locale":"lv_LV","og_type":"article","og_title":"Vara p\u0101rkl\u0101jums - Pinnoitus Helin Oy","og_description":"Vara p\u0101rkl\u0101jums \u013cauj apstr\u0101d\u0101t daudzu da\u017e\u0101du veidu met\u0101la virsmas. Turkl\u0101t da\u017eos gad\u012bjumos vara p\u0101rkl\u0101jums ir nepiecie\u0161ams, lai nodro\u0161in\u0101tu pareizu adh\u0113ziju. Var\u0161 tiek izmantots iev\u0113rojam\u0101 daudzum\u0101 iespiedsh\u0113mu pla\u0161u r\u016bpniec\u012bb\u0101.","og_url":"https:\/\/www.pinnoitushelin.fi\/lv\/parklasanas-metodes\/vara-parklajums\/","og_site_name":"Pinnoitus Helin Oy","article_modified_time":"2024-07-30T22:49:22+00:00","twitter_card":"summary_large_image","twitter_misc":{"Est. reading time":"2 minutes"},"schema":{"@context":"https:\/\/schema.org","@graph":[{"@type":"WebPage","@id":"https:\/\/www.pinnoitushelin.fi\/lv\/parklasanas-metodes\/vara-parklajums\/","url":"https:\/\/www.pinnoitushelin.fi\/lv\/parklasanas-metodes\/vara-parklajums\/","name":"Vara p\u0101rkl\u0101jums - Pinnoitus Helin Oy","isPartOf":{"@id":"https:\/\/www.pinnoitushelin.fi\/lv\/#website"},"datePublished":"2024-06-19T20:54:07+00:00","dateModified":"2024-07-30T22:49:22+00:00","description":"Vara p\u0101rkl\u0101jums \u013cauj apstr\u0101d\u0101t daudzu da\u017e\u0101du veidu met\u0101la virsmas. Turkl\u0101t da\u017eos gad\u012bjumos vara p\u0101rkl\u0101jums ir nepiecie\u0161ams, lai nodro\u0161in\u0101tu pareizu adh\u0113ziju. Var\u0161 tiek izmantots iev\u0113rojam\u0101 daudzum\u0101 iespiedsh\u0113mu pla\u0161u r\u016bpniec\u012bb\u0101.","breadcrumb":{"@id":"https:\/\/www.pinnoitushelin.fi\/lv\/parklasanas-metodes\/vara-parklajums\/#breadcrumb"},"inLanguage":"lv-LV","potentialAction":[{"@type":"ReadAction","target":["https:\/\/www.pinnoitushelin.fi\/lv\/parklasanas-metodes\/vara-parklajums\/"]}]},{"@type":"BreadcrumbList","@id":"https:\/\/www.pinnoitushelin.fi\/lv\/parklasanas-metodes\/vara-parklajums\/#breadcrumb","itemListElement":[{"@type":"ListItem","position":1,"name":"Etusivu","item":"https:\/\/www.pinnoitushelin.fi\/lv\/"},{"@type":"ListItem","position":2,"name":"P\u0101rkl\u0101\u0161anas metodes","item":"https:\/\/www.pinnoitushelin.fi\/lv\/parklasanas-metodes\/"},{"@type":"ListItem","position":3,"name":"Vara p\u0101rkl\u0101jums"}]},{"@type":"WebSite","@id":"https:\/\/www.pinnoitushelin.fi\/lv\/#website","url":"https:\/\/www.pinnoitushelin.fi\/lv\/","name":"Pinnoitus Helin Oy","description":"Teknist\u00e4 pintak\u00e4sittely\u00e4 monipuolisesti ja tasalaatuisesti.","publisher":{"@id":"https:\/\/www.pinnoitushelin.fi\/lv\/#organization"},"potentialAction":[{"@type":"SearchAction","target":{"@type":"EntryPoint","urlTemplate":"https:\/\/www.pinnoitushelin.fi\/lv\/?s={search_term_string}"},"query-input":{"@type":"PropertyValueSpecification","valueRequired":true,"valueName":"search_term_string"}}],"inLanguage":"lv-LV"},{"@type":"Organization","@id":"https:\/\/www.pinnoitushelin.fi\/lv\/#organization","name":"Pinnoitus Helin Oy","url":"https:\/\/www.pinnoitushelin.fi\/lv\/","logo":{"@type":"ImageObject","inLanguage":"lv-LV","@id":"https:\/\/www.pinnoitushelin.fi\/lv\/#\/schema\/logo\/image\/","url":"https:\/\/www.pinnoitushelin.fi\/wp-content\/uploads\/2024\/05\/logoa.png","contentUrl":"https:\/\/www.pinnoitushelin.fi\/wp-content\/uploads\/2024\/05\/logoa.png","width":331,"height":105,"caption":"Pinnoitus Helin Oy"},"image":{"@id":"https:\/\/www.pinnoitushelin.fi\/lv\/#\/schema\/logo\/image\/"}}]}},"_links":{"self":[{"href":"https:\/\/www.pinnoitushelin.fi\/lv\/wp-json\/wp\/v2\/pages\/2885","targetHints":{"allow":["GET"]}}],"collection":[{"href":"https:\/\/www.pinnoitushelin.fi\/lv\/wp-json\/wp\/v2\/pages"}],"about":[{"href":"https:\/\/www.pinnoitushelin.fi\/lv\/wp-json\/wp\/v2\/types\/page"}],"author":[{"embeddable":true,"href":"https:\/\/www.pinnoitushelin.fi\/lv\/wp-json\/wp\/v2\/users\/3"}],"replies":[{"embeddable":true,"href":"https:\/\/www.pinnoitushelin.fi\/lv\/wp-json\/wp\/v2\/comments?post=2885"}],"version-history":[{"count":2,"href":"https:\/\/www.pinnoitushelin.fi\/lv\/wp-json\/wp\/v2\/pages\/2885\/revisions"}],"predecessor-version":[{"id":3212,"href":"https:\/\/www.pinnoitushelin.fi\/lv\/wp-json\/wp\/v2\/pages\/2885\/revisions\/3212"}],"up":[{"embeddable":true,"href":"https:\/\/www.pinnoitushelin.fi\/lv\/wp-json\/wp\/v2\/pages\/2837"}],"wp:attachment":[{"href":"https:\/\/www.pinnoitushelin.fi\/lv\/wp-json\/wp\/v2\/media?parent=2885"}],"curies":[{"name":"wp","href":"https:\/\/api.w.org\/{rel}","templated":true}]}}