{"id":2879,"date":"2024-06-19T22:51:25","date_gmt":"2024-06-19T20:51:25","guid":{"rendered":"https:\/\/www.pinnoitushelin.fi\/parklasanas-panemieni\/alvas-parklajums\/"},"modified":"2024-07-31T00:48:41","modified_gmt":"2024-07-30T22:48:41","slug":"alvas-parklajums","status":"publish","type":"page","link":"https:\/\/www.pinnoitushelin.fi\/lv\/parklasanas-metodes\/alvas-parklajums\/","title":{"rendered":"Alvas p\u0101rkl\u0101jums"},"content":{"rendered":"<div class=\"wpb-content-wrapper\"><p>[vc_row equal_height=&#8221;yes&#8221; content_placement=&#8221;middle&#8221; css=&#8221;.vc_custom_1717628348671{margin-bottom: 40px !important;}&#8221;][vc_column width=&#8221;1\/2&#8243; css=&#8221;.vc_custom_1717628091127{padding-bottom: 20px !important;}&#8221;][vc_column_text css=&#8221;&#8221;]Alvas p\u0101rkl\u0101jums uz izstr\u0101d\u0101juma nodro\u0161ina labu form\u0113jam\u012bbu un lod\u0113jam\u012bbu, k\u0101 ar\u012b izstr\u0101d\u0101juma iztur\u012bbu pret koroziju.<br \/>\nTo pla\u0161i izmanto ar\u012b elektrotehnikas un elektronikas r\u016bpniec\u012bb\u0101, jo t\u0101 ir zema p\u0101rlieku liel\u0101 iztur\u012bba.<br \/>\nZem alvas p\u0101rkl\u0101juma izmanto vara vai ni\u0137e\u013ca starpsl\u0101ni (3-6 \u00b5m), lai nov\u0113rstu pamatmateri\u0101la sajauk\u0161anos ar p\u0101rkl\u0101jumu.[\/vc_column_text][\/vc_column][vc_column width=&#8221;1\/2&#8243;][vc_single_image image=&#8221;1979&#8243; img_size=&#8221;large&#8221; css=&#8221;&#8221;][\/vc_column][\/vc_row][vc_row equal_height=&#8221;yes&#8221; css=&#8221;.vc_custom_1718820603748{margin-bottom: 40px !important;}&#8221;][vc_column css=&#8221;.vc_custom_1717628059564{padding-bottom: 20px !important;}&#8221;][vc_column_text css=&#8221;&#8221;]<\/p>\n<h3>Pinnoitus Helin Oy alvas p\u0101rkl\u0101jums<\/h3>\n<ul>\n<li>Vannas veids: sk\u0101ba, sp\u012bd\u012bga<\/li>\n<li>Maksim\u0101lie gabalu izm\u0113ri: 2700x900x250<\/li>\n<li>Alvas p\u0101rkl\u0101jums ar bungu un suspensijas metod\u0113m<\/li>\n<li>Priek\u0161apstr\u0101de: var\u0161, alum\u012bnijs un t\u0113rauds un to sakaus\u0113jumi<\/li>\n<\/ul>\n<h3>Alvas p\u0101rkl\u0101jums un standarti:<\/h3>\n<ul>\n<li>Alvas galvaniskie p\u0101rkl\u0101jumi &#8211; Specifik\u0101cija un test\u0113\u0161anas metodes (ISO 2093:1986)<\/li>\n<\/ul>\n<p>Da\u017eos lietojumos alvas lieto\u0161anu ierobe\u017eo fenomens, kad no p\u0101rkl\u0101juma izaug pl\u0101ni alvas krist\u0101li.<br \/>\n\u0160ie &#8220;\u016bsi\u0146i&#8221; var b\u016bt l\u012bdz 10 mm gari un 2-3 \u00b5m biezi.<br \/>\nT\u0101 k\u0101 alvas krist\u0101li var viegli p\u0101rnest str\u0101vu, tie palielina \u012bssavienojumu risku elektroniskajos komponentos.<br \/>\nAr t\u012bru alvas p\u0101rkl\u0101jumu \u0161\u012b probl\u0113ma vienm\u0113r ir iesp\u0113jama.<br \/>\nTom\u0113r to var samazin\u0101t, r\u016bp\u0113joties par vara vai ni\u0137e\u013ca starpsl\u0101\u0146a biezumu.<br \/>\nAlvu var ar\u012b kaus\u0113t p\u0113c p\u0101rkl\u0101juma uzkl\u0101\u0161anas.<br \/>\nTiek zi\u0146ots, ka da\u017ei vannu veidi sp\u0113j mazin\u0101t &#8220;\u016bsi\u0146u&#8221; fenomenu.<\/p>\n<p>Alva parasti ir \u013coti labi lod\u0113jama, bet, ja ir k\u0101das probl\u0113mas ar lod\u0113\u0161anas \u012bpa\u0161\u012bb\u0101m, vispirms ir j\u0101p\u0101rbauda substr\u0101ta, starpposma p\u0101rkl\u0101juma un alvas sa\u0137ere.<br \/>\nJa saites starp da\u017e\u0101diem met\u0101liem nav stipras, lod\u0113jam\u012bba var b\u016bt neiesp\u0113jama, jo alva izpl\u016bd\u012bs.<br \/>\nProtams, ilgsto\u0161a glab\u0101\u0161ana vai slikti klimatiskie apst\u0101k\u013ci apgr\u016btina m\u012bksto lod\u0113\u0161anu.<br \/>\n\u0160\u0101 iemesla d\u0113\u013c alvas p\u0101rkl\u0101jumu var ar\u012b pasiviz\u0113t.[\/vc_column_text][\/vc_column][\/vc_row][vc_row css=&#8221;.vc_custom_1717628491247{margin-bottom: 40px !important;}&#8221;][vc_column css=&#8221;.vc_custom_1717628059564{padding-bottom: 20px !important;}&#8221;][vc_column_text css=&#8221;&#8221;]<\/p>\n<h4>Sazinieties ar mums, lai uzzin\u0101tu par iesp\u0113ju sa\u0146emt paraugu.<\/h4>\n<h4>Jaut\u0101jiet vair\u0101k vai iesniedziet piepras\u012bjumu cit\u0101tam<\/h4>\n<p>[\/vc_column_text][vc_row_inner equal_height=&#8221;yes&#8221; gap=&#8221;10&#8243; css=&#8221;.vc_custom_1718821200073{margin-top: 25px !important;}&#8221;][vc_column_inner width=&#8221;1\/5&#8243;]<style type=\"text\/css\" data-type=\"the7_shortcodes-inline-css\">#default-btn-c9e6a893832d815f771616eb83804464.ico-right-side > i {\n  margin-right: 0px;\n  margin-left: 8px;\n}\n#default-btn-c9e6a893832d815f771616eb83804464 > i {\n  margin-right: 8px;\n}<\/style><a href=\"tel:+358106174100\" class=\"default-btn-shortcode dt-btn dt-btn-m link-hover-off ico-right-side btn-inline-left \" id=\"default-btn-c9e6a893832d815f771616eb83804464\" style=\"width:200px;\" title=\"Soita meille\"><span>P\u0101rkl\u0101jumu karst\u0101 l\u012bnija<\/span><i class=\"icomoon-the7-font-the7-phone-05\"><\/i><\/a>[\/vc_column_inner][vc_column_inner width=&#8221;1\/5&#8243;]<style type=\"text\/css\" data-type=\"the7_shortcodes-inline-css\">#default-btn-38402fa57a00de4d2199ce4834b5daf5.ico-right-side > i {\n  margin-right: 0px;\n  margin-left: 8px;\n}\n#default-btn-38402fa57a00de4d2199ce4834b5daf5 > i {\n  margin-right: 8px;\n}<\/style><a href=\"mailto:info@pinnoitushelin.fi?subject=Tarjouspyynt\u00f6\" class=\"default-btn-shortcode dt-btn dt-btn-m link-hover-off ico-right-side btn-inline-left \" id=\"default-btn-38402fa57a00de4d2199ce4834b5daf5\" style=\"width:200px;\" title=\"J\u00e4t\u00e4 tarjouspyynt\u00f6\"><span>Pied\u0101v\u0101juma piepras\u012bjums<\/span><i class=\"icomoon-the7-font-the7-mail-01\"><\/i><\/a>[\/vc_column_inner][vc_column_inner width=&#8221;1\/5&#8243;]<style type=\"text\/css\" data-type=\"the7_shortcodes-inline-css\">#default-btn-7da1eff8502044f45f70ac935ddad799.ico-right-side > i {\n  margin-right: 0px;\n  margin-left: 8px;\n}\n#default-btn-7da1eff8502044f45f70ac935ddad799 > i {\n  margin-right: 8px;\n}<\/style><a href=\"\/yhteystiedot\/#yhteydenotto\" class=\"default-btn-shortcode dt-btn dt-btn-m link-hover-off ico-right-side btn-inline-left \" id=\"default-btn-7da1eff8502044f45f70ac935ddad799\" style=\"width:200px;\" title=\"J\u00e4t\u00e4 tarjouspyynt\u00f6\"><span>Sazinieties ar mums<\/span><i class=\"dt-icon-the7-menu-012\"><\/i><\/a>[\/vc_column_inner][vc_column_inner width=&#8221;1\/5&#8243;][\/vc_column_inner][vc_column_inner width=&#8221;1\/5&#8243;][\/vc_column_inner][\/vc_row_inner][\/vc_column][\/vc_row][vc_row][vc_column offset=&#8221;vc_hidden-md vc_hidden-sm vc_hidden-xs&#8221;][vc_empty_space height=&#8221;120px&#8221;][\/vc_column][\/vc_row][vc_row bg_type=&#8221;bg_color&#8221; bg_override=&#8221;full&#8221; css=&#8221;.vc_custom_1719351634384{margin-bottom: -30px !important;}&#8221;][vc_column offset=&#8221;vc_hidden-md vc_hidden-sm vc_hidden-xs&#8221;][vc_single_image image=&#8221;2134&#8243; img_size=&#8221;full&#8221; alignment=&#8221;right&#8221; css=&#8221;.vc_custom_1722244499456{margin-bottom: -125px !important;}&#8221; image_hovers=&#8221;false&#8221;][\/vc_column][\/vc_row][vc_row bg_type=&#8221;bg_color&#8221; bg_override=&#8221;full&#8221; css=&#8221;.vc_custom_1719351634384{margin-bottom: -30px !important;}&#8221;][vc_column offset=&#8221;vc_hidden-lg&#8221;][vc_single_image image=&#8221;2134&#8243; img_size=&#8221;full&#8221; alignment=&#8221;right&#8221; css=&#8221;.vc_custom_1722280218413{margin-bottom: -85px !important;}&#8221; image_hovers=&#8221;false&#8221;][\/vc_column][\/vc_row]<\/p>\n<\/div>","protected":false},"excerpt":{"rendered":"<p>[vc_row equal_height=&#8221;yes&#8221; content_placement=&#8221;middle&#8221; css=&#8221;.vc_custom_1717628348671{margin-bottom: 40px !important;}&#8221;][vc_column width=&#8221;1\/2&#8243; css=&#8221;.vc_custom_1717628091127{padding-bottom: 20px !important;}&#8221;][vc_column_text css=&#8221;&#8221;]Alvas p\u0101rkl\u0101jums uz izstr\u0101d\u0101juma nodro\u0161ina labu form\u0113jam\u012bbu un lod\u0113jam\u012bbu, k\u0101 ar\u012b izstr\u0101d\u0101juma iztur\u012bbu pret koroziju. To pla\u0161i izmanto ar\u012b elektrotehnikas un elektronikas r\u016bpniec\u012bb\u0101, jo t\u0101 ir zema p\u0101rlieku liel\u0101 iztur\u012bba. Zem alvas p\u0101rkl\u0101juma izmanto vara vai ni\u0137e\u013ca starpsl\u0101ni (3-6 \u00b5m), lai nov\u0113rstu pamatmateri\u0101la sajauk\u0161anos ar&hellip;<\/p>\n","protected":false},"author":3,"featured_media":0,"parent":2837,"menu_order":28,"comment_status":"closed","ping_status":"closed","template":"","meta":{"footnotes":""},"class_list":["post-2879","page","type-page","status-publish","hentry","description-off"],"yoast_head":"<!-- This site is optimized with the Yoast SEO plugin v27.4 - https:\/\/yoast.com\/product\/yoast-seo-wordpress\/ -->\n<title>Alvas p\u0101rkl\u0101jums - Pinnoitus Helin Oy<\/title>\n<meta name=\"description\" content=\"Alvas p\u0101rkl\u0101jums uz izstr\u0101d\u0101juma nodro\u0161ina labu form\u0113jam\u012bbu un lod\u0113jam\u012bbu, k\u0101 ar\u012b izstr\u0101d\u0101juma iztur\u012bbu pret koroziju. To pla\u0161i izmanto ar\u012b elektrotehnikas un elektronikas r\u016bpniec\u012bb\u0101, jo tas ir mazs p\u0101rlieku stiprs.\" \/>\n<meta name=\"robots\" content=\"index, follow, max-snippet:-1, max-image-preview:large, max-video-preview:-1\" \/>\n<link rel=\"canonical\" href=\"https:\/\/www.pinnoitushelin.fi\/lv\/parklasanas-metodes\/alvas-parklajums\/\" \/>\n<meta property=\"og:locale\" content=\"lv_LV\" \/>\n<meta property=\"og:type\" content=\"article\" \/>\n<meta property=\"og:title\" content=\"Alvas p\u0101rkl\u0101jums - Pinnoitus Helin Oy\" \/>\n<meta property=\"og:description\" content=\"Alvas p\u0101rkl\u0101jums uz izstr\u0101d\u0101juma nodro\u0161ina labu form\u0113jam\u012bbu un lod\u0113jam\u012bbu, k\u0101 ar\u012b izstr\u0101d\u0101juma iztur\u012bbu pret koroziju. To pla\u0161i izmanto ar\u012b elektrotehnikas un elektronikas r\u016bpniec\u012bb\u0101, jo tas ir mazs p\u0101rlieku stiprs.\" \/>\n<meta property=\"og:url\" content=\"https:\/\/www.pinnoitushelin.fi\/lv\/parklasanas-metodes\/alvas-parklajums\/\" \/>\n<meta property=\"og:site_name\" content=\"Pinnoitus Helin Oy\" \/>\n<meta property=\"article:modified_time\" content=\"2024-07-30T22:48:41+00:00\" \/>\n<meta name=\"twitter:card\" content=\"summary_large_image\" \/>\n<meta name=\"twitter:label1\" content=\"Est. reading time\" \/>\n\t<meta name=\"twitter:data1\" content=\"3 minutes\" \/>\n<script type=\"application\/ld+json\" class=\"yoast-schema-graph\">{\"@context\":\"https:\\\/\\\/schema.org\",\"@graph\":[{\"@type\":\"WebPage\",\"@id\":\"https:\\\/\\\/www.pinnoitushelin.fi\\\/lv\\\/parklasanas-metodes\\\/alvas-parklajums\\\/\",\"url\":\"https:\\\/\\\/www.pinnoitushelin.fi\\\/lv\\\/parklasanas-metodes\\\/alvas-parklajums\\\/\",\"name\":\"Alvas p\u0101rkl\u0101jums - Pinnoitus Helin Oy\",\"isPartOf\":{\"@id\":\"https:\\\/\\\/www.pinnoitushelin.fi\\\/lv\\\/#website\"},\"datePublished\":\"2024-06-19T20:51:25+00:00\",\"dateModified\":\"2024-07-30T22:48:41+00:00\",\"description\":\"Alvas p\u0101rkl\u0101jums uz izstr\u0101d\u0101juma nodro\u0161ina labu form\u0113jam\u012bbu un lod\u0113jam\u012bbu, k\u0101 ar\u012b izstr\u0101d\u0101juma iztur\u012bbu pret koroziju. To pla\u0161i izmanto ar\u012b elektrotehnikas un elektronikas r\u016bpniec\u012bb\u0101, jo tas ir mazs p\u0101rlieku stiprs.\",\"breadcrumb\":{\"@id\":\"https:\\\/\\\/www.pinnoitushelin.fi\\\/lv\\\/parklasanas-metodes\\\/alvas-parklajums\\\/#breadcrumb\"},\"inLanguage\":\"lv-LV\",\"potentialAction\":[{\"@type\":\"ReadAction\",\"target\":[\"https:\\\/\\\/www.pinnoitushelin.fi\\\/lv\\\/parklasanas-metodes\\\/alvas-parklajums\\\/\"]}]},{\"@type\":\"BreadcrumbList\",\"@id\":\"https:\\\/\\\/www.pinnoitushelin.fi\\\/lv\\\/parklasanas-metodes\\\/alvas-parklajums\\\/#breadcrumb\",\"itemListElement\":[{\"@type\":\"ListItem\",\"position\":1,\"name\":\"Etusivu\",\"item\":\"https:\\\/\\\/www.pinnoitushelin.fi\\\/lv\\\/\"},{\"@type\":\"ListItem\",\"position\":2,\"name\":\"P\u0101rkl\u0101\u0161anas metodes\",\"item\":\"https:\\\/\\\/www.pinnoitushelin.fi\\\/lv\\\/parklasanas-metodes\\\/\"},{\"@type\":\"ListItem\",\"position\":3,\"name\":\"Alvas p\u0101rkl\u0101jums\"}]},{\"@type\":\"WebSite\",\"@id\":\"https:\\\/\\\/www.pinnoitushelin.fi\\\/lv\\\/#website\",\"url\":\"https:\\\/\\\/www.pinnoitushelin.fi\\\/lv\\\/\",\"name\":\"Pinnoitus Helin Oy\",\"description\":\"Teknist\u00e4 pintak\u00e4sittely\u00e4 monipuolisesti ja tasalaatuisesti.\",\"publisher\":{\"@id\":\"https:\\\/\\\/www.pinnoitushelin.fi\\\/lv\\\/#organization\"},\"potentialAction\":[{\"@type\":\"SearchAction\",\"target\":{\"@type\":\"EntryPoint\",\"urlTemplate\":\"https:\\\/\\\/www.pinnoitushelin.fi\\\/lv\\\/?s={search_term_string}\"},\"query-input\":{\"@type\":\"PropertyValueSpecification\",\"valueRequired\":true,\"valueName\":\"search_term_string\"}}],\"inLanguage\":\"lv-LV\"},{\"@type\":\"Organization\",\"@id\":\"https:\\\/\\\/www.pinnoitushelin.fi\\\/lv\\\/#organization\",\"name\":\"Pinnoitus Helin Oy\",\"url\":\"https:\\\/\\\/www.pinnoitushelin.fi\\\/lv\\\/\",\"logo\":{\"@type\":\"ImageObject\",\"inLanguage\":\"lv-LV\",\"@id\":\"https:\\\/\\\/www.pinnoitushelin.fi\\\/lv\\\/#\\\/schema\\\/logo\\\/image\\\/\",\"url\":\"https:\\\/\\\/www.pinnoitushelin.fi\\\/wp-content\\\/uploads\\\/2024\\\/05\\\/logoa.png\",\"contentUrl\":\"https:\\\/\\\/www.pinnoitushelin.fi\\\/wp-content\\\/uploads\\\/2024\\\/05\\\/logoa.png\",\"width\":331,\"height\":105,\"caption\":\"Pinnoitus Helin Oy\"},\"image\":{\"@id\":\"https:\\\/\\\/www.pinnoitushelin.fi\\\/lv\\\/#\\\/schema\\\/logo\\\/image\\\/\"}}]}<\/script>\n<!-- \/ Yoast SEO plugin. -->","yoast_head_json":{"title":"Alvas p\u0101rkl\u0101jums - Pinnoitus Helin Oy","description":"Alvas p\u0101rkl\u0101jums uz izstr\u0101d\u0101juma nodro\u0161ina labu form\u0113jam\u012bbu un lod\u0113jam\u012bbu, k\u0101 ar\u012b izstr\u0101d\u0101juma iztur\u012bbu pret koroziju. To pla\u0161i izmanto ar\u012b elektrotehnikas un elektronikas r\u016bpniec\u012bb\u0101, jo tas ir mazs p\u0101rlieku stiprs.","robots":{"index":"index","follow":"follow","max-snippet":"max-snippet:-1","max-image-preview":"max-image-preview:large","max-video-preview":"max-video-preview:-1"},"canonical":"https:\/\/www.pinnoitushelin.fi\/lv\/parklasanas-metodes\/alvas-parklajums\/","og_locale":"lv_LV","og_type":"article","og_title":"Alvas p\u0101rkl\u0101jums - Pinnoitus Helin Oy","og_description":"Alvas p\u0101rkl\u0101jums uz izstr\u0101d\u0101juma nodro\u0161ina labu form\u0113jam\u012bbu un lod\u0113jam\u012bbu, k\u0101 ar\u012b izstr\u0101d\u0101juma iztur\u012bbu pret koroziju. To pla\u0161i izmanto ar\u012b elektrotehnikas un elektronikas r\u016bpniec\u012bb\u0101, jo tas ir mazs p\u0101rlieku stiprs.","og_url":"https:\/\/www.pinnoitushelin.fi\/lv\/parklasanas-metodes\/alvas-parklajums\/","og_site_name":"Pinnoitus Helin Oy","article_modified_time":"2024-07-30T22:48:41+00:00","twitter_card":"summary_large_image","twitter_misc":{"Est. reading time":"3 minutes"},"schema":{"@context":"https:\/\/schema.org","@graph":[{"@type":"WebPage","@id":"https:\/\/www.pinnoitushelin.fi\/lv\/parklasanas-metodes\/alvas-parklajums\/","url":"https:\/\/www.pinnoitushelin.fi\/lv\/parklasanas-metodes\/alvas-parklajums\/","name":"Alvas p\u0101rkl\u0101jums - Pinnoitus Helin Oy","isPartOf":{"@id":"https:\/\/www.pinnoitushelin.fi\/lv\/#website"},"datePublished":"2024-06-19T20:51:25+00:00","dateModified":"2024-07-30T22:48:41+00:00","description":"Alvas p\u0101rkl\u0101jums uz izstr\u0101d\u0101juma nodro\u0161ina labu form\u0113jam\u012bbu un lod\u0113jam\u012bbu, k\u0101 ar\u012b izstr\u0101d\u0101juma iztur\u012bbu pret koroziju. To pla\u0161i izmanto ar\u012b elektrotehnikas un elektronikas r\u016bpniec\u012bb\u0101, jo tas ir mazs p\u0101rlieku stiprs.","breadcrumb":{"@id":"https:\/\/www.pinnoitushelin.fi\/lv\/parklasanas-metodes\/alvas-parklajums\/#breadcrumb"},"inLanguage":"lv-LV","potentialAction":[{"@type":"ReadAction","target":["https:\/\/www.pinnoitushelin.fi\/lv\/parklasanas-metodes\/alvas-parklajums\/"]}]},{"@type":"BreadcrumbList","@id":"https:\/\/www.pinnoitushelin.fi\/lv\/parklasanas-metodes\/alvas-parklajums\/#breadcrumb","itemListElement":[{"@type":"ListItem","position":1,"name":"Etusivu","item":"https:\/\/www.pinnoitushelin.fi\/lv\/"},{"@type":"ListItem","position":2,"name":"P\u0101rkl\u0101\u0161anas metodes","item":"https:\/\/www.pinnoitushelin.fi\/lv\/parklasanas-metodes\/"},{"@type":"ListItem","position":3,"name":"Alvas p\u0101rkl\u0101jums"}]},{"@type":"WebSite","@id":"https:\/\/www.pinnoitushelin.fi\/lv\/#website","url":"https:\/\/www.pinnoitushelin.fi\/lv\/","name":"Pinnoitus Helin Oy","description":"Teknist\u00e4 pintak\u00e4sittely\u00e4 monipuolisesti ja tasalaatuisesti.","publisher":{"@id":"https:\/\/www.pinnoitushelin.fi\/lv\/#organization"},"potentialAction":[{"@type":"SearchAction","target":{"@type":"EntryPoint","urlTemplate":"https:\/\/www.pinnoitushelin.fi\/lv\/?s={search_term_string}"},"query-input":{"@type":"PropertyValueSpecification","valueRequired":true,"valueName":"search_term_string"}}],"inLanguage":"lv-LV"},{"@type":"Organization","@id":"https:\/\/www.pinnoitushelin.fi\/lv\/#organization","name":"Pinnoitus Helin Oy","url":"https:\/\/www.pinnoitushelin.fi\/lv\/","logo":{"@type":"ImageObject","inLanguage":"lv-LV","@id":"https:\/\/www.pinnoitushelin.fi\/lv\/#\/schema\/logo\/image\/","url":"https:\/\/www.pinnoitushelin.fi\/wp-content\/uploads\/2024\/05\/logoa.png","contentUrl":"https:\/\/www.pinnoitushelin.fi\/wp-content\/uploads\/2024\/05\/logoa.png","width":331,"height":105,"caption":"Pinnoitus Helin Oy"},"image":{"@id":"https:\/\/www.pinnoitushelin.fi\/lv\/#\/schema\/logo\/image\/"}}]}},"_links":{"self":[{"href":"https:\/\/www.pinnoitushelin.fi\/lv\/wp-json\/wp\/v2\/pages\/2879","targetHints":{"allow":["GET"]}}],"collection":[{"href":"https:\/\/www.pinnoitushelin.fi\/lv\/wp-json\/wp\/v2\/pages"}],"about":[{"href":"https:\/\/www.pinnoitushelin.fi\/lv\/wp-json\/wp\/v2\/types\/page"}],"author":[{"embeddable":true,"href":"https:\/\/www.pinnoitushelin.fi\/lv\/wp-json\/wp\/v2\/users\/3"}],"replies":[{"embeddable":true,"href":"https:\/\/www.pinnoitushelin.fi\/lv\/wp-json\/wp\/v2\/comments?post=2879"}],"version-history":[{"count":3,"href":"https:\/\/www.pinnoitushelin.fi\/lv\/wp-json\/wp\/v2\/pages\/2879\/revisions"}],"predecessor-version":[{"id":3211,"href":"https:\/\/www.pinnoitushelin.fi\/lv\/wp-json\/wp\/v2\/pages\/2879\/revisions\/3211"}],"up":[{"embeddable":true,"href":"https:\/\/www.pinnoitushelin.fi\/lv\/wp-json\/wp\/v2\/pages\/2837"}],"wp:attachment":[{"href":"https:\/\/www.pinnoitushelin.fi\/lv\/wp-json\/wp\/v2\/media?parent=2879"}],"curies":[{"name":"wp","href":"https:\/\/api.w.org\/{rel}","templated":true}]}}