{"id":2873,"date":"2024-06-19T22:47:44","date_gmt":"2024-06-19T20:47:44","guid":{"rendered":"https:\/\/www.pinnoitushelin.fi\/parklasanas-panemieni\/nikela-parklajums\/"},"modified":"2024-07-31T00:47:58","modified_gmt":"2024-07-30T22:47:58","slug":"nikela-parklajums","status":"publish","type":"page","link":"https:\/\/www.pinnoitushelin.fi\/lv\/parklasanas-metodes\/nikela-parklajums\/","title":{"rendered":"Ni\u0137e\u013ca p\u0101rkl\u0101jums"},"content":{"rendered":"<div class=\"wpb-content-wrapper\"><p>[vc_row equal_height=&#8221;yes&#8221; content_placement=&#8221;middle&#8221; css=&#8221;.vc_custom_1717628348671{margin-bottom: 40px !important;}&#8221;][vc_column width=&#8221;1\/2&#8243; css=&#8221;.vc_custom_1717628091127{padding-bottom: 20px !important;}&#8221;][vc_column_text css=&#8221;&#8221;]Ni\u0137e\u013ca p\u0101rkl\u0101jums ir ide\u0101li piem\u0113rots izstr\u0101d\u0101jumiem, kuriem v\u0113laties pie\u0161\u0137irt nelielu sp\u012bdumu un pasarg\u0101t pamatmateri\u0101lu no korozijas.<br \/>\nNi\u0137eli k\u0101 t\u0101du izmanto ar\u012b daudzos lietojumos.<br \/>\nNi\u0137e\u013ca virsma ir cieta, pat\u012bkama izskatam un nodro\u0161ina pamatmateri\u0101lam pien\u0101c\u012bgu aizsardz\u012bbu.<br \/>\nNi\u0137e\u013ca kl\u0101\u0161anu var veikt da\u017e\u0101da veida vann\u0101s, un ieg\u016btie ni\u0137e\u013ca p\u0101rkl\u0101jumi p\u0113c sav\u0101m \u012bpa\u0161\u012bb\u0101m iev\u0113rojami at\u0161\u0137iras.[\/vc_column_text][\/vc_column][vc_column width=&#8221;1\/2&#8243;][vc_single_image image=&#8221;1976&#8243; img_size=&#8221;large&#8221; css=&#8221;&#8221;][\/vc_column][\/vc_row][vc_row equal_height=&#8221;yes&#8221; css=&#8221;.vc_custom_1718820603748{margin-bottom: 40px !important;}&#8221;][vc_column css=&#8221;.vc_custom_1717628059564{padding-bottom: 20px !important;}&#8221;][vc_column_text css=&#8221;&#8221;]<\/p>\n<h3>Pinnoitus Helin Oy galvaniz\u0101cijas risin\u0101jumi:<\/h3>\n<ul>\n<li>Vannas tips: vati, piln\u012bgs sp\u012bdums<\/li>\n<li>Bungas un balstiek\u0101rtas apstr\u0101de<\/li>\n<li>Ciet\u012bba: 600 HV<\/li>\n<li>Maksim\u0101lie gabalu izm\u0113ri: 2700x900x250 mm<\/li>\n<li>P\u0101rkl\u0101jamie materi\u0101li: alum\u012bnijs, var\u0161, t\u0113rauds un to sakaus\u0113jumi.<\/li>\n<\/ul>\n<h3>Ni\u0137e\u013ca p\u0101rkl\u0101jums un standarti:<\/h3>\n<ul>\n<li>Galvaniz\u0113ti ni\u0137e\u013ca p\u0101rkl\u0101jumi in\u017eeniertehniskajiem m\u0113r\u0137iem (ISO 4526:2004)<\/li>\n<li>Ni\u0137e\u013ca plus hroma un vara plus ni\u0137e\u013ca plus hroma elektrodepoz\u012bti p\u0101rkl\u0101jumi (1456:2009)<\/li>\n<li>Ni\u0137e\u013ca p\u0101rkl\u0101jumi, uzkl\u0101ti ar elektrodepoz\u012btu (ISO 1458:2002)<\/li>\n<\/ul>\n<p><strong>Da\u013c\u0113ji spilgts ni\u0137e\u013ca p\u0101rkl\u0101jums<\/strong> nodro\u0161ina lab\u0101ku aizsardz\u012bbu pret koroziju nek\u0101 spilgts ni\u0137e\u013ca p\u0101rkl\u0101jums.<br \/>\nPussp\u012bd\u012bgajam ni\u0137e\u013ca p\u0101rkl\u0101jumam ir zemas iek\u0161\u0113j\u0101s spriedzes un t\u0101p\u0113c tas ir labi lokans un stiepjas.<\/p>\n<p><strong>Ni\u0137e\u013ca <\/strong>p\u0101rkl\u0101juma strukt\u016bra ir lamel\u0101ra.<br \/>\nPiedevas tiek izmantotas, lai pan\u0101ktu p\u0113c iesp\u0113jas liel\u0101ku gludumu un asu sp\u012bdumu, t\u0101d\u0113j\u0101di samazinot vai nov\u0113r\u0161ot nepiecie\u0161am\u012bbu p\u0113c deta\u013cas meh\u0101niskas sl\u012bp\u0113\u0161anas un pul\u0113\u0161anas.<br \/>\nIztur\u012bba pret koroziju nav tik laba k\u0101 pusfabrik\u0101ta ni\u0137e\u013ca iztur\u012bba.<\/p>\n<p><strong>Divsl\u0101\u0146u ni\u0137e\u013ca<\/strong> kl\u0101\u0161ana attiecas uz galvaniz\u0101cijas procesu, kur\u0101 ni\u0137eli vispirms nogulsn\u0113 no da\u013c\u0113ji spilgtas vannas un p\u0113c tam uz t\u0101 uzkl\u0101j piln\u012bb\u0101 spilgtu vannu.<br \/>\nAr s\u0113ru bag\u0101tais sl\u0101nis ir maz\u0101k c\u0113ls nek\u0101 apak\u0161\u0113jais sl\u0101nis bez s\u0113ra un nodro\u0161ina katodisko aizsardz\u012bbu.<br \/>\n\u0160\u012b kombin\u0101cija nodro\u0161ina \u013coti labu aizsardz\u012bbu pret koroziju.<\/p>\n<p><strong>Sat\u012bna ni\u0137e\u013ca p\u0101rkl\u0101jums<\/strong> nodro\u0161ina pat\u012bkamu un dekorat\u012bvu apdari, kas piem\u0113rota da\u017e\u0101diem lietojumiem.<br \/>\nP\u0101rkl\u0101jums veidojas, p\u0101rkl\u0101jum\u0101 iek\u013caujot nelielas cietas da\u013ci\u0146as, ni\u0137elim nogulsn\u0113joties.<\/p>\n<p><strong>Meln\u0101 ni\u0137e\u013ca p\u0101rkl\u0101jums<\/strong> nodro\u0161ina skaistu melnu apdari.<br \/>\nTo visbie\u017e\u0101k nogulsn\u0113 uz pusglanc\u0113ta vai pul\u0113ta ni\u0137e\u013ca.<\/p>\n<p>Sazinieties ar mums un jaut\u0101jiet vair\u0101k par ni\u0137e\u013ca p\u0101rkl\u0101jumu![\/vc_column_text][\/vc_column][\/vc_row][vc_row css=&#8221;.vc_custom_1717628491247{margin-bottom: 40px !important;}&#8221;][vc_column css=&#8221;.vc_custom_1717628059564{padding-bottom: 20px !important;}&#8221;][vc_column_text css=&#8221;&#8221;]<\/p>\n<h4>Sazinieties ar mums, lai uzzin\u0101tu par iesp\u0113ju sa\u0146emt paraugu.<\/h4>\n<h4>Jaut\u0101jiet vair\u0101k vai iesniedziet piepras\u012bjumu cit\u0101tam<\/h4>\n<p>[\/vc_column_text][vc_row_inner equal_height=&#8221;yes&#8221; gap=&#8221;10&#8243; css=&#8221;.vc_custom_1718821200073{margin-top: 25px !important;}&#8221;][vc_column_inner width=&#8221;1\/5&#8243;]<style type=\"text\/css\" data-type=\"the7_shortcodes-inline-css\">#default-btn-c9e6a893832d815f771616eb83804464.ico-right-side > i {\n  margin-right: 0px;\n  margin-left: 8px;\n}\n#default-btn-c9e6a893832d815f771616eb83804464 > i {\n  margin-right: 8px;\n}<\/style><a href=\"tel:+358106174100\" class=\"default-btn-shortcode dt-btn dt-btn-m link-hover-off ico-right-side btn-inline-left \" id=\"default-btn-c9e6a893832d815f771616eb83804464\" style=\"width:200px;\" title=\"Soita meille\"><span>P\u0101rkl\u0101jumu karst\u0101 l\u012bnija<\/span><i class=\"icomoon-the7-font-the7-phone-05\"><\/i><\/a>[\/vc_column_inner][vc_column_inner width=&#8221;1\/5&#8243;]<style type=\"text\/css\" data-type=\"the7_shortcodes-inline-css\">#default-btn-38402fa57a00de4d2199ce4834b5daf5.ico-right-side > i {\n  margin-right: 0px;\n  margin-left: 8px;\n}\n#default-btn-38402fa57a00de4d2199ce4834b5daf5 > i {\n  margin-right: 8px;\n}<\/style><a href=\"mailto:info@pinnoitushelin.fi?subject=Tarjouspyynt\u00f6\" class=\"default-btn-shortcode dt-btn dt-btn-m link-hover-off ico-right-side btn-inline-left \" id=\"default-btn-38402fa57a00de4d2199ce4834b5daf5\" style=\"width:200px;\" title=\"J\u00e4t\u00e4 tarjouspyynt\u00f6\"><span>Pied\u0101v\u0101juma piepras\u012bjums<\/span><i class=\"icomoon-the7-font-the7-mail-01\"><\/i><\/a>[\/vc_column_inner][vc_column_inner width=&#8221;1\/5&#8243;]<style type=\"text\/css\" data-type=\"the7_shortcodes-inline-css\">#default-btn-7da1eff8502044f45f70ac935ddad799.ico-right-side > i {\n  margin-right: 0px;\n  margin-left: 8px;\n}\n#default-btn-7da1eff8502044f45f70ac935ddad799 > i {\n  margin-right: 8px;\n}<\/style><a href=\"\/yhteystiedot\/#yhteydenotto\" class=\"default-btn-shortcode dt-btn dt-btn-m link-hover-off ico-right-side btn-inline-left \" id=\"default-btn-7da1eff8502044f45f70ac935ddad799\" style=\"width:200px;\" title=\"J\u00e4t\u00e4 tarjouspyynt\u00f6\"><span>Sazinieties ar mums<\/span><i class=\"dt-icon-the7-menu-012\"><\/i><\/a>[\/vc_column_inner][vc_column_inner width=&#8221;1\/5&#8243;][\/vc_column_inner][vc_column_inner width=&#8221;1\/5&#8243;][\/vc_column_inner][\/vc_row_inner][\/vc_column][\/vc_row][vc_row bg_type=&#8221;bg_color&#8221; bg_override=&#8221;full&#8221; css=&#8221;.vc_custom_1719351634384{margin-bottom: -30px !important;}&#8221;][vc_column offset=&#8221;vc_hidden-md vc_hidden-sm vc_hidden-xs&#8221;][vc_single_image image=&#8221;2134&#8243; img_size=&#8221;full&#8221; alignment=&#8221;right&#8221; css=&#8221;.vc_custom_1722244499456{margin-bottom: -125px !important;}&#8221; image_hovers=&#8221;false&#8221;][\/vc_column][\/vc_row][vc_row bg_type=&#8221;bg_color&#8221; bg_override=&#8221;full&#8221; css=&#8221;.vc_custom_1719351634384{margin-bottom: -30px !important;}&#8221;][vc_column offset=&#8221;vc_hidden-lg&#8221;][vc_single_image image=&#8221;2134&#8243; img_size=&#8221;full&#8221; alignment=&#8221;right&#8221; css=&#8221;.vc_custom_1722280218413{margin-bottom: -85px !important;}&#8221; image_hovers=&#8221;false&#8221;][\/vc_column][\/vc_row]<\/p>\n<\/div>","protected":false},"excerpt":{"rendered":"<p>[vc_row equal_height=&#8221;yes&#8221; content_placement=&#8221;middle&#8221; css=&#8221;.vc_custom_1717628348671{margin-bottom: 40px !important;}&#8221;][vc_column width=&#8221;1\/2&#8243; css=&#8221;.vc_custom_1717628091127{padding-bottom: 20px !important;}&#8221;][vc_column_text css=&#8221;&#8221;]Ni\u0137e\u013ca p\u0101rkl\u0101jums ir ide\u0101li piem\u0113rots izstr\u0101d\u0101jumiem, kuriem v\u0113laties pie\u0161\u0137irt nelielu sp\u012bdumu un pasarg\u0101t pamatmateri\u0101lu no korozijas. Ni\u0137eli k\u0101 t\u0101du izmanto ar\u012b daudzos lietojumos. Ni\u0137e\u013ca virsma ir cieta, pat\u012bkama izskatam un nodro\u0161ina pamatmateri\u0101lam pien\u0101c\u012bgu aizsardz\u012bbu. Ni\u0137e\u013ca kl\u0101\u0161anu var veikt da\u017e\u0101da veida vann\u0101s, un ieg\u016btie ni\u0137e\u013ca p\u0101rkl\u0101jumi&hellip;<\/p>\n","protected":false},"author":3,"featured_media":0,"parent":2837,"menu_order":27,"comment_status":"closed","ping_status":"closed","template":"","meta":{"footnotes":""},"class_list":["post-2873","page","type-page","status-publish","hentry","description-off"],"yoast_head":"<!-- This site is optimized with the Yoast SEO plugin v27.4 - https:\/\/yoast.com\/product\/yoast-seo-wordpress\/ -->\n<title>Ni\u0137e\u013ca p\u0101rkl\u0101jums - Pinnoitus Helin Oy<\/title>\n<meta name=\"description\" content=\"Ni\u0137e\u013ca p\u0101rkl\u0101jums ir ide\u0101li piem\u0113rots izstr\u0101d\u0101jumiem, kuriem v\u0113laties pie\u0161\u0137irt nelielu sp\u012bdumu un pasarg\u0101t pamatmateri\u0101lu no korozijas. Ni\u0137eli k\u0101 t\u0101du izmanto ar\u012b daudzos lietojumos.\" \/>\n<meta name=\"robots\" content=\"index, follow, max-snippet:-1, max-image-preview:large, max-video-preview:-1\" \/>\n<link rel=\"canonical\" href=\"https:\/\/www.pinnoitushelin.fi\/lv\/parklasanas-metodes\/nikela-parklajums\/\" \/>\n<meta property=\"og:locale\" content=\"lv_LV\" \/>\n<meta property=\"og:type\" content=\"article\" \/>\n<meta property=\"og:title\" content=\"Ni\u0137e\u013ca p\u0101rkl\u0101jums - Pinnoitus Helin Oy\" \/>\n<meta property=\"og:description\" content=\"Ni\u0137e\u013ca p\u0101rkl\u0101jums ir ide\u0101li piem\u0113rots izstr\u0101d\u0101jumiem, kuriem v\u0113laties pie\u0161\u0137irt nelielu sp\u012bdumu un pasarg\u0101t pamatmateri\u0101lu no korozijas. Ni\u0137eli k\u0101 t\u0101du izmanto ar\u012b daudzos lietojumos.\" \/>\n<meta property=\"og:url\" content=\"https:\/\/www.pinnoitushelin.fi\/lv\/parklasanas-metodes\/nikela-parklajums\/\" \/>\n<meta property=\"og:site_name\" content=\"Pinnoitus Helin Oy\" \/>\n<meta property=\"article:modified_time\" content=\"2024-07-30T22:47:58+00:00\" \/>\n<meta name=\"twitter:card\" content=\"summary_large_image\" \/>\n<meta name=\"twitter:label1\" content=\"Est. reading time\" \/>\n\t<meta name=\"twitter:data1\" content=\"3 minutes\" \/>\n<script type=\"application\/ld+json\" class=\"yoast-schema-graph\">{\"@context\":\"https:\\\/\\\/schema.org\",\"@graph\":[{\"@type\":\"WebPage\",\"@id\":\"https:\\\/\\\/www.pinnoitushelin.fi\\\/lv\\\/parklasanas-metodes\\\/nikela-parklajums\\\/\",\"url\":\"https:\\\/\\\/www.pinnoitushelin.fi\\\/lv\\\/parklasanas-metodes\\\/nikela-parklajums\\\/\",\"name\":\"Ni\u0137e\u013ca p\u0101rkl\u0101jums - Pinnoitus Helin Oy\",\"isPartOf\":{\"@id\":\"https:\\\/\\\/www.pinnoitushelin.fi\\\/lv\\\/#website\"},\"datePublished\":\"2024-06-19T20:47:44+00:00\",\"dateModified\":\"2024-07-30T22:47:58+00:00\",\"description\":\"Ni\u0137e\u013ca p\u0101rkl\u0101jums ir ide\u0101li piem\u0113rots izstr\u0101d\u0101jumiem, kuriem v\u0113laties pie\u0161\u0137irt nelielu sp\u012bdumu un pasarg\u0101t pamatmateri\u0101lu no korozijas. Ni\u0137eli k\u0101 t\u0101du izmanto ar\u012b daudzos lietojumos.\",\"breadcrumb\":{\"@id\":\"https:\\\/\\\/www.pinnoitushelin.fi\\\/lv\\\/parklasanas-metodes\\\/nikela-parklajums\\\/#breadcrumb\"},\"inLanguage\":\"lv-LV\",\"potentialAction\":[{\"@type\":\"ReadAction\",\"target\":[\"https:\\\/\\\/www.pinnoitushelin.fi\\\/lv\\\/parklasanas-metodes\\\/nikela-parklajums\\\/\"]}]},{\"@type\":\"BreadcrumbList\",\"@id\":\"https:\\\/\\\/www.pinnoitushelin.fi\\\/lv\\\/parklasanas-metodes\\\/nikela-parklajums\\\/#breadcrumb\",\"itemListElement\":[{\"@type\":\"ListItem\",\"position\":1,\"name\":\"Etusivu\",\"item\":\"https:\\\/\\\/www.pinnoitushelin.fi\\\/lv\\\/\"},{\"@type\":\"ListItem\",\"position\":2,\"name\":\"P\u0101rkl\u0101\u0161anas metodes\",\"item\":\"https:\\\/\\\/www.pinnoitushelin.fi\\\/lv\\\/parklasanas-metodes\\\/\"},{\"@type\":\"ListItem\",\"position\":3,\"name\":\"Ni\u0137e\u013ca p\u0101rkl\u0101jums\"}]},{\"@type\":\"WebSite\",\"@id\":\"https:\\\/\\\/www.pinnoitushelin.fi\\\/lv\\\/#website\",\"url\":\"https:\\\/\\\/www.pinnoitushelin.fi\\\/lv\\\/\",\"name\":\"Pinnoitus Helin Oy\",\"description\":\"Teknist\u00e4 pintak\u00e4sittely\u00e4 monipuolisesti ja tasalaatuisesti.\",\"publisher\":{\"@id\":\"https:\\\/\\\/www.pinnoitushelin.fi\\\/lv\\\/#organization\"},\"potentialAction\":[{\"@type\":\"SearchAction\",\"target\":{\"@type\":\"EntryPoint\",\"urlTemplate\":\"https:\\\/\\\/www.pinnoitushelin.fi\\\/lv\\\/?s={search_term_string}\"},\"query-input\":{\"@type\":\"PropertyValueSpecification\",\"valueRequired\":true,\"valueName\":\"search_term_string\"}}],\"inLanguage\":\"lv-LV\"},{\"@type\":\"Organization\",\"@id\":\"https:\\\/\\\/www.pinnoitushelin.fi\\\/lv\\\/#organization\",\"name\":\"Pinnoitus Helin Oy\",\"url\":\"https:\\\/\\\/www.pinnoitushelin.fi\\\/lv\\\/\",\"logo\":{\"@type\":\"ImageObject\",\"inLanguage\":\"lv-LV\",\"@id\":\"https:\\\/\\\/www.pinnoitushelin.fi\\\/lv\\\/#\\\/schema\\\/logo\\\/image\\\/\",\"url\":\"https:\\\/\\\/www.pinnoitushelin.fi\\\/wp-content\\\/uploads\\\/2024\\\/05\\\/logoa.png\",\"contentUrl\":\"https:\\\/\\\/www.pinnoitushelin.fi\\\/wp-content\\\/uploads\\\/2024\\\/05\\\/logoa.png\",\"width\":331,\"height\":105,\"caption\":\"Pinnoitus Helin Oy\"},\"image\":{\"@id\":\"https:\\\/\\\/www.pinnoitushelin.fi\\\/lv\\\/#\\\/schema\\\/logo\\\/image\\\/\"}}]}<\/script>\n<!-- \/ Yoast SEO plugin. -->","yoast_head_json":{"title":"Ni\u0137e\u013ca p\u0101rkl\u0101jums - Pinnoitus Helin Oy","description":"Ni\u0137e\u013ca p\u0101rkl\u0101jums ir ide\u0101li piem\u0113rots izstr\u0101d\u0101jumiem, kuriem v\u0113laties pie\u0161\u0137irt nelielu sp\u012bdumu un pasarg\u0101t pamatmateri\u0101lu no korozijas. Ni\u0137eli k\u0101 t\u0101du izmanto ar\u012b daudzos lietojumos.","robots":{"index":"index","follow":"follow","max-snippet":"max-snippet:-1","max-image-preview":"max-image-preview:large","max-video-preview":"max-video-preview:-1"},"canonical":"https:\/\/www.pinnoitushelin.fi\/lv\/parklasanas-metodes\/nikela-parklajums\/","og_locale":"lv_LV","og_type":"article","og_title":"Ni\u0137e\u013ca p\u0101rkl\u0101jums - Pinnoitus Helin Oy","og_description":"Ni\u0137e\u013ca p\u0101rkl\u0101jums ir ide\u0101li piem\u0113rots izstr\u0101d\u0101jumiem, kuriem v\u0113laties pie\u0161\u0137irt nelielu sp\u012bdumu un pasarg\u0101t pamatmateri\u0101lu no korozijas. Ni\u0137eli k\u0101 t\u0101du izmanto ar\u012b daudzos lietojumos.","og_url":"https:\/\/www.pinnoitushelin.fi\/lv\/parklasanas-metodes\/nikela-parklajums\/","og_site_name":"Pinnoitus Helin Oy","article_modified_time":"2024-07-30T22:47:58+00:00","twitter_card":"summary_large_image","twitter_misc":{"Est. reading time":"3 minutes"},"schema":{"@context":"https:\/\/schema.org","@graph":[{"@type":"WebPage","@id":"https:\/\/www.pinnoitushelin.fi\/lv\/parklasanas-metodes\/nikela-parklajums\/","url":"https:\/\/www.pinnoitushelin.fi\/lv\/parklasanas-metodes\/nikela-parklajums\/","name":"Ni\u0137e\u013ca p\u0101rkl\u0101jums - Pinnoitus Helin Oy","isPartOf":{"@id":"https:\/\/www.pinnoitushelin.fi\/lv\/#website"},"datePublished":"2024-06-19T20:47:44+00:00","dateModified":"2024-07-30T22:47:58+00:00","description":"Ni\u0137e\u013ca p\u0101rkl\u0101jums ir ide\u0101li piem\u0113rots izstr\u0101d\u0101jumiem, kuriem v\u0113laties pie\u0161\u0137irt nelielu sp\u012bdumu un pasarg\u0101t pamatmateri\u0101lu no korozijas. Ni\u0137eli k\u0101 t\u0101du izmanto ar\u012b daudzos lietojumos.","breadcrumb":{"@id":"https:\/\/www.pinnoitushelin.fi\/lv\/parklasanas-metodes\/nikela-parklajums\/#breadcrumb"},"inLanguage":"lv-LV","potentialAction":[{"@type":"ReadAction","target":["https:\/\/www.pinnoitushelin.fi\/lv\/parklasanas-metodes\/nikela-parklajums\/"]}]},{"@type":"BreadcrumbList","@id":"https:\/\/www.pinnoitushelin.fi\/lv\/parklasanas-metodes\/nikela-parklajums\/#breadcrumb","itemListElement":[{"@type":"ListItem","position":1,"name":"Etusivu","item":"https:\/\/www.pinnoitushelin.fi\/lv\/"},{"@type":"ListItem","position":2,"name":"P\u0101rkl\u0101\u0161anas metodes","item":"https:\/\/www.pinnoitushelin.fi\/lv\/parklasanas-metodes\/"},{"@type":"ListItem","position":3,"name":"Ni\u0137e\u013ca p\u0101rkl\u0101jums"}]},{"@type":"WebSite","@id":"https:\/\/www.pinnoitushelin.fi\/lv\/#website","url":"https:\/\/www.pinnoitushelin.fi\/lv\/","name":"Pinnoitus Helin Oy","description":"Teknist\u00e4 pintak\u00e4sittely\u00e4 monipuolisesti ja tasalaatuisesti.","publisher":{"@id":"https:\/\/www.pinnoitushelin.fi\/lv\/#organization"},"potentialAction":[{"@type":"SearchAction","target":{"@type":"EntryPoint","urlTemplate":"https:\/\/www.pinnoitushelin.fi\/lv\/?s={search_term_string}"},"query-input":{"@type":"PropertyValueSpecification","valueRequired":true,"valueName":"search_term_string"}}],"inLanguage":"lv-LV"},{"@type":"Organization","@id":"https:\/\/www.pinnoitushelin.fi\/lv\/#organization","name":"Pinnoitus Helin Oy","url":"https:\/\/www.pinnoitushelin.fi\/lv\/","logo":{"@type":"ImageObject","inLanguage":"lv-LV","@id":"https:\/\/www.pinnoitushelin.fi\/lv\/#\/schema\/logo\/image\/","url":"https:\/\/www.pinnoitushelin.fi\/wp-content\/uploads\/2024\/05\/logoa.png","contentUrl":"https:\/\/www.pinnoitushelin.fi\/wp-content\/uploads\/2024\/05\/logoa.png","width":331,"height":105,"caption":"Pinnoitus Helin Oy"},"image":{"@id":"https:\/\/www.pinnoitushelin.fi\/lv\/#\/schema\/logo\/image\/"}}]}},"_links":{"self":[{"href":"https:\/\/www.pinnoitushelin.fi\/lv\/wp-json\/wp\/v2\/pages\/2873","targetHints":{"allow":["GET"]}}],"collection":[{"href":"https:\/\/www.pinnoitushelin.fi\/lv\/wp-json\/wp\/v2\/pages"}],"about":[{"href":"https:\/\/www.pinnoitushelin.fi\/lv\/wp-json\/wp\/v2\/types\/page"}],"author":[{"embeddable":true,"href":"https:\/\/www.pinnoitushelin.fi\/lv\/wp-json\/wp\/v2\/users\/3"}],"replies":[{"embeddable":true,"href":"https:\/\/www.pinnoitushelin.fi\/lv\/wp-json\/wp\/v2\/comments?post=2873"}],"version-history":[{"count":3,"href":"https:\/\/www.pinnoitushelin.fi\/lv\/wp-json\/wp\/v2\/pages\/2873\/revisions"}],"predecessor-version":[{"id":3210,"href":"https:\/\/www.pinnoitushelin.fi\/lv\/wp-json\/wp\/v2\/pages\/2873\/revisions\/3210"}],"up":[{"embeddable":true,"href":"https:\/\/www.pinnoitushelin.fi\/lv\/wp-json\/wp\/v2\/pages\/2837"}],"wp:attachment":[{"href":"https:\/\/www.pinnoitushelin.fi\/lv\/wp-json\/wp\/v2\/media?parent=2873"}],"curies":[{"name":"wp","href":"https:\/\/api.w.org\/{rel}","templated":true}]}}