{"id":2867,"date":"2024-06-19T22:30:34","date_gmt":"2024-06-19T20:30:34","guid":{"rendered":"https:\/\/www.pinnoitushelin.fi\/parklasanas-panemieni\/kimiska-nikela-parklajums\/"},"modified":"2024-07-31T00:47:25","modified_gmt":"2024-07-30T22:47:25","slug":"kimiska-nikela-parklajums","status":"publish","type":"page","link":"https:\/\/www.pinnoitushelin.fi\/lv\/parklasanas-metodes\/kimiska-nikela-parklajums\/","title":{"rendered":"\u0136\u012bmisk\u0101 ni\u0137e\u013ca p\u0101rkl\u0101jums"},"content":{"rendered":"<div class=\"wpb-content-wrapper\"><p>[vc_row equal_height=&#8221;yes&#8221; content_placement=&#8221;middle&#8221; css=&#8221;.vc_custom_1717628348671{margin-bottom: 40px !important;}&#8221;][vc_column width=&#8221;1\/2&#8243; css=&#8221;.vc_custom_1717628091127{padding-bottom: 20px !important;}&#8221;][vc_column_text css=&#8221;&#8221;]Elektrol\u012btisk\u0101 ni\u0137e\u013ca p\u0101rkl\u0101jums \u0137\u012bmisk\u0101s reakcijas rezult\u0101t\u0101 samazina met\u0101la p\u0101rkl\u0101jumu uz izstr\u0101d\u0101juma virsmas.<br \/>\nIeg\u016btais p\u0101rkl\u0101jums ir \u013coti prec\u012bzs un vienm\u0113r\u012bgs neatkar\u012bgi no izstr\u0101d\u0101juma formas.<br \/>\n\u0160\u012b \u012bpa\u0161\u012bba, k\u0101 ar\u012b augsta ciet\u012bba un nodilumiztur\u012bba ir padar\u012bjusi \u0161o metodi par \u013coti visp\u0101r\u012bgu apstr\u0101di daudzos sare\u017e\u0123\u012btos lietojumos.<br \/>\n\u0136\u012bmiskais ni\u0137e\u013ca p\u0101rkl\u0101jums ir labi piem\u0113rots alum\u012bnijam, misi\u0146am un t\u0113raudam.<br \/>\nKorozijas iztur\u012bba ir laba ar\u012b p\u0101rkl\u0101jumiem ar biezumu virs 25 \u00b5m.<br \/>\nAr ni\u0137eli ar augstu fosfora saturu var sasniegt l\u012bdz 1000 h (NSS).[\/vc_column_text][\/vc_column][vc_column width=&#8221;1\/2&#8243;][vc_single_image image=&#8221;1964&#8243; img_size=&#8221;large&#8221; css=&#8221;&#8221;][\/vc_column][\/vc_row][vc_row equal_height=&#8221;yes&#8221; css=&#8221;.vc_custom_1718820603748{margin-bottom: 40px !important;}&#8221;][vc_column css=&#8221;.vc_custom_1717628059564{padding-bottom: 20px !important;}&#8221;][vc_column_text css=&#8221;&#8221;]<\/p>\n<h3>Pinnoitus Helin Oy elektrol\u012btisk\u0101 ni\u0137e\u013ca p\u0101rkl\u0101juma risin\u0101jumi:<\/h3>\n<ul>\n<li>vid\u0113ji fosfora (fosfora saturs p\u0101rkl\u0101jum\u0101 6-9 %)<\/li>\n<li>ar augstu fosfora saturu (fosfora saturs p\u0101rkl\u0101jum\u0101 10-13%).<\/li>\n<li>Atbilst RoHS direkt\u012bvai<br \/>\nMaksim\u0101lie gabala izm\u0113ri: 2700 mm x 900 mm x 250 mm<\/li>\n<li>Priek\u0161apstr\u0101de: var\u0161, alum\u012bnijs, t\u0113rauds un to sakaus\u0113jumi<\/li>\n<li>P\u0101rkl\u0101juma ciet\u012bba HV 0,1:<\/li>\n<\/ul>\n<p>&#8211; bez termisk\u0101s apstr\u0101des: 500-600<br \/>\n&#8211; termiski apstr\u0101d\u0101ts pie 400 C: 900-1000<\/p>\n<h3>Elektrol\u012btisk\u0101 ni\u0137e\u013ca p\u0101rkl\u0101jums un standarti<\/h3>\n<ul>\n<li>Autokatal\u012btiskie (bezelektrol\u012btiskie) ni\u0137e\u013ca-fosfora sakaus\u0113jumu p\u0101rkl\u0101jumi &#8211; Specifik\u0101cija un test\u0113\u0161anas metodes (ISO 4527:2003)<\/li>\n<\/ul>\n<h3>Cietais hroms<\/h3>\n<p>Cietais hroms nodro\u0161ina cietu un nodilumiztur\u012bgu virsmu.<br \/>\nDaudzos lietojumos ciet\u0101 hroma p\u0101rkl\u0101jumu var aizst\u0101t ar elektrol\u012btisku ni\u0137e\u013ca p\u0101rkl\u0101jumu.<br \/>\nBezelektronisk\u0101 ni\u0137e\u013ca p\u0101rkl\u0101jums var aizst\u0101t ciet\u0101 hroma p\u0101rkl\u0101jumu, un tas ir videi draudz\u012bg\u0101ks apstr\u0101des veids.<\/p>\n<p>Sazinieties ar mums, lai uzzin\u0101tu vair\u0101k par bezhromu ni\u0137e\u013ca p\u0101rkl\u0101jumu vai ciet\u0101 hroma aizst\u0101\u0161anu ar bezhromu ni\u0137e\u013ca p\u0101rkl\u0101jumu.[\/vc_column_text][\/vc_column][\/vc_row][vc_row css=&#8221;.vc_custom_1717628491247{margin-bottom: 40px !important;}&#8221;][vc_column css=&#8221;.vc_custom_1717628059564{padding-bottom: 20px !important;}&#8221;][vc_column_text css=&#8221;&#8221;]<\/p>\n<h4>Sazinieties ar mums, lai uzzin\u0101tu par iesp\u0113ju sa\u0146emt paraugu.<\/h4>\n<h4>Jaut\u0101jiet vair\u0101k vai iesniedziet piepras\u012bjumu cit\u0101tam<\/h4>\n<p>[\/vc_column_text][vc_row_inner equal_height=&#8221;yes&#8221; gap=&#8221;10&#8243; css=&#8221;.vc_custom_1718821200073{margin-top: 25px !important;}&#8221;][vc_column_inner width=&#8221;1\/5&#8243;]<style type=\"text\/css\" data-type=\"the7_shortcodes-inline-css\">#default-btn-c9e6a893832d815f771616eb83804464.ico-right-side > i {\n  margin-right: 0px;\n  margin-left: 8px;\n}\n#default-btn-c9e6a893832d815f771616eb83804464 > i {\n  margin-right: 8px;\n}<\/style><a href=\"tel:+358106174100\" class=\"default-btn-shortcode dt-btn dt-btn-m link-hover-off ico-right-side btn-inline-left \" id=\"default-btn-c9e6a893832d815f771616eb83804464\" style=\"width:200px;\" title=\"Soita meille\"><span>P\u0101rkl\u0101jumu karst\u0101 l\u012bnija<\/span><i class=\"icomoon-the7-font-the7-phone-05\"><\/i><\/a>[\/vc_column_inner][vc_column_inner width=&#8221;1\/5&#8243;]<style type=\"text\/css\" data-type=\"the7_shortcodes-inline-css\">#default-btn-38402fa57a00de4d2199ce4834b5daf5.ico-right-side > i {\n  margin-right: 0px;\n  margin-left: 8px;\n}\n#default-btn-38402fa57a00de4d2199ce4834b5daf5 > i {\n  margin-right: 8px;\n}<\/style><a href=\"mailto:info@pinnoitushelin.fi?subject=Tarjouspyynt\u00f6\" class=\"default-btn-shortcode dt-btn dt-btn-m link-hover-off ico-right-side btn-inline-left \" id=\"default-btn-38402fa57a00de4d2199ce4834b5daf5\" style=\"width:200px;\" title=\"J\u00e4t\u00e4 tarjouspyynt\u00f6\"><span>Pied\u0101v\u0101juma piepras\u012bjums<\/span><i class=\"icomoon-the7-font-the7-mail-01\"><\/i><\/a>[\/vc_column_inner][vc_column_inner width=&#8221;1\/5&#8243;]<style type=\"text\/css\" data-type=\"the7_shortcodes-inline-css\">#default-btn-7da1eff8502044f45f70ac935ddad799.ico-right-side > i {\n  margin-right: 0px;\n  margin-left: 8px;\n}\n#default-btn-7da1eff8502044f45f70ac935ddad799 > i {\n  margin-right: 8px;\n}<\/style><a href=\"\/yhteystiedot\/#yhteydenotto\" class=\"default-btn-shortcode dt-btn dt-btn-m link-hover-off ico-right-side btn-inline-left \" id=\"default-btn-7da1eff8502044f45f70ac935ddad799\" style=\"width:200px;\" title=\"J\u00e4t\u00e4 tarjouspyynt\u00f6\"><span>Sazinieties ar mums<\/span><i class=\"dt-icon-the7-menu-012\"><\/i><\/a>[\/vc_column_inner][vc_column_inner width=&#8221;1\/5&#8243;][\/vc_column_inner][vc_column_inner width=&#8221;1\/5&#8243;][\/vc_column_inner][\/vc_row_inner][\/vc_column][\/vc_row][vc_row][vc_column offset=&#8221;vc_hidden-md vc_hidden-sm vc_hidden-xs&#8221;][vc_empty_space height=&#8221;120px&#8221;][\/vc_column][\/vc_row][vc_row bg_type=&#8221;bg_color&#8221; bg_override=&#8221;full&#8221; css=&#8221;.vc_custom_1719351634384{margin-bottom: -30px !important;}&#8221;][vc_column offset=&#8221;vc_hidden-md vc_hidden-sm vc_hidden-xs&#8221;][vc_single_image image=&#8221;2134&#8243; img_size=&#8221;full&#8221; alignment=&#8221;right&#8221; css=&#8221;.vc_custom_1722244499456{margin-bottom: -125px !important;}&#8221; image_hovers=&#8221;false&#8221;][\/vc_column][\/vc_row][vc_row bg_type=&#8221;bg_color&#8221; bg_override=&#8221;full&#8221; css=&#8221;.vc_custom_1719351634384{margin-bottom: -30px !important;}&#8221;][vc_column offset=&#8221;vc_hidden-lg&#8221;][vc_single_image image=&#8221;2134&#8243; img_size=&#8221;full&#8221; alignment=&#8221;right&#8221; css=&#8221;.vc_custom_1722280218413{margin-bottom: -85px !important;}&#8221; image_hovers=&#8221;false&#8221;][\/vc_column][\/vc_row]<\/p>\n<\/div>","protected":false},"excerpt":{"rendered":"<p>[vc_row equal_height=&#8221;yes&#8221; content_placement=&#8221;middle&#8221; css=&#8221;.vc_custom_1717628348671{margin-bottom: 40px !important;}&#8221;][vc_column width=&#8221;1\/2&#8243; css=&#8221;.vc_custom_1717628091127{padding-bottom: 20px !important;}&#8221;][vc_column_text css=&#8221;&#8221;]Elektrol\u012btisk\u0101 ni\u0137e\u013ca p\u0101rkl\u0101jums \u0137\u012bmisk\u0101s reakcijas rezult\u0101t\u0101 samazina met\u0101la p\u0101rkl\u0101jumu uz izstr\u0101d\u0101juma virsmas. Ieg\u016btais p\u0101rkl\u0101jums ir \u013coti prec\u012bzs un vienm\u0113r\u012bgs neatkar\u012bgi no izstr\u0101d\u0101juma formas. \u0160\u012b \u012bpa\u0161\u012bba, k\u0101 ar\u012b augsta ciet\u012bba un nodilumiztur\u012bba ir padar\u012bjusi \u0161o metodi par \u013coti visp\u0101r\u012bgu apstr\u0101di daudzos sare\u017e\u0123\u012btos lietojumos. \u0136\u012bmiskais ni\u0137e\u013ca p\u0101rkl\u0101jums&hellip;<\/p>\n","protected":false},"author":3,"featured_media":0,"parent":2837,"menu_order":26,"comment_status":"closed","ping_status":"closed","template":"","meta":{"footnotes":""},"class_list":["post-2867","page","type-page","status-publish","hentry","description-off"],"yoast_head":"<!-- This site is optimized with the Yoast SEO plugin v27.4 - https:\/\/yoast.com\/product\/yoast-seo-wordpress\/ -->\n<title>\u0136\u012bmisk\u0101 ni\u0137e\u013ca p\u0101rkl\u0101jums - Pinnoitus Helin Oy<\/title>\n<meta name=\"description\" content=\"Elektrol\u012btisk\u0101 ni\u0137e\u013ca p\u0101rkl\u0101jums \u0137\u012bmisk\u0101s reakcijas rezult\u0101t\u0101 samazina met\u0101la p\u0101rkl\u0101jumu l\u012bdz izstr\u0101d\u0101juma virsmai. Ieg\u016btais p\u0101rkl\u0101jums ir \u013coti prec\u012bzs un vienm\u0113r\u012bgs neatkar\u012bgi no izstr\u0101d\u0101juma formas.\" \/>\n<meta name=\"robots\" content=\"index, follow, max-snippet:-1, max-image-preview:large, max-video-preview:-1\" \/>\n<link rel=\"canonical\" href=\"https:\/\/www.pinnoitushelin.fi\/lv\/parklasanas-metodes\/kimiska-nikela-parklajums\/\" \/>\n<meta property=\"og:locale\" content=\"lv_LV\" \/>\n<meta property=\"og:type\" content=\"article\" \/>\n<meta property=\"og:title\" content=\"\u0136\u012bmisk\u0101 ni\u0137e\u013ca p\u0101rkl\u0101jums - Pinnoitus Helin Oy\" \/>\n<meta property=\"og:description\" content=\"Elektrol\u012btisk\u0101 ni\u0137e\u013ca p\u0101rkl\u0101jums \u0137\u012bmisk\u0101s reakcijas rezult\u0101t\u0101 samazina met\u0101la p\u0101rkl\u0101jumu l\u012bdz izstr\u0101d\u0101juma virsmai. Ieg\u016btais p\u0101rkl\u0101jums ir \u013coti prec\u012bzs un vienm\u0113r\u012bgs neatkar\u012bgi no izstr\u0101d\u0101juma formas.\" \/>\n<meta property=\"og:url\" content=\"https:\/\/www.pinnoitushelin.fi\/lv\/parklasanas-metodes\/kimiska-nikela-parklajums\/\" \/>\n<meta property=\"og:site_name\" content=\"Pinnoitus Helin Oy\" \/>\n<meta property=\"article:modified_time\" content=\"2024-07-30T22:47:25+00:00\" \/>\n<meta name=\"twitter:card\" content=\"summary_large_image\" \/>\n<meta name=\"twitter:label1\" content=\"Est. reading time\" \/>\n\t<meta name=\"twitter:data1\" content=\"2 minutes\" \/>\n<script type=\"application\/ld+json\" class=\"yoast-schema-graph\">{\"@context\":\"https:\\\/\\\/schema.org\",\"@graph\":[{\"@type\":\"WebPage\",\"@id\":\"https:\\\/\\\/www.pinnoitushelin.fi\\\/lv\\\/parklasanas-metodes\\\/kimiska-nikela-parklajums\\\/\",\"url\":\"https:\\\/\\\/www.pinnoitushelin.fi\\\/lv\\\/parklasanas-metodes\\\/kimiska-nikela-parklajums\\\/\",\"name\":\"\u0136\u012bmisk\u0101 ni\u0137e\u013ca p\u0101rkl\u0101jums - Pinnoitus Helin Oy\",\"isPartOf\":{\"@id\":\"https:\\\/\\\/www.pinnoitushelin.fi\\\/lv\\\/#website\"},\"datePublished\":\"2024-06-19T20:30:34+00:00\",\"dateModified\":\"2024-07-30T22:47:25+00:00\",\"description\":\"Elektrol\u012btisk\u0101 ni\u0137e\u013ca p\u0101rkl\u0101jums \u0137\u012bmisk\u0101s reakcijas rezult\u0101t\u0101 samazina met\u0101la p\u0101rkl\u0101jumu l\u012bdz izstr\u0101d\u0101juma virsmai. Ieg\u016btais p\u0101rkl\u0101jums ir \u013coti prec\u012bzs un vienm\u0113r\u012bgs neatkar\u012bgi no izstr\u0101d\u0101juma formas.\",\"breadcrumb\":{\"@id\":\"https:\\\/\\\/www.pinnoitushelin.fi\\\/lv\\\/parklasanas-metodes\\\/kimiska-nikela-parklajums\\\/#breadcrumb\"},\"inLanguage\":\"lv-LV\",\"potentialAction\":[{\"@type\":\"ReadAction\",\"target\":[\"https:\\\/\\\/www.pinnoitushelin.fi\\\/lv\\\/parklasanas-metodes\\\/kimiska-nikela-parklajums\\\/\"]}]},{\"@type\":\"BreadcrumbList\",\"@id\":\"https:\\\/\\\/www.pinnoitushelin.fi\\\/lv\\\/parklasanas-metodes\\\/kimiska-nikela-parklajums\\\/#breadcrumb\",\"itemListElement\":[{\"@type\":\"ListItem\",\"position\":1,\"name\":\"Etusivu\",\"item\":\"https:\\\/\\\/www.pinnoitushelin.fi\\\/lv\\\/\"},{\"@type\":\"ListItem\",\"position\":2,\"name\":\"P\u0101rkl\u0101\u0161anas metodes\",\"item\":\"https:\\\/\\\/www.pinnoitushelin.fi\\\/lv\\\/parklasanas-metodes\\\/\"},{\"@type\":\"ListItem\",\"position\":3,\"name\":\"\u0136\u012bmisk\u0101 ni\u0137e\u013ca p\u0101rkl\u0101jums\"}]},{\"@type\":\"WebSite\",\"@id\":\"https:\\\/\\\/www.pinnoitushelin.fi\\\/lv\\\/#website\",\"url\":\"https:\\\/\\\/www.pinnoitushelin.fi\\\/lv\\\/\",\"name\":\"Pinnoitus Helin Oy\",\"description\":\"Teknist\u00e4 pintak\u00e4sittely\u00e4 monipuolisesti ja tasalaatuisesti.\",\"publisher\":{\"@id\":\"https:\\\/\\\/www.pinnoitushelin.fi\\\/lv\\\/#organization\"},\"potentialAction\":[{\"@type\":\"SearchAction\",\"target\":{\"@type\":\"EntryPoint\",\"urlTemplate\":\"https:\\\/\\\/www.pinnoitushelin.fi\\\/lv\\\/?s={search_term_string}\"},\"query-input\":{\"@type\":\"PropertyValueSpecification\",\"valueRequired\":true,\"valueName\":\"search_term_string\"}}],\"inLanguage\":\"lv-LV\"},{\"@type\":\"Organization\",\"@id\":\"https:\\\/\\\/www.pinnoitushelin.fi\\\/lv\\\/#organization\",\"name\":\"Pinnoitus Helin Oy\",\"url\":\"https:\\\/\\\/www.pinnoitushelin.fi\\\/lv\\\/\",\"logo\":{\"@type\":\"ImageObject\",\"inLanguage\":\"lv-LV\",\"@id\":\"https:\\\/\\\/www.pinnoitushelin.fi\\\/lv\\\/#\\\/schema\\\/logo\\\/image\\\/\",\"url\":\"https:\\\/\\\/www.pinnoitushelin.fi\\\/wp-content\\\/uploads\\\/2024\\\/05\\\/logoa.png\",\"contentUrl\":\"https:\\\/\\\/www.pinnoitushelin.fi\\\/wp-content\\\/uploads\\\/2024\\\/05\\\/logoa.png\",\"width\":331,\"height\":105,\"caption\":\"Pinnoitus Helin Oy\"},\"image\":{\"@id\":\"https:\\\/\\\/www.pinnoitushelin.fi\\\/lv\\\/#\\\/schema\\\/logo\\\/image\\\/\"}}]}<\/script>\n<!-- \/ Yoast SEO plugin. -->","yoast_head_json":{"title":"\u0136\u012bmisk\u0101 ni\u0137e\u013ca p\u0101rkl\u0101jums - Pinnoitus Helin Oy","description":"Elektrol\u012btisk\u0101 ni\u0137e\u013ca p\u0101rkl\u0101jums \u0137\u012bmisk\u0101s reakcijas rezult\u0101t\u0101 samazina met\u0101la p\u0101rkl\u0101jumu l\u012bdz izstr\u0101d\u0101juma virsmai. Ieg\u016btais p\u0101rkl\u0101jums ir \u013coti prec\u012bzs un vienm\u0113r\u012bgs neatkar\u012bgi no izstr\u0101d\u0101juma formas.","robots":{"index":"index","follow":"follow","max-snippet":"max-snippet:-1","max-image-preview":"max-image-preview:large","max-video-preview":"max-video-preview:-1"},"canonical":"https:\/\/www.pinnoitushelin.fi\/lv\/parklasanas-metodes\/kimiska-nikela-parklajums\/","og_locale":"lv_LV","og_type":"article","og_title":"\u0136\u012bmisk\u0101 ni\u0137e\u013ca p\u0101rkl\u0101jums - Pinnoitus Helin Oy","og_description":"Elektrol\u012btisk\u0101 ni\u0137e\u013ca p\u0101rkl\u0101jums \u0137\u012bmisk\u0101s reakcijas rezult\u0101t\u0101 samazina met\u0101la p\u0101rkl\u0101jumu l\u012bdz izstr\u0101d\u0101juma virsmai. Ieg\u016btais p\u0101rkl\u0101jums ir \u013coti prec\u012bzs un vienm\u0113r\u012bgs neatkar\u012bgi no izstr\u0101d\u0101juma formas.","og_url":"https:\/\/www.pinnoitushelin.fi\/lv\/parklasanas-metodes\/kimiska-nikela-parklajums\/","og_site_name":"Pinnoitus Helin Oy","article_modified_time":"2024-07-30T22:47:25+00:00","twitter_card":"summary_large_image","twitter_misc":{"Est. reading time":"2 minutes"},"schema":{"@context":"https:\/\/schema.org","@graph":[{"@type":"WebPage","@id":"https:\/\/www.pinnoitushelin.fi\/lv\/parklasanas-metodes\/kimiska-nikela-parklajums\/","url":"https:\/\/www.pinnoitushelin.fi\/lv\/parklasanas-metodes\/kimiska-nikela-parklajums\/","name":"\u0136\u012bmisk\u0101 ni\u0137e\u013ca p\u0101rkl\u0101jums - Pinnoitus Helin Oy","isPartOf":{"@id":"https:\/\/www.pinnoitushelin.fi\/lv\/#website"},"datePublished":"2024-06-19T20:30:34+00:00","dateModified":"2024-07-30T22:47:25+00:00","description":"Elektrol\u012btisk\u0101 ni\u0137e\u013ca p\u0101rkl\u0101jums \u0137\u012bmisk\u0101s reakcijas rezult\u0101t\u0101 samazina met\u0101la p\u0101rkl\u0101jumu l\u012bdz izstr\u0101d\u0101juma virsmai. Ieg\u016btais p\u0101rkl\u0101jums ir \u013coti prec\u012bzs un vienm\u0113r\u012bgs neatkar\u012bgi no izstr\u0101d\u0101juma formas.","breadcrumb":{"@id":"https:\/\/www.pinnoitushelin.fi\/lv\/parklasanas-metodes\/kimiska-nikela-parklajums\/#breadcrumb"},"inLanguage":"lv-LV","potentialAction":[{"@type":"ReadAction","target":["https:\/\/www.pinnoitushelin.fi\/lv\/parklasanas-metodes\/kimiska-nikela-parklajums\/"]}]},{"@type":"BreadcrumbList","@id":"https:\/\/www.pinnoitushelin.fi\/lv\/parklasanas-metodes\/kimiska-nikela-parklajums\/#breadcrumb","itemListElement":[{"@type":"ListItem","position":1,"name":"Etusivu","item":"https:\/\/www.pinnoitushelin.fi\/lv\/"},{"@type":"ListItem","position":2,"name":"P\u0101rkl\u0101\u0161anas metodes","item":"https:\/\/www.pinnoitushelin.fi\/lv\/parklasanas-metodes\/"},{"@type":"ListItem","position":3,"name":"\u0136\u012bmisk\u0101 ni\u0137e\u013ca p\u0101rkl\u0101jums"}]},{"@type":"WebSite","@id":"https:\/\/www.pinnoitushelin.fi\/lv\/#website","url":"https:\/\/www.pinnoitushelin.fi\/lv\/","name":"Pinnoitus Helin Oy","description":"Teknist\u00e4 pintak\u00e4sittely\u00e4 monipuolisesti ja tasalaatuisesti.","publisher":{"@id":"https:\/\/www.pinnoitushelin.fi\/lv\/#organization"},"potentialAction":[{"@type":"SearchAction","target":{"@type":"EntryPoint","urlTemplate":"https:\/\/www.pinnoitushelin.fi\/lv\/?s={search_term_string}"},"query-input":{"@type":"PropertyValueSpecification","valueRequired":true,"valueName":"search_term_string"}}],"inLanguage":"lv-LV"},{"@type":"Organization","@id":"https:\/\/www.pinnoitushelin.fi\/lv\/#organization","name":"Pinnoitus Helin Oy","url":"https:\/\/www.pinnoitushelin.fi\/lv\/","logo":{"@type":"ImageObject","inLanguage":"lv-LV","@id":"https:\/\/www.pinnoitushelin.fi\/lv\/#\/schema\/logo\/image\/","url":"https:\/\/www.pinnoitushelin.fi\/wp-content\/uploads\/2024\/05\/logoa.png","contentUrl":"https:\/\/www.pinnoitushelin.fi\/wp-content\/uploads\/2024\/05\/logoa.png","width":331,"height":105,"caption":"Pinnoitus Helin Oy"},"image":{"@id":"https:\/\/www.pinnoitushelin.fi\/lv\/#\/schema\/logo\/image\/"}}]}},"_links":{"self":[{"href":"https:\/\/www.pinnoitushelin.fi\/lv\/wp-json\/wp\/v2\/pages\/2867","targetHints":{"allow":["GET"]}}],"collection":[{"href":"https:\/\/www.pinnoitushelin.fi\/lv\/wp-json\/wp\/v2\/pages"}],"about":[{"href":"https:\/\/www.pinnoitushelin.fi\/lv\/wp-json\/wp\/v2\/types\/page"}],"author":[{"embeddable":true,"href":"https:\/\/www.pinnoitushelin.fi\/lv\/wp-json\/wp\/v2\/users\/3"}],"replies":[{"embeddable":true,"href":"https:\/\/www.pinnoitushelin.fi\/lv\/wp-json\/wp\/v2\/comments?post=2867"}],"version-history":[{"count":3,"href":"https:\/\/www.pinnoitushelin.fi\/lv\/wp-json\/wp\/v2\/pages\/2867\/revisions"}],"predecessor-version":[{"id":3209,"href":"https:\/\/www.pinnoitushelin.fi\/lv\/wp-json\/wp\/v2\/pages\/2867\/revisions\/3209"}],"up":[{"embeddable":true,"href":"https:\/\/www.pinnoitushelin.fi\/lv\/wp-json\/wp\/v2\/pages\/2837"}],"wp:attachment":[{"href":"https:\/\/www.pinnoitushelin.fi\/lv\/wp-json\/wp\/v2\/media?parent=2867"}],"curies":[{"name":"wp","href":"https:\/\/api.w.org\/{rel}","templated":true}]}}