{"id":2861,"date":"2024-06-19T22:21:20","date_gmt":"2024-06-19T20:21:20","guid":{"rendered":"https:\/\/www.pinnoitushelin.fi\/parklasanas-panemieni\/dehidratacijas-atlaidinasana\/"},"modified":"2024-07-31T00:46:46","modified_gmt":"2024-07-30T22:46:46","slug":"dehidratacijas-atlaidinasana","status":"publish","type":"page","link":"https:\/\/www.pinnoitushelin.fi\/lv\/parklasanas-metodes\/dehidratacijas-atlaidinasana\/","title":{"rendered":"Dehidrat\u0101cijas atlaidin\u0101\u0161ana"},"content":{"rendered":"<div class=\"wpb-content-wrapper\"><p>[vc_row equal_height=&#8221;yes&#8221; content_placement=&#8221;middle&#8221; css=&#8221;.vc_custom_1717628348671{margin-bottom: 40px !important;}&#8221;][vc_column width=&#8221;1\/2&#8243; css=&#8221;.vc_custom_1717628091127{padding-bottom: 20px !important;}&#8221;][vc_column_text css=&#8221;&#8221;]Dehidrogen\u0113\u0161ana ir process, kur\u0101 tiek atdal\u012bts \u016bde\u0146radis, kas rodas p\u0101rkl\u0101juma kl\u0101\u0161anas proces\u0101, lai nov\u0113rstu deta\u013cu trauslumu.<br \/>\nProbl\u0113ma ar daudz\u0101m t\u0113rauda \u0161\u0137ir\u0101m ir virsmas apstr\u0101des laik\u0101 pamatmateri\u0101l\u0101 absorb\u0113tais \u016bde\u0146radis.<br \/>\n\u0160\u012b par\u0101d\u012bba var izrais\u012bt neparedzamu met\u0101la strukt\u016bras trauslumu un rad\u012bt b\u016btiskus boj\u0101jumus.<br \/>\nPareiza termisk\u0101 apstr\u0101de p\u0113c iesp\u0113jas \u0101tr\u0101k p\u0113c p\u0101rkl\u0101juma uzkl\u0101\u0161anas var samazin\u0101t \u016bde\u0146ra\u017ea trausluma risku.[\/vc_column_text][\/vc_column][vc_column width=&#8221;1\/2&#8243;][vc_single_image image=&#8221;1961&#8243; img_size=&#8221;large&#8221; css=&#8221;&#8221;][\/vc_column][\/vc_row][vc_row equal_height=&#8221;yes&#8221; css=&#8221;.vc_custom_1718820603748{margin-bottom: 40px !important;}&#8221;][vc_column css=&#8221;.vc_custom_1717628059564{padding-bottom: 20px !important;}&#8221;][vc_column_text css=&#8221;&#8221;]<\/p>\n<h3>Termisk\u0101 apstr\u0101de uz\u0146\u0113mum\u0101 Pinnoitus Helin Oy<\/h3>\n<ul>\n<li>2 gab. cirkul\u0101cijas gaisa kr\u0101snis<\/li>\n<li>maks.<br \/>\n250 C<\/li>\n<li>1500x1000x800 mm<\/li>\n<\/ul>\n<h3>Standarts:<\/h3>\n<ul>\n<li>Dzelzs vai t\u0113rauda apstr\u0101de p\u0113c p\u0101rkl\u0101juma uzkl\u0101\u0161anas, lai samazin\u0101tu \u016bde\u0146ra\u017ea trausluma risku.<br \/>\n(ISO 9588:2007)<\/li>\n<\/ul>\n<p>Saska\u0146\u0101 ar standartu termisk\u0101 apstr\u0101de j\u0101s\u0101k ne v\u0113l\u0101k k\u0101 3 stundas p\u0113c p\u0101rkl\u0101juma uzkl\u0101\u0161anas pabeig\u0161anas.<br \/>\nTaj\u0101 pa\u0161\u0101 standart\u0101 nor\u0101d\u012bts ar\u012b apstr\u0101des ilgums un temperat\u016bra.<br \/>\nStiprin\u0101jumu, piem\u0113ram, skr\u016bvju un bultskr\u016bvju, standarta dehidrogeniz\u0101cijas ilgums ir 3 stundas 220 gr\u0101du temperat\u016br\u0101.<\/p>\n<p>\u016ade\u0146ra\u017ea trausluma risks virsmas apstr\u0101d\u0113 rodas visos \u0137\u012bmiskajos procesos, kuros uz izstr\u0101d\u0101juma virsmas veidojas \u016bde\u0146radis.<br \/>\nLab\u0101kaj\u0101 gad\u012bjum\u0101 \u016bde\u0146ra\u017ea atomi apvienojas un izdal\u0101s gais\u0101 \u016bde\u0146ra\u017ea g\u0101zes veid\u0101.<br \/>\nTom\u0113r da\u017ei H+ joni tiek absorb\u0113ti priek\u0161met\u0101, un tiem ir struktur\u0101li v\u0101jino\u0161a ietekme.<\/p>\n<p>Saska\u0146\u0101 ar standartu gabali ar stiepes iztur\u012bbu, kas maz\u0101ka par 1000 MPa, nav termiski j\u0101apstr\u0101d\u0101, ta\u010du daudzos gad\u012bjumos t\u0101da ir prakse.<br \/>\nBieziem cinka sl\u0101\u0146iem bie\u017ei tiek izmantots divpak\u0101pju process, pirmo cinko\u0161anu veicot aptuveni pie 1,5 \u00b0C temperat\u016bras.<br \/>\nBie\u017ei tiek izmantots divpak\u0101pju process, kur\u0101 pirmo cinko\u0161anu veic l\u012bdz 5 \u00b5m biezumam, p\u0113c tam veic nepiecie\u0161amo termisko apstr\u0101di un visbeidzot p\u0101rkl\u0101jumu uzkl\u0101j l\u012bdz v\u0113lamajam biezumam.<br \/>\nTas pamatojas uz p\u0113t\u012bjumiem, kas liecina, ka \u016bde\u0146ra\u017ea atdal\u012b\u0161ana ir apgr\u016btin\u0101ta, ja cinka sl\u0101\u0146a biezums p\u0101rsniedz 10 \u00b5m.<\/p>\n<p>Attiec\u012bb\u0101 uz \u016bde\u0146ra\u017ea trauslumu j\u0101atz\u012bm\u0113, ka \u0161\u012b par\u0101d\u012bba nav viennoz\u012bm\u012bga.<br \/>\nJo \u012bpa\u0161i attiec\u012bb\u0101 uz sast\u0101vda\u013c\u0101m, kuru paredz\u0113tais lietojums ir kritiski svar\u012bgs dro\u0161\u012bbai un funkcionalit\u0101tei kopum\u0101, \u016bde\u0146ra\u017ea trausluma probl\u0113ma ir j\u0101izskata katr\u0101 gad\u012bjum\u0101 atsevi\u0161\u0137i.[\/vc_column_text][\/vc_column][\/vc_row][vc_row css=&#8221;.vc_custom_1717628491247{margin-bottom: 40px !important;}&#8221;][vc_column css=&#8221;.vc_custom_1717628059564{padding-bottom: 20px !important;}&#8221;][vc_column_text css=&#8221;&#8221;]<\/p>\n<h4>Sazinieties ar mums, lai uzzin\u0101tu par iesp\u0113ju sa\u0146emt paraugu.<\/h4>\n<h4>Jaut\u0101jiet vair\u0101k vai iesniedziet piepras\u012bjumu cit\u0101tam<\/h4>\n<p>[\/vc_column_text][vc_row_inner equal_height=&#8221;yes&#8221; gap=&#8221;10&#8243; css=&#8221;.vc_custom_1718821200073{margin-top: 25px !important;}&#8221;][vc_column_inner width=&#8221;1\/5&#8243;]<style type=\"text\/css\" data-type=\"the7_shortcodes-inline-css\">#default-btn-c9e6a893832d815f771616eb83804464.ico-right-side > i {\n  margin-right: 0px;\n  margin-left: 8px;\n}\n#default-btn-c9e6a893832d815f771616eb83804464 > i {\n  margin-right: 8px;\n}<\/style><a href=\"tel:+358106174100\" class=\"default-btn-shortcode dt-btn dt-btn-m link-hover-off ico-right-side btn-inline-left \" id=\"default-btn-c9e6a893832d815f771616eb83804464\" style=\"width:200px;\" title=\"Soita meille\"><span>P\u0101rkl\u0101jumu karst\u0101 l\u012bnija<\/span><i class=\"icomoon-the7-font-the7-phone-05\"><\/i><\/a>[\/vc_column_inner][vc_column_inner width=&#8221;1\/5&#8243;]<style type=\"text\/css\" data-type=\"the7_shortcodes-inline-css\">#default-btn-38402fa57a00de4d2199ce4834b5daf5.ico-right-side > i {\n  margin-right: 0px;\n  margin-left: 8px;\n}\n#default-btn-38402fa57a00de4d2199ce4834b5daf5 > i {\n  margin-right: 8px;\n}<\/style><a href=\"mailto:info@pinnoitushelin.fi?subject=Tarjouspyynt\u00f6\" class=\"default-btn-shortcode dt-btn dt-btn-m link-hover-off ico-right-side btn-inline-left \" id=\"default-btn-38402fa57a00de4d2199ce4834b5daf5\" style=\"width:200px;\" title=\"J\u00e4t\u00e4 tarjouspyynt\u00f6\"><span>Pied\u0101v\u0101juma piepras\u012bjums<\/span><i class=\"icomoon-the7-font-the7-mail-01\"><\/i><\/a>[\/vc_column_inner][vc_column_inner width=&#8221;1\/5&#8243;]<style type=\"text\/css\" data-type=\"the7_shortcodes-inline-css\">#default-btn-7da1eff8502044f45f70ac935ddad799.ico-right-side > i {\n  margin-right: 0px;\n  margin-left: 8px;\n}\n#default-btn-7da1eff8502044f45f70ac935ddad799 > i {\n  margin-right: 8px;\n}<\/style><a href=\"\/yhteystiedot\/#yhteydenotto\" class=\"default-btn-shortcode dt-btn dt-btn-m link-hover-off ico-right-side btn-inline-left \" id=\"default-btn-7da1eff8502044f45f70ac935ddad799\" style=\"width:200px;\" title=\"J\u00e4t\u00e4 tarjouspyynt\u00f6\"><span>Sazinieties ar mums<\/span><i class=\"dt-icon-the7-menu-012\"><\/i><\/a>[\/vc_column_inner][vc_column_inner width=&#8221;1\/5&#8243;][\/vc_column_inner][vc_column_inner width=&#8221;1\/5&#8243;][\/vc_column_inner][\/vc_row_inner][\/vc_column][\/vc_row][vc_row][vc_column offset=&#8221;vc_hidden-md vc_hidden-sm vc_hidden-xs&#8221;][vc_empty_space height=&#8221;120px&#8221;][\/vc_column][\/vc_row][vc_row bg_type=&#8221;bg_color&#8221; bg_override=&#8221;full&#8221; css=&#8221;.vc_custom_1719351634384{margin-bottom: -30px !important;}&#8221;][vc_column offset=&#8221;vc_hidden-md vc_hidden-sm vc_hidden-xs&#8221;][vc_single_image image=&#8221;2134&#8243; img_size=&#8221;full&#8221; alignment=&#8221;right&#8221; css=&#8221;.vc_custom_1722285100471{margin-bottom: -125px !important;}&#8221; image_hovers=&#8221;false&#8221;][\/vc_column][\/vc_row][vc_row bg_type=&#8221;bg_color&#8221; bg_override=&#8221;full&#8221; css=&#8221;.vc_custom_1719351634384{margin-bottom: -30px !important;}&#8221;][vc_column offset=&#8221;vc_hidden-lg&#8221;][vc_single_image image=&#8221;2134&#8243; img_size=&#8221;full&#8221; alignment=&#8221;right&#8221; css=&#8221;.vc_custom_1722280218413{margin-bottom: -85px !important;}&#8221; image_hovers=&#8221;false&#8221;][\/vc_column][\/vc_row]<\/p>\n<\/div>","protected":false},"excerpt":{"rendered":"<p>[vc_row equal_height=&#8221;yes&#8221; content_placement=&#8221;middle&#8221; css=&#8221;.vc_custom_1717628348671{margin-bottom: 40px !important;}&#8221;][vc_column width=&#8221;1\/2&#8243; css=&#8221;.vc_custom_1717628091127{padding-bottom: 20px !important;}&#8221;][vc_column_text css=&#8221;&#8221;]Dehidrogen\u0113\u0161ana ir process, kur\u0101 tiek atdal\u012bts \u016bde\u0146radis, kas rodas p\u0101rkl\u0101juma kl\u0101\u0161anas proces\u0101, lai nov\u0113rstu deta\u013cu trauslumu. Probl\u0113ma ar daudz\u0101m t\u0113rauda \u0161\u0137ir\u0101m ir virsmas apstr\u0101des laik\u0101 pamatmateri\u0101l\u0101 absorb\u0113tais \u016bde\u0146radis. \u0160\u012b par\u0101d\u012bba var izrais\u012bt neparedzamu met\u0101la strukt\u016bras trauslumu un rad\u012bt b\u016btiskus boj\u0101jumus. Pareiza termisk\u0101 apstr\u0101de p\u0113c iesp\u0113jas&hellip;<\/p>\n","protected":false},"author":3,"featured_media":0,"parent":2837,"menu_order":25,"comment_status":"closed","ping_status":"closed","template":"","meta":{"footnotes":""},"class_list":["post-2861","page","type-page","status-publish","hentry","description-off"],"yoast_head":"<!-- This site is optimized with the Yoast SEO plugin v27.4 - https:\/\/yoast.com\/product\/yoast-seo-wordpress\/ -->\n<title>Dehidrat\u0101cijas atlaidin\u0101\u0161ana - Pinnoitus Helin Oy<\/title>\n<meta name=\"description\" content=\"Dehidrogen\u0113\u0161ana ir process, kur\u0101 tiek atdal\u012bts \u016bde\u0146radis, kas rodas p\u0101rkl\u0101juma kl\u0101\u0161anas proces\u0101, lai nov\u0113rstu deta\u013cu trauslumu. Probl\u0113ma ar daudz\u0101m t\u0113rauda \u0161\u0137ir\u0101m ir virsmas apstr\u0101des laik\u0101 pamatmateri\u0101l\u0101 absorb\u0113tais \u016bde\u0146radis.\" \/>\n<meta name=\"robots\" content=\"index, follow, max-snippet:-1, max-image-preview:large, max-video-preview:-1\" \/>\n<link rel=\"canonical\" href=\"https:\/\/www.pinnoitushelin.fi\/lv\/parklasanas-metodes\/dehidratacijas-atlaidinasana\/\" \/>\n<meta property=\"og:locale\" content=\"lv_LV\" \/>\n<meta property=\"og:type\" content=\"article\" \/>\n<meta property=\"og:title\" content=\"Dehidrat\u0101cijas atlaidin\u0101\u0161ana - Pinnoitus Helin Oy\" \/>\n<meta property=\"og:description\" content=\"Dehidrogen\u0113\u0161ana ir process, kur\u0101 tiek atdal\u012bts \u016bde\u0146radis, kas rodas p\u0101rkl\u0101juma kl\u0101\u0161anas proces\u0101, lai nov\u0113rstu deta\u013cu trauslumu. Probl\u0113ma ar daudz\u0101m t\u0113rauda \u0161\u0137ir\u0101m ir virsmas apstr\u0101des laik\u0101 pamatmateri\u0101l\u0101 absorb\u0113tais \u016bde\u0146radis.\" \/>\n<meta property=\"og:url\" content=\"https:\/\/www.pinnoitushelin.fi\/lv\/parklasanas-metodes\/dehidratacijas-atlaidinasana\/\" \/>\n<meta property=\"og:site_name\" content=\"Pinnoitus Helin Oy\" \/>\n<meta property=\"article:modified_time\" content=\"2024-07-30T22:46:46+00:00\" \/>\n<meta name=\"twitter:card\" content=\"summary_large_image\" \/>\n<meta name=\"twitter:label1\" content=\"Est. reading time\" \/>\n\t<meta name=\"twitter:data1\" content=\"3 minutes\" \/>\n<script type=\"application\/ld+json\" class=\"yoast-schema-graph\">{\"@context\":\"https:\\\/\\\/schema.org\",\"@graph\":[{\"@type\":\"WebPage\",\"@id\":\"https:\\\/\\\/www.pinnoitushelin.fi\\\/lv\\\/parklasanas-metodes\\\/dehidratacijas-atlaidinasana\\\/\",\"url\":\"https:\\\/\\\/www.pinnoitushelin.fi\\\/lv\\\/parklasanas-metodes\\\/dehidratacijas-atlaidinasana\\\/\",\"name\":\"Dehidrat\u0101cijas atlaidin\u0101\u0161ana - Pinnoitus Helin Oy\",\"isPartOf\":{\"@id\":\"https:\\\/\\\/www.pinnoitushelin.fi\\\/lv\\\/#website\"},\"datePublished\":\"2024-06-19T20:21:20+00:00\",\"dateModified\":\"2024-07-30T22:46:46+00:00\",\"description\":\"Dehidrogen\u0113\u0161ana ir process, kur\u0101 tiek atdal\u012bts \u016bde\u0146radis, kas rodas p\u0101rkl\u0101juma kl\u0101\u0161anas proces\u0101, lai nov\u0113rstu deta\u013cu trauslumu. Probl\u0113ma ar daudz\u0101m t\u0113rauda \u0161\u0137ir\u0101m ir virsmas apstr\u0101des laik\u0101 pamatmateri\u0101l\u0101 absorb\u0113tais \u016bde\u0146radis.\",\"breadcrumb\":{\"@id\":\"https:\\\/\\\/www.pinnoitushelin.fi\\\/lv\\\/parklasanas-metodes\\\/dehidratacijas-atlaidinasana\\\/#breadcrumb\"},\"inLanguage\":\"lv-LV\",\"potentialAction\":[{\"@type\":\"ReadAction\",\"target\":[\"https:\\\/\\\/www.pinnoitushelin.fi\\\/lv\\\/parklasanas-metodes\\\/dehidratacijas-atlaidinasana\\\/\"]}]},{\"@type\":\"BreadcrumbList\",\"@id\":\"https:\\\/\\\/www.pinnoitushelin.fi\\\/lv\\\/parklasanas-metodes\\\/dehidratacijas-atlaidinasana\\\/#breadcrumb\",\"itemListElement\":[{\"@type\":\"ListItem\",\"position\":1,\"name\":\"Etusivu\",\"item\":\"https:\\\/\\\/www.pinnoitushelin.fi\\\/lv\\\/\"},{\"@type\":\"ListItem\",\"position\":2,\"name\":\"P\u0101rkl\u0101\u0161anas metodes\",\"item\":\"https:\\\/\\\/www.pinnoitushelin.fi\\\/lv\\\/parklasanas-metodes\\\/\"},{\"@type\":\"ListItem\",\"position\":3,\"name\":\"Dehidrat\u0101cijas atlaidin\u0101\u0161ana\"}]},{\"@type\":\"WebSite\",\"@id\":\"https:\\\/\\\/www.pinnoitushelin.fi\\\/lv\\\/#website\",\"url\":\"https:\\\/\\\/www.pinnoitushelin.fi\\\/lv\\\/\",\"name\":\"Pinnoitus Helin Oy\",\"description\":\"Teknist\u00e4 pintak\u00e4sittely\u00e4 monipuolisesti ja tasalaatuisesti.\",\"publisher\":{\"@id\":\"https:\\\/\\\/www.pinnoitushelin.fi\\\/lv\\\/#organization\"},\"potentialAction\":[{\"@type\":\"SearchAction\",\"target\":{\"@type\":\"EntryPoint\",\"urlTemplate\":\"https:\\\/\\\/www.pinnoitushelin.fi\\\/lv\\\/?s={search_term_string}\"},\"query-input\":{\"@type\":\"PropertyValueSpecification\",\"valueRequired\":true,\"valueName\":\"search_term_string\"}}],\"inLanguage\":\"lv-LV\"},{\"@type\":\"Organization\",\"@id\":\"https:\\\/\\\/www.pinnoitushelin.fi\\\/lv\\\/#organization\",\"name\":\"Pinnoitus Helin Oy\",\"url\":\"https:\\\/\\\/www.pinnoitushelin.fi\\\/lv\\\/\",\"logo\":{\"@type\":\"ImageObject\",\"inLanguage\":\"lv-LV\",\"@id\":\"https:\\\/\\\/www.pinnoitushelin.fi\\\/lv\\\/#\\\/schema\\\/logo\\\/image\\\/\",\"url\":\"https:\\\/\\\/www.pinnoitushelin.fi\\\/wp-content\\\/uploads\\\/2024\\\/05\\\/logoa.png\",\"contentUrl\":\"https:\\\/\\\/www.pinnoitushelin.fi\\\/wp-content\\\/uploads\\\/2024\\\/05\\\/logoa.png\",\"width\":331,\"height\":105,\"caption\":\"Pinnoitus Helin Oy\"},\"image\":{\"@id\":\"https:\\\/\\\/www.pinnoitushelin.fi\\\/lv\\\/#\\\/schema\\\/logo\\\/image\\\/\"}}]}<\/script>\n<!-- \/ Yoast SEO plugin. -->","yoast_head_json":{"title":"Dehidrat\u0101cijas atlaidin\u0101\u0161ana - Pinnoitus Helin Oy","description":"Dehidrogen\u0113\u0161ana ir process, kur\u0101 tiek atdal\u012bts \u016bde\u0146radis, kas rodas p\u0101rkl\u0101juma kl\u0101\u0161anas proces\u0101, lai nov\u0113rstu deta\u013cu trauslumu. Probl\u0113ma ar daudz\u0101m t\u0113rauda \u0161\u0137ir\u0101m ir virsmas apstr\u0101des laik\u0101 pamatmateri\u0101l\u0101 absorb\u0113tais \u016bde\u0146radis.","robots":{"index":"index","follow":"follow","max-snippet":"max-snippet:-1","max-image-preview":"max-image-preview:large","max-video-preview":"max-video-preview:-1"},"canonical":"https:\/\/www.pinnoitushelin.fi\/lv\/parklasanas-metodes\/dehidratacijas-atlaidinasana\/","og_locale":"lv_LV","og_type":"article","og_title":"Dehidrat\u0101cijas atlaidin\u0101\u0161ana - Pinnoitus Helin Oy","og_description":"Dehidrogen\u0113\u0161ana ir process, kur\u0101 tiek atdal\u012bts \u016bde\u0146radis, kas rodas p\u0101rkl\u0101juma kl\u0101\u0161anas proces\u0101, lai nov\u0113rstu deta\u013cu trauslumu. Probl\u0113ma ar daudz\u0101m t\u0113rauda \u0161\u0137ir\u0101m ir virsmas apstr\u0101des laik\u0101 pamatmateri\u0101l\u0101 absorb\u0113tais \u016bde\u0146radis.","og_url":"https:\/\/www.pinnoitushelin.fi\/lv\/parklasanas-metodes\/dehidratacijas-atlaidinasana\/","og_site_name":"Pinnoitus Helin Oy","article_modified_time":"2024-07-30T22:46:46+00:00","twitter_card":"summary_large_image","twitter_misc":{"Est. reading time":"3 minutes"},"schema":{"@context":"https:\/\/schema.org","@graph":[{"@type":"WebPage","@id":"https:\/\/www.pinnoitushelin.fi\/lv\/parklasanas-metodes\/dehidratacijas-atlaidinasana\/","url":"https:\/\/www.pinnoitushelin.fi\/lv\/parklasanas-metodes\/dehidratacijas-atlaidinasana\/","name":"Dehidrat\u0101cijas atlaidin\u0101\u0161ana - Pinnoitus Helin Oy","isPartOf":{"@id":"https:\/\/www.pinnoitushelin.fi\/lv\/#website"},"datePublished":"2024-06-19T20:21:20+00:00","dateModified":"2024-07-30T22:46:46+00:00","description":"Dehidrogen\u0113\u0161ana ir process, kur\u0101 tiek atdal\u012bts \u016bde\u0146radis, kas rodas p\u0101rkl\u0101juma kl\u0101\u0161anas proces\u0101, lai nov\u0113rstu deta\u013cu trauslumu. Probl\u0113ma ar daudz\u0101m t\u0113rauda \u0161\u0137ir\u0101m ir virsmas apstr\u0101des laik\u0101 pamatmateri\u0101l\u0101 absorb\u0113tais \u016bde\u0146radis.","breadcrumb":{"@id":"https:\/\/www.pinnoitushelin.fi\/lv\/parklasanas-metodes\/dehidratacijas-atlaidinasana\/#breadcrumb"},"inLanguage":"lv-LV","potentialAction":[{"@type":"ReadAction","target":["https:\/\/www.pinnoitushelin.fi\/lv\/parklasanas-metodes\/dehidratacijas-atlaidinasana\/"]}]},{"@type":"BreadcrumbList","@id":"https:\/\/www.pinnoitushelin.fi\/lv\/parklasanas-metodes\/dehidratacijas-atlaidinasana\/#breadcrumb","itemListElement":[{"@type":"ListItem","position":1,"name":"Etusivu","item":"https:\/\/www.pinnoitushelin.fi\/lv\/"},{"@type":"ListItem","position":2,"name":"P\u0101rkl\u0101\u0161anas metodes","item":"https:\/\/www.pinnoitushelin.fi\/lv\/parklasanas-metodes\/"},{"@type":"ListItem","position":3,"name":"Dehidrat\u0101cijas atlaidin\u0101\u0161ana"}]},{"@type":"WebSite","@id":"https:\/\/www.pinnoitushelin.fi\/lv\/#website","url":"https:\/\/www.pinnoitushelin.fi\/lv\/","name":"Pinnoitus Helin Oy","description":"Teknist\u00e4 pintak\u00e4sittely\u00e4 monipuolisesti ja tasalaatuisesti.","publisher":{"@id":"https:\/\/www.pinnoitushelin.fi\/lv\/#organization"},"potentialAction":[{"@type":"SearchAction","target":{"@type":"EntryPoint","urlTemplate":"https:\/\/www.pinnoitushelin.fi\/lv\/?s={search_term_string}"},"query-input":{"@type":"PropertyValueSpecification","valueRequired":true,"valueName":"search_term_string"}}],"inLanguage":"lv-LV"},{"@type":"Organization","@id":"https:\/\/www.pinnoitushelin.fi\/lv\/#organization","name":"Pinnoitus Helin Oy","url":"https:\/\/www.pinnoitushelin.fi\/lv\/","logo":{"@type":"ImageObject","inLanguage":"lv-LV","@id":"https:\/\/www.pinnoitushelin.fi\/lv\/#\/schema\/logo\/image\/","url":"https:\/\/www.pinnoitushelin.fi\/wp-content\/uploads\/2024\/05\/logoa.png","contentUrl":"https:\/\/www.pinnoitushelin.fi\/wp-content\/uploads\/2024\/05\/logoa.png","width":331,"height":105,"caption":"Pinnoitus Helin Oy"},"image":{"@id":"https:\/\/www.pinnoitushelin.fi\/lv\/#\/schema\/logo\/image\/"}}]}},"_links":{"self":[{"href":"https:\/\/www.pinnoitushelin.fi\/lv\/wp-json\/wp\/v2\/pages\/2861","targetHints":{"allow":["GET"]}}],"collection":[{"href":"https:\/\/www.pinnoitushelin.fi\/lv\/wp-json\/wp\/v2\/pages"}],"about":[{"href":"https:\/\/www.pinnoitushelin.fi\/lv\/wp-json\/wp\/v2\/types\/page"}],"author":[{"embeddable":true,"href":"https:\/\/www.pinnoitushelin.fi\/lv\/wp-json\/wp\/v2\/users\/3"}],"replies":[{"embeddable":true,"href":"https:\/\/www.pinnoitushelin.fi\/lv\/wp-json\/wp\/v2\/comments?post=2861"}],"version-history":[{"count":3,"href":"https:\/\/www.pinnoitushelin.fi\/lv\/wp-json\/wp\/v2\/pages\/2861\/revisions"}],"predecessor-version":[{"id":3208,"href":"https:\/\/www.pinnoitushelin.fi\/lv\/wp-json\/wp\/v2\/pages\/2861\/revisions\/3208"}],"up":[{"embeddable":true,"href":"https:\/\/www.pinnoitushelin.fi\/lv\/wp-json\/wp\/v2\/pages\/2837"}],"wp:attachment":[{"href":"https:\/\/www.pinnoitushelin.fi\/lv\/wp-json\/wp\/v2\/media?parent=2861"}],"curies":[{"name":"wp","href":"https:\/\/api.w.org\/{rel}","templated":true}]}}