{"id":2856,"date":"2024-06-19T22:17:08","date_gmt":"2024-06-19T20:17:08","guid":{"rendered":"https:\/\/www.pinnoitushelin.fi\/parklasanas-panemieni\/cinka-pasivacija\/"},"modified":"2024-07-31T00:46:17","modified_gmt":"2024-07-30T22:46:17","slug":"cinka-pasivacija","status":"publish","type":"page","link":"https:\/\/www.pinnoitushelin.fi\/lv\/parklasanas-metodes\/cinka-pasivacija\/","title":{"rendered":"Cinka pasiv\u0101cija"},"content":{"rendered":"<div class=\"wpb-content-wrapper\"><p>[vc_row equal_height=&#8221;yes&#8221; content_placement=&#8221;middle&#8221; css=&#8221;.vc_custom_1717628348671{margin-bottom: 40px !important;}&#8221;][vc_column width=&#8221;1\/2&#8243; css=&#8221;.vc_custom_1717628091127{padding-bottom: 20px !important;}&#8221;][vc_column_text css=&#8221;&#8221;]P\u0113c cinko\u0161anas elektrogalvaniz\u0113t\u0101s virsmas parasti pasiv\u0113, lai samazin\u0101tu cinka oksid\u0113\u0161anos. Pasiv\u0113\u0161ana iev\u0113rojami uzlabo gan iztur\u012bbu pret koroziju, gan izskatu p\u0113c cinko\u0161anas. Mums ir m\u016bsdien\u012bgi cinka pasiv\u0101cijas procesi, kas atbilst \u0161\u0101d\u0101m pras\u012bb\u0101m un direkt\u012bv\u0101m:[\/vc_column_text][\/vc_column][vc_column width=&#8221;1\/2&#8243;][vc_single_image image=&#8221;1957&#8243; img_size=&#8221;large&#8221; css=&#8221;&#8221;][\/vc_column][\/vc_row][vc_row equal_height=&#8221;yes&#8221; css=&#8221;.vc_custom_1718820603748{margin-bottom: 40px !important;}&#8221;][vc_column css=&#8221;.vc_custom_1717628059564{padding-bottom: 20px !important;}&#8221;][vc_column_text css=&#8221;&#8221;]<\/p>\n<h3>Zil\u0101 pasiv\u0101cija<\/h3>\n<p>Zil\u0101 pasiv\u0101cija jeb zil\u0101 hrom\u0113\u0161ana rada sp\u012bd\u012bgu, viegli zilu, gandr\u012bz hroma kr\u0101sas virsmu uz elektrogalvaniz\u0113t\u0101s deta\u013cas. Pateicoties zemaj\u0101m izmaks\u0101m, zilo pasiv\u0101ciju var izmantot ar\u012b k\u0101 labu adh\u0113zijas p\u0101rkl\u0101jumu kr\u0101sai, kas uzlabo ar\u012b iztur\u012bbu pret koroziju. Zilajai pasiv\u0113tajai virsmai ir \u013coti gatavs izskats, un t\u0101 ir ide\u0101li piem\u0113rota iek\u0161\u0113j\u0101m konstrukcij\u0101m un redzam\u0101m deta\u013c\u0101m. M\u016bsu izmantot\u0101 zil\u0101 pasiv\u0101cijas metode ar\u012b atbilst RoHS.<\/p>\n<h3>Meln\u0101 pasiv\u0101cija<\/h3>\n<p>Meln\u0101 pasiv\u0101cija jeb meln\u0101 hrom\u0113\u0161ana pie\u0161\u0137ir cinka-dzelzs p\u0101rkl\u0101jumam t\u012bru, sp\u012bd\u012bgi melnu izskatu. Meln\u0101 pasiv\u0101cija ir \u012bpa\u0161i ieteicama lietojumiem, kur nepiecie\u0161ama \u013coti laba aizsardz\u012bba pret koroziju. Melni pasiv\u0113ti izstr\u0101d\u0101jumi tagad atbilst ar\u012b RoHS pras\u012bb\u0101m. Melni pasiv\u0113tajai virsmai ir \u013coti pabeigts izskats, un daudzos gad\u012bjumos t\u0101 ir piem\u0113rota k\u0101 kr\u0101sotas deta\u013cas aizst\u0101j\u0113js. Meln\u0101 pasiv\u0101cija tiek veikta uz cinka-dzelzs p\u0101rkl\u0101juma, kas nodro\u0161ina \u013coti labu iztur\u012bbu pret koroziju.[\/vc_column_text][\/vc_column][\/vc_row][vc_row equal_height=&#8221;yes&#8221; content_placement=&#8221;middle&#8221; css=&#8221;.vc_custom_1717628348671{margin-bottom: 40px !important;}&#8221;][vc_column width=&#8221;1\/2&#8243; css=&#8221;.vc_custom_1717628091127{padding-bottom: 20px !important;}&#8221;][vc_column_text css=&#8221;&#8221;]<\/p>\n<h3>Biezas pl\u0113ves pasiv\u0101cija vai dzeltena pasiv\u0101cija<\/h3>\n<p>Ar dzelteno pasiv\u0101ciju jeb dzelteno hrom\u0113\u0161anu uz cinkota izstr\u0101d\u0101juma virsmas izveido zeltaini dzeltenu korozijiztur\u012bgu sl\u0101ni. Tradicion\u0101l\u0101 dzelten\u0101 pasiv\u0101cija ir aizst\u0101ta ar videi draudz\u012bg\u0101m metod\u0113m, kas atbilst RoHS direkt\u012bvai. Biez\u0101s pl\u0113ves pasiv\u0101cija rada dzelten\u0101 ton\u012b neiedego\u0161u virsmu, at\u0161\u0137ir\u012bb\u0101 no tradicion\u0101l\u0101s 6 kar\u0101tu hroma pasiv\u0101cijas, kas atstaro varav\u012bksnes nokr\u0101sas. Tom\u0113r pat ar jaun\u0101 veida biez\u0101s pl\u0113ves pasiv\u0101ciju iztur\u012bba pret koroziju ir lieliska.<\/p>\n<p>Pateicoties m\u016bsu pieredzei un modernaj\u0101m iek\u0101rt\u0101m, pasiv\u0101ciju var veikt rentabli neatkar\u012bgi no partijas lieluma. Sazinieties ar mums, un m\u0113s kop\u0101 noskaidrosim, kura metode ir vispiem\u0113rot\u0101k\u0101 j\u016bsu darbiem.[\/vc_column_text][\/vc_column][vc_column width=&#8221;1\/2&#8243;][vc_single_image image=&#8221;1958&#8243; img_size=&#8221;large&#8221; css=&#8221;&#8221;][\/vc_column][\/vc_row][vc_row css=&#8221;.vc_custom_1717628491247{margin-bottom: 40px !important;}&#8221;][vc_column css=&#8221;.vc_custom_1717628059564{padding-bottom: 20px !important;}&#8221;][vc_column_text css=&#8221;&#8221;]<\/p>\n<h4>Sazinieties ar mums, lai uzzin\u0101tu par iesp\u0113ju sa\u0146emt paraugu.<\/h4>\n<h4>Jaut\u0101jiet vair\u0101k vai iesniedziet piepras\u012bjumu cit\u0101tam<\/h4>\n<p>[\/vc_column_text][vc_row_inner equal_height=&#8221;yes&#8221; gap=&#8221;10&#8243; css=&#8221;.vc_custom_1718821200073{margin-top: 25px !important;}&#8221;][vc_column_inner width=&#8221;1\/5&#8243;]<style type=\"text\/css\" data-type=\"the7_shortcodes-inline-css\">#default-btn-c9e6a893832d815f771616eb83804464.ico-right-side > i {\n  margin-right: 0px;\n  margin-left: 8px;\n}\n#default-btn-c9e6a893832d815f771616eb83804464 > i {\n  margin-right: 8px;\n}<\/style><a href=\"tel:+358106174100\" class=\"default-btn-shortcode dt-btn dt-btn-m link-hover-off ico-right-side btn-inline-left \" id=\"default-btn-c9e6a893832d815f771616eb83804464\" style=\"width:200px;\" title=\"Soita meille\"><span>P\u0101rkl\u0101jumu karst\u0101 l\u012bnija<\/span><i class=\"icomoon-the7-font-the7-phone-05\"><\/i><\/a>[\/vc_column_inner][vc_column_inner width=&#8221;1\/5&#8243;]<style type=\"text\/css\" data-type=\"the7_shortcodes-inline-css\">#default-btn-38402fa57a00de4d2199ce4834b5daf5.ico-right-side > i {\n  margin-right: 0px;\n  margin-left: 8px;\n}\n#default-btn-38402fa57a00de4d2199ce4834b5daf5 > i {\n  margin-right: 8px;\n}<\/style><a href=\"mailto:info@pinnoitushelin.fi?subject=Tarjouspyynt\u00f6\" class=\"default-btn-shortcode dt-btn dt-btn-m link-hover-off ico-right-side btn-inline-left \" id=\"default-btn-38402fa57a00de4d2199ce4834b5daf5\" style=\"width:200px;\" title=\"J\u00e4t\u00e4 tarjouspyynt\u00f6\"><span>Pied\u0101v\u0101juma piepras\u012bjums<\/span><i class=\"icomoon-the7-font-the7-mail-01\"><\/i><\/a>[\/vc_column_inner][vc_column_inner width=&#8221;1\/5&#8243;]<style type=\"text\/css\" data-type=\"the7_shortcodes-inline-css\">#default-btn-7da1eff8502044f45f70ac935ddad799.ico-right-side > i {\n  margin-right: 0px;\n  margin-left: 8px;\n}\n#default-btn-7da1eff8502044f45f70ac935ddad799 > i {\n  margin-right: 8px;\n}<\/style><a href=\"\/yhteystiedot\/#yhteydenotto\" class=\"default-btn-shortcode dt-btn dt-btn-m link-hover-off ico-right-side btn-inline-left \" id=\"default-btn-7da1eff8502044f45f70ac935ddad799\" style=\"width:200px;\" title=\"J\u00e4t\u00e4 tarjouspyynt\u00f6\"><span>Sazinieties ar mums<\/span><i class=\"dt-icon-the7-menu-012\"><\/i><\/a>[\/vc_column_inner][vc_column_inner width=&#8221;1\/5&#8243;][\/vc_column_inner][vc_column_inner width=&#8221;1\/5&#8243;][\/vc_column_inner][\/vc_row_inner][\/vc_column][\/vc_row][vc_row bg_type=&#8221;bg_color&#8221; bg_override=&#8221;full&#8221; css=&#8221;.vc_custom_1719351634384{margin-bottom: -30px !important;}&#8221;][vc_column offset=&#8221;vc_hidden-md vc_hidden-sm vc_hidden-xs&#8221;][vc_single_image image=&#8221;2134&#8243; img_size=&#8221;full&#8221; alignment=&#8221;right&#8221; css=&#8221;.vc_custom_1722244499456{margin-bottom: -125px !important;}&#8221; image_hovers=&#8221;false&#8221;][\/vc_column][\/vc_row][vc_row bg_type=&#8221;bg_color&#8221; bg_override=&#8221;full&#8221; css=&#8221;.vc_custom_1719351634384{margin-bottom: -30px !important;}&#8221;][vc_column offset=&#8221;vc_hidden-lg&#8221;][vc_single_image image=&#8221;2134&#8243; img_size=&#8221;full&#8221; alignment=&#8221;right&#8221; css=&#8221;.vc_custom_1722280218413{margin-bottom: -85px !important;}&#8221; image_hovers=&#8221;false&#8221;][\/vc_column][\/vc_row]<\/p>\n<\/div>","protected":false},"excerpt":{"rendered":"<p>[vc_row equal_height=&#8221;yes&#8221; content_placement=&#8221;middle&#8221; css=&#8221;.vc_custom_1717628348671{margin-bottom: 40px !important;}&#8221;][vc_column width=&#8221;1\/2&#8243; css=&#8221;.vc_custom_1717628091127{padding-bottom: 20px !important;}&#8221;][vc_column_text css=&#8221;&#8221;]P\u0113c cinko\u0161anas elektrogalvaniz\u0113t\u0101s virsmas parasti pasiv\u0113, lai samazin\u0101tu cinka oksid\u0113\u0161anos. Pasiv\u0113\u0161ana iev\u0113rojami uzlabo gan iztur\u012bbu pret koroziju, gan izskatu p\u0113c cinko\u0161anas. Mums ir m\u016bsdien\u012bgi cinka pasiv\u0101cijas procesi, kas atbilst \u0161\u0101d\u0101m pras\u012bb\u0101m un direkt\u012bv\u0101m:[\/vc_column_text][\/vc_column][vc_column width=&#8221;1\/2&#8243;][vc_single_image image=&#8221;1957&#8243; img_size=&#8221;large&#8221; css=&#8221;&#8221;][\/vc_column][\/vc_row][vc_row equal_height=&#8221;yes&#8221; css=&#8221;.vc_custom_1718820603748{margin-bottom: 40px !important;}&#8221;][vc_column css=&#8221;.vc_custom_1717628059564{padding-bottom: 20px !important;}&#8221;][vc_column_text css=&#8221;&#8221;]&hellip;<\/p>\n","protected":false},"author":3,"featured_media":0,"parent":2837,"menu_order":24,"comment_status":"closed","ping_status":"closed","template":"","meta":{"footnotes":""},"class_list":["post-2856","page","type-page","status-publish","hentry","description-off"],"yoast_head":"<!-- This site is optimized with the Yoast SEO plugin v27.4 - https:\/\/yoast.com\/product\/yoast-seo-wordpress\/ -->\n<title>Cinka pasiv\u0101cija - Pinnoitus Helin Oy<\/title>\n<meta name=\"description\" content=\"P\u0113c cinko\u0161anas elektrogalvaniz\u0113t\u0101s virsmas parasti pasiv\u0113, lai samazin\u0101tu cinka oksid\u0113\u0161anos. Pasiv\u0113\u0161ana iev\u0113rojami uzlabo gan iztur\u012bbu pret koroziju, gan izskatu p\u0113c cinko\u0161anas.\" \/>\n<meta name=\"robots\" content=\"index, follow, max-snippet:-1, max-image-preview:large, max-video-preview:-1\" \/>\n<link rel=\"canonical\" href=\"https:\/\/www.pinnoitushelin.fi\/lv\/parklasanas-metodes\/cinka-pasivacija\/\" \/>\n<meta property=\"og:locale\" content=\"lv_LV\" \/>\n<meta property=\"og:type\" content=\"article\" \/>\n<meta property=\"og:title\" content=\"Cinka pasiv\u0101cija - Pinnoitus Helin Oy\" \/>\n<meta property=\"og:description\" content=\"P\u0113c cinko\u0161anas elektrogalvaniz\u0113t\u0101s virsmas parasti pasiv\u0113, lai samazin\u0101tu cinka oksid\u0113\u0161anos. Pasiv\u0113\u0161ana iev\u0113rojami uzlabo gan iztur\u012bbu pret koroziju, gan izskatu p\u0113c cinko\u0161anas.\" \/>\n<meta property=\"og:url\" content=\"https:\/\/www.pinnoitushelin.fi\/lv\/parklasanas-metodes\/cinka-pasivacija\/\" \/>\n<meta property=\"og:site_name\" content=\"Pinnoitus Helin Oy\" \/>\n<meta property=\"article:modified_time\" content=\"2024-07-30T22:46:17+00:00\" \/>\n<meta name=\"twitter:card\" content=\"summary_large_image\" \/>\n<meta name=\"twitter:label1\" content=\"Est. reading time\" \/>\n\t<meta name=\"twitter:data1\" content=\"3 minutes\" \/>\n<script type=\"application\/ld+json\" class=\"yoast-schema-graph\">{\"@context\":\"https:\\\/\\\/schema.org\",\"@graph\":[{\"@type\":\"WebPage\",\"@id\":\"https:\\\/\\\/www.pinnoitushelin.fi\\\/lv\\\/parklasanas-metodes\\\/cinka-pasivacija\\\/\",\"url\":\"https:\\\/\\\/www.pinnoitushelin.fi\\\/lv\\\/parklasanas-metodes\\\/cinka-pasivacija\\\/\",\"name\":\"Cinka pasiv\u0101cija - Pinnoitus Helin Oy\",\"isPartOf\":{\"@id\":\"https:\\\/\\\/www.pinnoitushelin.fi\\\/lv\\\/#website\"},\"datePublished\":\"2024-06-19T20:17:08+00:00\",\"dateModified\":\"2024-07-30T22:46:17+00:00\",\"description\":\"P\u0113c cinko\u0161anas elektrogalvaniz\u0113t\u0101s virsmas parasti pasiv\u0113, lai samazin\u0101tu cinka oksid\u0113\u0161anos. Pasiv\u0113\u0161ana iev\u0113rojami uzlabo gan iztur\u012bbu pret koroziju, gan izskatu p\u0113c cinko\u0161anas.\",\"breadcrumb\":{\"@id\":\"https:\\\/\\\/www.pinnoitushelin.fi\\\/lv\\\/parklasanas-metodes\\\/cinka-pasivacija\\\/#breadcrumb\"},\"inLanguage\":\"lv-LV\",\"potentialAction\":[{\"@type\":\"ReadAction\",\"target\":[\"https:\\\/\\\/www.pinnoitushelin.fi\\\/lv\\\/parklasanas-metodes\\\/cinka-pasivacija\\\/\"]}]},{\"@type\":\"BreadcrumbList\",\"@id\":\"https:\\\/\\\/www.pinnoitushelin.fi\\\/lv\\\/parklasanas-metodes\\\/cinka-pasivacija\\\/#breadcrumb\",\"itemListElement\":[{\"@type\":\"ListItem\",\"position\":1,\"name\":\"Etusivu\",\"item\":\"https:\\\/\\\/www.pinnoitushelin.fi\\\/lv\\\/\"},{\"@type\":\"ListItem\",\"position\":2,\"name\":\"P\u0101rkl\u0101\u0161anas metodes\",\"item\":\"https:\\\/\\\/www.pinnoitushelin.fi\\\/lv\\\/parklasanas-metodes\\\/\"},{\"@type\":\"ListItem\",\"position\":3,\"name\":\"Cinka pasiv\u0101cija\"}]},{\"@type\":\"WebSite\",\"@id\":\"https:\\\/\\\/www.pinnoitushelin.fi\\\/lv\\\/#website\",\"url\":\"https:\\\/\\\/www.pinnoitushelin.fi\\\/lv\\\/\",\"name\":\"Pinnoitus Helin Oy\",\"description\":\"Teknist\u00e4 pintak\u00e4sittely\u00e4 monipuolisesti ja tasalaatuisesti.\",\"publisher\":{\"@id\":\"https:\\\/\\\/www.pinnoitushelin.fi\\\/lv\\\/#organization\"},\"potentialAction\":[{\"@type\":\"SearchAction\",\"target\":{\"@type\":\"EntryPoint\",\"urlTemplate\":\"https:\\\/\\\/www.pinnoitushelin.fi\\\/lv\\\/?s={search_term_string}\"},\"query-input\":{\"@type\":\"PropertyValueSpecification\",\"valueRequired\":true,\"valueName\":\"search_term_string\"}}],\"inLanguage\":\"lv-LV\"},{\"@type\":\"Organization\",\"@id\":\"https:\\\/\\\/www.pinnoitushelin.fi\\\/lv\\\/#organization\",\"name\":\"Pinnoitus Helin Oy\",\"url\":\"https:\\\/\\\/www.pinnoitushelin.fi\\\/lv\\\/\",\"logo\":{\"@type\":\"ImageObject\",\"inLanguage\":\"lv-LV\",\"@id\":\"https:\\\/\\\/www.pinnoitushelin.fi\\\/lv\\\/#\\\/schema\\\/logo\\\/image\\\/\",\"url\":\"https:\\\/\\\/www.pinnoitushelin.fi\\\/wp-content\\\/uploads\\\/2024\\\/05\\\/logoa.png\",\"contentUrl\":\"https:\\\/\\\/www.pinnoitushelin.fi\\\/wp-content\\\/uploads\\\/2024\\\/05\\\/logoa.png\",\"width\":331,\"height\":105,\"caption\":\"Pinnoitus Helin Oy\"},\"image\":{\"@id\":\"https:\\\/\\\/www.pinnoitushelin.fi\\\/lv\\\/#\\\/schema\\\/logo\\\/image\\\/\"}}]}<\/script>\n<!-- \/ Yoast SEO plugin. -->","yoast_head_json":{"title":"Cinka pasiv\u0101cija - Pinnoitus Helin Oy","description":"P\u0113c cinko\u0161anas elektrogalvaniz\u0113t\u0101s virsmas parasti pasiv\u0113, lai samazin\u0101tu cinka oksid\u0113\u0161anos. Pasiv\u0113\u0161ana iev\u0113rojami uzlabo gan iztur\u012bbu pret koroziju, gan izskatu p\u0113c cinko\u0161anas.","robots":{"index":"index","follow":"follow","max-snippet":"max-snippet:-1","max-image-preview":"max-image-preview:large","max-video-preview":"max-video-preview:-1"},"canonical":"https:\/\/www.pinnoitushelin.fi\/lv\/parklasanas-metodes\/cinka-pasivacija\/","og_locale":"lv_LV","og_type":"article","og_title":"Cinka pasiv\u0101cija - Pinnoitus Helin Oy","og_description":"P\u0113c cinko\u0161anas elektrogalvaniz\u0113t\u0101s virsmas parasti pasiv\u0113, lai samazin\u0101tu cinka oksid\u0113\u0161anos. Pasiv\u0113\u0161ana iev\u0113rojami uzlabo gan iztur\u012bbu pret koroziju, gan izskatu p\u0113c cinko\u0161anas.","og_url":"https:\/\/www.pinnoitushelin.fi\/lv\/parklasanas-metodes\/cinka-pasivacija\/","og_site_name":"Pinnoitus Helin Oy","article_modified_time":"2024-07-30T22:46:17+00:00","twitter_card":"summary_large_image","twitter_misc":{"Est. reading time":"3 minutes"},"schema":{"@context":"https:\/\/schema.org","@graph":[{"@type":"WebPage","@id":"https:\/\/www.pinnoitushelin.fi\/lv\/parklasanas-metodes\/cinka-pasivacija\/","url":"https:\/\/www.pinnoitushelin.fi\/lv\/parklasanas-metodes\/cinka-pasivacija\/","name":"Cinka pasiv\u0101cija - Pinnoitus Helin Oy","isPartOf":{"@id":"https:\/\/www.pinnoitushelin.fi\/lv\/#website"},"datePublished":"2024-06-19T20:17:08+00:00","dateModified":"2024-07-30T22:46:17+00:00","description":"P\u0113c cinko\u0161anas elektrogalvaniz\u0113t\u0101s virsmas parasti pasiv\u0113, lai samazin\u0101tu cinka oksid\u0113\u0161anos. Pasiv\u0113\u0161ana iev\u0113rojami uzlabo gan iztur\u012bbu pret koroziju, gan izskatu p\u0113c cinko\u0161anas.","breadcrumb":{"@id":"https:\/\/www.pinnoitushelin.fi\/lv\/parklasanas-metodes\/cinka-pasivacija\/#breadcrumb"},"inLanguage":"lv-LV","potentialAction":[{"@type":"ReadAction","target":["https:\/\/www.pinnoitushelin.fi\/lv\/parklasanas-metodes\/cinka-pasivacija\/"]}]},{"@type":"BreadcrumbList","@id":"https:\/\/www.pinnoitushelin.fi\/lv\/parklasanas-metodes\/cinka-pasivacija\/#breadcrumb","itemListElement":[{"@type":"ListItem","position":1,"name":"Etusivu","item":"https:\/\/www.pinnoitushelin.fi\/lv\/"},{"@type":"ListItem","position":2,"name":"P\u0101rkl\u0101\u0161anas metodes","item":"https:\/\/www.pinnoitushelin.fi\/lv\/parklasanas-metodes\/"},{"@type":"ListItem","position":3,"name":"Cinka pasiv\u0101cija"}]},{"@type":"WebSite","@id":"https:\/\/www.pinnoitushelin.fi\/lv\/#website","url":"https:\/\/www.pinnoitushelin.fi\/lv\/","name":"Pinnoitus Helin Oy","description":"Teknist\u00e4 pintak\u00e4sittely\u00e4 monipuolisesti ja tasalaatuisesti.","publisher":{"@id":"https:\/\/www.pinnoitushelin.fi\/lv\/#organization"},"potentialAction":[{"@type":"SearchAction","target":{"@type":"EntryPoint","urlTemplate":"https:\/\/www.pinnoitushelin.fi\/lv\/?s={search_term_string}"},"query-input":{"@type":"PropertyValueSpecification","valueRequired":true,"valueName":"search_term_string"}}],"inLanguage":"lv-LV"},{"@type":"Organization","@id":"https:\/\/www.pinnoitushelin.fi\/lv\/#organization","name":"Pinnoitus Helin Oy","url":"https:\/\/www.pinnoitushelin.fi\/lv\/","logo":{"@type":"ImageObject","inLanguage":"lv-LV","@id":"https:\/\/www.pinnoitushelin.fi\/lv\/#\/schema\/logo\/image\/","url":"https:\/\/www.pinnoitushelin.fi\/wp-content\/uploads\/2024\/05\/logoa.png","contentUrl":"https:\/\/www.pinnoitushelin.fi\/wp-content\/uploads\/2024\/05\/logoa.png","width":331,"height":105,"caption":"Pinnoitus Helin Oy"},"image":{"@id":"https:\/\/www.pinnoitushelin.fi\/lv\/#\/schema\/logo\/image\/"}}]}},"_links":{"self":[{"href":"https:\/\/www.pinnoitushelin.fi\/lv\/wp-json\/wp\/v2\/pages\/2856","targetHints":{"allow":["GET"]}}],"collection":[{"href":"https:\/\/www.pinnoitushelin.fi\/lv\/wp-json\/wp\/v2\/pages"}],"about":[{"href":"https:\/\/www.pinnoitushelin.fi\/lv\/wp-json\/wp\/v2\/types\/page"}],"author":[{"embeddable":true,"href":"https:\/\/www.pinnoitushelin.fi\/lv\/wp-json\/wp\/v2\/users\/3"}],"replies":[{"embeddable":true,"href":"https:\/\/www.pinnoitushelin.fi\/lv\/wp-json\/wp\/v2\/comments?post=2856"}],"version-history":[{"count":2,"href":"https:\/\/www.pinnoitushelin.fi\/lv\/wp-json\/wp\/v2\/pages\/2856\/revisions"}],"predecessor-version":[{"id":3207,"href":"https:\/\/www.pinnoitushelin.fi\/lv\/wp-json\/wp\/v2\/pages\/2856\/revisions\/3207"}],"up":[{"embeddable":true,"href":"https:\/\/www.pinnoitushelin.fi\/lv\/wp-json\/wp\/v2\/pages\/2837"}],"wp:attachment":[{"href":"https:\/\/www.pinnoitushelin.fi\/lv\/wp-json\/wp\/v2\/media?parent=2856"}],"curies":[{"name":"wp","href":"https:\/\/api.w.org\/{rel}","templated":true}]}}