{"id":2850,"date":"2024-06-19T22:12:37","date_gmt":"2024-06-19T20:12:37","guid":{"rendered":"https:\/\/www.pinnoitushelin.fi\/parklasanas-panemieni\/cinka-dzelzs\/"},"modified":"2024-07-31T00:45:43","modified_gmt":"2024-07-30T22:45:43","slug":"cinka-dzelzs","status":"publish","type":"page","link":"https:\/\/www.pinnoitushelin.fi\/lv\/parklasanas-metodes\/cinka-dzelzs\/","title":{"rendered":"Cinka dzelzs"},"content":{"rendered":"<div class=\"wpb-content-wrapper\"><p>[vc_row equal_height=&#8221;yes&#8221; content_placement=&#8221;middle&#8221; css=&#8221;.vc_custom_1717628348671{margin-bottom: 40px !important;}&#8221;][vc_column width=&#8221;1\/2&#8243; css=&#8221;.vc_custom_1717628091127{padding-bottom: 20px !important;}&#8221;][vc_column_text css=&#8221;&#8221;]Cinka-dzelzs sakaus\u0113jumu izmanto gad\u012bjumos, kad nepiecie\u0161ama \u013coti laba aizsardz\u012bba pret koroziju.<br \/>\nGalvenais lietot\u0101js ir automobi\u013cu r\u016bpniec\u012bba.<br \/>\nP\u0101rkl\u0101jums nodro\u0161ina aptuveni tr\u012bs reizes liel\u0101ku aizsardz\u012bbu nek\u0101 t\u012brs cinks, t. i., ar vienu tre\u0161da\u013cu p\u0101rkl\u0101juma biezuma tiek pan\u0101kta t\u0101da pati iztur\u012bba pret koroziju.[\/vc_column_text][\/vc_column][vc_column width=&#8221;1\/2&#8243;][vc_single_image image=&#8221;1952&#8243; img_size=&#8221;large&#8221; css=&#8221;&#8221;][\/vc_column][\/vc_row][vc_row equal_height=&#8221;yes&#8221; css=&#8221;.vc_custom_1718820603748{margin-bottom: 40px !important;}&#8221;][vc_column width=&#8221;1\/3&#8243; css=&#8221;.vc_custom_1717628059564{padding-bottom: 20px !important;}&#8221;][vc_column_text css=&#8221;&#8221;]<\/p>\n<h3>Pinnoitus Helin p\u0101rkl\u0101jumu risin\u0101jumi cinka\/dzelzs sakaus\u0113jumu p\u0101rkl\u0101jumiem:<\/h3>\n<ul>\n<li>Bungas un balstiek\u0101rtas apstr\u0101de<\/li>\n<li>Maksim\u0101lie gabala ar cinka\/dzelzs p\u0101rkl\u0101juma izm\u0113ri: 2000x1000x400<\/li>\n<li>Dzelzs saturs p\u0101rkl\u0101jum\u0101 ir 0,3-0,7 % (p\u0101r\u0113jais ir cinks).<\/li>\n<li>Iztur\u012bba pret koroziju l\u012bdz 700 h (wr) un 1000 h (rr)<\/li>\n<\/ul>\n<p>[\/vc_column_text][\/vc_column][vc_column width=&#8221;1\/3&#8243; css=&#8221;.vc_custom_1718820497171{padding-bottom: 20px !important;}&#8221;][vc_column_text css=&#8221;&#8221;]<\/p>\n<h3>Pas\u012bv\u0101 balss:<\/h3>\n<ul>\n<li>meln\u0101 pasiv\u0101cija, Cr3+<\/li>\n<li>Ns. biezas pl\u0113ves pasiv\u0101cija Cr3+<\/li>\n<li>p\u0113c k\u0101rbas (herm\u0113ti\u0137is)<\/li>\n<li>Visa p\u0113capstr\u0101de atbilst RoHS.<\/li>\n<\/ul>\n<p>[\/vc_column_text][\/vc_column][vc_column width=&#8221;1\/3&#8243;][vc_column_text css=&#8221;&#8221;]<\/p>\n<h3>Standarts:<\/h3>\n<ul>\n<li>Cinka un cinka sakaus\u0113jumu galvaniskie p\u0101rkl\u0101jumi uz dzelzs vai t\u0113rauda ar papildu apstr\u0101di bez Cr(VI) (ISO 19598:2016)<\/li>\n<li>Cinka sakaus\u0113jumi ar ni\u0137eli, kobaltu vai dzelzi (ISO 15726:2009)<\/li>\n<\/ul>\n<p>[\/vc_column_text][\/vc_column][\/vc_row][vc_row equal_height=&#8221;yes&#8221; content_placement=&#8221;middle&#8221; css=&#8221;.vc_custom_1717628348671{margin-bottom: 40px !important;}&#8221;][vc_column width=&#8221;1\/2&#8243; css=&#8221;.vc_custom_1717628091127{padding-bottom: 20px !important;}&#8221;][vc_column_text css=&#8221;&#8221;]Cinka-dzelzs ir visbie\u017e\u0101k izmantotais cinka sakaus\u0113juma p\u0101rkl\u0101jums, kas izstr\u0101d\u0101ts galvenok\u0101rt automobi\u013cu r\u016bpniec\u012bbai, kad t\u012bra cinka p\u0101rkl\u0101jums nenodro\u0161in\u0101ja pietiekamu aizsardz\u012bbu pret koroziju kritiskos gad\u012bjumos.<br \/>\n\u0160is p\u0101rkl\u0101jums ir ide\u0101li piem\u0113rots izm\u0113ru zi\u0146\u0101 prec\u012bz\u0101m deta\u013c\u0101m, un tas ir vienm\u0113r\u012bgi izklied\u0113ts pa visu izstr\u0101d\u0101jumu.[\/vc_column_text][\/vc_column][vc_column width=&#8221;1\/2&#8243;][vc_single_image image=&#8221;1953&#8243; img_size=&#8221;large&#8221; css=&#8221;&#8221;][\/vc_column][\/vc_row][vc_row css=&#8221;.vc_custom_1717628491247{margin-bottom: 40px !important;}&#8221;][vc_column css=&#8221;.vc_custom_1717628059564{padding-bottom: 20px !important;}&#8221;][vc_column_text css=&#8221;&#8221;]<\/p>\n<h4>Sazinieties ar mums, lai uzzin\u0101tu par iesp\u0113ju sa\u0146emt paraugu.<\/h4>\n<h4>Jaut\u0101jiet vair\u0101k vai iesniedziet piepras\u012bjumu cit\u0101tam<\/h4>\n<p>[\/vc_column_text][vc_row_inner equal_height=&#8221;yes&#8221; gap=&#8221;10&#8243; css=&#8221;.vc_custom_1718821200073{margin-top: 25px !important;}&#8221;][vc_column_inner width=&#8221;1\/5&#8243;]<style type=\"text\/css\" data-type=\"the7_shortcodes-inline-css\">#default-btn-c9e6a893832d815f771616eb83804464.ico-right-side > i {\n  margin-right: 0px;\n  margin-left: 8px;\n}\n#default-btn-c9e6a893832d815f771616eb83804464 > i {\n  margin-right: 8px;\n}<\/style><a href=\"tel:+358106174100\" class=\"default-btn-shortcode dt-btn dt-btn-m link-hover-off ico-right-side btn-inline-left \" id=\"default-btn-c9e6a893832d815f771616eb83804464\" style=\"width:200px;\" title=\"Soita meille\"><span>P\u0101rkl\u0101jumu karst\u0101 l\u012bnija<\/span><i class=\"icomoon-the7-font-the7-phone-05\"><\/i><\/a>[\/vc_column_inner][vc_column_inner width=&#8221;1\/5&#8243;]<style type=\"text\/css\" data-type=\"the7_shortcodes-inline-css\">#default-btn-38402fa57a00de4d2199ce4834b5daf5.ico-right-side > i {\n  margin-right: 0px;\n  margin-left: 8px;\n}\n#default-btn-38402fa57a00de4d2199ce4834b5daf5 > i {\n  margin-right: 8px;\n}<\/style><a href=\"mailto:info@pinnoitushelin.fi?subject=Tarjouspyynt\u00f6\" class=\"default-btn-shortcode dt-btn dt-btn-m link-hover-off ico-right-side btn-inline-left \" id=\"default-btn-38402fa57a00de4d2199ce4834b5daf5\" style=\"width:200px;\" title=\"J\u00e4t\u00e4 tarjouspyynt\u00f6\"><span>Pied\u0101v\u0101juma piepras\u012bjums<\/span><i class=\"icomoon-the7-font-the7-mail-01\"><\/i><\/a>[\/vc_column_inner][vc_column_inner width=&#8221;1\/5&#8243;]<style type=\"text\/css\" data-type=\"the7_shortcodes-inline-css\">#default-btn-7da1eff8502044f45f70ac935ddad799.ico-right-side > i {\n  margin-right: 0px;\n  margin-left: 8px;\n}\n#default-btn-7da1eff8502044f45f70ac935ddad799 > i {\n  margin-right: 8px;\n}<\/style><a href=\"\/yhteystiedot\/#yhteydenotto\" class=\"default-btn-shortcode dt-btn dt-btn-m link-hover-off ico-right-side btn-inline-left \" id=\"default-btn-7da1eff8502044f45f70ac935ddad799\" style=\"width:200px;\" title=\"J\u00e4t\u00e4 tarjouspyynt\u00f6\"><span>Sazinieties ar mums<\/span><i class=\"dt-icon-the7-menu-012\"><\/i><\/a>[\/vc_column_inner][vc_column_inner width=&#8221;1\/5&#8243;][\/vc_column_inner][vc_column_inner width=&#8221;1\/5&#8243;][\/vc_column_inner][\/vc_row_inner][\/vc_column][\/vc_row][vc_row bg_type=&#8221;bg_color&#8221; bg_override=&#8221;full&#8221; css=&#8221;.vc_custom_1719351634384{margin-bottom: -30px !important;}&#8221;][vc_column offset=&#8221;vc_hidden-md vc_hidden-sm vc_hidden-xs&#8221;][vc_single_image image=&#8221;2134&#8243; img_size=&#8221;full&#8221; alignment=&#8221;right&#8221; css=&#8221;.vc_custom_1722244499456{margin-bottom: -125px !important;}&#8221; image_hovers=&#8221;false&#8221;][\/vc_column][\/vc_row][vc_row bg_type=&#8221;bg_color&#8221; bg_override=&#8221;full&#8221; css=&#8221;.vc_custom_1719351634384{margin-bottom: -30px !important;}&#8221;][vc_column offset=&#8221;vc_hidden-lg&#8221;][vc_single_image image=&#8221;2134&#8243; img_size=&#8221;full&#8221; alignment=&#8221;right&#8221; css=&#8221;.vc_custom_1722280218413{margin-bottom: -85px !important;}&#8221; image_hovers=&#8221;false&#8221;][\/vc_column][\/vc_row]<\/p>\n<\/div>","protected":false},"excerpt":{"rendered":"<p>[vc_row equal_height=&#8221;yes&#8221; content_placement=&#8221;middle&#8221; css=&#8221;.vc_custom_1717628348671{margin-bottom: 40px !important;}&#8221;][vc_column width=&#8221;1\/2&#8243; css=&#8221;.vc_custom_1717628091127{padding-bottom: 20px !important;}&#8221;][vc_column_text css=&#8221;&#8221;]Cinka-dzelzs sakaus\u0113jumu izmanto gad\u012bjumos, kad nepiecie\u0161ama \u013coti laba aizsardz\u012bba pret koroziju. Galvenais lietot\u0101js ir automobi\u013cu r\u016bpniec\u012bba. P\u0101rkl\u0101jums nodro\u0161ina aptuveni tr\u012bs reizes liel\u0101ku aizsardz\u012bbu nek\u0101 t\u012brs cinks, t. i., ar vienu tre\u0161da\u013cu p\u0101rkl\u0101juma biezuma tiek pan\u0101kta t\u0101da pati iztur\u012bba pret koroziju.[\/vc_column_text][\/vc_column][vc_column width=&#8221;1\/2&#8243;][vc_single_image image=&#8221;1952&#8243; img_size=&#8221;large&#8221; css=&#8221;&#8221;][\/vc_column][\/vc_row][vc_row equal_height=&#8221;yes&#8221;&hellip;<\/p>\n","protected":false},"author":3,"featured_media":0,"parent":2837,"menu_order":23,"comment_status":"closed","ping_status":"closed","template":"","meta":{"footnotes":""},"class_list":["post-2850","page","type-page","status-publish","hentry","description-off"],"yoast_head":"<!-- This site is optimized with the Yoast SEO plugin v27.4 - https:\/\/yoast.com\/product\/yoast-seo-wordpress\/ -->\n<title>Cinka dzelzs - Pinnoitus Helin Oy<\/title>\n<meta name=\"description\" content=\"Cinka-dzelzs sakaus\u0113jumu izmanto gad\u012bjumos, kad nepiecie\u0161ama \u013coti laba aizsardz\u012bba pret koroziju. Galvenais lietot\u0101js ir automobi\u013cu r\u016bpniec\u012bba. P\u0101rkl\u0101jums nodro\u0161ina aptuveni tr\u012bs reizes liel\u0101ku aizsardz\u012bbu nek\u0101 t\u012brs cinks, t. i., ar vienu tre\u0161da\u013cu p\u0101rkl\u0101juma biezuma tiek pan\u0101kta t\u0101da pati iztur\u012bba pret koroziju.\" \/>\n<meta name=\"robots\" content=\"index, follow, max-snippet:-1, max-image-preview:large, max-video-preview:-1\" \/>\n<link rel=\"canonical\" href=\"https:\/\/www.pinnoitushelin.fi\/lv\/parklasanas-metodes\/cinka-dzelzs\/\" \/>\n<meta property=\"og:locale\" content=\"lv_LV\" \/>\n<meta property=\"og:type\" content=\"article\" \/>\n<meta property=\"og:title\" content=\"Cinka dzelzs - Pinnoitus Helin Oy\" \/>\n<meta property=\"og:description\" content=\"Cinka-dzelzs sakaus\u0113jumu izmanto gad\u012bjumos, kad nepiecie\u0161ama \u013coti laba aizsardz\u012bba pret koroziju. Galvenais lietot\u0101js ir automobi\u013cu r\u016bpniec\u012bba. P\u0101rkl\u0101jums nodro\u0161ina aptuveni tr\u012bs reizes liel\u0101ku aizsardz\u012bbu nek\u0101 t\u012brs cinks, t. i., ar vienu tre\u0161da\u013cu p\u0101rkl\u0101juma biezuma tiek pan\u0101kta t\u0101da pati iztur\u012bba pret koroziju.\" \/>\n<meta property=\"og:url\" content=\"https:\/\/www.pinnoitushelin.fi\/lv\/parklasanas-metodes\/cinka-dzelzs\/\" \/>\n<meta property=\"og:site_name\" content=\"Pinnoitus Helin Oy\" \/>\n<meta property=\"article:modified_time\" content=\"2024-07-30T22:45:43+00:00\" \/>\n<meta name=\"twitter:card\" content=\"summary_large_image\" \/>\n<meta name=\"twitter:label1\" content=\"Est. reading time\" \/>\n\t<meta name=\"twitter:data1\" content=\"2 minutes\" \/>\n<script type=\"application\/ld+json\" class=\"yoast-schema-graph\">{\"@context\":\"https:\\\/\\\/schema.org\",\"@graph\":[{\"@type\":\"WebPage\",\"@id\":\"https:\\\/\\\/www.pinnoitushelin.fi\\\/lv\\\/parklasanas-metodes\\\/cinka-dzelzs\\\/\",\"url\":\"https:\\\/\\\/www.pinnoitushelin.fi\\\/lv\\\/parklasanas-metodes\\\/cinka-dzelzs\\\/\",\"name\":\"Cinka dzelzs - Pinnoitus Helin Oy\",\"isPartOf\":{\"@id\":\"https:\\\/\\\/www.pinnoitushelin.fi\\\/lv\\\/#website\"},\"datePublished\":\"2024-06-19T20:12:37+00:00\",\"dateModified\":\"2024-07-30T22:45:43+00:00\",\"description\":\"Cinka-dzelzs sakaus\u0113jumu izmanto gad\u012bjumos, kad nepiecie\u0161ama \u013coti laba aizsardz\u012bba pret koroziju. Galvenais lietot\u0101js ir automobi\u013cu r\u016bpniec\u012bba. P\u0101rkl\u0101jums nodro\u0161ina aptuveni tr\u012bs reizes liel\u0101ku aizsardz\u012bbu nek\u0101 t\u012brs cinks, t. i., ar vienu tre\u0161da\u013cu p\u0101rkl\u0101juma biezuma tiek pan\u0101kta t\u0101da pati iztur\u012bba pret koroziju.\",\"breadcrumb\":{\"@id\":\"https:\\\/\\\/www.pinnoitushelin.fi\\\/lv\\\/parklasanas-metodes\\\/cinka-dzelzs\\\/#breadcrumb\"},\"inLanguage\":\"lv-LV\",\"potentialAction\":[{\"@type\":\"ReadAction\",\"target\":[\"https:\\\/\\\/www.pinnoitushelin.fi\\\/lv\\\/parklasanas-metodes\\\/cinka-dzelzs\\\/\"]}]},{\"@type\":\"BreadcrumbList\",\"@id\":\"https:\\\/\\\/www.pinnoitushelin.fi\\\/lv\\\/parklasanas-metodes\\\/cinka-dzelzs\\\/#breadcrumb\",\"itemListElement\":[{\"@type\":\"ListItem\",\"position\":1,\"name\":\"Etusivu\",\"item\":\"https:\\\/\\\/www.pinnoitushelin.fi\\\/lv\\\/\"},{\"@type\":\"ListItem\",\"position\":2,\"name\":\"P\u0101rkl\u0101\u0161anas metodes\",\"item\":\"https:\\\/\\\/www.pinnoitushelin.fi\\\/lv\\\/parklasanas-metodes\\\/\"},{\"@type\":\"ListItem\",\"position\":3,\"name\":\"Cinka dzelzs\"}]},{\"@type\":\"WebSite\",\"@id\":\"https:\\\/\\\/www.pinnoitushelin.fi\\\/lv\\\/#website\",\"url\":\"https:\\\/\\\/www.pinnoitushelin.fi\\\/lv\\\/\",\"name\":\"Pinnoitus Helin Oy\",\"description\":\"Teknist\u00e4 pintak\u00e4sittely\u00e4 monipuolisesti ja tasalaatuisesti.\",\"publisher\":{\"@id\":\"https:\\\/\\\/www.pinnoitushelin.fi\\\/lv\\\/#organization\"},\"potentialAction\":[{\"@type\":\"SearchAction\",\"target\":{\"@type\":\"EntryPoint\",\"urlTemplate\":\"https:\\\/\\\/www.pinnoitushelin.fi\\\/lv\\\/?s={search_term_string}\"},\"query-input\":{\"@type\":\"PropertyValueSpecification\",\"valueRequired\":true,\"valueName\":\"search_term_string\"}}],\"inLanguage\":\"lv-LV\"},{\"@type\":\"Organization\",\"@id\":\"https:\\\/\\\/www.pinnoitushelin.fi\\\/lv\\\/#organization\",\"name\":\"Pinnoitus Helin Oy\",\"url\":\"https:\\\/\\\/www.pinnoitushelin.fi\\\/lv\\\/\",\"logo\":{\"@type\":\"ImageObject\",\"inLanguage\":\"lv-LV\",\"@id\":\"https:\\\/\\\/www.pinnoitushelin.fi\\\/lv\\\/#\\\/schema\\\/logo\\\/image\\\/\",\"url\":\"https:\\\/\\\/www.pinnoitushelin.fi\\\/wp-content\\\/uploads\\\/2024\\\/05\\\/logoa.png\",\"contentUrl\":\"https:\\\/\\\/www.pinnoitushelin.fi\\\/wp-content\\\/uploads\\\/2024\\\/05\\\/logoa.png\",\"width\":331,\"height\":105,\"caption\":\"Pinnoitus Helin Oy\"},\"image\":{\"@id\":\"https:\\\/\\\/www.pinnoitushelin.fi\\\/lv\\\/#\\\/schema\\\/logo\\\/image\\\/\"}}]}<\/script>\n<!-- \/ Yoast SEO plugin. -->","yoast_head_json":{"title":"Cinka dzelzs - Pinnoitus Helin Oy","description":"Cinka-dzelzs sakaus\u0113jumu izmanto gad\u012bjumos, kad nepiecie\u0161ama \u013coti laba aizsardz\u012bba pret koroziju. Galvenais lietot\u0101js ir automobi\u013cu r\u016bpniec\u012bba. P\u0101rkl\u0101jums nodro\u0161ina aptuveni tr\u012bs reizes liel\u0101ku aizsardz\u012bbu nek\u0101 t\u012brs cinks, t. i., ar vienu tre\u0161da\u013cu p\u0101rkl\u0101juma biezuma tiek pan\u0101kta t\u0101da pati iztur\u012bba pret koroziju.","robots":{"index":"index","follow":"follow","max-snippet":"max-snippet:-1","max-image-preview":"max-image-preview:large","max-video-preview":"max-video-preview:-1"},"canonical":"https:\/\/www.pinnoitushelin.fi\/lv\/parklasanas-metodes\/cinka-dzelzs\/","og_locale":"lv_LV","og_type":"article","og_title":"Cinka dzelzs - Pinnoitus Helin Oy","og_description":"Cinka-dzelzs sakaus\u0113jumu izmanto gad\u012bjumos, kad nepiecie\u0161ama \u013coti laba aizsardz\u012bba pret koroziju. Galvenais lietot\u0101js ir automobi\u013cu r\u016bpniec\u012bba. P\u0101rkl\u0101jums nodro\u0161ina aptuveni tr\u012bs reizes liel\u0101ku aizsardz\u012bbu nek\u0101 t\u012brs cinks, t. i., ar vienu tre\u0161da\u013cu p\u0101rkl\u0101juma biezuma tiek pan\u0101kta t\u0101da pati iztur\u012bba pret koroziju.","og_url":"https:\/\/www.pinnoitushelin.fi\/lv\/parklasanas-metodes\/cinka-dzelzs\/","og_site_name":"Pinnoitus Helin Oy","article_modified_time":"2024-07-30T22:45:43+00:00","twitter_card":"summary_large_image","twitter_misc":{"Est. reading time":"2 minutes"},"schema":{"@context":"https:\/\/schema.org","@graph":[{"@type":"WebPage","@id":"https:\/\/www.pinnoitushelin.fi\/lv\/parklasanas-metodes\/cinka-dzelzs\/","url":"https:\/\/www.pinnoitushelin.fi\/lv\/parklasanas-metodes\/cinka-dzelzs\/","name":"Cinka dzelzs - Pinnoitus Helin Oy","isPartOf":{"@id":"https:\/\/www.pinnoitushelin.fi\/lv\/#website"},"datePublished":"2024-06-19T20:12:37+00:00","dateModified":"2024-07-30T22:45:43+00:00","description":"Cinka-dzelzs sakaus\u0113jumu izmanto gad\u012bjumos, kad nepiecie\u0161ama \u013coti laba aizsardz\u012bba pret koroziju. Galvenais lietot\u0101js ir automobi\u013cu r\u016bpniec\u012bba. P\u0101rkl\u0101jums nodro\u0161ina aptuveni tr\u012bs reizes liel\u0101ku aizsardz\u012bbu nek\u0101 t\u012brs cinks, t. i., ar vienu tre\u0161da\u013cu p\u0101rkl\u0101juma biezuma tiek pan\u0101kta t\u0101da pati iztur\u012bba pret koroziju.","breadcrumb":{"@id":"https:\/\/www.pinnoitushelin.fi\/lv\/parklasanas-metodes\/cinka-dzelzs\/#breadcrumb"},"inLanguage":"lv-LV","potentialAction":[{"@type":"ReadAction","target":["https:\/\/www.pinnoitushelin.fi\/lv\/parklasanas-metodes\/cinka-dzelzs\/"]}]},{"@type":"BreadcrumbList","@id":"https:\/\/www.pinnoitushelin.fi\/lv\/parklasanas-metodes\/cinka-dzelzs\/#breadcrumb","itemListElement":[{"@type":"ListItem","position":1,"name":"Etusivu","item":"https:\/\/www.pinnoitushelin.fi\/lv\/"},{"@type":"ListItem","position":2,"name":"P\u0101rkl\u0101\u0161anas metodes","item":"https:\/\/www.pinnoitushelin.fi\/lv\/parklasanas-metodes\/"},{"@type":"ListItem","position":3,"name":"Cinka dzelzs"}]},{"@type":"WebSite","@id":"https:\/\/www.pinnoitushelin.fi\/lv\/#website","url":"https:\/\/www.pinnoitushelin.fi\/lv\/","name":"Pinnoitus Helin Oy","description":"Teknist\u00e4 pintak\u00e4sittely\u00e4 monipuolisesti ja tasalaatuisesti.","publisher":{"@id":"https:\/\/www.pinnoitushelin.fi\/lv\/#organization"},"potentialAction":[{"@type":"SearchAction","target":{"@type":"EntryPoint","urlTemplate":"https:\/\/www.pinnoitushelin.fi\/lv\/?s={search_term_string}"},"query-input":{"@type":"PropertyValueSpecification","valueRequired":true,"valueName":"search_term_string"}}],"inLanguage":"lv-LV"},{"@type":"Organization","@id":"https:\/\/www.pinnoitushelin.fi\/lv\/#organization","name":"Pinnoitus Helin Oy","url":"https:\/\/www.pinnoitushelin.fi\/lv\/","logo":{"@type":"ImageObject","inLanguage":"lv-LV","@id":"https:\/\/www.pinnoitushelin.fi\/lv\/#\/schema\/logo\/image\/","url":"https:\/\/www.pinnoitushelin.fi\/wp-content\/uploads\/2024\/05\/logoa.png","contentUrl":"https:\/\/www.pinnoitushelin.fi\/wp-content\/uploads\/2024\/05\/logoa.png","width":331,"height":105,"caption":"Pinnoitus Helin Oy"},"image":{"@id":"https:\/\/www.pinnoitushelin.fi\/lv\/#\/schema\/logo\/image\/"}}]}},"_links":{"self":[{"href":"https:\/\/www.pinnoitushelin.fi\/lv\/wp-json\/wp\/v2\/pages\/2850","targetHints":{"allow":["GET"]}}],"collection":[{"href":"https:\/\/www.pinnoitushelin.fi\/lv\/wp-json\/wp\/v2\/pages"}],"about":[{"href":"https:\/\/www.pinnoitushelin.fi\/lv\/wp-json\/wp\/v2\/types\/page"}],"author":[{"embeddable":true,"href":"https:\/\/www.pinnoitushelin.fi\/lv\/wp-json\/wp\/v2\/users\/3"}],"replies":[{"embeddable":true,"href":"https:\/\/www.pinnoitushelin.fi\/lv\/wp-json\/wp\/v2\/comments?post=2850"}],"version-history":[{"count":3,"href":"https:\/\/www.pinnoitushelin.fi\/lv\/wp-json\/wp\/v2\/pages\/2850\/revisions"}],"predecessor-version":[{"id":3206,"href":"https:\/\/www.pinnoitushelin.fi\/lv\/wp-json\/wp\/v2\/pages\/2850\/revisions\/3206"}],"up":[{"embeddable":true,"href":"https:\/\/www.pinnoitushelin.fi\/lv\/wp-json\/wp\/v2\/pages\/2837"}],"wp:attachment":[{"href":"https:\/\/www.pinnoitushelin.fi\/lv\/wp-json\/wp\/v2\/media?parent=2850"}],"curies":[{"name":"wp","href":"https:\/\/api.w.org\/{rel}","templated":true}]}}