{"id":2844,"date":"2024-06-19T20:19:32","date_gmt":"2024-06-19T18:19:32","guid":{"rendered":"https:\/\/www.pinnoitushelin.fi\/parklasanas-panemieni\/galvanizesana-ar-elektrogalvanizaciju\/"},"modified":"2024-07-31T00:44:55","modified_gmt":"2024-07-30T22:44:55","slug":"galvanizesana-ar-elektrogalvanizaciju","status":"publish","type":"page","link":"https:\/\/www.pinnoitushelin.fi\/lv\/parklasanas-metodes\/galvanizesana-ar-elektrogalvanizaciju\/","title":{"rendered":"Galvaniz\u0113\u0161ana ar elektrogalvaniz\u0101ciju"},"content":{"rendered":"<div class=\"wpb-content-wrapper\"><p>[vc_row equal_height=&#8221;yes&#8221; content_placement=&#8221;middle&#8221; css=&#8221;.vc_custom_1717628348671{margin-bottom: 40px !important;}&#8221;][vc_column width=&#8221;1\/2&#8243; css=&#8221;.vc_custom_1717628091127{padding-bottom: 20px !important;}&#8221;][vc_column_text css=&#8221;&#8221;]Elektrol\u012btisk\u0101 cinko\u0161ana ir visizplat\u012bt\u0101kais elektrol\u012btiskais p\u0101rkl\u0101jums t\u0113raudam.<br \/>\nIeg\u016btais p\u0101rkl\u0101jums nodro\u0161ina pietiekamu aizsardz\u012bbu pret koroziju un pat\u012bkamu izskatu par zem\u0101m izmaks\u0101m.<br \/>\n\u0160o p\u0101rkl\u0101jumu bie\u017ei izmanto ar\u012b zem kr\u0101so\u0161anas, lai uzlabotu korozijas \u012bpa\u0161\u012bbas un kr\u0101sas adh\u0113ziju.[\/vc_column_text][\/vc_column][vc_column width=&#8221;1\/2&#8243;][vc_single_image image=&#8221;1937&#8243; img_size=&#8221;large&#8221; css=&#8221;&#8221;][\/vc_column][\/vc_row][vc_row equal_height=&#8221;yes&#8221; css=&#8221;.vc_custom_1718820603748{margin-bottom: 40px !important;}&#8221;][vc_column width=&#8221;1\/3&#8243; css=&#8221;.vc_custom_1717628059564{padding-bottom: 20px !important;}&#8221;][vc_column_text css=&#8221;&#8221;]<\/p>\n<h3>Galvaniz\u0113\u0161ana ar elektrogalvaniz\u0101ciju:<\/h3>\n<ul>\n<li>M\u0113s izmantojam s\u0101rmainu cinka vannu, kas nesatur cian\u012bdu.<\/li>\n<li>Galvaniz\u0101cija ar bungu un piekarin\u0101\u0161anas pa\u0146\u0113mieniem<\/li>\n<li>Maksim\u0101lie cinkot\u0101 gabala izm\u0113ri: 2000x1000x400<\/li>\n<\/ul>\n<p>[\/vc_column_text][\/vc_column][vc_column width=&#8221;1\/3&#8243; css=&#8221;.vc_custom_1718820497171{padding-bottom: 20px !important;}&#8221;][vc_column_text css=&#8221;&#8221;]<\/p>\n<h3>Pas\u012bv\u0101 balss:<\/h3>\n<ul>\n<li>zil\u0101 pasiv\u0101cija, Cr3+<\/li>\n<li>meln\u0101 pasiv\u0101cija, Cr3+<\/li>\n<li>biezas pl\u0113ves pasiv\u0101cija Cr3+<\/li>\n<li>p\u0113c k\u0101rbas (herm\u0113ti\u0137is)<\/li>\n<li>Visa pasiv\u0101cija un p\u0113capstr\u0101de atbilst RoHS pras\u012bb\u0101m<\/li>\n<\/ul>\n<p>[\/vc_column_text][\/vc_column][vc_column width=&#8221;1\/3&#8243;][vc_column_text css=&#8221;&#8221;]<\/p>\n<h3>Cinko\u0161anas elektrogalvaniz\u0101cijas standarti:<\/h3>\n<ul>\n<li>Cinka galvaniskie p\u0101rkl\u0101jumi ar papildu apstr\u0101di uz dzelzs vai t\u0113rauda (ISO 2081:2018)<\/li>\n<li>Stiprin\u0101jumi &#8211; Galvaniskie p\u0101rkl\u0101jumi (ISO 4042:2018)<\/li>\n<li>Cinka un cinka sakaus\u0113jumu galvaniskie p\u0101rkl\u0101jumi uz dzelzs vai t\u0113rauda ar papildu apstr\u0101di bez Cr(VI) (ISO 19598:2016)<\/li>\n<li>Korozijas testi m\u0101ksl\u012bg\u0101 vid\u0113.<br \/>\nS\u0101ls smidzin\u0101\u0161anas testi (ISO 9227:2017)<\/li>\n<\/ul>\n<p>[\/vc_column_text][\/vc_column][\/vc_row][vc_row equal_height=&#8221;yes&#8221; css=&#8221;.vc_custom_1718820603748{margin-bottom: 40px !important;}&#8221;][vc_column css=&#8221;.vc_custom_1717628059564{padding-bottom: 20px !important;}&#8221;][vc_column_text css=&#8221;&#8221;]Cinks un elektrogalvaniz\u0101cija nodro\u0161ina t\u0113rauda katodisko aizsardz\u012bbu, t\u0101p\u0113c nelieli skr\u0101p\u0113jumi p\u0101rkl\u0101jum\u0101 neizraisa t\u016bl\u012bt\u0113ju t\u0113rauda r\u016bs\u0113\u0161anu.<br \/>\nKorozijas iztur\u012bbas model\u0113\u0161ana nosaka laiku, cik ilgi p\u0101rkl\u0101jumam ir j\u0101iztur, pirms uz izstr\u0101d\u0101juma par\u0101d\u0101s sarkana r\u016bsa.<br \/>\nVisizplat\u012bt\u0101kais model\u0113\u0161anas veids ir neitr\u0101ls s\u0101ls izsmidzin\u0101\u0161anas tests saska\u0146\u0101 ar ISO 9227:2006.<\/p>\n<p>Visbie\u017e\u0101k cinka galvanisko p\u0101rkl\u0101jumu pasiv\u0113, lai p\u0113c iesp\u0113jas pal\u0113nin\u0101tu cinka oksid\u0113\u0161anos.<br \/>\nT\u0101d\u0113j\u0101di pasiv\u0101cija pasarg\u0101 cinku no balt\u0101s r\u016bsas, bet pats cinks pasarg\u0101 substr\u0101tu no sarkan\u0101s r\u016bsas.<br \/>\nM\u016bsdien\u0101s, jo \u012bpa\u0161i pasiv\u0101cij\u0101 saska\u0146\u0101 ar jaunaj\u0101m RoHS un ELV direkt\u012bv\u0101m, pasiv\u0101ciju bie\u017ei izmanto, lai pasarg\u0101tu met\u0101lu no t\u0101 saukt\u0101 &#8220;alvas p\u0101rkl\u0101juma&#8221;.<br \/>\nherm\u0113ti\u0137i, kas iev\u0113rojami uzlabo korozijas v\u0113rt\u012bbas.<br \/>\nP\u0101rkl\u0101juma iztur\u012bbu pret balto koroziju gal\u012bgaj\u0101 test\u0101 nosaka p\u0113c t\u0101, cik ilgi pasiv\u0101cija (un p\u0113cp\u0101rkl\u0101jums) sp\u0113j iztur\u0113t s\u0101ls smidzin\u0101jumu.<br \/>\nRas\u0113jumos var nor\u0101d\u012bt nepiecie\u0161amo ilgumu, piem\u0113ram, 200\/400 h, baltajai r\u016bsai un sarkanajai r\u016bsai.<\/p>\n<p>M\u016bsdien\u0101s gandr\u012bz visas izmantot\u0101s vannas ir sk\u0101bas vai s\u0101rmainas.<br \/>\nSk\u0101bais cinks ir sp\u012bd\u012bg\u0101ks nek\u0101 s\u0101rmainais.<br \/>\nS\u0101rmainas vannas sp\u0113ja vienm\u0113r\u012bgi izkl\u0101t cinka p\u0101rkl\u0101jumu pa da\u017e\u0101d\u0101m izstr\u0101d\u0101juma da\u013c\u0101m ir daudz lab\u0101ka nek\u0101 sk\u0101bes vannas.<br \/>\nAr da\u017eiem iz\u0146\u0113mumiem cian\u012bda vannu lieto\u0161ana ir p\u0101rtraukta.[\/vc_column_text][\/vc_column][\/vc_row][vc_row equal_height=&#8221;yes&#8221; content_placement=&#8221;middle&#8221; css=&#8221;.vc_custom_1717628348671{margin-bottom: 40px !important;}&#8221;][vc_column width=&#8221;1\/2&#8243; css=&#8221;.vc_custom_1717628091127{padding-bottom: 20px !important;}&#8221;][vc_column_text css=&#8221;&#8221;]<\/p>\n<h3>Cinko\u0161anas pamati<\/h3>\n<p>Cinko\u0161ana ir process, kur\u0101 met\u0101la virsmu p\u0101rkl\u0101j ar cinka sl\u0101ni, lai to pasarg\u0101tu no korozijas un pie\u0161\u0137irtu tai pat\u012bkam\u0101ku izskatu.<br \/>\nCinko\u0161ana jeb cinko\u0161ana nodro\u0161ina spilgt\u0101ku un vienm\u0113r\u012bg\u0101ku sl\u0101ni nek\u0101 karst\u0101 cinko\u0161ana.<br \/>\nKarst\u0101s cinko\u0161anas priek\u0161roc\u012bba ir biez\u0101ks cinka sl\u0101nis un l\u012bdz ar to ar\u012b aizsardz\u012bba pret koroziju.<br \/>\nElektrogalvaniz\u0113tas deta\u013cas parasti pasiv\u0113 un p\u0113c tam tiek lietas, kas nep\u0101rprotami uzlabo deta\u013cas iztur\u012bbu pret koroziju.<br \/>\nCinko\u0161ana nodro\u0161ina lab\u0101kas deta\u013cas \u012bpa\u0161\u012bbas par zem\u0101k\u0101m izmaks\u0101m.<br \/>\n\u0160is process ir labi piem\u0113rots liel\u0101kajai da\u013cai dzelzs vai t\u0113rauda deta\u013cu.<\/p>\n<h3>Cinko\u0161ana atbilsto\u0161i j\u016bsu vajadz\u012bb\u0101m<\/h3>\n<p>Pateicoties m\u016bsu ilggad\u0113jai pieredzei un m\u016bsu r\u012bc\u012bb\u0101 eso\u0161aj\u0101m iek\u0101rt\u0101m, elektrogalvaniz\u0101ciju var veikt \u013coti rentabli gan maz\u0101m, gan liel\u0101m ra\u017eo\u0161anas partij\u0101m.<\/p>\n<p>Sazinieties ar mums &#8211; m\u0113s labpr\u0101t past\u0101st\u012bsim jums vair\u0101k.[\/vc_column_text][\/vc_column][vc_column width=&#8221;1\/2&#8243;][vc_single_image image=&#8221;1941&#8243; img_size=&#8221;large&#8221; css=&#8221;&#8221;][\/vc_column][\/vc_row][vc_row css=&#8221;.vc_custom_1717628491247{margin-bottom: 40px !important;}&#8221;][vc_column css=&#8221;.vc_custom_1717628059564{padding-bottom: 20px !important;}&#8221;][vc_column_text css=&#8221;&#8221;]<\/p>\n<h4>Sazinieties ar mums, lai uzzin\u0101tu par iesp\u0113ju sa\u0146emt paraugu.<\/h4>\n<h4>Jaut\u0101jiet vair\u0101k vai iesniedziet piepras\u012bjumu cit\u0101tam<\/h4>\n<p>[\/vc_column_text][vc_row_inner equal_height=&#8221;yes&#8221; gap=&#8221;10&#8243; css=&#8221;.vc_custom_1718821140753{margin-top: 25px !important;}&#8221;][vc_column_inner width=&#8221;1\/5&#8243;]<style type=\"text\/css\" data-type=\"the7_shortcodes-inline-css\">#default-btn-c9e6a893832d815f771616eb83804464.ico-right-side > i {\n  margin-right: 0px;\n  margin-left: 8px;\n}\n#default-btn-c9e6a893832d815f771616eb83804464 > i {\n  margin-right: 8px;\n}<\/style><a href=\"tel:+358106174100\" class=\"default-btn-shortcode dt-btn dt-btn-m link-hover-off ico-right-side btn-inline-left \" id=\"default-btn-c9e6a893832d815f771616eb83804464\" style=\"width:200px;\" title=\"Soita meille\"><span>P\u0101rkl\u0101jumu karst\u0101 l\u012bnija<\/span><i class=\"icomoon-the7-font-the7-phone-05\"><\/i><\/a>[\/vc_column_inner][vc_column_inner width=&#8221;1\/5&#8243;]<style type=\"text\/css\" data-type=\"the7_shortcodes-inline-css\">#default-btn-38402fa57a00de4d2199ce4834b5daf5.ico-right-side > i {\n  margin-right: 0px;\n  margin-left: 8px;\n}\n#default-btn-38402fa57a00de4d2199ce4834b5daf5 > i {\n  margin-right: 8px;\n}<\/style><a href=\"mailto:info@pinnoitushelin.fi?subject=Tarjouspyynt\u00f6\" class=\"default-btn-shortcode dt-btn dt-btn-m link-hover-off ico-right-side btn-inline-left \" id=\"default-btn-38402fa57a00de4d2199ce4834b5daf5\" style=\"width:200px;\" title=\"J\u00e4t\u00e4 tarjouspyynt\u00f6\"><span>Pied\u0101v\u0101juma piepras\u012bjums<\/span><i class=\"icomoon-the7-font-the7-mail-01\"><\/i><\/a>[\/vc_column_inner][vc_column_inner width=&#8221;1\/5&#8243;]<style type=\"text\/css\" data-type=\"the7_shortcodes-inline-css\">#default-btn-bc9c069d4d670b6eef6a84967e581177.ico-right-side > i {\n  margin-right: 0px;\n  margin-left: 8px;\n}\n#default-btn-bc9c069d4d670b6eef6a84967e581177 > i {\n  margin-right: 8px;\n}<\/style><a href=\"\/yhteystiedot\/#yhteydenotto\" class=\"default-btn-shortcode dt-btn dt-btn-m link-hover-off ico-right-side btn-inline-left \" id=\"default-btn-bc9c069d4d670b6eef6a84967e581177\" style=\"width:200px;\" title=\"Ota yhteytt\u00e4\"><span>Sazinieties ar mums<\/span><i class=\"dt-icon-the7-menu-012\"><\/i><\/a>[\/vc_column_inner][vc_column_inner width=&#8221;1\/5&#8243;][\/vc_column_inner][vc_column_inner width=&#8221;1\/5&#8243;][\/vc_column_inner][\/vc_row_inner][\/vc_column][\/vc_row][vc_row bg_type=&#8221;bg_color&#8221; bg_override=&#8221;full&#8221; css=&#8221;.vc_custom_1719351634384{margin-bottom: -30px !important;}&#8221;][vc_column offset=&#8221;vc_hidden-md vc_hidden-sm vc_hidden-xs&#8221;][vc_single_image image=&#8221;2134&#8243; img_size=&#8221;full&#8221; alignment=&#8221;right&#8221; css=&#8221;.vc_custom_1722244499456{margin-bottom: -125px !important;}&#8221; image_hovers=&#8221;false&#8221;][\/vc_column][\/vc_row][vc_row bg_type=&#8221;bg_color&#8221; bg_override=&#8221;full&#8221; css=&#8221;.vc_custom_1719351634384{margin-bottom: -30px !important;}&#8221;][vc_column offset=&#8221;vc_hidden-lg&#8221;][vc_single_image image=&#8221;2134&#8243; img_size=&#8221;full&#8221; alignment=&#8221;right&#8221; css=&#8221;.vc_custom_1722280218413{margin-bottom: -85px !important;}&#8221; image_hovers=&#8221;false&#8221;][\/vc_column][\/vc_row]<\/p>\n<\/div>","protected":false},"excerpt":{"rendered":"<p>[vc_row equal_height=&#8221;yes&#8221; content_placement=&#8221;middle&#8221; css=&#8221;.vc_custom_1717628348671{margin-bottom: 40px !important;}&#8221;][vc_column width=&#8221;1\/2&#8243; css=&#8221;.vc_custom_1717628091127{padding-bottom: 20px !important;}&#8221;][vc_column_text css=&#8221;&#8221;]Elektrol\u012btisk\u0101 cinko\u0161ana ir visizplat\u012bt\u0101kais elektrol\u012btiskais p\u0101rkl\u0101jums t\u0113raudam. Ieg\u016btais p\u0101rkl\u0101jums nodro\u0161ina pietiekamu aizsardz\u012bbu pret koroziju un pat\u012bkamu izskatu par zem\u0101m izmaks\u0101m. \u0160o p\u0101rkl\u0101jumu bie\u017ei izmanto ar\u012b zem kr\u0101so\u0161anas, lai uzlabotu korozijas \u012bpa\u0161\u012bbas un kr\u0101sas adh\u0113ziju.[\/vc_column_text][\/vc_column][vc_column width=&#8221;1\/2&#8243;][vc_single_image image=&#8221;1937&#8243; img_size=&#8221;large&#8221; css=&#8221;&#8221;][\/vc_column][\/vc_row][vc_row equal_height=&#8221;yes&#8221; css=&#8221;.vc_custom_1718820603748{margin-bottom: 40px !important;}&#8221;][vc_column width=&#8221;1\/3&#8243; css=&#8221;.vc_custom_1717628059564{padding-bottom: 20px&hellip;<\/p>\n","protected":false},"author":3,"featured_media":0,"parent":2837,"menu_order":22,"comment_status":"closed","ping_status":"closed","template":"","meta":{"footnotes":""},"class_list":["post-2844","page","type-page","status-publish","hentry","description-off"],"yoast_head":"<!-- This site is optimized with the Yoast SEO plugin v27.4 - https:\/\/yoast.com\/product\/yoast-seo-wordpress\/ -->\n<title>Galvaniz\u0113\u0161ana ar elektrogalvaniz\u0101ciju - Pinnoitus Helin Oy<\/title>\n<meta name=\"description\" content=\"Elektrol\u012btisk\u0101 cinko\u0161ana ir visizplat\u012bt\u0101kais elektrol\u012btiskais p\u0101rkl\u0101jums t\u0113raudam. Ieg\u016btais p\u0101rkl\u0101jums nodro\u0161ina pietiekamu aizsardz\u012bbu pret koroziju un pat\u012bkamu izskatu par zem\u0101m izmaks\u0101m.\" \/>\n<meta name=\"robots\" content=\"index, follow, max-snippet:-1, max-image-preview:large, max-video-preview:-1\" \/>\n<link rel=\"canonical\" href=\"https:\/\/www.pinnoitushelin.fi\/lv\/parklasanas-metodes\/galvanizesana-ar-elektrogalvanizaciju\/\" \/>\n<meta property=\"og:locale\" content=\"lv_LV\" \/>\n<meta property=\"og:type\" content=\"article\" \/>\n<meta property=\"og:title\" content=\"Galvaniz\u0113\u0161ana ar elektrogalvaniz\u0101ciju - Pinnoitus Helin Oy\" \/>\n<meta property=\"og:description\" content=\"Elektrol\u012btisk\u0101 cinko\u0161ana ir visizplat\u012bt\u0101kais elektrol\u012btiskais p\u0101rkl\u0101jums t\u0113raudam. Ieg\u016btais p\u0101rkl\u0101jums nodro\u0161ina pietiekamu aizsardz\u012bbu pret koroziju un pat\u012bkamu izskatu par zem\u0101m izmaks\u0101m.\" \/>\n<meta property=\"og:url\" content=\"https:\/\/www.pinnoitushelin.fi\/lv\/parklasanas-metodes\/galvanizesana-ar-elektrogalvanizaciju\/\" \/>\n<meta property=\"og:site_name\" content=\"Pinnoitus Helin Oy\" \/>\n<meta property=\"article:modified_time\" content=\"2024-07-30T22:44:55+00:00\" \/>\n<meta name=\"twitter:card\" content=\"summary_large_image\" \/>\n<meta name=\"twitter:label1\" content=\"Est. reading time\" \/>\n\t<meta name=\"twitter:data1\" content=\"4 minutes\" \/>\n<script type=\"application\/ld+json\" class=\"yoast-schema-graph\">{\"@context\":\"https:\\\/\\\/schema.org\",\"@graph\":[{\"@type\":\"WebPage\",\"@id\":\"https:\\\/\\\/www.pinnoitushelin.fi\\\/lv\\\/parklasanas-metodes\\\/galvanizesana-ar-elektrogalvanizaciju\\\/\",\"url\":\"https:\\\/\\\/www.pinnoitushelin.fi\\\/lv\\\/parklasanas-metodes\\\/galvanizesana-ar-elektrogalvanizaciju\\\/\",\"name\":\"Galvaniz\u0113\u0161ana ar elektrogalvaniz\u0101ciju - Pinnoitus Helin Oy\",\"isPartOf\":{\"@id\":\"https:\\\/\\\/www.pinnoitushelin.fi\\\/lv\\\/#website\"},\"datePublished\":\"2024-06-19T18:19:32+00:00\",\"dateModified\":\"2024-07-30T22:44:55+00:00\",\"description\":\"Elektrol\u012btisk\u0101 cinko\u0161ana ir visizplat\u012bt\u0101kais elektrol\u012btiskais p\u0101rkl\u0101jums t\u0113raudam. Ieg\u016btais p\u0101rkl\u0101jums nodro\u0161ina pietiekamu aizsardz\u012bbu pret koroziju un pat\u012bkamu izskatu par zem\u0101m izmaks\u0101m.\",\"breadcrumb\":{\"@id\":\"https:\\\/\\\/www.pinnoitushelin.fi\\\/lv\\\/parklasanas-metodes\\\/galvanizesana-ar-elektrogalvanizaciju\\\/#breadcrumb\"},\"inLanguage\":\"lv-LV\",\"potentialAction\":[{\"@type\":\"ReadAction\",\"target\":[\"https:\\\/\\\/www.pinnoitushelin.fi\\\/lv\\\/parklasanas-metodes\\\/galvanizesana-ar-elektrogalvanizaciju\\\/\"]}]},{\"@type\":\"BreadcrumbList\",\"@id\":\"https:\\\/\\\/www.pinnoitushelin.fi\\\/lv\\\/parklasanas-metodes\\\/galvanizesana-ar-elektrogalvanizaciju\\\/#breadcrumb\",\"itemListElement\":[{\"@type\":\"ListItem\",\"position\":1,\"name\":\"Etusivu\",\"item\":\"https:\\\/\\\/www.pinnoitushelin.fi\\\/lv\\\/\"},{\"@type\":\"ListItem\",\"position\":2,\"name\":\"P\u0101rkl\u0101\u0161anas metodes\",\"item\":\"https:\\\/\\\/www.pinnoitushelin.fi\\\/lv\\\/parklasanas-metodes\\\/\"},{\"@type\":\"ListItem\",\"position\":3,\"name\":\"Galvaniz\u0113\u0161ana ar elektrogalvaniz\u0101ciju\"}]},{\"@type\":\"WebSite\",\"@id\":\"https:\\\/\\\/www.pinnoitushelin.fi\\\/lv\\\/#website\",\"url\":\"https:\\\/\\\/www.pinnoitushelin.fi\\\/lv\\\/\",\"name\":\"Pinnoitus Helin Oy\",\"description\":\"Teknist\u00e4 pintak\u00e4sittely\u00e4 monipuolisesti ja tasalaatuisesti.\",\"publisher\":{\"@id\":\"https:\\\/\\\/www.pinnoitushelin.fi\\\/lv\\\/#organization\"},\"potentialAction\":[{\"@type\":\"SearchAction\",\"target\":{\"@type\":\"EntryPoint\",\"urlTemplate\":\"https:\\\/\\\/www.pinnoitushelin.fi\\\/lv\\\/?s={search_term_string}\"},\"query-input\":{\"@type\":\"PropertyValueSpecification\",\"valueRequired\":true,\"valueName\":\"search_term_string\"}}],\"inLanguage\":\"lv-LV\"},{\"@type\":\"Organization\",\"@id\":\"https:\\\/\\\/www.pinnoitushelin.fi\\\/lv\\\/#organization\",\"name\":\"Pinnoitus Helin Oy\",\"url\":\"https:\\\/\\\/www.pinnoitushelin.fi\\\/lv\\\/\",\"logo\":{\"@type\":\"ImageObject\",\"inLanguage\":\"lv-LV\",\"@id\":\"https:\\\/\\\/www.pinnoitushelin.fi\\\/lv\\\/#\\\/schema\\\/logo\\\/image\\\/\",\"url\":\"https:\\\/\\\/www.pinnoitushelin.fi\\\/wp-content\\\/uploads\\\/2024\\\/05\\\/logoa.png\",\"contentUrl\":\"https:\\\/\\\/www.pinnoitushelin.fi\\\/wp-content\\\/uploads\\\/2024\\\/05\\\/logoa.png\",\"width\":331,\"height\":105,\"caption\":\"Pinnoitus Helin Oy\"},\"image\":{\"@id\":\"https:\\\/\\\/www.pinnoitushelin.fi\\\/lv\\\/#\\\/schema\\\/logo\\\/image\\\/\"}}]}<\/script>\n<!-- \/ Yoast SEO plugin. -->","yoast_head_json":{"title":"Galvaniz\u0113\u0161ana ar elektrogalvaniz\u0101ciju - Pinnoitus Helin Oy","description":"Elektrol\u012btisk\u0101 cinko\u0161ana ir visizplat\u012bt\u0101kais elektrol\u012btiskais p\u0101rkl\u0101jums t\u0113raudam. Ieg\u016btais p\u0101rkl\u0101jums nodro\u0161ina pietiekamu aizsardz\u012bbu pret koroziju un pat\u012bkamu izskatu par zem\u0101m izmaks\u0101m.","robots":{"index":"index","follow":"follow","max-snippet":"max-snippet:-1","max-image-preview":"max-image-preview:large","max-video-preview":"max-video-preview:-1"},"canonical":"https:\/\/www.pinnoitushelin.fi\/lv\/parklasanas-metodes\/galvanizesana-ar-elektrogalvanizaciju\/","og_locale":"lv_LV","og_type":"article","og_title":"Galvaniz\u0113\u0161ana ar elektrogalvaniz\u0101ciju - Pinnoitus Helin Oy","og_description":"Elektrol\u012btisk\u0101 cinko\u0161ana ir visizplat\u012bt\u0101kais elektrol\u012btiskais p\u0101rkl\u0101jums t\u0113raudam. Ieg\u016btais p\u0101rkl\u0101jums nodro\u0161ina pietiekamu aizsardz\u012bbu pret koroziju un pat\u012bkamu izskatu par zem\u0101m izmaks\u0101m.","og_url":"https:\/\/www.pinnoitushelin.fi\/lv\/parklasanas-metodes\/galvanizesana-ar-elektrogalvanizaciju\/","og_site_name":"Pinnoitus Helin Oy","article_modified_time":"2024-07-30T22:44:55+00:00","twitter_card":"summary_large_image","twitter_misc":{"Est. reading time":"4 minutes"},"schema":{"@context":"https:\/\/schema.org","@graph":[{"@type":"WebPage","@id":"https:\/\/www.pinnoitushelin.fi\/lv\/parklasanas-metodes\/galvanizesana-ar-elektrogalvanizaciju\/","url":"https:\/\/www.pinnoitushelin.fi\/lv\/parklasanas-metodes\/galvanizesana-ar-elektrogalvanizaciju\/","name":"Galvaniz\u0113\u0161ana ar elektrogalvaniz\u0101ciju - Pinnoitus Helin Oy","isPartOf":{"@id":"https:\/\/www.pinnoitushelin.fi\/lv\/#website"},"datePublished":"2024-06-19T18:19:32+00:00","dateModified":"2024-07-30T22:44:55+00:00","description":"Elektrol\u012btisk\u0101 cinko\u0161ana ir visizplat\u012bt\u0101kais elektrol\u012btiskais p\u0101rkl\u0101jums t\u0113raudam. Ieg\u016btais p\u0101rkl\u0101jums nodro\u0161ina pietiekamu aizsardz\u012bbu pret koroziju un pat\u012bkamu izskatu par zem\u0101m izmaks\u0101m.","breadcrumb":{"@id":"https:\/\/www.pinnoitushelin.fi\/lv\/parklasanas-metodes\/galvanizesana-ar-elektrogalvanizaciju\/#breadcrumb"},"inLanguage":"lv-LV","potentialAction":[{"@type":"ReadAction","target":["https:\/\/www.pinnoitushelin.fi\/lv\/parklasanas-metodes\/galvanizesana-ar-elektrogalvanizaciju\/"]}]},{"@type":"BreadcrumbList","@id":"https:\/\/www.pinnoitushelin.fi\/lv\/parklasanas-metodes\/galvanizesana-ar-elektrogalvanizaciju\/#breadcrumb","itemListElement":[{"@type":"ListItem","position":1,"name":"Etusivu","item":"https:\/\/www.pinnoitushelin.fi\/lv\/"},{"@type":"ListItem","position":2,"name":"P\u0101rkl\u0101\u0161anas metodes","item":"https:\/\/www.pinnoitushelin.fi\/lv\/parklasanas-metodes\/"},{"@type":"ListItem","position":3,"name":"Galvaniz\u0113\u0161ana ar elektrogalvaniz\u0101ciju"}]},{"@type":"WebSite","@id":"https:\/\/www.pinnoitushelin.fi\/lv\/#website","url":"https:\/\/www.pinnoitushelin.fi\/lv\/","name":"Pinnoitus Helin Oy","description":"Teknist\u00e4 pintak\u00e4sittely\u00e4 monipuolisesti ja tasalaatuisesti.","publisher":{"@id":"https:\/\/www.pinnoitushelin.fi\/lv\/#organization"},"potentialAction":[{"@type":"SearchAction","target":{"@type":"EntryPoint","urlTemplate":"https:\/\/www.pinnoitushelin.fi\/lv\/?s={search_term_string}"},"query-input":{"@type":"PropertyValueSpecification","valueRequired":true,"valueName":"search_term_string"}}],"inLanguage":"lv-LV"},{"@type":"Organization","@id":"https:\/\/www.pinnoitushelin.fi\/lv\/#organization","name":"Pinnoitus Helin Oy","url":"https:\/\/www.pinnoitushelin.fi\/lv\/","logo":{"@type":"ImageObject","inLanguage":"lv-LV","@id":"https:\/\/www.pinnoitushelin.fi\/lv\/#\/schema\/logo\/image\/","url":"https:\/\/www.pinnoitushelin.fi\/wp-content\/uploads\/2024\/05\/logoa.png","contentUrl":"https:\/\/www.pinnoitushelin.fi\/wp-content\/uploads\/2024\/05\/logoa.png","width":331,"height":105,"caption":"Pinnoitus Helin Oy"},"image":{"@id":"https:\/\/www.pinnoitushelin.fi\/lv\/#\/schema\/logo\/image\/"}}]}},"_links":{"self":[{"href":"https:\/\/www.pinnoitushelin.fi\/lv\/wp-json\/wp\/v2\/pages\/2844","targetHints":{"allow":["GET"]}}],"collection":[{"href":"https:\/\/www.pinnoitushelin.fi\/lv\/wp-json\/wp\/v2\/pages"}],"about":[{"href":"https:\/\/www.pinnoitushelin.fi\/lv\/wp-json\/wp\/v2\/types\/page"}],"author":[{"embeddable":true,"href":"https:\/\/www.pinnoitushelin.fi\/lv\/wp-json\/wp\/v2\/users\/3"}],"replies":[{"embeddable":true,"href":"https:\/\/www.pinnoitushelin.fi\/lv\/wp-json\/wp\/v2\/comments?post=2844"}],"version-history":[{"count":3,"href":"https:\/\/www.pinnoitushelin.fi\/lv\/wp-json\/wp\/v2\/pages\/2844\/revisions"}],"predecessor-version":[{"id":3205,"href":"https:\/\/www.pinnoitushelin.fi\/lv\/wp-json\/wp\/v2\/pages\/2844\/revisions\/3205"}],"up":[{"embeddable":true,"href":"https:\/\/www.pinnoitushelin.fi\/lv\/wp-json\/wp\/v2\/pages\/2837"}],"wp:attachment":[{"href":"https:\/\/www.pinnoitushelin.fi\/lv\/wp-json\/wp\/v2\/media?parent=2844"}],"curies":[{"name":"wp","href":"https:\/\/api.w.org\/{rel}","templated":true}]}}