{"id":2991,"date":"2024-05-27T06:30:27","date_gmt":"2024-05-27T04:30:27","guid":{"rendered":"https:\/\/www.pinnoitushelin.fi\/info\/privaatsuspoliitika\/"},"modified":"2024-07-30T09:35:44","modified_gmt":"2024-07-30T07:35:44","slug":"privaatsuspoliitika","status":"publish","type":"page","link":"https:\/\/www.pinnoitushelin.fi\/et\/teave\/privaatsuspoliitika\/","title":{"rendered":"Privaatsuspoliitika"},"content":{"rendered":"<div class=\"wpb-content-wrapper\"><p>[vc_row][vc_column][vc_column_text css=&#8221;&#8221;]<\/p>\n&#13;\n<h2 class=\"wp-block-heading\">Registreeri ja privaatsuspoliitika<\/h2>&#13;\n<h3>1. Registripidaja<\/h3>&#13;\n<p>Pinnoitus Helin Oy<\/p>&#13;\n<h3>2. Kontaktisik registriga seotud k\u00fcsimustes<\/h3>&#13;\n<p>Petri Helin, petri.helin@pinnoitushelin.fi<\/p>&#13;\n<h3>3. Registri nimi<\/h3>&#13;\n<p>Asiakasrekisteri<\/p>&#13;\n<h3>4. Isikuandmete t\u00f6\u00f6tlemise eesm\u00e4rk<\/h3>&#13;\n<p>Henkil\u00f6tietoja k\u00e4ytet\u00e4\u00e4n ainoastaan asiakassuhteen hoitamisessa.<\/p>&#13;\n<h3>5. Registri andmete sisu<\/h3>&#13;\n<p>Nimi, osoite, s\u00e4hk\u00f6posti ja puhelinnumero.<\/p>&#13;\n<h3>6. Regulaarsed teabeallikad<\/h3>&#13;\n<p>Henkil\u00f6tietoja ker\u00e4t\u00e4\u00e4n vain asiakaspalvelun yhteydess\u00e4. Rekisteriin voidaan lis\u00e4t\u00e4 my\u00f6s yrityksen ulkopuolelta ker\u00e4ttyj\u00e4 tai ostettuja yrityksien yhteystietoja.<\/p>&#13;\n<h3>7. Andmete korrap\u00e4rane avalikustamine<\/h3>&#13;\n<p>Tietoja ei koskaan luovuteta kolmansille osapuolille, ellei kyseess\u00e4 ole poliisin tms. viranomaisen rikostutkinta.<\/p>&#13;\n<h3>8. Andmete edastamine v\u00e4ljapoole ELi v\u00f5i EMPd<\/h3>&#13;\n<p>Tietoja ei siirret\u00e4 tai k\u00e4ytet\u00e4 EU:n tai ETA:n ulkopuolella.<\/p>&#13;\n<h3>9. Registrite kaitse p\u00f5him\u00f5tted<\/h3>&#13;\n<p>Asiakastietoja s\u00e4ilytet\u00e4\u00e4n Pinnoitus Helin Oy:n palvelimella ja palvelin sijaitsee asianmukaisesti lukitussa sek\u00e4 valvotussa tilassa. Tilaan, jossa palvelin sijaitsee, on p\u00e4\u00e4sy vain tilanhaltijan valvonnassa.<\/p>&#13;\n<p>Asiakastietoja voi k\u00e4ytt\u00e4\u00e4 vain Pinnoitus Helin Oy:n henkil\u00f6kunta tilausten k\u00e4sittelyn sek\u00e4 mahdollisten uutiskirjeiden l\u00e4hett\u00e4misen yhteydess\u00e4. Tietoihin p\u00e4\u00e4see k\u00e4siksi vain sellaisella henkil\u00f6kunnan k\u00e4ytt\u00e4j\u00e4tunnuksella, jolla on siihen oikeus.<\/p>&#13;\n<h3>10. L\u00e4bivaatamise \u00f5igus<\/h3>&#13;\n<p>P\u00e4\u00e4s\u00e4\u00e4nt\u00f6isesti jokaisella on oikeus tarkistaa henkil\u00f6rekisteriin tai t\u00e4ss\u00e4 tapauksessa asiakasrekisteriin tallennetut tietonsa. Pyynt\u00f6 tulee l\u00e4hett\u00e4\u00e4 rekisterinpit\u00e4j\u00e4lle joko s\u00e4hk\u00f6postitse tai puhelimitse.<\/p>&#13;\n<h3>11. \u00d5igus n\u00f5uda teabe parandamist<\/h3>&#13;\n<p>Jokaisella on oikeus vaatia asiakasrekisteriss\u00e4 olevien virheellisten tietojensa korjaamista.\u00a0Pyynt\u00f6 tulee l\u00e4hett\u00e4\u00e4 rekisterinpit\u00e4j\u00e4lle joko s\u00e4hk\u00f6postitse tai puhelimitse.<\/p>&#13;\n<h3>12. Muud isikuandmete t\u00f6\u00f6tlemisega seotud \u00f5igused<\/h3>&#13;\n<p>Yleinen tietosuoja-asetus kohta 70. Jos henkil\u00f6tietoja k\u00e4sitell\u00e4\u00e4n suoramarkkinointia varten, rekister\u00f6idyll\u00e4 olisi oltava oikeus milloin tahansa ja maksutta vastustaa k\u00e4sittely\u00e4, mukaan lukien profilointia niilt\u00e4 osin kuin se liittyy suoramarkkinointiin, olipa kyse sitten alkuper\u00e4isest\u00e4 tai my\u00f6hemm\u00e4st\u00e4 k\u00e4sittelyst\u00e4. T\u00e4m\u00e4 oikeus olisi nimenomaisesti saatettava rekister\u00f6idyn tietoon ja esitett\u00e4v\u00e4 selke\u00e4sti ja muusta tiedotuksesta erill\u00e4\u00e4n.<\/p>&#13;\n<h3>13. Isikuandmete s\u00e4ilitamine<\/h3>&#13;\n<p>S\u00e4ilyt\u00e4mme henkil\u00f6tietoja vain niin kauan, kun se on tietojen k\u00e4ytt\u00f6tarkoitus huomioiden tarpeellista.<br\/>S\u00e4ilytt\u00e4misaikaan vaikuttavia lakeja ovat kirjanpitolaki (1997\/1336).<\/p>&#13;\n<p>Asiakastietoja s\u00e4ilytet\u00e4\u00e4n niin kauan kuin se on tarpeellista ottaeen huomioon asiakassuhteen ja toimialamme. Asiakastietoja s\u00e4ilytet\u00e4\u00e4n tavanomaisesti 5 vuotta asiakassuhteen p\u00e4\u00e4ttymisen j\u00e4lkeen.<\/p>&#13;\n<p>[\/vc_column_text][\/vc_column][\/vc_row]<\/p><\/div>","protected":false},"excerpt":{"rendered":"<p>[vc_row][vc_column][vc_column_text css=&#8221;&#8221;] &#13; Registreeri ja privaatsuspoliitika &#13; 1. Registripidaja &#13; Pinnoitus Helin Oy &#13; 2. Kontaktisik registriga seotud k\u00fcsimustes &#13; Petri Helin, petri.helin@pinnoitushelin.fi &#13; 3. Registri nimi &#13; Asiakasrekisteri &#13; 4. Isikuandmete t\u00f6\u00f6tlemise eesm\u00e4rk &#13; Henkil\u00f6tietoja k\u00e4ytet\u00e4\u00e4n ainoastaan asiakassuhteen hoitamisessa. &#13; 5. Registri andmete sisu &#13; Nimi, osoite, s\u00e4hk\u00f6posti ja puhelinnumero. &#13; 6. Regulaarsed teabeallikad&hellip;<\/p>\n","protected":false},"author":3,"featured_media":0,"parent":2960,"menu_order":47,"comment_status":"closed","ping_status":"closed","template":"","meta":{"footnotes":""},"class_list":["post-2991","page","type-page","status-publish","hentry","description-off"],"yoast_head":"<!-- This site is optimized with the Yoast SEO plugin v27.4 - https:\/\/yoast.com\/product\/yoast-seo-wordpress\/ -->\n<title>Privaatsuspoliitika - Pinnoitus Helin Oy<\/title>\n<meta name=\"description\" content=\"QDPR suunised ja kohustused\" \/>\n<meta name=\"robots\" content=\"index, follow, max-snippet:-1, max-image-preview:large, max-video-preview:-1\" \/>\n<link rel=\"canonical\" href=\"https:\/\/www.pinnoitushelin.fi\/et\/teave\/privaatsuspoliitika\/\" \/>\n<meta property=\"og:locale\" content=\"et_EE\" \/>\n<meta property=\"og:type\" content=\"article\" \/>\n<meta property=\"og:title\" content=\"Privaatsuspoliitika - Pinnoitus Helin Oy\" \/>\n<meta property=\"og:description\" content=\"QDPR suunised ja kohustused\" \/>\n<meta property=\"og:url\" content=\"https:\/\/www.pinnoitushelin.fi\/et\/teave\/privaatsuspoliitika\/\" \/>\n<meta property=\"og:site_name\" content=\"Pinnoitus Helin Oy\" \/>\n<meta property=\"article:modified_time\" content=\"2024-07-30T07:35:44+00:00\" \/>\n<meta name=\"twitter:card\" content=\"summary_large_image\" \/>\n<meta name=\"twitter:label1\" content=\"Est. reading time\" \/>\n\t<meta name=\"twitter:data1\" content=\"2 minutit\" \/>\n<script type=\"application\/ld+json\" class=\"yoast-schema-graph\">{\"@context\":\"https:\\\/\\\/schema.org\",\"@graph\":[{\"@type\":\"WebPage\",\"@id\":\"https:\\\/\\\/www.pinnoitushelin.fi\\\/et\\\/teave\\\/privaatsuspoliitika\\\/\",\"url\":\"https:\\\/\\\/www.pinnoitushelin.fi\\\/et\\\/teave\\\/privaatsuspoliitika\\\/\",\"name\":\"Privaatsuspoliitika - Pinnoitus Helin Oy\",\"isPartOf\":{\"@id\":\"https:\\\/\\\/www.pinnoitushelin.fi\\\/et\\\/#website\"},\"datePublished\":\"2024-05-27T04:30:27+00:00\",\"dateModified\":\"2024-07-30T07:35:44+00:00\",\"description\":\"QDPR suunised ja kohustused\",\"breadcrumb\":{\"@id\":\"https:\\\/\\\/www.pinnoitushelin.fi\\\/et\\\/teave\\\/privaatsuspoliitika\\\/#breadcrumb\"},\"inLanguage\":\"et\",\"potentialAction\":[{\"@type\":\"ReadAction\",\"target\":[\"https:\\\/\\\/www.pinnoitushelin.fi\\\/et\\\/teave\\\/privaatsuspoliitika\\\/\"]}]},{\"@type\":\"BreadcrumbList\",\"@id\":\"https:\\\/\\\/www.pinnoitushelin.fi\\\/et\\\/teave\\\/privaatsuspoliitika\\\/#breadcrumb\",\"itemListElement\":[{\"@type\":\"ListItem\",\"position\":1,\"name\":\"Etusivu\",\"item\":\"https:\\\/\\\/www.pinnoitushelin.fi\\\/et\\\/\"},{\"@type\":\"ListItem\",\"position\":2,\"name\":\"Teave\",\"item\":\"https:\\\/\\\/www.pinnoitushelin.fi\\\/et\\\/teave\\\/\"},{\"@type\":\"ListItem\",\"position\":3,\"name\":\"Privaatsuspoliitika\"}]},{\"@type\":\"WebSite\",\"@id\":\"https:\\\/\\\/www.pinnoitushelin.fi\\\/et\\\/#website\",\"url\":\"https:\\\/\\\/www.pinnoitushelin.fi\\\/et\\\/\",\"name\":\"Pinnoitus Helin Oy\",\"description\":\"Teknist\u00e4 pintak\u00e4sittely\u00e4 monipuolisesti ja tasalaatuisesti.\",\"publisher\":{\"@id\":\"https:\\\/\\\/www.pinnoitushelin.fi\\\/et\\\/#organization\"},\"potentialAction\":[{\"@type\":\"SearchAction\",\"target\":{\"@type\":\"EntryPoint\",\"urlTemplate\":\"https:\\\/\\\/www.pinnoitushelin.fi\\\/et\\\/?s={search_term_string}\"},\"query-input\":{\"@type\":\"PropertyValueSpecification\",\"valueRequired\":true,\"valueName\":\"search_term_string\"}}],\"inLanguage\":\"et\"},{\"@type\":\"Organization\",\"@id\":\"https:\\\/\\\/www.pinnoitushelin.fi\\\/et\\\/#organization\",\"name\":\"Pinnoitus Helin Oy\",\"url\":\"https:\\\/\\\/www.pinnoitushelin.fi\\\/et\\\/\",\"logo\":{\"@type\":\"ImageObject\",\"inLanguage\":\"et\",\"@id\":\"https:\\\/\\\/www.pinnoitushelin.fi\\\/et\\\/#\\\/schema\\\/logo\\\/image\\\/\",\"url\":\"https:\\\/\\\/www.pinnoitushelin.fi\\\/wp-content\\\/uploads\\\/2024\\\/05\\\/logoa.png\",\"contentUrl\":\"https:\\\/\\\/www.pinnoitushelin.fi\\\/wp-content\\\/uploads\\\/2024\\\/05\\\/logoa.png\",\"width\":331,\"height\":105,\"caption\":\"Pinnoitus Helin Oy\"},\"image\":{\"@id\":\"https:\\\/\\\/www.pinnoitushelin.fi\\\/et\\\/#\\\/schema\\\/logo\\\/image\\\/\"}}]}<\/script>\n<!-- \/ Yoast SEO plugin. -->","yoast_head_json":{"title":"Privaatsuspoliitika - Pinnoitus Helin Oy","description":"QDPR suunised ja kohustused","robots":{"index":"index","follow":"follow","max-snippet":"max-snippet:-1","max-image-preview":"max-image-preview:large","max-video-preview":"max-video-preview:-1"},"canonical":"https:\/\/www.pinnoitushelin.fi\/et\/teave\/privaatsuspoliitika\/","og_locale":"et_EE","og_type":"article","og_title":"Privaatsuspoliitika - Pinnoitus Helin Oy","og_description":"QDPR suunised ja kohustused","og_url":"https:\/\/www.pinnoitushelin.fi\/et\/teave\/privaatsuspoliitika\/","og_site_name":"Pinnoitus Helin Oy","article_modified_time":"2024-07-30T07:35:44+00:00","twitter_card":"summary_large_image","twitter_misc":{"Est. reading time":"2 minutit"},"schema":{"@context":"https:\/\/schema.org","@graph":[{"@type":"WebPage","@id":"https:\/\/www.pinnoitushelin.fi\/et\/teave\/privaatsuspoliitika\/","url":"https:\/\/www.pinnoitushelin.fi\/et\/teave\/privaatsuspoliitika\/","name":"Privaatsuspoliitika - Pinnoitus Helin Oy","isPartOf":{"@id":"https:\/\/www.pinnoitushelin.fi\/et\/#website"},"datePublished":"2024-05-27T04:30:27+00:00","dateModified":"2024-07-30T07:35:44+00:00","description":"QDPR suunised ja kohustused","breadcrumb":{"@id":"https:\/\/www.pinnoitushelin.fi\/et\/teave\/privaatsuspoliitika\/#breadcrumb"},"inLanguage":"et","potentialAction":[{"@type":"ReadAction","target":["https:\/\/www.pinnoitushelin.fi\/et\/teave\/privaatsuspoliitika\/"]}]},{"@type":"BreadcrumbList","@id":"https:\/\/www.pinnoitushelin.fi\/et\/teave\/privaatsuspoliitika\/#breadcrumb","itemListElement":[{"@type":"ListItem","position":1,"name":"Etusivu","item":"https:\/\/www.pinnoitushelin.fi\/et\/"},{"@type":"ListItem","position":2,"name":"Teave","item":"https:\/\/www.pinnoitushelin.fi\/et\/teave\/"},{"@type":"ListItem","position":3,"name":"Privaatsuspoliitika"}]},{"@type":"WebSite","@id":"https:\/\/www.pinnoitushelin.fi\/et\/#website","url":"https:\/\/www.pinnoitushelin.fi\/et\/","name":"Pinnoitus Helin Oy","description":"Teknist\u00e4 pintak\u00e4sittely\u00e4 monipuolisesti ja tasalaatuisesti.","publisher":{"@id":"https:\/\/www.pinnoitushelin.fi\/et\/#organization"},"potentialAction":[{"@type":"SearchAction","target":{"@type":"EntryPoint","urlTemplate":"https:\/\/www.pinnoitushelin.fi\/et\/?s={search_term_string}"},"query-input":{"@type":"PropertyValueSpecification","valueRequired":true,"valueName":"search_term_string"}}],"inLanguage":"et"},{"@type":"Organization","@id":"https:\/\/www.pinnoitushelin.fi\/et\/#organization","name":"Pinnoitus Helin Oy","url":"https:\/\/www.pinnoitushelin.fi\/et\/","logo":{"@type":"ImageObject","inLanguage":"et","@id":"https:\/\/www.pinnoitushelin.fi\/et\/#\/schema\/logo\/image\/","url":"https:\/\/www.pinnoitushelin.fi\/wp-content\/uploads\/2024\/05\/logoa.png","contentUrl":"https:\/\/www.pinnoitushelin.fi\/wp-content\/uploads\/2024\/05\/logoa.png","width":331,"height":105,"caption":"Pinnoitus Helin Oy"},"image":{"@id":"https:\/\/www.pinnoitushelin.fi\/et\/#\/schema\/logo\/image\/"}}]}},"_links":{"self":[{"href":"https:\/\/www.pinnoitushelin.fi\/et\/wp-json\/wp\/v2\/pages\/2991","targetHints":{"allow":["GET"]}}],"collection":[{"href":"https:\/\/www.pinnoitushelin.fi\/et\/wp-json\/wp\/v2\/pages"}],"about":[{"href":"https:\/\/www.pinnoitushelin.fi\/et\/wp-json\/wp\/v2\/types\/page"}],"author":[{"embeddable":true,"href":"https:\/\/www.pinnoitushelin.fi\/et\/wp-json\/wp\/v2\/users\/3"}],"replies":[{"embeddable":true,"href":"https:\/\/www.pinnoitushelin.fi\/et\/wp-json\/wp\/v2\/comments?post=2991"}],"version-history":[{"count":1,"href":"https:\/\/www.pinnoitushelin.fi\/et\/wp-json\/wp\/v2\/pages\/2991\/revisions"}],"predecessor-version":[{"id":2992,"href":"https:\/\/www.pinnoitushelin.fi\/et\/wp-json\/wp\/v2\/pages\/2991\/revisions\/2992"}],"up":[{"embeddable":true,"href":"https:\/\/www.pinnoitushelin.fi\/et\/wp-json\/wp\/v2\/pages\/2960"}],"wp:attachment":[{"href":"https:\/\/www.pinnoitushelin.fi\/et\/wp-json\/wp\/v2\/media?parent=2991"}],"curies":[{"name":"wp","href":"https:\/\/api.w.org\/{rel}","templated":true}]}}