{"id":2985,"date":"2024-06-24T09:26:45","date_gmt":"2024-06-24T07:26:45","guid":{"rendered":"https:\/\/www.pinnoitushelin.fi\/info\/lingid\/"},"modified":"2024-07-30T22:35:32","modified_gmt":"2024-07-30T20:35:32","slug":"lingid","status":"publish","type":"page","link":"https:\/\/www.pinnoitushelin.fi\/et\/teave\/lingid\/","title":{"rendered":"Lingid"},"content":{"rendered":"<div class=\"wpb-content-wrapper\"><p>[vc_row][vc_column][vc_column_text css=&#8221;&#8221;]Galvanotehnika Assotsiatsiooni veebilehel on muu hulgas saadaval kasulik kirjandus sel teemal, mis sobib lisaks standarditele ka pinnat\u00f6\u00f6tlusteenuste ostmise toetamiseks.<\/p>\n<p><a href=\"https:\/\/www.sgy-ry.fi\/\">Soome Galvanotehniline Liit<\/a><\/p>\n<p>Pinnakatte- ja materjalikatsete seadmed mm.RoHs sobivus.<\/p>\n<p><a href=\"https:\/\/www.helmut-fischer.com\/\">Helmut-fischer<\/a><\/p>\n<p>Huvitav arutelufoorum k\u00f5igest pinnat\u00f6\u00f6tlemisega seonduvast.<\/p>\n<p><a href=\"https:\/\/www.finishing.com\/\">Finishing.com<\/a><\/p>\n<p>Elektroless-nikli omadused ja rakendused <a href=\"https:\/\/www.nickelinstitute.org\/\">Nickel Institute<\/a> &#8217;i veebilehelt<\/p>\n<p><a href=\"https:\/\/www.nickelinstitute.org\/media\/1769\/propertiesandapplicationsofelectrolessnickel_10081_.pdf\">Elektroless-nikli omadused ja rakendused<\/a>.[\/vc_column_text][\/vc_column][\/vc_row]<\/p>\n<\/div>","protected":false},"excerpt":{"rendered":"<p>[vc_row][vc_column][vc_column_text css=&#8221;&#8221;]Galvanotehnika Assotsiatsiooni veebilehel on muu hulgas saadaval kasulik kirjandus sel teemal, mis sobib lisaks standarditele ka pinnat\u00f6\u00f6tlusteenuste ostmise toetamiseks. Soome Galvanotehniline Liit Pinnakatte- ja materjalikatsete seadmed mm.RoHs sobivus. Helmut-fischer Huvitav arutelufoorum k\u00f5igest pinnat\u00f6\u00f6tlemisega seonduvast. Finishing.com Elektroless-nikli omadused ja rakendused Nickel Institute &#8217;i veebilehelt Elektroless-nikli omadused ja rakendused.[\/vc_column_text][\/vc_column][\/vc_row]<\/p>\n","protected":false},"author":3,"featured_media":0,"parent":2960,"menu_order":46,"comment_status":"closed","ping_status":"closed","template":"","meta":{"footnotes":""},"class_list":["post-2985","page","type-page","status-publish","hentry","description-off"],"yoast_head":"<!-- This site is optimized with the Yoast SEO plugin v27.4 - https:\/\/yoast.com\/product\/yoast-seo-wordpress\/ -->\n<title>Lingid - Pinnoitus Helin Oy<\/title>\n<meta name=\"description\" content=\"Galvanotehnika Assotsiatsiooni veebilehel on muu hulgas saadaval kasulik kirjandus sel teemal, mis sobib lisaks standarditele ideaalselt pinnat\u00f6\u00f6tlusteenuste ostmise toetamiseks.\" \/>\n<meta name=\"robots\" content=\"index, follow, max-snippet:-1, max-image-preview:large, max-video-preview:-1\" \/>\n<link rel=\"canonical\" href=\"https:\/\/www.pinnoitushelin.fi\/et\/teave\/lingid\/\" \/>\n<meta property=\"og:locale\" content=\"et_EE\" \/>\n<meta property=\"og:type\" content=\"article\" \/>\n<meta property=\"og:title\" content=\"Lingid - Pinnoitus Helin Oy\" \/>\n<meta property=\"og:description\" content=\"Galvanotehnika Assotsiatsiooni veebilehel on muu hulgas saadaval kasulik kirjandus sel teemal, mis sobib lisaks standarditele ideaalselt pinnat\u00f6\u00f6tlusteenuste ostmise toetamiseks.\" \/>\n<meta property=\"og:url\" content=\"https:\/\/www.pinnoitushelin.fi\/et\/teave\/lingid\/\" \/>\n<meta property=\"og:site_name\" content=\"Pinnoitus Helin Oy\" \/>\n<meta property=\"article:modified_time\" content=\"2024-07-30T20:35:32+00:00\" \/>\n<meta name=\"twitter:card\" content=\"summary_large_image\" \/>\n<meta name=\"twitter:label1\" content=\"Est. reading time\" \/>\n\t<meta name=\"twitter:data1\" content=\"1 minut\" \/>\n<script type=\"application\/ld+json\" class=\"yoast-schema-graph\">{\"@context\":\"https:\\\/\\\/schema.org\",\"@graph\":[{\"@type\":\"WebPage\",\"@id\":\"https:\\\/\\\/www.pinnoitushelin.fi\\\/et\\\/teave\\\/lingid\\\/\",\"url\":\"https:\\\/\\\/www.pinnoitushelin.fi\\\/et\\\/teave\\\/lingid\\\/\",\"name\":\"Lingid - Pinnoitus Helin Oy\",\"isPartOf\":{\"@id\":\"https:\\\/\\\/www.pinnoitushelin.fi\\\/et\\\/#website\"},\"datePublished\":\"2024-06-24T07:26:45+00:00\",\"dateModified\":\"2024-07-30T20:35:32+00:00\",\"description\":\"Galvanotehnika Assotsiatsiooni veebilehel on muu hulgas saadaval kasulik kirjandus sel teemal, mis sobib lisaks standarditele ideaalselt pinnat\u00f6\u00f6tlusteenuste ostmise toetamiseks.\",\"breadcrumb\":{\"@id\":\"https:\\\/\\\/www.pinnoitushelin.fi\\\/et\\\/teave\\\/lingid\\\/#breadcrumb\"},\"inLanguage\":\"et\",\"potentialAction\":[{\"@type\":\"ReadAction\",\"target\":[\"https:\\\/\\\/www.pinnoitushelin.fi\\\/et\\\/teave\\\/lingid\\\/\"]}]},{\"@type\":\"BreadcrumbList\",\"@id\":\"https:\\\/\\\/www.pinnoitushelin.fi\\\/et\\\/teave\\\/lingid\\\/#breadcrumb\",\"itemListElement\":[{\"@type\":\"ListItem\",\"position\":1,\"name\":\"Etusivu\",\"item\":\"https:\\\/\\\/www.pinnoitushelin.fi\\\/et\\\/\"},{\"@type\":\"ListItem\",\"position\":2,\"name\":\"Teave\",\"item\":\"https:\\\/\\\/www.pinnoitushelin.fi\\\/et\\\/teave\\\/\"},{\"@type\":\"ListItem\",\"position\":3,\"name\":\"Lingid\"}]},{\"@type\":\"WebSite\",\"@id\":\"https:\\\/\\\/www.pinnoitushelin.fi\\\/et\\\/#website\",\"url\":\"https:\\\/\\\/www.pinnoitushelin.fi\\\/et\\\/\",\"name\":\"Pinnoitus Helin Oy\",\"description\":\"Teknist\u00e4 pintak\u00e4sittely\u00e4 monipuolisesti ja tasalaatuisesti.\",\"publisher\":{\"@id\":\"https:\\\/\\\/www.pinnoitushelin.fi\\\/et\\\/#organization\"},\"potentialAction\":[{\"@type\":\"SearchAction\",\"target\":{\"@type\":\"EntryPoint\",\"urlTemplate\":\"https:\\\/\\\/www.pinnoitushelin.fi\\\/et\\\/?s={search_term_string}\"},\"query-input\":{\"@type\":\"PropertyValueSpecification\",\"valueRequired\":true,\"valueName\":\"search_term_string\"}}],\"inLanguage\":\"et\"},{\"@type\":\"Organization\",\"@id\":\"https:\\\/\\\/www.pinnoitushelin.fi\\\/et\\\/#organization\",\"name\":\"Pinnoitus Helin Oy\",\"url\":\"https:\\\/\\\/www.pinnoitushelin.fi\\\/et\\\/\",\"logo\":{\"@type\":\"ImageObject\",\"inLanguage\":\"et\",\"@id\":\"https:\\\/\\\/www.pinnoitushelin.fi\\\/et\\\/#\\\/schema\\\/logo\\\/image\\\/\",\"url\":\"https:\\\/\\\/www.pinnoitushelin.fi\\\/wp-content\\\/uploads\\\/2024\\\/05\\\/logoa.png\",\"contentUrl\":\"https:\\\/\\\/www.pinnoitushelin.fi\\\/wp-content\\\/uploads\\\/2024\\\/05\\\/logoa.png\",\"width\":331,\"height\":105,\"caption\":\"Pinnoitus Helin Oy\"},\"image\":{\"@id\":\"https:\\\/\\\/www.pinnoitushelin.fi\\\/et\\\/#\\\/schema\\\/logo\\\/image\\\/\"}}]}<\/script>\n<!-- \/ Yoast SEO plugin. -->","yoast_head_json":{"title":"Lingid - Pinnoitus Helin Oy","description":"Galvanotehnika Assotsiatsiooni veebilehel on muu hulgas saadaval kasulik kirjandus sel teemal, mis sobib lisaks standarditele ideaalselt pinnat\u00f6\u00f6tlusteenuste ostmise toetamiseks.","robots":{"index":"index","follow":"follow","max-snippet":"max-snippet:-1","max-image-preview":"max-image-preview:large","max-video-preview":"max-video-preview:-1"},"canonical":"https:\/\/www.pinnoitushelin.fi\/et\/teave\/lingid\/","og_locale":"et_EE","og_type":"article","og_title":"Lingid - Pinnoitus Helin Oy","og_description":"Galvanotehnika Assotsiatsiooni veebilehel on muu hulgas saadaval kasulik kirjandus sel teemal, mis sobib lisaks standarditele ideaalselt pinnat\u00f6\u00f6tlusteenuste ostmise toetamiseks.","og_url":"https:\/\/www.pinnoitushelin.fi\/et\/teave\/lingid\/","og_site_name":"Pinnoitus Helin Oy","article_modified_time":"2024-07-30T20:35:32+00:00","twitter_card":"summary_large_image","twitter_misc":{"Est. reading time":"1 minut"},"schema":{"@context":"https:\/\/schema.org","@graph":[{"@type":"WebPage","@id":"https:\/\/www.pinnoitushelin.fi\/et\/teave\/lingid\/","url":"https:\/\/www.pinnoitushelin.fi\/et\/teave\/lingid\/","name":"Lingid - Pinnoitus Helin Oy","isPartOf":{"@id":"https:\/\/www.pinnoitushelin.fi\/et\/#website"},"datePublished":"2024-06-24T07:26:45+00:00","dateModified":"2024-07-30T20:35:32+00:00","description":"Galvanotehnika Assotsiatsiooni veebilehel on muu hulgas saadaval kasulik kirjandus sel teemal, mis sobib lisaks standarditele ideaalselt pinnat\u00f6\u00f6tlusteenuste ostmise toetamiseks.","breadcrumb":{"@id":"https:\/\/www.pinnoitushelin.fi\/et\/teave\/lingid\/#breadcrumb"},"inLanguage":"et","potentialAction":[{"@type":"ReadAction","target":["https:\/\/www.pinnoitushelin.fi\/et\/teave\/lingid\/"]}]},{"@type":"BreadcrumbList","@id":"https:\/\/www.pinnoitushelin.fi\/et\/teave\/lingid\/#breadcrumb","itemListElement":[{"@type":"ListItem","position":1,"name":"Etusivu","item":"https:\/\/www.pinnoitushelin.fi\/et\/"},{"@type":"ListItem","position":2,"name":"Teave","item":"https:\/\/www.pinnoitushelin.fi\/et\/teave\/"},{"@type":"ListItem","position":3,"name":"Lingid"}]},{"@type":"WebSite","@id":"https:\/\/www.pinnoitushelin.fi\/et\/#website","url":"https:\/\/www.pinnoitushelin.fi\/et\/","name":"Pinnoitus Helin Oy","description":"Teknist\u00e4 pintak\u00e4sittely\u00e4 monipuolisesti ja tasalaatuisesti.","publisher":{"@id":"https:\/\/www.pinnoitushelin.fi\/et\/#organization"},"potentialAction":[{"@type":"SearchAction","target":{"@type":"EntryPoint","urlTemplate":"https:\/\/www.pinnoitushelin.fi\/et\/?s={search_term_string}"},"query-input":{"@type":"PropertyValueSpecification","valueRequired":true,"valueName":"search_term_string"}}],"inLanguage":"et"},{"@type":"Organization","@id":"https:\/\/www.pinnoitushelin.fi\/et\/#organization","name":"Pinnoitus Helin Oy","url":"https:\/\/www.pinnoitushelin.fi\/et\/","logo":{"@type":"ImageObject","inLanguage":"et","@id":"https:\/\/www.pinnoitushelin.fi\/et\/#\/schema\/logo\/image\/","url":"https:\/\/www.pinnoitushelin.fi\/wp-content\/uploads\/2024\/05\/logoa.png","contentUrl":"https:\/\/www.pinnoitushelin.fi\/wp-content\/uploads\/2024\/05\/logoa.png","width":331,"height":105,"caption":"Pinnoitus Helin Oy"},"image":{"@id":"https:\/\/www.pinnoitushelin.fi\/et\/#\/schema\/logo\/image\/"}}]}},"_links":{"self":[{"href":"https:\/\/www.pinnoitushelin.fi\/et\/wp-json\/wp\/v2\/pages\/2985","targetHints":{"allow":["GET"]}}],"collection":[{"href":"https:\/\/www.pinnoitushelin.fi\/et\/wp-json\/wp\/v2\/pages"}],"about":[{"href":"https:\/\/www.pinnoitushelin.fi\/et\/wp-json\/wp\/v2\/types\/page"}],"author":[{"embeddable":true,"href":"https:\/\/www.pinnoitushelin.fi\/et\/wp-json\/wp\/v2\/users\/3"}],"replies":[{"embeddable":true,"href":"https:\/\/www.pinnoitushelin.fi\/et\/wp-json\/wp\/v2\/comments?post=2985"}],"version-history":[{"count":4,"href":"https:\/\/www.pinnoitushelin.fi\/et\/wp-json\/wp\/v2\/pages\/2985\/revisions"}],"predecessor-version":[{"id":3123,"href":"https:\/\/www.pinnoitushelin.fi\/et\/wp-json\/wp\/v2\/pages\/2985\/revisions\/3123"}],"up":[{"embeddable":true,"href":"https:\/\/www.pinnoitushelin.fi\/et\/wp-json\/wp\/v2\/pages\/2960"}],"wp:attachment":[{"href":"https:\/\/www.pinnoitushelin.fi\/et\/wp-json\/wp\/v2\/media?parent=2985"}],"curies":[{"name":"wp","href":"https:\/\/api.w.org\/{rel}","templated":true}]}}