{"id":2979,"date":"2024-06-24T09:21:27","date_gmt":"2024-06-24T07:21:27","guid":{"rendered":"https:\/\/www.pinnoitushelin.fi\/info\/pinnatootlus\/"},"modified":"2024-07-30T22:30:19","modified_gmt":"2024-07-30T20:30:19","slug":"pinnatootlus","status":"publish","type":"page","link":"https:\/\/www.pinnoitushelin.fi\/et\/teave\/pinnatootlus\/","title":{"rendered":"Pinnat\u00f6\u00f6tlus"},"content":{"rendered":"<div class=\"wpb-content-wrapper\"><p>[vc_row css=&#8221;.vc_custom_1717732603405{margin-bottom: 40px !important;}&#8221;][vc_column][vc_single_image image=&#8221;2119&#8243; img_size=&#8221;large&#8221; css=&#8221;&#8221;][\/vc_column][\/vc_row][vc_row css=&#8221;.vc_custom_1722286507581{margin-bottom: 70px !important;}&#8221;][vc_column][vc_column_text css=&#8221;&#8221;]<\/p>\n<h1>Metalli pinna t\u00f6\u00f6tlemine<\/h1>\n<p>Metalli pinnat\u00f6\u00f6tlus on oluline samm metalltoote kasutuselev\u00f5tmisel.<br \/>\nIlma metallpinnat\u00f6\u00f6tluseta ei ole detaili korrosioonikindlus ja v\u00e4limus paljude rakenduste puhul rahuldav.<br \/>\nLisaks sellele on metallpinnat\u00f6\u00f6tlus sageli k\u00f5ige kuluefektiivsem viis toote eluea pikendamiseks.<br \/>\nElektrol\u00fc\u00fctilised pinnakatted on suurep\u00e4rane v\u00f5imalus enamiku metallosade katmiseks.<\/p>\n<h3>Pinnoitus Helin Oy metallide pinnat\u00f6\u00f6tlus<\/h3>\n<p>Pakume teile mitmesuguseid erinevaid t\u00f6\u00f6tlemisv\u00f5imalusi, mis v\u00f5imaldavad teil kanda metallkatte, mis on t\u00e4pselt kohandatud vastavalt detaili rakendusele.<br \/>\nLisateavet meie pakutava metallpinnat\u00f6\u00f6tluse kohta leiate meie veebisaidilt v\u00f5i v\u00f5tke meiega \u00fchendust.[\/vc_column_text][\/vc_column][\/vc_row][vc_row bg_type=&#8221;bg_color&#8221; bg_override=&#8221;full&#8221; css=&#8221;.vc_custom_1719351229771{margin-bottom: -30px !important;}&#8221;][vc_column][vc_single_image image=&#8221;2134&#8243; img_size=&#8221;full&#8221; alignment=&#8221;right&#8221; css=&#8221;.vc_custom_1719351301618{margin-bottom: -125px !important;}&#8221; image_hovers=&#8221;false&#8221;][\/vc_column][\/vc_row]<\/p>\n<\/div>","protected":false},"excerpt":{"rendered":"<p>[vc_row css=&#8221;.vc_custom_1717732603405{margin-bottom: 40px !important;}&#8221;][vc_column][vc_single_image image=&#8221;2119&#8243; img_size=&#8221;large&#8221; css=&#8221;&#8221;][\/vc_column][\/vc_row][vc_row css=&#8221;.vc_custom_1722286507581{margin-bottom: 70px !important;}&#8221;][vc_column][vc_column_text css=&#8221;&#8221;] Metalli pinna t\u00f6\u00f6tlemine Metalli pinnat\u00f6\u00f6tlus on oluline samm metalltoote kasutuselev\u00f5tmisel. Ilma metallpinnat\u00f6\u00f6tluseta ei ole detaili korrosioonikindlus ja v\u00e4limus paljude rakenduste puhul rahuldav. Lisaks sellele on metallpinnat\u00f6\u00f6tlus sageli k\u00f5ige kuluefektiivsem viis toote eluea pikendamiseks. Elektrol\u00fc\u00fctilised pinnakatted on suurep\u00e4rane v\u00f5imalus enamiku metallosade katmiseks. Pinnoitus Helin Oy&hellip;<\/p>\n","protected":false},"author":3,"featured_media":0,"parent":2960,"menu_order":45,"comment_status":"closed","ping_status":"closed","template":"","meta":{"footnotes":""},"class_list":["post-2979","page","type-page","status-publish","hentry","description-off"],"yoast_head":"<!-- This site is optimized with the Yoast SEO plugin v27.4 - https:\/\/yoast.com\/product\/yoast-seo-wordpress\/ -->\n<title>Pinnat\u00f6\u00f6tlus - Pinnoitus Helin Oy<\/title>\n<meta name=\"description\" content=\"Metalli pinnat\u00f6\u00f6tlus on oluline samm metalltoote kasutuselev\u00f5tmisel. Ilma metallpinnat\u00f6\u00f6tluseta ei ole detaili korrosioonikindlus ja v\u00e4limus paljude rakenduste puhul rahuldav.\" \/>\n<meta name=\"robots\" content=\"index, follow, max-snippet:-1, max-image-preview:large, max-video-preview:-1\" \/>\n<link rel=\"canonical\" href=\"https:\/\/www.pinnoitushelin.fi\/et\/teave\/pinnatootlus\/\" \/>\n<meta property=\"og:locale\" content=\"et_EE\" \/>\n<meta property=\"og:type\" content=\"article\" \/>\n<meta property=\"og:title\" content=\"Pinnat\u00f6\u00f6tlus - Pinnoitus Helin Oy\" \/>\n<meta property=\"og:description\" content=\"Metalli pinnat\u00f6\u00f6tlus on oluline samm metalltoote kasutuselev\u00f5tmisel. Ilma metallpinnat\u00f6\u00f6tluseta ei ole detaili korrosioonikindlus ja v\u00e4limus paljude rakenduste puhul rahuldav.\" \/>\n<meta property=\"og:url\" content=\"https:\/\/www.pinnoitushelin.fi\/et\/teave\/pinnatootlus\/\" \/>\n<meta property=\"og:site_name\" content=\"Pinnoitus Helin Oy\" \/>\n<meta property=\"article:modified_time\" content=\"2024-07-30T20:30:19+00:00\" \/>\n<meta name=\"twitter:card\" content=\"summary_large_image\" \/>\n<meta name=\"twitter:label1\" content=\"Est. reading time\" \/>\n\t<meta name=\"twitter:data1\" content=\"1 minut\" \/>\n<script type=\"application\/ld+json\" class=\"yoast-schema-graph\">{\"@context\":\"https:\\\/\\\/schema.org\",\"@graph\":[{\"@type\":\"WebPage\",\"@id\":\"https:\\\/\\\/www.pinnoitushelin.fi\\\/et\\\/teave\\\/pinnatootlus\\\/\",\"url\":\"https:\\\/\\\/www.pinnoitushelin.fi\\\/et\\\/teave\\\/pinnatootlus\\\/\",\"name\":\"Pinnat\u00f6\u00f6tlus - Pinnoitus Helin Oy\",\"isPartOf\":{\"@id\":\"https:\\\/\\\/www.pinnoitushelin.fi\\\/et\\\/#website\"},\"datePublished\":\"2024-06-24T07:21:27+00:00\",\"dateModified\":\"2024-07-30T20:30:19+00:00\",\"description\":\"Metalli pinnat\u00f6\u00f6tlus on oluline samm metalltoote kasutuselev\u00f5tmisel. Ilma metallpinnat\u00f6\u00f6tluseta ei ole detaili korrosioonikindlus ja v\u00e4limus paljude rakenduste puhul rahuldav.\",\"breadcrumb\":{\"@id\":\"https:\\\/\\\/www.pinnoitushelin.fi\\\/et\\\/teave\\\/pinnatootlus\\\/#breadcrumb\"},\"inLanguage\":\"et\",\"potentialAction\":[{\"@type\":\"ReadAction\",\"target\":[\"https:\\\/\\\/www.pinnoitushelin.fi\\\/et\\\/teave\\\/pinnatootlus\\\/\"]}]},{\"@type\":\"BreadcrumbList\",\"@id\":\"https:\\\/\\\/www.pinnoitushelin.fi\\\/et\\\/teave\\\/pinnatootlus\\\/#breadcrumb\",\"itemListElement\":[{\"@type\":\"ListItem\",\"position\":1,\"name\":\"Etusivu\",\"item\":\"https:\\\/\\\/www.pinnoitushelin.fi\\\/et\\\/\"},{\"@type\":\"ListItem\",\"position\":2,\"name\":\"Teave\",\"item\":\"https:\\\/\\\/www.pinnoitushelin.fi\\\/et\\\/teave\\\/\"},{\"@type\":\"ListItem\",\"position\":3,\"name\":\"Pinnat\u00f6\u00f6tlus\"}]},{\"@type\":\"WebSite\",\"@id\":\"https:\\\/\\\/www.pinnoitushelin.fi\\\/et\\\/#website\",\"url\":\"https:\\\/\\\/www.pinnoitushelin.fi\\\/et\\\/\",\"name\":\"Pinnoitus Helin Oy\",\"description\":\"Teknist\u00e4 pintak\u00e4sittely\u00e4 monipuolisesti ja tasalaatuisesti.\",\"publisher\":{\"@id\":\"https:\\\/\\\/www.pinnoitushelin.fi\\\/et\\\/#organization\"},\"potentialAction\":[{\"@type\":\"SearchAction\",\"target\":{\"@type\":\"EntryPoint\",\"urlTemplate\":\"https:\\\/\\\/www.pinnoitushelin.fi\\\/et\\\/?s={search_term_string}\"},\"query-input\":{\"@type\":\"PropertyValueSpecification\",\"valueRequired\":true,\"valueName\":\"search_term_string\"}}],\"inLanguage\":\"et\"},{\"@type\":\"Organization\",\"@id\":\"https:\\\/\\\/www.pinnoitushelin.fi\\\/et\\\/#organization\",\"name\":\"Pinnoitus Helin Oy\",\"url\":\"https:\\\/\\\/www.pinnoitushelin.fi\\\/et\\\/\",\"logo\":{\"@type\":\"ImageObject\",\"inLanguage\":\"et\",\"@id\":\"https:\\\/\\\/www.pinnoitushelin.fi\\\/et\\\/#\\\/schema\\\/logo\\\/image\\\/\",\"url\":\"https:\\\/\\\/www.pinnoitushelin.fi\\\/wp-content\\\/uploads\\\/2024\\\/05\\\/logoa.png\",\"contentUrl\":\"https:\\\/\\\/www.pinnoitushelin.fi\\\/wp-content\\\/uploads\\\/2024\\\/05\\\/logoa.png\",\"width\":331,\"height\":105,\"caption\":\"Pinnoitus Helin Oy\"},\"image\":{\"@id\":\"https:\\\/\\\/www.pinnoitushelin.fi\\\/et\\\/#\\\/schema\\\/logo\\\/image\\\/\"}}]}<\/script>\n<!-- \/ Yoast SEO plugin. -->","yoast_head_json":{"title":"Pinnat\u00f6\u00f6tlus - Pinnoitus Helin Oy","description":"Metalli pinnat\u00f6\u00f6tlus on oluline samm metalltoote kasutuselev\u00f5tmisel. Ilma metallpinnat\u00f6\u00f6tluseta ei ole detaili korrosioonikindlus ja v\u00e4limus paljude rakenduste puhul rahuldav.","robots":{"index":"index","follow":"follow","max-snippet":"max-snippet:-1","max-image-preview":"max-image-preview:large","max-video-preview":"max-video-preview:-1"},"canonical":"https:\/\/www.pinnoitushelin.fi\/et\/teave\/pinnatootlus\/","og_locale":"et_EE","og_type":"article","og_title":"Pinnat\u00f6\u00f6tlus - Pinnoitus Helin Oy","og_description":"Metalli pinnat\u00f6\u00f6tlus on oluline samm metalltoote kasutuselev\u00f5tmisel. Ilma metallpinnat\u00f6\u00f6tluseta ei ole detaili korrosioonikindlus ja v\u00e4limus paljude rakenduste puhul rahuldav.","og_url":"https:\/\/www.pinnoitushelin.fi\/et\/teave\/pinnatootlus\/","og_site_name":"Pinnoitus Helin Oy","article_modified_time":"2024-07-30T20:30:19+00:00","twitter_card":"summary_large_image","twitter_misc":{"Est. reading time":"1 minut"},"schema":{"@context":"https:\/\/schema.org","@graph":[{"@type":"WebPage","@id":"https:\/\/www.pinnoitushelin.fi\/et\/teave\/pinnatootlus\/","url":"https:\/\/www.pinnoitushelin.fi\/et\/teave\/pinnatootlus\/","name":"Pinnat\u00f6\u00f6tlus - Pinnoitus Helin Oy","isPartOf":{"@id":"https:\/\/www.pinnoitushelin.fi\/et\/#website"},"datePublished":"2024-06-24T07:21:27+00:00","dateModified":"2024-07-30T20:30:19+00:00","description":"Metalli pinnat\u00f6\u00f6tlus on oluline samm metalltoote kasutuselev\u00f5tmisel. Ilma metallpinnat\u00f6\u00f6tluseta ei ole detaili korrosioonikindlus ja v\u00e4limus paljude rakenduste puhul rahuldav.","breadcrumb":{"@id":"https:\/\/www.pinnoitushelin.fi\/et\/teave\/pinnatootlus\/#breadcrumb"},"inLanguage":"et","potentialAction":[{"@type":"ReadAction","target":["https:\/\/www.pinnoitushelin.fi\/et\/teave\/pinnatootlus\/"]}]},{"@type":"BreadcrumbList","@id":"https:\/\/www.pinnoitushelin.fi\/et\/teave\/pinnatootlus\/#breadcrumb","itemListElement":[{"@type":"ListItem","position":1,"name":"Etusivu","item":"https:\/\/www.pinnoitushelin.fi\/et\/"},{"@type":"ListItem","position":2,"name":"Teave","item":"https:\/\/www.pinnoitushelin.fi\/et\/teave\/"},{"@type":"ListItem","position":3,"name":"Pinnat\u00f6\u00f6tlus"}]},{"@type":"WebSite","@id":"https:\/\/www.pinnoitushelin.fi\/et\/#website","url":"https:\/\/www.pinnoitushelin.fi\/et\/","name":"Pinnoitus Helin Oy","description":"Teknist\u00e4 pintak\u00e4sittely\u00e4 monipuolisesti ja tasalaatuisesti.","publisher":{"@id":"https:\/\/www.pinnoitushelin.fi\/et\/#organization"},"potentialAction":[{"@type":"SearchAction","target":{"@type":"EntryPoint","urlTemplate":"https:\/\/www.pinnoitushelin.fi\/et\/?s={search_term_string}"},"query-input":{"@type":"PropertyValueSpecification","valueRequired":true,"valueName":"search_term_string"}}],"inLanguage":"et"},{"@type":"Organization","@id":"https:\/\/www.pinnoitushelin.fi\/et\/#organization","name":"Pinnoitus Helin Oy","url":"https:\/\/www.pinnoitushelin.fi\/et\/","logo":{"@type":"ImageObject","inLanguage":"et","@id":"https:\/\/www.pinnoitushelin.fi\/et\/#\/schema\/logo\/image\/","url":"https:\/\/www.pinnoitushelin.fi\/wp-content\/uploads\/2024\/05\/logoa.png","contentUrl":"https:\/\/www.pinnoitushelin.fi\/wp-content\/uploads\/2024\/05\/logoa.png","width":331,"height":105,"caption":"Pinnoitus Helin Oy"},"image":{"@id":"https:\/\/www.pinnoitushelin.fi\/et\/#\/schema\/logo\/image\/"}}]}},"_links":{"self":[{"href":"https:\/\/www.pinnoitushelin.fi\/et\/wp-json\/wp\/v2\/pages\/2979","targetHints":{"allow":["GET"]}}],"collection":[{"href":"https:\/\/www.pinnoitushelin.fi\/et\/wp-json\/wp\/v2\/pages"}],"about":[{"href":"https:\/\/www.pinnoitushelin.fi\/et\/wp-json\/wp\/v2\/types\/page"}],"author":[{"embeddable":true,"href":"https:\/\/www.pinnoitushelin.fi\/et\/wp-json\/wp\/v2\/users\/3"}],"replies":[{"embeddable":true,"href":"https:\/\/www.pinnoitushelin.fi\/et\/wp-json\/wp\/v2\/comments?post=2979"}],"version-history":[{"count":3,"href":"https:\/\/www.pinnoitushelin.fi\/et\/wp-json\/wp\/v2\/pages\/2979\/revisions"}],"predecessor-version":[{"id":3121,"href":"https:\/\/www.pinnoitushelin.fi\/et\/wp-json\/wp\/v2\/pages\/2979\/revisions\/3121"}],"up":[{"embeddable":true,"href":"https:\/\/www.pinnoitushelin.fi\/et\/wp-json\/wp\/v2\/pages\/2960"}],"wp:attachment":[{"href":"https:\/\/www.pinnoitushelin.fi\/et\/wp-json\/wp\/v2\/media?parent=2979"}],"curies":[{"name":"wp","href":"https:\/\/api.w.org\/{rel}","templated":true}]}}