{"id":2973,"date":"2024-06-24T09:18:01","date_gmt":"2024-06-24T07:18:01","guid":{"rendered":"https:\/\/www.pinnoitushelin.fi\/info\/kvaliteet\/"},"modified":"2025-12-22T09:19:37","modified_gmt":"2025-12-22T07:19:37","slug":"kvaliteet","status":"publish","type":"page","link":"https:\/\/www.pinnoitushelin.fi\/et\/teave\/kvaliteet\/","title":{"rendered":"Kvaliteet"},"content":{"rendered":"<div class=\"wpb-content-wrapper\"><p>[vc_row css=&#8221;.vc_custom_1717732603405{margin-bottom: 40px !important;}&#8221;][vc_column][vc_single_image image=&#8221;2390&#8243; img_size=&#8221;large&#8221; css=&#8221;&#8221;][\/vc_column][\/vc_row][vc_row css=&#8221;.vc_custom_1719213388989{margin-bottom: 40px !important;}&#8221;][vc_column][vc_column_text css=&#8221;&#8221;]<\/p>\n<h1>Kvaliteet tootmisprotsesside standardiseerimise kaudu<\/h1>\n<h3>Pinnoitus Helin Oy on v\u00f5imeline pakkuma pidevalt kvaliteetset teenust ja tooteid, sest oleme oma tootmisprotsessi t\u00e4iustanud k\u00f5rgeimate standardite j\u00e4rgi.<br \/>\nTagame kvaliteedi kuumal\u00f6\u00f6gikatsete ja kattekihi paksuse m\u00f5\u00f5tmisega.<\/h3>\n<p>[\/vc_column_text][\/vc_column][\/vc_row][vc_row equal_height=&#8221;yes&#8221; content_placement=&#8221;middle&#8221; css=&#8221;.vc_custom_1719213445405{margin-bottom: 40px !important;}&#8221;][vc_column width=&#8221;2\/3&#8243; css=&#8221;.vc_custom_1719213432619{margin-bottom: 30px !important;}&#8221;][vc_column_text css=&#8221;&#8221;]Meie tegevus on sertifitseeritud vastavalt kvaliteedijuhtimiss\u00fcsteemi standardile ISO 9001:2015 ja keskkonnajuhtimiss\u00fcsteemi standardile ISO 14001:2015.<br \/>\nTootmisprotsesside regulaarne anal\u00fc\u00fcs ja keemiliste lisandite automaatne doseerimine ning toodete l\u00f5ppkatsetamine on oluline osa tootlikust ja professionaalsest pinnat\u00f6\u00f6tlusest.<br \/>\nValmis pinnakattevahendid peavad vastu pidama ka termilise \u0161oki testidele.<br \/>\nPinnierung Helinil on olemas eelt\u00f6\u00f6tlusprotsessid alumiiniumi ja alumiiniumisulamite, vase ja selle sulamite, terase ning ka karastatud ja roostevaba terase kvaliteediklasside jaoks.<br \/>\nSaate sertifikaadi alla laadida siit <a href=\"https:\/\/www.pinnoitushelin.fi\/wp-content\/uploads\/2025\/12\/Pinnoitus-Helin-Oy-EN-30112028.pdf\" target=\"_blank\" rel=\"noopener\">Pinnoitus Helin Oy ISO 9001:2015 ja ISO 14001:2015 sertifikaat<\/a>[\/vc_column_text][\/vc_column][vc_column width=&#8221;1\/3&#8243;][vc_single_image image=&#8221;3376&#8243; img_size=&#8221;full&#8221; onclick=&#8221;custom_link&#8221; img_link_target=&#8221;_blank&#8221; css=&#8221;&#8221; rel_no_follow=&#8221;true&#8221; link=&#8221;https:\/\/www.pinnoitushelin.fi\/wp-content\/uploads\/2024\/09\/Pinnoitus-Helin-Oy-EN-30112025.pdf&#8221;][\/vc_column][\/vc_row][vc_row css=&#8221;.vc_custom_1722286478909{margin-bottom: 70px !important;}&#8221;][vc_column][vc_column_text css=&#8221;&#8221;]Nagu iga pinnakatte puhul, on eelt\u00f6\u00f6tlus oluline l\u00f5pptulemuse saavutamiseks.<br \/>\nT\u00e4iusliku haardumise saavutamiseks on k\u00f5ige olulisem samm krundi puhastamine ja aktiveerimine.<br \/>\nSee v\u00f5imaldab aluspinnal vastu v\u00f5tta soovitud pinnakatet.<br \/>\nKleepuvuse tagab metalliline side kere ja kattekihi vahel, kus aatomid jagavad osa oma elektronidest.<br \/>\nSeet\u00f5ttu ei ole v\u00f5imalik pinnakatet mehaaniliselt aluspinnalt eemaldada.<br \/>\nKattekihi ja p\u00f5himiku vaheline side m\u00f5jutab ka eseme soojus- ja elektrijuhtivust.<br \/>\nSamuti v\u00f5ib ilma t\u00e4ieliku haardumiseta muutuda raskeks v\u00f5i v\u00f5imatuks jootmisomadus.<br \/>\n\u00dcksikasjalikumad meetodid adhesiivsuse katsetamiseks on m\u00e4\u00e4ratletud standardis, mida me j\u00e4rgime, Elektropinnatud ja keemiliselt sadestatud katted &#8211; \u00dclevaade adhesiivsuse katsetamiseks k\u00e4ttesaadavatest meetoditest (ISO 2819:1980).[\/vc_column_text][\/vc_column][\/vc_row][vc_row bg_type=&#8221;bg_color&#8221; bg_override=&#8221;full&#8221; css=&#8221;.vc_custom_1719351229771{margin-bottom: -30px !important;}&#8221;][vc_column][vc_single_image image=&#8221;2399&#8243; img_size=&#8221;full&#8221; alignment=&#8221;right&#8221; css=&#8221;.vc_custom_1719351301618{margin-bottom: -125px !important;}&#8221; image_hovers=&#8221;false&#8221;][\/vc_column][\/vc_row]<\/p>\n<\/div>","protected":false},"excerpt":{"rendered":"<p>[vc_row css=&#8221;.vc_custom_1717732603405{margin-bottom: 40px !important;}&#8221;][vc_column][vc_single_image image=&#8221;2390&#8243; img_size=&#8221;large&#8221; css=&#8221;&#8221;][\/vc_column][\/vc_row][vc_row css=&#8221;.vc_custom_1719213388989{margin-bottom: 40px !important;}&#8221;][vc_column][vc_column_text css=&#8221;&#8221;] Kvaliteet tootmisprotsesside standardiseerimise kaudu Pinnoitus Helin Oy on v\u00f5imeline pakkuma pidevalt kvaliteetset teenust ja tooteid, sest oleme oma tootmisprotsessi t\u00e4iustanud k\u00f5rgeimate standardite j\u00e4rgi. Tagame kvaliteedi kuumal\u00f6\u00f6gikatsete ja kattekihi paksuse m\u00f5\u00f5tmisega. [\/vc_column_text][\/vc_column][\/vc_row][vc_row equal_height=&#8221;yes&#8221; content_placement=&#8221;middle&#8221; css=&#8221;.vc_custom_1719213445405{margin-bottom: 40px !important;}&#8221;][vc_column width=&#8221;2\/3&#8243; css=&#8221;.vc_custom_1719213432619{margin-bottom: 30px !important;}&#8221;][vc_column_text css=&#8221;&#8221;]Meie tegevus on sertifitseeritud&hellip;<\/p>\n","protected":false},"author":3,"featured_media":0,"parent":2960,"menu_order":44,"comment_status":"closed","ping_status":"closed","template":"","meta":{"footnotes":""},"class_list":["post-2973","page","type-page","status-publish","hentry","description-off"],"yoast_head":"<!-- This site is optimized with the Yoast SEO plugin v27.4 - https:\/\/yoast.com\/product\/yoast-seo-wordpress\/ -->\n<title>Kvaliteet - Pinnoitus Helin Oy<\/title>\n<meta name=\"description\" content=\"Pinnoitus Helin Oy on v\u00f5imeline pakkuma pidevalt kvaliteetset teenust ja tooteid, sest oleme oma tootmisprotsessi t\u00e4iustanud k\u00f5rgeimate standardite j\u00e4rgi.\" \/>\n<meta name=\"robots\" content=\"index, follow, max-snippet:-1, max-image-preview:large, max-video-preview:-1\" \/>\n<link rel=\"canonical\" href=\"https:\/\/www.pinnoitushelin.fi\/et\/teave\/kvaliteet\/\" \/>\n<meta property=\"og:locale\" content=\"et_EE\" \/>\n<meta property=\"og:type\" content=\"article\" \/>\n<meta property=\"og:title\" content=\"Kvaliteet - Pinnoitus Helin Oy\" \/>\n<meta property=\"og:description\" content=\"Pinnoitus Helin Oy on v\u00f5imeline pakkuma pidevalt kvaliteetset teenust ja tooteid, sest oleme oma tootmisprotsessi t\u00e4iustanud k\u00f5rgeimate standardite j\u00e4rgi.\" \/>\n<meta property=\"og:url\" content=\"https:\/\/www.pinnoitushelin.fi\/et\/teave\/kvaliteet\/\" \/>\n<meta property=\"og:site_name\" content=\"Pinnoitus Helin Oy\" \/>\n<meta property=\"article:modified_time\" content=\"2025-12-22T07:19:37+00:00\" \/>\n<meta name=\"twitter:card\" content=\"summary_large_image\" \/>\n<meta name=\"twitter:label1\" content=\"Est. reading time\" \/>\n\t<meta name=\"twitter:data1\" content=\"3 minutit\" \/>\n<script type=\"application\/ld+json\" class=\"yoast-schema-graph\">{\"@context\":\"https:\\\/\\\/schema.org\",\"@graph\":[{\"@type\":\"WebPage\",\"@id\":\"https:\\\/\\\/www.pinnoitushelin.fi\\\/et\\\/teave\\\/kvaliteet\\\/\",\"url\":\"https:\\\/\\\/www.pinnoitushelin.fi\\\/et\\\/teave\\\/kvaliteet\\\/\",\"name\":\"Kvaliteet - Pinnoitus Helin Oy\",\"isPartOf\":{\"@id\":\"https:\\\/\\\/www.pinnoitushelin.fi\\\/et\\\/#website\"},\"datePublished\":\"2024-06-24T07:18:01+00:00\",\"dateModified\":\"2025-12-22T07:19:37+00:00\",\"description\":\"Pinnoitus Helin Oy on v\u00f5imeline pakkuma pidevalt kvaliteetset teenust ja tooteid, sest oleme oma tootmisprotsessi t\u00e4iustanud k\u00f5rgeimate standardite j\u00e4rgi.\",\"breadcrumb\":{\"@id\":\"https:\\\/\\\/www.pinnoitushelin.fi\\\/et\\\/teave\\\/kvaliteet\\\/#breadcrumb\"},\"inLanguage\":\"et\",\"potentialAction\":[{\"@type\":\"ReadAction\",\"target\":[\"https:\\\/\\\/www.pinnoitushelin.fi\\\/et\\\/teave\\\/kvaliteet\\\/\"]}]},{\"@type\":\"BreadcrumbList\",\"@id\":\"https:\\\/\\\/www.pinnoitushelin.fi\\\/et\\\/teave\\\/kvaliteet\\\/#breadcrumb\",\"itemListElement\":[{\"@type\":\"ListItem\",\"position\":1,\"name\":\"Etusivu\",\"item\":\"https:\\\/\\\/www.pinnoitushelin.fi\\\/et\\\/\"},{\"@type\":\"ListItem\",\"position\":2,\"name\":\"Teave\",\"item\":\"https:\\\/\\\/www.pinnoitushelin.fi\\\/et\\\/teave\\\/\"},{\"@type\":\"ListItem\",\"position\":3,\"name\":\"Kvaliteet\"}]},{\"@type\":\"WebSite\",\"@id\":\"https:\\\/\\\/www.pinnoitushelin.fi\\\/et\\\/#website\",\"url\":\"https:\\\/\\\/www.pinnoitushelin.fi\\\/et\\\/\",\"name\":\"Pinnoitus Helin Oy\",\"description\":\"Teknist\u00e4 pintak\u00e4sittely\u00e4 monipuolisesti ja tasalaatuisesti.\",\"publisher\":{\"@id\":\"https:\\\/\\\/www.pinnoitushelin.fi\\\/et\\\/#organization\"},\"potentialAction\":[{\"@type\":\"SearchAction\",\"target\":{\"@type\":\"EntryPoint\",\"urlTemplate\":\"https:\\\/\\\/www.pinnoitushelin.fi\\\/et\\\/?s={search_term_string}\"},\"query-input\":{\"@type\":\"PropertyValueSpecification\",\"valueRequired\":true,\"valueName\":\"search_term_string\"}}],\"inLanguage\":\"et\"},{\"@type\":\"Organization\",\"@id\":\"https:\\\/\\\/www.pinnoitushelin.fi\\\/et\\\/#organization\",\"name\":\"Pinnoitus Helin Oy\",\"url\":\"https:\\\/\\\/www.pinnoitushelin.fi\\\/et\\\/\",\"logo\":{\"@type\":\"ImageObject\",\"inLanguage\":\"et\",\"@id\":\"https:\\\/\\\/www.pinnoitushelin.fi\\\/et\\\/#\\\/schema\\\/logo\\\/image\\\/\",\"url\":\"https:\\\/\\\/www.pinnoitushelin.fi\\\/wp-content\\\/uploads\\\/2024\\\/05\\\/logoa.png\",\"contentUrl\":\"https:\\\/\\\/www.pinnoitushelin.fi\\\/wp-content\\\/uploads\\\/2024\\\/05\\\/logoa.png\",\"width\":331,\"height\":105,\"caption\":\"Pinnoitus Helin Oy\"},\"image\":{\"@id\":\"https:\\\/\\\/www.pinnoitushelin.fi\\\/et\\\/#\\\/schema\\\/logo\\\/image\\\/\"}}]}<\/script>\n<!-- \/ Yoast SEO plugin. -->","yoast_head_json":{"title":"Kvaliteet - Pinnoitus Helin Oy","description":"Pinnoitus Helin Oy on v\u00f5imeline pakkuma pidevalt kvaliteetset teenust ja tooteid, sest oleme oma tootmisprotsessi t\u00e4iustanud k\u00f5rgeimate standardite j\u00e4rgi.","robots":{"index":"index","follow":"follow","max-snippet":"max-snippet:-1","max-image-preview":"max-image-preview:large","max-video-preview":"max-video-preview:-1"},"canonical":"https:\/\/www.pinnoitushelin.fi\/et\/teave\/kvaliteet\/","og_locale":"et_EE","og_type":"article","og_title":"Kvaliteet - Pinnoitus Helin Oy","og_description":"Pinnoitus Helin Oy on v\u00f5imeline pakkuma pidevalt kvaliteetset teenust ja tooteid, sest oleme oma tootmisprotsessi t\u00e4iustanud k\u00f5rgeimate standardite j\u00e4rgi.","og_url":"https:\/\/www.pinnoitushelin.fi\/et\/teave\/kvaliteet\/","og_site_name":"Pinnoitus Helin Oy","article_modified_time":"2025-12-22T07:19:37+00:00","twitter_card":"summary_large_image","twitter_misc":{"Est. reading time":"3 minutit"},"schema":{"@context":"https:\/\/schema.org","@graph":[{"@type":"WebPage","@id":"https:\/\/www.pinnoitushelin.fi\/et\/teave\/kvaliteet\/","url":"https:\/\/www.pinnoitushelin.fi\/et\/teave\/kvaliteet\/","name":"Kvaliteet - Pinnoitus Helin Oy","isPartOf":{"@id":"https:\/\/www.pinnoitushelin.fi\/et\/#website"},"datePublished":"2024-06-24T07:18:01+00:00","dateModified":"2025-12-22T07:19:37+00:00","description":"Pinnoitus Helin Oy on v\u00f5imeline pakkuma pidevalt kvaliteetset teenust ja tooteid, sest oleme oma tootmisprotsessi t\u00e4iustanud k\u00f5rgeimate standardite j\u00e4rgi.","breadcrumb":{"@id":"https:\/\/www.pinnoitushelin.fi\/et\/teave\/kvaliteet\/#breadcrumb"},"inLanguage":"et","potentialAction":[{"@type":"ReadAction","target":["https:\/\/www.pinnoitushelin.fi\/et\/teave\/kvaliteet\/"]}]},{"@type":"BreadcrumbList","@id":"https:\/\/www.pinnoitushelin.fi\/et\/teave\/kvaliteet\/#breadcrumb","itemListElement":[{"@type":"ListItem","position":1,"name":"Etusivu","item":"https:\/\/www.pinnoitushelin.fi\/et\/"},{"@type":"ListItem","position":2,"name":"Teave","item":"https:\/\/www.pinnoitushelin.fi\/et\/teave\/"},{"@type":"ListItem","position":3,"name":"Kvaliteet"}]},{"@type":"WebSite","@id":"https:\/\/www.pinnoitushelin.fi\/et\/#website","url":"https:\/\/www.pinnoitushelin.fi\/et\/","name":"Pinnoitus Helin Oy","description":"Teknist\u00e4 pintak\u00e4sittely\u00e4 monipuolisesti ja tasalaatuisesti.","publisher":{"@id":"https:\/\/www.pinnoitushelin.fi\/et\/#organization"},"potentialAction":[{"@type":"SearchAction","target":{"@type":"EntryPoint","urlTemplate":"https:\/\/www.pinnoitushelin.fi\/et\/?s={search_term_string}"},"query-input":{"@type":"PropertyValueSpecification","valueRequired":true,"valueName":"search_term_string"}}],"inLanguage":"et"},{"@type":"Organization","@id":"https:\/\/www.pinnoitushelin.fi\/et\/#organization","name":"Pinnoitus Helin Oy","url":"https:\/\/www.pinnoitushelin.fi\/et\/","logo":{"@type":"ImageObject","inLanguage":"et","@id":"https:\/\/www.pinnoitushelin.fi\/et\/#\/schema\/logo\/image\/","url":"https:\/\/www.pinnoitushelin.fi\/wp-content\/uploads\/2024\/05\/logoa.png","contentUrl":"https:\/\/www.pinnoitushelin.fi\/wp-content\/uploads\/2024\/05\/logoa.png","width":331,"height":105,"caption":"Pinnoitus Helin Oy"},"image":{"@id":"https:\/\/www.pinnoitushelin.fi\/et\/#\/schema\/logo\/image\/"}}]}},"_links":{"self":[{"href":"https:\/\/www.pinnoitushelin.fi\/et\/wp-json\/wp\/v2\/pages\/2973","targetHints":{"allow":["GET"]}}],"collection":[{"href":"https:\/\/www.pinnoitushelin.fi\/et\/wp-json\/wp\/v2\/pages"}],"about":[{"href":"https:\/\/www.pinnoitushelin.fi\/et\/wp-json\/wp\/v2\/types\/page"}],"author":[{"embeddable":true,"href":"https:\/\/www.pinnoitushelin.fi\/et\/wp-json\/wp\/v2\/users\/3"}],"replies":[{"embeddable":true,"href":"https:\/\/www.pinnoitushelin.fi\/et\/wp-json\/wp\/v2\/comments?post=2973"}],"version-history":[{"count":8,"href":"https:\/\/www.pinnoitushelin.fi\/et\/wp-json\/wp\/v2\/pages\/2973\/revisions"}],"predecessor-version":[{"id":3394,"href":"https:\/\/www.pinnoitushelin.fi\/et\/wp-json\/wp\/v2\/pages\/2973\/revisions\/3394"}],"up":[{"embeddable":true,"href":"https:\/\/www.pinnoitushelin.fi\/et\/wp-json\/wp\/v2\/pages\/2960"}],"wp:attachment":[{"href":"https:\/\/www.pinnoitushelin.fi\/et\/wp-json\/wp\/v2\/media?parent=2973"}],"curies":[{"name":"wp","href":"https:\/\/api.w.org\/{rel}","templated":true}]}}