{"id":2968,"date":"2024-06-24T09:12:18","date_gmt":"2024-06-24T07:12:18","guid":{"rendered":"https:\/\/www.pinnoitushelin.fi\/info\/keskkond\/"},"modified":"2024-07-30T22:29:00","modified_gmt":"2024-07-30T20:29:00","slug":"keskkond","status":"publish","type":"page","link":"https:\/\/www.pinnoitushelin.fi\/et\/teave\/keskkond\/","title":{"rendered":"Keskkond"},"content":{"rendered":"<div class=\"wpb-content-wrapper\"><p>[vc_row css=&#8221;.vc_custom_1717732603405{margin-bottom: 40px !important;}&#8221;][vc_column][vc_single_image image=&#8221;2110&#8243; img_size=&#8221;large&#8221; css=&#8221;&#8221;][\/vc_column][\/vc_row][vc_row css=&#8221;.vc_custom_1722286454288{margin-bottom: 70px !important;}&#8221;][vc_column][vc_column_text css=&#8221;&#8221;]<\/p>\n<h1>Keskkonna kvaliteet<\/h1>\n<h3>Keskkonna seisukohast on pinnat\u00f6\u00f6tlusrajatised keeruline, sest pinnakattega t\u00f6\u00f6deldavate detailide loputusvett kasutatakse. Loputusvesi tuleb enne \u00fchisveev\u00e4rgi puhastuss\u00fcsteemi juhtimist puhastada raskemetallidest.<\/h3>\n<p>Pinnoitus Helinil on Keskkonnaameti poolt v\u00e4ljastatud keskkonnaluba pinnat\u00f6\u00f6tlusjaamale ja meie tegevuse \u00fcle teostab j\u00e4relevalvet p\u00e4\u00e4steamet.<\/p>\n<p>L\u00fchend BAT (Best Available Technology) t\u00e4histab parimaid olemasolevaid meetmeid ja vahendeid keskkonnareostuse v\u00e4hendamiseks. Katmine Helinis t\u00e4hendab see puhastus- ja keskkonnakaitse meetodeid, mis kasutavad uusimaid ja k\u00f5ige arenenumaid tehnoloogiaid. See t\u00e4hendab materjali- ja ainevoogude t\u00f5husamat juhtimist, t\u00f5husamat energiakasutust ja v\u00e4iksemaid heitkoguseid.<\/p>\n<p>N\u00e4iteid BAT soovitustest, mida j\u00e4rgib Pinnoitus Helin:<\/p>\n<ul>\n<li>T\u00e4ielikult automatiseeritud konstantse voolu seade, mis peatab voolu, kui protsessi v\u00e4\u00e4rtused ei ole lubatud vahemikus. Lisaks h\u00f5lmab protsess kontrollm\u00f5\u00f5tmisi, et tuvastada k\u00f5ik lahknevused v\u00f5i anduririkked.<\/li>\n<li>Sademete eemaldamine on tagatud liivafiltriga, mida pidevalt puhastatakse.<\/li>\n<li>Enne kanalisatsiooni juhtimist l\u00e4bib heitvesi l\u00f5pliku ioonvahetaja, et eemaldada v\u00e4ga madalad raskmetallide kontsentratsioonid. Ioonvahetaja taastumisintervalli j\u00e4lgitakse igan\u00e4dalaste vooluga kaalutud mahtproovide v\u00e4\u00e4rtuste abil.<\/li>\n<li>Me toimetame sadestatud raskmetallisette ringlussev\u00f5tu tehasesse, kus sadestatud metall puhastatakse ja taaskasutatakse.<\/li>\n<li>K\u00f5ige lihtsam ja ohutum viis lubatud piirides p\u00fcsimiseks on kasutatavate kemikaalide hoolikas valik. Komplekside moodustamise kemikaalide kasutamise minimeerimine lihtsustab oluliselt koagulatsiooniprotsessi ja sellele j\u00e4rgnevat raskmetallide sadestamist.<\/li>\n<\/ul>\n<p>[\/vc_column_text][\/vc_column][\/vc_row][vc_row bg_type=&#8221;bg_color&#8221; bg_override=&#8221;full&#8221; css=&#8221;.vc_custom_1719351229771{margin-bottom: -30px !important;}&#8221;][vc_column][vc_single_image image=&#8221;2134&#8243; img_size=&#8221;full&#8221; alignment=&#8221;right&#8221; css=&#8221;.vc_custom_1719351301618{margin-bottom: -125px !important;}&#8221; image_hovers=&#8221;false&#8221;][\/vc_column][\/vc_row]<\/p>\n<\/div>","protected":false},"excerpt":{"rendered":"<p>[vc_row css=&#8221;.vc_custom_1717732603405{margin-bottom: 40px !important;}&#8221;][vc_column][vc_single_image image=&#8221;2110&#8243; img_size=&#8221;large&#8221; css=&#8221;&#8221;][\/vc_column][\/vc_row][vc_row css=&#8221;.vc_custom_1722286454288{margin-bottom: 70px !important;}&#8221;][vc_column][vc_column_text css=&#8221;&#8221;] Keskkonna kvaliteet Keskkonna seisukohast on pinnat\u00f6\u00f6tlusrajatised keeruline, sest pinnakattega t\u00f6\u00f6deldavate detailide loputusvett kasutatakse. Loputusvesi tuleb enne \u00fchisveev\u00e4rgi puhastuss\u00fcsteemi juhtimist puhastada raskemetallidest. Pinnoitus Helinil on Keskkonnaameti poolt v\u00e4ljastatud keskkonnaluba pinnat\u00f6\u00f6tlusjaamale ja meie tegevuse \u00fcle teostab j\u00e4relevalvet p\u00e4\u00e4steamet. L\u00fchend BAT (Best Available Technology) t\u00e4histab parimaid olemasolevaid&hellip;<\/p>\n","protected":false},"author":3,"featured_media":0,"parent":2960,"menu_order":43,"comment_status":"closed","ping_status":"closed","template":"","meta":{"footnotes":""},"class_list":["post-2968","page","type-page","status-publish","hentry","description-off"],"yoast_head":"<!-- This site is optimized with the Yoast SEO plugin v27.4 - https:\/\/yoast.com\/product\/yoast-seo-wordpress\/ -->\n<title>Keskkond - Pinnoitus Helin Oy<\/title>\n<meta name=\"description\" content=\"Keskkonna seisukohast on pinnat\u00f6\u00f6tlusrajatised keeruline, sest pinnakattega t\u00f6\u00f6deldavate detailide loputusvett kasutatakse. Loputusvesi tuleb enne \u00fchisveev\u00e4rgi veepuhastuss\u00fcsteemi juhtimist puhastada raskemetallidest.\" \/>\n<meta name=\"robots\" content=\"index, follow, max-snippet:-1, max-image-preview:large, max-video-preview:-1\" \/>\n<link rel=\"canonical\" href=\"https:\/\/www.pinnoitushelin.fi\/et\/teave\/keskkond\/\" \/>\n<meta property=\"og:locale\" content=\"et_EE\" \/>\n<meta property=\"og:type\" content=\"article\" \/>\n<meta property=\"og:title\" content=\"Keskkond - Pinnoitus Helin Oy\" \/>\n<meta property=\"og:description\" content=\"Keskkonna seisukohast on pinnat\u00f6\u00f6tlusrajatised keeruline, sest pinnakattega t\u00f6\u00f6deldavate detailide loputusvett kasutatakse. Loputusvesi tuleb enne \u00fchisveev\u00e4rgi veepuhastuss\u00fcsteemi juhtimist puhastada raskemetallidest.\" \/>\n<meta property=\"og:url\" content=\"https:\/\/www.pinnoitushelin.fi\/et\/teave\/keskkond\/\" \/>\n<meta property=\"og:site_name\" content=\"Pinnoitus Helin Oy\" \/>\n<meta property=\"article:modified_time\" content=\"2024-07-30T20:29:00+00:00\" \/>\n<meta name=\"twitter:card\" content=\"summary_large_image\" \/>\n<meta name=\"twitter:label1\" content=\"Est. reading time\" \/>\n\t<meta name=\"twitter:data1\" content=\"2 minutit\" \/>\n<script type=\"application\/ld+json\" class=\"yoast-schema-graph\">{\"@context\":\"https:\\\/\\\/schema.org\",\"@graph\":[{\"@type\":\"WebPage\",\"@id\":\"https:\\\/\\\/www.pinnoitushelin.fi\\\/et\\\/teave\\\/keskkond\\\/\",\"url\":\"https:\\\/\\\/www.pinnoitushelin.fi\\\/et\\\/teave\\\/keskkond\\\/\",\"name\":\"Keskkond - Pinnoitus Helin Oy\",\"isPartOf\":{\"@id\":\"https:\\\/\\\/www.pinnoitushelin.fi\\\/et\\\/#website\"},\"datePublished\":\"2024-06-24T07:12:18+00:00\",\"dateModified\":\"2024-07-30T20:29:00+00:00\",\"description\":\"Keskkonna seisukohast on pinnat\u00f6\u00f6tlusrajatised keeruline, sest pinnakattega t\u00f6\u00f6deldavate detailide loputusvett kasutatakse. Loputusvesi tuleb enne \u00fchisveev\u00e4rgi veepuhastuss\u00fcsteemi juhtimist puhastada raskemetallidest.\",\"breadcrumb\":{\"@id\":\"https:\\\/\\\/www.pinnoitushelin.fi\\\/et\\\/teave\\\/keskkond\\\/#breadcrumb\"},\"inLanguage\":\"et\",\"potentialAction\":[{\"@type\":\"ReadAction\",\"target\":[\"https:\\\/\\\/www.pinnoitushelin.fi\\\/et\\\/teave\\\/keskkond\\\/\"]}]},{\"@type\":\"BreadcrumbList\",\"@id\":\"https:\\\/\\\/www.pinnoitushelin.fi\\\/et\\\/teave\\\/keskkond\\\/#breadcrumb\",\"itemListElement\":[{\"@type\":\"ListItem\",\"position\":1,\"name\":\"Etusivu\",\"item\":\"https:\\\/\\\/www.pinnoitushelin.fi\\\/et\\\/\"},{\"@type\":\"ListItem\",\"position\":2,\"name\":\"Teave\",\"item\":\"https:\\\/\\\/www.pinnoitushelin.fi\\\/et\\\/teave\\\/\"},{\"@type\":\"ListItem\",\"position\":3,\"name\":\"Keskkond\"}]},{\"@type\":\"WebSite\",\"@id\":\"https:\\\/\\\/www.pinnoitushelin.fi\\\/et\\\/#website\",\"url\":\"https:\\\/\\\/www.pinnoitushelin.fi\\\/et\\\/\",\"name\":\"Pinnoitus Helin Oy\",\"description\":\"Teknist\u00e4 pintak\u00e4sittely\u00e4 monipuolisesti ja tasalaatuisesti.\",\"publisher\":{\"@id\":\"https:\\\/\\\/www.pinnoitushelin.fi\\\/et\\\/#organization\"},\"potentialAction\":[{\"@type\":\"SearchAction\",\"target\":{\"@type\":\"EntryPoint\",\"urlTemplate\":\"https:\\\/\\\/www.pinnoitushelin.fi\\\/et\\\/?s={search_term_string}\"},\"query-input\":{\"@type\":\"PropertyValueSpecification\",\"valueRequired\":true,\"valueName\":\"search_term_string\"}}],\"inLanguage\":\"et\"},{\"@type\":\"Organization\",\"@id\":\"https:\\\/\\\/www.pinnoitushelin.fi\\\/et\\\/#organization\",\"name\":\"Pinnoitus Helin Oy\",\"url\":\"https:\\\/\\\/www.pinnoitushelin.fi\\\/et\\\/\",\"logo\":{\"@type\":\"ImageObject\",\"inLanguage\":\"et\",\"@id\":\"https:\\\/\\\/www.pinnoitushelin.fi\\\/et\\\/#\\\/schema\\\/logo\\\/image\\\/\",\"url\":\"https:\\\/\\\/www.pinnoitushelin.fi\\\/wp-content\\\/uploads\\\/2024\\\/05\\\/logoa.png\",\"contentUrl\":\"https:\\\/\\\/www.pinnoitushelin.fi\\\/wp-content\\\/uploads\\\/2024\\\/05\\\/logoa.png\",\"width\":331,\"height\":105,\"caption\":\"Pinnoitus Helin Oy\"},\"image\":{\"@id\":\"https:\\\/\\\/www.pinnoitushelin.fi\\\/et\\\/#\\\/schema\\\/logo\\\/image\\\/\"}}]}<\/script>\n<!-- \/ Yoast SEO plugin. -->","yoast_head_json":{"title":"Keskkond - Pinnoitus Helin Oy","description":"Keskkonna seisukohast on pinnat\u00f6\u00f6tlusrajatised keeruline, sest pinnakattega t\u00f6\u00f6deldavate detailide loputusvett kasutatakse. Loputusvesi tuleb enne \u00fchisveev\u00e4rgi veepuhastuss\u00fcsteemi juhtimist puhastada raskemetallidest.","robots":{"index":"index","follow":"follow","max-snippet":"max-snippet:-1","max-image-preview":"max-image-preview:large","max-video-preview":"max-video-preview:-1"},"canonical":"https:\/\/www.pinnoitushelin.fi\/et\/teave\/keskkond\/","og_locale":"et_EE","og_type":"article","og_title":"Keskkond - Pinnoitus Helin Oy","og_description":"Keskkonna seisukohast on pinnat\u00f6\u00f6tlusrajatised keeruline, sest pinnakattega t\u00f6\u00f6deldavate detailide loputusvett kasutatakse. Loputusvesi tuleb enne \u00fchisveev\u00e4rgi veepuhastuss\u00fcsteemi juhtimist puhastada raskemetallidest.","og_url":"https:\/\/www.pinnoitushelin.fi\/et\/teave\/keskkond\/","og_site_name":"Pinnoitus Helin Oy","article_modified_time":"2024-07-30T20:29:00+00:00","twitter_card":"summary_large_image","twitter_misc":{"Est. reading time":"2 minutit"},"schema":{"@context":"https:\/\/schema.org","@graph":[{"@type":"WebPage","@id":"https:\/\/www.pinnoitushelin.fi\/et\/teave\/keskkond\/","url":"https:\/\/www.pinnoitushelin.fi\/et\/teave\/keskkond\/","name":"Keskkond - Pinnoitus Helin Oy","isPartOf":{"@id":"https:\/\/www.pinnoitushelin.fi\/et\/#website"},"datePublished":"2024-06-24T07:12:18+00:00","dateModified":"2024-07-30T20:29:00+00:00","description":"Keskkonna seisukohast on pinnat\u00f6\u00f6tlusrajatised keeruline, sest pinnakattega t\u00f6\u00f6deldavate detailide loputusvett kasutatakse. Loputusvesi tuleb enne \u00fchisveev\u00e4rgi veepuhastuss\u00fcsteemi juhtimist puhastada raskemetallidest.","breadcrumb":{"@id":"https:\/\/www.pinnoitushelin.fi\/et\/teave\/keskkond\/#breadcrumb"},"inLanguage":"et","potentialAction":[{"@type":"ReadAction","target":["https:\/\/www.pinnoitushelin.fi\/et\/teave\/keskkond\/"]}]},{"@type":"BreadcrumbList","@id":"https:\/\/www.pinnoitushelin.fi\/et\/teave\/keskkond\/#breadcrumb","itemListElement":[{"@type":"ListItem","position":1,"name":"Etusivu","item":"https:\/\/www.pinnoitushelin.fi\/et\/"},{"@type":"ListItem","position":2,"name":"Teave","item":"https:\/\/www.pinnoitushelin.fi\/et\/teave\/"},{"@type":"ListItem","position":3,"name":"Keskkond"}]},{"@type":"WebSite","@id":"https:\/\/www.pinnoitushelin.fi\/et\/#website","url":"https:\/\/www.pinnoitushelin.fi\/et\/","name":"Pinnoitus Helin Oy","description":"Teknist\u00e4 pintak\u00e4sittely\u00e4 monipuolisesti ja tasalaatuisesti.","publisher":{"@id":"https:\/\/www.pinnoitushelin.fi\/et\/#organization"},"potentialAction":[{"@type":"SearchAction","target":{"@type":"EntryPoint","urlTemplate":"https:\/\/www.pinnoitushelin.fi\/et\/?s={search_term_string}"},"query-input":{"@type":"PropertyValueSpecification","valueRequired":true,"valueName":"search_term_string"}}],"inLanguage":"et"},{"@type":"Organization","@id":"https:\/\/www.pinnoitushelin.fi\/et\/#organization","name":"Pinnoitus Helin Oy","url":"https:\/\/www.pinnoitushelin.fi\/et\/","logo":{"@type":"ImageObject","inLanguage":"et","@id":"https:\/\/www.pinnoitushelin.fi\/et\/#\/schema\/logo\/image\/","url":"https:\/\/www.pinnoitushelin.fi\/wp-content\/uploads\/2024\/05\/logoa.png","contentUrl":"https:\/\/www.pinnoitushelin.fi\/wp-content\/uploads\/2024\/05\/logoa.png","width":331,"height":105,"caption":"Pinnoitus Helin Oy"},"image":{"@id":"https:\/\/www.pinnoitushelin.fi\/et\/#\/schema\/logo\/image\/"}}]}},"_links":{"self":[{"href":"https:\/\/www.pinnoitushelin.fi\/et\/wp-json\/wp\/v2\/pages\/2968","targetHints":{"allow":["GET"]}}],"collection":[{"href":"https:\/\/www.pinnoitushelin.fi\/et\/wp-json\/wp\/v2\/pages"}],"about":[{"href":"https:\/\/www.pinnoitushelin.fi\/et\/wp-json\/wp\/v2\/types\/page"}],"author":[{"embeddable":true,"href":"https:\/\/www.pinnoitushelin.fi\/et\/wp-json\/wp\/v2\/users\/3"}],"replies":[{"embeddable":true,"href":"https:\/\/www.pinnoitushelin.fi\/et\/wp-json\/wp\/v2\/comments?post=2968"}],"version-history":[{"count":2,"href":"https:\/\/www.pinnoitushelin.fi\/et\/wp-json\/wp\/v2\/pages\/2968\/revisions"}],"predecessor-version":[{"id":3119,"href":"https:\/\/www.pinnoitushelin.fi\/et\/wp-json\/wp\/v2\/pages\/2968\/revisions\/3119"}],"up":[{"embeddable":true,"href":"https:\/\/www.pinnoitushelin.fi\/et\/wp-json\/wp\/v2\/pages\/2960"}],"wp:attachment":[{"href":"https:\/\/www.pinnoitushelin.fi\/et\/wp-json\/wp\/v2\/media?parent=2968"}],"curies":[{"name":"wp","href":"https:\/\/api.w.org\/{rel}","templated":true}]}}