{"id":2962,"date":"2024-06-07T05:58:31","date_gmt":"2024-06-07T03:58:31","guid":{"rendered":"https:\/\/www.pinnoitushelin.fi\/info\/ettevote\/"},"modified":"2024-07-30T22:28:01","modified_gmt":"2024-07-30T20:28:01","slug":"firmast","status":"publish","type":"page","link":"https:\/\/www.pinnoitushelin.fi\/et\/teave\/firmast\/","title":{"rendered":"Firmast"},"content":{"rendered":"<div class=\"wpb-content-wrapper\"><p>[vc_row css=&#8221;.vc_custom_1717732603405{margin-bottom: 40px !important;}&#8221;][vc_column][vc_single_image image=&#8221;1923&#8243; img_size=&#8221;large&#8221; css=&#8221;&#8221;][\/vc_column][\/vc_row][vc_row css=&#8221;.vc_custom_1722286400084{margin-bottom: 70px !important;}&#8221;][vc_column][vc_column_text css=&#8221;&#8221;]<\/p>\n<h1>Pinnoitus Helin s\u00fcgavamal kui pinnas<\/h1>\n<h3>Pinnoitus Helin kasutab oma teadmisi ja kvaliteeti, et teha suurep\u00e4raseid tooteid veelgi paremaks ja vastupidavamaks.<br \/>\nMeie pikaajalised traditsioonid ja kindel kogemus selles valdkonnas tagavad, et meie kliendid saavad alati seda, mida nad vajavad &#8211; ohutult ja korrektselt.<\/h3>\n<p>Meie \u00e4rifilosoofia keskmes on paindlik ja kliendikeskne teenindus.<br \/>\nTegelikkuses tarnime oma klientidele alati kokkulepitud ajaks tooted, mis vastavad kindlaksm\u00e4\u00e4ratud kvaliteedin\u00f5uetele.<\/p>\n<p>Meil on 20 pikaajalist t\u00f6\u00f6tajat, kellel k\u00f5igil on elektrol\u00fc\u00fctilise katmise alane t\u00f6\u00f6kogemus.<br \/>\nPakume toetavat t\u00f6\u00f6keskkonda, kus hoolikas l\u00e4henemine t\u00f6\u00f6le on eelduseks.<br \/>\n2020. aastal oli meie k\u00e4ive 2,3 miljonit eurot, mis peegeldab meie klientide usaldust meie vastu.<\/p>\n<p>Meie ettev\u00f5tte juured ulatuvad tagasi 1960 datesse aastatesse, mil tehas oli osa Fiskars Kellokoski keraamikat\u00f6\u00f6stusest.<br \/>\nPinnoitus Helin Oy on praeguses omandis alates 1992 aastast.<br \/>\nMe investeerime pidevasse metoodilisse arengusse ja otsime uusi v\u00f5imalusi klientide vajaduste lahendamiseks.<br \/>\nSee on teinud meist \u00fche Soome k\u00f5ige mitmek\u00fclgsema pinnakattefirma.<\/p>\n<p>Pinnoitus Helin Oy on tuleviku suhtes enesekindel ja teadlik globaliseerumisest tulenevatest v\u00e4ljakutsetest.<br \/>\nMe laiendame ja t\u00e4iustame pidevalt oma pinnat\u00f6\u00f6tlusteenuseid, pakkudes oma klientidele laia ja kvaliteetset pinnat\u00f6\u00f6tluste valikut.[\/vc_column_text][\/vc_column][\/vc_row][vc_row bg_type=&#8221;bg_color&#8221; bg_override=&#8221;full&#8221; css=&#8221;.vc_custom_1719351634384{margin-bottom: -30px !important;}&#8221;][vc_column][vc_single_image image=&#8221;2134&#8243; img_size=&#8221;full&#8221; alignment=&#8221;right&#8221; css=&#8221;.vc_custom_1719352003983{margin-bottom: -125px !important;}&#8221; image_hovers=&#8221;false&#8221;][\/vc_column][\/vc_row]<\/p>\n<\/div>","protected":false},"excerpt":{"rendered":"<p>[vc_row css=&#8221;.vc_custom_1717732603405{margin-bottom: 40px !important;}&#8221;][vc_column][vc_single_image image=&#8221;1923&#8243; img_size=&#8221;large&#8221; css=&#8221;&#8221;][\/vc_column][\/vc_row][vc_row css=&#8221;.vc_custom_1722286400084{margin-bottom: 70px !important;}&#8221;][vc_column][vc_column_text css=&#8221;&#8221;] Pinnoitus Helin s\u00fcgavamal kui pinnas Pinnoitus Helin kasutab oma teadmisi ja kvaliteeti, et teha suurep\u00e4raseid tooteid veelgi paremaks ja vastupidavamaks. Meie pikaajalised traditsioonid ja kindel kogemus selles valdkonnas tagavad, et meie kliendid saavad alati seda, mida nad vajavad &#8211; ohutult ja korrektselt. Meie \u00e4rifilosoofia&hellip;<\/p>\n","protected":false},"author":3,"featured_media":0,"parent":2960,"menu_order":41,"comment_status":"closed","ping_status":"closed","template":"","meta":{"footnotes":""},"class_list":["post-2962","page","type-page","status-publish","hentry","description-off"],"yoast_head":"<!-- This site is optimized with the Yoast SEO plugin v27.4 - https:\/\/yoast.com\/product\/yoast-seo-wordpress\/ -->\n<title>Firmast - Pinnoitus Helin Oy<\/title>\n<meta name=\"description\" content=\"Pinnoitus Helin kasutab oma teadmisi ja kvaliteeti, et teha suurep\u00e4raseid tooteid veelgi paremaks ja vastupidavamaks.\" \/>\n<meta name=\"robots\" content=\"index, follow, max-snippet:-1, max-image-preview:large, max-video-preview:-1\" \/>\n<link rel=\"canonical\" href=\"https:\/\/www.pinnoitushelin.fi\/et\/teave\/firmast\/\" \/>\n<meta property=\"og:locale\" content=\"et_EE\" \/>\n<meta property=\"og:type\" content=\"article\" \/>\n<meta property=\"og:title\" content=\"Firmast - Pinnoitus Helin Oy\" \/>\n<meta property=\"og:description\" content=\"Pinnoitus Helin kasutab oma teadmisi ja kvaliteeti, et teha suurep\u00e4raseid tooteid veelgi paremaks ja vastupidavamaks.\" \/>\n<meta property=\"og:url\" content=\"https:\/\/www.pinnoitushelin.fi\/et\/teave\/firmast\/\" \/>\n<meta property=\"og:site_name\" content=\"Pinnoitus Helin Oy\" \/>\n<meta property=\"article:modified_time\" content=\"2024-07-30T20:28:01+00:00\" \/>\n<meta name=\"twitter:card\" content=\"summary_large_image\" \/>\n<meta name=\"twitter:label1\" content=\"Est. reading time\" \/>\n\t<meta name=\"twitter:data1\" content=\"2 minutit\" \/>\n<script type=\"application\/ld+json\" class=\"yoast-schema-graph\">{\"@context\":\"https:\\\/\\\/schema.org\",\"@graph\":[{\"@type\":\"WebPage\",\"@id\":\"https:\\\/\\\/www.pinnoitushelin.fi\\\/et\\\/teave\\\/firmast\\\/\",\"url\":\"https:\\\/\\\/www.pinnoitushelin.fi\\\/et\\\/teave\\\/firmast\\\/\",\"name\":\"Firmast - Pinnoitus Helin Oy\",\"isPartOf\":{\"@id\":\"https:\\\/\\\/www.pinnoitushelin.fi\\\/et\\\/#website\"},\"datePublished\":\"2024-06-07T03:58:31+00:00\",\"dateModified\":\"2024-07-30T20:28:01+00:00\",\"description\":\"Pinnoitus Helin kasutab oma teadmisi ja kvaliteeti, et teha suurep\u00e4raseid tooteid veelgi paremaks ja vastupidavamaks.\",\"breadcrumb\":{\"@id\":\"https:\\\/\\\/www.pinnoitushelin.fi\\\/et\\\/teave\\\/firmast\\\/#breadcrumb\"},\"inLanguage\":\"et\",\"potentialAction\":[{\"@type\":\"ReadAction\",\"target\":[\"https:\\\/\\\/www.pinnoitushelin.fi\\\/et\\\/teave\\\/firmast\\\/\"]}]},{\"@type\":\"BreadcrumbList\",\"@id\":\"https:\\\/\\\/www.pinnoitushelin.fi\\\/et\\\/teave\\\/firmast\\\/#breadcrumb\",\"itemListElement\":[{\"@type\":\"ListItem\",\"position\":1,\"name\":\"Etusivu\",\"item\":\"https:\\\/\\\/www.pinnoitushelin.fi\\\/et\\\/\"},{\"@type\":\"ListItem\",\"position\":2,\"name\":\"Teave\",\"item\":\"https:\\\/\\\/www.pinnoitushelin.fi\\\/et\\\/teave\\\/\"},{\"@type\":\"ListItem\",\"position\":3,\"name\":\"Firmast\"}]},{\"@type\":\"WebSite\",\"@id\":\"https:\\\/\\\/www.pinnoitushelin.fi\\\/et\\\/#website\",\"url\":\"https:\\\/\\\/www.pinnoitushelin.fi\\\/et\\\/\",\"name\":\"Pinnoitus Helin Oy\",\"description\":\"Teknist\u00e4 pintak\u00e4sittely\u00e4 monipuolisesti ja tasalaatuisesti.\",\"publisher\":{\"@id\":\"https:\\\/\\\/www.pinnoitushelin.fi\\\/et\\\/#organization\"},\"potentialAction\":[{\"@type\":\"SearchAction\",\"target\":{\"@type\":\"EntryPoint\",\"urlTemplate\":\"https:\\\/\\\/www.pinnoitushelin.fi\\\/et\\\/?s={search_term_string}\"},\"query-input\":{\"@type\":\"PropertyValueSpecification\",\"valueRequired\":true,\"valueName\":\"search_term_string\"}}],\"inLanguage\":\"et\"},{\"@type\":\"Organization\",\"@id\":\"https:\\\/\\\/www.pinnoitushelin.fi\\\/et\\\/#organization\",\"name\":\"Pinnoitus Helin Oy\",\"url\":\"https:\\\/\\\/www.pinnoitushelin.fi\\\/et\\\/\",\"logo\":{\"@type\":\"ImageObject\",\"inLanguage\":\"et\",\"@id\":\"https:\\\/\\\/www.pinnoitushelin.fi\\\/et\\\/#\\\/schema\\\/logo\\\/image\\\/\",\"url\":\"https:\\\/\\\/www.pinnoitushelin.fi\\\/wp-content\\\/uploads\\\/2024\\\/05\\\/logoa.png\",\"contentUrl\":\"https:\\\/\\\/www.pinnoitushelin.fi\\\/wp-content\\\/uploads\\\/2024\\\/05\\\/logoa.png\",\"width\":331,\"height\":105,\"caption\":\"Pinnoitus Helin Oy\"},\"image\":{\"@id\":\"https:\\\/\\\/www.pinnoitushelin.fi\\\/et\\\/#\\\/schema\\\/logo\\\/image\\\/\"}}]}<\/script>\n<!-- \/ Yoast SEO plugin. -->","yoast_head_json":{"title":"Firmast - Pinnoitus Helin Oy","description":"Pinnoitus Helin kasutab oma teadmisi ja kvaliteeti, et teha suurep\u00e4raseid tooteid veelgi paremaks ja vastupidavamaks.","robots":{"index":"index","follow":"follow","max-snippet":"max-snippet:-1","max-image-preview":"max-image-preview:large","max-video-preview":"max-video-preview:-1"},"canonical":"https:\/\/www.pinnoitushelin.fi\/et\/teave\/firmast\/","og_locale":"et_EE","og_type":"article","og_title":"Firmast - Pinnoitus Helin Oy","og_description":"Pinnoitus Helin kasutab oma teadmisi ja kvaliteeti, et teha suurep\u00e4raseid tooteid veelgi paremaks ja vastupidavamaks.","og_url":"https:\/\/www.pinnoitushelin.fi\/et\/teave\/firmast\/","og_site_name":"Pinnoitus Helin Oy","article_modified_time":"2024-07-30T20:28:01+00:00","twitter_card":"summary_large_image","twitter_misc":{"Est. reading time":"2 minutit"},"schema":{"@context":"https:\/\/schema.org","@graph":[{"@type":"WebPage","@id":"https:\/\/www.pinnoitushelin.fi\/et\/teave\/firmast\/","url":"https:\/\/www.pinnoitushelin.fi\/et\/teave\/firmast\/","name":"Firmast - Pinnoitus Helin Oy","isPartOf":{"@id":"https:\/\/www.pinnoitushelin.fi\/et\/#website"},"datePublished":"2024-06-07T03:58:31+00:00","dateModified":"2024-07-30T20:28:01+00:00","description":"Pinnoitus Helin kasutab oma teadmisi ja kvaliteeti, et teha suurep\u00e4raseid tooteid veelgi paremaks ja vastupidavamaks.","breadcrumb":{"@id":"https:\/\/www.pinnoitushelin.fi\/et\/teave\/firmast\/#breadcrumb"},"inLanguage":"et","potentialAction":[{"@type":"ReadAction","target":["https:\/\/www.pinnoitushelin.fi\/et\/teave\/firmast\/"]}]},{"@type":"BreadcrumbList","@id":"https:\/\/www.pinnoitushelin.fi\/et\/teave\/firmast\/#breadcrumb","itemListElement":[{"@type":"ListItem","position":1,"name":"Etusivu","item":"https:\/\/www.pinnoitushelin.fi\/et\/"},{"@type":"ListItem","position":2,"name":"Teave","item":"https:\/\/www.pinnoitushelin.fi\/et\/teave\/"},{"@type":"ListItem","position":3,"name":"Firmast"}]},{"@type":"WebSite","@id":"https:\/\/www.pinnoitushelin.fi\/et\/#website","url":"https:\/\/www.pinnoitushelin.fi\/et\/","name":"Pinnoitus Helin Oy","description":"Teknist\u00e4 pintak\u00e4sittely\u00e4 monipuolisesti ja tasalaatuisesti.","publisher":{"@id":"https:\/\/www.pinnoitushelin.fi\/et\/#organization"},"potentialAction":[{"@type":"SearchAction","target":{"@type":"EntryPoint","urlTemplate":"https:\/\/www.pinnoitushelin.fi\/et\/?s={search_term_string}"},"query-input":{"@type":"PropertyValueSpecification","valueRequired":true,"valueName":"search_term_string"}}],"inLanguage":"et"},{"@type":"Organization","@id":"https:\/\/www.pinnoitushelin.fi\/et\/#organization","name":"Pinnoitus Helin Oy","url":"https:\/\/www.pinnoitushelin.fi\/et\/","logo":{"@type":"ImageObject","inLanguage":"et","@id":"https:\/\/www.pinnoitushelin.fi\/et\/#\/schema\/logo\/image\/","url":"https:\/\/www.pinnoitushelin.fi\/wp-content\/uploads\/2024\/05\/logoa.png","contentUrl":"https:\/\/www.pinnoitushelin.fi\/wp-content\/uploads\/2024\/05\/logoa.png","width":331,"height":105,"caption":"Pinnoitus Helin Oy"},"image":{"@id":"https:\/\/www.pinnoitushelin.fi\/et\/#\/schema\/logo\/image\/"}}]}},"_links":{"self":[{"href":"https:\/\/www.pinnoitushelin.fi\/et\/wp-json\/wp\/v2\/pages\/2962","targetHints":{"allow":["GET"]}}],"collection":[{"href":"https:\/\/www.pinnoitushelin.fi\/et\/wp-json\/wp\/v2\/pages"}],"about":[{"href":"https:\/\/www.pinnoitushelin.fi\/et\/wp-json\/wp\/v2\/types\/page"}],"author":[{"embeddable":true,"href":"https:\/\/www.pinnoitushelin.fi\/et\/wp-json\/wp\/v2\/users\/3"}],"replies":[{"embeddable":true,"href":"https:\/\/www.pinnoitushelin.fi\/et\/wp-json\/wp\/v2\/comments?post=2962"}],"version-history":[{"count":4,"href":"https:\/\/www.pinnoitushelin.fi\/et\/wp-json\/wp\/v2\/pages\/2962\/revisions"}],"predecessor-version":[{"id":3118,"href":"https:\/\/www.pinnoitushelin.fi\/et\/wp-json\/wp\/v2\/pages\/2962\/revisions\/3118"}],"up":[{"embeddable":true,"href":"https:\/\/www.pinnoitushelin.fi\/et\/wp-json\/wp\/v2\/pages\/2960"}],"wp:attachment":[{"href":"https:\/\/www.pinnoitushelin.fi\/et\/wp-json\/wp\/v2\/media?parent=2962"}],"curies":[{"name":"wp","href":"https:\/\/api.w.org\/{rel}","templated":true}]}}