{"id":2930,"date":"2024-06-19T23:35:15","date_gmt":"2024-06-19T21:35:15","guid":{"rendered":"https:\/\/www.pinnoitushelin.fi\/toostused\/elektri-ja-elektroonikatoostus\/"},"modified":"2024-07-30T22:16:52","modified_gmt":"2024-07-30T20:16:52","slug":"elektri-ja-elektroonikatoostus","status":"publish","type":"page","link":"https:\/\/www.pinnoitushelin.fi\/et\/toostussektorid\/elektri-ja-elektroonikatoostus\/","title":{"rendered":"Elektri- ja elektroonikat\u00f6\u00f6stus"},"content":{"rendered":"<div class=\"wpb-content-wrapper\"><p>[vc_row css=&#8221;.vc_custom_1717739529951{margin-bottom: 40px !important;}&#8221;][vc_column][vc_column_text css=&#8221;&#8221;]<\/p>\n<h3>Elektri- ja elektroonikat\u00f6\u00f6stuse jaoks parandavad meie teenused komponentide elektrijuhtivust ja korrosioonikaitset.<\/h3>\n<p>Valmistame erinevate detailide kontaktpindu, elektrir\u00f6\u00f6baste korrosioonikaitset, alumiiniumkappide passiveerimist v\u00f5i anodeerimist, seadmete raamkonstruktsioonide korrosioonikaitset ning m\u00e4rkide ja seadmete esipaneelide anodeerimist enne laser- v\u00f5i tampoonim\u00e4rgistamist.<br \/>\nTeeme nii trummel- kui ka ripptelgitud kontaktosade tinat\u00f6\u00f6tlust.<br \/>\nMessingist detailide puhul tagab vask- v\u00f5i nikli vahekihi tinakatte puhta v\u00e4limuse pikema ladustamisperioodi jooksul.<br \/>\nAlumiiniumkorpuste passiveerimine v\u00f5i elektrita nikeldamine tagab \u00fchtlase korrosioonikaitse k\u00f5igil detaili pindadel, sealhulgas piiratud ulatuses ka sisekeermetel, et tagada maanduskontakt.<br \/>\nK\u00f5ik meie t\u00f6\u00f6tlemisviisid vastavad RoHS-m\u00e4\u00e4rusele ja ei sisalda kuuevalentset kroomi.<br \/>\nMeie kasutatavad metallid on p\u00e4rit usaldusv\u00e4\u00e4rsetelt auditeeritud tarnijatelt ja konfliktivabadest piirkondadest.<\/p>\n<h3>K\u00f5ige populaarsemad kattetehnoloogiad t\u00f6\u00f6stuses<\/h3>\n<p><a href=\"https:\/\/www.pinnoitushelin.fi\/et\/pindamismeetodid\/tina-katmine\/\">Tina katmine<\/a><\/p>\n<p><a href=\"https:\/\/www.pinnoitushelin.fi\/et\/pindamismeetodid\/alumiiniumi-passiveerimine\/\">Alumiiniumi passiveerimine<\/a><\/p>\n<p><a href=\"https:\/\/www.pinnoitushelin.fi\/et\/pindamismeetodid\/galvaniseerimine\/\">Galvaniseerimine<\/a>[\/vc_column_text][\/vc_column][\/vc_row][vc_row][vc_column]<style type=\"text\/css\" data-type=\"the7_shortcodes-inline-css\">.gallery-shortcode.gallery-masonry-shortcode-id-695e00bebee63f79aa1f8d0fde9351a4 figure,\n.gallery-shortcode.gallery-masonry-shortcode-id-695e00bebee63f79aa1f8d0fde9351a4 .rollover,\n.gallery-shortcode.gallery-masonry-shortcode-id-695e00bebee63f79aa1f8d0fde9351a4 img,\n.gallery-shortcode.gallery-masonry-shortcode-id-695e00bebee63f79aa1f8d0fde9351a4 .gallery-rollover {\n  border-radius: 0px;\n}\n.gallery-shortcode.gallery-masonry-shortcode-id-695e00bebee63f79aa1f8d0fde9351a4.enable-bg-rollover .gallery-rollover {\n  background: -webkit-linear-gradient();\n  background: linear-gradient();\n}\n.gallery-shortcode.gallery-masonry-shortcode-id-695e00bebee63f79aa1f8d0fde9351a4.enable-bg-rollover.hover-scale figure .rollover:after {\n  background: -webkit-linear-gradient();\n  background: linear-gradient();\n}\n.gallery-shortcode.gallery-masonry-shortcode-id-695e00bebee63f79aa1f8d0fde9351a4 .gallery-zoom-ico {\n  width: 44px;\n  height: 44px;\n  line-height: 44px;\n  border-radius: 100px;\n  margin: -22px 0 0 -22px;\n  border-width: 0px;\n  color: #ffffff;\n}\n.dt-icon-bg-on.gallery-shortcode.gallery-masonry-shortcode-id-695e00bebee63f79aa1f8d0fde9351a4 .gallery-zoom-ico {\n  background: rgba(255,255,255,0.3);\n  box-shadow: none;\n}\n.gallery-shortcode.gallery-masonry-shortcode-id-695e00bebee63f79aa1f8d0fde9351a4 .gallery-zoom-ico:before,\n.gallery-shortcode.gallery-masonry-shortcode-id-695e00bebee63f79aa1f8d0fde9351a4 .gallery-zoom-ico span {\n  font-size: 32px;\n  line-height: 44px;\n  color: #ffffff;\n}\n.gallery-shortcode.gallery-masonry-shortcode-id-695e00bebee63f79aa1f8d0fde9351a4:not(.resize-by-browser-width) .dt-css-grid {\n  grid-row-gap: 10px;\n  grid-column-gap: 10px;\n  grid-template-columns: repeat(auto-fill,minmax(,1fr));\n}\n.gallery-shortcode.gallery-masonry-shortcode-id-695e00bebee63f79aa1f8d0fde9351a4:not(.resize-by-browser-width) .dt-css-grid .double-width {\n  grid-column: span 2;\n}\n.cssgridlegacy.no-cssgrid .gallery-shortcode.gallery-masonry-shortcode-id-695e00bebee63f79aa1f8d0fde9351a4:not(.resize-by-browser-width) .dt-css-grid,\n.no-cssgridlegacy.no-cssgrid .gallery-shortcode.gallery-masonry-shortcode-id-695e00bebee63f79aa1f8d0fde9351a4:not(.resize-by-browser-width) .dt-css-grid {\n  display: flex;\n  flex-flow: row wrap;\n  margin: -5px;\n}\n.cssgridlegacy.no-cssgrid .gallery-shortcode.gallery-masonry-shortcode-id-695e00bebee63f79aa1f8d0fde9351a4:not(.resize-by-browser-width) .dt-css-grid .wf-cell,\n.no-cssgridlegacy.no-cssgrid .gallery-shortcode.gallery-masonry-shortcode-id-695e00bebee63f79aa1f8d0fde9351a4:not(.resize-by-browser-width) .dt-css-grid .wf-cell {\n  flex: 1 0 ;\n  max-width: 100%;\n  padding: 5px;\n  box-sizing: border-box;\n}\n.gallery-shortcode.gallery-masonry-shortcode-id-695e00bebee63f79aa1f8d0fde9351a4.resize-by-browser-width .dt-css-grid {\n  grid-template-columns: repeat(2,1fr);\n  grid-template-rows: auto;\n  grid-column-gap: 10px;\n  grid-row-gap: 10px;\n}\n.gallery-shortcode.gallery-masonry-shortcode-id-695e00bebee63f79aa1f8d0fde9351a4.resize-by-browser-width .dt-css-grid .double-width {\n  grid-column: span 2;\n}\n.cssgridlegacy.no-cssgrid .gallery-shortcode.gallery-masonry-shortcode-id-695e00bebee63f79aa1f8d0fde9351a4.resize-by-browser-width .dt-css-grid {\n  margin: -5px;\n}\n.cssgridlegacy.no-cssgrid .gallery-shortcode.gallery-masonry-shortcode-id-695e00bebee63f79aa1f8d0fde9351a4.resize-by-browser-width .dt-css-grid .wf-cell {\n  width: 50%;\n  padding: 5px;\n}\n.cssgridlegacy.no-cssgrid .gallery-shortcode.gallery-masonry-shortcode-id-695e00bebee63f79aa1f8d0fde9351a4.resize-by-browser-width .dt-css-grid .wf-cell.double-width {\n  width: calc(50%) * 2;\n}\n.gallery-shortcode.gallery-masonry-shortcode-id-695e00bebee63f79aa1f8d0fde9351a4.resize-by-browser-width:not(.centered-layout-list):not(.content-bg-on) .dt-css-grid {\n  grid-row-gap: 10px - ;\n}\n@media screen and (max-width: 1199px) {\n  .gallery-shortcode.gallery-masonry-shortcode-id-695e00bebee63f79aa1f8d0fde9351a4.resize-by-browser-width .dt-css-grid {\n    grid-template-columns: repeat(2,1fr);\n  }\n  .cssgridlegacy.no-cssgrid .gallery-shortcode.gallery-masonry-shortcode-id-695e00bebee63f79aa1f8d0fde9351a4.resize-by-browser-width .dt-css-grid .wf-cell,\n  .no-cssgridlegacy.no-cssgrid .gallery-shortcode.gallery-masonry-shortcode-id-695e00bebee63f79aa1f8d0fde9351a4.resize-by-browser-width .dt-css-grid .wf-cell {\n    width: 50%;\n  }\n  .cssgridlegacy.no-cssgrid .gallery-shortcode.gallery-masonry-shortcode-id-695e00bebee63f79aa1f8d0fde9351a4.resize-by-browser-width .dt-css-grid .wf-cell.double-width,\n  .no-cssgridlegacy.no-cssgrid .gallery-shortcode.gallery-masonry-shortcode-id-695e00bebee63f79aa1f8d0fde9351a4.resize-by-browser-width .dt-css-grid .wf-cell.double-width {\n    width: calc(50%)*2;\n  }\n}\n@media screen and (max-width: 991px) {\n  .gallery-shortcode.gallery-masonry-shortcode-id-695e00bebee63f79aa1f8d0fde9351a4.resize-by-browser-width .dt-css-grid {\n    grid-template-columns: repeat(1,1fr);\n  }\n  .cssgridlegacy.no-cssgrid .gallery-shortcode.gallery-masonry-shortcode-id-695e00bebee63f79aa1f8d0fde9351a4.resize-by-browser-width .dt-css-grid .wf-cell,\n  .no-cssgridlegacy.no-cssgrid .gallery-shortcode.gallery-masonry-shortcode-id-695e00bebee63f79aa1f8d0fde9351a4.resize-by-browser-width .dt-css-grid .wf-cell {\n    width: 100%;\n  }\n  .cssgridlegacy.no-cssgrid .gallery-shortcode.gallery-masonry-shortcode-id-695e00bebee63f79aa1f8d0fde9351a4.resize-by-browser-width .dt-css-grid .wf-cell.double-width,\n  .no-cssgridlegacy.no-cssgrid .gallery-shortcode.gallery-masonry-shortcode-id-695e00bebee63f79aa1f8d0fde9351a4.resize-by-browser-width .dt-css-grid .wf-cell.double-width {\n    width: calc(100%)*2;\n  }\n}\n@media screen and (max-width: 767px) {\n  .gallery-shortcode.gallery-masonry-shortcode-id-695e00bebee63f79aa1f8d0fde9351a4.resize-by-browser-width .dt-css-grid {\n    grid-template-columns: repeat(1,1fr);\n  }\n  .cssgridlegacy.no-cssgrid .gallery-shortcode.gallery-masonry-shortcode-id-695e00bebee63f79aa1f8d0fde9351a4.resize-by-browser-width .dt-css-grid .wf-cell,\n  .no-cssgridlegacy.no-cssgrid .gallery-shortcode.gallery-masonry-shortcode-id-695e00bebee63f79aa1f8d0fde9351a4.resize-by-browser-width .dt-css-grid .wf-cell {\n    width: 100%;\n  }\n  .cssgridlegacy.no-cssgrid .gallery-shortcode.gallery-masonry-shortcode-id-695e00bebee63f79aa1f8d0fde9351a4.resize-by-browser-width .dt-css-grid .wf-cell.double-width,\n  .no-cssgridlegacy.no-cssgrid .gallery-shortcode.gallery-masonry-shortcode-id-695e00bebee63f79aa1f8d0fde9351a4.resize-by-browser-width .dt-css-grid .wf-cell.double-width {\n    width: calc(100%)*2;\n  }\n}<\/style><div class=\"gallery-shortcode dt-gallery-container gallery-masonry-shortcode-id-695e00bebee63f79aa1f8d0fde9351a4 mode-masonry jquery-filter dt-icon-bg-off quick-scale-img enable-bg-rollover resize-by-browser-width  hover-fade loading-effect-none description-on-hover\" data-padding=\"5px\" data-cur-page=\"1\" data-post-limit=\"-1\" data-pagination-mode=\"none\" data-desktop-columns-num=\"2\" data-v-tablet-columns-num=\"1\" data-h-tablet-columns-num=\"2\" data-phone-columns-num=\"1\" data-width=\"0px\" data-columns=\"0\"><div class=\"iso-container\" ><div class=\"wf-cell iso-item\" data-post-id=\"2348\" data-date=\"2024-06-19T23:35:02+02:00\" data-name=\"pinnoitushelin-elektroniikkateollisuus-1\"><figure class=\"post visible\"><a href=\"https:\/\/www.pinnoitushelin.fi\/wp-content\/uploads\/2024\/06\/pinnoitushelin-elektroniikkateollisuus-1.jpg\" class=\"rollover dt-pswp-item layzr-bg\" data-large_image_width=\"1200\" data-large_image_height=\"800\" data-dt-img-description=\"\" title=\"pinnoitushelin-elektroniikkateollisuus-1\"><img fetchpriority=\"high\" decoding=\"async\" class=\"preload-me iso-lazy-load aspect\" src=\"data:image\/svg+xml,%3Csvg%20xmlns%3D&#39;http%3A%2F%2Fwww.w3.org%2F2000%2Fsvg&#39;%20viewBox%3D&#39;0%200%20990%20660&#39;%2F%3E\" data-src=\"https:\/\/www.pinnoitushelin.fi\/wp-content\/uploads\/2024\/06\/pinnoitushelin-elektroniikkateollisuus-1-990x660.jpg\" data-srcset=\"https:\/\/www.pinnoitushelin.fi\/wp-content\/uploads\/2024\/06\/pinnoitushelin-elektroniikkateollisuus-1-990x660.jpg 990w, https:\/\/www.pinnoitushelin.fi\/wp-content\/uploads\/2024\/06\/pinnoitushelin-elektroniikkateollisuus-1.jpg 1200w\" loading=\"eager\" style=\"--ratio: 990 \/ 660\" sizes=\"(max-width: 990px) 100vw, 990px\" alt=\"\" width=\"990\" height=\"660\"  \/><span class=\"gallery-rollover\"><span class=\"gallery-zoom-ico icomoon-the7-font-the7-zoom-06\"><span><\/span><\/span><\/span><\/a><\/figure><\/div><div class=\"wf-cell iso-item\" data-post-id=\"2351\" data-date=\"2024-06-19T23:35:03+02:00\" data-name=\"pinnoitushelin-elektroniikkateollisuus-2\"><figure class=\"post visible\"><a href=\"https:\/\/www.pinnoitushelin.fi\/wp-content\/uploads\/2024\/06\/pinnoitushelin-elektroniikkateollisuus-2.jpg\" class=\"rollover dt-pswp-item layzr-bg\" data-large_image_width=\"1200\" data-large_image_height=\"800\" data-dt-img-description=\"\" title=\"pinnoitushelin-elektroniikkateollisuus-2\"><img decoding=\"async\" class=\"preload-me iso-lazy-load aspect\" src=\"data:image\/svg+xml,%3Csvg%20xmlns%3D&#39;http%3A%2F%2Fwww.w3.org%2F2000%2Fsvg&#39;%20viewBox%3D&#39;0%200%20990%20660&#39;%2F%3E\" data-src=\"https:\/\/www.pinnoitushelin.fi\/wp-content\/uploads\/2024\/06\/pinnoitushelin-elektroniikkateollisuus-2-990x660.jpg\" data-srcset=\"https:\/\/www.pinnoitushelin.fi\/wp-content\/uploads\/2024\/06\/pinnoitushelin-elektroniikkateollisuus-2-990x660.jpg 990w, https:\/\/www.pinnoitushelin.fi\/wp-content\/uploads\/2024\/06\/pinnoitushelin-elektroniikkateollisuus-2.jpg 1200w\" loading=\"eager\" style=\"--ratio: 990 \/ 660\" sizes=\"(max-width: 990px) 100vw, 990px\" alt=\"\" width=\"990\" height=\"660\"  \/><span class=\"gallery-rollover\"><span class=\"gallery-zoom-ico icomoon-the7-font-the7-zoom-06\"><span><\/span><\/span><\/span><\/a><\/figure><\/div><\/div><!-- iso-container|iso-grid --><\/div>[\/vc_column][\/vc_row]<\/p>\n<\/div>","protected":false},"excerpt":{"rendered":"<p>[vc_row css=&#8221;.vc_custom_1717739529951{margin-bottom: 40px !important;}&#8221;][vc_column][vc_column_text css=&#8221;&#8221;] Elektri- ja elektroonikat\u00f6\u00f6stuse jaoks parandavad meie teenused komponentide elektrijuhtivust ja korrosioonikaitset. Valmistame erinevate detailide kontaktpindu, elektrir\u00f6\u00f6baste korrosioonikaitset, alumiiniumkappide passiveerimist v\u00f5i anodeerimist, seadmete raamkonstruktsioonide korrosioonikaitset ning m\u00e4rkide ja seadmete esipaneelide anodeerimist enne laser- v\u00f5i tampoonim\u00e4rgistamist. Teeme nii trummel- kui ka ripptelgitud kontaktosade tinat\u00f6\u00f6tlust. Messingist detailide puhul tagab vask- v\u00f5i nikli vahekihi&hellip;<\/p>\n","protected":false},"author":3,"featured_media":0,"parent":2916,"menu_order":33,"comment_status":"closed","ping_status":"closed","template":"","meta":{"footnotes":""},"class_list":["post-2930","page","type-page","status-publish","hentry","description-off"],"yoast_head":"<!-- This site is optimized with the Yoast SEO plugin v27.4 - https:\/\/yoast.com\/product\/yoast-seo-wordpress\/ -->\n<title>Elektri- ja elektroonikat\u00f6\u00f6stus - Pinnoitus Helin Oy<\/title>\n<meta name=\"description\" content=\"Elektri- ja elektroonikat\u00f6\u00f6stuse jaoks parandavad meie teenused komponentide elektrijuhtivust ja korrosioonikaitset.\" \/>\n<meta name=\"robots\" content=\"index, follow, max-snippet:-1, max-image-preview:large, max-video-preview:-1\" \/>\n<link rel=\"canonical\" href=\"https:\/\/www.pinnoitushelin.fi\/et\/toostussektorid\/elektri-ja-elektroonikatoostus\/\" \/>\n<meta property=\"og:locale\" content=\"et_EE\" \/>\n<meta property=\"og:type\" content=\"article\" \/>\n<meta property=\"og:title\" content=\"Elektri- ja elektroonikat\u00f6\u00f6stus - Pinnoitus Helin Oy\" \/>\n<meta property=\"og:description\" content=\"Elektri- ja elektroonikat\u00f6\u00f6stuse jaoks parandavad meie teenused komponentide elektrijuhtivust ja korrosioonikaitset.\" \/>\n<meta property=\"og:url\" content=\"https:\/\/www.pinnoitushelin.fi\/et\/toostussektorid\/elektri-ja-elektroonikatoostus\/\" \/>\n<meta property=\"og:site_name\" content=\"Pinnoitus Helin Oy\" \/>\n<meta property=\"article:modified_time\" content=\"2024-07-30T20:16:52+00:00\" \/>\n<meta name=\"twitter:card\" content=\"summary_large_image\" \/>\n<meta name=\"twitter:label1\" content=\"Est. reading time\" \/>\n\t<meta name=\"twitter:data1\" content=\"2 minutit\" \/>\n<script type=\"application\/ld+json\" class=\"yoast-schema-graph\">{\"@context\":\"https:\\\/\\\/schema.org\",\"@graph\":[{\"@type\":\"WebPage\",\"@id\":\"https:\\\/\\\/www.pinnoitushelin.fi\\\/et\\\/toostussektorid\\\/elektri-ja-elektroonikatoostus\\\/\",\"url\":\"https:\\\/\\\/www.pinnoitushelin.fi\\\/et\\\/toostussektorid\\\/elektri-ja-elektroonikatoostus\\\/\",\"name\":\"Elektri- ja elektroonikat\u00f6\u00f6stus - Pinnoitus Helin Oy\",\"isPartOf\":{\"@id\":\"https:\\\/\\\/www.pinnoitushelin.fi\\\/et\\\/#website\"},\"datePublished\":\"2024-06-19T21:35:15+00:00\",\"dateModified\":\"2024-07-30T20:16:52+00:00\",\"description\":\"Elektri- ja elektroonikat\u00f6\u00f6stuse jaoks parandavad meie teenused komponentide elektrijuhtivust ja korrosioonikaitset.\",\"breadcrumb\":{\"@id\":\"https:\\\/\\\/www.pinnoitushelin.fi\\\/et\\\/toostussektorid\\\/elektri-ja-elektroonikatoostus\\\/#breadcrumb\"},\"inLanguage\":\"et\",\"potentialAction\":[{\"@type\":\"ReadAction\",\"target\":[\"https:\\\/\\\/www.pinnoitushelin.fi\\\/et\\\/toostussektorid\\\/elektri-ja-elektroonikatoostus\\\/\"]}]},{\"@type\":\"BreadcrumbList\",\"@id\":\"https:\\\/\\\/www.pinnoitushelin.fi\\\/et\\\/toostussektorid\\\/elektri-ja-elektroonikatoostus\\\/#breadcrumb\",\"itemListElement\":[{\"@type\":\"ListItem\",\"position\":1,\"name\":\"Etusivu\",\"item\":\"https:\\\/\\\/www.pinnoitushelin.fi\\\/et\\\/\"},{\"@type\":\"ListItem\",\"position\":2,\"name\":\"T\u00f6\u00f6stussektorid\",\"item\":\"https:\\\/\\\/www.pinnoitushelin.fi\\\/et\\\/toostussektorid\\\/\"},{\"@type\":\"ListItem\",\"position\":3,\"name\":\"Elektri- ja elektroonikat\u00f6\u00f6stus\"}]},{\"@type\":\"WebSite\",\"@id\":\"https:\\\/\\\/www.pinnoitushelin.fi\\\/et\\\/#website\",\"url\":\"https:\\\/\\\/www.pinnoitushelin.fi\\\/et\\\/\",\"name\":\"Pinnoitus Helin Oy\",\"description\":\"Teknist\u00e4 pintak\u00e4sittely\u00e4 monipuolisesti ja tasalaatuisesti.\",\"publisher\":{\"@id\":\"https:\\\/\\\/www.pinnoitushelin.fi\\\/et\\\/#organization\"},\"potentialAction\":[{\"@type\":\"SearchAction\",\"target\":{\"@type\":\"EntryPoint\",\"urlTemplate\":\"https:\\\/\\\/www.pinnoitushelin.fi\\\/et\\\/?s={search_term_string}\"},\"query-input\":{\"@type\":\"PropertyValueSpecification\",\"valueRequired\":true,\"valueName\":\"search_term_string\"}}],\"inLanguage\":\"et\"},{\"@type\":\"Organization\",\"@id\":\"https:\\\/\\\/www.pinnoitushelin.fi\\\/et\\\/#organization\",\"name\":\"Pinnoitus Helin Oy\",\"url\":\"https:\\\/\\\/www.pinnoitushelin.fi\\\/et\\\/\",\"logo\":{\"@type\":\"ImageObject\",\"inLanguage\":\"et\",\"@id\":\"https:\\\/\\\/www.pinnoitushelin.fi\\\/et\\\/#\\\/schema\\\/logo\\\/image\\\/\",\"url\":\"https:\\\/\\\/www.pinnoitushelin.fi\\\/wp-content\\\/uploads\\\/2024\\\/05\\\/logoa.png\",\"contentUrl\":\"https:\\\/\\\/www.pinnoitushelin.fi\\\/wp-content\\\/uploads\\\/2024\\\/05\\\/logoa.png\",\"width\":331,\"height\":105,\"caption\":\"Pinnoitus Helin Oy\"},\"image\":{\"@id\":\"https:\\\/\\\/www.pinnoitushelin.fi\\\/et\\\/#\\\/schema\\\/logo\\\/image\\\/\"}}]}<\/script>\n<!-- \/ Yoast SEO plugin. -->","yoast_head_json":{"title":"Elektri- ja elektroonikat\u00f6\u00f6stus - Pinnoitus Helin Oy","description":"Elektri- ja elektroonikat\u00f6\u00f6stuse jaoks parandavad meie teenused komponentide elektrijuhtivust ja korrosioonikaitset.","robots":{"index":"index","follow":"follow","max-snippet":"max-snippet:-1","max-image-preview":"max-image-preview:large","max-video-preview":"max-video-preview:-1"},"canonical":"https:\/\/www.pinnoitushelin.fi\/et\/toostussektorid\/elektri-ja-elektroonikatoostus\/","og_locale":"et_EE","og_type":"article","og_title":"Elektri- ja elektroonikat\u00f6\u00f6stus - Pinnoitus Helin Oy","og_description":"Elektri- ja elektroonikat\u00f6\u00f6stuse jaoks parandavad meie teenused komponentide elektrijuhtivust ja korrosioonikaitset.","og_url":"https:\/\/www.pinnoitushelin.fi\/et\/toostussektorid\/elektri-ja-elektroonikatoostus\/","og_site_name":"Pinnoitus Helin Oy","article_modified_time":"2024-07-30T20:16:52+00:00","twitter_card":"summary_large_image","twitter_misc":{"Est. reading time":"2 minutit"},"schema":{"@context":"https:\/\/schema.org","@graph":[{"@type":"WebPage","@id":"https:\/\/www.pinnoitushelin.fi\/et\/toostussektorid\/elektri-ja-elektroonikatoostus\/","url":"https:\/\/www.pinnoitushelin.fi\/et\/toostussektorid\/elektri-ja-elektroonikatoostus\/","name":"Elektri- ja elektroonikat\u00f6\u00f6stus - Pinnoitus Helin Oy","isPartOf":{"@id":"https:\/\/www.pinnoitushelin.fi\/et\/#website"},"datePublished":"2024-06-19T21:35:15+00:00","dateModified":"2024-07-30T20:16:52+00:00","description":"Elektri- ja elektroonikat\u00f6\u00f6stuse jaoks parandavad meie teenused komponentide elektrijuhtivust ja korrosioonikaitset.","breadcrumb":{"@id":"https:\/\/www.pinnoitushelin.fi\/et\/toostussektorid\/elektri-ja-elektroonikatoostus\/#breadcrumb"},"inLanguage":"et","potentialAction":[{"@type":"ReadAction","target":["https:\/\/www.pinnoitushelin.fi\/et\/toostussektorid\/elektri-ja-elektroonikatoostus\/"]}]},{"@type":"BreadcrumbList","@id":"https:\/\/www.pinnoitushelin.fi\/et\/toostussektorid\/elektri-ja-elektroonikatoostus\/#breadcrumb","itemListElement":[{"@type":"ListItem","position":1,"name":"Etusivu","item":"https:\/\/www.pinnoitushelin.fi\/et\/"},{"@type":"ListItem","position":2,"name":"T\u00f6\u00f6stussektorid","item":"https:\/\/www.pinnoitushelin.fi\/et\/toostussektorid\/"},{"@type":"ListItem","position":3,"name":"Elektri- ja elektroonikat\u00f6\u00f6stus"}]},{"@type":"WebSite","@id":"https:\/\/www.pinnoitushelin.fi\/et\/#website","url":"https:\/\/www.pinnoitushelin.fi\/et\/","name":"Pinnoitus Helin Oy","description":"Teknist\u00e4 pintak\u00e4sittely\u00e4 monipuolisesti ja tasalaatuisesti.","publisher":{"@id":"https:\/\/www.pinnoitushelin.fi\/et\/#organization"},"potentialAction":[{"@type":"SearchAction","target":{"@type":"EntryPoint","urlTemplate":"https:\/\/www.pinnoitushelin.fi\/et\/?s={search_term_string}"},"query-input":{"@type":"PropertyValueSpecification","valueRequired":true,"valueName":"search_term_string"}}],"inLanguage":"et"},{"@type":"Organization","@id":"https:\/\/www.pinnoitushelin.fi\/et\/#organization","name":"Pinnoitus Helin Oy","url":"https:\/\/www.pinnoitushelin.fi\/et\/","logo":{"@type":"ImageObject","inLanguage":"et","@id":"https:\/\/www.pinnoitushelin.fi\/et\/#\/schema\/logo\/image\/","url":"https:\/\/www.pinnoitushelin.fi\/wp-content\/uploads\/2024\/05\/logoa.png","contentUrl":"https:\/\/www.pinnoitushelin.fi\/wp-content\/uploads\/2024\/05\/logoa.png","width":331,"height":105,"caption":"Pinnoitus Helin Oy"},"image":{"@id":"https:\/\/www.pinnoitushelin.fi\/et\/#\/schema\/logo\/image\/"}}]}},"_links":{"self":[{"href":"https:\/\/www.pinnoitushelin.fi\/et\/wp-json\/wp\/v2\/pages\/2930","targetHints":{"allow":["GET"]}}],"collection":[{"href":"https:\/\/www.pinnoitushelin.fi\/et\/wp-json\/wp\/v2\/pages"}],"about":[{"href":"https:\/\/www.pinnoitushelin.fi\/et\/wp-json\/wp\/v2\/types\/page"}],"author":[{"embeddable":true,"href":"https:\/\/www.pinnoitushelin.fi\/et\/wp-json\/wp\/v2\/users\/3"}],"replies":[{"embeddable":true,"href":"https:\/\/www.pinnoitushelin.fi\/et\/wp-json\/wp\/v2\/comments?post=2930"}],"version-history":[{"count":4,"href":"https:\/\/www.pinnoitushelin.fi\/et\/wp-json\/wp\/v2\/pages\/2930\/revisions"}],"predecessor-version":[{"id":3109,"href":"https:\/\/www.pinnoitushelin.fi\/et\/wp-json\/wp\/v2\/pages\/2930\/revisions\/3109"}],"up":[{"embeddable":true,"href":"https:\/\/www.pinnoitushelin.fi\/et\/wp-json\/wp\/v2\/pages\/2916"}],"wp:attachment":[{"href":"https:\/\/www.pinnoitushelin.fi\/et\/wp-json\/wp\/v2\/media?parent=2930"}],"curies":[{"name":"wp","href":"https:\/\/api.w.org\/{rel}","templated":true}]}}