{"id":2924,"date":"2024-06-19T23:31:22","date_gmt":"2024-06-19T21:31:22","guid":{"rendered":"https:\/\/www.pinnoitushelin.fi\/toostused\/tervishoiutehnoloogia-toostus\/"},"modified":"2024-07-30T22:13:39","modified_gmt":"2024-07-30T20:13:39","slug":"tervishoiutehnoloogia-toostus","status":"publish","type":"page","link":"https:\/\/www.pinnoitushelin.fi\/et\/toostussektorid\/tervishoiutehnoloogia-toostus\/","title":{"rendered":"Tervishoiutehnoloogia t\u00f6\u00f6stus"},"content":{"rendered":"<div class=\"wpb-content-wrapper\"><p>[vc_row css=&#8221;.vc_custom_1717739529951{margin-bottom: 40px !important;}&#8221;][vc_column][vc_column_text css=&#8221;&#8221;]<\/p>\n<h3>Tervishoiutehnoloogiatoodete puhul tagavad meie teenused korrosioonikaitse, parema ja puhtama v\u00e4ljan\u00e4gemise, kulumiskindluse ja parema h\u00fcgieeni.<\/h3>\n<p>Pakume seadmete alumiiniumkomponentide anodeerimist, seadmete raamkonstruktsioonide korrosioonikaitset ning m\u00e4rkide ja seadmete esik\u00fclgede anodeerimist enne laser- v\u00f5i tempelm\u00e4rgistamist.<br \/>\nMeie mitmek\u00fclgse tootmisliini abil saame v\u00e4rvianodeerida isegi k\u00f5ige n\u00f5udlikumaid osi erinevates toonides, mis v\u00f5imaldab osade v\u00e4rvimist kuluefektiivselt ja t\u00e4pselt, et need peaksid vastu ka k\u00f5ige rangematele puhastusmeetoditele.<br \/>\nGalvaniseerimiseks pakume kvaliteetset galvaniseerimist vastavalt RoHS-direktiivile.<br \/>\nT\u00e4nu meie paindlikule tootmisele saame ka v\u00e4ikeseid partiisid kuluefektiivselt toota.<\/p>\n<h3>K\u00f5ige populaarsemad kattetehnoloogiad t\u00f6\u00f6stuses<\/h3>\n<p><a href=\"https:\/\/www.pinnoitushelin.fi\/et\/pindamismeetodid\/anodeerimine\/\">Anodeerimine<\/a><\/p>\n<p><a href=\"https:\/\/www.pinnoitushelin.fi\/et\/pindamismeetodid\/alumiiniumi-passiveerimine\/\">Alumiiniumi passiveerimine<\/a><\/p>\n<p><a href=\"https:\/\/www.pinnoitushelin.fi\/et\/pindamismeetodid\/galvaniseerimine\/\">Galvaniseerimine<\/a>[\/vc_column_text][\/vc_column][\/vc_row][vc_row][vc_column]<style type=\"text\/css\" data-type=\"the7_shortcodes-inline-css\">.gallery-shortcode.gallery-masonry-shortcode-id-41009acfe95273fec2866f629f854d5c figure,\n.gallery-shortcode.gallery-masonry-shortcode-id-41009acfe95273fec2866f629f854d5c .rollover,\n.gallery-shortcode.gallery-masonry-shortcode-id-41009acfe95273fec2866f629f854d5c img,\n.gallery-shortcode.gallery-masonry-shortcode-id-41009acfe95273fec2866f629f854d5c .gallery-rollover {\n  border-radius: 0px;\n}\n.gallery-shortcode.gallery-masonry-shortcode-id-41009acfe95273fec2866f629f854d5c.enable-bg-rollover .gallery-rollover {\n  background: -webkit-linear-gradient();\n  background: linear-gradient();\n}\n.gallery-shortcode.gallery-masonry-shortcode-id-41009acfe95273fec2866f629f854d5c.enable-bg-rollover.hover-scale figure .rollover:after {\n  background: -webkit-linear-gradient();\n  background: linear-gradient();\n}\n.gallery-shortcode.gallery-masonry-shortcode-id-41009acfe95273fec2866f629f854d5c .gallery-zoom-ico {\n  width: 44px;\n  height: 44px;\n  line-height: 44px;\n  border-radius: 100px;\n  margin: -22px 0 0 -22px;\n  border-width: 0px;\n  color: #ffffff;\n}\n.dt-icon-bg-on.gallery-shortcode.gallery-masonry-shortcode-id-41009acfe95273fec2866f629f854d5c .gallery-zoom-ico {\n  background: rgba(255,255,255,0.3);\n  box-shadow: none;\n}\n.gallery-shortcode.gallery-masonry-shortcode-id-41009acfe95273fec2866f629f854d5c .gallery-zoom-ico:before,\n.gallery-shortcode.gallery-masonry-shortcode-id-41009acfe95273fec2866f629f854d5c .gallery-zoom-ico span {\n  font-size: 32px;\n  line-height: 44px;\n  color: #ffffff;\n}\n.gallery-shortcode.gallery-masonry-shortcode-id-41009acfe95273fec2866f629f854d5c:not(.resize-by-browser-width) .dt-css-grid {\n  grid-row-gap: 10px;\n  grid-column-gap: 10px;\n  grid-template-columns: repeat(auto-fill,minmax(,1fr));\n}\n.gallery-shortcode.gallery-masonry-shortcode-id-41009acfe95273fec2866f629f854d5c:not(.resize-by-browser-width) .dt-css-grid .double-width {\n  grid-column: span 2;\n}\n.cssgridlegacy.no-cssgrid .gallery-shortcode.gallery-masonry-shortcode-id-41009acfe95273fec2866f629f854d5c:not(.resize-by-browser-width) .dt-css-grid,\n.no-cssgridlegacy.no-cssgrid .gallery-shortcode.gallery-masonry-shortcode-id-41009acfe95273fec2866f629f854d5c:not(.resize-by-browser-width) .dt-css-grid {\n  display: flex;\n  flex-flow: row wrap;\n  margin: -5px;\n}\n.cssgridlegacy.no-cssgrid .gallery-shortcode.gallery-masonry-shortcode-id-41009acfe95273fec2866f629f854d5c:not(.resize-by-browser-width) .dt-css-grid .wf-cell,\n.no-cssgridlegacy.no-cssgrid .gallery-shortcode.gallery-masonry-shortcode-id-41009acfe95273fec2866f629f854d5c:not(.resize-by-browser-width) .dt-css-grid .wf-cell {\n  flex: 1 0 ;\n  max-width: 100%;\n  padding: 5px;\n  box-sizing: border-box;\n}\n.gallery-shortcode.gallery-masonry-shortcode-id-41009acfe95273fec2866f629f854d5c.resize-by-browser-width .dt-css-grid {\n  grid-template-columns: repeat(2,1fr);\n  grid-template-rows: auto;\n  grid-column-gap: 10px;\n  grid-row-gap: 10px;\n}\n.gallery-shortcode.gallery-masonry-shortcode-id-41009acfe95273fec2866f629f854d5c.resize-by-browser-width .dt-css-grid .double-width {\n  grid-column: span 2;\n}\n.cssgridlegacy.no-cssgrid .gallery-shortcode.gallery-masonry-shortcode-id-41009acfe95273fec2866f629f854d5c.resize-by-browser-width .dt-css-grid {\n  margin: -5px;\n}\n.cssgridlegacy.no-cssgrid .gallery-shortcode.gallery-masonry-shortcode-id-41009acfe95273fec2866f629f854d5c.resize-by-browser-width .dt-css-grid .wf-cell {\n  width: 50%;\n  padding: 5px;\n}\n.cssgridlegacy.no-cssgrid .gallery-shortcode.gallery-masonry-shortcode-id-41009acfe95273fec2866f629f854d5c.resize-by-browser-width .dt-css-grid .wf-cell.double-width {\n  width: calc(50%) * 2;\n}\n.gallery-shortcode.gallery-masonry-shortcode-id-41009acfe95273fec2866f629f854d5c.resize-by-browser-width:not(.centered-layout-list):not(.content-bg-on) .dt-css-grid {\n  grid-row-gap: 10px - ;\n}\n@media screen and (max-width: 1199px) {\n  .gallery-shortcode.gallery-masonry-shortcode-id-41009acfe95273fec2866f629f854d5c.resize-by-browser-width .dt-css-grid {\n    grid-template-columns: repeat(2,1fr);\n  }\n  .cssgridlegacy.no-cssgrid .gallery-shortcode.gallery-masonry-shortcode-id-41009acfe95273fec2866f629f854d5c.resize-by-browser-width .dt-css-grid .wf-cell,\n  .no-cssgridlegacy.no-cssgrid .gallery-shortcode.gallery-masonry-shortcode-id-41009acfe95273fec2866f629f854d5c.resize-by-browser-width .dt-css-grid .wf-cell {\n    width: 50%;\n  }\n  .cssgridlegacy.no-cssgrid .gallery-shortcode.gallery-masonry-shortcode-id-41009acfe95273fec2866f629f854d5c.resize-by-browser-width .dt-css-grid .wf-cell.double-width,\n  .no-cssgridlegacy.no-cssgrid .gallery-shortcode.gallery-masonry-shortcode-id-41009acfe95273fec2866f629f854d5c.resize-by-browser-width .dt-css-grid .wf-cell.double-width {\n    width: calc(50%)*2;\n  }\n}\n@media screen and (max-width: 991px) {\n  .gallery-shortcode.gallery-masonry-shortcode-id-41009acfe95273fec2866f629f854d5c.resize-by-browser-width .dt-css-grid {\n    grid-template-columns: repeat(1,1fr);\n  }\n  .cssgridlegacy.no-cssgrid .gallery-shortcode.gallery-masonry-shortcode-id-41009acfe95273fec2866f629f854d5c.resize-by-browser-width .dt-css-grid .wf-cell,\n  .no-cssgridlegacy.no-cssgrid .gallery-shortcode.gallery-masonry-shortcode-id-41009acfe95273fec2866f629f854d5c.resize-by-browser-width .dt-css-grid .wf-cell {\n    width: 100%;\n  }\n  .cssgridlegacy.no-cssgrid .gallery-shortcode.gallery-masonry-shortcode-id-41009acfe95273fec2866f629f854d5c.resize-by-browser-width .dt-css-grid .wf-cell.double-width,\n  .no-cssgridlegacy.no-cssgrid .gallery-shortcode.gallery-masonry-shortcode-id-41009acfe95273fec2866f629f854d5c.resize-by-browser-width .dt-css-grid .wf-cell.double-width {\n    width: calc(100%)*2;\n  }\n}\n@media screen and (max-width: 767px) {\n  .gallery-shortcode.gallery-masonry-shortcode-id-41009acfe95273fec2866f629f854d5c.resize-by-browser-width .dt-css-grid {\n    grid-template-columns: repeat(1,1fr);\n  }\n  .cssgridlegacy.no-cssgrid .gallery-shortcode.gallery-masonry-shortcode-id-41009acfe95273fec2866f629f854d5c.resize-by-browser-width .dt-css-grid .wf-cell,\n  .no-cssgridlegacy.no-cssgrid .gallery-shortcode.gallery-masonry-shortcode-id-41009acfe95273fec2866f629f854d5c.resize-by-browser-width .dt-css-grid .wf-cell {\n    width: 100%;\n  }\n  .cssgridlegacy.no-cssgrid .gallery-shortcode.gallery-masonry-shortcode-id-41009acfe95273fec2866f629f854d5c.resize-by-browser-width .dt-css-grid .wf-cell.double-width,\n  .no-cssgridlegacy.no-cssgrid .gallery-shortcode.gallery-masonry-shortcode-id-41009acfe95273fec2866f629f854d5c.resize-by-browser-width .dt-css-grid .wf-cell.double-width {\n    width: calc(100%)*2;\n  }\n}<\/style><div class=\"gallery-shortcode dt-gallery-container gallery-masonry-shortcode-id-41009acfe95273fec2866f629f854d5c mode-masonry jquery-filter dt-icon-bg-off quick-scale-img enable-bg-rollover resize-by-browser-width  hover-fade loading-effect-none description-on-hover\" data-padding=\"5px\" data-cur-page=\"1\" data-post-limit=\"-1\" data-pagination-mode=\"none\" data-desktop-columns-num=\"2\" data-v-tablet-columns-num=\"1\" data-h-tablet-columns-num=\"2\" data-phone-columns-num=\"1\" data-width=\"0px\" data-columns=\"0\"><div class=\"iso-container\" ><div class=\"wf-cell iso-item\" data-post-id=\"2342\" data-date=\"2024-06-19T23:31:02+02:00\" data-name=\"pinnoitushelin_terveysteknologia-1\"><figure class=\"post visible\"><a href=\"https:\/\/www.pinnoitushelin.fi\/wp-content\/uploads\/2024\/06\/pinnoitushelin_terveysteknologia-1.jpg\" class=\"rollover dt-pswp-item layzr-bg\" data-large_image_width=\"1200\" data-large_image_height=\"800\" data-dt-img-description=\"\" title=\"pinnoitushelin_terveysteknologia-1\"><img fetchpriority=\"high\" decoding=\"async\" class=\"preload-me iso-lazy-load aspect\" src=\"data:image\/svg+xml,%3Csvg%20xmlns%3D&#39;http%3A%2F%2Fwww.w3.org%2F2000%2Fsvg&#39;%20viewBox%3D&#39;0%200%20990%20660&#39;%2F%3E\" data-src=\"https:\/\/www.pinnoitushelin.fi\/wp-content\/uploads\/2024\/06\/pinnoitushelin_terveysteknologia-1-990x660.jpg\" data-srcset=\"https:\/\/www.pinnoitushelin.fi\/wp-content\/uploads\/2024\/06\/pinnoitushelin_terveysteknologia-1-990x660.jpg 990w, https:\/\/www.pinnoitushelin.fi\/wp-content\/uploads\/2024\/06\/pinnoitushelin_terveysteknologia-1.jpg 1200w\" loading=\"eager\" style=\"--ratio: 990 \/ 660\" sizes=\"(max-width: 990px) 100vw, 990px\" alt=\"\" width=\"990\" height=\"660\"  \/><span class=\"gallery-rollover\"><span class=\"gallery-zoom-ico icomoon-the7-font-the7-zoom-06\"><span><\/span><\/span><\/span><\/a><\/figure><\/div><div class=\"wf-cell iso-item\" data-post-id=\"2345\" data-date=\"2024-06-19T23:31:03+02:00\" data-name=\"pinnoitushelin_terveysteknologia-2\"><figure class=\"post visible\"><a href=\"https:\/\/www.pinnoitushelin.fi\/wp-content\/uploads\/2024\/06\/pinnoitushelin_terveysteknologia-2.jpg\" class=\"rollover dt-pswp-item layzr-bg\" data-large_image_width=\"1200\" data-large_image_height=\"800\" data-dt-img-description=\"\" title=\"pinnoitushelin_terveysteknologia-2\"><img decoding=\"async\" class=\"preload-me iso-lazy-load aspect\" src=\"data:image\/svg+xml,%3Csvg%20xmlns%3D&#39;http%3A%2F%2Fwww.w3.org%2F2000%2Fsvg&#39;%20viewBox%3D&#39;0%200%20990%20660&#39;%2F%3E\" data-src=\"https:\/\/www.pinnoitushelin.fi\/wp-content\/uploads\/2024\/06\/pinnoitushelin_terveysteknologia-2-990x660.jpg\" data-srcset=\"https:\/\/www.pinnoitushelin.fi\/wp-content\/uploads\/2024\/06\/pinnoitushelin_terveysteknologia-2-990x660.jpg 990w, https:\/\/www.pinnoitushelin.fi\/wp-content\/uploads\/2024\/06\/pinnoitushelin_terveysteknologia-2.jpg 1200w\" loading=\"eager\" style=\"--ratio: 990 \/ 660\" sizes=\"(max-width: 990px) 100vw, 990px\" alt=\"\" width=\"990\" height=\"660\"  \/><span class=\"gallery-rollover\"><span class=\"gallery-zoom-ico icomoon-the7-font-the7-zoom-06\"><span><\/span><\/span><\/span><\/a><\/figure><\/div><\/div><!-- iso-container|iso-grid --><\/div>[\/vc_column][\/vc_row]<\/p>\n<\/div>","protected":false},"excerpt":{"rendered":"<p>[vc_row css=&#8221;.vc_custom_1717739529951{margin-bottom: 40px !important;}&#8221;][vc_column][vc_column_text css=&#8221;&#8221;] Tervishoiutehnoloogiatoodete puhul tagavad meie teenused korrosioonikaitse, parema ja puhtama v\u00e4ljan\u00e4gemise, kulumiskindluse ja parema h\u00fcgieeni. Pakume seadmete alumiiniumkomponentide anodeerimist, seadmete raamkonstruktsioonide korrosioonikaitset ning m\u00e4rkide ja seadmete esik\u00fclgede anodeerimist enne laser- v\u00f5i tempelm\u00e4rgistamist. Meie mitmek\u00fclgse tootmisliini abil saame v\u00e4rvianodeerida isegi k\u00f5ige n\u00f5udlikumaid osi erinevates toonides, mis v\u00f5imaldab osade v\u00e4rvimist kuluefektiivselt ja t\u00e4pselt,&hellip;<\/p>\n","protected":false},"author":3,"featured_media":0,"parent":2916,"menu_order":32,"comment_status":"closed","ping_status":"closed","template":"","meta":{"footnotes":""},"class_list":["post-2924","page","type-page","status-publish","hentry","description-off"],"yoast_head":"<!-- This site is optimized with the Yoast SEO plugin v27.4 - https:\/\/yoast.com\/product\/yoast-seo-wordpress\/ -->\n<title>Tervishoiutehnoloogia t\u00f6\u00f6stus - Pinnoitus Helin Oy<\/title>\n<meta name=\"description\" content=\"Tervishoiutehnoloogiatoodete puhul tagavad meie teenused korrosioonikaitse, parema ja puhtama v\u00e4ljan\u00e4gemise, kulumiskindluse ja parema h\u00fcgieeni.\" \/>\n<meta name=\"robots\" content=\"index, follow, max-snippet:-1, max-image-preview:large, max-video-preview:-1\" \/>\n<link rel=\"canonical\" href=\"https:\/\/www.pinnoitushelin.fi\/et\/toostussektorid\/tervishoiutehnoloogia-toostus\/\" \/>\n<meta property=\"og:locale\" content=\"et_EE\" \/>\n<meta property=\"og:type\" content=\"article\" \/>\n<meta property=\"og:title\" content=\"Tervishoiutehnoloogia t\u00f6\u00f6stus - Pinnoitus Helin Oy\" \/>\n<meta property=\"og:description\" content=\"Tervishoiutehnoloogiatoodete puhul tagavad meie teenused korrosioonikaitse, parema ja puhtama v\u00e4ljan\u00e4gemise, kulumiskindluse ja parema h\u00fcgieeni.\" \/>\n<meta property=\"og:url\" content=\"https:\/\/www.pinnoitushelin.fi\/et\/toostussektorid\/tervishoiutehnoloogia-toostus\/\" \/>\n<meta property=\"og:site_name\" content=\"Pinnoitus Helin Oy\" \/>\n<meta property=\"article:modified_time\" content=\"2024-07-30T20:13:39+00:00\" \/>\n<meta name=\"twitter:card\" content=\"summary_large_image\" \/>\n<meta name=\"twitter:label1\" content=\"Est. reading time\" \/>\n\t<meta name=\"twitter:data1\" content=\"1 minut\" \/>\n<script type=\"application\/ld+json\" class=\"yoast-schema-graph\">{\"@context\":\"https:\\\/\\\/schema.org\",\"@graph\":[{\"@type\":\"WebPage\",\"@id\":\"https:\\\/\\\/www.pinnoitushelin.fi\\\/et\\\/toostussektorid\\\/tervishoiutehnoloogia-toostus\\\/\",\"url\":\"https:\\\/\\\/www.pinnoitushelin.fi\\\/et\\\/toostussektorid\\\/tervishoiutehnoloogia-toostus\\\/\",\"name\":\"Tervishoiutehnoloogia t\u00f6\u00f6stus - Pinnoitus Helin Oy\",\"isPartOf\":{\"@id\":\"https:\\\/\\\/www.pinnoitushelin.fi\\\/et\\\/#website\"},\"datePublished\":\"2024-06-19T21:31:22+00:00\",\"dateModified\":\"2024-07-30T20:13:39+00:00\",\"description\":\"Tervishoiutehnoloogiatoodete puhul tagavad meie teenused korrosioonikaitse, parema ja puhtama v\u00e4ljan\u00e4gemise, kulumiskindluse ja parema h\u00fcgieeni.\",\"breadcrumb\":{\"@id\":\"https:\\\/\\\/www.pinnoitushelin.fi\\\/et\\\/toostussektorid\\\/tervishoiutehnoloogia-toostus\\\/#breadcrumb\"},\"inLanguage\":\"et\",\"potentialAction\":[{\"@type\":\"ReadAction\",\"target\":[\"https:\\\/\\\/www.pinnoitushelin.fi\\\/et\\\/toostussektorid\\\/tervishoiutehnoloogia-toostus\\\/\"]}]},{\"@type\":\"BreadcrumbList\",\"@id\":\"https:\\\/\\\/www.pinnoitushelin.fi\\\/et\\\/toostussektorid\\\/tervishoiutehnoloogia-toostus\\\/#breadcrumb\",\"itemListElement\":[{\"@type\":\"ListItem\",\"position\":1,\"name\":\"Etusivu\",\"item\":\"https:\\\/\\\/www.pinnoitushelin.fi\\\/et\\\/\"},{\"@type\":\"ListItem\",\"position\":2,\"name\":\"T\u00f6\u00f6stussektorid\",\"item\":\"https:\\\/\\\/www.pinnoitushelin.fi\\\/et\\\/toostussektorid\\\/\"},{\"@type\":\"ListItem\",\"position\":3,\"name\":\"Tervishoiutehnoloogia t\u00f6\u00f6stus\"}]},{\"@type\":\"WebSite\",\"@id\":\"https:\\\/\\\/www.pinnoitushelin.fi\\\/et\\\/#website\",\"url\":\"https:\\\/\\\/www.pinnoitushelin.fi\\\/et\\\/\",\"name\":\"Pinnoitus Helin Oy\",\"description\":\"Teknist\u00e4 pintak\u00e4sittely\u00e4 monipuolisesti ja tasalaatuisesti.\",\"publisher\":{\"@id\":\"https:\\\/\\\/www.pinnoitushelin.fi\\\/et\\\/#organization\"},\"potentialAction\":[{\"@type\":\"SearchAction\",\"target\":{\"@type\":\"EntryPoint\",\"urlTemplate\":\"https:\\\/\\\/www.pinnoitushelin.fi\\\/et\\\/?s={search_term_string}\"},\"query-input\":{\"@type\":\"PropertyValueSpecification\",\"valueRequired\":true,\"valueName\":\"search_term_string\"}}],\"inLanguage\":\"et\"},{\"@type\":\"Organization\",\"@id\":\"https:\\\/\\\/www.pinnoitushelin.fi\\\/et\\\/#organization\",\"name\":\"Pinnoitus Helin Oy\",\"url\":\"https:\\\/\\\/www.pinnoitushelin.fi\\\/et\\\/\",\"logo\":{\"@type\":\"ImageObject\",\"inLanguage\":\"et\",\"@id\":\"https:\\\/\\\/www.pinnoitushelin.fi\\\/et\\\/#\\\/schema\\\/logo\\\/image\\\/\",\"url\":\"https:\\\/\\\/www.pinnoitushelin.fi\\\/wp-content\\\/uploads\\\/2024\\\/05\\\/logoa.png\",\"contentUrl\":\"https:\\\/\\\/www.pinnoitushelin.fi\\\/wp-content\\\/uploads\\\/2024\\\/05\\\/logoa.png\",\"width\":331,\"height\":105,\"caption\":\"Pinnoitus Helin Oy\"},\"image\":{\"@id\":\"https:\\\/\\\/www.pinnoitushelin.fi\\\/et\\\/#\\\/schema\\\/logo\\\/image\\\/\"}}]}<\/script>\n<!-- \/ Yoast SEO plugin. -->","yoast_head_json":{"title":"Tervishoiutehnoloogia t\u00f6\u00f6stus - Pinnoitus Helin Oy","description":"Tervishoiutehnoloogiatoodete puhul tagavad meie teenused korrosioonikaitse, parema ja puhtama v\u00e4ljan\u00e4gemise, kulumiskindluse ja parema h\u00fcgieeni.","robots":{"index":"index","follow":"follow","max-snippet":"max-snippet:-1","max-image-preview":"max-image-preview:large","max-video-preview":"max-video-preview:-1"},"canonical":"https:\/\/www.pinnoitushelin.fi\/et\/toostussektorid\/tervishoiutehnoloogia-toostus\/","og_locale":"et_EE","og_type":"article","og_title":"Tervishoiutehnoloogia t\u00f6\u00f6stus - Pinnoitus Helin Oy","og_description":"Tervishoiutehnoloogiatoodete puhul tagavad meie teenused korrosioonikaitse, parema ja puhtama v\u00e4ljan\u00e4gemise, kulumiskindluse ja parema h\u00fcgieeni.","og_url":"https:\/\/www.pinnoitushelin.fi\/et\/toostussektorid\/tervishoiutehnoloogia-toostus\/","og_site_name":"Pinnoitus Helin Oy","article_modified_time":"2024-07-30T20:13:39+00:00","twitter_card":"summary_large_image","twitter_misc":{"Est. reading time":"1 minut"},"schema":{"@context":"https:\/\/schema.org","@graph":[{"@type":"WebPage","@id":"https:\/\/www.pinnoitushelin.fi\/et\/toostussektorid\/tervishoiutehnoloogia-toostus\/","url":"https:\/\/www.pinnoitushelin.fi\/et\/toostussektorid\/tervishoiutehnoloogia-toostus\/","name":"Tervishoiutehnoloogia t\u00f6\u00f6stus - Pinnoitus Helin Oy","isPartOf":{"@id":"https:\/\/www.pinnoitushelin.fi\/et\/#website"},"datePublished":"2024-06-19T21:31:22+00:00","dateModified":"2024-07-30T20:13:39+00:00","description":"Tervishoiutehnoloogiatoodete puhul tagavad meie teenused korrosioonikaitse, parema ja puhtama v\u00e4ljan\u00e4gemise, kulumiskindluse ja parema h\u00fcgieeni.","breadcrumb":{"@id":"https:\/\/www.pinnoitushelin.fi\/et\/toostussektorid\/tervishoiutehnoloogia-toostus\/#breadcrumb"},"inLanguage":"et","potentialAction":[{"@type":"ReadAction","target":["https:\/\/www.pinnoitushelin.fi\/et\/toostussektorid\/tervishoiutehnoloogia-toostus\/"]}]},{"@type":"BreadcrumbList","@id":"https:\/\/www.pinnoitushelin.fi\/et\/toostussektorid\/tervishoiutehnoloogia-toostus\/#breadcrumb","itemListElement":[{"@type":"ListItem","position":1,"name":"Etusivu","item":"https:\/\/www.pinnoitushelin.fi\/et\/"},{"@type":"ListItem","position":2,"name":"T\u00f6\u00f6stussektorid","item":"https:\/\/www.pinnoitushelin.fi\/et\/toostussektorid\/"},{"@type":"ListItem","position":3,"name":"Tervishoiutehnoloogia t\u00f6\u00f6stus"}]},{"@type":"WebSite","@id":"https:\/\/www.pinnoitushelin.fi\/et\/#website","url":"https:\/\/www.pinnoitushelin.fi\/et\/","name":"Pinnoitus Helin Oy","description":"Teknist\u00e4 pintak\u00e4sittely\u00e4 monipuolisesti ja tasalaatuisesti.","publisher":{"@id":"https:\/\/www.pinnoitushelin.fi\/et\/#organization"},"potentialAction":[{"@type":"SearchAction","target":{"@type":"EntryPoint","urlTemplate":"https:\/\/www.pinnoitushelin.fi\/et\/?s={search_term_string}"},"query-input":{"@type":"PropertyValueSpecification","valueRequired":true,"valueName":"search_term_string"}}],"inLanguage":"et"},{"@type":"Organization","@id":"https:\/\/www.pinnoitushelin.fi\/et\/#organization","name":"Pinnoitus Helin Oy","url":"https:\/\/www.pinnoitushelin.fi\/et\/","logo":{"@type":"ImageObject","inLanguage":"et","@id":"https:\/\/www.pinnoitushelin.fi\/et\/#\/schema\/logo\/image\/","url":"https:\/\/www.pinnoitushelin.fi\/wp-content\/uploads\/2024\/05\/logoa.png","contentUrl":"https:\/\/www.pinnoitushelin.fi\/wp-content\/uploads\/2024\/05\/logoa.png","width":331,"height":105,"caption":"Pinnoitus Helin Oy"},"image":{"@id":"https:\/\/www.pinnoitushelin.fi\/et\/#\/schema\/logo\/image\/"}}]}},"_links":{"self":[{"href":"https:\/\/www.pinnoitushelin.fi\/et\/wp-json\/wp\/v2\/pages\/2924","targetHints":{"allow":["GET"]}}],"collection":[{"href":"https:\/\/www.pinnoitushelin.fi\/et\/wp-json\/wp\/v2\/pages"}],"about":[{"href":"https:\/\/www.pinnoitushelin.fi\/et\/wp-json\/wp\/v2\/types\/page"}],"author":[{"embeddable":true,"href":"https:\/\/www.pinnoitushelin.fi\/et\/wp-json\/wp\/v2\/users\/3"}],"replies":[{"embeddable":true,"href":"https:\/\/www.pinnoitushelin.fi\/et\/wp-json\/wp\/v2\/comments?post=2924"}],"version-history":[{"count":5,"href":"https:\/\/www.pinnoitushelin.fi\/et\/wp-json\/wp\/v2\/pages\/2924\/revisions"}],"predecessor-version":[{"id":3106,"href":"https:\/\/www.pinnoitushelin.fi\/et\/wp-json\/wp\/v2\/pages\/2924\/revisions\/3106"}],"up":[{"embeddable":true,"href":"https:\/\/www.pinnoitushelin.fi\/et\/wp-json\/wp\/v2\/pages\/2916"}],"wp:attachment":[{"href":"https:\/\/www.pinnoitushelin.fi\/et\/wp-json\/wp\/v2\/media?parent=2924"}],"curies":[{"name":"wp","href":"https:\/\/api.w.org\/{rel}","templated":true}]}}