{"id":2904,"date":"2024-06-19T23:14:41","date_gmt":"2024-06-19T21:14:41","guid":{"rendered":"https:\/\/www.pinnoitushelin.fi\/pinnoitustekniikat\/mangaani-fosfaatimine\/"},"modified":"2024-07-30T21:45:52","modified_gmt":"2024-07-30T19:45:52","slug":"mangaani-fosfaatimine","status":"publish","type":"page","link":"https:\/\/www.pinnoitushelin.fi\/et\/pindamismeetodid\/mangaani-fosfaatimine\/","title":{"rendered":"Mangaani fosfaatimine"},"content":{"rendered":"<div class=\"wpb-content-wrapper\"><p>[vc_row equal_height=&#8221;yes&#8221; content_placement=&#8221;middle&#8221; css=&#8221;.vc_custom_1717628348671{margin-bottom: 40px !important;}&#8221;][vc_column width=&#8221;1\/2&#8243; css=&#8221;.vc_custom_1717628091127{padding-bottom: 20px !important;}&#8221;][vc_column_text css=&#8221;&#8221;]Mangaanfosfaatimine on terase keemiline pinnat\u00f6\u00f6tlus, millega parandatakse detaili libisemis- ja kulumisomadusi.<br \/>\nV\u00f5rreldes teiste fosfaatkattidega on see ka hea korrosioonikindlusega.<br \/>\nT\u00f6\u00f6stuses on palju rakendusi ja pinnakate sobib h\u00e4sti erinevate \u00f5lide imendamiseks, et anda lisaomadusi.[\/vc_column_text][\/vc_column][vc_column width=&#8221;1\/2&#8243;][vc_single_image image=&#8221;2001&#8243; img_size=&#8221;large&#8221; css=&#8221;&#8221;][\/vc_column][\/vc_row][vc_row equal_height=&#8221;yes&#8221; css=&#8221;.vc_custom_1718820603748{margin-bottom: 40px !important;}&#8221;][vc_column css=&#8221;.vc_custom_1717628059564{padding-bottom: 20px !important;}&#8221;][vc_column_text css=&#8221;&#8221;]<\/p>\n<h3>Mangaani fosfaatimine Pinnoitus Helin Oy<\/h3>\n<ul>\n<li>Mangaani fosfaatimine suspensiooni ja trummeliga<\/li>\n<li>T\u00fcki maksimaalsed m\u00f5\u00f5tmed: 1000x800x300mm, kaal 50kg.<\/li>\n<\/ul>\n<h3>Standardid<\/h3>\n<ul>\n<li>Fosfaatkate, raske, mangaan- v\u00f5i tsingip\u00f5hine (MIL-DTL-16232G)<\/li>\n<\/ul>\n<p>Mangaanfosfaatimine on konversioonkate (reaktsioonkate) ja seet\u00f5ttu on tal t\u00e4iuslik haardumine terase k\u00fclge.<br \/>\nPinnakate on detaili eri osadel \u00fchtlane ja sobib h\u00e4sti m\u00f5\u00f5tmete t\u00e4psete detailide jaoks.<br \/>\nMangaanfosfaatimist tuntakse relvat\u00f6\u00f6stuses ka kui parkeriseerimist, selle arendaja nime j\u00e4rgi.<br \/>\nOma libisemisomaduste t\u00f5ttu sobib see kate eriti h\u00e4sti relvat\u00f6\u00f6stusele, samuti erinevatele ratastele ja sarnastele \u00fcksteise vastu h\u00f5\u00f5rduvatele detailidele.<br \/>\nPinnakate on hea n\u00e4iteks kruvide l\u00f5ikumise v\u00e4ltimiseks.<br \/>\nMangaanfosfaatimist saab kasutada ka hea haardepinnana v\u00e4rvimisel.<\/p>\n<p>Me r\u00e4\u00e4gime teile hea meelega l\u00e4hemalt mangaanfosfaatimise eelistest ja rakendustest.<br \/>\nV\u00f5tke meiega julgelt \u00fchendust ja arutame, kuidas me saame aidata![\/vc_column_text][\/vc_column][\/vc_row][vc_row css=&#8221;.vc_custom_1717628491247{margin-bottom: 40px !important;}&#8221;][vc_column css=&#8221;.vc_custom_1717628059564{padding-bottom: 20px !important;}&#8221;][vc_column_text css=&#8221;&#8221;]<\/p>\n<h4>V\u00f5tke meiega \u00fchendust, et k\u00fcsida proovi v\u00f5imalust.<\/h4>\n<h4>K\u00fcsige rohkem v\u00f5i esitage hinnapakkumise taotlus<\/h4>\n<p>[\/vc_column_text][vc_row_inner equal_height=&#8221;yes&#8221; gap=&#8221;10&#8243; css=&#8221;.vc_custom_1718821200073{margin-top: 25px !important;}&#8221;][vc_column_inner width=&#8221;1\/5&#8243;]<style type=\"text\/css\" data-type=\"the7_shortcodes-inline-css\">#default-btn-c9e6a893832d815f771616eb83804464.ico-right-side > i {\n  margin-right: 0px;\n  margin-left: 8px;\n}\n#default-btn-c9e6a893832d815f771616eb83804464 > i {\n  margin-right: 8px;\n}<\/style><a href=\"tel:+358106174100\" class=\"default-btn-shortcode dt-btn dt-btn-m link-hover-off ico-right-side btn-inline-left \" id=\"default-btn-c9e6a893832d815f771616eb83804464\" style=\"width:200px;\" title=\"Soita meille\"><span>Katte kuumaliin<\/span><i class=\"icomoon-the7-font-the7-phone-05\"><\/i><\/a>[\/vc_column_inner][vc_column_inner width=&#8221;1\/5&#8243;]<style type=\"text\/css\" data-type=\"the7_shortcodes-inline-css\">#default-btn-38402fa57a00de4d2199ce4834b5daf5.ico-right-side > i {\n  margin-right: 0px;\n  margin-left: 8px;\n}\n#default-btn-38402fa57a00de4d2199ce4834b5daf5 > i {\n  margin-right: 8px;\n}<\/style><a href=\"mailto:info@pinnoitushelin.fi?subject=Tarjouspyynt\u00f6\" class=\"default-btn-shortcode dt-btn dt-btn-m link-hover-off ico-right-side btn-inline-left \" id=\"default-btn-38402fa57a00de4d2199ce4834b5daf5\" style=\"width:200px;\" title=\"J\u00e4t\u00e4 tarjouspyynt\u00f6\"><span>Pakkumise soov<\/span><i class=\"icomoon-the7-font-the7-mail-01\"><\/i><\/a>[\/vc_column_inner][vc_column_inner width=&#8221;1\/5&#8243;]<style type=\"text\/css\" data-type=\"the7_shortcodes-inline-css\">#default-btn-7da1eff8502044f45f70ac935ddad799.ico-right-side > i {\n  margin-right: 0px;\n  margin-left: 8px;\n}\n#default-btn-7da1eff8502044f45f70ac935ddad799 > i {\n  margin-right: 8px;\n}<\/style><a href=\"\/yhteystiedot\/#yhteydenotto\" class=\"default-btn-shortcode dt-btn dt-btn-m link-hover-off ico-right-side btn-inline-left \" id=\"default-btn-7da1eff8502044f45f70ac935ddad799\" style=\"width:200px;\" title=\"J\u00e4t\u00e4 tarjouspyynt\u00f6\"><span>V\u00f5ta \u00fchendust<\/span><i class=\"dt-icon-the7-menu-012\"><\/i><\/a>[\/vc_column_inner][vc_column_inner width=&#8221;1\/5&#8243;][\/vc_column_inner][vc_column_inner width=&#8221;1\/5&#8243;][\/vc_column_inner][\/vc_row_inner][\/vc_column][\/vc_row][vc_row][vc_column offset=&#8221;vc_hidden-md vc_hidden-sm vc_hidden-xs&#8221;][vc_empty_space height=&#8221;200px&#8221;][\/vc_column][\/vc_row][vc_row bg_type=&#8221;bg_color&#8221; bg_override=&#8221;full&#8221; css=&#8221;.vc_custom_1719351634384{margin-bottom: -30px !important;}&#8221;][vc_column offset=&#8221;vc_hidden-md vc_hidden-sm vc_hidden-xs&#8221;][vc_single_image image=&#8221;2134&#8243; img_size=&#8221;full&#8221; alignment=&#8221;right&#8221; css=&#8221;.vc_custom_1722244499456{margin-bottom: -125px !important;}&#8221; image_hovers=&#8221;false&#8221;][\/vc_column][\/vc_row][vc_row bg_type=&#8221;bg_color&#8221; bg_override=&#8221;full&#8221; css=&#8221;.vc_custom_1719351634384{margin-bottom: -30px !important;}&#8221;][vc_column offset=&#8221;vc_hidden-lg&#8221;][vc_single_image image=&#8221;2134&#8243; img_size=&#8221;full&#8221; alignment=&#8221;right&#8221; css=&#8221;.vc_custom_1722280218413{margin-bottom: -85px !important;}&#8221; image_hovers=&#8221;false&#8221;][\/vc_column][\/vc_row]<\/p>\n<\/div>","protected":false},"excerpt":{"rendered":"<p>[vc_row equal_height=&#8221;yes&#8221; content_placement=&#8221;middle&#8221; css=&#8221;.vc_custom_1717628348671{margin-bottom: 40px !important;}&#8221;][vc_column width=&#8221;1\/2&#8243; css=&#8221;.vc_custom_1717628091127{padding-bottom: 20px !important;}&#8221;][vc_column_text css=&#8221;&#8221;]Mangaanfosfaatimine on terase keemiline pinnat\u00f6\u00f6tlus, millega parandatakse detaili libisemis- ja kulumisomadusi. V\u00f5rreldes teiste fosfaatkattidega on see ka hea korrosioonikindlusega. T\u00f6\u00f6stuses on palju rakendusi ja pinnakate sobib h\u00e4sti erinevate \u00f5lide imendamiseks, et anda lisaomadusi.[\/vc_column_text][\/vc_column][vc_column width=&#8221;1\/2&#8243;][vc_single_image image=&#8221;2001&#8243; img_size=&#8221;large&#8221; css=&#8221;&#8221;][\/vc_column][\/vc_row][vc_row equal_height=&#8221;yes&#8221; css=&#8221;.vc_custom_1718820603748{margin-bottom: 40px !important;}&#8221;][vc_column css=&#8221;.vc_custom_1717628059564{padding-bottom: 20px !important;}&#8221;][vc_column_text css=&#8221;&#8221;]&hellip;<\/p>\n","protected":false},"author":3,"featured_media":0,"parent":2816,"menu_order":33,"comment_status":"closed","ping_status":"closed","template":"","meta":{"footnotes":""},"class_list":["post-2904","page","type-page","status-publish","hentry","description-off"],"yoast_head":"<!-- This site is optimized with the Yoast SEO plugin v27.4 - https:\/\/yoast.com\/product\/yoast-seo-wordpress\/ -->\n<title>Mangaani fosfaatimine - Pinnoitus Helin Oy<\/title>\n<meta name=\"description\" content=\"Mangaanfosfaatimine on terase keemiline pinnat\u00f6\u00f6tlus, millega parandatakse detaili libisemis- ja kulumisomadusi. V\u00f5rreldes teiste fosfaatkattidega on see ka hea korrosioonikindlusega.\" \/>\n<meta name=\"robots\" content=\"index, follow, max-snippet:-1, max-image-preview:large, max-video-preview:-1\" \/>\n<link rel=\"canonical\" href=\"https:\/\/www.pinnoitushelin.fi\/et\/pindamismeetodid\/mangaani-fosfaatimine\/\" \/>\n<meta property=\"og:locale\" content=\"et_EE\" \/>\n<meta property=\"og:type\" content=\"article\" \/>\n<meta property=\"og:title\" content=\"Mangaani fosfaatimine - Pinnoitus Helin Oy\" \/>\n<meta property=\"og:description\" content=\"Mangaanfosfaatimine on terase keemiline pinnat\u00f6\u00f6tlus, millega parandatakse detaili libisemis- ja kulumisomadusi. V\u00f5rreldes teiste fosfaatkattidega on see ka hea korrosioonikindlusega.\" \/>\n<meta property=\"og:url\" content=\"https:\/\/www.pinnoitushelin.fi\/et\/pindamismeetodid\/mangaani-fosfaatimine\/\" \/>\n<meta property=\"og:site_name\" content=\"Pinnoitus Helin Oy\" \/>\n<meta property=\"article:modified_time\" content=\"2024-07-30T19:45:52+00:00\" \/>\n<meta name=\"twitter:card\" content=\"summary_large_image\" \/>\n<meta name=\"twitter:label1\" content=\"Est. reading time\" \/>\n\t<meta name=\"twitter:data1\" content=\"3 minutit\" \/>\n<script type=\"application\/ld+json\" class=\"yoast-schema-graph\">{\"@context\":\"https:\\\/\\\/schema.org\",\"@graph\":[{\"@type\":\"WebPage\",\"@id\":\"https:\\\/\\\/www.pinnoitushelin.fi\\\/et\\\/pindamismeetodid\\\/mangaani-fosfaatimine\\\/\",\"url\":\"https:\\\/\\\/www.pinnoitushelin.fi\\\/et\\\/pindamismeetodid\\\/mangaani-fosfaatimine\\\/\",\"name\":\"Mangaani fosfaatimine - Pinnoitus Helin Oy\",\"isPartOf\":{\"@id\":\"https:\\\/\\\/www.pinnoitushelin.fi\\\/et\\\/#website\"},\"datePublished\":\"2024-06-19T21:14:41+00:00\",\"dateModified\":\"2024-07-30T19:45:52+00:00\",\"description\":\"Mangaanfosfaatimine on terase keemiline pinnat\u00f6\u00f6tlus, millega parandatakse detaili libisemis- ja kulumisomadusi. V\u00f5rreldes teiste fosfaatkattidega on see ka hea korrosioonikindlusega.\",\"breadcrumb\":{\"@id\":\"https:\\\/\\\/www.pinnoitushelin.fi\\\/et\\\/pindamismeetodid\\\/mangaani-fosfaatimine\\\/#breadcrumb\"},\"inLanguage\":\"et\",\"potentialAction\":[{\"@type\":\"ReadAction\",\"target\":[\"https:\\\/\\\/www.pinnoitushelin.fi\\\/et\\\/pindamismeetodid\\\/mangaani-fosfaatimine\\\/\"]}]},{\"@type\":\"BreadcrumbList\",\"@id\":\"https:\\\/\\\/www.pinnoitushelin.fi\\\/et\\\/pindamismeetodid\\\/mangaani-fosfaatimine\\\/#breadcrumb\",\"itemListElement\":[{\"@type\":\"ListItem\",\"position\":1,\"name\":\"Etusivu\",\"item\":\"https:\\\/\\\/www.pinnoitushelin.fi\\\/et\\\/\"},{\"@type\":\"ListItem\",\"position\":2,\"name\":\"Pindamismeetodid\",\"item\":\"https:\\\/\\\/www.pinnoitushelin.fi\\\/et\\\/pindamismeetodid\\\/\"},{\"@type\":\"ListItem\",\"position\":3,\"name\":\"Mangaani fosfaatimine\"}]},{\"@type\":\"WebSite\",\"@id\":\"https:\\\/\\\/www.pinnoitushelin.fi\\\/et\\\/#website\",\"url\":\"https:\\\/\\\/www.pinnoitushelin.fi\\\/et\\\/\",\"name\":\"Pinnoitus Helin Oy\",\"description\":\"Teknist\u00e4 pintak\u00e4sittely\u00e4 monipuolisesti ja tasalaatuisesti.\",\"publisher\":{\"@id\":\"https:\\\/\\\/www.pinnoitushelin.fi\\\/et\\\/#organization\"},\"potentialAction\":[{\"@type\":\"SearchAction\",\"target\":{\"@type\":\"EntryPoint\",\"urlTemplate\":\"https:\\\/\\\/www.pinnoitushelin.fi\\\/et\\\/?s={search_term_string}\"},\"query-input\":{\"@type\":\"PropertyValueSpecification\",\"valueRequired\":true,\"valueName\":\"search_term_string\"}}],\"inLanguage\":\"et\"},{\"@type\":\"Organization\",\"@id\":\"https:\\\/\\\/www.pinnoitushelin.fi\\\/et\\\/#organization\",\"name\":\"Pinnoitus Helin Oy\",\"url\":\"https:\\\/\\\/www.pinnoitushelin.fi\\\/et\\\/\",\"logo\":{\"@type\":\"ImageObject\",\"inLanguage\":\"et\",\"@id\":\"https:\\\/\\\/www.pinnoitushelin.fi\\\/et\\\/#\\\/schema\\\/logo\\\/image\\\/\",\"url\":\"https:\\\/\\\/www.pinnoitushelin.fi\\\/wp-content\\\/uploads\\\/2024\\\/05\\\/logoa.png\",\"contentUrl\":\"https:\\\/\\\/www.pinnoitushelin.fi\\\/wp-content\\\/uploads\\\/2024\\\/05\\\/logoa.png\",\"width\":331,\"height\":105,\"caption\":\"Pinnoitus Helin Oy\"},\"image\":{\"@id\":\"https:\\\/\\\/www.pinnoitushelin.fi\\\/et\\\/#\\\/schema\\\/logo\\\/image\\\/\"}}]}<\/script>\n<!-- \/ Yoast SEO plugin. -->","yoast_head_json":{"title":"Mangaani fosfaatimine - Pinnoitus Helin Oy","description":"Mangaanfosfaatimine on terase keemiline pinnat\u00f6\u00f6tlus, millega parandatakse detaili libisemis- ja kulumisomadusi. V\u00f5rreldes teiste fosfaatkattidega on see ka hea korrosioonikindlusega.","robots":{"index":"index","follow":"follow","max-snippet":"max-snippet:-1","max-image-preview":"max-image-preview:large","max-video-preview":"max-video-preview:-1"},"canonical":"https:\/\/www.pinnoitushelin.fi\/et\/pindamismeetodid\/mangaani-fosfaatimine\/","og_locale":"et_EE","og_type":"article","og_title":"Mangaani fosfaatimine - Pinnoitus Helin Oy","og_description":"Mangaanfosfaatimine on terase keemiline pinnat\u00f6\u00f6tlus, millega parandatakse detaili libisemis- ja kulumisomadusi. V\u00f5rreldes teiste fosfaatkattidega on see ka hea korrosioonikindlusega.","og_url":"https:\/\/www.pinnoitushelin.fi\/et\/pindamismeetodid\/mangaani-fosfaatimine\/","og_site_name":"Pinnoitus Helin Oy","article_modified_time":"2024-07-30T19:45:52+00:00","twitter_card":"summary_large_image","twitter_misc":{"Est. reading time":"3 minutit"},"schema":{"@context":"https:\/\/schema.org","@graph":[{"@type":"WebPage","@id":"https:\/\/www.pinnoitushelin.fi\/et\/pindamismeetodid\/mangaani-fosfaatimine\/","url":"https:\/\/www.pinnoitushelin.fi\/et\/pindamismeetodid\/mangaani-fosfaatimine\/","name":"Mangaani fosfaatimine - Pinnoitus Helin Oy","isPartOf":{"@id":"https:\/\/www.pinnoitushelin.fi\/et\/#website"},"datePublished":"2024-06-19T21:14:41+00:00","dateModified":"2024-07-30T19:45:52+00:00","description":"Mangaanfosfaatimine on terase keemiline pinnat\u00f6\u00f6tlus, millega parandatakse detaili libisemis- ja kulumisomadusi. V\u00f5rreldes teiste fosfaatkattidega on see ka hea korrosioonikindlusega.","breadcrumb":{"@id":"https:\/\/www.pinnoitushelin.fi\/et\/pindamismeetodid\/mangaani-fosfaatimine\/#breadcrumb"},"inLanguage":"et","potentialAction":[{"@type":"ReadAction","target":["https:\/\/www.pinnoitushelin.fi\/et\/pindamismeetodid\/mangaani-fosfaatimine\/"]}]},{"@type":"BreadcrumbList","@id":"https:\/\/www.pinnoitushelin.fi\/et\/pindamismeetodid\/mangaani-fosfaatimine\/#breadcrumb","itemListElement":[{"@type":"ListItem","position":1,"name":"Etusivu","item":"https:\/\/www.pinnoitushelin.fi\/et\/"},{"@type":"ListItem","position":2,"name":"Pindamismeetodid","item":"https:\/\/www.pinnoitushelin.fi\/et\/pindamismeetodid\/"},{"@type":"ListItem","position":3,"name":"Mangaani fosfaatimine"}]},{"@type":"WebSite","@id":"https:\/\/www.pinnoitushelin.fi\/et\/#website","url":"https:\/\/www.pinnoitushelin.fi\/et\/","name":"Pinnoitus Helin Oy","description":"Teknist\u00e4 pintak\u00e4sittely\u00e4 monipuolisesti ja tasalaatuisesti.","publisher":{"@id":"https:\/\/www.pinnoitushelin.fi\/et\/#organization"},"potentialAction":[{"@type":"SearchAction","target":{"@type":"EntryPoint","urlTemplate":"https:\/\/www.pinnoitushelin.fi\/et\/?s={search_term_string}"},"query-input":{"@type":"PropertyValueSpecification","valueRequired":true,"valueName":"search_term_string"}}],"inLanguage":"et"},{"@type":"Organization","@id":"https:\/\/www.pinnoitushelin.fi\/et\/#organization","name":"Pinnoitus Helin Oy","url":"https:\/\/www.pinnoitushelin.fi\/et\/","logo":{"@type":"ImageObject","inLanguage":"et","@id":"https:\/\/www.pinnoitushelin.fi\/et\/#\/schema\/logo\/image\/","url":"https:\/\/www.pinnoitushelin.fi\/wp-content\/uploads\/2024\/05\/logoa.png","contentUrl":"https:\/\/www.pinnoitushelin.fi\/wp-content\/uploads\/2024\/05\/logoa.png","width":331,"height":105,"caption":"Pinnoitus Helin Oy"},"image":{"@id":"https:\/\/www.pinnoitushelin.fi\/et\/#\/schema\/logo\/image\/"}}]}},"_links":{"self":[{"href":"https:\/\/www.pinnoitushelin.fi\/et\/wp-json\/wp\/v2\/pages\/2904","targetHints":{"allow":["GET"]}}],"collection":[{"href":"https:\/\/www.pinnoitushelin.fi\/et\/wp-json\/wp\/v2\/pages"}],"about":[{"href":"https:\/\/www.pinnoitushelin.fi\/et\/wp-json\/wp\/v2\/types\/page"}],"author":[{"embeddable":true,"href":"https:\/\/www.pinnoitushelin.fi\/et\/wp-json\/wp\/v2\/users\/3"}],"replies":[{"embeddable":true,"href":"https:\/\/www.pinnoitushelin.fi\/et\/wp-json\/wp\/v2\/comments?post=2904"}],"version-history":[{"count":3,"href":"https:\/\/www.pinnoitushelin.fi\/et\/wp-json\/wp\/v2\/pages\/2904\/revisions"}],"predecessor-version":[{"id":3098,"href":"https:\/\/www.pinnoitushelin.fi\/et\/wp-json\/wp\/v2\/pages\/2904\/revisions\/3098"}],"up":[{"embeddable":true,"href":"https:\/\/www.pinnoitushelin.fi\/et\/wp-json\/wp\/v2\/pages\/2816"}],"wp:attachment":[{"href":"https:\/\/www.pinnoitushelin.fi\/et\/wp-json\/wp\/v2\/media?parent=2904"}],"curies":[{"name":"wp","href":"https:\/\/api.w.org\/{rel}","templated":true}]}}