{"id":2898,"date":"2024-06-19T23:11:56","date_gmt":"2024-06-19T21:11:56","guid":{"rendered":"https:\/\/www.pinnoitushelin.fi\/pinnoitustekniikat\/kuumal-muldamine\/"},"modified":"2024-07-30T21:45:00","modified_gmt":"2024-07-30T19:45:00","slug":"kuumal-muldamine","status":"publish","type":"page","link":"https:\/\/www.pinnoitushelin.fi\/et\/pindamismeetodid\/kuumal-muldamine\/","title":{"rendered":"Kuumal muldamine"},"content":{"rendered":"<div class=\"wpb-content-wrapper\"><p>[vc_row equal_height=&#8221;yes&#8221; content_placement=&#8221;middle&#8221; css=&#8221;.vc_custom_1717628348671{margin-bottom: 40px !important;}&#8221;][vc_column width=&#8221;1\/2&#8243; css=&#8221;.vc_custom_1717628091127{padding-bottom: 20px !important;}&#8221;][vc_column_text css=&#8221;&#8221;]Terase kuumtsinkimine on keemiline pinnat\u00f6\u00f6tlus, mida tuntakse ka kui &#8220;sinistamist&#8221; v\u00f5i &#8220;terase musta oksiidiga katmist&#8221;.<br \/>\nKuumtsinkimine on konversioonkate, mis p\u00f5hineb kasutatava keemia ja t\u00f6\u00f6deldava pinna vahelisel reaktsioonil.<br \/>\nT\u00f6\u00f6tlemine annab t\u00fckile visuaalselt silmatorkava ja kulumiskindla pinna.<br \/>\nSee parandab ka detaili korrosioonikindlust.[\/vc_column_text][\/vc_column][vc_column width=&#8221;1\/2&#8243;][vc_single_image image=&#8221;1998&#8243; img_size=&#8221;large&#8221; css=&#8221;&#8221;][\/vc_column][\/vc_row][vc_row equal_height=&#8221;yes&#8221; css=&#8221;.vc_custom_1718820603748{margin-bottom: 40px !important;}&#8221;][vc_column css=&#8221;.vc_custom_1717628059564{padding-bottom: 20px !important;}&#8221;][vc_column_text css=&#8221;&#8221;]<\/p>\n<h3>Terase kuumvaltsimine Pinnoitus Helin Oy<\/h3>\n<ul>\n<li>Musterdamine riputus- ja trummeldamistehnikaga.<\/li>\n<li>T\u00fcki maksimaalsed m\u00f5\u00f5tmed: 1000x800x300mm, kaal 50kg.<\/li>\n<\/ul>\n<h3>Standardid<\/h3>\n<ul>\n<li>Must oksiidkate rauale ja terasele (ISO 11408)<\/li>\n<li>Pinnakate, oksiid, must, raudmetallidele (MIL DTL 13924)<\/li>\n<li>Pinnakate, must oksiid (AMS 2485)<\/li>\n<li>Musta s\u00fcnteetilise raudoksiidi standardspetsifikatsioon (ASTM D769)<\/li>\n<\/ul>\n<p>Kate on mattmust, mittepeegeldav ja \u00fchtlane kogu detaili erinevates osades.<br \/>\nPinna paksus on \u00f5huke ja kuumpressimine sobib h\u00e4sti m\u00f5\u00f5tmete t\u00e4psete detailide valmistamiseks.<br \/>\nMustendatud pind on poorne ja protsess l\u00f5petatakse \u00f5liga, et parandada korrosioonikaitset.<\/p>\n<p>Terase kuumt\u00f6\u00f6tlemise abil saame aidata teil parandada oma toodete kvaliteeti.<br \/>\nV\u00f5tke meiega juba t\u00e4na \u00fchendust![\/vc_column_text][\/vc_column][\/vc_row][vc_row css=&#8221;.vc_custom_1717628491247{margin-bottom: 40px !important;}&#8221;][vc_column css=&#8221;.vc_custom_1717628059564{padding-bottom: 20px !important;}&#8221;][vc_column_text css=&#8221;&#8221;]<\/p>\n<h4>V\u00f5tke meiega \u00fchendust, et k\u00fcsida proovi v\u00f5imalust.<\/h4>\n<h4>K\u00fcsige rohkem v\u00f5i esitage hinnapakkumise taotlus<\/h4>\n<p>[\/vc_column_text][vc_row_inner equal_height=&#8221;yes&#8221; gap=&#8221;10&#8243; css=&#8221;.vc_custom_1718821200073{margin-top: 25px !important;}&#8221;][vc_column_inner width=&#8221;1\/5&#8243;]<style type=\"text\/css\" data-type=\"the7_shortcodes-inline-css\">#default-btn-c9e6a893832d815f771616eb83804464.ico-right-side > i {\n  margin-right: 0px;\n  margin-left: 8px;\n}\n#default-btn-c9e6a893832d815f771616eb83804464 > i {\n  margin-right: 8px;\n}<\/style><a href=\"tel:+358106174100\" class=\"default-btn-shortcode dt-btn dt-btn-m link-hover-off ico-right-side btn-inline-left \" id=\"default-btn-c9e6a893832d815f771616eb83804464\" style=\"width:200px;\" title=\"Soita meille\"><span>Katte kuumaliin<\/span><i class=\"icomoon-the7-font-the7-phone-05\"><\/i><\/a>[\/vc_column_inner][vc_column_inner width=&#8221;1\/5&#8243;]<style type=\"text\/css\" data-type=\"the7_shortcodes-inline-css\">#default-btn-38402fa57a00de4d2199ce4834b5daf5.ico-right-side > i {\n  margin-right: 0px;\n  margin-left: 8px;\n}\n#default-btn-38402fa57a00de4d2199ce4834b5daf5 > i {\n  margin-right: 8px;\n}<\/style><a href=\"mailto:info@pinnoitushelin.fi?subject=Tarjouspyynt\u00f6\" class=\"default-btn-shortcode dt-btn dt-btn-m link-hover-off ico-right-side btn-inline-left \" id=\"default-btn-38402fa57a00de4d2199ce4834b5daf5\" style=\"width:200px;\" title=\"J\u00e4t\u00e4 tarjouspyynt\u00f6\"><span>Pakkumise soov<\/span><i class=\"icomoon-the7-font-the7-mail-01\"><\/i><\/a>[\/vc_column_inner][vc_column_inner width=&#8221;1\/5&#8243;]<style type=\"text\/css\" data-type=\"the7_shortcodes-inline-css\">#default-btn-7da1eff8502044f45f70ac935ddad799.ico-right-side > i {\n  margin-right: 0px;\n  margin-left: 8px;\n}\n#default-btn-7da1eff8502044f45f70ac935ddad799 > i {\n  margin-right: 8px;\n}<\/style><a href=\"\/yhteystiedot\/#yhteydenotto\" class=\"default-btn-shortcode dt-btn dt-btn-m link-hover-off ico-right-side btn-inline-left \" id=\"default-btn-7da1eff8502044f45f70ac935ddad799\" style=\"width:200px;\" title=\"J\u00e4t\u00e4 tarjouspyynt\u00f6\"><span>V\u00f5ta \u00fchendust<\/span><i class=\"dt-icon-the7-menu-012\"><\/i><\/a>[\/vc_column_inner][vc_column_inner width=&#8221;1\/5&#8243;][\/vc_column_inner][vc_column_inner width=&#8221;1\/5&#8243;][\/vc_column_inner][\/vc_row_inner][\/vc_column][\/vc_row][vc_row][vc_column offset=&#8221;vc_hidden-md vc_hidden-sm vc_hidden-xs&#8221;][vc_empty_space height=&#8221;200px&#8221;][\/vc_column][\/vc_row][vc_row bg_type=&#8221;bg_color&#8221; bg_override=&#8221;full&#8221; css=&#8221;.vc_custom_1719351634384{margin-bottom: -30px !important;}&#8221;][vc_column offset=&#8221;vc_hidden-md vc_hidden-sm vc_hidden-xs&#8221;][vc_single_image image=&#8221;2134&#8243; img_size=&#8221;full&#8221; alignment=&#8221;right&#8221; css=&#8221;.vc_custom_1722244499456{margin-bottom: -125px !important;}&#8221; image_hovers=&#8221;false&#8221;][\/vc_column][\/vc_row][vc_row bg_type=&#8221;bg_color&#8221; bg_override=&#8221;full&#8221; css=&#8221;.vc_custom_1719351634384{margin-bottom: -30px !important;}&#8221;][vc_column offset=&#8221;vc_hidden-lg&#8221;][vc_single_image image=&#8221;2134&#8243; img_size=&#8221;full&#8221; alignment=&#8221;right&#8221; css=&#8221;.vc_custom_1722280218413{margin-bottom: -85px !important;}&#8221; image_hovers=&#8221;false&#8221;][\/vc_column][\/vc_row]<\/p>\n<\/div>","protected":false},"excerpt":{"rendered":"<p>[vc_row equal_height=&#8221;yes&#8221; content_placement=&#8221;middle&#8221; css=&#8221;.vc_custom_1717628348671{margin-bottom: 40px !important;}&#8221;][vc_column width=&#8221;1\/2&#8243; css=&#8221;.vc_custom_1717628091127{padding-bottom: 20px !important;}&#8221;][vc_column_text css=&#8221;&#8221;]Terase kuumtsinkimine on keemiline pinnat\u00f6\u00f6tlus, mida tuntakse ka kui &#8220;sinistamist&#8221; v\u00f5i &#8220;terase musta oksiidiga katmist&#8221;. Kuumtsinkimine on konversioonkate, mis p\u00f5hineb kasutatava keemia ja t\u00f6\u00f6deldava pinna vahelisel reaktsioonil. T\u00f6\u00f6tlemine annab t\u00fckile visuaalselt silmatorkava ja kulumiskindla pinna. See parandab ka detaili korrosioonikindlust.[\/vc_column_text][\/vc_column][vc_column width=&#8221;1\/2&#8243;][vc_single_image image=&#8221;1998&#8243; img_size=&#8221;large&#8221; css=&#8221;&#8221;][\/vc_column][\/vc_row][vc_row equal_height=&#8221;yes&#8221;&hellip;<\/p>\n","protected":false},"author":3,"featured_media":0,"parent":2816,"menu_order":32,"comment_status":"closed","ping_status":"closed","template":"","meta":{"footnotes":""},"class_list":["post-2898","page","type-page","status-publish","hentry","description-off"],"yoast_head":"<!-- This site is optimized with the Yoast SEO plugin v27.4 - https:\/\/yoast.com\/product\/yoast-seo-wordpress\/ -->\n<title>Kuumal muldamine - Pinnoitus Helin Oy<\/title>\n<meta name=\"description\" content=\"Terase kuumtsinkimine on keemiline pinnat\u00f6\u00f6tlus, mida tuntakse ka kui &quot;sinistamist&quot; v\u00f5i &quot;terase musta oksiidiga katmist&quot;.\" \/>\n<meta name=\"robots\" content=\"index, follow, max-snippet:-1, max-image-preview:large, max-video-preview:-1\" \/>\n<link rel=\"canonical\" href=\"https:\/\/www.pinnoitushelin.fi\/et\/pindamismeetodid\/kuumal-muldamine\/\" \/>\n<meta property=\"og:locale\" content=\"et_EE\" \/>\n<meta property=\"og:type\" content=\"article\" \/>\n<meta property=\"og:title\" content=\"Kuumal muldamine - Pinnoitus Helin Oy\" \/>\n<meta property=\"og:description\" content=\"Terase kuumtsinkimine on keemiline pinnat\u00f6\u00f6tlus, mida tuntakse ka kui &quot;sinistamist&quot; v\u00f5i &quot;terase musta oksiidiga katmist&quot;.\" \/>\n<meta property=\"og:url\" content=\"https:\/\/www.pinnoitushelin.fi\/et\/pindamismeetodid\/kuumal-muldamine\/\" \/>\n<meta property=\"og:site_name\" content=\"Pinnoitus Helin Oy\" \/>\n<meta property=\"article:modified_time\" content=\"2024-07-30T19:45:00+00:00\" \/>\n<meta name=\"twitter:card\" content=\"summary_large_image\" \/>\n<meta name=\"twitter:label1\" content=\"Est. reading time\" \/>\n\t<meta name=\"twitter:data1\" content=\"3 minutit\" \/>\n<script type=\"application\/ld+json\" class=\"yoast-schema-graph\">{\"@context\":\"https:\\\/\\\/schema.org\",\"@graph\":[{\"@type\":\"WebPage\",\"@id\":\"https:\\\/\\\/www.pinnoitushelin.fi\\\/et\\\/pindamismeetodid\\\/kuumal-muldamine\\\/\",\"url\":\"https:\\\/\\\/www.pinnoitushelin.fi\\\/et\\\/pindamismeetodid\\\/kuumal-muldamine\\\/\",\"name\":\"Kuumal muldamine - Pinnoitus Helin Oy\",\"isPartOf\":{\"@id\":\"https:\\\/\\\/www.pinnoitushelin.fi\\\/et\\\/#website\"},\"datePublished\":\"2024-06-19T21:11:56+00:00\",\"dateModified\":\"2024-07-30T19:45:00+00:00\",\"description\":\"Terase kuumtsinkimine on keemiline pinnat\u00f6\u00f6tlus, mida tuntakse ka kui \\\"sinistamist\\\" v\u00f5i \\\"terase musta oksiidiga katmist\\\".\",\"breadcrumb\":{\"@id\":\"https:\\\/\\\/www.pinnoitushelin.fi\\\/et\\\/pindamismeetodid\\\/kuumal-muldamine\\\/#breadcrumb\"},\"inLanguage\":\"et\",\"potentialAction\":[{\"@type\":\"ReadAction\",\"target\":[\"https:\\\/\\\/www.pinnoitushelin.fi\\\/et\\\/pindamismeetodid\\\/kuumal-muldamine\\\/\"]}]},{\"@type\":\"BreadcrumbList\",\"@id\":\"https:\\\/\\\/www.pinnoitushelin.fi\\\/et\\\/pindamismeetodid\\\/kuumal-muldamine\\\/#breadcrumb\",\"itemListElement\":[{\"@type\":\"ListItem\",\"position\":1,\"name\":\"Etusivu\",\"item\":\"https:\\\/\\\/www.pinnoitushelin.fi\\\/et\\\/\"},{\"@type\":\"ListItem\",\"position\":2,\"name\":\"Pindamismeetodid\",\"item\":\"https:\\\/\\\/www.pinnoitushelin.fi\\\/et\\\/pindamismeetodid\\\/\"},{\"@type\":\"ListItem\",\"position\":3,\"name\":\"Kuumal muldamine\"}]},{\"@type\":\"WebSite\",\"@id\":\"https:\\\/\\\/www.pinnoitushelin.fi\\\/et\\\/#website\",\"url\":\"https:\\\/\\\/www.pinnoitushelin.fi\\\/et\\\/\",\"name\":\"Pinnoitus Helin Oy\",\"description\":\"Teknist\u00e4 pintak\u00e4sittely\u00e4 monipuolisesti ja tasalaatuisesti.\",\"publisher\":{\"@id\":\"https:\\\/\\\/www.pinnoitushelin.fi\\\/et\\\/#organization\"},\"potentialAction\":[{\"@type\":\"SearchAction\",\"target\":{\"@type\":\"EntryPoint\",\"urlTemplate\":\"https:\\\/\\\/www.pinnoitushelin.fi\\\/et\\\/?s={search_term_string}\"},\"query-input\":{\"@type\":\"PropertyValueSpecification\",\"valueRequired\":true,\"valueName\":\"search_term_string\"}}],\"inLanguage\":\"et\"},{\"@type\":\"Organization\",\"@id\":\"https:\\\/\\\/www.pinnoitushelin.fi\\\/et\\\/#organization\",\"name\":\"Pinnoitus Helin Oy\",\"url\":\"https:\\\/\\\/www.pinnoitushelin.fi\\\/et\\\/\",\"logo\":{\"@type\":\"ImageObject\",\"inLanguage\":\"et\",\"@id\":\"https:\\\/\\\/www.pinnoitushelin.fi\\\/et\\\/#\\\/schema\\\/logo\\\/image\\\/\",\"url\":\"https:\\\/\\\/www.pinnoitushelin.fi\\\/wp-content\\\/uploads\\\/2024\\\/05\\\/logoa.png\",\"contentUrl\":\"https:\\\/\\\/www.pinnoitushelin.fi\\\/wp-content\\\/uploads\\\/2024\\\/05\\\/logoa.png\",\"width\":331,\"height\":105,\"caption\":\"Pinnoitus Helin Oy\"},\"image\":{\"@id\":\"https:\\\/\\\/www.pinnoitushelin.fi\\\/et\\\/#\\\/schema\\\/logo\\\/image\\\/\"}}]}<\/script>\n<!-- \/ Yoast SEO plugin. -->","yoast_head_json":{"title":"Kuumal muldamine - Pinnoitus Helin Oy","description":"Terase kuumtsinkimine on keemiline pinnat\u00f6\u00f6tlus, mida tuntakse ka kui \"sinistamist\" v\u00f5i \"terase musta oksiidiga katmist\".","robots":{"index":"index","follow":"follow","max-snippet":"max-snippet:-1","max-image-preview":"max-image-preview:large","max-video-preview":"max-video-preview:-1"},"canonical":"https:\/\/www.pinnoitushelin.fi\/et\/pindamismeetodid\/kuumal-muldamine\/","og_locale":"et_EE","og_type":"article","og_title":"Kuumal muldamine - Pinnoitus Helin Oy","og_description":"Terase kuumtsinkimine on keemiline pinnat\u00f6\u00f6tlus, mida tuntakse ka kui \"sinistamist\" v\u00f5i \"terase musta oksiidiga katmist\".","og_url":"https:\/\/www.pinnoitushelin.fi\/et\/pindamismeetodid\/kuumal-muldamine\/","og_site_name":"Pinnoitus Helin Oy","article_modified_time":"2024-07-30T19:45:00+00:00","twitter_card":"summary_large_image","twitter_misc":{"Est. reading time":"3 minutit"},"schema":{"@context":"https:\/\/schema.org","@graph":[{"@type":"WebPage","@id":"https:\/\/www.pinnoitushelin.fi\/et\/pindamismeetodid\/kuumal-muldamine\/","url":"https:\/\/www.pinnoitushelin.fi\/et\/pindamismeetodid\/kuumal-muldamine\/","name":"Kuumal muldamine - Pinnoitus Helin Oy","isPartOf":{"@id":"https:\/\/www.pinnoitushelin.fi\/et\/#website"},"datePublished":"2024-06-19T21:11:56+00:00","dateModified":"2024-07-30T19:45:00+00:00","description":"Terase kuumtsinkimine on keemiline pinnat\u00f6\u00f6tlus, mida tuntakse ka kui \"sinistamist\" v\u00f5i \"terase musta oksiidiga katmist\".","breadcrumb":{"@id":"https:\/\/www.pinnoitushelin.fi\/et\/pindamismeetodid\/kuumal-muldamine\/#breadcrumb"},"inLanguage":"et","potentialAction":[{"@type":"ReadAction","target":["https:\/\/www.pinnoitushelin.fi\/et\/pindamismeetodid\/kuumal-muldamine\/"]}]},{"@type":"BreadcrumbList","@id":"https:\/\/www.pinnoitushelin.fi\/et\/pindamismeetodid\/kuumal-muldamine\/#breadcrumb","itemListElement":[{"@type":"ListItem","position":1,"name":"Etusivu","item":"https:\/\/www.pinnoitushelin.fi\/et\/"},{"@type":"ListItem","position":2,"name":"Pindamismeetodid","item":"https:\/\/www.pinnoitushelin.fi\/et\/pindamismeetodid\/"},{"@type":"ListItem","position":3,"name":"Kuumal muldamine"}]},{"@type":"WebSite","@id":"https:\/\/www.pinnoitushelin.fi\/et\/#website","url":"https:\/\/www.pinnoitushelin.fi\/et\/","name":"Pinnoitus Helin Oy","description":"Teknist\u00e4 pintak\u00e4sittely\u00e4 monipuolisesti ja tasalaatuisesti.","publisher":{"@id":"https:\/\/www.pinnoitushelin.fi\/et\/#organization"},"potentialAction":[{"@type":"SearchAction","target":{"@type":"EntryPoint","urlTemplate":"https:\/\/www.pinnoitushelin.fi\/et\/?s={search_term_string}"},"query-input":{"@type":"PropertyValueSpecification","valueRequired":true,"valueName":"search_term_string"}}],"inLanguage":"et"},{"@type":"Organization","@id":"https:\/\/www.pinnoitushelin.fi\/et\/#organization","name":"Pinnoitus Helin Oy","url":"https:\/\/www.pinnoitushelin.fi\/et\/","logo":{"@type":"ImageObject","inLanguage":"et","@id":"https:\/\/www.pinnoitushelin.fi\/et\/#\/schema\/logo\/image\/","url":"https:\/\/www.pinnoitushelin.fi\/wp-content\/uploads\/2024\/05\/logoa.png","contentUrl":"https:\/\/www.pinnoitushelin.fi\/wp-content\/uploads\/2024\/05\/logoa.png","width":331,"height":105,"caption":"Pinnoitus Helin Oy"},"image":{"@id":"https:\/\/www.pinnoitushelin.fi\/et\/#\/schema\/logo\/image\/"}}]}},"_links":{"self":[{"href":"https:\/\/www.pinnoitushelin.fi\/et\/wp-json\/wp\/v2\/pages\/2898","targetHints":{"allow":["GET"]}}],"collection":[{"href":"https:\/\/www.pinnoitushelin.fi\/et\/wp-json\/wp\/v2\/pages"}],"about":[{"href":"https:\/\/www.pinnoitushelin.fi\/et\/wp-json\/wp\/v2\/types\/page"}],"author":[{"embeddable":true,"href":"https:\/\/www.pinnoitushelin.fi\/et\/wp-json\/wp\/v2\/users\/3"}],"replies":[{"embeddable":true,"href":"https:\/\/www.pinnoitushelin.fi\/et\/wp-json\/wp\/v2\/comments?post=2898"}],"version-history":[{"count":4,"href":"https:\/\/www.pinnoitushelin.fi\/et\/wp-json\/wp\/v2\/pages\/2898\/revisions"}],"predecessor-version":[{"id":3097,"href":"https:\/\/www.pinnoitushelin.fi\/et\/wp-json\/wp\/v2\/pages\/2898\/revisions\/3097"}],"up":[{"embeddable":true,"href":"https:\/\/www.pinnoitushelin.fi\/et\/wp-json\/wp\/v2\/pages\/2816"}],"wp:attachment":[{"href":"https:\/\/www.pinnoitushelin.fi\/et\/wp-json\/wp\/v2\/media?parent=2898"}],"curies":[{"name":"wp","href":"https:\/\/api.w.org\/{rel}","templated":true}]}}