{"id":2882,"date":"2024-06-19T22:54:07","date_gmt":"2024-06-19T20:54:07","guid":{"rendered":"https:\/\/www.pinnoitushelin.fi\/pinnoitustekniikat\/vase-pindamine\/"},"modified":"2024-07-30T21:39:17","modified_gmt":"2024-07-30T19:39:17","slug":"vase-pindamine","status":"publish","type":"page","link":"https:\/\/www.pinnoitushelin.fi\/et\/pindamismeetodid\/vase-pindamine\/","title":{"rendered":"Vase pindamine"},"content":{"rendered":"<div class=\"wpb-content-wrapper\"><p>[vc_row equal_height=&#8221;yes&#8221; content_placement=&#8221;middle&#8221; css=&#8221;.vc_custom_1717628348671{margin-bottom: 40px !important;}&#8221;][vc_column width=&#8221;1\/2&#8243; css=&#8221;.vc_custom_1717628091127{padding-bottom: 20px !important;}&#8221;][vc_column_text css=&#8221;&#8221;]Vase pindamine v\u00f5imaldab paljude erinevate metallpindade pinnat\u00f6\u00f6tlust.<br \/>\nLisaks sellele on vask m\u00f5nel juhul vajalik aluskatteks, et tagada n\u00f5uetekohane haardumine.<br \/>\nVask kasutatakse m\u00e4rkimisv\u00e4\u00e4rses koguses tr\u00fckkplaatide t\u00f6\u00f6stuses, telekommunikatsiooniosade RF-kattematerjalina ja t\u00e4iendava korrosioonikaitsena nikkel-kroomosade puhul.<br \/>\nPind on v\u00f5imeline takistama erinevate detailide kleepumist v\u00f5i k\u00fclmkeevitamist.<br \/>\nLisaks sellele silub vase pindamine happevannis kriimustusi ja t\u00f6\u00f6tlemisj\u00e4lgi.[\/vc_column_text][\/vc_column][vc_column width=&#8221;1\/2&#8243;][vc_single_image image=&#8221;1982&#8243; img_size=&#8221;large&#8221; css=&#8221;&#8221;][\/vc_column][\/vc_row][vc_row equal_height=&#8221;yes&#8221; css=&#8221;.vc_custom_1718820603748{margin-bottom: 40px !important;}&#8221;][vc_column css=&#8221;.vc_custom_1717628059564{padding-bottom: 20px !important;}&#8221;][vc_column_text css=&#8221;&#8221;]<\/p>\n<h3>Pinnoitus Helin Oy vasealused lahendused<\/h3>\n<ul>\n<li>Vanni t\u00fc\u00fcp: leeliseline ts\u00fcaniidivaba<\/li>\n<li>Vaskimine kui trumli ja riputusvahendi t\u00f6\u00f6tlemine<\/li>\n<li>T\u00fcki maksimaalsed m\u00f5\u00f5tmed: 2700x900x250 mm<\/li>\n<li>Pinnatavad materjalid: alumiinium, vask, teras ja nende sulamid.<\/li>\n<\/ul>\n<p>Vase katmine toimub tavaliselt eraldi vaskvanni abil.<br \/>\nSobiv vannit\u00fc\u00fcp valitakse vastavalt rakendusele.<br \/>\nTs\u00fcaniidi t\u00fc\u00fcpi vannid, mis vastavad endiselt PVT soovitustele, on ehk k\u00f5ige enam kasutatavad, kuid mitte parimad.<br \/>\nNeid saab osaliselt asendada leeliseliste ts\u00fcaniidivabade vannidega, mis v\u00e4hendavad keskkonnakahjustusi.<br \/>\nHappevann on oma omaduste poolest endiselt k\u00f5ige populaarsem.<br \/>\nSee ei sobi siiski otseselt k\u00f5igi materjalide jaoks.<br \/>\nKa rakendused seavad vanni t\u00fc\u00fcbi valikul oma n\u00f5uded.<\/p>\n<h3>Standardid<\/h3>\n<ul>\n<li>Elektropinnatud vase standardspetsifikatsioon tehniliseks otstarbeks (ASTM B734 &#8211; 97)<\/li>\n<\/ul>\n<p>[\/vc_column_text][\/vc_column][\/vc_row][vc_row css=&#8221;.vc_custom_1717628491247{margin-bottom: 40px !important;}&#8221;][vc_column css=&#8221;.vc_custom_1717628059564{padding-bottom: 20px !important;}&#8221;][vc_column_text css=&#8221;&#8221;]<\/p>\n<h4>V\u00f5tke meiega \u00fchendust, et k\u00fcsida proovi v\u00f5imalust.<\/h4>\n<h4>K\u00fcsige rohkem v\u00f5i esitage hinnapakkumise taotlus<\/h4>\n<p>[\/vc_column_text][vc_row_inner equal_height=&#8221;yes&#8221; gap=&#8221;10&#8243; css=&#8221;.vc_custom_1718821200073{margin-top: 25px !important;}&#8221;][vc_column_inner width=&#8221;1\/5&#8243;]<style type=\"text\/css\" data-type=\"the7_shortcodes-inline-css\">#default-btn-c9e6a893832d815f771616eb83804464.ico-right-side > i {\n  margin-right: 0px;\n  margin-left: 8px;\n}\n#default-btn-c9e6a893832d815f771616eb83804464 > i {\n  margin-right: 8px;\n}<\/style><a href=\"tel:+358106174100\" class=\"default-btn-shortcode dt-btn dt-btn-m link-hover-off ico-right-side btn-inline-left \" id=\"default-btn-c9e6a893832d815f771616eb83804464\" style=\"width:200px;\" title=\"Soita meille\"><span>Katte kuumaliin<\/span><i class=\"icomoon-the7-font-the7-phone-05\"><\/i><\/a>[\/vc_column_inner][vc_column_inner width=&#8221;1\/5&#8243;]<style type=\"text\/css\" data-type=\"the7_shortcodes-inline-css\">#default-btn-38402fa57a00de4d2199ce4834b5daf5.ico-right-side > i {\n  margin-right: 0px;\n  margin-left: 8px;\n}\n#default-btn-38402fa57a00de4d2199ce4834b5daf5 > i {\n  margin-right: 8px;\n}<\/style><a href=\"mailto:info@pinnoitushelin.fi?subject=Tarjouspyynt\u00f6\" class=\"default-btn-shortcode dt-btn dt-btn-m link-hover-off ico-right-side btn-inline-left \" id=\"default-btn-38402fa57a00de4d2199ce4834b5daf5\" style=\"width:200px;\" title=\"J\u00e4t\u00e4 tarjouspyynt\u00f6\"><span>Pakkumise soov<\/span><i class=\"icomoon-the7-font-the7-mail-01\"><\/i><\/a>[\/vc_column_inner][vc_column_inner width=&#8221;1\/5&#8243;]<style type=\"text\/css\" data-type=\"the7_shortcodes-inline-css\">#default-btn-7da1eff8502044f45f70ac935ddad799.ico-right-side > i {\n  margin-right: 0px;\n  margin-left: 8px;\n}\n#default-btn-7da1eff8502044f45f70ac935ddad799 > i {\n  margin-right: 8px;\n}<\/style><a href=\"\/yhteystiedot\/#yhteydenotto\" class=\"default-btn-shortcode dt-btn dt-btn-m link-hover-off ico-right-side btn-inline-left \" id=\"default-btn-7da1eff8502044f45f70ac935ddad799\" style=\"width:200px;\" title=\"J\u00e4t\u00e4 tarjouspyynt\u00f6\"><span>V\u00f5ta \u00fchendust<\/span><i class=\"dt-icon-the7-menu-012\"><\/i><\/a>[\/vc_column_inner][vc_column_inner width=&#8221;1\/5&#8243;][\/vc_column_inner][vc_column_inner width=&#8221;1\/5&#8243;][\/vc_column_inner][\/vc_row_inner][\/vc_column][\/vc_row][vc_row][vc_column offset=&#8221;vc_hidden-md vc_hidden-sm vc_hidden-xs&#8221;][vc_empty_space height=&#8221;300px&#8221;][\/vc_column][\/vc_row][vc_row bg_type=&#8221;bg_color&#8221; bg_override=&#8221;full&#8221; css=&#8221;.vc_custom_1719351634384{margin-bottom: -30px !important;}&#8221;][vc_column offset=&#8221;vc_hidden-md vc_hidden-sm vc_hidden-xs&#8221;][vc_single_image image=&#8221;2134&#8243; img_size=&#8221;full&#8221; alignment=&#8221;right&#8221; css=&#8221;.vc_custom_1722244499456{margin-bottom: -125px !important;}&#8221; image_hovers=&#8221;false&#8221;][\/vc_column][\/vc_row][vc_row bg_type=&#8221;bg_color&#8221; bg_override=&#8221;full&#8221; css=&#8221;.vc_custom_1719351634384{margin-bottom: -30px !important;}&#8221;][vc_column offset=&#8221;vc_hidden-lg&#8221;][vc_single_image image=&#8221;2134&#8243; img_size=&#8221;full&#8221; alignment=&#8221;right&#8221; css=&#8221;.vc_custom_1722280218413{margin-bottom: -85px !important;}&#8221; image_hovers=&#8221;false&#8221;][\/vc_column][\/vc_row]<\/p>\n<\/div>","protected":false},"excerpt":{"rendered":"<p>[vc_row equal_height=&#8221;yes&#8221; content_placement=&#8221;middle&#8221; css=&#8221;.vc_custom_1717628348671{margin-bottom: 40px !important;}&#8221;][vc_column width=&#8221;1\/2&#8243; css=&#8221;.vc_custom_1717628091127{padding-bottom: 20px !important;}&#8221;][vc_column_text css=&#8221;&#8221;]Vase pindamine v\u00f5imaldab paljude erinevate metallpindade pinnat\u00f6\u00f6tlust. Lisaks sellele on vask m\u00f5nel juhul vajalik aluskatteks, et tagada n\u00f5uetekohane haardumine. Vask kasutatakse m\u00e4rkimisv\u00e4\u00e4rses koguses tr\u00fckkplaatide t\u00f6\u00f6stuses, telekommunikatsiooniosade RF-kattematerjalina ja t\u00e4iendava korrosioonikaitsena nikkel-kroomosade puhul. Pind on v\u00f5imeline takistama erinevate detailide kleepumist v\u00f5i k\u00fclmkeevitamist. Lisaks sellele silub vase&hellip;<\/p>\n","protected":false},"author":3,"featured_media":0,"parent":2816,"menu_order":29,"comment_status":"closed","ping_status":"closed","template":"","meta":{"footnotes":""},"class_list":["post-2882","page","type-page","status-publish","hentry","description-off"],"yoast_head":"<!-- This site is optimized with the Yoast SEO plugin v27.4 - https:\/\/yoast.com\/product\/yoast-seo-wordpress\/ -->\n<title>Vase pindamine - Pinnoitus Helin Oy<\/title>\n<meta name=\"description\" content=\"Vase pindamine v\u00f5imaldab paljude erinevate metallpindade pinnat\u00f6\u00f6tlust. Lisaks sellele on vask m\u00f5nel juhul vajalik aluskatteks, et tagada n\u00f5uetekohane haardumine. Tr\u00fckkplaadit\u00f6\u00f6stuses kasutatakse vaskust m\u00e4rkimisv\u00e4\u00e4rses koguses.\" \/>\n<meta name=\"robots\" content=\"index, follow, max-snippet:-1, max-image-preview:large, max-video-preview:-1\" \/>\n<link rel=\"canonical\" href=\"https:\/\/www.pinnoitushelin.fi\/et\/pindamismeetodid\/vase-pindamine\/\" \/>\n<meta property=\"og:locale\" content=\"et_EE\" \/>\n<meta property=\"og:type\" content=\"article\" \/>\n<meta property=\"og:title\" content=\"Vase pindamine - Pinnoitus Helin Oy\" \/>\n<meta property=\"og:description\" content=\"Vase pindamine v\u00f5imaldab paljude erinevate metallpindade pinnat\u00f6\u00f6tlust. Lisaks sellele on vask m\u00f5nel juhul vajalik aluskatteks, et tagada n\u00f5uetekohane haardumine. Tr\u00fckkplaadit\u00f6\u00f6stuses kasutatakse vaskust m\u00e4rkimisv\u00e4\u00e4rses koguses.\" \/>\n<meta property=\"og:url\" content=\"https:\/\/www.pinnoitushelin.fi\/et\/pindamismeetodid\/vase-pindamine\/\" \/>\n<meta property=\"og:site_name\" content=\"Pinnoitus Helin Oy\" \/>\n<meta property=\"article:modified_time\" content=\"2024-07-30T19:39:17+00:00\" \/>\n<meta name=\"twitter:card\" content=\"summary_large_image\" \/>\n<meta name=\"twitter:label1\" content=\"Est. reading time\" \/>\n\t<meta name=\"twitter:data1\" content=\"2 minutit\" \/>\n<script type=\"application\/ld+json\" class=\"yoast-schema-graph\">{\"@context\":\"https:\\\/\\\/schema.org\",\"@graph\":[{\"@type\":\"WebPage\",\"@id\":\"https:\\\/\\\/www.pinnoitushelin.fi\\\/et\\\/pindamismeetodid\\\/vase-pindamine\\\/\",\"url\":\"https:\\\/\\\/www.pinnoitushelin.fi\\\/et\\\/pindamismeetodid\\\/vase-pindamine\\\/\",\"name\":\"Vase pindamine - Pinnoitus Helin Oy\",\"isPartOf\":{\"@id\":\"https:\\\/\\\/www.pinnoitushelin.fi\\\/et\\\/#website\"},\"datePublished\":\"2024-06-19T20:54:07+00:00\",\"dateModified\":\"2024-07-30T19:39:17+00:00\",\"description\":\"Vase pindamine v\u00f5imaldab paljude erinevate metallpindade pinnat\u00f6\u00f6tlust. Lisaks sellele on vask m\u00f5nel juhul vajalik aluskatteks, et tagada n\u00f5uetekohane haardumine. Tr\u00fckkplaadit\u00f6\u00f6stuses kasutatakse vaskust m\u00e4rkimisv\u00e4\u00e4rses koguses.\",\"breadcrumb\":{\"@id\":\"https:\\\/\\\/www.pinnoitushelin.fi\\\/et\\\/pindamismeetodid\\\/vase-pindamine\\\/#breadcrumb\"},\"inLanguage\":\"et\",\"potentialAction\":[{\"@type\":\"ReadAction\",\"target\":[\"https:\\\/\\\/www.pinnoitushelin.fi\\\/et\\\/pindamismeetodid\\\/vase-pindamine\\\/\"]}]},{\"@type\":\"BreadcrumbList\",\"@id\":\"https:\\\/\\\/www.pinnoitushelin.fi\\\/et\\\/pindamismeetodid\\\/vase-pindamine\\\/#breadcrumb\",\"itemListElement\":[{\"@type\":\"ListItem\",\"position\":1,\"name\":\"Etusivu\",\"item\":\"https:\\\/\\\/www.pinnoitushelin.fi\\\/et\\\/\"},{\"@type\":\"ListItem\",\"position\":2,\"name\":\"Pindamismeetodid\",\"item\":\"https:\\\/\\\/www.pinnoitushelin.fi\\\/et\\\/pindamismeetodid\\\/\"},{\"@type\":\"ListItem\",\"position\":3,\"name\":\"Vase pindamine\"}]},{\"@type\":\"WebSite\",\"@id\":\"https:\\\/\\\/www.pinnoitushelin.fi\\\/et\\\/#website\",\"url\":\"https:\\\/\\\/www.pinnoitushelin.fi\\\/et\\\/\",\"name\":\"Pinnoitus Helin Oy\",\"description\":\"Teknist\u00e4 pintak\u00e4sittely\u00e4 monipuolisesti ja tasalaatuisesti.\",\"publisher\":{\"@id\":\"https:\\\/\\\/www.pinnoitushelin.fi\\\/et\\\/#organization\"},\"potentialAction\":[{\"@type\":\"SearchAction\",\"target\":{\"@type\":\"EntryPoint\",\"urlTemplate\":\"https:\\\/\\\/www.pinnoitushelin.fi\\\/et\\\/?s={search_term_string}\"},\"query-input\":{\"@type\":\"PropertyValueSpecification\",\"valueRequired\":true,\"valueName\":\"search_term_string\"}}],\"inLanguage\":\"et\"},{\"@type\":\"Organization\",\"@id\":\"https:\\\/\\\/www.pinnoitushelin.fi\\\/et\\\/#organization\",\"name\":\"Pinnoitus Helin Oy\",\"url\":\"https:\\\/\\\/www.pinnoitushelin.fi\\\/et\\\/\",\"logo\":{\"@type\":\"ImageObject\",\"inLanguage\":\"et\",\"@id\":\"https:\\\/\\\/www.pinnoitushelin.fi\\\/et\\\/#\\\/schema\\\/logo\\\/image\\\/\",\"url\":\"https:\\\/\\\/www.pinnoitushelin.fi\\\/wp-content\\\/uploads\\\/2024\\\/05\\\/logoa.png\",\"contentUrl\":\"https:\\\/\\\/www.pinnoitushelin.fi\\\/wp-content\\\/uploads\\\/2024\\\/05\\\/logoa.png\",\"width\":331,\"height\":105,\"caption\":\"Pinnoitus Helin Oy\"},\"image\":{\"@id\":\"https:\\\/\\\/www.pinnoitushelin.fi\\\/et\\\/#\\\/schema\\\/logo\\\/image\\\/\"}}]}<\/script>\n<!-- \/ Yoast SEO plugin. -->","yoast_head_json":{"title":"Vase pindamine - Pinnoitus Helin Oy","description":"Vase pindamine v\u00f5imaldab paljude erinevate metallpindade pinnat\u00f6\u00f6tlust. Lisaks sellele on vask m\u00f5nel juhul vajalik aluskatteks, et tagada n\u00f5uetekohane haardumine. Tr\u00fckkplaadit\u00f6\u00f6stuses kasutatakse vaskust m\u00e4rkimisv\u00e4\u00e4rses koguses.","robots":{"index":"index","follow":"follow","max-snippet":"max-snippet:-1","max-image-preview":"max-image-preview:large","max-video-preview":"max-video-preview:-1"},"canonical":"https:\/\/www.pinnoitushelin.fi\/et\/pindamismeetodid\/vase-pindamine\/","og_locale":"et_EE","og_type":"article","og_title":"Vase pindamine - Pinnoitus Helin Oy","og_description":"Vase pindamine v\u00f5imaldab paljude erinevate metallpindade pinnat\u00f6\u00f6tlust. Lisaks sellele on vask m\u00f5nel juhul vajalik aluskatteks, et tagada n\u00f5uetekohane haardumine. Tr\u00fckkplaadit\u00f6\u00f6stuses kasutatakse vaskust m\u00e4rkimisv\u00e4\u00e4rses koguses.","og_url":"https:\/\/www.pinnoitushelin.fi\/et\/pindamismeetodid\/vase-pindamine\/","og_site_name":"Pinnoitus Helin Oy","article_modified_time":"2024-07-30T19:39:17+00:00","twitter_card":"summary_large_image","twitter_misc":{"Est. reading time":"2 minutit"},"schema":{"@context":"https:\/\/schema.org","@graph":[{"@type":"WebPage","@id":"https:\/\/www.pinnoitushelin.fi\/et\/pindamismeetodid\/vase-pindamine\/","url":"https:\/\/www.pinnoitushelin.fi\/et\/pindamismeetodid\/vase-pindamine\/","name":"Vase pindamine - Pinnoitus Helin Oy","isPartOf":{"@id":"https:\/\/www.pinnoitushelin.fi\/et\/#website"},"datePublished":"2024-06-19T20:54:07+00:00","dateModified":"2024-07-30T19:39:17+00:00","description":"Vase pindamine v\u00f5imaldab paljude erinevate metallpindade pinnat\u00f6\u00f6tlust. Lisaks sellele on vask m\u00f5nel juhul vajalik aluskatteks, et tagada n\u00f5uetekohane haardumine. Tr\u00fckkplaadit\u00f6\u00f6stuses kasutatakse vaskust m\u00e4rkimisv\u00e4\u00e4rses koguses.","breadcrumb":{"@id":"https:\/\/www.pinnoitushelin.fi\/et\/pindamismeetodid\/vase-pindamine\/#breadcrumb"},"inLanguage":"et","potentialAction":[{"@type":"ReadAction","target":["https:\/\/www.pinnoitushelin.fi\/et\/pindamismeetodid\/vase-pindamine\/"]}]},{"@type":"BreadcrumbList","@id":"https:\/\/www.pinnoitushelin.fi\/et\/pindamismeetodid\/vase-pindamine\/#breadcrumb","itemListElement":[{"@type":"ListItem","position":1,"name":"Etusivu","item":"https:\/\/www.pinnoitushelin.fi\/et\/"},{"@type":"ListItem","position":2,"name":"Pindamismeetodid","item":"https:\/\/www.pinnoitushelin.fi\/et\/pindamismeetodid\/"},{"@type":"ListItem","position":3,"name":"Vase pindamine"}]},{"@type":"WebSite","@id":"https:\/\/www.pinnoitushelin.fi\/et\/#website","url":"https:\/\/www.pinnoitushelin.fi\/et\/","name":"Pinnoitus Helin Oy","description":"Teknist\u00e4 pintak\u00e4sittely\u00e4 monipuolisesti ja tasalaatuisesti.","publisher":{"@id":"https:\/\/www.pinnoitushelin.fi\/et\/#organization"},"potentialAction":[{"@type":"SearchAction","target":{"@type":"EntryPoint","urlTemplate":"https:\/\/www.pinnoitushelin.fi\/et\/?s={search_term_string}"},"query-input":{"@type":"PropertyValueSpecification","valueRequired":true,"valueName":"search_term_string"}}],"inLanguage":"et"},{"@type":"Organization","@id":"https:\/\/www.pinnoitushelin.fi\/et\/#organization","name":"Pinnoitus Helin Oy","url":"https:\/\/www.pinnoitushelin.fi\/et\/","logo":{"@type":"ImageObject","inLanguage":"et","@id":"https:\/\/www.pinnoitushelin.fi\/et\/#\/schema\/logo\/image\/","url":"https:\/\/www.pinnoitushelin.fi\/wp-content\/uploads\/2024\/05\/logoa.png","contentUrl":"https:\/\/www.pinnoitushelin.fi\/wp-content\/uploads\/2024\/05\/logoa.png","width":331,"height":105,"caption":"Pinnoitus Helin Oy"},"image":{"@id":"https:\/\/www.pinnoitushelin.fi\/et\/#\/schema\/logo\/image\/"}}]}},"_links":{"self":[{"href":"https:\/\/www.pinnoitushelin.fi\/et\/wp-json\/wp\/v2\/pages\/2882","targetHints":{"allow":["GET"]}}],"collection":[{"href":"https:\/\/www.pinnoitushelin.fi\/et\/wp-json\/wp\/v2\/pages"}],"about":[{"href":"https:\/\/www.pinnoitushelin.fi\/et\/wp-json\/wp\/v2\/types\/page"}],"author":[{"embeddable":true,"href":"https:\/\/www.pinnoitushelin.fi\/et\/wp-json\/wp\/v2\/users\/3"}],"replies":[{"embeddable":true,"href":"https:\/\/www.pinnoitushelin.fi\/et\/wp-json\/wp\/v2\/comments?post=2882"}],"version-history":[{"count":3,"href":"https:\/\/www.pinnoitushelin.fi\/et\/wp-json\/wp\/v2\/pages\/2882\/revisions"}],"predecessor-version":[{"id":3091,"href":"https:\/\/www.pinnoitushelin.fi\/et\/wp-json\/wp\/v2\/pages\/2882\/revisions\/3091"}],"up":[{"embeddable":true,"href":"https:\/\/www.pinnoitushelin.fi\/et\/wp-json\/wp\/v2\/pages\/2816"}],"wp:attachment":[{"href":"https:\/\/www.pinnoitushelin.fi\/et\/wp-json\/wp\/v2\/media?parent=2882"}],"curies":[{"name":"wp","href":"https:\/\/api.w.org\/{rel}","templated":true}]}}