{"id":2858,"date":"2024-06-19T22:21:20","date_gmt":"2024-06-19T20:21:20","guid":{"rendered":"https:\/\/www.pinnoitushelin.fi\/pinnoitustekniikat\/dehudratatsiooniga-loomutamine\/"},"modified":"2024-07-30T21:35:34","modified_gmt":"2024-07-30T19:35:34","slug":"dehudratatsiooniga-loomutamine","status":"publish","type":"page","link":"https:\/\/www.pinnoitushelin.fi\/et\/pindamismeetodid\/dehudratatsiooniga-loomutamine\/","title":{"rendered":"Deh\u00fcdratatsiooniga l\u00f5\u00f5mutamine"},"content":{"rendered":"<div class=\"wpb-content-wrapper\"><p>[vc_row equal_height=&#8221;yes&#8221; content_placement=&#8221;middle&#8221; css=&#8221;.vc_custom_1717628348671{margin-bottom: 40px !important;}&#8221;][vc_column width=&#8221;1\/2&#8243; css=&#8221;.vc_custom_1717628091127{padding-bottom: 20px !important;}&#8221;][vc_column_text css=&#8221;&#8221;]Deh\u00fcdrogeenimine on protsess, mille k\u00e4igus eemaldatakse pindamisprotsessi k\u00e4igus tekkinud vesinik, et v\u00e4ltida detailide rabeduse tekkimist.<br \/>\nPaljude teraseliikide puhul on probleemiks vesinik, mis imendub pinnat\u00f6\u00f6tluse k\u00e4igus alusmaterjali.<br \/>\nSee n\u00e4htus v\u00f5ib p\u00f5hjustada metalli struktuuri ettearvamatut haprust ja p\u00f5hjustada m\u00e4rkimisv\u00e4\u00e4rseid kahjustusi.<br \/>\nN\u00f5uetekohane kuumt\u00f6\u00f6tlemine v\u00f5imalikult kiiresti p\u00e4rast katmist v\u00f5ib v\u00e4hendada vesiniku hapnemise ohtu.[\/vc_column_text][\/vc_column][vc_column width=&#8221;1\/2&#8243;][vc_single_image image=&#8221;1961&#8243; img_size=&#8221;large&#8221; css=&#8221;&#8221;][\/vc_column][\/vc_row][vc_row equal_height=&#8221;yes&#8221; css=&#8221;.vc_custom_1718820603748{margin-bottom: 40px !important;}&#8221;][vc_column css=&#8221;.vc_custom_1717628059564{padding-bottom: 20px !important;}&#8221;][vc_column_text css=&#8221;&#8221;]<\/p>\n<h3>Kuumt\u00f6\u00f6tlus Pinnoitus Helin Oy<\/h3>\n<ul>\n<li>2 tk tsirkulatsiooni\u00f5hu ahju<\/li>\n<li>max.<br \/>\n250 C   <\/li>\n<li>1500x1000x800 mm<\/li>\n<\/ul>\n<h3>Standard:<\/h3>\n<ul>\n<li>Raua v\u00f5i terase pinnakattimisj\u00e4rgne t\u00f6\u00f6tlemine vesiniku hapnemise ohu v\u00e4hendamiseks.<br \/>\n(ISO 9588:2007)   <\/li>\n<\/ul>\n<p>Vastavalt standardile peaks kuumt\u00f6\u00f6tlemine algama hiljemalt 3 tundi p\u00e4rast katte valmimist.<br \/>\nSama standard m\u00e4\u00e4rab kindlaks ka kuumt\u00f6\u00f6tluse kestuse ja temperatuuri.<br \/>\nKinnitusdetailide, n\u00e4iteks kruvide ja poltide standardne deh\u00fcdrogeenimine on 3 tundi 220 kraadi juures.    <\/p>\n<p>Vesiniku haprutsemise oht pinnat\u00f6\u00f6tlemisel tekib iga keemilise protsessi puhul, kus detaili pinnal moodustub vesinik.<br \/>\nParimal juhul \u00fchinevad vesiniku aatomid ja vabanevad vesinikgaasina \u00f5hku.<br \/>\nOsa H+ ioonidest imendub aga esemesse ja m\u00f5jub konstruktsiooni n\u00f5rgendavalt.    <\/p>\n<p>Standardi kohaselt ei ole vaja kuumt\u00f6\u00f6delda t\u00fckke, mille t\u00f5mbetugevus on alla 1000 MPa, kuid paljudel juhtudel on see praktika.<br \/>\nPaksude tsingikihtide puhul kasutatakse sageli kaheastmelist protsessi, kusjuures esimene galvaniseerimine toimub umbes temperatuuril 0,5 \u00b0C.<br \/>\nSageli kasutatakse kaheastmelist protsessi, kus esimene etapp viiakse l\u00e4bi kuni 5 \u00b5m paksuseni, millele j\u00e4rgneb n\u00f5utav kuumt\u00f6\u00f6tlus ja l\u00f5puks katmine soovitud paksuseni.<br \/>\nSee p\u00f5hineb uuringutel, mis on n\u00e4idanud, et vesiniku eemaldamine on takistatud, kui tsingikihi paksus \u00fcletab 10 \u00b5m.     <\/p>\n<p>Vesiniku haprutsemise puhul tuleb m\u00e4rkida, et n\u00e4htus ei ole \u00fcheselt m\u00f5istetav.<br \/>\nEelk\u00f5ige nende komponentide puhul, mille kasutusotstarve on kriitiline kogu ohutuse ja funktsionaalsuse seisukohast, tuleb vesiniku haprutsemise probleemi uurida iga \u00fcksikjuhtumi puhul eraldi.[\/vc_column_text][\/vc_column][\/vc_row][vc_row css=&#8221;.vc_custom_1717628491247{margin-bottom: 40px !important;}&#8221;][vc_column css=&#8221;.vc_custom_1717628059564{padding-bottom: 20px !important;}&#8221;][vc_column_text css=&#8221;&#8221;]<\/p>\n<h4>V\u00f5tke meiega \u00fchendust, et k\u00fcsida proovi v\u00f5imalust.<\/h4>\n<h4>K\u00fcsige rohkem v\u00f5i esitage hinnapakkumise taotlus<\/h4>\n<p>[\/vc_column_text][vc_row_inner equal_height=&#8221;yes&#8221; gap=&#8221;10&#8243; css=&#8221;.vc_custom_1718821200073{margin-top: 25px !important;}&#8221;][vc_column_inner width=&#8221;1\/5&#8243;]<style type=\"text\/css\" data-type=\"the7_shortcodes-inline-css\">#default-btn-c9e6a893832d815f771616eb83804464.ico-right-side > i {\n  margin-right: 0px;\n  margin-left: 8px;\n}\n#default-btn-c9e6a893832d815f771616eb83804464 > i {\n  margin-right: 8px;\n}<\/style><a href=\"tel:+358106174100\" class=\"default-btn-shortcode dt-btn dt-btn-m link-hover-off ico-right-side btn-inline-left \" id=\"default-btn-c9e6a893832d815f771616eb83804464\" style=\"width:200px;\" title=\"Soita meille\"><span>Katte kuumaliin<\/span><i class=\"icomoon-the7-font-the7-phone-05\"><\/i><\/a>[\/vc_column_inner][vc_column_inner width=&#8221;1\/5&#8243;]<style type=\"text\/css\" data-type=\"the7_shortcodes-inline-css\">#default-btn-38402fa57a00de4d2199ce4834b5daf5.ico-right-side > i {\n  margin-right: 0px;\n  margin-left: 8px;\n}\n#default-btn-38402fa57a00de4d2199ce4834b5daf5 > i {\n  margin-right: 8px;\n}<\/style><a href=\"mailto:info@pinnoitushelin.fi?subject=Tarjouspyynt\u00f6\" class=\"default-btn-shortcode dt-btn dt-btn-m link-hover-off ico-right-side btn-inline-left \" id=\"default-btn-38402fa57a00de4d2199ce4834b5daf5\" style=\"width:200px;\" title=\"J\u00e4t\u00e4 tarjouspyynt\u00f6\"><span>Pakkumise soov<\/span><i class=\"icomoon-the7-font-the7-mail-01\"><\/i><\/a>[\/vc_column_inner][vc_column_inner width=&#8221;1\/5&#8243;]<style type=\"text\/css\" data-type=\"the7_shortcodes-inline-css\">#default-btn-7da1eff8502044f45f70ac935ddad799.ico-right-side > i {\n  margin-right: 0px;\n  margin-left: 8px;\n}\n#default-btn-7da1eff8502044f45f70ac935ddad799 > i {\n  margin-right: 8px;\n}<\/style><a href=\"\/yhteystiedot\/#yhteydenotto\" class=\"default-btn-shortcode dt-btn dt-btn-m link-hover-off ico-right-side btn-inline-left \" id=\"default-btn-7da1eff8502044f45f70ac935ddad799\" style=\"width:200px;\" title=\"J\u00e4t\u00e4 tarjouspyynt\u00f6\"><span>V\u00f5ta \u00fchendust<\/span><i class=\"dt-icon-the7-menu-012\"><\/i><\/a>[\/vc_column_inner][vc_column_inner width=&#8221;1\/5&#8243;][\/vc_column_inner][vc_column_inner width=&#8221;1\/5&#8243;][\/vc_column_inner][\/vc_row_inner][\/vc_column][\/vc_row][vc_row][vc_column offset=&#8221;vc_hidden-md vc_hidden-sm vc_hidden-xs&#8221;][vc_empty_space height=&#8221;120px&#8221;][\/vc_column][\/vc_row][vc_row bg_type=&#8221;bg_color&#8221; bg_override=&#8221;full&#8221; css=&#8221;.vc_custom_1719351634384{margin-bottom: -30px !important;}&#8221;][vc_column offset=&#8221;vc_hidden-md vc_hidden-sm vc_hidden-xs&#8221;][vc_single_image image=&#8221;2134&#8243; img_size=&#8221;full&#8221; alignment=&#8221;right&#8221; css=&#8221;.vc_custom_1722285100471{margin-bottom: -125px !important;}&#8221; image_hovers=&#8221;false&#8221;][\/vc_column][\/vc_row][vc_row bg_type=&#8221;bg_color&#8221; bg_override=&#8221;full&#8221; css=&#8221;.vc_custom_1719351634384{margin-bottom: -30px !important;}&#8221;][vc_column offset=&#8221;vc_hidden-lg&#8221;][vc_single_image image=&#8221;2134&#8243; img_size=&#8221;full&#8221; alignment=&#8221;right&#8221; css=&#8221;.vc_custom_1722280218413{margin-bottom: -85px !important;}&#8221; image_hovers=&#8221;false&#8221;][\/vc_column][\/vc_row]<\/p>\n<\/div>","protected":false},"excerpt":{"rendered":"<p>[vc_row equal_height=&#8221;yes&#8221; content_placement=&#8221;middle&#8221; css=&#8221;.vc_custom_1717628348671{margin-bottom: 40px !important;}&#8221;][vc_column width=&#8221;1\/2&#8243; css=&#8221;.vc_custom_1717628091127{padding-bottom: 20px !important;}&#8221;][vc_column_text css=&#8221;&#8221;]Deh\u00fcdrogeenimine on protsess, mille k\u00e4igus eemaldatakse pindamisprotsessi k\u00e4igus tekkinud vesinik, et v\u00e4ltida detailide rabeduse tekkimist. Paljude teraseliikide puhul on probleemiks vesinik, mis imendub pinnat\u00f6\u00f6tluse k\u00e4igus alusmaterjali. See n\u00e4htus v\u00f5ib p\u00f5hjustada metalli struktuuri ettearvamatut haprust ja p\u00f5hjustada m\u00e4rkimisv\u00e4\u00e4rseid kahjustusi. N\u00f5uetekohane kuumt\u00f6\u00f6tlemine v\u00f5imalikult kiiresti p\u00e4rast katmist v\u00f5ib&hellip;<\/p>\n","protected":false},"author":3,"featured_media":0,"parent":2816,"menu_order":25,"comment_status":"closed","ping_status":"closed","template":"","meta":{"footnotes":""},"class_list":["post-2858","page","type-page","status-publish","hentry","description-off"],"yoast_head":"<!-- This site is optimized with the Yoast SEO plugin v27.4 - https:\/\/yoast.com\/product\/yoast-seo-wordpress\/ -->\n<title>Deh\u00fcdratatsiooniga l\u00f5\u00f5mutamine - Pinnoitus Helin Oy<\/title>\n<meta name=\"description\" content=\"Deh\u00fcdrogeenimine on protsess, mille k\u00e4igus eemaldatakse pindamisprotsessi k\u00e4igus tekkinud vesinik, et v\u00e4ltida detailide rabeduse tekkimist. Paljude teraseliikide puhul on probleemiks vesinik, mis imendub pinnat\u00f6\u00f6tluse k\u00e4igus alusmaterjali.\" \/>\n<meta name=\"robots\" content=\"index, follow, max-snippet:-1, max-image-preview:large, max-video-preview:-1\" \/>\n<link rel=\"canonical\" href=\"https:\/\/www.pinnoitushelin.fi\/et\/pindamismeetodid\/dehudratatsiooniga-loomutamine\/\" \/>\n<meta property=\"og:locale\" content=\"et_EE\" \/>\n<meta property=\"og:type\" content=\"article\" \/>\n<meta property=\"og:title\" content=\"Deh\u00fcdratatsiooniga l\u00f5\u00f5mutamine - Pinnoitus Helin Oy\" \/>\n<meta property=\"og:description\" content=\"Deh\u00fcdrogeenimine on protsess, mille k\u00e4igus eemaldatakse pindamisprotsessi k\u00e4igus tekkinud vesinik, et v\u00e4ltida detailide rabeduse tekkimist. Paljude teraseliikide puhul on probleemiks vesinik, mis imendub pinnat\u00f6\u00f6tluse k\u00e4igus alusmaterjali.\" \/>\n<meta property=\"og:url\" content=\"https:\/\/www.pinnoitushelin.fi\/et\/pindamismeetodid\/dehudratatsiooniga-loomutamine\/\" \/>\n<meta property=\"og:site_name\" content=\"Pinnoitus Helin Oy\" \/>\n<meta property=\"article:modified_time\" content=\"2024-07-30T19:35:34+00:00\" \/>\n<meta name=\"twitter:card\" content=\"summary_large_image\" \/>\n<meta name=\"twitter:label1\" content=\"Est. reading time\" \/>\n\t<meta name=\"twitter:data1\" content=\"3 minutit\" \/>\n<script type=\"application\/ld+json\" class=\"yoast-schema-graph\">{\"@context\":\"https:\\\/\\\/schema.org\",\"@graph\":[{\"@type\":\"WebPage\",\"@id\":\"https:\\\/\\\/www.pinnoitushelin.fi\\\/et\\\/pindamismeetodid\\\/dehudratatsiooniga-loomutamine\\\/\",\"url\":\"https:\\\/\\\/www.pinnoitushelin.fi\\\/et\\\/pindamismeetodid\\\/dehudratatsiooniga-loomutamine\\\/\",\"name\":\"Deh\u00fcdratatsiooniga l\u00f5\u00f5mutamine - Pinnoitus Helin Oy\",\"isPartOf\":{\"@id\":\"https:\\\/\\\/www.pinnoitushelin.fi\\\/et\\\/#website\"},\"datePublished\":\"2024-06-19T20:21:20+00:00\",\"dateModified\":\"2024-07-30T19:35:34+00:00\",\"description\":\"Deh\u00fcdrogeenimine on protsess, mille k\u00e4igus eemaldatakse pindamisprotsessi k\u00e4igus tekkinud vesinik, et v\u00e4ltida detailide rabeduse tekkimist. Paljude teraseliikide puhul on probleemiks vesinik, mis imendub pinnat\u00f6\u00f6tluse k\u00e4igus alusmaterjali.\",\"breadcrumb\":{\"@id\":\"https:\\\/\\\/www.pinnoitushelin.fi\\\/et\\\/pindamismeetodid\\\/dehudratatsiooniga-loomutamine\\\/#breadcrumb\"},\"inLanguage\":\"et\",\"potentialAction\":[{\"@type\":\"ReadAction\",\"target\":[\"https:\\\/\\\/www.pinnoitushelin.fi\\\/et\\\/pindamismeetodid\\\/dehudratatsiooniga-loomutamine\\\/\"]}]},{\"@type\":\"BreadcrumbList\",\"@id\":\"https:\\\/\\\/www.pinnoitushelin.fi\\\/et\\\/pindamismeetodid\\\/dehudratatsiooniga-loomutamine\\\/#breadcrumb\",\"itemListElement\":[{\"@type\":\"ListItem\",\"position\":1,\"name\":\"Etusivu\",\"item\":\"https:\\\/\\\/www.pinnoitushelin.fi\\\/et\\\/\"},{\"@type\":\"ListItem\",\"position\":2,\"name\":\"Pindamismeetodid\",\"item\":\"https:\\\/\\\/www.pinnoitushelin.fi\\\/et\\\/pindamismeetodid\\\/\"},{\"@type\":\"ListItem\",\"position\":3,\"name\":\"Deh\u00fcdratatsiooniga l\u00f5\u00f5mutamine\"}]},{\"@type\":\"WebSite\",\"@id\":\"https:\\\/\\\/www.pinnoitushelin.fi\\\/et\\\/#website\",\"url\":\"https:\\\/\\\/www.pinnoitushelin.fi\\\/et\\\/\",\"name\":\"Pinnoitus Helin Oy\",\"description\":\"Teknist\u00e4 pintak\u00e4sittely\u00e4 monipuolisesti ja tasalaatuisesti.\",\"publisher\":{\"@id\":\"https:\\\/\\\/www.pinnoitushelin.fi\\\/et\\\/#organization\"},\"potentialAction\":[{\"@type\":\"SearchAction\",\"target\":{\"@type\":\"EntryPoint\",\"urlTemplate\":\"https:\\\/\\\/www.pinnoitushelin.fi\\\/et\\\/?s={search_term_string}\"},\"query-input\":{\"@type\":\"PropertyValueSpecification\",\"valueRequired\":true,\"valueName\":\"search_term_string\"}}],\"inLanguage\":\"et\"},{\"@type\":\"Organization\",\"@id\":\"https:\\\/\\\/www.pinnoitushelin.fi\\\/et\\\/#organization\",\"name\":\"Pinnoitus Helin Oy\",\"url\":\"https:\\\/\\\/www.pinnoitushelin.fi\\\/et\\\/\",\"logo\":{\"@type\":\"ImageObject\",\"inLanguage\":\"et\",\"@id\":\"https:\\\/\\\/www.pinnoitushelin.fi\\\/et\\\/#\\\/schema\\\/logo\\\/image\\\/\",\"url\":\"https:\\\/\\\/www.pinnoitushelin.fi\\\/wp-content\\\/uploads\\\/2024\\\/05\\\/logoa.png\",\"contentUrl\":\"https:\\\/\\\/www.pinnoitushelin.fi\\\/wp-content\\\/uploads\\\/2024\\\/05\\\/logoa.png\",\"width\":331,\"height\":105,\"caption\":\"Pinnoitus Helin Oy\"},\"image\":{\"@id\":\"https:\\\/\\\/www.pinnoitushelin.fi\\\/et\\\/#\\\/schema\\\/logo\\\/image\\\/\"}}]}<\/script>\n<!-- \/ Yoast SEO plugin. -->","yoast_head_json":{"title":"Deh\u00fcdratatsiooniga l\u00f5\u00f5mutamine - Pinnoitus Helin Oy","description":"Deh\u00fcdrogeenimine on protsess, mille k\u00e4igus eemaldatakse pindamisprotsessi k\u00e4igus tekkinud vesinik, et v\u00e4ltida detailide rabeduse tekkimist. Paljude teraseliikide puhul on probleemiks vesinik, mis imendub pinnat\u00f6\u00f6tluse k\u00e4igus alusmaterjali.","robots":{"index":"index","follow":"follow","max-snippet":"max-snippet:-1","max-image-preview":"max-image-preview:large","max-video-preview":"max-video-preview:-1"},"canonical":"https:\/\/www.pinnoitushelin.fi\/et\/pindamismeetodid\/dehudratatsiooniga-loomutamine\/","og_locale":"et_EE","og_type":"article","og_title":"Deh\u00fcdratatsiooniga l\u00f5\u00f5mutamine - Pinnoitus Helin Oy","og_description":"Deh\u00fcdrogeenimine on protsess, mille k\u00e4igus eemaldatakse pindamisprotsessi k\u00e4igus tekkinud vesinik, et v\u00e4ltida detailide rabeduse tekkimist. Paljude teraseliikide puhul on probleemiks vesinik, mis imendub pinnat\u00f6\u00f6tluse k\u00e4igus alusmaterjali.","og_url":"https:\/\/www.pinnoitushelin.fi\/et\/pindamismeetodid\/dehudratatsiooniga-loomutamine\/","og_site_name":"Pinnoitus Helin Oy","article_modified_time":"2024-07-30T19:35:34+00:00","twitter_card":"summary_large_image","twitter_misc":{"Est. reading time":"3 minutit"},"schema":{"@context":"https:\/\/schema.org","@graph":[{"@type":"WebPage","@id":"https:\/\/www.pinnoitushelin.fi\/et\/pindamismeetodid\/dehudratatsiooniga-loomutamine\/","url":"https:\/\/www.pinnoitushelin.fi\/et\/pindamismeetodid\/dehudratatsiooniga-loomutamine\/","name":"Deh\u00fcdratatsiooniga l\u00f5\u00f5mutamine - Pinnoitus Helin Oy","isPartOf":{"@id":"https:\/\/www.pinnoitushelin.fi\/et\/#website"},"datePublished":"2024-06-19T20:21:20+00:00","dateModified":"2024-07-30T19:35:34+00:00","description":"Deh\u00fcdrogeenimine on protsess, mille k\u00e4igus eemaldatakse pindamisprotsessi k\u00e4igus tekkinud vesinik, et v\u00e4ltida detailide rabeduse tekkimist. Paljude teraseliikide puhul on probleemiks vesinik, mis imendub pinnat\u00f6\u00f6tluse k\u00e4igus alusmaterjali.","breadcrumb":{"@id":"https:\/\/www.pinnoitushelin.fi\/et\/pindamismeetodid\/dehudratatsiooniga-loomutamine\/#breadcrumb"},"inLanguage":"et","potentialAction":[{"@type":"ReadAction","target":["https:\/\/www.pinnoitushelin.fi\/et\/pindamismeetodid\/dehudratatsiooniga-loomutamine\/"]}]},{"@type":"BreadcrumbList","@id":"https:\/\/www.pinnoitushelin.fi\/et\/pindamismeetodid\/dehudratatsiooniga-loomutamine\/#breadcrumb","itemListElement":[{"@type":"ListItem","position":1,"name":"Etusivu","item":"https:\/\/www.pinnoitushelin.fi\/et\/"},{"@type":"ListItem","position":2,"name":"Pindamismeetodid","item":"https:\/\/www.pinnoitushelin.fi\/et\/pindamismeetodid\/"},{"@type":"ListItem","position":3,"name":"Deh\u00fcdratatsiooniga l\u00f5\u00f5mutamine"}]},{"@type":"WebSite","@id":"https:\/\/www.pinnoitushelin.fi\/et\/#website","url":"https:\/\/www.pinnoitushelin.fi\/et\/","name":"Pinnoitus Helin Oy","description":"Teknist\u00e4 pintak\u00e4sittely\u00e4 monipuolisesti ja tasalaatuisesti.","publisher":{"@id":"https:\/\/www.pinnoitushelin.fi\/et\/#organization"},"potentialAction":[{"@type":"SearchAction","target":{"@type":"EntryPoint","urlTemplate":"https:\/\/www.pinnoitushelin.fi\/et\/?s={search_term_string}"},"query-input":{"@type":"PropertyValueSpecification","valueRequired":true,"valueName":"search_term_string"}}],"inLanguage":"et"},{"@type":"Organization","@id":"https:\/\/www.pinnoitushelin.fi\/et\/#organization","name":"Pinnoitus Helin Oy","url":"https:\/\/www.pinnoitushelin.fi\/et\/","logo":{"@type":"ImageObject","inLanguage":"et","@id":"https:\/\/www.pinnoitushelin.fi\/et\/#\/schema\/logo\/image\/","url":"https:\/\/www.pinnoitushelin.fi\/wp-content\/uploads\/2024\/05\/logoa.png","contentUrl":"https:\/\/www.pinnoitushelin.fi\/wp-content\/uploads\/2024\/05\/logoa.png","width":331,"height":105,"caption":"Pinnoitus Helin Oy"},"image":{"@id":"https:\/\/www.pinnoitushelin.fi\/et\/#\/schema\/logo\/image\/"}}]}},"_links":{"self":[{"href":"https:\/\/www.pinnoitushelin.fi\/et\/wp-json\/wp\/v2\/pages\/2858","targetHints":{"allow":["GET"]}}],"collection":[{"href":"https:\/\/www.pinnoitushelin.fi\/et\/wp-json\/wp\/v2\/pages"}],"about":[{"href":"https:\/\/www.pinnoitushelin.fi\/et\/wp-json\/wp\/v2\/types\/page"}],"author":[{"embeddable":true,"href":"https:\/\/www.pinnoitushelin.fi\/et\/wp-json\/wp\/v2\/users\/3"}],"replies":[{"embeddable":true,"href":"https:\/\/www.pinnoitushelin.fi\/et\/wp-json\/wp\/v2\/comments?post=2858"}],"version-history":[{"count":5,"href":"https:\/\/www.pinnoitushelin.fi\/et\/wp-json\/wp\/v2\/pages\/2858\/revisions"}],"predecessor-version":[{"id":3087,"href":"https:\/\/www.pinnoitushelin.fi\/et\/wp-json\/wp\/v2\/pages\/2858\/revisions\/3087"}],"up":[{"embeddable":true,"href":"https:\/\/www.pinnoitushelin.fi\/et\/wp-json\/wp\/v2\/pages\/2816"}],"wp:attachment":[{"href":"https:\/\/www.pinnoitushelin.fi\/et\/wp-json\/wp\/v2\/media?parent=2858"}],"curies":[{"name":"wp","href":"https:\/\/api.w.org\/{rel}","templated":true}]}}