{"id":2853,"date":"2024-06-19T22:17:08","date_gmt":"2024-06-19T20:17:08","guid":{"rendered":"https:\/\/www.pinnoitushelin.fi\/pinnoitustekniikat\/tsingi-passiveerimine\/"},"modified":"2024-07-30T21:30:39","modified_gmt":"2024-07-30T19:30:39","slug":"tsingi-passiveerimine","status":"publish","type":"page","link":"https:\/\/www.pinnoitushelin.fi\/et\/pindamismeetodid\/tsingi-passiveerimine\/","title":{"rendered":"Tsingi passiveerimine"},"content":{"rendered":"<div class=\"wpb-content-wrapper\"><p>[vc_row equal_height=&#8221;yes&#8221; content_placement=&#8221;middle&#8221; css=&#8221;.vc_custom_1717628348671{margin-bottom: 40px !important;}&#8221;][vc_column width=&#8221;1\/2&#8243; css=&#8221;.vc_custom_1717628091127{padding-bottom: 20px !important;}&#8221;][vc_column_text css=&#8221;&#8221;]Elektriliselt tsingitud pinnad passiveeritakse tavaliselt p\u00e4rast tsinkimist, et v\u00e4hendada tsingi oks\u00fcdeerumist.<br \/>\nPassiveerimine parandab oluliselt nii korrosioonikindlust kui ka v\u00e4limust p\u00e4rast galvaniseerimist.<br \/>\nMeil on olemas kaasaegsed tsingipassiveerimisprotsessid, mis vastavad j\u00e4rgmistele n\u00f5uetele ja direktiividele:[\/vc_column_text][\/vc_column][vc_column width=&#8221;1\/2&#8243;][vc_single_image image=&#8221;1957&#8243; img_size=&#8221;large&#8221; css=&#8221;&#8221;][\/vc_column][\/vc_row][vc_row equal_height=&#8221;yes&#8221; css=&#8221;.vc_custom_1718820603748{margin-bottom: 40px !important;}&#8221;][vc_column css=&#8221;.vc_custom_1717628059564{padding-bottom: 20px !important;}&#8221;][vc_column_text css=&#8221;&#8221;]<\/p>\n<h3>Sinine passiveerimine<\/h3>\n<p>Sinine passiveerimine ehk sinine kroomimine tekitab elektrisalvitud detailile l\u00e4ikiva, kergelt sinise, peaaegu kroomi v\u00e4rvi pinna.<br \/>\nT\u00e4nu madalale maksumusele saab sinist passiveerimist kasutada ka hea haarduvusega v\u00e4rvikihina, mis parandab samuti korrosioonikindlust.<br \/>\nSinine passiveeritud pind on v\u00e4ga viimistletud v\u00e4limusega ja sobib ideaalselt sisekonstruktsioonide ja n\u00e4htavate osade jaoks.<br \/>\nMeie kasutatav sinise passiveerimise meetod on ka RoHSi n\u00f5uetele vastav.<\/p>\n<h3>Must passiveerimine<\/h3>\n<p>Must passiveerimine ehk must kroomimine annab tsingiga kaetud detailile puhta, l\u00e4ikiva musta v\u00e4limuse.<br \/>\nMusta passiveerimist soovitatakse eelk\u00f5ige selliste rakenduste puhul, kus on vaja v\u00e4ga head korrosioonikaitset.<br \/>\nMustalt passiveeritud tooted on n\u00fc\u00fcd ka RoHS-konformsed.<br \/>\nMustalt passiveeritud pind on v\u00e4ga viimistletud v\u00e4limusega ja sobib paljudel juhtudel v\u00e4rvitud detaili asenduseks.<br \/>\nMust passiveerimine tehakse tsink-raudkattele, mis annab v\u00e4ga hea korrosioonikindluse.[\/vc_column_text][\/vc_column][\/vc_row][vc_row equal_height=&#8221;yes&#8221; content_placement=&#8221;middle&#8221; css=&#8221;.vc_custom_1717628348671{margin-bottom: 40px !important;}&#8221;][vc_column width=&#8221;1\/2&#8243; css=&#8221;.vc_custom_1717628091127{padding-bottom: 20px !important;}&#8221;][vc_column_text css=&#8221;&#8221;]<\/p>\n<h3>Paksu kilega passiveerimine v\u00f5i kollane passiveerimine<\/h3>\n<p>Kollane passiveerimine ehk kollane kroomimine tekitab galvaniseeritud detaili pinnale kuldkollase korrosioonikindla kihi.<br \/>\nTraditsiooniline kollane passiveerimine on asendatud keskkonnas\u00f5bralike meetoditega, mis vastavad RoHS-direktiivile.<br \/>\nPaksu kilega passiveerimine tekitab kollase tooniga mitte-irisendava pinna, erinevalt traditsioonilisest 6-karaadilisest kroomipassiveerimisest, mis peegeldab vikerkaarev\u00e4rvi tooni.<br \/>\nKuid isegi uut t\u00fc\u00fcpi paksukilepassiveerimise puhul on korrosioonikindlus suurep\u00e4rane.<\/p>\n<p>T\u00e4nu meie kogemustele ja kaasaegsetele masinatele saab passiveerimist teostada kuluefektiivselt, olenemata partii suurusest.<br \/>\nV\u00f5tke meiega \u00fchendust ja me selgitame koos v\u00e4lja, milline meetod sobib teie t\u00fckkidele k\u00f5ige paremini.[\/vc_column_text][\/vc_column][vc_column width=&#8221;1\/2&#8243;][vc_single_image image=&#8221;1958&#8243; img_size=&#8221;large&#8221; css=&#8221;&#8221;][\/vc_column][\/vc_row][vc_row css=&#8221;.vc_custom_1717628491247{margin-bottom: 40px !important;}&#8221;][vc_column css=&#8221;.vc_custom_1717628059564{padding-bottom: 20px !important;}&#8221;][vc_column_text css=&#8221;&#8221;]<\/p>\n<h4>V\u00f5tke meiega \u00fchendust, et k\u00fcsida proovi v\u00f5imalust.<\/h4>\n<h4>K\u00fcsige rohkem v\u00f5i esitage hinnapakkumise taotlus<\/h4>\n<p>[\/vc_column_text][vc_row_inner equal_height=&#8221;yes&#8221; gap=&#8221;10&#8243; css=&#8221;.vc_custom_1718821200073{margin-top: 25px !important;}&#8221;][vc_column_inner width=&#8221;1\/5&#8243;]<style type=\"text\/css\" data-type=\"the7_shortcodes-inline-css\">#default-btn-c9e6a893832d815f771616eb83804464.ico-right-side > i {\n  margin-right: 0px;\n  margin-left: 8px;\n}\n#default-btn-c9e6a893832d815f771616eb83804464 > i {\n  margin-right: 8px;\n}<\/style><a href=\"tel:+358106174100\" class=\"default-btn-shortcode dt-btn dt-btn-m link-hover-off ico-right-side btn-inline-left \" id=\"default-btn-c9e6a893832d815f771616eb83804464\" style=\"width:200px;\" title=\"Soita meille\"><span>Katte kuumaliin<\/span><i class=\"icomoon-the7-font-the7-phone-05\"><\/i><\/a>[\/vc_column_inner][vc_column_inner width=&#8221;1\/5&#8243;]<style type=\"text\/css\" data-type=\"the7_shortcodes-inline-css\">#default-btn-38402fa57a00de4d2199ce4834b5daf5.ico-right-side > i {\n  margin-right: 0px;\n  margin-left: 8px;\n}\n#default-btn-38402fa57a00de4d2199ce4834b5daf5 > i {\n  margin-right: 8px;\n}<\/style><a href=\"mailto:info@pinnoitushelin.fi?subject=Tarjouspyynt\u00f6\" class=\"default-btn-shortcode dt-btn dt-btn-m link-hover-off ico-right-side btn-inline-left \" id=\"default-btn-38402fa57a00de4d2199ce4834b5daf5\" style=\"width:200px;\" title=\"J\u00e4t\u00e4 tarjouspyynt\u00f6\"><span>Pakkumise soov<\/span><i class=\"icomoon-the7-font-the7-mail-01\"><\/i><\/a>[\/vc_column_inner][vc_column_inner width=&#8221;1\/5&#8243;]<style type=\"text\/css\" data-type=\"the7_shortcodes-inline-css\">#default-btn-7da1eff8502044f45f70ac935ddad799.ico-right-side > i {\n  margin-right: 0px;\n  margin-left: 8px;\n}\n#default-btn-7da1eff8502044f45f70ac935ddad799 > i {\n  margin-right: 8px;\n}<\/style><a href=\"\/yhteystiedot\/#yhteydenotto\" class=\"default-btn-shortcode dt-btn dt-btn-m link-hover-off ico-right-side btn-inline-left \" id=\"default-btn-7da1eff8502044f45f70ac935ddad799\" style=\"width:200px;\" title=\"J\u00e4t\u00e4 tarjouspyynt\u00f6\"><span>V\u00f5ta \u00fchendust<\/span><i class=\"dt-icon-the7-menu-012\"><\/i><\/a>[\/vc_column_inner][vc_column_inner width=&#8221;1\/5&#8243;][\/vc_column_inner][vc_column_inner width=&#8221;1\/5&#8243;][\/vc_column_inner][\/vc_row_inner][\/vc_column][\/vc_row][vc_row bg_type=&#8221;bg_color&#8221; bg_override=&#8221;full&#8221; css=&#8221;.vc_custom_1719351634384{margin-bottom: -30px !important;}&#8221;][vc_column offset=&#8221;vc_hidden-md vc_hidden-sm vc_hidden-xs&#8221;][vc_single_image image=&#8221;2134&#8243; img_size=&#8221;full&#8221; alignment=&#8221;right&#8221; css=&#8221;.vc_custom_1722244499456{margin-bottom: -125px !important;}&#8221; image_hovers=&#8221;false&#8221;][\/vc_column][\/vc_row][vc_row bg_type=&#8221;bg_color&#8221; bg_override=&#8221;full&#8221; css=&#8221;.vc_custom_1719351634384{margin-bottom: -30px !important;}&#8221;][vc_column offset=&#8221;vc_hidden-lg&#8221;][vc_single_image image=&#8221;2134&#8243; img_size=&#8221;full&#8221; alignment=&#8221;right&#8221; css=&#8221;.vc_custom_1722280218413{margin-bottom: -85px !important;}&#8221; image_hovers=&#8221;false&#8221;][\/vc_column][\/vc_row]<\/p>\n<\/div>","protected":false},"excerpt":{"rendered":"<p>[vc_row equal_height=&#8221;yes&#8221; content_placement=&#8221;middle&#8221; css=&#8221;.vc_custom_1717628348671{margin-bottom: 40px !important;}&#8221;][vc_column width=&#8221;1\/2&#8243; css=&#8221;.vc_custom_1717628091127{padding-bottom: 20px !important;}&#8221;][vc_column_text css=&#8221;&#8221;]Elektriliselt tsingitud pinnad passiveeritakse tavaliselt p\u00e4rast tsinkimist, et v\u00e4hendada tsingi oks\u00fcdeerumist. Passiveerimine parandab oluliselt nii korrosioonikindlust kui ka v\u00e4limust p\u00e4rast galvaniseerimist. Meil on olemas kaasaegsed tsingipassiveerimisprotsessid, mis vastavad j\u00e4rgmistele n\u00f5uetele ja direktiividele:[\/vc_column_text][\/vc_column][vc_column width=&#8221;1\/2&#8243;][vc_single_image image=&#8221;1957&#8243; img_size=&#8221;large&#8221; css=&#8221;&#8221;][\/vc_column][\/vc_row][vc_row equal_height=&#8221;yes&#8221; css=&#8221;.vc_custom_1718820603748{margin-bottom: 40px !important;}&#8221;][vc_column css=&#8221;.vc_custom_1717628059564{padding-bottom: 20px !important;}&#8221;][vc_column_text css=&#8221;&#8221;] Sinine&hellip;<\/p>\n","protected":false},"author":3,"featured_media":0,"parent":2816,"menu_order":24,"comment_status":"closed","ping_status":"closed","template":"","meta":{"footnotes":""},"class_list":["post-2853","page","type-page","status-publish","hentry","description-off"],"yoast_head":"<!-- This site is optimized with the Yoast SEO plugin v27.4 - https:\/\/yoast.com\/product\/yoast-seo-wordpress\/ -->\n<title>Tsingi passiveerimine - Pinnoitus Helin Oy<\/title>\n<meta name=\"description\" content=\"Elektriliselt tsingitud pinnad passiveeritakse tavaliselt p\u00e4rast tsinkimist, et v\u00e4hendada tsingi oks\u00fcdeerumist. Passiveerimine parandab oluliselt nii korrosioonikindlust kui ka v\u00e4limust p\u00e4rast galvaniseerimist.\" \/>\n<meta name=\"robots\" content=\"index, follow, max-snippet:-1, max-image-preview:large, max-video-preview:-1\" \/>\n<link rel=\"canonical\" href=\"https:\/\/www.pinnoitushelin.fi\/et\/pindamismeetodid\/tsingi-passiveerimine\/\" \/>\n<meta property=\"og:locale\" content=\"et_EE\" \/>\n<meta property=\"og:type\" content=\"article\" \/>\n<meta property=\"og:title\" content=\"Tsingi passiveerimine - Pinnoitus Helin Oy\" \/>\n<meta property=\"og:description\" content=\"Elektriliselt tsingitud pinnad passiveeritakse tavaliselt p\u00e4rast tsinkimist, et v\u00e4hendada tsingi oks\u00fcdeerumist. Passiveerimine parandab oluliselt nii korrosioonikindlust kui ka v\u00e4limust p\u00e4rast galvaniseerimist.\" \/>\n<meta property=\"og:url\" content=\"https:\/\/www.pinnoitushelin.fi\/et\/pindamismeetodid\/tsingi-passiveerimine\/\" \/>\n<meta property=\"og:site_name\" content=\"Pinnoitus Helin Oy\" \/>\n<meta property=\"article:modified_time\" content=\"2024-07-30T19:30:39+00:00\" \/>\n<meta name=\"twitter:card\" content=\"summary_large_image\" \/>\n<meta name=\"twitter:label1\" content=\"Est. reading time\" \/>\n\t<meta name=\"twitter:data1\" content=\"3 minutit\" \/>\n<script type=\"application\/ld+json\" class=\"yoast-schema-graph\">{\"@context\":\"https:\\\/\\\/schema.org\",\"@graph\":[{\"@type\":\"WebPage\",\"@id\":\"https:\\\/\\\/www.pinnoitushelin.fi\\\/et\\\/pindamismeetodid\\\/tsingi-passiveerimine\\\/\",\"url\":\"https:\\\/\\\/www.pinnoitushelin.fi\\\/et\\\/pindamismeetodid\\\/tsingi-passiveerimine\\\/\",\"name\":\"Tsingi passiveerimine - Pinnoitus Helin Oy\",\"isPartOf\":{\"@id\":\"https:\\\/\\\/www.pinnoitushelin.fi\\\/et\\\/#website\"},\"datePublished\":\"2024-06-19T20:17:08+00:00\",\"dateModified\":\"2024-07-30T19:30:39+00:00\",\"description\":\"Elektriliselt tsingitud pinnad passiveeritakse tavaliselt p\u00e4rast tsinkimist, et v\u00e4hendada tsingi oks\u00fcdeerumist. Passiveerimine parandab oluliselt nii korrosioonikindlust kui ka v\u00e4limust p\u00e4rast galvaniseerimist.\",\"breadcrumb\":{\"@id\":\"https:\\\/\\\/www.pinnoitushelin.fi\\\/et\\\/pindamismeetodid\\\/tsingi-passiveerimine\\\/#breadcrumb\"},\"inLanguage\":\"et\",\"potentialAction\":[{\"@type\":\"ReadAction\",\"target\":[\"https:\\\/\\\/www.pinnoitushelin.fi\\\/et\\\/pindamismeetodid\\\/tsingi-passiveerimine\\\/\"]}]},{\"@type\":\"BreadcrumbList\",\"@id\":\"https:\\\/\\\/www.pinnoitushelin.fi\\\/et\\\/pindamismeetodid\\\/tsingi-passiveerimine\\\/#breadcrumb\",\"itemListElement\":[{\"@type\":\"ListItem\",\"position\":1,\"name\":\"Etusivu\",\"item\":\"https:\\\/\\\/www.pinnoitushelin.fi\\\/et\\\/\"},{\"@type\":\"ListItem\",\"position\":2,\"name\":\"Pindamismeetodid\",\"item\":\"https:\\\/\\\/www.pinnoitushelin.fi\\\/et\\\/pindamismeetodid\\\/\"},{\"@type\":\"ListItem\",\"position\":3,\"name\":\"Tsingi passiveerimine\"}]},{\"@type\":\"WebSite\",\"@id\":\"https:\\\/\\\/www.pinnoitushelin.fi\\\/et\\\/#website\",\"url\":\"https:\\\/\\\/www.pinnoitushelin.fi\\\/et\\\/\",\"name\":\"Pinnoitus Helin Oy\",\"description\":\"Teknist\u00e4 pintak\u00e4sittely\u00e4 monipuolisesti ja tasalaatuisesti.\",\"publisher\":{\"@id\":\"https:\\\/\\\/www.pinnoitushelin.fi\\\/et\\\/#organization\"},\"potentialAction\":[{\"@type\":\"SearchAction\",\"target\":{\"@type\":\"EntryPoint\",\"urlTemplate\":\"https:\\\/\\\/www.pinnoitushelin.fi\\\/et\\\/?s={search_term_string}\"},\"query-input\":{\"@type\":\"PropertyValueSpecification\",\"valueRequired\":true,\"valueName\":\"search_term_string\"}}],\"inLanguage\":\"et\"},{\"@type\":\"Organization\",\"@id\":\"https:\\\/\\\/www.pinnoitushelin.fi\\\/et\\\/#organization\",\"name\":\"Pinnoitus Helin Oy\",\"url\":\"https:\\\/\\\/www.pinnoitushelin.fi\\\/et\\\/\",\"logo\":{\"@type\":\"ImageObject\",\"inLanguage\":\"et\",\"@id\":\"https:\\\/\\\/www.pinnoitushelin.fi\\\/et\\\/#\\\/schema\\\/logo\\\/image\\\/\",\"url\":\"https:\\\/\\\/www.pinnoitushelin.fi\\\/wp-content\\\/uploads\\\/2024\\\/05\\\/logoa.png\",\"contentUrl\":\"https:\\\/\\\/www.pinnoitushelin.fi\\\/wp-content\\\/uploads\\\/2024\\\/05\\\/logoa.png\",\"width\":331,\"height\":105,\"caption\":\"Pinnoitus Helin Oy\"},\"image\":{\"@id\":\"https:\\\/\\\/www.pinnoitushelin.fi\\\/et\\\/#\\\/schema\\\/logo\\\/image\\\/\"}}]}<\/script>\n<!-- \/ Yoast SEO plugin. -->","yoast_head_json":{"title":"Tsingi passiveerimine - Pinnoitus Helin Oy","description":"Elektriliselt tsingitud pinnad passiveeritakse tavaliselt p\u00e4rast tsinkimist, et v\u00e4hendada tsingi oks\u00fcdeerumist. Passiveerimine parandab oluliselt nii korrosioonikindlust kui ka v\u00e4limust p\u00e4rast galvaniseerimist.","robots":{"index":"index","follow":"follow","max-snippet":"max-snippet:-1","max-image-preview":"max-image-preview:large","max-video-preview":"max-video-preview:-1"},"canonical":"https:\/\/www.pinnoitushelin.fi\/et\/pindamismeetodid\/tsingi-passiveerimine\/","og_locale":"et_EE","og_type":"article","og_title":"Tsingi passiveerimine - Pinnoitus Helin Oy","og_description":"Elektriliselt tsingitud pinnad passiveeritakse tavaliselt p\u00e4rast tsinkimist, et v\u00e4hendada tsingi oks\u00fcdeerumist. Passiveerimine parandab oluliselt nii korrosioonikindlust kui ka v\u00e4limust p\u00e4rast galvaniseerimist.","og_url":"https:\/\/www.pinnoitushelin.fi\/et\/pindamismeetodid\/tsingi-passiveerimine\/","og_site_name":"Pinnoitus Helin Oy","article_modified_time":"2024-07-30T19:30:39+00:00","twitter_card":"summary_large_image","twitter_misc":{"Est. reading time":"3 minutit"},"schema":{"@context":"https:\/\/schema.org","@graph":[{"@type":"WebPage","@id":"https:\/\/www.pinnoitushelin.fi\/et\/pindamismeetodid\/tsingi-passiveerimine\/","url":"https:\/\/www.pinnoitushelin.fi\/et\/pindamismeetodid\/tsingi-passiveerimine\/","name":"Tsingi passiveerimine - Pinnoitus Helin Oy","isPartOf":{"@id":"https:\/\/www.pinnoitushelin.fi\/et\/#website"},"datePublished":"2024-06-19T20:17:08+00:00","dateModified":"2024-07-30T19:30:39+00:00","description":"Elektriliselt tsingitud pinnad passiveeritakse tavaliselt p\u00e4rast tsinkimist, et v\u00e4hendada tsingi oks\u00fcdeerumist. Passiveerimine parandab oluliselt nii korrosioonikindlust kui ka v\u00e4limust p\u00e4rast galvaniseerimist.","breadcrumb":{"@id":"https:\/\/www.pinnoitushelin.fi\/et\/pindamismeetodid\/tsingi-passiveerimine\/#breadcrumb"},"inLanguage":"et","potentialAction":[{"@type":"ReadAction","target":["https:\/\/www.pinnoitushelin.fi\/et\/pindamismeetodid\/tsingi-passiveerimine\/"]}]},{"@type":"BreadcrumbList","@id":"https:\/\/www.pinnoitushelin.fi\/et\/pindamismeetodid\/tsingi-passiveerimine\/#breadcrumb","itemListElement":[{"@type":"ListItem","position":1,"name":"Etusivu","item":"https:\/\/www.pinnoitushelin.fi\/et\/"},{"@type":"ListItem","position":2,"name":"Pindamismeetodid","item":"https:\/\/www.pinnoitushelin.fi\/et\/pindamismeetodid\/"},{"@type":"ListItem","position":3,"name":"Tsingi passiveerimine"}]},{"@type":"WebSite","@id":"https:\/\/www.pinnoitushelin.fi\/et\/#website","url":"https:\/\/www.pinnoitushelin.fi\/et\/","name":"Pinnoitus Helin Oy","description":"Teknist\u00e4 pintak\u00e4sittely\u00e4 monipuolisesti ja tasalaatuisesti.","publisher":{"@id":"https:\/\/www.pinnoitushelin.fi\/et\/#organization"},"potentialAction":[{"@type":"SearchAction","target":{"@type":"EntryPoint","urlTemplate":"https:\/\/www.pinnoitushelin.fi\/et\/?s={search_term_string}"},"query-input":{"@type":"PropertyValueSpecification","valueRequired":true,"valueName":"search_term_string"}}],"inLanguage":"et"},{"@type":"Organization","@id":"https:\/\/www.pinnoitushelin.fi\/et\/#organization","name":"Pinnoitus Helin Oy","url":"https:\/\/www.pinnoitushelin.fi\/et\/","logo":{"@type":"ImageObject","inLanguage":"et","@id":"https:\/\/www.pinnoitushelin.fi\/et\/#\/schema\/logo\/image\/","url":"https:\/\/www.pinnoitushelin.fi\/wp-content\/uploads\/2024\/05\/logoa.png","contentUrl":"https:\/\/www.pinnoitushelin.fi\/wp-content\/uploads\/2024\/05\/logoa.png","width":331,"height":105,"caption":"Pinnoitus Helin Oy"},"image":{"@id":"https:\/\/www.pinnoitushelin.fi\/et\/#\/schema\/logo\/image\/"}}]}},"_links":{"self":[{"href":"https:\/\/www.pinnoitushelin.fi\/et\/wp-json\/wp\/v2\/pages\/2853","targetHints":{"allow":["GET"]}}],"collection":[{"href":"https:\/\/www.pinnoitushelin.fi\/et\/wp-json\/wp\/v2\/pages"}],"about":[{"href":"https:\/\/www.pinnoitushelin.fi\/et\/wp-json\/wp\/v2\/types\/page"}],"author":[{"embeddable":true,"href":"https:\/\/www.pinnoitushelin.fi\/et\/wp-json\/wp\/v2\/users\/3"}],"replies":[{"embeddable":true,"href":"https:\/\/www.pinnoitushelin.fi\/et\/wp-json\/wp\/v2\/comments?post=2853"}],"version-history":[{"count":3,"href":"https:\/\/www.pinnoitushelin.fi\/et\/wp-json\/wp\/v2\/pages\/2853\/revisions"}],"predecessor-version":[{"id":3084,"href":"https:\/\/www.pinnoitushelin.fi\/et\/wp-json\/wp\/v2\/pages\/2853\/revisions\/3084"}],"up":[{"embeddable":true,"href":"https:\/\/www.pinnoitushelin.fi\/et\/wp-json\/wp\/v2\/pages\/2816"}],"wp:attachment":[{"href":"https:\/\/www.pinnoitushelin.fi\/et\/wp-json\/wp\/v2\/media?parent=2853"}],"curies":[{"name":"wp","href":"https:\/\/api.w.org\/{rel}","templated":true}]}}