{"id":2841,"date":"2024-06-19T20:19:32","date_gmt":"2024-06-19T18:19:32","guid":{"rendered":"https:\/\/www.pinnoitushelin.fi\/pinnoitustekniikat\/galvaniseerimine\/"},"modified":"2024-07-30T21:28:33","modified_gmt":"2024-07-30T19:28:33","slug":"galvaniseerimine","status":"publish","type":"page","link":"https:\/\/www.pinnoitushelin.fi\/et\/pindamismeetodid\/galvaniseerimine\/","title":{"rendered":"Galvaniseerimine"},"content":{"rendered":"<div class=\"wpb-content-wrapper\"><p>[vc_row equal_height=&#8221;yes&#8221; content_placement=&#8221;middle&#8221; css=&#8221;.vc_custom_1717628348671{margin-bottom: 40px !important;}&#8221;][vc_column width=&#8221;1\/2&#8243; css=&#8221;.vc_custom_1717628091127{padding-bottom: 20px !important;}&#8221;][vc_column_text css=&#8221;&#8221;]Elektrosalvimine on k\u00f5ige levinum terase elektrol\u00fc\u00fctiline katmine.<br \/>\nSaadud kate pakub m\u00f5istlikku korrosioonikaitset ja meeldivat v\u00e4ljan\u00e4gemist madalate kuludega.<br \/>\nKatet kasutatakse sageli ka v\u00e4rvimise all, et parandada v\u00e4rvi korrosiooniomadusi ja haarduvust.[\/vc_column_text][\/vc_column][vc_column width=&#8221;1\/2&#8243;][vc_single_image image=&#8221;1937&#8243; img_size=&#8221;large&#8221; css=&#8221;&#8221;][\/vc_column][\/vc_row][vc_row equal_height=&#8221;yes&#8221; css=&#8221;.vc_custom_1718820603748{margin-bottom: 40px !important;}&#8221;][vc_column width=&#8221;1\/3&#8243; css=&#8221;.vc_custom_1717628059564{padding-bottom: 20px !important;}&#8221;][vc_column_text css=&#8221;&#8221;]<\/p>\n<h3>Galvaniseerimine:<\/h3>\n<ul>\n<li>Kasutame leeliselist ts\u00fcaniidivaba tsinkvanni<\/li>\n<li>Galvaniseerimine trummi- ja riputustehnikaga<\/li>\n<li>Galvaniseeritava detaili maksimaalsed m\u00f5\u00f5tmed: 2000x1000x400<\/li>\n<\/ul>\n<p>[\/vc_column_text][\/vc_column][vc_column width=&#8221;1\/3&#8243; css=&#8221;.vc_custom_1718820497171{padding-bottom: 20px !important;}&#8221;][vc_column_text css=&#8221;&#8221;]<\/p>\n<h3>Passiiv:<\/h3>\n<ul>\n<li>sinine passiveerimine, Cr3+<\/li>\n<li>must passiveerimine, Cr3+<\/li>\n<li>paksu kilega passiveerimine Cr3+<\/li>\n<li>after-box (tihendaja)<\/li>\n<li>K\u00f5ik passiveerimis- ja j\u00e4relt\u00f6\u00f6tlused vastavad RoHS n\u00f5uetele.<\/li>\n<\/ul>\n<p>[\/vc_column_text][\/vc_column][vc_column width=&#8221;1\/3&#8243;][vc_column_text css=&#8221;&#8221;]<\/p>\n<h3>Elektrogalvaanimise standardid:<\/h3>\n<ul>\n<li>Tsingiga kaetud galvaanilised pinnakatted rauale v\u00f5i terasele koos lisat\u00f6\u00f6tlusega (ISO 2081:2018)<\/li>\n<li>Kinnitusdetailid &#8211; galvaniseeritud katted (ISO 4042:2018)<\/li>\n<li>Metallkatted. Tsingi ja tsinksulamite galvaanilised katted rauale v\u00f5i terasele t\u00e4iendava Cr(VI)-vaba t\u00f6\u00f6tlemisega (ISO 19598:2016)<\/li>\n<li>Korrosioonikatsed kunstlikus keskkonnas.<br \/>\nSoolapritskatsed (ISO 9227:2017)<\/li>\n<\/ul>\n<p>[\/vc_column_text][\/vc_column][\/vc_row][vc_row equal_height=&#8221;yes&#8221; css=&#8221;.vc_custom_1718820603748{margin-bottom: 40px !important;}&#8221;][vc_column css=&#8221;.vc_custom_1717628059564{padding-bottom: 20px !important;}&#8221;][vc_column_text css=&#8221;&#8221;]Tsink ja galvaaniline tsinkimine pakuvad terasele katoodilist kaitset, nii et v\u00e4ikesed kriimustused kattes ei p\u00f5hjusta terase kohest roostetamist.<br \/>\nKorrosioonikindluse modelleerimine m\u00e4\u00e4rab aja, mille jooksul peab kate kestma, enne kui t\u00fckile tekib punane rooste.<br \/>\nK\u00f5ige tavalisem modelleerimine on neutraalne soolapritskatse vastavalt standardile ISO 9227:2006.<\/p>\n<p>Enamasti passiveeritakse tsink galvaaniliselt, et tsingi oks\u00fcdeerumist v\u00f5imalikult palju aeglustada.<br \/>\nSeega kaitseb passiveerimine tsinki valge rooste eest ja tsink ise kaitseb p\u00f5himikku punase rooste eest.<br \/>\nT\u00e4nap\u00e4eval, eriti uute RoHS- ja ELV-direktiivide kohaste passiveerimiste puhul, kasutatakse passiveerimist sageli metalli kaitsmiseks nn &#8220;tinakattematerjalide&#8221; eest.<br \/>\nhermeetikut, millega saavutatakse oluline korrosiooniv\u00e4\u00e4rtuste paranemine.<br \/>\nKattekihi vastupidavus valge korrosiooni vastu m\u00e4\u00e4ratakse l\u00f5ppkatses selle j\u00e4rgi, kui kaua passiveerimine (ja kattej\u00e4rgne kattevahend) peab vastu soolapritsele.<br \/>\nJoonistel v\u00f5ib m\u00e4rkida n\u00f5utava kestuse, nt 200\/400 h, valge rooste ja punase rooste puhul.<\/p>\n<p>T\u00e4nap\u00e4eval on peaaegu k\u00f5ik kasutatavad vannid kas happelised v\u00f5i leeliselised.<br \/>\nHappeline tsink on v\u00e4limuselt l\u00e4ikivam kui leeliseline.<br \/>\nLeeliselise vanni v\u00f5ime jaotada tsingikihti \u00fchtlaselt detaili eri osadele on palju parem kui happelise vanni puhul.<br \/>\nTs\u00fcaniidivann on v\u00e4heste eranditega j\u00e4rk-j\u00e4rgult kaotatud.[\/vc_column_text][\/vc_column][\/vc_row][vc_row equal_height=&#8221;yes&#8221; content_placement=&#8221;middle&#8221; css=&#8221;.vc_custom_1717628348671{margin-bottom: 40px !important;}&#8221;][vc_column width=&#8221;1\/2&#8243; css=&#8221;.vc_custom_1717628091127{padding-bottom: 20px !important;}&#8221;][vc_column_text css=&#8221;&#8221;]<\/p>\n<h3>Tsinkimise p\u00f5hit\u00f5ed<\/h3>\n<p>Galvaniseerimine on metallpinna katmine tsingikihiga, et kaitsta metalli korrosiooni eest ja anda sellele meeldivam v\u00e4limus.<br \/>\nGalvaniseerimine ehk tsinkimine annab heledama ja \u00fchtlasema kihi kui kuumtsinkimine.<br \/>\nKuumtsinkimise eeliseks on paksem tsingikiht ja seega korrosioonikaitse.<br \/>\nElektriliselt tsingitud detailid on tavaliselt passiivitud ja j\u00e4relvalatud, mis parandab selgelt detaili korrosioonikindlust.<br \/>\nGalvaniseerimine annab detailile paremad omadused madalama hinnaga.<br \/>\nSee protsess sobib h\u00e4sti enamiku rauast v\u00f5i terasest detailide jaoks.<\/p>\n<h3>Tsinkimine vastavalt teie vajadustele<\/h3>\n<p>T\u00e4nu meie pikaajalisele kogemusele ja meie k\u00e4sutuses olevatele seadmetele saab galvaniseerimist teostada v\u00e4ga kuluefektiivselt, olenemata sellest, kas tegemist on v\u00e4ikeste v\u00f5i suurte tootmispartiidega.<\/p>\n<p>V\u00f5tke meiega \u00fchendust &#8211; me r\u00e4\u00e4gime teile hea meelega rohkem.[\/vc_column_text][\/vc_column][vc_column width=&#8221;1\/2&#8243;][vc_single_image image=&#8221;1941&#8243; img_size=&#8221;large&#8221; css=&#8221;&#8221;][\/vc_column][\/vc_row][vc_row css=&#8221;.vc_custom_1717628491247{margin-bottom: 40px !important;}&#8221;][vc_column css=&#8221;.vc_custom_1717628059564{padding-bottom: 20px !important;}&#8221;][vc_column_text css=&#8221;&#8221;]<\/p>\n<h4>V\u00f5tke meiega \u00fchendust, et k\u00fcsida proovi v\u00f5imalust.<\/h4>\n<h4>K\u00fcsige rohkem v\u00f5i esitage hinnapakkumise taotlus<\/h4>\n<p>[\/vc_column_text][vc_row_inner equal_height=&#8221;yes&#8221; gap=&#8221;10&#8243; css=&#8221;.vc_custom_1718821140753{margin-top: 25px !important;}&#8221;][vc_column_inner width=&#8221;1\/5&#8243;]<style type=\"text\/css\" data-type=\"the7_shortcodes-inline-css\">#default-btn-c9e6a893832d815f771616eb83804464.ico-right-side > i {\n  margin-right: 0px;\n  margin-left: 8px;\n}\n#default-btn-c9e6a893832d815f771616eb83804464 > i {\n  margin-right: 8px;\n}<\/style><a href=\"tel:+358106174100\" class=\"default-btn-shortcode dt-btn dt-btn-m link-hover-off ico-right-side btn-inline-left \" id=\"default-btn-c9e6a893832d815f771616eb83804464\" style=\"width:200px;\" title=\"Soita meille\"><span>Katte kuumaliin<\/span><i class=\"icomoon-the7-font-the7-phone-05\"><\/i><\/a>[\/vc_column_inner][vc_column_inner width=&#8221;1\/5&#8243;]<style type=\"text\/css\" data-type=\"the7_shortcodes-inline-css\">#default-btn-38402fa57a00de4d2199ce4834b5daf5.ico-right-side > i {\n  margin-right: 0px;\n  margin-left: 8px;\n}\n#default-btn-38402fa57a00de4d2199ce4834b5daf5 > i {\n  margin-right: 8px;\n}<\/style><a href=\"mailto:info@pinnoitushelin.fi?subject=Tarjouspyynt\u00f6\" class=\"default-btn-shortcode dt-btn dt-btn-m link-hover-off ico-right-side btn-inline-left \" id=\"default-btn-38402fa57a00de4d2199ce4834b5daf5\" style=\"width:200px;\" title=\"J\u00e4t\u00e4 tarjouspyynt\u00f6\"><span>Pakkumise soov<\/span><i class=\"icomoon-the7-font-the7-mail-01\"><\/i><\/a>[\/vc_column_inner][vc_column_inner width=&#8221;1\/5&#8243;]<style type=\"text\/css\" data-type=\"the7_shortcodes-inline-css\">#default-btn-bc9c069d4d670b6eef6a84967e581177.ico-right-side > i {\n  margin-right: 0px;\n  margin-left: 8px;\n}\n#default-btn-bc9c069d4d670b6eef6a84967e581177 > i {\n  margin-right: 8px;\n}<\/style><a href=\"\/yhteystiedot\/#yhteydenotto\" class=\"default-btn-shortcode dt-btn dt-btn-m link-hover-off ico-right-side btn-inline-left \" id=\"default-btn-bc9c069d4d670b6eef6a84967e581177\" style=\"width:200px;\" title=\"Ota yhteytt\u00e4\"><span>V\u00f5ta \u00fchendust<\/span><i class=\"dt-icon-the7-menu-012\"><\/i><\/a>[\/vc_column_inner][vc_column_inner width=&#8221;1\/5&#8243;][\/vc_column_inner][vc_column_inner width=&#8221;1\/5&#8243;][\/vc_column_inner][\/vc_row_inner][\/vc_column][\/vc_row][vc_row bg_type=&#8221;bg_color&#8221; bg_override=&#8221;full&#8221; css=&#8221;.vc_custom_1719351634384{margin-bottom: -30px !important;}&#8221;][vc_column offset=&#8221;vc_hidden-md vc_hidden-sm vc_hidden-xs&#8221;][vc_single_image image=&#8221;2134&#8243; img_size=&#8221;full&#8221; alignment=&#8221;right&#8221; css=&#8221;.vc_custom_1722244499456{margin-bottom: -125px !important;}&#8221; image_hovers=&#8221;false&#8221;][\/vc_column][\/vc_row][vc_row bg_type=&#8221;bg_color&#8221; bg_override=&#8221;full&#8221; css=&#8221;.vc_custom_1719351634384{margin-bottom: -30px !important;}&#8221;][vc_column offset=&#8221;vc_hidden-lg&#8221;][vc_single_image image=&#8221;2134&#8243; img_size=&#8221;full&#8221; alignment=&#8221;right&#8221; css=&#8221;.vc_custom_1722280218413{margin-bottom: -85px !important;}&#8221; image_hovers=&#8221;false&#8221;][\/vc_column][\/vc_row]<\/p>\n<\/div>","protected":false},"excerpt":{"rendered":"<p>[vc_row equal_height=&#8221;yes&#8221; content_placement=&#8221;middle&#8221; css=&#8221;.vc_custom_1717628348671{margin-bottom: 40px !important;}&#8221;][vc_column width=&#8221;1\/2&#8243; css=&#8221;.vc_custom_1717628091127{padding-bottom: 20px !important;}&#8221;][vc_column_text css=&#8221;&#8221;]Elektrosalvimine on k\u00f5ige levinum terase elektrol\u00fc\u00fctiline katmine. Saadud kate pakub m\u00f5istlikku korrosioonikaitset ja meeldivat v\u00e4ljan\u00e4gemist madalate kuludega. Katet kasutatakse sageli ka v\u00e4rvimise all, et parandada v\u00e4rvi korrosiooniomadusi ja haarduvust.[\/vc_column_text][\/vc_column][vc_column width=&#8221;1\/2&#8243;][vc_single_image image=&#8221;1937&#8243; img_size=&#8221;large&#8221; css=&#8221;&#8221;][\/vc_column][\/vc_row][vc_row equal_height=&#8221;yes&#8221; css=&#8221;.vc_custom_1718820603748{margin-bottom: 40px !important;}&#8221;][vc_column width=&#8221;1\/3&#8243; css=&#8221;.vc_custom_1717628059564{padding-bottom: 20px !important;}&#8221;][vc_column_text css=&#8221;&#8221;] Galvaniseerimine: Kasutame leeliselist&hellip;<\/p>\n","protected":false},"author":3,"featured_media":0,"parent":2816,"menu_order":22,"comment_status":"closed","ping_status":"closed","template":"","meta":{"footnotes":""},"class_list":["post-2841","page","type-page","status-publish","hentry","description-off"],"yoast_head":"<!-- This site is optimized with the Yoast SEO plugin v27.4 - https:\/\/yoast.com\/product\/yoast-seo-wordpress\/ -->\n<title>Galvaniseerimine - Pinnoitus Helin Oy<\/title>\n<meta name=\"description\" content=\"Elektrosalvimine on k\u00f5ige levinum terase elektrol\u00fc\u00fctiline katmine. Saadud kate pakub m\u00f5istlikku korrosioonikaitset ja meeldivat v\u00e4ljan\u00e4gemist madalate kuludega.\" \/>\n<meta name=\"robots\" content=\"index, follow, max-snippet:-1, max-image-preview:large, max-video-preview:-1\" \/>\n<link rel=\"canonical\" href=\"https:\/\/www.pinnoitushelin.fi\/et\/pindamismeetodid\/galvaniseerimine\/\" \/>\n<meta property=\"og:locale\" content=\"et_EE\" \/>\n<meta property=\"og:type\" content=\"article\" \/>\n<meta property=\"og:title\" content=\"Galvaniseerimine - Pinnoitus Helin Oy\" \/>\n<meta property=\"og:description\" content=\"Elektrosalvimine on k\u00f5ige levinum terase elektrol\u00fc\u00fctiline katmine. Saadud kate pakub m\u00f5istlikku korrosioonikaitset ja meeldivat v\u00e4ljan\u00e4gemist madalate kuludega.\" \/>\n<meta property=\"og:url\" content=\"https:\/\/www.pinnoitushelin.fi\/et\/pindamismeetodid\/galvaniseerimine\/\" \/>\n<meta property=\"og:site_name\" content=\"Pinnoitus Helin Oy\" \/>\n<meta property=\"article:modified_time\" content=\"2024-07-30T19:28:33+00:00\" \/>\n<meta name=\"twitter:card\" content=\"summary_large_image\" \/>\n<meta name=\"twitter:label1\" content=\"Est. reading time\" \/>\n\t<meta name=\"twitter:data1\" content=\"4 minutit\" \/>\n<script type=\"application\/ld+json\" class=\"yoast-schema-graph\">{\"@context\":\"https:\\\/\\\/schema.org\",\"@graph\":[{\"@type\":\"WebPage\",\"@id\":\"https:\\\/\\\/www.pinnoitushelin.fi\\\/et\\\/pindamismeetodid\\\/galvaniseerimine\\\/\",\"url\":\"https:\\\/\\\/www.pinnoitushelin.fi\\\/et\\\/pindamismeetodid\\\/galvaniseerimine\\\/\",\"name\":\"Galvaniseerimine - Pinnoitus Helin Oy\",\"isPartOf\":{\"@id\":\"https:\\\/\\\/www.pinnoitushelin.fi\\\/et\\\/#website\"},\"datePublished\":\"2024-06-19T18:19:32+00:00\",\"dateModified\":\"2024-07-30T19:28:33+00:00\",\"description\":\"Elektrosalvimine on k\u00f5ige levinum terase elektrol\u00fc\u00fctiline katmine. Saadud kate pakub m\u00f5istlikku korrosioonikaitset ja meeldivat v\u00e4ljan\u00e4gemist madalate kuludega.\",\"breadcrumb\":{\"@id\":\"https:\\\/\\\/www.pinnoitushelin.fi\\\/et\\\/pindamismeetodid\\\/galvaniseerimine\\\/#breadcrumb\"},\"inLanguage\":\"et\",\"potentialAction\":[{\"@type\":\"ReadAction\",\"target\":[\"https:\\\/\\\/www.pinnoitushelin.fi\\\/et\\\/pindamismeetodid\\\/galvaniseerimine\\\/\"]}]},{\"@type\":\"BreadcrumbList\",\"@id\":\"https:\\\/\\\/www.pinnoitushelin.fi\\\/et\\\/pindamismeetodid\\\/galvaniseerimine\\\/#breadcrumb\",\"itemListElement\":[{\"@type\":\"ListItem\",\"position\":1,\"name\":\"Etusivu\",\"item\":\"https:\\\/\\\/www.pinnoitushelin.fi\\\/et\\\/\"},{\"@type\":\"ListItem\",\"position\":2,\"name\":\"Pindamismeetodid\",\"item\":\"https:\\\/\\\/www.pinnoitushelin.fi\\\/et\\\/pindamismeetodid\\\/\"},{\"@type\":\"ListItem\",\"position\":3,\"name\":\"Galvaniseerimine\"}]},{\"@type\":\"WebSite\",\"@id\":\"https:\\\/\\\/www.pinnoitushelin.fi\\\/et\\\/#website\",\"url\":\"https:\\\/\\\/www.pinnoitushelin.fi\\\/et\\\/\",\"name\":\"Pinnoitus Helin Oy\",\"description\":\"Teknist\u00e4 pintak\u00e4sittely\u00e4 monipuolisesti ja tasalaatuisesti.\",\"publisher\":{\"@id\":\"https:\\\/\\\/www.pinnoitushelin.fi\\\/et\\\/#organization\"},\"potentialAction\":[{\"@type\":\"SearchAction\",\"target\":{\"@type\":\"EntryPoint\",\"urlTemplate\":\"https:\\\/\\\/www.pinnoitushelin.fi\\\/et\\\/?s={search_term_string}\"},\"query-input\":{\"@type\":\"PropertyValueSpecification\",\"valueRequired\":true,\"valueName\":\"search_term_string\"}}],\"inLanguage\":\"et\"},{\"@type\":\"Organization\",\"@id\":\"https:\\\/\\\/www.pinnoitushelin.fi\\\/et\\\/#organization\",\"name\":\"Pinnoitus Helin Oy\",\"url\":\"https:\\\/\\\/www.pinnoitushelin.fi\\\/et\\\/\",\"logo\":{\"@type\":\"ImageObject\",\"inLanguage\":\"et\",\"@id\":\"https:\\\/\\\/www.pinnoitushelin.fi\\\/et\\\/#\\\/schema\\\/logo\\\/image\\\/\",\"url\":\"https:\\\/\\\/www.pinnoitushelin.fi\\\/wp-content\\\/uploads\\\/2024\\\/05\\\/logoa.png\",\"contentUrl\":\"https:\\\/\\\/www.pinnoitushelin.fi\\\/wp-content\\\/uploads\\\/2024\\\/05\\\/logoa.png\",\"width\":331,\"height\":105,\"caption\":\"Pinnoitus Helin Oy\"},\"image\":{\"@id\":\"https:\\\/\\\/www.pinnoitushelin.fi\\\/et\\\/#\\\/schema\\\/logo\\\/image\\\/\"}}]}<\/script>\n<!-- \/ Yoast SEO plugin. -->","yoast_head_json":{"title":"Galvaniseerimine - Pinnoitus Helin Oy","description":"Elektrosalvimine on k\u00f5ige levinum terase elektrol\u00fc\u00fctiline katmine. Saadud kate pakub m\u00f5istlikku korrosioonikaitset ja meeldivat v\u00e4ljan\u00e4gemist madalate kuludega.","robots":{"index":"index","follow":"follow","max-snippet":"max-snippet:-1","max-image-preview":"max-image-preview:large","max-video-preview":"max-video-preview:-1"},"canonical":"https:\/\/www.pinnoitushelin.fi\/et\/pindamismeetodid\/galvaniseerimine\/","og_locale":"et_EE","og_type":"article","og_title":"Galvaniseerimine - Pinnoitus Helin Oy","og_description":"Elektrosalvimine on k\u00f5ige levinum terase elektrol\u00fc\u00fctiline katmine. Saadud kate pakub m\u00f5istlikku korrosioonikaitset ja meeldivat v\u00e4ljan\u00e4gemist madalate kuludega.","og_url":"https:\/\/www.pinnoitushelin.fi\/et\/pindamismeetodid\/galvaniseerimine\/","og_site_name":"Pinnoitus Helin Oy","article_modified_time":"2024-07-30T19:28:33+00:00","twitter_card":"summary_large_image","twitter_misc":{"Est. reading time":"4 minutit"},"schema":{"@context":"https:\/\/schema.org","@graph":[{"@type":"WebPage","@id":"https:\/\/www.pinnoitushelin.fi\/et\/pindamismeetodid\/galvaniseerimine\/","url":"https:\/\/www.pinnoitushelin.fi\/et\/pindamismeetodid\/galvaniseerimine\/","name":"Galvaniseerimine - Pinnoitus Helin Oy","isPartOf":{"@id":"https:\/\/www.pinnoitushelin.fi\/et\/#website"},"datePublished":"2024-06-19T18:19:32+00:00","dateModified":"2024-07-30T19:28:33+00:00","description":"Elektrosalvimine on k\u00f5ige levinum terase elektrol\u00fc\u00fctiline katmine. Saadud kate pakub m\u00f5istlikku korrosioonikaitset ja meeldivat v\u00e4ljan\u00e4gemist madalate kuludega.","breadcrumb":{"@id":"https:\/\/www.pinnoitushelin.fi\/et\/pindamismeetodid\/galvaniseerimine\/#breadcrumb"},"inLanguage":"et","potentialAction":[{"@type":"ReadAction","target":["https:\/\/www.pinnoitushelin.fi\/et\/pindamismeetodid\/galvaniseerimine\/"]}]},{"@type":"BreadcrumbList","@id":"https:\/\/www.pinnoitushelin.fi\/et\/pindamismeetodid\/galvaniseerimine\/#breadcrumb","itemListElement":[{"@type":"ListItem","position":1,"name":"Etusivu","item":"https:\/\/www.pinnoitushelin.fi\/et\/"},{"@type":"ListItem","position":2,"name":"Pindamismeetodid","item":"https:\/\/www.pinnoitushelin.fi\/et\/pindamismeetodid\/"},{"@type":"ListItem","position":3,"name":"Galvaniseerimine"}]},{"@type":"WebSite","@id":"https:\/\/www.pinnoitushelin.fi\/et\/#website","url":"https:\/\/www.pinnoitushelin.fi\/et\/","name":"Pinnoitus Helin Oy","description":"Teknist\u00e4 pintak\u00e4sittely\u00e4 monipuolisesti ja tasalaatuisesti.","publisher":{"@id":"https:\/\/www.pinnoitushelin.fi\/et\/#organization"},"potentialAction":[{"@type":"SearchAction","target":{"@type":"EntryPoint","urlTemplate":"https:\/\/www.pinnoitushelin.fi\/et\/?s={search_term_string}"},"query-input":{"@type":"PropertyValueSpecification","valueRequired":true,"valueName":"search_term_string"}}],"inLanguage":"et"},{"@type":"Organization","@id":"https:\/\/www.pinnoitushelin.fi\/et\/#organization","name":"Pinnoitus Helin Oy","url":"https:\/\/www.pinnoitushelin.fi\/et\/","logo":{"@type":"ImageObject","inLanguage":"et","@id":"https:\/\/www.pinnoitushelin.fi\/et\/#\/schema\/logo\/image\/","url":"https:\/\/www.pinnoitushelin.fi\/wp-content\/uploads\/2024\/05\/logoa.png","contentUrl":"https:\/\/www.pinnoitushelin.fi\/wp-content\/uploads\/2024\/05\/logoa.png","width":331,"height":105,"caption":"Pinnoitus Helin Oy"},"image":{"@id":"https:\/\/www.pinnoitushelin.fi\/et\/#\/schema\/logo\/image\/"}}]}},"_links":{"self":[{"href":"https:\/\/www.pinnoitushelin.fi\/et\/wp-json\/wp\/v2\/pages\/2841","targetHints":{"allow":["GET"]}}],"collection":[{"href":"https:\/\/www.pinnoitushelin.fi\/et\/wp-json\/wp\/v2\/pages"}],"about":[{"href":"https:\/\/www.pinnoitushelin.fi\/et\/wp-json\/wp\/v2\/types\/page"}],"author":[{"embeddable":true,"href":"https:\/\/www.pinnoitushelin.fi\/et\/wp-json\/wp\/v2\/users\/3"}],"replies":[{"embeddable":true,"href":"https:\/\/www.pinnoitushelin.fi\/et\/wp-json\/wp\/v2\/comments?post=2841"}],"version-history":[{"count":3,"href":"https:\/\/www.pinnoitushelin.fi\/et\/wp-json\/wp\/v2\/pages\/2841\/revisions"}],"predecessor-version":[{"id":3082,"href":"https:\/\/www.pinnoitushelin.fi\/et\/wp-json\/wp\/v2\/pages\/2841\/revisions\/3082"}],"up":[{"embeddable":true,"href":"https:\/\/www.pinnoitushelin.fi\/et\/wp-json\/wp\/v2\/pages\/2816"}],"wp:attachment":[{"href":"https:\/\/www.pinnoitushelin.fi\/et\/wp-json\/wp\/v2\/media?parent=2841"}],"curies":[{"name":"wp","href":"https:\/\/api.w.org\/{rel}","templated":true}]}}