{"id":2547,"date":"2024-06-24T09:18:01","date_gmt":"2024-06-24T07:18:01","guid":{"rendered":"https:\/\/www.pinnoitushelin.fi\/info\/quality\/"},"modified":"2025-12-22T09:18:10","modified_gmt":"2025-12-22T07:18:10","slug":"quality","status":"publish","type":"page","link":"https:\/\/www.pinnoitushelin.fi\/en\/info\/quality\/","title":{"rendered":"Quality"},"content":{"rendered":"<div class=\"wpb-content-wrapper\"><p>[vc_row css=&#8221;.vc_custom_1717732603405{margin-bottom: 40px !important;}&#8221;][vc_column][vc_single_image image=&#8221;2389&#8243; img_size=&#8221;large&#8221; css=&#8221;&#8221;][\/vc_column][\/vc_row][vc_row css=&#8221;.vc_custom_1719213388989{margin-bottom: 40px !important;}&#8221;][vc_column][vc_column_text css=&#8221;&#8221;]<\/p>\n<h1>Quality by standardising production processes<\/h1>\n<h3>At Pinnoitus Helin Oy, we are able to deliver consistently high quality service and products because we have honed our production process to the highest standards. We ensure quality by thermal shock testing and measuring the thickness of the coating.<\/h3>\n<p>[\/vc_column_text][\/vc_column][\/vc_row][vc_row equal_height=&#8221;yes&#8221; content_placement=&#8221;middle&#8221; css=&#8221;.vc_custom_1719213445405{margin-bottom: 40px !important;}&#8221;][vc_column width=&#8221;2\/3&#8243; css=&#8221;.vc_custom_1719213432619{margin-bottom: 30px !important;}&#8221;][vc_column_text css=&#8221;&#8221;]Our operations are quality certified according to the quality management system standard ISO 9001:2015 and the environmental system standard ISO 14001:2015.<\/p>\n<p>Regular analysis of production processes and automatic dosing of chemical additives, as well as final testing of products, are an important part of a productive and professional surface treatment plant. Finished coatings must also be able to withstand the thermal shock test.<\/p>\n<p>At Pinnoitus Helin we have pre-treatment processes for aluminium and aluminium alloys, copper and its alloys, steel and also hardened and stainless steel grades.<\/p>\n<p>You can download the certificate from this link <a href=\"https:\/\/www.pinnoitushelin.fi\/wp-content\/uploads\/2025\/12\/Pinnoitus-Helin-Oy-EN-30112028.pdf\" target=\"_blank\" rel=\"noopener\">Pinnoitus Helin Oy ISO 9001:2015 and ISO 14001:2015 certificate<\/a>[\/vc_column_text][\/vc_column][vc_column width=&#8221;1\/3&#8243;][vc_single_image image=&#8221;3375&#8243; img_size=&#8221;full&#8221; onclick=&#8221;custom_link&#8221; img_link_target=&#8221;_blank&#8221; css=&#8221;&#8221; rel_no_follow=&#8221;true&#8221; link=&#8221;https:\/\/www.pinnoitushelin.fi\/wp-content\/uploads\/2024\/09\/Pinnoitus-Helin-Oy-EN-30112025.pdf&#8221;][\/vc_column][\/vc_row][vc_row css=&#8221;.vc_custom_1722286478909{margin-bottom: 70px !important;}&#8221;][vc_column][vc_column_text css=&#8221;&#8221;]As with any coating, pre-treatment is important for the final result. In order to achieve perfect adhesion, the most important step is the activation of the cleaning and priming material. This allows the substrate to receive the desired coating. Adhesion is ensured by the metallic bond between the object and the coating, where the atoms share some of their electrons. It is therefore not possible to remove the coating from the bottom by mechanical means. The bond of the coating to the substrate also has an effect on the thermal and electrical conductivity of the piece. The soldering property may also become difficult or impossible without complete adhesion.<\/p>\n<p>The methods of testing for adhesion are more precisely defined in the standard that we follow:<\/p>\n<p>Electrodeposited and chemically deposited coatings &#8211; Review of methods available for testing adhesion (ISO 2819:1980)[\/vc_column_text][\/vc_column][\/vc_row][vc_row bg_type=&#8221;bg_color&#8221; bg_override=&#8221;full&#8221; css=&#8221;.vc_custom_1719351229771{margin-bottom: -30px !important;}&#8221;][vc_column][vc_single_image image=&#8221;2398&#8243; img_size=&#8221;full&#8221; alignment=&#8221;right&#8221; css=&#8221;.vc_custom_1719351301618{margin-bottom: -125px !important;}&#8221; image_hovers=&#8221;false&#8221;][\/vc_column][\/vc_row]<\/p>\n<\/div>","protected":false},"excerpt":{"rendered":"<p>[vc_row css=&#8221;.vc_custom_1717732603405{margin-bottom: 40px !important;}&#8221;][vc_column][vc_single_image image=&#8221;2389&#8243; img_size=&#8221;large&#8221; css=&#8221;&#8221;][\/vc_column][\/vc_row][vc_row css=&#8221;.vc_custom_1719213388989{margin-bottom: 40px !important;}&#8221;][vc_column][vc_column_text css=&#8221;&#8221;] Quality by standardising production processes At Pinnoitus Helin Oy, we are able to deliver consistently high quality service and products because we have honed our production process to the highest standards. We ensure quality by thermal shock testing and measuring the thickness of the&hellip;<\/p>\n","protected":false},"author":3,"featured_media":0,"parent":2540,"menu_order":44,"comment_status":"closed","ping_status":"closed","template":"","meta":{"footnotes":""},"class_list":["post-2547","page","type-page","status-publish","hentry","description-off"],"yoast_head":"<!-- This site is optimized with the Yoast SEO plugin v27.4 - https:\/\/yoast.com\/product\/yoast-seo-wordpress\/ -->\n<title>Quality - Pinnoitus Helin Oy<\/title>\n<meta name=\"description\" content=\"At Pinnoitus Helin Oy, we are able to deliver consistently high quality service and products because we have honed our production process to the highest standards.\" \/>\n<meta name=\"robots\" content=\"index, follow, max-snippet:-1, max-image-preview:large, max-video-preview:-1\" \/>\n<link rel=\"canonical\" href=\"https:\/\/www.pinnoitushelin.fi\/en\/info\/quality\/\" \/>\n<meta property=\"og:locale\" content=\"en_US\" \/>\n<meta property=\"og:type\" content=\"article\" \/>\n<meta property=\"og:title\" content=\"Quality - Pinnoitus Helin Oy\" \/>\n<meta property=\"og:description\" content=\"At Pinnoitus Helin Oy, we are able to deliver consistently high quality service and products because we have honed our production process to the highest standards.\" \/>\n<meta property=\"og:url\" content=\"https:\/\/www.pinnoitushelin.fi\/en\/info\/quality\/\" \/>\n<meta property=\"og:site_name\" content=\"Pinnoitus Helin Oy\" \/>\n<meta property=\"article:modified_time\" content=\"2025-12-22T07:18:10+00:00\" \/>\n<meta name=\"twitter:card\" content=\"summary_large_image\" \/>\n<meta name=\"twitter:label1\" content=\"Est. reading time\" \/>\n\t<meta name=\"twitter:data1\" content=\"3 minutes\" \/>\n<script type=\"application\/ld+json\" class=\"yoast-schema-graph\">{\"@context\":\"https:\\\/\\\/schema.org\",\"@graph\":[{\"@type\":\"WebPage\",\"@id\":\"https:\\\/\\\/www.pinnoitushelin.fi\\\/en\\\/info\\\/quality\\\/\",\"url\":\"https:\\\/\\\/www.pinnoitushelin.fi\\\/en\\\/info\\\/quality\\\/\",\"name\":\"Quality - Pinnoitus Helin Oy\",\"isPartOf\":{\"@id\":\"https:\\\/\\\/www.pinnoitushelin.fi\\\/en\\\/#website\"},\"datePublished\":\"2024-06-24T07:18:01+00:00\",\"dateModified\":\"2025-12-22T07:18:10+00:00\",\"description\":\"At Pinnoitus Helin Oy, we are able to deliver consistently high quality service and products because we have honed our production process to the highest standards.\",\"breadcrumb\":{\"@id\":\"https:\\\/\\\/www.pinnoitushelin.fi\\\/en\\\/info\\\/quality\\\/#breadcrumb\"},\"inLanguage\":\"en-US\",\"potentialAction\":[{\"@type\":\"ReadAction\",\"target\":[\"https:\\\/\\\/www.pinnoitushelin.fi\\\/en\\\/info\\\/quality\\\/\"]}]},{\"@type\":\"BreadcrumbList\",\"@id\":\"https:\\\/\\\/www.pinnoitushelin.fi\\\/en\\\/info\\\/quality\\\/#breadcrumb\",\"itemListElement\":[{\"@type\":\"ListItem\",\"position\":1,\"name\":\"Etusivu\",\"item\":\"https:\\\/\\\/www.pinnoitushelin.fi\\\/en\\\/\"},{\"@type\":\"ListItem\",\"position\":2,\"name\":\"Info\",\"item\":\"https:\\\/\\\/www.pinnoitushelin.fi\\\/en\\\/info\\\/\"},{\"@type\":\"ListItem\",\"position\":3,\"name\":\"Quality\"}]},{\"@type\":\"WebSite\",\"@id\":\"https:\\\/\\\/www.pinnoitushelin.fi\\\/en\\\/#website\",\"url\":\"https:\\\/\\\/www.pinnoitushelin.fi\\\/en\\\/\",\"name\":\"Pinnoitus Helin Oy\",\"description\":\"Teknist\u00e4 pintak\u00e4sittely\u00e4 monipuolisesti ja tasalaatuisesti.\",\"publisher\":{\"@id\":\"https:\\\/\\\/www.pinnoitushelin.fi\\\/en\\\/#organization\"},\"potentialAction\":[{\"@type\":\"SearchAction\",\"target\":{\"@type\":\"EntryPoint\",\"urlTemplate\":\"https:\\\/\\\/www.pinnoitushelin.fi\\\/en\\\/?s={search_term_string}\"},\"query-input\":{\"@type\":\"PropertyValueSpecification\",\"valueRequired\":true,\"valueName\":\"search_term_string\"}}],\"inLanguage\":\"en-US\"},{\"@type\":\"Organization\",\"@id\":\"https:\\\/\\\/www.pinnoitushelin.fi\\\/en\\\/#organization\",\"name\":\"Pinnoitus Helin Oy\",\"url\":\"https:\\\/\\\/www.pinnoitushelin.fi\\\/en\\\/\",\"logo\":{\"@type\":\"ImageObject\",\"inLanguage\":\"en-US\",\"@id\":\"https:\\\/\\\/www.pinnoitushelin.fi\\\/en\\\/#\\\/schema\\\/logo\\\/image\\\/\",\"url\":\"https:\\\/\\\/www.pinnoitushelin.fi\\\/wp-content\\\/uploads\\\/2024\\\/05\\\/logoa.png\",\"contentUrl\":\"https:\\\/\\\/www.pinnoitushelin.fi\\\/wp-content\\\/uploads\\\/2024\\\/05\\\/logoa.png\",\"width\":331,\"height\":105,\"caption\":\"Pinnoitus Helin Oy\"},\"image\":{\"@id\":\"https:\\\/\\\/www.pinnoitushelin.fi\\\/en\\\/#\\\/schema\\\/logo\\\/image\\\/\"}}]}<\/script>\n<!-- \/ Yoast SEO plugin. -->","yoast_head_json":{"title":"Quality - Pinnoitus Helin Oy","description":"At Pinnoitus Helin Oy, we are able to deliver consistently high quality service and products because we have honed our production process to the highest standards.","robots":{"index":"index","follow":"follow","max-snippet":"max-snippet:-1","max-image-preview":"max-image-preview:large","max-video-preview":"max-video-preview:-1"},"canonical":"https:\/\/www.pinnoitushelin.fi\/en\/info\/quality\/","og_locale":"en_US","og_type":"article","og_title":"Quality - Pinnoitus Helin Oy","og_description":"At Pinnoitus Helin Oy, we are able to deliver consistently high quality service and products because we have honed our production process to the highest standards.","og_url":"https:\/\/www.pinnoitushelin.fi\/en\/info\/quality\/","og_site_name":"Pinnoitus Helin Oy","article_modified_time":"2025-12-22T07:18:10+00:00","twitter_card":"summary_large_image","twitter_misc":{"Est. reading time":"3 minutes"},"schema":{"@context":"https:\/\/schema.org","@graph":[{"@type":"WebPage","@id":"https:\/\/www.pinnoitushelin.fi\/en\/info\/quality\/","url":"https:\/\/www.pinnoitushelin.fi\/en\/info\/quality\/","name":"Quality - Pinnoitus Helin Oy","isPartOf":{"@id":"https:\/\/www.pinnoitushelin.fi\/en\/#website"},"datePublished":"2024-06-24T07:18:01+00:00","dateModified":"2025-12-22T07:18:10+00:00","description":"At Pinnoitus Helin Oy, we are able to deliver consistently high quality service and products because we have honed our production process to the highest standards.","breadcrumb":{"@id":"https:\/\/www.pinnoitushelin.fi\/en\/info\/quality\/#breadcrumb"},"inLanguage":"en-US","potentialAction":[{"@type":"ReadAction","target":["https:\/\/www.pinnoitushelin.fi\/en\/info\/quality\/"]}]},{"@type":"BreadcrumbList","@id":"https:\/\/www.pinnoitushelin.fi\/en\/info\/quality\/#breadcrumb","itemListElement":[{"@type":"ListItem","position":1,"name":"Etusivu","item":"https:\/\/www.pinnoitushelin.fi\/en\/"},{"@type":"ListItem","position":2,"name":"Info","item":"https:\/\/www.pinnoitushelin.fi\/en\/info\/"},{"@type":"ListItem","position":3,"name":"Quality"}]},{"@type":"WebSite","@id":"https:\/\/www.pinnoitushelin.fi\/en\/#website","url":"https:\/\/www.pinnoitushelin.fi\/en\/","name":"Pinnoitus Helin Oy","description":"Teknist\u00e4 pintak\u00e4sittely\u00e4 monipuolisesti ja tasalaatuisesti.","publisher":{"@id":"https:\/\/www.pinnoitushelin.fi\/en\/#organization"},"potentialAction":[{"@type":"SearchAction","target":{"@type":"EntryPoint","urlTemplate":"https:\/\/www.pinnoitushelin.fi\/en\/?s={search_term_string}"},"query-input":{"@type":"PropertyValueSpecification","valueRequired":true,"valueName":"search_term_string"}}],"inLanguage":"en-US"},{"@type":"Organization","@id":"https:\/\/www.pinnoitushelin.fi\/en\/#organization","name":"Pinnoitus Helin Oy","url":"https:\/\/www.pinnoitushelin.fi\/en\/","logo":{"@type":"ImageObject","inLanguage":"en-US","@id":"https:\/\/www.pinnoitushelin.fi\/en\/#\/schema\/logo\/image\/","url":"https:\/\/www.pinnoitushelin.fi\/wp-content\/uploads\/2024\/05\/logoa.png","contentUrl":"https:\/\/www.pinnoitushelin.fi\/wp-content\/uploads\/2024\/05\/logoa.png","width":331,"height":105,"caption":"Pinnoitus Helin Oy"},"image":{"@id":"https:\/\/www.pinnoitushelin.fi\/en\/#\/schema\/logo\/image\/"}}]}},"_links":{"self":[{"href":"https:\/\/www.pinnoitushelin.fi\/en\/wp-json\/wp\/v2\/pages\/2547","targetHints":{"allow":["GET"]}}],"collection":[{"href":"https:\/\/www.pinnoitushelin.fi\/en\/wp-json\/wp\/v2\/pages"}],"about":[{"href":"https:\/\/www.pinnoitushelin.fi\/en\/wp-json\/wp\/v2\/types\/page"}],"author":[{"embeddable":true,"href":"https:\/\/www.pinnoitushelin.fi\/en\/wp-json\/wp\/v2\/users\/3"}],"replies":[{"embeddable":true,"href":"https:\/\/www.pinnoitushelin.fi\/en\/wp-json\/wp\/v2\/comments?post=2547"}],"version-history":[{"count":7,"href":"https:\/\/www.pinnoitushelin.fi\/en\/wp-json\/wp\/v2\/pages\/2547\/revisions"}],"predecessor-version":[{"id":3392,"href":"https:\/\/www.pinnoitushelin.fi\/en\/wp-json\/wp\/v2\/pages\/2547\/revisions\/3392"}],"up":[{"embeddable":true,"href":"https:\/\/www.pinnoitushelin.fi\/en\/wp-json\/wp\/v2\/pages\/2540"}],"wp:attachment":[{"href":"https:\/\/www.pinnoitushelin.fi\/en\/wp-json\/wp\/v2\/media?parent=2547"}],"curies":[{"name":"wp","href":"https:\/\/api.w.org\/{rel}","templated":true}]}}