{"id":2499,"date":"2024-06-19T23:31:22","date_gmt":"2024-06-19T21:31:22","guid":{"rendered":"https:\/\/www.pinnoitushelin.fi\/industries\/health-technology-industry\/"},"modified":"2024-07-29T20:21:35","modified_gmt":"2024-07-29T18:21:35","slug":"health-technology-industry","status":"publish","type":"page","link":"https:\/\/www.pinnoitushelin.fi\/en\/industries\/health-technology-industry\/","title":{"rendered":"Health technology industry"},"content":{"rendered":"<div class=\"wpb-content-wrapper\"><p>[vc_row css=&#8221;.vc_custom_1717739529951{margin-bottom: 40px !important;}&#8221;][vc_column][vc_column_text css=&#8221;&#8221;]<\/p>\n<h3>For health technology products, our services guarantee corrosion protection, better and cleaner appearance, wear resistance, and improved hygiene.<\/h3>\n<p>We provide anodising of aluminium components for equipment, corrosion protection for equipment frame structures, and anodising of signs and equipment faceplates prior to laser or stamp marking. We can colour anodise even the most demanding parts in a range of shades using our versatile line, allowing parts to be cost-effectively and accurately coloured to withstand even the most rigorous cleaning methods. For galvanising, we offer high quality electro-galvanising in compliance with the RoHS Directive. Thanks to our flexible production, we can also produce small batches cost-effectively.<\/p>\n<h3>The most popular coating technologies in the industry<\/h3>\n<p><a href=\"\/en\/coating-techniques\/anodising\/\">Anodising<\/a><\/p>\n<p><a href=\"\/en\/coating-techniques\/aluminium-passivation\/\">Aluminium passivation<\/a><\/p>\n<p><a href=\"\/en\/coating-techniques\/electrogalvanising\/\">Electrogalvanising<\/a>[\/vc_column_text][\/vc_column][\/vc_row][vc_row][vc_column]<style type=\"text\/css\" data-type=\"the7_shortcodes-inline-css\">.gallery-shortcode.gallery-masonry-shortcode-id-41009acfe95273fec2866f629f854d5c figure,\n.gallery-shortcode.gallery-masonry-shortcode-id-41009acfe95273fec2866f629f854d5c .rollover,\n.gallery-shortcode.gallery-masonry-shortcode-id-41009acfe95273fec2866f629f854d5c img,\n.gallery-shortcode.gallery-masonry-shortcode-id-41009acfe95273fec2866f629f854d5c .gallery-rollover {\n  border-radius: 0px;\n}\n.gallery-shortcode.gallery-masonry-shortcode-id-41009acfe95273fec2866f629f854d5c.enable-bg-rollover .gallery-rollover {\n  background: -webkit-linear-gradient();\n  background: linear-gradient();\n}\n.gallery-shortcode.gallery-masonry-shortcode-id-41009acfe95273fec2866f629f854d5c.enable-bg-rollover.hover-scale figure .rollover:after {\n  background: -webkit-linear-gradient();\n  background: linear-gradient();\n}\n.gallery-shortcode.gallery-masonry-shortcode-id-41009acfe95273fec2866f629f854d5c .gallery-zoom-ico {\n  width: 44px;\n  height: 44px;\n  line-height: 44px;\n  border-radius: 100px;\n  margin: -22px 0 0 -22px;\n  border-width: 0px;\n  color: #ffffff;\n}\n.dt-icon-bg-on.gallery-shortcode.gallery-masonry-shortcode-id-41009acfe95273fec2866f629f854d5c .gallery-zoom-ico {\n  background: rgba(255,255,255,0.3);\n  box-shadow: none;\n}\n.gallery-shortcode.gallery-masonry-shortcode-id-41009acfe95273fec2866f629f854d5c .gallery-zoom-ico:before,\n.gallery-shortcode.gallery-masonry-shortcode-id-41009acfe95273fec2866f629f854d5c .gallery-zoom-ico span {\n  font-size: 32px;\n  line-height: 44px;\n  color: #ffffff;\n}\n.gallery-shortcode.gallery-masonry-shortcode-id-41009acfe95273fec2866f629f854d5c:not(.resize-by-browser-width) .dt-css-grid {\n  grid-row-gap: 10px;\n  grid-column-gap: 10px;\n  grid-template-columns: repeat(auto-fill,minmax(,1fr));\n}\n.gallery-shortcode.gallery-masonry-shortcode-id-41009acfe95273fec2866f629f854d5c:not(.resize-by-browser-width) .dt-css-grid .double-width {\n  grid-column: span 2;\n}\n.cssgridlegacy.no-cssgrid .gallery-shortcode.gallery-masonry-shortcode-id-41009acfe95273fec2866f629f854d5c:not(.resize-by-browser-width) .dt-css-grid,\n.no-cssgridlegacy.no-cssgrid .gallery-shortcode.gallery-masonry-shortcode-id-41009acfe95273fec2866f629f854d5c:not(.resize-by-browser-width) .dt-css-grid {\n  display: flex;\n  flex-flow: row wrap;\n  margin: -5px;\n}\n.cssgridlegacy.no-cssgrid .gallery-shortcode.gallery-masonry-shortcode-id-41009acfe95273fec2866f629f854d5c:not(.resize-by-browser-width) .dt-css-grid .wf-cell,\n.no-cssgridlegacy.no-cssgrid .gallery-shortcode.gallery-masonry-shortcode-id-41009acfe95273fec2866f629f854d5c:not(.resize-by-browser-width) .dt-css-grid .wf-cell {\n  flex: 1 0 ;\n  max-width: 100%;\n  padding: 5px;\n  box-sizing: border-box;\n}\n.gallery-shortcode.gallery-masonry-shortcode-id-41009acfe95273fec2866f629f854d5c.resize-by-browser-width .dt-css-grid {\n  grid-template-columns: repeat(2,1fr);\n  grid-template-rows: auto;\n  grid-column-gap: 10px;\n  grid-row-gap: 10px;\n}\n.gallery-shortcode.gallery-masonry-shortcode-id-41009acfe95273fec2866f629f854d5c.resize-by-browser-width .dt-css-grid .double-width {\n  grid-column: span 2;\n}\n.cssgridlegacy.no-cssgrid .gallery-shortcode.gallery-masonry-shortcode-id-41009acfe95273fec2866f629f854d5c.resize-by-browser-width .dt-css-grid {\n  margin: -5px;\n}\n.cssgridlegacy.no-cssgrid .gallery-shortcode.gallery-masonry-shortcode-id-41009acfe95273fec2866f629f854d5c.resize-by-browser-width .dt-css-grid .wf-cell {\n  width: 50%;\n  padding: 5px;\n}\n.cssgridlegacy.no-cssgrid .gallery-shortcode.gallery-masonry-shortcode-id-41009acfe95273fec2866f629f854d5c.resize-by-browser-width .dt-css-grid .wf-cell.double-width {\n  width: calc(50%) * 2;\n}\n.gallery-shortcode.gallery-masonry-shortcode-id-41009acfe95273fec2866f629f854d5c.resize-by-browser-width:not(.centered-layout-list):not(.content-bg-on) .dt-css-grid {\n  grid-row-gap: 10px - ;\n}\n@media screen and (max-width: 1199px) {\n  .gallery-shortcode.gallery-masonry-shortcode-id-41009acfe95273fec2866f629f854d5c.resize-by-browser-width .dt-css-grid {\n    grid-template-columns: repeat(2,1fr);\n  }\n  .cssgridlegacy.no-cssgrid .gallery-shortcode.gallery-masonry-shortcode-id-41009acfe95273fec2866f629f854d5c.resize-by-browser-width .dt-css-grid .wf-cell,\n  .no-cssgridlegacy.no-cssgrid .gallery-shortcode.gallery-masonry-shortcode-id-41009acfe95273fec2866f629f854d5c.resize-by-browser-width .dt-css-grid .wf-cell {\n    width: 50%;\n  }\n  .cssgridlegacy.no-cssgrid .gallery-shortcode.gallery-masonry-shortcode-id-41009acfe95273fec2866f629f854d5c.resize-by-browser-width .dt-css-grid .wf-cell.double-width,\n  .no-cssgridlegacy.no-cssgrid .gallery-shortcode.gallery-masonry-shortcode-id-41009acfe95273fec2866f629f854d5c.resize-by-browser-width .dt-css-grid .wf-cell.double-width {\n    width: calc(50%)*2;\n  }\n}\n@media screen and (max-width: 991px) {\n  .gallery-shortcode.gallery-masonry-shortcode-id-41009acfe95273fec2866f629f854d5c.resize-by-browser-width .dt-css-grid {\n    grid-template-columns: repeat(1,1fr);\n  }\n  .cssgridlegacy.no-cssgrid .gallery-shortcode.gallery-masonry-shortcode-id-41009acfe95273fec2866f629f854d5c.resize-by-browser-width .dt-css-grid .wf-cell,\n  .no-cssgridlegacy.no-cssgrid .gallery-shortcode.gallery-masonry-shortcode-id-41009acfe95273fec2866f629f854d5c.resize-by-browser-width .dt-css-grid .wf-cell {\n    width: 100%;\n  }\n  .cssgridlegacy.no-cssgrid .gallery-shortcode.gallery-masonry-shortcode-id-41009acfe95273fec2866f629f854d5c.resize-by-browser-width .dt-css-grid .wf-cell.double-width,\n  .no-cssgridlegacy.no-cssgrid .gallery-shortcode.gallery-masonry-shortcode-id-41009acfe95273fec2866f629f854d5c.resize-by-browser-width .dt-css-grid .wf-cell.double-width {\n    width: calc(100%)*2;\n  }\n}\n@media screen and (max-width: 767px) {\n  .gallery-shortcode.gallery-masonry-shortcode-id-41009acfe95273fec2866f629f854d5c.resize-by-browser-width .dt-css-grid {\n    grid-template-columns: repeat(1,1fr);\n  }\n  .cssgridlegacy.no-cssgrid .gallery-shortcode.gallery-masonry-shortcode-id-41009acfe95273fec2866f629f854d5c.resize-by-browser-width .dt-css-grid .wf-cell,\n  .no-cssgridlegacy.no-cssgrid .gallery-shortcode.gallery-masonry-shortcode-id-41009acfe95273fec2866f629f854d5c.resize-by-browser-width .dt-css-grid .wf-cell {\n    width: 100%;\n  }\n  .cssgridlegacy.no-cssgrid .gallery-shortcode.gallery-masonry-shortcode-id-41009acfe95273fec2866f629f854d5c.resize-by-browser-width .dt-css-grid .wf-cell.double-width,\n  .no-cssgridlegacy.no-cssgrid .gallery-shortcode.gallery-masonry-shortcode-id-41009acfe95273fec2866f629f854d5c.resize-by-browser-width .dt-css-grid .wf-cell.double-width {\n    width: calc(100%)*2;\n  }\n}<\/style><div class=\"gallery-shortcode dt-gallery-container gallery-masonry-shortcode-id-41009acfe95273fec2866f629f854d5c mode-masonry jquery-filter dt-icon-bg-off quick-scale-img enable-bg-rollover resize-by-browser-width  hover-fade loading-effect-none description-on-hover\" data-padding=\"5px\" data-cur-page=\"1\" data-post-limit=\"-1\" data-pagination-mode=\"none\" data-desktop-columns-num=\"2\" data-v-tablet-columns-num=\"1\" data-h-tablet-columns-num=\"2\" data-phone-columns-num=\"1\" data-width=\"0px\" data-columns=\"0\"><div class=\"iso-container\" ><div class=\"wf-cell iso-item\" data-post-id=\"2341\" data-date=\"2024-06-19T23:31:02+02:00\" data-name=\"pinnoitushelin_terveysteknologia-1\"><figure class=\"post visible\"><a href=\"https:\/\/www.pinnoitushelin.fi\/wp-content\/uploads\/2024\/06\/pinnoitushelin_terveysteknologia-1.jpg\" class=\"rollover dt-pswp-item layzr-bg\" data-large_image_width=\"1200\" data-large_image_height=\"800\" data-dt-img-description=\"\" title=\"pinnoitushelin_terveysteknologia-1\"><img fetchpriority=\"high\" decoding=\"async\" class=\"preload-me iso-lazy-load aspect\" src=\"data:image\/svg+xml,%3Csvg%20xmlns%3D&#39;http%3A%2F%2Fwww.w3.org%2F2000%2Fsvg&#39;%20viewBox%3D&#39;0%200%20990%20660&#39;%2F%3E\" data-src=\"https:\/\/www.pinnoitushelin.fi\/wp-content\/uploads\/2024\/06\/pinnoitushelin_terveysteknologia-1-990x660.jpg\" data-srcset=\"https:\/\/www.pinnoitushelin.fi\/wp-content\/uploads\/2024\/06\/pinnoitushelin_terveysteknologia-1-990x660.jpg 990w, https:\/\/www.pinnoitushelin.fi\/wp-content\/uploads\/2024\/06\/pinnoitushelin_terveysteknologia-1.jpg 1200w\" loading=\"eager\" style=\"--ratio: 990 \/ 660\" sizes=\"(max-width: 990px) 100vw, 990px\" alt=\"\" width=\"990\" height=\"660\"  \/><span class=\"gallery-rollover\"><span class=\"gallery-zoom-ico icomoon-the7-font-the7-zoom-06\"><span><\/span><\/span><\/span><\/a><\/figure><\/div><div class=\"wf-cell iso-item\" data-post-id=\"2344\" data-date=\"2024-06-19T23:31:03+02:00\" data-name=\"pinnoitushelin_terveysteknologia-2\"><figure class=\"post visible\"><a href=\"https:\/\/www.pinnoitushelin.fi\/wp-content\/uploads\/2024\/06\/pinnoitushelin_terveysteknologia-2.jpg\" class=\"rollover dt-pswp-item layzr-bg\" data-large_image_width=\"1200\" data-large_image_height=\"800\" data-dt-img-description=\"\" title=\"pinnoitushelin_terveysteknologia-2\"><img decoding=\"async\" class=\"preload-me iso-lazy-load aspect\" src=\"data:image\/svg+xml,%3Csvg%20xmlns%3D&#39;http%3A%2F%2Fwww.w3.org%2F2000%2Fsvg&#39;%20viewBox%3D&#39;0%200%20990%20660&#39;%2F%3E\" data-src=\"https:\/\/www.pinnoitushelin.fi\/wp-content\/uploads\/2024\/06\/pinnoitushelin_terveysteknologia-2-990x660.jpg\" data-srcset=\"https:\/\/www.pinnoitushelin.fi\/wp-content\/uploads\/2024\/06\/pinnoitushelin_terveysteknologia-2-990x660.jpg 990w, https:\/\/www.pinnoitushelin.fi\/wp-content\/uploads\/2024\/06\/pinnoitushelin_terveysteknologia-2.jpg 1200w\" loading=\"eager\" style=\"--ratio: 990 \/ 660\" sizes=\"(max-width: 990px) 100vw, 990px\" alt=\"\" width=\"990\" height=\"660\"  \/><span class=\"gallery-rollover\"><span class=\"gallery-zoom-ico icomoon-the7-font-the7-zoom-06\"><span><\/span><\/span><\/span><\/a><\/figure><\/div><\/div><!-- iso-container|iso-grid --><\/div>[\/vc_column][\/vc_row]<\/p>\n<\/div>","protected":false},"excerpt":{"rendered":"<p>[vc_row css=&#8221;.vc_custom_1717739529951{margin-bottom: 40px !important;}&#8221;][vc_column][vc_column_text css=&#8221;&#8221;] For health technology products, our services guarantee corrosion protection, better and cleaner appearance, wear resistance, and improved hygiene. We provide anodising of aluminium components for equipment, corrosion protection for equipment frame structures, and anodising of signs and equipment faceplates prior to laser or stamp marking. We can colour anodise even&hellip;<\/p>\n","protected":false},"author":3,"featured_media":0,"parent":2495,"menu_order":32,"comment_status":"closed","ping_status":"closed","template":"","meta":{"footnotes":""},"class_list":["post-2499","page","type-page","status-publish","hentry","description-off"],"yoast_head":"<!-- This site is optimized with the Yoast SEO plugin v27.4 - https:\/\/yoast.com\/product\/yoast-seo-wordpress\/ -->\n<title>Health technology industry - Pinnoitus Helin Oy<\/title>\n<meta name=\"description\" content=\"For health technology products, our services guarantee corrosion protection, better and cleaner appearance, wear resistance, and improved hygiene.\" \/>\n<meta name=\"robots\" content=\"index, follow, max-snippet:-1, max-image-preview:large, max-video-preview:-1\" \/>\n<link rel=\"canonical\" href=\"https:\/\/www.pinnoitushelin.fi\/en\/industries\/health-technology-industry\/\" \/>\n<meta property=\"og:locale\" content=\"en_US\" \/>\n<meta property=\"og:type\" content=\"article\" \/>\n<meta property=\"og:title\" content=\"Health technology industry - Pinnoitus Helin Oy\" \/>\n<meta property=\"og:description\" content=\"For health technology products, our services guarantee corrosion protection, better and cleaner appearance, wear resistance, and improved hygiene.\" \/>\n<meta property=\"og:url\" content=\"https:\/\/www.pinnoitushelin.fi\/en\/industries\/health-technology-industry\/\" \/>\n<meta property=\"og:site_name\" content=\"Pinnoitus Helin Oy\" \/>\n<meta property=\"article:modified_time\" content=\"2024-07-29T18:21:35+00:00\" \/>\n<meta name=\"twitter:card\" content=\"summary_large_image\" \/>\n<meta name=\"twitter:label1\" content=\"Est. reading time\" \/>\n\t<meta name=\"twitter:data1\" content=\"2 minutes\" \/>\n<script type=\"application\/ld+json\" class=\"yoast-schema-graph\">{\"@context\":\"https:\\\/\\\/schema.org\",\"@graph\":[{\"@type\":\"WebPage\",\"@id\":\"https:\\\/\\\/www.pinnoitushelin.fi\\\/en\\\/industries\\\/health-technology-industry\\\/\",\"url\":\"https:\\\/\\\/www.pinnoitushelin.fi\\\/en\\\/industries\\\/health-technology-industry\\\/\",\"name\":\"Health technology industry - Pinnoitus Helin Oy\",\"isPartOf\":{\"@id\":\"https:\\\/\\\/www.pinnoitushelin.fi\\\/en\\\/#website\"},\"datePublished\":\"2024-06-19T21:31:22+00:00\",\"dateModified\":\"2024-07-29T18:21:35+00:00\",\"description\":\"For health technology products, our services guarantee corrosion protection, better and cleaner appearance, wear resistance, and improved hygiene.\",\"breadcrumb\":{\"@id\":\"https:\\\/\\\/www.pinnoitushelin.fi\\\/en\\\/industries\\\/health-technology-industry\\\/#breadcrumb\"},\"inLanguage\":\"en-US\",\"potentialAction\":[{\"@type\":\"ReadAction\",\"target\":[\"https:\\\/\\\/www.pinnoitushelin.fi\\\/en\\\/industries\\\/health-technology-industry\\\/\"]}]},{\"@type\":\"BreadcrumbList\",\"@id\":\"https:\\\/\\\/www.pinnoitushelin.fi\\\/en\\\/industries\\\/health-technology-industry\\\/#breadcrumb\",\"itemListElement\":[{\"@type\":\"ListItem\",\"position\":1,\"name\":\"Etusivu\",\"item\":\"https:\\\/\\\/www.pinnoitushelin.fi\\\/en\\\/\"},{\"@type\":\"ListItem\",\"position\":2,\"name\":\"Industries\",\"item\":\"https:\\\/\\\/www.pinnoitushelin.fi\\\/en\\\/industries\\\/\"},{\"@type\":\"ListItem\",\"position\":3,\"name\":\"Health technology industry\"}]},{\"@type\":\"WebSite\",\"@id\":\"https:\\\/\\\/www.pinnoitushelin.fi\\\/en\\\/#website\",\"url\":\"https:\\\/\\\/www.pinnoitushelin.fi\\\/en\\\/\",\"name\":\"Pinnoitus Helin Oy\",\"description\":\"Teknist\u00e4 pintak\u00e4sittely\u00e4 monipuolisesti ja tasalaatuisesti.\",\"publisher\":{\"@id\":\"https:\\\/\\\/www.pinnoitushelin.fi\\\/en\\\/#organization\"},\"potentialAction\":[{\"@type\":\"SearchAction\",\"target\":{\"@type\":\"EntryPoint\",\"urlTemplate\":\"https:\\\/\\\/www.pinnoitushelin.fi\\\/en\\\/?s={search_term_string}\"},\"query-input\":{\"@type\":\"PropertyValueSpecification\",\"valueRequired\":true,\"valueName\":\"search_term_string\"}}],\"inLanguage\":\"en-US\"},{\"@type\":\"Organization\",\"@id\":\"https:\\\/\\\/www.pinnoitushelin.fi\\\/en\\\/#organization\",\"name\":\"Pinnoitus Helin Oy\",\"url\":\"https:\\\/\\\/www.pinnoitushelin.fi\\\/en\\\/\",\"logo\":{\"@type\":\"ImageObject\",\"inLanguage\":\"en-US\",\"@id\":\"https:\\\/\\\/www.pinnoitushelin.fi\\\/en\\\/#\\\/schema\\\/logo\\\/image\\\/\",\"url\":\"https:\\\/\\\/www.pinnoitushelin.fi\\\/wp-content\\\/uploads\\\/2024\\\/05\\\/logoa.png\",\"contentUrl\":\"https:\\\/\\\/www.pinnoitushelin.fi\\\/wp-content\\\/uploads\\\/2024\\\/05\\\/logoa.png\",\"width\":331,\"height\":105,\"caption\":\"Pinnoitus Helin Oy\"},\"image\":{\"@id\":\"https:\\\/\\\/www.pinnoitushelin.fi\\\/en\\\/#\\\/schema\\\/logo\\\/image\\\/\"}}]}<\/script>\n<!-- \/ Yoast SEO plugin. -->","yoast_head_json":{"title":"Health technology industry - Pinnoitus Helin Oy","description":"For health technology products, our services guarantee corrosion protection, better and cleaner appearance, wear resistance, and improved hygiene.","robots":{"index":"index","follow":"follow","max-snippet":"max-snippet:-1","max-image-preview":"max-image-preview:large","max-video-preview":"max-video-preview:-1"},"canonical":"https:\/\/www.pinnoitushelin.fi\/en\/industries\/health-technology-industry\/","og_locale":"en_US","og_type":"article","og_title":"Health technology industry - Pinnoitus Helin Oy","og_description":"For health technology products, our services guarantee corrosion protection, better and cleaner appearance, wear resistance, and improved hygiene.","og_url":"https:\/\/www.pinnoitushelin.fi\/en\/industries\/health-technology-industry\/","og_site_name":"Pinnoitus Helin Oy","article_modified_time":"2024-07-29T18:21:35+00:00","twitter_card":"summary_large_image","twitter_misc":{"Est. reading time":"2 minutes"},"schema":{"@context":"https:\/\/schema.org","@graph":[{"@type":"WebPage","@id":"https:\/\/www.pinnoitushelin.fi\/en\/industries\/health-technology-industry\/","url":"https:\/\/www.pinnoitushelin.fi\/en\/industries\/health-technology-industry\/","name":"Health technology industry - Pinnoitus Helin Oy","isPartOf":{"@id":"https:\/\/www.pinnoitushelin.fi\/en\/#website"},"datePublished":"2024-06-19T21:31:22+00:00","dateModified":"2024-07-29T18:21:35+00:00","description":"For health technology products, our services guarantee corrosion protection, better and cleaner appearance, wear resistance, and improved hygiene.","breadcrumb":{"@id":"https:\/\/www.pinnoitushelin.fi\/en\/industries\/health-technology-industry\/#breadcrumb"},"inLanguage":"en-US","potentialAction":[{"@type":"ReadAction","target":["https:\/\/www.pinnoitushelin.fi\/en\/industries\/health-technology-industry\/"]}]},{"@type":"BreadcrumbList","@id":"https:\/\/www.pinnoitushelin.fi\/en\/industries\/health-technology-industry\/#breadcrumb","itemListElement":[{"@type":"ListItem","position":1,"name":"Etusivu","item":"https:\/\/www.pinnoitushelin.fi\/en\/"},{"@type":"ListItem","position":2,"name":"Industries","item":"https:\/\/www.pinnoitushelin.fi\/en\/industries\/"},{"@type":"ListItem","position":3,"name":"Health technology industry"}]},{"@type":"WebSite","@id":"https:\/\/www.pinnoitushelin.fi\/en\/#website","url":"https:\/\/www.pinnoitushelin.fi\/en\/","name":"Pinnoitus Helin Oy","description":"Teknist\u00e4 pintak\u00e4sittely\u00e4 monipuolisesti ja tasalaatuisesti.","publisher":{"@id":"https:\/\/www.pinnoitushelin.fi\/en\/#organization"},"potentialAction":[{"@type":"SearchAction","target":{"@type":"EntryPoint","urlTemplate":"https:\/\/www.pinnoitushelin.fi\/en\/?s={search_term_string}"},"query-input":{"@type":"PropertyValueSpecification","valueRequired":true,"valueName":"search_term_string"}}],"inLanguage":"en-US"},{"@type":"Organization","@id":"https:\/\/www.pinnoitushelin.fi\/en\/#organization","name":"Pinnoitus Helin Oy","url":"https:\/\/www.pinnoitushelin.fi\/en\/","logo":{"@type":"ImageObject","inLanguage":"en-US","@id":"https:\/\/www.pinnoitushelin.fi\/en\/#\/schema\/logo\/image\/","url":"https:\/\/www.pinnoitushelin.fi\/wp-content\/uploads\/2024\/05\/logoa.png","contentUrl":"https:\/\/www.pinnoitushelin.fi\/wp-content\/uploads\/2024\/05\/logoa.png","width":331,"height":105,"caption":"Pinnoitus Helin Oy"},"image":{"@id":"https:\/\/www.pinnoitushelin.fi\/en\/#\/schema\/logo\/image\/"}}]}},"_links":{"self":[{"href":"https:\/\/www.pinnoitushelin.fi\/en\/wp-json\/wp\/v2\/pages\/2499","targetHints":{"allow":["GET"]}}],"collection":[{"href":"https:\/\/www.pinnoitushelin.fi\/en\/wp-json\/wp\/v2\/pages"}],"about":[{"href":"https:\/\/www.pinnoitushelin.fi\/en\/wp-json\/wp\/v2\/types\/page"}],"author":[{"embeddable":true,"href":"https:\/\/www.pinnoitushelin.fi\/en\/wp-json\/wp\/v2\/users\/3"}],"replies":[{"embeddable":true,"href":"https:\/\/www.pinnoitushelin.fi\/en\/wp-json\/wp\/v2\/comments?post=2499"}],"version-history":[{"count":0,"href":"https:\/\/www.pinnoitushelin.fi\/en\/wp-json\/wp\/v2\/pages\/2499\/revisions"}],"up":[{"embeddable":true,"href":"https:\/\/www.pinnoitushelin.fi\/en\/wp-json\/wp\/v2\/pages\/2495"}],"wp:attachment":[{"href":"https:\/\/www.pinnoitushelin.fi\/en\/wp-json\/wp\/v2\/media?parent=2499"}],"curies":[{"name":"wp","href":"https:\/\/api.w.org\/{rel}","templated":true}]}}