{"id":2483,"date":"2024-06-19T23:08:22","date_gmt":"2024-06-19T21:08:22","guid":{"rendered":"https:\/\/www.pinnoitushelin.fi\/coating-techniques\/hard-anodisation\/"},"modified":"2024-07-30T07:42:21","modified_gmt":"2024-07-30T05:42:21","slug":"hard-anodisation","status":"publish","type":"page","link":"https:\/\/www.pinnoitushelin.fi\/en\/coating-techniques\/hard-anodisation\/","title":{"rendered":"Hard-anodisation"},"content":{"rendered":"<div class=\"wpb-content-wrapper\"><p>[vc_row equal_height=&#8221;yes&#8221; content_placement=&#8221;middle&#8221; css=&#8221;.vc_custom_1717628348671{margin-bottom: 40px !important;}&#8221;][vc_column width=&#8221;1\/2&#8243; css=&#8221;.vc_custom_1717628091127{padding-bottom: 20px !important;}&#8221;][vc_column_text css=&#8221;&#8221;]Hard anodising is an excellent way to increase the wear resistance of a piece. Hard anodising forms a hard and very dense anodising layer on the aluminium surface. The surface is highly abrasion resistant and its friction can be further reduced by using ptfe sealing.[\/vc_column_text][\/vc_column][vc_column width=&#8221;1\/2&#8243;][vc_single_image image=&#8221;1995&#8243; img_size=&#8221;large&#8221; css=&#8221;&#8221;][\/vc_column][\/vc_row][vc_row equal_height=&#8221;yes&#8221; css=&#8221;.vc_custom_1718820603748{margin-bottom: 40px !important;}&#8221;][vc_column css=&#8221;.vc_custom_1717628059564{padding-bottom: 20px !important;}&#8221;][vc_column_text css=&#8221;&#8221;]<\/p>\n<h3>Hard anodising is a wear-resistant option<\/h3>\n<p>Hard anodising should be considered as an alternative to normal anodising for applications where there is a problem with wear. Depending slightly on the grade of aluminium and the thickness of the layer, the resulting surface is dark, very hard and guaranteed wear-resistant.<\/p>\n<h3>Standards:<\/h3>\n<ul>\n<li>Anodizing of aluminium and its alloys &#8211; Specification for hard oxidation (ISO 10074:2021)<\/li>\n<\/ul>\n<p>Contact us and order hard-anodizing from Pinnoitus Helin Oy.[\/vc_column_text][\/vc_column][\/vc_row][vc_row css=&#8221;.vc_custom_1717628491247{margin-bottom: 40px !important;}&#8221;][vc_column css=&#8221;.vc_custom_1717628059564{padding-bottom: 20px !important;}&#8221;][vc_column_text css=&#8221;&#8221;]<\/p>\n<h4>Contact us to inquire about the possibility of a sample.<\/h4>\n<h4>Ask more or submit a request for a quote<\/h4>\n<p>[\/vc_column_text][vc_row_inner equal_height=&#8221;yes&#8221; gap=&#8221;10&#8243; css=&#8221;.vc_custom_1718821200073{margin-top: 25px !important;}&#8221;][vc_column_inner width=&#8221;1\/5&#8243;]<style type=\"text\/css\" data-type=\"the7_shortcodes-inline-css\">#default-btn-c9e6a893832d815f771616eb83804464.ico-right-side > i {\n  margin-right: 0px;\n  margin-left: 8px;\n}\n#default-btn-c9e6a893832d815f771616eb83804464 > i {\n  margin-right: 8px;\n}<\/style><a href=\"tel:+358106174100\" class=\"default-btn-shortcode dt-btn dt-btn-m link-hover-off ico-right-side btn-inline-left \" id=\"default-btn-c9e6a893832d815f771616eb83804464\" style=\"width:200px;\" title=\"Soita meille\"><span>Coating hotline<\/span><i class=\"icomoon-the7-font-the7-phone-05\"><\/i><\/a>[\/vc_column_inner][vc_column_inner width=&#8221;1\/5&#8243;]<style type=\"text\/css\" data-type=\"the7_shortcodes-inline-css\">#default-btn-38402fa57a00de4d2199ce4834b5daf5.ico-right-side > i {\n  margin-right: 0px;\n  margin-left: 8px;\n}\n#default-btn-38402fa57a00de4d2199ce4834b5daf5 > i {\n  margin-right: 8px;\n}<\/style><a href=\"mailto:info@pinnoitushelin.fi?subject=Tarjouspyynt\u00f6\" class=\"default-btn-shortcode dt-btn dt-btn-m link-hover-off ico-right-side btn-inline-left \" id=\"default-btn-38402fa57a00de4d2199ce4834b5daf5\" style=\"width:200px;\" title=\"J\u00e4t\u00e4 tarjouspyynt\u00f6\"><span>Offer request<\/span><i class=\"icomoon-the7-font-the7-mail-01\"><\/i><\/a>[\/vc_column_inner][vc_column_inner width=&#8221;1\/5&#8243;]<style type=\"text\/css\" data-type=\"the7_shortcodes-inline-css\">#default-btn-7da1eff8502044f45f70ac935ddad799.ico-right-side > i {\n  margin-right: 0px;\n  margin-left: 8px;\n}\n#default-btn-7da1eff8502044f45f70ac935ddad799 > i {\n  margin-right: 8px;\n}<\/style><a href=\"\/yhteystiedot\/#yhteydenotto\" class=\"default-btn-shortcode dt-btn dt-btn-m link-hover-off ico-right-side btn-inline-left \" id=\"default-btn-7da1eff8502044f45f70ac935ddad799\" style=\"width:200px;\" title=\"J\u00e4t\u00e4 tarjouspyynt\u00f6\"><span>Contact us<\/span><i class=\"dt-icon-the7-menu-012\"><\/i><\/a>[\/vc_column_inner][vc_column_inner width=&#8221;1\/5&#8243;][\/vc_column_inner][vc_column_inner width=&#8221;1\/5&#8243;][\/vc_column_inner][\/vc_row_inner][\/vc_column][\/vc_row][vc_row][vc_column offset=&#8221;vc_hidden-md vc_hidden-sm vc_hidden-xs&#8221;][vc_empty_space height=&#8221;300px&#8221;][\/vc_column][\/vc_row][vc_row bg_type=&#8221;bg_color&#8221; bg_override=&#8221;full&#8221; css=&#8221;.vc_custom_1719351634384{margin-bottom: -30px !important;}&#8221;][vc_column offset=&#8221;vc_hidden-md vc_hidden-sm vc_hidden-xs&#8221;][vc_single_image image=&#8221;2134&#8243; img_size=&#8221;full&#8221; alignment=&#8221;right&#8221; css=&#8221;.vc_custom_1722244499456{margin-bottom: -125px !important;}&#8221; image_hovers=&#8221;false&#8221;][\/vc_column][\/vc_row][vc_row bg_type=&#8221;bg_color&#8221; bg_override=&#8221;full&#8221; css=&#8221;.vc_custom_1719351634384{margin-bottom: -30px !important;}&#8221;][vc_column offset=&#8221;vc_hidden-lg&#8221;][vc_single_image image=&#8221;2134&#8243; img_size=&#8221;full&#8221; alignment=&#8221;right&#8221; css=&#8221;.vc_custom_1722280218413{margin-bottom: -85px !important;}&#8221; image_hovers=&#8221;false&#8221;][\/vc_column][\/vc_row]<\/p>\n<\/div>","protected":false},"excerpt":{"rendered":"<p>[vc_row equal_height=&#8221;yes&#8221; content_placement=&#8221;middle&#8221; css=&#8221;.vc_custom_1717628348671{margin-bottom: 40px !important;}&#8221;][vc_column width=&#8221;1\/2&#8243; css=&#8221;.vc_custom_1717628091127{padding-bottom: 20px !important;}&#8221;][vc_column_text css=&#8221;&#8221;]Hard anodising is an excellent way to increase the wear resistance of a piece. Hard anodising forms a hard and very dense anodising layer on the aluminium surface. The surface is highly abrasion resistant and its friction can be further reduced by using ptfe sealing.[\/vc_column_text][\/vc_column][vc_column&hellip;<\/p>\n","protected":false},"author":3,"featured_media":0,"parent":2441,"menu_order":31,"comment_status":"closed","ping_status":"closed","template":"","meta":{"footnotes":""},"class_list":["post-2483","page","type-page","status-publish","hentry","description-off"],"yoast_head":"<!-- This site is optimized with the Yoast SEO plugin v27.4 - https:\/\/yoast.com\/product\/yoast-seo-wordpress\/ -->\n<title>Hard-anodisation - Pinnoitus Helin Oy<\/title>\n<meta name=\"description\" content=\"Hard anodising is an excellent way to increase the wear resistance of a piece. Hard anodising forms a hard and very dense anodising layer on the aluminium surface\" \/>\n<meta name=\"robots\" content=\"index, follow, max-snippet:-1, max-image-preview:large, max-video-preview:-1\" \/>\n<link rel=\"canonical\" href=\"https:\/\/www.pinnoitushelin.fi\/en\/coating-techniques\/hard-anodisation\/\" \/>\n<meta property=\"og:locale\" content=\"en_US\" \/>\n<meta property=\"og:type\" content=\"article\" \/>\n<meta property=\"og:title\" content=\"Hard-anodisation - Pinnoitus Helin Oy\" \/>\n<meta property=\"og:description\" content=\"Hard anodising is an excellent way to increase the wear resistance of a piece. Hard anodising forms a hard and very dense anodising layer on the aluminium surface\" \/>\n<meta property=\"og:url\" content=\"https:\/\/www.pinnoitushelin.fi\/en\/coating-techniques\/hard-anodisation\/\" \/>\n<meta property=\"og:site_name\" content=\"Pinnoitus Helin Oy\" \/>\n<meta property=\"article:modified_time\" content=\"2024-07-30T05:42:21+00:00\" \/>\n<meta name=\"twitter:card\" content=\"summary_large_image\" \/>\n<meta name=\"twitter:label1\" content=\"Est. reading time\" \/>\n\t<meta name=\"twitter:data1\" content=\"2 minutes\" \/>\n<script type=\"application\/ld+json\" class=\"yoast-schema-graph\">{\"@context\":\"https:\\\/\\\/schema.org\",\"@graph\":[{\"@type\":\"WebPage\",\"@id\":\"https:\\\/\\\/www.pinnoitushelin.fi\\\/en\\\/coating-techniques\\\/hard-anodisation\\\/\",\"url\":\"https:\\\/\\\/www.pinnoitushelin.fi\\\/en\\\/coating-techniques\\\/hard-anodisation\\\/\",\"name\":\"Hard-anodisation - Pinnoitus Helin Oy\",\"isPartOf\":{\"@id\":\"https:\\\/\\\/www.pinnoitushelin.fi\\\/en\\\/#website\"},\"datePublished\":\"2024-06-19T21:08:22+00:00\",\"dateModified\":\"2024-07-30T05:42:21+00:00\",\"description\":\"Hard anodising is an excellent way to increase the wear resistance of a piece. Hard anodising forms a hard and very dense anodising layer on the aluminium surface\",\"breadcrumb\":{\"@id\":\"https:\\\/\\\/www.pinnoitushelin.fi\\\/en\\\/coating-techniques\\\/hard-anodisation\\\/#breadcrumb\"},\"inLanguage\":\"en-US\",\"potentialAction\":[{\"@type\":\"ReadAction\",\"target\":[\"https:\\\/\\\/www.pinnoitushelin.fi\\\/en\\\/coating-techniques\\\/hard-anodisation\\\/\"]}]},{\"@type\":\"BreadcrumbList\",\"@id\":\"https:\\\/\\\/www.pinnoitushelin.fi\\\/en\\\/coating-techniques\\\/hard-anodisation\\\/#breadcrumb\",\"itemListElement\":[{\"@type\":\"ListItem\",\"position\":1,\"name\":\"Etusivu\",\"item\":\"https:\\\/\\\/www.pinnoitushelin.fi\\\/en\\\/\"},{\"@type\":\"ListItem\",\"position\":2,\"name\":\"Coating techniques\",\"item\":\"https:\\\/\\\/www.pinnoitushelin.fi\\\/en\\\/coating-techniques\\\/\"},{\"@type\":\"ListItem\",\"position\":3,\"name\":\"Hard-anodisation\"}]},{\"@type\":\"WebSite\",\"@id\":\"https:\\\/\\\/www.pinnoitushelin.fi\\\/en\\\/#website\",\"url\":\"https:\\\/\\\/www.pinnoitushelin.fi\\\/en\\\/\",\"name\":\"Pinnoitus Helin Oy\",\"description\":\"Teknist\u00e4 pintak\u00e4sittely\u00e4 monipuolisesti ja tasalaatuisesti.\",\"publisher\":{\"@id\":\"https:\\\/\\\/www.pinnoitushelin.fi\\\/en\\\/#organization\"},\"potentialAction\":[{\"@type\":\"SearchAction\",\"target\":{\"@type\":\"EntryPoint\",\"urlTemplate\":\"https:\\\/\\\/www.pinnoitushelin.fi\\\/en\\\/?s={search_term_string}\"},\"query-input\":{\"@type\":\"PropertyValueSpecification\",\"valueRequired\":true,\"valueName\":\"search_term_string\"}}],\"inLanguage\":\"en-US\"},{\"@type\":\"Organization\",\"@id\":\"https:\\\/\\\/www.pinnoitushelin.fi\\\/en\\\/#organization\",\"name\":\"Pinnoitus Helin Oy\",\"url\":\"https:\\\/\\\/www.pinnoitushelin.fi\\\/en\\\/\",\"logo\":{\"@type\":\"ImageObject\",\"inLanguage\":\"en-US\",\"@id\":\"https:\\\/\\\/www.pinnoitushelin.fi\\\/en\\\/#\\\/schema\\\/logo\\\/image\\\/\",\"url\":\"https:\\\/\\\/www.pinnoitushelin.fi\\\/wp-content\\\/uploads\\\/2024\\\/05\\\/logoa.png\",\"contentUrl\":\"https:\\\/\\\/www.pinnoitushelin.fi\\\/wp-content\\\/uploads\\\/2024\\\/05\\\/logoa.png\",\"width\":331,\"height\":105,\"caption\":\"Pinnoitus Helin Oy\"},\"image\":{\"@id\":\"https:\\\/\\\/www.pinnoitushelin.fi\\\/en\\\/#\\\/schema\\\/logo\\\/image\\\/\"}}]}<\/script>\n<!-- \/ Yoast SEO plugin. -->","yoast_head_json":{"title":"Hard-anodisation - Pinnoitus Helin Oy","description":"Hard anodising is an excellent way to increase the wear resistance of a piece. Hard anodising forms a hard and very dense anodising layer on the aluminium surface","robots":{"index":"index","follow":"follow","max-snippet":"max-snippet:-1","max-image-preview":"max-image-preview:large","max-video-preview":"max-video-preview:-1"},"canonical":"https:\/\/www.pinnoitushelin.fi\/en\/coating-techniques\/hard-anodisation\/","og_locale":"en_US","og_type":"article","og_title":"Hard-anodisation - Pinnoitus Helin Oy","og_description":"Hard anodising is an excellent way to increase the wear resistance of a piece. Hard anodising forms a hard and very dense anodising layer on the aluminium surface","og_url":"https:\/\/www.pinnoitushelin.fi\/en\/coating-techniques\/hard-anodisation\/","og_site_name":"Pinnoitus Helin Oy","article_modified_time":"2024-07-30T05:42:21+00:00","twitter_card":"summary_large_image","twitter_misc":{"Est. reading time":"2 minutes"},"schema":{"@context":"https:\/\/schema.org","@graph":[{"@type":"WebPage","@id":"https:\/\/www.pinnoitushelin.fi\/en\/coating-techniques\/hard-anodisation\/","url":"https:\/\/www.pinnoitushelin.fi\/en\/coating-techniques\/hard-anodisation\/","name":"Hard-anodisation - Pinnoitus Helin Oy","isPartOf":{"@id":"https:\/\/www.pinnoitushelin.fi\/en\/#website"},"datePublished":"2024-06-19T21:08:22+00:00","dateModified":"2024-07-30T05:42:21+00:00","description":"Hard anodising is an excellent way to increase the wear resistance of a piece. Hard anodising forms a hard and very dense anodising layer on the aluminium surface","breadcrumb":{"@id":"https:\/\/www.pinnoitushelin.fi\/en\/coating-techniques\/hard-anodisation\/#breadcrumb"},"inLanguage":"en-US","potentialAction":[{"@type":"ReadAction","target":["https:\/\/www.pinnoitushelin.fi\/en\/coating-techniques\/hard-anodisation\/"]}]},{"@type":"BreadcrumbList","@id":"https:\/\/www.pinnoitushelin.fi\/en\/coating-techniques\/hard-anodisation\/#breadcrumb","itemListElement":[{"@type":"ListItem","position":1,"name":"Etusivu","item":"https:\/\/www.pinnoitushelin.fi\/en\/"},{"@type":"ListItem","position":2,"name":"Coating techniques","item":"https:\/\/www.pinnoitushelin.fi\/en\/coating-techniques\/"},{"@type":"ListItem","position":3,"name":"Hard-anodisation"}]},{"@type":"WebSite","@id":"https:\/\/www.pinnoitushelin.fi\/en\/#website","url":"https:\/\/www.pinnoitushelin.fi\/en\/","name":"Pinnoitus Helin Oy","description":"Teknist\u00e4 pintak\u00e4sittely\u00e4 monipuolisesti ja tasalaatuisesti.","publisher":{"@id":"https:\/\/www.pinnoitushelin.fi\/en\/#organization"},"potentialAction":[{"@type":"SearchAction","target":{"@type":"EntryPoint","urlTemplate":"https:\/\/www.pinnoitushelin.fi\/en\/?s={search_term_string}"},"query-input":{"@type":"PropertyValueSpecification","valueRequired":true,"valueName":"search_term_string"}}],"inLanguage":"en-US"},{"@type":"Organization","@id":"https:\/\/www.pinnoitushelin.fi\/en\/#organization","name":"Pinnoitus Helin Oy","url":"https:\/\/www.pinnoitushelin.fi\/en\/","logo":{"@type":"ImageObject","inLanguage":"en-US","@id":"https:\/\/www.pinnoitushelin.fi\/en\/#\/schema\/logo\/image\/","url":"https:\/\/www.pinnoitushelin.fi\/wp-content\/uploads\/2024\/05\/logoa.png","contentUrl":"https:\/\/www.pinnoitushelin.fi\/wp-content\/uploads\/2024\/05\/logoa.png","width":331,"height":105,"caption":"Pinnoitus Helin Oy"},"image":{"@id":"https:\/\/www.pinnoitushelin.fi\/en\/#\/schema\/logo\/image\/"}}]}},"_links":{"self":[{"href":"https:\/\/www.pinnoitushelin.fi\/en\/wp-json\/wp\/v2\/pages\/2483","targetHints":{"allow":["GET"]}}],"collection":[{"href":"https:\/\/www.pinnoitushelin.fi\/en\/wp-json\/wp\/v2\/pages"}],"about":[{"href":"https:\/\/www.pinnoitushelin.fi\/en\/wp-json\/wp\/v2\/types\/page"}],"author":[{"embeddable":true,"href":"https:\/\/www.pinnoitushelin.fi\/en\/wp-json\/wp\/v2\/users\/3"}],"replies":[{"embeddable":true,"href":"https:\/\/www.pinnoitushelin.fi\/en\/wp-json\/wp\/v2\/comments?post=2483"}],"version-history":[{"count":2,"href":"https:\/\/www.pinnoitushelin.fi\/en\/wp-json\/wp\/v2\/pages\/2483\/revisions"}],"predecessor-version":[{"id":2784,"href":"https:\/\/www.pinnoitushelin.fi\/en\/wp-json\/wp\/v2\/pages\/2483\/revisions\/2784"}],"up":[{"embeddable":true,"href":"https:\/\/www.pinnoitushelin.fi\/en\/wp-json\/wp\/v2\/pages\/2441"}],"wp:attachment":[{"href":"https:\/\/www.pinnoitushelin.fi\/en\/wp-json\/wp\/v2\/media?parent=2483"}],"curies":[{"name":"wp","href":"https:\/\/api.w.org\/{rel}","templated":true}]}}